{"id":2840,"date":"2022-12-11T09:03:40","date_gmt":"2022-12-11T08:03:40","guid":{"rendered":"https:\/\/lions-pharmacy.com\/impressum"},"modified":"2024-01-05T08:14:28","modified_gmt":"2024-01-05T07:14:28","slug":"impressum","status":"publish","type":"page","link":"https:\/\/loewentestneu.metafex.io\/de\/impressum","title":{"rendered":"Impressum"},"content":{"rendered":"\t\t<div data-elementor-type=\"wp-page\" data-elementor-id=\"2840\" class=\"elementor elementor-2840 elementor-20\">\n\t\t\t\t\t\t<section class=\"elementor-section elementor-top-section elementor-element elementor-element-556343fe elementor-section-boxed elementor-section-height-default elementor-section-height-default\" data-id=\"556343fe\" data-element_type=\"section\">\n\t\t\t\t\t\t<div class=\"elementor-container elementor-column-gap-default\">\n\t\t\t\t\t<div class=\"elementor-column elementor-col-100 elementor-top-column elementor-element elementor-element-2ede5ef4\" data-id=\"2ede5ef4\" data-element_type=\"column\">\n\t\t\t<div class=\"elementor-widget-wrap elementor-element-populated\">\n\t\t\t\t\t\t<div class=\"elementor-element elementor-element-4b42cf08 elementor-widget elementor-widget-text-editor\" data-id=\"4b42cf08\" data-element_type=\"widget\" data-widget_type=\"text-editor.default\">\n\t\t\t\t<div class=\"elementor-widget-container\">\n\t\t\t\t\t\t\t\t\t<h4>ANGABEN GEM\u00c4SS ZIFF. 5 TELEMEDIENGESETZ (TMG)<\/h4>\n<p>Impressum: Lions Apotheke c\/o L\u00f6wen Apotheke. Inhaberin: Sandra Hoff<\/p>\n<div class=\"wp-block-columns\">\n<div class=\"wp-block-column\" style=\"flex-basis: 50%;\">\n<div class=\"wp-block-columns\">\n<div class=\"wp-block-column\">\n<figure class=\"wp-block-image size-full is-resized\"><img decoding=\"async\" class=\"wp-image-163 lazyload\" data-src=\"https:\/\/loewentestneu.metafex.io\/wp-content\/uploads\/2022\/12\/image.png\" alt=\"\" width=\"195\" height=\"57\" src=\"data:image\/svg+xml;base64,PHN2ZyB3aWR0aD0iMSIgaGVpZ2h0PSIxIiB4bWxucz0iaHR0cDovL3d3dy53My5vcmcvMjAwMC9zdmciPjwvc3ZnPg==\" style=\"--smush-placeholder-width: 195px; --smush-placeholder-aspect-ratio: 195\/57;\"><\/figure>\n<\/div>\n<div class=\"wp-block-column\">\n<figure class=\"wp-block-image size-full is-resized\"><img decoding=\"async\" class=\"wp-image-28 lazyload\" data-src=\"https:\/\/loewentestneu.metafex.io\/wp-content\/uploads\/2022\/12\/Logo-Lion-Pharmacy-c-o-Loewen-Apotheke-smal.jpg\" alt=\"Logo L\u00f6wen Apotheke c-o L\u00f6wen Apotheke klein\" width=\"181\" height=\"60\" src=\"data:image\/svg+xml;base64,PHN2ZyB3aWR0aD0iMSIgaGVpZ2h0PSIxIiB4bWxucz0iaHR0cDovL3d3dy53My5vcmcvMjAwMC9zdmciPjwvc3ZnPg==\" style=\"--smush-placeholder-width: 181px; --smush-placeholder-aspect-ratio: 181\/60;\"><\/figure>\n<\/div>\n<\/div>\n<\/div>\n<\/div>\n<p>Postanschrift: L\u00f6wen Apotheke | Sandra Hoff e.K. | Lichtentaler Str. 3 | 76530 Baden-Baden<\/p>\n<p>Handelsregister: HRA 200730<br \/>Registergericht: Mannheim<\/p>\n<h4>KONTAKT<\/h4>\n<p><strong>Kundenhotline<\/strong>: Beratungs- und Bestellm\u00f6glichkeiten sowie weitere Informationen unter:<br \/>Tel.: +49-(0)7221 \/ 395 374<\/p>\n<p>Sonstige Anfragen:<\/p>\n<p>Telefon: +49 7221 \/ 22 120<br \/>Telefax: +49 7221 \/ 23 875<br \/>E-Mail: info@loewen-apotheke24.de<\/p>\n<h4>UMSATZSTEUER-IDENTIFIKATIONSNUMMER<\/h4>\n<p>Umsatzsteuer-Identifikationsnummer gem\u00e4\u00df Ziff. \u00a7 27 a Umsatzsteuergesetz:<br \/>DE 219547975<\/p>\n<h4>AUFSICHTSBEH\u00d6RDE<\/h4>\n<p>Aufsichtsbeh\u00f6rde RP Karlsruhe<br \/>Aufsichtsbeh\u00f6rde:<br \/>Regierungspr\u00e4sidium Karlsruhe<br \/>76247 Karlsruhe, Tel.: 0721-9260<\/p>\n<p><a href=\"https:\/\/rp.baden-wuerttemberg.de\/rpk\/\">https:\/\/rp.baden-wuerttemberg.de\/rpk\/<\/a><\/p>\n<h4>BERUFSBEZEICHNUNG UND BERUFSORDNUNG<\/h4>\n<p>Berufsbezeichnung:<br \/>Apothekerin<\/p>\n<p>Zust\u00e4ndige Kammer<br \/>Landesapothekerkammer Baden-W\u00fcrttemberg<br \/>K\u00f6rperschaft des \u00f6ffentlichen Rechts<br \/>Villastra\u00dfe 1<br \/>70190 Stuttgart<\/p>\n<p>Die Erm\u00e4chtigung gem\u00e4\u00df<br \/>Deutschland<\/p>\n<p>Es gelten folgende berufsrechtliche Regelungen: Bundesrepublik Deutschland. Berufsordnung: Berufsordnung der Apothekerkammer, erh\u00e4ltlich bei der Apothekerkammer Berlin.<\/p>\n<p>Es gelten folgende berufsrechtliche Regelungen:<\/p>\n<p>Berufsbezeichnung: Apothekerin<br \/>Verf\u00fcgbar unter: <a href=\"https:\/\/www.lak-bw.de\/meta\/impressumberufsordnung.html\" target=\"_blank\" rel=\"noreferrer noopener\">https:\/\/www.lak-bw.de\/meta\/impressumberufsordnung.html<\/a><\/p>\n<p>Versandhandelslizenz:  <br \/><a href=\"https:\/\/versandhandel.dimdi.de\/websearch\/servlet\/Gate?accessid=dimdi_var&amp;term=3c387956690121ccc8763184f052b93f\" target=\"_blank\" rel=\"noreferrer noopener\">L\u00f6wen Apotheke<\/a><\/p>\n<figure class=\"wp-block-image size-full\"><a href=\"https:\/\/versandhandel.dimdi.de\/websearch\/servlet\/Gate?accessid=dimdi_var&amp;term=3c387956690121ccc8763184f052b93f\" target=\"_blank\" rel=\"noreferrer noopener\"><img decoding=\"async\" width=\"100\" height=\"100\" class=\"wp-image-142 lazyload\" title=\"DIMIDI\" data-src=\"https:\/\/loewentestneu.metafex.io\/wp-content\/uploads\/2022\/12\/DIMIDI.jpg\" alt=\"DIMIDI: Die L\u00f6wenapotheke ist registriert.\" data-srcset=\"https:\/\/loewentestneu.metafex.io\/wp-content\/uploads\/2022\/12\/DIMIDI.jpg 100w, https:\/\/loewentestneu.metafex.io\/wp-content\/uploads\/2022\/12\/DIMIDI-46x46.jpg 46w\" data-sizes=\"(max-width: 100px) 100vw, 100px\" src=\"data:image\/svg+xml;base64,PHN2ZyB3aWR0aD0iMSIgaGVpZ2h0PSIxIiB4bWxucz0iaHR0cDovL3d3dy53My5vcmcvMjAwMC9zdmciPjwvc3ZnPg==\" style=\"--smush-placeholder-width: 100px; --smush-placeholder-aspect-ratio: 100\/100;\" \/><\/a><\/figure>\n<h4>VERANTWORTLICH F\u00dcR DIE REDAKTION<\/h4>\n<p>Sandra Hoff, Lichtentaler Str. 3, D-76530 Baden-Baden<\/p>\n<h4>EU-STREITBEILEGUNG<\/h4>\n<p>Die Europ\u00e4ische Kommission stellt eine Plattform zur Online-Streitbeilegung (OS) bereit: <a href=\"https:\/\/ec.europa.eu\/consumers\/odr\/\" target=\"_blank\" rel=\"noreferrer noopener\">https:\/\/ec.europa.eu\/consumers\/odr\/<\/a>.<br \/>Unsere E-Mail-Adresse finden Sie oben im Impressum.<\/p>\n<h4>STREITBEILEGUNGSVERFAHREN VOR EINER VERBRAUCHERSCHLICHTUNGSSTELLE<\/h4>\n<p>Wir sind nicht bereit oder verpflichtet, an Streitbeilegungsverfahren vor einer Verbraucherschlichtungsstelle teilzunehmen.<\/p>\n<h4>LINKS HAFTUNG<\/h4>\n<p>Verzichtserkl\u00e4rung<\/p>\n<p>Die Inhalte unserer Seiten wurden mit gro\u00dfer Sorgfalt erstellt. F\u00fcr die Richtigkeit, Vollst\u00e4ndigkeit und Aktualit\u00e4t der Inhalte k\u00f6nnen wir jedoch keine Gew\u00e4hr \u00fcbernehmen. Als Diensteanbieter sind wir gem\u00e4\u00df \u00a7 7 Abs.1 TMG ist f\u00fcr eigene Inhalte auf diesen Seiten nach den allgemeinen Gesetzen verantwortlich. Nach \u00a7\u00a7 8 bis 10 TMG sind wir als Diensteanbieter jedoch nicht verpflichtet, \u00fcbermittelte oder gespeicherte fremde Informationen zu \u00fcberwachen oder nach Umst\u00e4nden zu forschen, die auf eine rechtswidrige T\u00e4tigkeit hinweisen. Verpflichtungen zur Entfernung oder Sperrung der Nutzung von Informationen nach den allgemeinen Gesetzen bleiben hiervon unber\u00fchrt. Eine diesbez\u00fcgliche Haftung ist jedoch erst ab dem Zeitpunkt der Kenntnis einer konkreten Rechtsverletzung m\u00f6glich. Bei Bekanntwerden von entsprechenden Rechtsverletzungen werden wir die betreffenden Inhalte umgehend entfernen.<\/p>\n<h4>WEITERE INFORMATIONEN<\/h4>\n<p>Urheberrecht:<\/p>\n<p>Die durch die Seitenbetreiber erstellten Inhalte und Werke auf diesen Seiten unterliegen dem deutschen Urheberrecht. Die Vervielf\u00e4ltigung, Bearbeitung, Verbreitung und jede Art der Verwertung au\u00dferhalb der Grenzen des Urheberrechtes bed\u00fcrfen der vorherigen schriftlichen Zustimmung des jeweiligen Autors. Downloads und Kopien dieser Seite sind nur f\u00fcr den privaten, nicht kommerziellen Gebrauch gestattet.<\/p>\n<p>Verweise und Links<\/p>\n<p>Wir m\u00f6chten ausdr\u00fccklich betonen, dass wir keinerlei Einfluss auf die Gestaltung und die Inhalte der gelinkten externen Seiten haben. Deshalb distanzieren wir uns hiermit ausdr\u00fccklich von allen Inhalten aller gelinkten Seiten auf unserer Homepage und machen uns deren Inhalte nicht zu eigen. Diese Erkl\u00e4rung gilt f\u00fcr alle auf unserer Homepage angebrachten Links!<\/p>\n<p>Bildagenturen<\/p>\n<p>Bildmaterial unter Lizenzierung von: Fotolia und Shutterstock<\/p>\n<p>Bilder &amp; Image Eigenproduktionen. Eine Vervielf\u00e4ltigung und Verbreitung ist nur mit ausdr\u00fccklicher schriftlicher Zustimmung des Autors gestattet.<\/p>\n\t\t\t\t\t\t\t\t<\/div>\n\t\t\t\t<\/div>\n\t\t\t\t\t<\/div>\n\t\t<\/div>\n\t\t\t\t\t<\/div>\n\t\t<\/section>\n\t\t\t\t<\/div>\n\t\t","protected":false},"excerpt":{"rendered":"<p>ANGABEN GEM\u00c4SS ZIFF. 5 TELEMEDIENGESETZ (TMG) Impressum: Lions Apotheke c\/o L\u00f6wen Apotheke. Inhaberin: Sandra Hoff Postanschrift: L\u00f6wen Apotheke | Sandra Hoff e.K. | Lichtentaler Str. 3 | 76530 Baden-Baden Handelsregister: HRA 200730Registergericht: Mannheim KONTAKT Kundenhotline: Beratungs- und Bestellm\u00f6glichkeiten sowie weitere Informationen unter:Tel.: +49-(0)7221 \/ 395 374 Sonstige Anfragen: Telefon: +49 7221 \/ 22 120Telefax: +49 [&hellip;]<\/p>\n","protected":false},"author":1,"featured_media":2843,"parent":0,"menu_order":0,"comment_status":"closed","ping_status":"closed","template":"","meta":{"footnotes":""},"class_list":["post-2840","page","type-page","status-publish","has-post-thumbnail","hentry"],"yoast_head":"<!-- This site is optimized with the Yoast SEO plugin v26.5 - https:\/\/yoast.com\/wordpress\/plugins\/seo\/ -->\n<title>Impressum &#187; L\u00f6wen Apotheke<\/title>\n<meta name=\"description\" content=\"Lion Pharmacy | pharmacie en ligne allemande enregistr\u00e9e | Exp\u00e9dition internationale rapide | Achats en ligne pratiques et s\u00fbrs | Impressum\" \/>\n<meta name=\"robots\" content=\"noindex, follow, max-snippet:-1, max-image-preview:large, max-video-preview:-1\" \/>\n<meta property=\"og:locale\" content=\"de_DE\" \/>\n<meta property=\"og:type\" content=\"article\" \/>\n<meta property=\"og:title\" content=\"Impressum &#187; L\u00f6wen Apotheke\" \/>\n<meta property=\"og:description\" content=\"Lion Pharmacy | pharmacie en ligne allemande enregistr\u00e9e | Exp\u00e9dition internationale rapide | Achats en ligne pratiques et s\u00fbrs | Impressum\" \/>\n<meta property=\"og:url\" content=\"https:\/\/loewentestneu.metafex.io\/de\/impressum\" \/>\n<meta property=\"og:site_name\" content=\"L\u00f6wen Apotheke\" \/>\n<meta property=\"article:modified_time\" content=\"2024-01-05T07:14:28+00:00\" \/>\n<meta property=\"og:image\" content=\"https:\/\/loewentestneu.metafex.io\/wp-content\/uploads\/2022\/12\/Logo-Lion-Pharmacy-c-o-Loewen-Apotheke-xs.jpg\" \/>\n\t<meta property=\"og:image:width\" content=\"150\" \/>\n\t<meta property=\"og:image:height\" content=\"49\" \/>\n\t<meta property=\"og:image:type\" content=\"image\/jpeg\" \/>\n<meta name=\"twitter:card\" content=\"summary_large_image\" \/>\n<meta name=\"twitter:label1\" content=\"Gesch\u00e4tzte Lesezeit\" \/>\n\t<meta name=\"twitter:data1\" content=\"2\u00a0Minuten\" \/>\n<script type=\"application\/ld+json\" class=\"yoast-schema-graph\">{\"@context\":\"https:\/\/schema.org\",\"@graph\":[{\"@type\":\"WebPage\",\"@id\":\"https:\/\/loewentestneu.metafex.io\/de\/impressum\",\"url\":\"https:\/\/loewentestneu.metafex.io\/de\/impressum\",\"name\":\"Impressum &#187; L\u00f6wen Apotheke\",\"isPartOf\":{\"@id\":\"https:\/\/loewentestneu.metafex.io\/de#website\"},\"primaryImageOfPage\":{\"@id\":\"https:\/\/loewentestneu.metafex.io\/de\/impressum#primaryimage\"},\"image\":{\"@id\":\"https:\/\/loewentestneu.metafex.io\/de\/impressum#primaryimage\"},\"thumbnailUrl\":\"https:\/\/loewentestneu.metafex.io\/wp-content\/uploads\/2022\/12\/Logo-Lion-Pharmacy-c-o-Loewen-Apotheke-xs.jpg\",\"datePublished\":\"2022-12-11T08:03:40+00:00\",\"dateModified\":\"2024-01-05T07:14:28+00:00\",\"description\":\"Lion Pharmacy | pharmacie en ligne allemande enregistr\u00e9e | Exp\u00e9dition internationale rapide | Achats en ligne pratiques et s\u00fbrs | Impressum\",\"breadcrumb\":{\"@id\":\"https:\/\/loewentestneu.metafex.io\/de\/impressum#breadcrumb\"},\"inLanguage\":\"de\",\"potentialAction\":[{\"@type\":\"ReadAction\",\"target\":[\"https:\/\/loewentestneu.metafex.io\/de\/impressum\"]}]},{\"@type\":\"ImageObject\",\"inLanguage\":\"de\",\"@id\":\"https:\/\/loewentestneu.metafex.io\/de\/impressum#primaryimage\",\"url\":\"https:\/\/loewentestneu.metafex.io\/wp-content\/uploads\/2022\/12\/Logo-Lion-Pharmacy-c-o-Loewen-Apotheke-xs.jpg\",\"contentUrl\":\"https:\/\/loewentestneu.metafex.io\/wp-content\/uploads\/2022\/12\/Logo-Lion-Pharmacy-c-o-Loewen-Apotheke-xs.jpg\",\"width\":150,\"height\":49,\"caption\":\"Logo Lions Pharmacy c-o L\u00f6wen Apotheke xs\"},{\"@type\":\"BreadcrumbList\",\"@id\":\"https:\/\/loewentestneu.metafex.io\/de\/impressum#breadcrumb\",\"itemListElement\":[{\"@type\":\"ListItem\",\"position\":1,\"name\":\"Home\",\"item\":\"https:\/\/loewentestneu.metafex.io\/de\/homepage-lion-pharmacy\"},{\"@type\":\"ListItem\",\"position\":2,\"name\":\"Impressum\"}]},{\"@type\":\"WebSite\",\"@id\":\"https:\/\/loewentestneu.metafex.io\/de#website\",\"url\":\"https:\/\/loewentestneu.metafex.io\/de\",\"name\":\"Lions Pharmacy\",\"description\":\"Ihr Spezialist f\u00fcr Naturheilkunde aus Baden-Baden, Germany\",\"publisher\":{\"@id\":\"https:\/\/loewentestneu.metafex.io\/de#organization\"},\"alternateName\":\"Lion Pharmacy\",\"potentialAction\":[{\"@type\":\"SearchAction\",\"target\":{\"@type\":\"EntryPoint\",\"urlTemplate\":\"https:\/\/loewentestneu.metafex.io\/de?s={search_term_string}\"},\"query-input\":{\"@type\":\"PropertyValueSpecification\",\"valueRequired\":true,\"valueName\":\"search_term_string\"}}],\"inLanguage\":\"de\"},{\"@type\":\"Organization\",\"@id\":\"https:\/\/loewentestneu.metafex.io\/de#organization\",\"name\":\"Lions Pharmacy\",\"alternateName\":\"Lions Pharmacy24\",\"url\":\"https:\/\/loewentestneu.metafex.io\/de\",\"logo\":{\"@type\":\"ImageObject\",\"inLanguage\":\"de\",\"@id\":\"https:\/\/loewentestneu.metafex.io\/de#\/schema\/logo\/image\/\",\"url\":\"https:\/\/loewentestneu.metafex.io\/wp-content\/uploads\/2022\/12\/Logo-Lion-Pharmacy-c-o-Loewen-Apotheke-smal.jpg\",\"contentUrl\":\"https:\/\/loewentestneu.metafex.io\/wp-content\/uploads\/2022\/12\/Logo-Lion-Pharmacy-c-o-Loewen-Apotheke-smal.jpg\",\"width\":298,\"height\":99,\"caption\":\"Lions Pharmacy\"},\"image\":{\"@id\":\"https:\/\/loewentestneu.metafex.io\/de#\/schema\/logo\/image\/\"}}]}<\/script>\n<!-- \/ Yoast SEO plugin. -->","yoast_head_json":{"title":"Impressum &#187; L\u00f6wen Apotheke","description":"Lion Pharmacy | pharmacie en ligne allemande enregistr\u00e9e | Exp\u00e9dition internationale rapide | Achats en ligne pratiques et s\u00fbrs | Impressum","robots":{"index":"noindex","follow":"follow","max-snippet":"max-snippet:-1","max-image-preview":"max-image-preview:large","max-video-preview":"max-video-preview:-1"},"og_locale":"de_DE","og_type":"article","og_title":"Impressum &#187; L\u00f6wen Apotheke","og_description":"Lion Pharmacy | pharmacie en ligne allemande enregistr\u00e9e | Exp\u00e9dition internationale rapide | Achats en ligne pratiques et s\u00fbrs | Impressum","og_url":"https:\/\/loewentestneu.metafex.io\/de\/impressum","og_site_name":"L\u00f6wen Apotheke","article_modified_time":"2024-01-05T07:14:28+00:00","og_image":[{"width":150,"height":49,"url":"https:\/\/loewentestneu.metafex.io\/wp-content\/uploads\/2022\/12\/Logo-Lion-Pharmacy-c-o-Loewen-Apotheke-xs.jpg","type":"image\/jpeg"}],"twitter_card":"summary_large_image","twitter_misc":{"Gesch\u00e4tzte Lesezeit":"2\u00a0Minuten"},"schema":{"@context":"https:\/\/schema.org","@graph":[{"@type":"WebPage","@id":"https:\/\/loewentestneu.metafex.io\/de\/impressum","url":"https:\/\/loewentestneu.metafex.io\/de\/impressum","name":"Impressum &#187; L\u00f6wen Apotheke","isPartOf":{"@id":"https:\/\/loewentestneu.metafex.io\/de#website"},"primaryImageOfPage":{"@id":"https:\/\/loewentestneu.metafex.io\/de\/impressum#primaryimage"},"image":{"@id":"https:\/\/loewentestneu.metafex.io\/de\/impressum#primaryimage"},"thumbnailUrl":"https:\/\/loewentestneu.metafex.io\/wp-content\/uploads\/2022\/12\/Logo-Lion-Pharmacy-c-o-Loewen-Apotheke-xs.jpg","datePublished":"2022-12-11T08:03:40+00:00","dateModified":"2024-01-05T07:14:28+00:00","description":"Lion Pharmacy | pharmacie en ligne allemande enregistr\u00e9e | Exp\u00e9dition internationale rapide | Achats en ligne pratiques et s\u00fbrs | Impressum","breadcrumb":{"@id":"https:\/\/loewentestneu.metafex.io\/de\/impressum#breadcrumb"},"inLanguage":"de","potentialAction":[{"@type":"ReadAction","target":["https:\/\/loewentestneu.metafex.io\/de\/impressum"]}]},{"@type":"ImageObject","inLanguage":"de","@id":"https:\/\/loewentestneu.metafex.io\/de\/impressum#primaryimage","url":"https:\/\/loewentestneu.metafex.io\/wp-content\/uploads\/2022\/12\/Logo-Lion-Pharmacy-c-o-Loewen-Apotheke-xs.jpg","contentUrl":"https:\/\/loewentestneu.metafex.io\/wp-content\/uploads\/2022\/12\/Logo-Lion-Pharmacy-c-o-Loewen-Apotheke-xs.jpg","width":150,"height":49,"caption":"Logo Lions Pharmacy c-o L\u00f6wen Apotheke xs"},{"@type":"BreadcrumbList","@id":"https:\/\/loewentestneu.metafex.io\/de\/impressum#breadcrumb","itemListElement":[{"@type":"ListItem","position":1,"name":"Home","item":"https:\/\/loewentestneu.metafex.io\/de\/homepage-lion-pharmacy"},{"@type":"ListItem","position":2,"name":"Impressum"}]},{"@type":"WebSite","@id":"https:\/\/loewentestneu.metafex.io\/de#website","url":"https:\/\/loewentestneu.metafex.io\/de","name":"Lions Pharmacy","description":"Ihr Spezialist f\u00fcr Naturheilkunde aus Baden-Baden, Germany","publisher":{"@id":"https:\/\/loewentestneu.metafex.io\/de#organization"},"alternateName":"Lion Pharmacy","potentialAction":[{"@type":"SearchAction","target":{"@type":"EntryPoint","urlTemplate":"https:\/\/loewentestneu.metafex.io\/de?s={search_term_string}"},"query-input":{"@type":"PropertyValueSpecification","valueRequired":true,"valueName":"search_term_string"}}],"inLanguage":"de"},{"@type":"Organization","@id":"https:\/\/loewentestneu.metafex.io\/de#organization","name":"Lions Pharmacy","alternateName":"Lions Pharmacy24","url":"https:\/\/loewentestneu.metafex.io\/de","logo":{"@type":"ImageObject","inLanguage":"de","@id":"https:\/\/loewentestneu.metafex.io\/de#\/schema\/logo\/image\/","url":"https:\/\/loewentestneu.metafex.io\/wp-content\/uploads\/2022\/12\/Logo-Lion-Pharmacy-c-o-Loewen-Apotheke-smal.jpg","contentUrl":"https:\/\/loewentestneu.metafex.io\/wp-content\/uploads\/2022\/12\/Logo-Lion-Pharmacy-c-o-Loewen-Apotheke-smal.jpg","width":298,"height":99,"caption":"Lions Pharmacy"},"image":{"@id":"https:\/\/loewentestneu.metafex.io\/de#\/schema\/logo\/image\/"}}]}},"_links":{"self":[{"href":"https:\/\/loewentestneu.metafex.io\/de\/wp-json\/wp\/v2\/pages\/2840","targetHints":{"allow":["GET"]}}],"collection":[{"href":"https:\/\/loewentestneu.metafex.io\/de\/wp-json\/wp\/v2\/pages"}],"about":[{"href":"https:\/\/loewentestneu.metafex.io\/de\/wp-json\/wp\/v2\/types\/page"}],"author":[{"embeddable":true,"href":"https:\/\/loewentestneu.metafex.io\/de\/wp-json\/wp\/v2\/users\/1"}],"replies":[{"embeddable":true,"href":"https:\/\/loewentestneu.metafex.io\/de\/wp-json\/wp\/v2\/comments?post=2840"}],"version-history":[{"count":0,"href":"https:\/\/loewentestneu.metafex.io\/de\/wp-json\/wp\/v2\/pages\/2840\/revisions"}],"wp:featuredmedia":[{"embeddable":true,"href":"https:\/\/loewentestneu.metafex.io\/de\/wp-json\/wp\/v2\/media\/2843"}],"wp:attachment":[{"href":"https:\/\/loewentestneu.metafex.io\/de\/wp-json\/wp\/v2\/media?parent=2840"}],"curies":[{"name":"wp","href":"https:\/\/api.w.org\/{rel}","templated":true}]}}