{"id":10198,"date":"2025-03-18T22:06:20","date_gmt":"2025-03-18T21:06:20","guid":{"rendered":"https:\/\/lions-pharmacy.com\/?post_type=product&#038;p=10198"},"modified":"2025-03-26T10:20:42","modified_gmt":"2025-03-26T09:20:42","slug":"bio-h-tin-hair-essentials-men-forte-30-pcs-19451691","status":"publish","type":"product","link":"https:\/\/loewentestneu.metafex.io\/de\/produkt\/bio-h-tin-hair-essentials-men-forte-30-pcs-19451691","title":{"rendered":"BIO-H-TIN Hair Essentials Men Forte (30 St\u00fcck)"},"content":{"rendered":"<h3>BIO-H-TIN Hair Essentials Men Forte<\/h3>\n<p>BIO-H-TIN Hair Essentials Men Forte wurde speziell f\u00fcr M\u00e4nnerhaar mit Biotin, Zink und Selen entwickelt. BIO-H-TIN Hair Essentials Men Forte hilft M\u00e4nnern, ihr nat\u00fcrliches Haar zu erhalten. Nahrungserg\u00e4nzungsmittel f\u00fcr M\u00e4nner.<\/p>\n<p>Die innovative Formel mit Biotin, Zink und Selen tr\u00e4gt zur Erhaltung von normalem Haar bei. Der zus\u00e4tzliche Inhaltsstoff Taurin vervollst\u00e4ndigt die Formel. Schon eine Kapsel pro Tag unterst\u00fctzt die Versorgung Ihres Haares mit wichtigen Mikron\u00e4hrstoffen &#8211; f\u00fcr mehr Vitalit\u00e4t und ein selbstbewusstes Auftreten.<\/p>\n<p>Packungsbeilage\/Gebrauchsanweisung\/Artikeldatenblatt: \u2013 (PDF-Reader)<\/p>\n<p>Andere Produkte f\u00fcr die Anwendung: <a href=\"https:\/\/loewentestneu.metafex.io\/product-tag\/homeopathy\" rel=\"tag\">Hom\u00f6opathie<\/a> | <a href=\"https:\/\/loewentestneu.metafex.io\/product-tag\/vitamins-supplements\">Vitamine &amp; Nahrungserg\u00e4nzungsmittel Produkte<\/a><\/p>\n<p>Erfahren Sie mehr \u00fcber den Hersteller und dieses Produkt: <a href=\"https:\/\/www.biohtin.de\/produkte\/hair-essentials-men-forte\" target=\"_blank\" rel=\"noopener\">Biothin<\/a> (Link zu externer Website) Dr. Pfleger Arzneimittel.<\/p>\n<p>Nahrungserg\u00e4nzungsmittel sind kein Ersatz f\u00fcr eine ausgewogene und abwechslungsreiche Ern\u00e4hrung und eine gesunde Lebensweise. \u00dcberschreiten Sie nicht die empfohlene Tagesdosis. Au\u00dferhalb der Reichweite von kleinen Kindern aufbewahren.<\/p>\n<p>Informationen auf dieser Website werden ausschlie\u00dflich f\u00fcr informative Zwecke zur Verf\u00fcgung gestellt. Sie ersetzen keinesfalls die Untersuchung und Behandlung durch einen Arzt. Bitte beachten Sie, dass hierdurch weder Diagnosen gestellt noch Therapien eingeleitet werden k\u00f6nnen.<\/p>\n<p>Zu Risiken und Nebenwirkungen lesen Sie die Packungsbeilage und fragen Sie Ihren Arzt oder Apotheker.<\/p>\n<p>&nbsp;<\/p>\n<h3>Verschreibung | E-Rezept erh\u00e4ltlich?<\/h3>\n<p>Reichen Sie jetzt Ihr E-Rezept ein. Nutzen Sie unsere <a href=\"https:\/\/e-rezept-app.de\/shop-rezept\" target=\"_blank\" rel=\"noopener\">E-Rezept-App<\/a> . Und wir schenken Ihnen die Versandkosten in Deutschland!<\/p>\n","protected":false},"excerpt":{"rendered":"<h2>BIO-H-TIN Hair Essentials<\/h2>\n<p>speziell entwickelt f\u00fcr M\u00e4nnerhaar mit Biotin, Zink und Selen.<\/p>\n<p>&nbsp;<\/p>\n<p><strong>PZN<\/strong>: 19451691<\/p>\n<p><strong>Darreichungsform<\/strong>: Kapseln<\/p>\n<p><strong>Packungsgr\u00f6\u00dfe<\/strong>: 30 St\u00fcck.<\/p>\n<p><strong>Verschreibungsart:<\/strong> verschreibungsfrei<\/p>\n<p><strong>Marke<\/strong>: BIO-H-TIN<\/p>\n<p><strong>Hersteller<\/strong>: Dr. Pfleger Arzneimittel GmbH, Deutschland<\/p>\n","protected":false},"featured_media":10193,"comment_status":"closed","ping_status":"closed","template":"","meta":[],"product_brand":[],"product_cat":[367,368],"product_tag":[434,433,381,386,472,474,429,432],"class_list":{"0":"post-10198","1":"product","2":"type-product","3":"status-publish","4":"has-post-thumbnail","6":"product_cat-sale-de","7":"product_cat-shop-de","8":"product_tag-gewicht-und-fitness","9":"product_tag-gewichtsmanagement","10":"product_tag-homoopathie","11":"product_tag-konzentration-stress","12":"product_tag-naturliche-heilmittel","13":"product_tag-pflanzlicher-wirkstoff","14":"product_tag-vitamine-und-nahrungserganzungsmittel","15":"product_tag-wellness-de","16":"ts_product_brand-alle","17":"ts_product_brand-bio-h-tin-de","19":"first","20":"instock","21":"sale","22":"taxable","23":"shipping-taxable","24":"purchasable","25":"product-type-simple"},"yoast_head":"<!-- This site is optimized with the Yoast SEO plugin v26.5 - https:\/\/yoast.com\/wordpress\/plugins\/seo\/ -->\n<title>BIO-H-TIN Hair Essentials Men Forte (30 St\u00fcck) &#187; Mehr erfahren<\/title>\n<meta name=\"description\" content=\"Registrierte deutsche Apotheke. Wir bieten: Schneller Versand weltweit und Top Service. Entdecken Sie dieses Produkt gegen Haarausfall BIO-H-TIN Hair Essentials Men Forte (30 St\u00fcck)\" \/>\n<meta name=\"robots\" content=\"noindex, follow, max-snippet:-1, max-image-preview:large, max-video-preview:-1\" \/>\n<meta property=\"og:locale\" content=\"de_DE\" \/>\n<meta property=\"og:type\" content=\"article\" \/>\n<meta property=\"og:title\" content=\"BIO-H-TIN Hair Essentials Men Forte (30 St\u00fcck) &#187; Mehr erfahren\" \/>\n<meta property=\"og:description\" content=\"Registrierte deutsche Apotheke. Wir bieten: Schneller Versand weltweit und Top Service. Entdecken Sie dieses Produkt gegen Haarausfall BIO-H-TIN Hair Essentials Men Forte (30 St\u00fcck)\" \/>\n<meta property=\"og:url\" content=\"https:\/\/loewentestneu.metafex.io\/de\/produkt\/bio-h-tin-hair-essentials-men-forte-30-pcs-19451691\" \/>\n<meta property=\"og:site_name\" content=\"L\u00f6wen Apotheke\" \/>\n<meta property=\"article:modified_time\" content=\"2025-03-26T09:20:42+00:00\" \/>\n<meta property=\"og:image\" content=\"https:\/\/loewentestneu.metafex.io\/wp-content\/uploads\/2025\/03\/BIO-H-TIN-Hair-Essentials-Men-Forte-Capsoules-PZN-19451716-on-Lions-Pharmacy.webp\" \/>\n\t<meta property=\"og:image:width\" content=\"600\" \/>\n\t<meta property=\"og:image:height\" content=\"600\" \/>\n\t<meta property=\"og:image:type\" content=\"image\/webp\" \/>\n<meta name=\"twitter:card\" content=\"summary_large_image\" \/>\n<meta name=\"twitter:label1\" content=\"Gesch\u00e4tzte Lesezeit\" \/>\n\t<meta name=\"twitter:data1\" content=\"1\u00a0Minute\" \/>\n<script type=\"application\/ld+json\" class=\"yoast-schema-graph\">{\"@context\":\"https:\/\/schema.org\",\"@graph\":[{\"@type\":\"WebPage\",\"@id\":\"https:\/\/loewentestneu.metafex.io\/de\/produkt\/bio-h-tin-hair-essentials-men-forte-30-pcs-19451691\",\"url\":\"https:\/\/loewentestneu.metafex.io\/de\/produkt\/bio-h-tin-hair-essentials-men-forte-30-pcs-19451691\",\"name\":\"BIO-H-TIN Hair Essentials Men Forte (30 St\u00fcck) &#187; Mehr erfahren\",\"isPartOf\":{\"@id\":\"https:\/\/loewentestneu.metafex.io\/de#website\"},\"primaryImageOfPage\":{\"@id\":\"https:\/\/loewentestneu.metafex.io\/de\/produkt\/bio-h-tin-hair-essentials-men-forte-30-pcs-19451691#primaryimage\"},\"image\":{\"@id\":\"https:\/\/loewentestneu.metafex.io\/de\/produkt\/bio-h-tin-hair-essentials-men-forte-30-pcs-19451691#primaryimage\"},\"thumbnailUrl\":\"https:\/\/loewentestneu.metafex.io\/wp-content\/uploads\/2025\/03\/BIO-H-TIN-Hair-Essentials-Men-Forte-Capsoules-PZN-19451716-on-Lions-Pharmacy.webp\",\"datePublished\":\"2025-03-18T21:06:20+00:00\",\"dateModified\":\"2025-03-26T09:20:42+00:00\",\"description\":\"Registrierte deutsche Apotheke. Wir bieten: Schneller Versand weltweit und Top Service. Entdecken Sie dieses Produkt gegen Haarausfall BIO-H-TIN Hair Essentials Men Forte (30 St\u00fcck)\",\"breadcrumb\":{\"@id\":\"https:\/\/loewentestneu.metafex.io\/de\/produkt\/bio-h-tin-hair-essentials-men-forte-30-pcs-19451691#breadcrumb\"},\"inLanguage\":\"de\",\"potentialAction\":[{\"@type\":\"ReadAction\",\"target\":[\"https:\/\/loewentestneu.metafex.io\/de\/produkt\/bio-h-tin-hair-essentials-men-forte-30-pcs-19451691\"]}]},{\"@type\":\"ImageObject\",\"inLanguage\":\"de\",\"@id\":\"https:\/\/loewentestneu.metafex.io\/de\/produkt\/bio-h-tin-hair-essentials-men-forte-30-pcs-19451691#primaryimage\",\"url\":\"https:\/\/loewentestneu.metafex.io\/wp-content\/uploads\/2025\/03\/BIO-H-TIN-Hair-Essentials-Men-Forte-Capsoules-PZN-19451716-on-Lions-Pharmacy.webp\",\"contentUrl\":\"https:\/\/loewentestneu.metafex.io\/wp-content\/uploads\/2025\/03\/BIO-H-TIN-Hair-Essentials-Men-Forte-Capsoules-PZN-19451716-on-Lions-Pharmacy.webp\",\"width\":600,\"height\":600,\"caption\":\"Eine Schachtel BIO-H-TIN Hair Essentials Men Forte Capsoules, PZN 19451716 auf Lions-Apotheke\"},{\"@type\":\"BreadcrumbList\",\"@id\":\"https:\/\/loewentestneu.metafex.io\/de\/produkt\/bio-h-tin-hair-essentials-men-forte-30-pcs-19451691#breadcrumb\",\"itemListElement\":[{\"@type\":\"ListItem\",\"position\":1,\"name\":\"Home\",\"item\":\"https:\/\/loewentestneu.metafex.io\/de\/homepage-lion-pharmacy\"},{\"@type\":\"ListItem\",\"position\":2,\"name\":\"Shop\",\"item\":\"https:\/\/loewentestneu.metafex.io\/de\/shop-2\"},{\"@type\":\"ListItem\",\"position\":3,\"name\":\"BIO-H-TIN Hair Essentials Men Forte (30 St\u00fcck)\"}]},{\"@type\":\"WebSite\",\"@id\":\"https:\/\/loewentestneu.metafex.io\/de#website\",\"url\":\"https:\/\/loewentestneu.metafex.io\/de\",\"name\":\"Lions Pharmacy\",\"description\":\"Ihr Spezialist f\u00fcr Naturheilkunde aus Baden-Baden, Germany\",\"publisher\":{\"@id\":\"https:\/\/loewentestneu.metafex.io\/de#organization\"},\"alternateName\":\"Lion Pharmacy\",\"potentialAction\":[{\"@type\":\"SearchAction\",\"target\":{\"@type\":\"EntryPoint\",\"urlTemplate\":\"https:\/\/loewentestneu.metafex.io\/de?s={search_term_string}\"},\"query-input\":{\"@type\":\"PropertyValueSpecification\",\"valueRequired\":true,\"valueName\":\"search_term_string\"}}],\"inLanguage\":\"de\"},{\"@type\":\"Organization\",\"@id\":\"https:\/\/loewentestneu.metafex.io\/de#organization\",\"name\":\"Lions Pharmacy\",\"alternateName\":\"Lions Pharmacy24\",\"url\":\"https:\/\/loewentestneu.metafex.io\/de\",\"logo\":{\"@type\":\"ImageObject\",\"inLanguage\":\"de\",\"@id\":\"https:\/\/loewentestneu.metafex.io\/de#\/schema\/logo\/image\/\",\"url\":\"https:\/\/loewentestneu.metafex.io\/wp-content\/uploads\/2022\/12\/Logo-Lion-Pharmacy-c-o-Loewen-Apotheke-smal.jpg\",\"contentUrl\":\"https:\/\/loewentestneu.metafex.io\/wp-content\/uploads\/2022\/12\/Logo-Lion-Pharmacy-c-o-Loewen-Apotheke-smal.jpg\",\"width\":298,\"height\":99,\"caption\":\"Lions Pharmacy\"},\"image\":{\"@id\":\"https:\/\/loewentestneu.metafex.io\/de#\/schema\/logo\/image\/\"}}]}<\/script>\n<!-- \/ Yoast SEO plugin. -->","yoast_head_json":{"title":"BIO-H-TIN Hair Essentials Men Forte (30 St\u00fcck) &#187; Mehr erfahren","description":"Registrierte deutsche Apotheke. Wir bieten: Schneller Versand weltweit und Top Service. Entdecken Sie dieses Produkt gegen Haarausfall BIO-H-TIN Hair Essentials Men Forte (30 St\u00fcck)","robots":{"index":"noindex","follow":"follow","max-snippet":"max-snippet:-1","max-image-preview":"max-image-preview:large","max-video-preview":"max-video-preview:-1"},"og_locale":"de_DE","og_type":"article","og_title":"BIO-H-TIN Hair Essentials Men Forte (30 St\u00fcck) &#187; Mehr erfahren","og_description":"Registrierte deutsche Apotheke. Wir bieten: Schneller Versand weltweit und Top Service. Entdecken Sie dieses Produkt gegen Haarausfall BIO-H-TIN Hair Essentials Men Forte (30 St\u00fcck)","og_url":"https:\/\/loewentestneu.metafex.io\/de\/produkt\/bio-h-tin-hair-essentials-men-forte-30-pcs-19451691","og_site_name":"L\u00f6wen Apotheke","article_modified_time":"2025-03-26T09:20:42+00:00","og_image":[{"width":600,"height":600,"url":"https:\/\/loewentestneu.metafex.io\/wp-content\/uploads\/2025\/03\/BIO-H-TIN-Hair-Essentials-Men-Forte-Capsoules-PZN-19451716-on-Lions-Pharmacy.webp","type":"image\/webp"}],"twitter_card":"summary_large_image","twitter_misc":{"Gesch\u00e4tzte Lesezeit":"1\u00a0Minute"},"schema":{"@context":"https:\/\/schema.org","@graph":[{"@type":"WebPage","@id":"https:\/\/loewentestneu.metafex.io\/de\/produkt\/bio-h-tin-hair-essentials-men-forte-30-pcs-19451691","url":"https:\/\/loewentestneu.metafex.io\/de\/produkt\/bio-h-tin-hair-essentials-men-forte-30-pcs-19451691","name":"BIO-H-TIN Hair Essentials Men Forte (30 St\u00fcck) &#187; Mehr erfahren","isPartOf":{"@id":"https:\/\/loewentestneu.metafex.io\/de#website"},"primaryImageOfPage":{"@id":"https:\/\/loewentestneu.metafex.io\/de\/produkt\/bio-h-tin-hair-essentials-men-forte-30-pcs-19451691#primaryimage"},"image":{"@id":"https:\/\/loewentestneu.metafex.io\/de\/produkt\/bio-h-tin-hair-essentials-men-forte-30-pcs-19451691#primaryimage"},"thumbnailUrl":"https:\/\/loewentestneu.metafex.io\/wp-content\/uploads\/2025\/03\/BIO-H-TIN-Hair-Essentials-Men-Forte-Capsoules-PZN-19451716-on-Lions-Pharmacy.webp","datePublished":"2025-03-18T21:06:20+00:00","dateModified":"2025-03-26T09:20:42+00:00","description":"Registrierte deutsche Apotheke. Wir bieten: Schneller Versand weltweit und Top Service. Entdecken Sie dieses Produkt gegen Haarausfall BIO-H-TIN Hair Essentials Men Forte (30 St\u00fcck)","breadcrumb":{"@id":"https:\/\/loewentestneu.metafex.io\/de\/produkt\/bio-h-tin-hair-essentials-men-forte-30-pcs-19451691#breadcrumb"},"inLanguage":"de","potentialAction":[{"@type":"ReadAction","target":["https:\/\/loewentestneu.metafex.io\/de\/produkt\/bio-h-tin-hair-essentials-men-forte-30-pcs-19451691"]}]},{"@type":"ImageObject","inLanguage":"de","@id":"https:\/\/loewentestneu.metafex.io\/de\/produkt\/bio-h-tin-hair-essentials-men-forte-30-pcs-19451691#primaryimage","url":"https:\/\/loewentestneu.metafex.io\/wp-content\/uploads\/2025\/03\/BIO-H-TIN-Hair-Essentials-Men-Forte-Capsoules-PZN-19451716-on-Lions-Pharmacy.webp","contentUrl":"https:\/\/loewentestneu.metafex.io\/wp-content\/uploads\/2025\/03\/BIO-H-TIN-Hair-Essentials-Men-Forte-Capsoules-PZN-19451716-on-Lions-Pharmacy.webp","width":600,"height":600,"caption":"Eine Schachtel BIO-H-TIN Hair Essentials Men Forte Capsoules, PZN 19451716 auf Lions-Apotheke"},{"@type":"BreadcrumbList","@id":"https:\/\/loewentestneu.metafex.io\/de\/produkt\/bio-h-tin-hair-essentials-men-forte-30-pcs-19451691#breadcrumb","itemListElement":[{"@type":"ListItem","position":1,"name":"Home","item":"https:\/\/loewentestneu.metafex.io\/de\/homepage-lion-pharmacy"},{"@type":"ListItem","position":2,"name":"Shop","item":"https:\/\/loewentestneu.metafex.io\/de\/shop-2"},{"@type":"ListItem","position":3,"name":"BIO-H-TIN Hair Essentials Men Forte (30 St\u00fcck)"}]},{"@type":"WebSite","@id":"https:\/\/loewentestneu.metafex.io\/de#website","url":"https:\/\/loewentestneu.metafex.io\/de","name":"Lions Pharmacy","description":"Ihr Spezialist f\u00fcr Naturheilkunde aus Baden-Baden, Germany","publisher":{"@id":"https:\/\/loewentestneu.metafex.io\/de#organization"},"alternateName":"Lion Pharmacy","potentialAction":[{"@type":"SearchAction","target":{"@type":"EntryPoint","urlTemplate":"https:\/\/loewentestneu.metafex.io\/de?s={search_term_string}"},"query-input":{"@type":"PropertyValueSpecification","valueRequired":true,"valueName":"search_term_string"}}],"inLanguage":"de"},{"@type":"Organization","@id":"https:\/\/loewentestneu.metafex.io\/de#organization","name":"Lions Pharmacy","alternateName":"Lions Pharmacy24","url":"https:\/\/loewentestneu.metafex.io\/de","logo":{"@type":"ImageObject","inLanguage":"de","@id":"https:\/\/loewentestneu.metafex.io\/de#\/schema\/logo\/image\/","url":"https:\/\/loewentestneu.metafex.io\/wp-content\/uploads\/2022\/12\/Logo-Lion-Pharmacy-c-o-Loewen-Apotheke-smal.jpg","contentUrl":"https:\/\/loewentestneu.metafex.io\/wp-content\/uploads\/2022\/12\/Logo-Lion-Pharmacy-c-o-Loewen-Apotheke-smal.jpg","width":298,"height":99,"caption":"Lions Pharmacy"},"image":{"@id":"https:\/\/loewentestneu.metafex.io\/de#\/schema\/logo\/image\/"}}]}},"_links":{"self":[{"href":"https:\/\/loewentestneu.metafex.io\/de\/wp-json\/wp\/v2\/product\/10198","targetHints":{"allow":["GET"]}}],"collection":[{"href":"https:\/\/loewentestneu.metafex.io\/de\/wp-json\/wp\/v2\/product"}],"about":[{"href":"https:\/\/loewentestneu.metafex.io\/de\/wp-json\/wp\/v2\/types\/product"}],"replies":[{"embeddable":true,"href":"https:\/\/loewentestneu.metafex.io\/de\/wp-json\/wp\/v2\/comments?post=10198"}],"wp:featuredmedia":[{"embeddable":true,"href":"https:\/\/loewentestneu.metafex.io\/de\/wp-json\/wp\/v2\/media\/10193"}],"wp:attachment":[{"href":"https:\/\/loewentestneu.metafex.io\/de\/wp-json\/wp\/v2\/media?parent=10198"}],"wp:term":[{"taxonomy":"product_brand","embeddable":true,"href":"https:\/\/loewentestneu.metafex.io\/de\/wp-json\/wp\/v2\/product_brand?post=10198"},{"taxonomy":"product_cat","embeddable":true,"href":"https:\/\/loewentestneu.metafex.io\/de\/wp-json\/wp\/v2\/product_cat?post=10198"},{"taxonomy":"product_tag","embeddable":true,"href":"https:\/\/loewentestneu.metafex.io\/de\/wp-json\/wp\/v2\/product_tag?post=10198"}],"curies":[{"name":"wp","href":"https:\/\/api.w.org\/{rel}","templated":true}]}}