{"id":10619,"date":"2025-03-31T06:10:15","date_gmt":"2025-03-31T05:10:15","guid":{"rendered":"https:\/\/lions-pharmacy.com\/?post_type=product&#038;p=10619"},"modified":"2025-03-31T09:37:30","modified_gmt":"2025-03-31T08:37:30","slug":"omni-biotic-immund-60-pc-18778562","status":"publish","type":"product","link":"https:\/\/loewentestneu.metafex.io\/de\/produkt\/omni-biotic-immund-60-pc-18778562","title":{"rendered":"OMNi BiOTiC iMMUND (60 St\u00fcck)"},"content":{"rendered":"<h3>OMNi BiOTiC iMMUND 60 St.<\/h3>\n<p>OMNi BiOTiC iMMUND die zuckerfreie Lutschtablette mit fruchtigem Erdbeergeschmack wurde speziell f\u00fcr Kinder entwickelt. Mit Vitamin D zur Unterst\u00fctzung des Immunsystems. Es enth\u00e4lt den in vielen Studien getesteten Bakterienstamm Streptococcus salivarius K12 sowie Vitamin D. Dieses Vitamin sorgt f\u00fcr eine normale Funktion des Immunsystems bei Kindern und Erwachsenen.<\/p>\n<p>Packungsbeilage\/Gebrauchsanweisung\/Artikeldatenblatt: &#8211; (PDF-Reader)<\/p>\n<p>Weitere Produkte f\u00fcr die Anwendung: Immunsystem | Hom\u00f6opathie| <a href=\"https:\/\/loewentestneu.metafex.io\/product-tag\/vitamins-supplements\">Vitamine &amp; Nahrungserg\u00e4nzungsmittel Produkte<\/a><\/p>\n<p>Erfahren Sie mehr \u00fcber den Hersteller und das Produkt: <a href=\"https:\/\/www.allergosan.com\/de\/unsere-produkte\/omni-biotic\/\" target=\"_blank\" rel=\"noopener\">Omni-Biotic<\/a> (Link zur externen Website)<\/p>\n<p>Informationen auf dieser Website werden ausschlie\u00dflich f\u00fcr informative Zwecke zur Verf\u00fcgung gestellt. Sie ersetzen keinesfalls die Untersuchung und Behandlung durch einen Arzt. Bitte beachten Sie, dass hierdurch weder Diagnosen gestellt noch Therapien eingeleitet werden k\u00f6nnen. Nahrungserg\u00e4nzungsmittel sind kein Ersatz f\u00fcr eine ausgewogene und abwechslungsreiche Ern\u00e4hrung und eine gesunde Lebensweise. Die angegebene empfohlene Tagesdosismenge darf nicht \u00fcberschritten werden. Bewahren Sie das Produkt au\u00dferhalb der Reichweite von kleinen Kindern auf.<\/p>\n<p>Zu Risiken und Nebenwirkungen lesen Sie die Packungsbeilage und fragen Sie Ihren Arzt oder Apotheker.<\/p>\n","protected":false},"excerpt":{"rendered":"<h2>OMNi BiOTiC iMMUND<\/h2>\n<p>Die zuckerfreie Lutschtablette mit fruchtigem Erdbeergeschmack wurde speziell f\u00fcr Kinder entwickelt. Mit Vitamin D zur Unterst\u00fctzung des Immunsystems.<\/p>\n<p>&nbsp;<\/p>\n<p><strong>PZN<\/strong>: 18778562 (Pharmazentralnummer)<\/p>\n<p><strong>Darreichungsform<\/strong>: Tabletten<\/p>\n<p><strong>Verschreibungsart<\/strong>: verschreibungsfrei<\/p>\n<p><strong>Marke<\/strong>: OMNI BiOTiC<\/p>\n<p><strong>Hersteller<\/strong>: INSTITUT ALLERGOSAN Deutschland GmbH<\/p>\n<p><strong>Packungsgr\u00f6\u00dfe<\/strong>: 60 Tabletten<\/p>\n","protected":false},"featured_media":10627,"comment_status":"closed","ping_status":"closed","template":"","meta":[],"product_brand":[],"product_cat":[612,367,368],"product_tag":[513,434,433,381,386,379,429],"class_list":{"0":"post-10619","1":"product","2":"type-product","3":"status-publish","4":"has-post-thumbnail","6":"product_cat-omni-biotic-de","7":"product_cat-sale-de","8":"product_cat-shop-de","9":"product_tag-corona-immunabwehr","10":"product_tag-gewicht-und-fitness","11":"product_tag-gewichtsmanagement","12":"product_tag-homoopathie","13":"product_tag-konzentration-stress","14":"product_tag-monatlicher-sale-de","15":"product_tag-vitamine-und-nahrungserganzungsmittel","16":"ts_product_brand-alle","17":"ts_product_brand-allergosan-de","19":"first","20":"instock","21":"sale","22":"taxable","23":"shipping-taxable","24":"purchasable","25":"product-type-simple"},"yoast_head":"<!-- This site is optimized with the Yoast SEO plugin v26.5 - https:\/\/yoast.com\/wordpress\/plugins\/seo\/ -->\n<title>OMNi BiOTiC iMMUND (60 St\u00fcck) &#187; bestelle bei L\u00f6wen Apotheke<\/title>\n<meta name=\"description\" content=\"Registrierte Online-Apotheke. Wir bieten: Schneller internationaler Versand mit DHL. Zur Unterst\u00fctzung des Immunsystems &gt; OMNi BiOTiC iMMUND (60 St\u00fcck)\" \/>\n<meta name=\"robots\" content=\"noindex, follow, max-snippet:-1, max-image-preview:large, max-video-preview:-1\" \/>\n<meta property=\"og:locale\" content=\"de_DE\" \/>\n<meta property=\"og:type\" content=\"article\" \/>\n<meta property=\"og:title\" content=\"OMNi BiOTiC iMMUND (60 St\u00fcck) &#187; bestelle bei L\u00f6wen Apotheke\" \/>\n<meta property=\"og:description\" content=\"Registrierte Online-Apotheke. Wir bieten: Schneller internationaler Versand mit DHL. Zur Unterst\u00fctzung des Immunsystems &gt; OMNi BiOTiC iMMUND (60 St\u00fcck)\" \/>\n<meta property=\"og:url\" content=\"https:\/\/loewentestneu.metafex.io\/de\/produkt\/omni-biotic-immund-60-pc-18778562\" \/>\n<meta property=\"og:site_name\" content=\"L\u00f6wen Apotheke\" \/>\n<meta property=\"article:modified_time\" content=\"2025-03-31T08:37:30+00:00\" \/>\n<meta property=\"og:image\" content=\"https:\/\/loewentestneu.metafex.io\/wp-content\/uploads\/2025\/03\/Institut-Allergosan-Omni-Biotic-immund-60-pc-PZN-18778562-by-Lions-Pharmacy.webp\" \/>\n\t<meta property=\"og:image:width\" content=\"600\" \/>\n\t<meta property=\"og:image:height\" content=\"600\" \/>\n\t<meta property=\"og:image:type\" content=\"image\/webp\" \/>\n<meta name=\"twitter:card\" content=\"summary_large_image\" \/>\n<meta name=\"twitter:label1\" content=\"Gesch\u00e4tzte Lesezeit\" \/>\n\t<meta name=\"twitter:data1\" content=\"1\u00a0Minute\" \/>\n<script type=\"application\/ld+json\" class=\"yoast-schema-graph\">{\"@context\":\"https:\/\/schema.org\",\"@graph\":[{\"@type\":\"WebPage\",\"@id\":\"https:\/\/loewentestneu.metafex.io\/de\/produkt\/omni-biotic-immund-60-pc-18778562\",\"url\":\"https:\/\/loewentestneu.metafex.io\/de\/produkt\/omni-biotic-immund-60-pc-18778562\",\"name\":\"OMNi BiOTiC iMMUND (60 St\u00fcck) &#187; bestelle bei L\u00f6wen Apotheke\",\"isPartOf\":{\"@id\":\"https:\/\/loewentestneu.metafex.io\/de#website\"},\"primaryImageOfPage\":{\"@id\":\"https:\/\/loewentestneu.metafex.io\/de\/produkt\/omni-biotic-immund-60-pc-18778562#primaryimage\"},\"image\":{\"@id\":\"https:\/\/loewentestneu.metafex.io\/de\/produkt\/omni-biotic-immund-60-pc-18778562#primaryimage\"},\"thumbnailUrl\":\"https:\/\/loewentestneu.metafex.io\/wp-content\/uploads\/2025\/03\/Institut-Allergosan-Omni-Biotic-immund-60-pc-PZN-18778562-by-Lions-Pharmacy.webp\",\"datePublished\":\"2025-03-31T05:10:15+00:00\",\"dateModified\":\"2025-03-31T08:37:30+00:00\",\"description\":\"Registrierte Online-Apotheke. Wir bieten: Schneller internationaler Versand mit DHL. Zur Unterst\u00fctzung des Immunsystems > OMNi BiOTiC iMMUND (60 St\u00fcck)\",\"breadcrumb\":{\"@id\":\"https:\/\/loewentestneu.metafex.io\/de\/produkt\/omni-biotic-immund-60-pc-18778562#breadcrumb\"},\"inLanguage\":\"de\",\"potentialAction\":[{\"@type\":\"ReadAction\",\"target\":[\"https:\/\/loewentestneu.metafex.io\/de\/produkt\/omni-biotic-immund-60-pc-18778562\"]}]},{\"@type\":\"ImageObject\",\"inLanguage\":\"de\",\"@id\":\"https:\/\/loewentestneu.metafex.io\/de\/produkt\/omni-biotic-immund-60-pc-18778562#primaryimage\",\"url\":\"https:\/\/loewentestneu.metafex.io\/wp-content\/uploads\/2025\/03\/Institut-Allergosan-Omni-Biotic-immund-60-pc-PZN-18778562-by-Lions-Pharmacy.webp\",\"contentUrl\":\"https:\/\/loewentestneu.metafex.io\/wp-content\/uploads\/2025\/03\/Institut-Allergosan-Omni-Biotic-immund-60-pc-PZN-18778562-by-Lions-Pharmacy.webp\",\"width\":600,\"height\":600,\"caption\":\"Institut Allergosan Omni Biotic immund 60 St\u00fcck, PZN-18778562, von Lions-Pharmacy\"},{\"@type\":\"BreadcrumbList\",\"@id\":\"https:\/\/loewentestneu.metafex.io\/de\/produkt\/omni-biotic-immund-60-pc-18778562#breadcrumb\",\"itemListElement\":[{\"@type\":\"ListItem\",\"position\":1,\"name\":\"Home\",\"item\":\"https:\/\/loewentestneu.metafex.io\/de\/homepage-lion-pharmacy\"},{\"@type\":\"ListItem\",\"position\":2,\"name\":\"Shop\",\"item\":\"https:\/\/loewentestneu.metafex.io\/de\/shop-2\"},{\"@type\":\"ListItem\",\"position\":3,\"name\":\"OMNi BiOTiC iMMUND (60 St\u00fcck)\"}]},{\"@type\":\"WebSite\",\"@id\":\"https:\/\/loewentestneu.metafex.io\/de#website\",\"url\":\"https:\/\/loewentestneu.metafex.io\/de\",\"name\":\"Lions Pharmacy\",\"description\":\"Ihr Spezialist f\u00fcr Naturheilkunde aus Baden-Baden, Germany\",\"publisher\":{\"@id\":\"https:\/\/loewentestneu.metafex.io\/de#organization\"},\"alternateName\":\"Lion Pharmacy\",\"potentialAction\":[{\"@type\":\"SearchAction\",\"target\":{\"@type\":\"EntryPoint\",\"urlTemplate\":\"https:\/\/loewentestneu.metafex.io\/de?s={search_term_string}\"},\"query-input\":{\"@type\":\"PropertyValueSpecification\",\"valueRequired\":true,\"valueName\":\"search_term_string\"}}],\"inLanguage\":\"de\"},{\"@type\":\"Organization\",\"@id\":\"https:\/\/loewentestneu.metafex.io\/de#organization\",\"name\":\"Lions Pharmacy\",\"alternateName\":\"Lions Pharmacy24\",\"url\":\"https:\/\/loewentestneu.metafex.io\/de\",\"logo\":{\"@type\":\"ImageObject\",\"inLanguage\":\"de\",\"@id\":\"https:\/\/loewentestneu.metafex.io\/de#\/schema\/logo\/image\/\",\"url\":\"https:\/\/loewentestneu.metafex.io\/wp-content\/uploads\/2022\/12\/Logo-Lion-Pharmacy-c-o-Loewen-Apotheke-smal.jpg\",\"contentUrl\":\"https:\/\/loewentestneu.metafex.io\/wp-content\/uploads\/2022\/12\/Logo-Lion-Pharmacy-c-o-Loewen-Apotheke-smal.jpg\",\"width\":298,\"height\":99,\"caption\":\"Lions Pharmacy\"},\"image\":{\"@id\":\"https:\/\/loewentestneu.metafex.io\/de#\/schema\/logo\/image\/\"}}]}<\/script>\n<!-- \/ Yoast SEO plugin. -->","yoast_head_json":{"title":"OMNi BiOTiC iMMUND (60 St\u00fcck) &#187; bestelle bei L\u00f6wen Apotheke","description":"Registrierte Online-Apotheke. Wir bieten: Schneller internationaler Versand mit DHL. Zur Unterst\u00fctzung des Immunsystems > OMNi BiOTiC iMMUND (60 St\u00fcck)","robots":{"index":"noindex","follow":"follow","max-snippet":"max-snippet:-1","max-image-preview":"max-image-preview:large","max-video-preview":"max-video-preview:-1"},"og_locale":"de_DE","og_type":"article","og_title":"OMNi BiOTiC iMMUND (60 St\u00fcck) &#187; bestelle bei L\u00f6wen Apotheke","og_description":"Registrierte Online-Apotheke. Wir bieten: Schneller internationaler Versand mit DHL. Zur Unterst\u00fctzung des Immunsystems > OMNi BiOTiC iMMUND (60 St\u00fcck)","og_url":"https:\/\/loewentestneu.metafex.io\/de\/produkt\/omni-biotic-immund-60-pc-18778562","og_site_name":"L\u00f6wen Apotheke","article_modified_time":"2025-03-31T08:37:30+00:00","og_image":[{"width":600,"height":600,"url":"https:\/\/loewentestneu.metafex.io\/wp-content\/uploads\/2025\/03\/Institut-Allergosan-Omni-Biotic-immund-60-pc-PZN-18778562-by-Lions-Pharmacy.webp","type":"image\/webp"}],"twitter_card":"summary_large_image","twitter_misc":{"Gesch\u00e4tzte Lesezeit":"1\u00a0Minute"},"schema":{"@context":"https:\/\/schema.org","@graph":[{"@type":"WebPage","@id":"https:\/\/loewentestneu.metafex.io\/de\/produkt\/omni-biotic-immund-60-pc-18778562","url":"https:\/\/loewentestneu.metafex.io\/de\/produkt\/omni-biotic-immund-60-pc-18778562","name":"OMNi BiOTiC iMMUND (60 St\u00fcck) &#187; bestelle bei L\u00f6wen Apotheke","isPartOf":{"@id":"https:\/\/loewentestneu.metafex.io\/de#website"},"primaryImageOfPage":{"@id":"https:\/\/loewentestneu.metafex.io\/de\/produkt\/omni-biotic-immund-60-pc-18778562#primaryimage"},"image":{"@id":"https:\/\/loewentestneu.metafex.io\/de\/produkt\/omni-biotic-immund-60-pc-18778562#primaryimage"},"thumbnailUrl":"https:\/\/loewentestneu.metafex.io\/wp-content\/uploads\/2025\/03\/Institut-Allergosan-Omni-Biotic-immund-60-pc-PZN-18778562-by-Lions-Pharmacy.webp","datePublished":"2025-03-31T05:10:15+00:00","dateModified":"2025-03-31T08:37:30+00:00","description":"Registrierte Online-Apotheke. Wir bieten: Schneller internationaler Versand mit DHL. Zur Unterst\u00fctzung des Immunsystems > OMNi BiOTiC iMMUND (60 St\u00fcck)","breadcrumb":{"@id":"https:\/\/loewentestneu.metafex.io\/de\/produkt\/omni-biotic-immund-60-pc-18778562#breadcrumb"},"inLanguage":"de","potentialAction":[{"@type":"ReadAction","target":["https:\/\/loewentestneu.metafex.io\/de\/produkt\/omni-biotic-immund-60-pc-18778562"]}]},{"@type":"ImageObject","inLanguage":"de","@id":"https:\/\/loewentestneu.metafex.io\/de\/produkt\/omni-biotic-immund-60-pc-18778562#primaryimage","url":"https:\/\/loewentestneu.metafex.io\/wp-content\/uploads\/2025\/03\/Institut-Allergosan-Omni-Biotic-immund-60-pc-PZN-18778562-by-Lions-Pharmacy.webp","contentUrl":"https:\/\/loewentestneu.metafex.io\/wp-content\/uploads\/2025\/03\/Institut-Allergosan-Omni-Biotic-immund-60-pc-PZN-18778562-by-Lions-Pharmacy.webp","width":600,"height":600,"caption":"Institut Allergosan Omni Biotic immund 60 St\u00fcck, PZN-18778562, von Lions-Pharmacy"},{"@type":"BreadcrumbList","@id":"https:\/\/loewentestneu.metafex.io\/de\/produkt\/omni-biotic-immund-60-pc-18778562#breadcrumb","itemListElement":[{"@type":"ListItem","position":1,"name":"Home","item":"https:\/\/loewentestneu.metafex.io\/de\/homepage-lion-pharmacy"},{"@type":"ListItem","position":2,"name":"Shop","item":"https:\/\/loewentestneu.metafex.io\/de\/shop-2"},{"@type":"ListItem","position":3,"name":"OMNi BiOTiC iMMUND (60 St\u00fcck)"}]},{"@type":"WebSite","@id":"https:\/\/loewentestneu.metafex.io\/de#website","url":"https:\/\/loewentestneu.metafex.io\/de","name":"Lions Pharmacy","description":"Ihr Spezialist f\u00fcr Naturheilkunde aus Baden-Baden, Germany","publisher":{"@id":"https:\/\/loewentestneu.metafex.io\/de#organization"},"alternateName":"Lion Pharmacy","potentialAction":[{"@type":"SearchAction","target":{"@type":"EntryPoint","urlTemplate":"https:\/\/loewentestneu.metafex.io\/de?s={search_term_string}"},"query-input":{"@type":"PropertyValueSpecification","valueRequired":true,"valueName":"search_term_string"}}],"inLanguage":"de"},{"@type":"Organization","@id":"https:\/\/loewentestneu.metafex.io\/de#organization","name":"Lions Pharmacy","alternateName":"Lions Pharmacy24","url":"https:\/\/loewentestneu.metafex.io\/de","logo":{"@type":"ImageObject","inLanguage":"de","@id":"https:\/\/loewentestneu.metafex.io\/de#\/schema\/logo\/image\/","url":"https:\/\/loewentestneu.metafex.io\/wp-content\/uploads\/2022\/12\/Logo-Lion-Pharmacy-c-o-Loewen-Apotheke-smal.jpg","contentUrl":"https:\/\/loewentestneu.metafex.io\/wp-content\/uploads\/2022\/12\/Logo-Lion-Pharmacy-c-o-Loewen-Apotheke-smal.jpg","width":298,"height":99,"caption":"Lions Pharmacy"},"image":{"@id":"https:\/\/loewentestneu.metafex.io\/de#\/schema\/logo\/image\/"}}]}},"_links":{"self":[{"href":"https:\/\/loewentestneu.metafex.io\/de\/wp-json\/wp\/v2\/product\/10619","targetHints":{"allow":["GET"]}}],"collection":[{"href":"https:\/\/loewentestneu.metafex.io\/de\/wp-json\/wp\/v2\/product"}],"about":[{"href":"https:\/\/loewentestneu.metafex.io\/de\/wp-json\/wp\/v2\/types\/product"}],"replies":[{"embeddable":true,"href":"https:\/\/loewentestneu.metafex.io\/de\/wp-json\/wp\/v2\/comments?post=10619"}],"wp:featuredmedia":[{"embeddable":true,"href":"https:\/\/loewentestneu.metafex.io\/de\/wp-json\/wp\/v2\/media\/10627"}],"wp:attachment":[{"href":"https:\/\/loewentestneu.metafex.io\/de\/wp-json\/wp\/v2\/media?parent=10619"}],"wp:term":[{"taxonomy":"product_brand","embeddable":true,"href":"https:\/\/loewentestneu.metafex.io\/de\/wp-json\/wp\/v2\/product_brand?post=10619"},{"taxonomy":"product_cat","embeddable":true,"href":"https:\/\/loewentestneu.metafex.io\/de\/wp-json\/wp\/v2\/product_cat?post=10619"},{"taxonomy":"product_tag","embeddable":true,"href":"https:\/\/loewentestneu.metafex.io\/de\/wp-json\/wp\/v2\/product_tag?post=10619"}],"curies":[{"name":"wp","href":"https:\/\/api.w.org\/{rel}","templated":true}]}}