{"id":10634,"date":"2025-03-31T07:15:38","date_gmt":"2025-03-31T06:15:38","guid":{"rendered":"https:\/\/lions-pharmacy.com\/?post_type=product&#038;p=10634"},"modified":"2025-03-31T09:38:09","modified_gmt":"2025-03-31T08:38:09","slug":"omni-biotic-6-60x-3g-10064811","status":"publish","type":"product","link":"https:\/\/loewentestneu.metafex.io\/de\/produkt\/omni-biotic-6-60x-3g-10064811","title":{"rendered":"OMNi-BiOTiC 6 Sachet (60x 3g)"},"content":{"rendered":"<h3>OMNi-BiOTiC 6<\/h3>\n<p>OMNi-BiOTiC 6 enth\u00e4lt sechs wichtige, hochaktive Leitkeimst\u00e4mme, die den Darm von oben nach unten besiedeln. Bei aktuellen und chronischen Magen-Darm-Beschwerden<br \/>\nKombinationswirkstoff aus Probiotika und Pr\u00e4biotika und Nahrungserg\u00e4nzungsmittel f\u00fcr die Darmflora.<\/p>\n<p>Darmbakterien m\u00fcssen viel leisten, um lebenswichtige Aufgaben erf\u00fcllen zu k\u00f6nnen. Sie sind f\u00fcr den Aufbau der Darmbarriere gegen fremde Keime und auch f\u00fcr den Abtransport von Schad- und Giftstoffen sowie f\u00fcr die Aufnahme und Produktion von Vitalstoffen zust\u00e4ndig.<\/p>\n<p>Allerdings kann sich die Anzahl der Bakterien ver\u00e4ndern und ihre Funktion durch ungesunde Gewohnheiten beeintr\u00e4chtigt werden. Dies ist oft eine Folge von Stress, ungesunder Ern\u00e4hrung oder der Einnahme von Medikamenten. Omni-Biotic 6 hilft dabei, die Bakterien wieder ins Gleichgewicht zu bringen, so dass Schad- und Giftstoffe entsorgt werden und N\u00e4hrstoffe wieder aufgenommen werden k\u00f6nnen. Der Darm kann dann wieder zuverl\u00e4ssig arbeiten und ins Gleichgewicht kommen.<\/p>\n<p>Packungsbeilage\/Gebrauchsanweisung\/Artikeldatenblatt: OMNi-BiOTiC 6 (PDF-Reader)<\/p>\n<p>Andere Produkte f\u00fcr die Anwendung: <a href=\"https:\/\/loewentestneu.metafex.io\/product-tag\/homeopathy\">Hom\u00f6opathie<\/a> | <a href=\"https:\/\/loewentestneu.metafex.io\/product-tag\/vitamins-supplements\">Vitamine &amp; Nahrungserg\u00e4nzungsmittel Produkte<\/a><\/p>\n<p>Erfahren Sie mehr \u00fcber den Hersteller und das Produkt: <a href=\"https:\/\/www.allergosan.com\/de\/unsere-produkte\/omni-biotic\/\" target=\"_blank\" rel=\"noopener\">Omni-Biotic<\/a> (Link zur externen Website)<\/p>\n<p>Informationen auf dieser Website werden ausschlie\u00dflich f\u00fcr informative Zwecke zur Verf\u00fcgung gestellt. Sie ersetzen keinesfalls die Untersuchung und Behandlung durch einen Arzt. Bitte beachten Sie, dass hierdurch weder Diagnosen gestellt noch Therapien eingeleitet werden k\u00f6nnen. Nahrungserg\u00e4nzungsmittel sind kein Ersatz f\u00fcr eine ausgewogene und abwechslungsreiche Ern\u00e4hrung und eine gesunde Lebensweise. Die angegebene empfohlene Tagesdosismenge darf nicht \u00fcberschritten werden. Bewahren Sie das Produkt au\u00dferhalb der Reichweite von kleinen Kindern auf.<\/p>\n<p>Zu Risiken und Nebenwirkungen lesen Sie die Packungsbeilage und fragen Sie Ihren Arzt oder Apotheker.<\/p>\n","protected":false},"excerpt":{"rendered":"<h2>OMNi-BiOTiC 6<\/h2>\n<p>OMNi-BiOTiC\u00ae 6 enth\u00e4lt sechs wichtige, hochaktive Leitkeimst\u00e4mme, die den Darm von oben nach unten besiedeln. Bei aktuellen und chronischen Magen-Darm-Beschwerden.<\/p>\n<p>&nbsp;<\/p>\n<p><strong>PZN<\/strong>: 10064811 (Pharmazentralnummer)<\/p>\n<p><strong>Darreichungsform<\/strong>: Pulver<\/p>\n<p><strong>Verschreibungsart<\/strong>: verschreibungsfrei<\/p>\n<p><strong>Marke<\/strong>: OMNI BiOTiC<\/p>\n<p><strong>Hersteller<\/strong>: INSTITUT ALLERGOSAN Deutschland GmbH<\/p>\n<p><strong>Packungsgr\u00f6\u00dfe<\/strong>: 60 Portionsbeutel \u00e0 3 g<\/p>\n","protected":false},"featured_media":10637,"comment_status":"closed","ping_status":"closed","template":"","meta":[],"product_brand":[],"product_cat":[612,368],"product_tag":[434,433,381,386,379,429],"class_list":{"0":"post-10634","1":"product","2":"type-product","3":"status-publish","4":"has-post-thumbnail","6":"product_cat-omni-biotic-de","7":"product_cat-shop-de","8":"product_tag-gewicht-und-fitness","9":"product_tag-gewichtsmanagement","10":"product_tag-homoopathie","11":"product_tag-konzentration-stress","12":"product_tag-monatlicher-sale-de","13":"product_tag-vitamine-und-nahrungserganzungsmittel","14":"ts_product_brand-alle","15":"ts_product_brand-allergosan-de","17":"first","18":"instock","19":"sale","20":"taxable","21":"shipping-taxable","22":"purchasable","23":"product-type-simple"},"yoast_head":"<!-- This site is optimized with the Yoast SEO plugin v26.5 - https:\/\/yoast.com\/wordpress\/plugins\/seo\/ -->\n<title>OMNi-BiOTiC 6 Sachet (60x 3g) &#187; bestelle bei L\u00f6wen Apotheke<\/title>\n<meta name=\"description\" content=\"Registrierte Online-Apotheke. Wir bieten: Schneller internationaler Versand mit DHL. Zur Unterst\u00fctzung des Immunsystems &gt; OMNi-BiOTiC 6 Sachet (60x 3g)\" \/>\n<meta name=\"robots\" content=\"noindex, follow, max-snippet:-1, max-image-preview:large, max-video-preview:-1\" \/>\n<meta property=\"og:locale\" content=\"de_DE\" \/>\n<meta property=\"og:type\" content=\"article\" \/>\n<meta property=\"og:title\" content=\"OMNi-BiOTiC 6 Sachet (60x 3g) &#187; bestelle bei L\u00f6wen Apotheke\" \/>\n<meta property=\"og:description\" content=\"Registrierte Online-Apotheke. Wir bieten: Schneller internationaler Versand mit DHL. Zur Unterst\u00fctzung des Immunsystems &gt; OMNi-BiOTiC 6 Sachet (60x 3g)\" \/>\n<meta property=\"og:url\" content=\"https:\/\/loewentestneu.metafex.io\/de\/produkt\/omni-biotic-6-60x-3g-10064811\" \/>\n<meta property=\"og:site_name\" content=\"L\u00f6wen Apotheke\" \/>\n<meta property=\"article:modified_time\" content=\"2025-03-31T08:38:09+00:00\" \/>\n<meta property=\"og:image\" content=\"https:\/\/loewentestneu.metafex.io\/wp-content\/uploads\/2025\/03\/Omni-biotic-6-from-Allergosan-PZN-10064811-on-Lions-Pharmacy.webp\" \/>\n\t<meta property=\"og:image:width\" content=\"600\" \/>\n\t<meta property=\"og:image:height\" content=\"600\" \/>\n\t<meta property=\"og:image:type\" content=\"image\/webp\" \/>\n<meta name=\"twitter:card\" content=\"summary_large_image\" \/>\n<meta name=\"twitter:label1\" content=\"Gesch\u00e4tzte Lesezeit\" \/>\n\t<meta name=\"twitter:data1\" content=\"1\u00a0Minute\" \/>\n<script type=\"application\/ld+json\" class=\"yoast-schema-graph\">{\"@context\":\"https:\/\/schema.org\",\"@graph\":[{\"@type\":\"WebPage\",\"@id\":\"https:\/\/loewentestneu.metafex.io\/de\/produkt\/omni-biotic-6-60x-3g-10064811\",\"url\":\"https:\/\/loewentestneu.metafex.io\/de\/produkt\/omni-biotic-6-60x-3g-10064811\",\"name\":\"OMNi-BiOTiC 6 Sachet (60x 3g) &#187; bestelle bei L\u00f6wen Apotheke\",\"isPartOf\":{\"@id\":\"https:\/\/loewentestneu.metafex.io\/de#website\"},\"primaryImageOfPage\":{\"@id\":\"https:\/\/loewentestneu.metafex.io\/de\/produkt\/omni-biotic-6-60x-3g-10064811#primaryimage\"},\"image\":{\"@id\":\"https:\/\/loewentestneu.metafex.io\/de\/produkt\/omni-biotic-6-60x-3g-10064811#primaryimage\"},\"thumbnailUrl\":\"https:\/\/loewentestneu.metafex.io\/wp-content\/uploads\/2025\/03\/Omni-biotic-6-from-Allergosan-PZN-10064811-on-Lions-Pharmacy.webp\",\"datePublished\":\"2025-03-31T06:15:38+00:00\",\"dateModified\":\"2025-03-31T08:38:09+00:00\",\"description\":\"Registrierte Online-Apotheke. Wir bieten: Schneller internationaler Versand mit DHL. Zur Unterst\u00fctzung des Immunsystems > OMNi-BiOTiC 6 Sachet (60x 3g)\",\"breadcrumb\":{\"@id\":\"https:\/\/loewentestneu.metafex.io\/de\/produkt\/omni-biotic-6-60x-3g-10064811#breadcrumb\"},\"inLanguage\":\"de\",\"potentialAction\":[{\"@type\":\"ReadAction\",\"target\":[\"https:\/\/loewentestneu.metafex.io\/de\/produkt\/omni-biotic-6-60x-3g-10064811\"]}]},{\"@type\":\"ImageObject\",\"inLanguage\":\"de\",\"@id\":\"https:\/\/loewentestneu.metafex.io\/de\/produkt\/omni-biotic-6-60x-3g-10064811#primaryimage\",\"url\":\"https:\/\/loewentestneu.metafex.io\/wp-content\/uploads\/2025\/03\/Omni-biotic-6-from-Allergosan-PZN-10064811-on-Lions-Pharmacy.webp\",\"contentUrl\":\"https:\/\/loewentestneu.metafex.io\/wp-content\/uploads\/2025\/03\/Omni-biotic-6-from-Allergosan-PZN-10064811-on-Lions-Pharmacy.webp\",\"width\":600,\"height\":600,\"caption\":\"Omni biotic 6 von Allergosan, PZN-10064811, auf L\u00f6wen-Apotheke\"},{\"@type\":\"BreadcrumbList\",\"@id\":\"https:\/\/loewentestneu.metafex.io\/de\/produkt\/omni-biotic-6-60x-3g-10064811#breadcrumb\",\"itemListElement\":[{\"@type\":\"ListItem\",\"position\":1,\"name\":\"Home\",\"item\":\"https:\/\/loewentestneu.metafex.io\/de\/homepage-lion-pharmacy\"},{\"@type\":\"ListItem\",\"position\":2,\"name\":\"Shop\",\"item\":\"https:\/\/loewentestneu.metafex.io\/de\/shop-2\"},{\"@type\":\"ListItem\",\"position\":3,\"name\":\"OMNi-BiOTiC 6 Sachet (60x 3g)\"}]},{\"@type\":\"WebSite\",\"@id\":\"https:\/\/loewentestneu.metafex.io\/de#website\",\"url\":\"https:\/\/loewentestneu.metafex.io\/de\",\"name\":\"Lions Pharmacy\",\"description\":\"Ihr Spezialist f\u00fcr Naturheilkunde aus Baden-Baden, Germany\",\"publisher\":{\"@id\":\"https:\/\/loewentestneu.metafex.io\/de#organization\"},\"alternateName\":\"Lion Pharmacy\",\"potentialAction\":[{\"@type\":\"SearchAction\",\"target\":{\"@type\":\"EntryPoint\",\"urlTemplate\":\"https:\/\/loewentestneu.metafex.io\/de?s={search_term_string}\"},\"query-input\":{\"@type\":\"PropertyValueSpecification\",\"valueRequired\":true,\"valueName\":\"search_term_string\"}}],\"inLanguage\":\"de\"},{\"@type\":\"Organization\",\"@id\":\"https:\/\/loewentestneu.metafex.io\/de#organization\",\"name\":\"Lions Pharmacy\",\"alternateName\":\"Lions Pharmacy24\",\"url\":\"https:\/\/loewentestneu.metafex.io\/de\",\"logo\":{\"@type\":\"ImageObject\",\"inLanguage\":\"de\",\"@id\":\"https:\/\/loewentestneu.metafex.io\/de#\/schema\/logo\/image\/\",\"url\":\"https:\/\/loewentestneu.metafex.io\/wp-content\/uploads\/2022\/12\/Logo-Lion-Pharmacy-c-o-Loewen-Apotheke-smal.jpg\",\"contentUrl\":\"https:\/\/loewentestneu.metafex.io\/wp-content\/uploads\/2022\/12\/Logo-Lion-Pharmacy-c-o-Loewen-Apotheke-smal.jpg\",\"width\":298,\"height\":99,\"caption\":\"Lions Pharmacy\"},\"image\":{\"@id\":\"https:\/\/loewentestneu.metafex.io\/de#\/schema\/logo\/image\/\"}}]}<\/script>\n<!-- \/ Yoast SEO plugin. -->","yoast_head_json":{"title":"OMNi-BiOTiC 6 Sachet (60x 3g) &#187; bestelle bei L\u00f6wen Apotheke","description":"Registrierte Online-Apotheke. Wir bieten: Schneller internationaler Versand mit DHL. Zur Unterst\u00fctzung des Immunsystems > OMNi-BiOTiC 6 Sachet (60x 3g)","robots":{"index":"noindex","follow":"follow","max-snippet":"max-snippet:-1","max-image-preview":"max-image-preview:large","max-video-preview":"max-video-preview:-1"},"og_locale":"de_DE","og_type":"article","og_title":"OMNi-BiOTiC 6 Sachet (60x 3g) &#187; bestelle bei L\u00f6wen Apotheke","og_description":"Registrierte Online-Apotheke. Wir bieten: Schneller internationaler Versand mit DHL. Zur Unterst\u00fctzung des Immunsystems > OMNi-BiOTiC 6 Sachet (60x 3g)","og_url":"https:\/\/loewentestneu.metafex.io\/de\/produkt\/omni-biotic-6-60x-3g-10064811","og_site_name":"L\u00f6wen Apotheke","article_modified_time":"2025-03-31T08:38:09+00:00","og_image":[{"width":600,"height":600,"url":"https:\/\/loewentestneu.metafex.io\/wp-content\/uploads\/2025\/03\/Omni-biotic-6-from-Allergosan-PZN-10064811-on-Lions-Pharmacy.webp","type":"image\/webp"}],"twitter_card":"summary_large_image","twitter_misc":{"Gesch\u00e4tzte Lesezeit":"1\u00a0Minute"},"schema":{"@context":"https:\/\/schema.org","@graph":[{"@type":"WebPage","@id":"https:\/\/loewentestneu.metafex.io\/de\/produkt\/omni-biotic-6-60x-3g-10064811","url":"https:\/\/loewentestneu.metafex.io\/de\/produkt\/omni-biotic-6-60x-3g-10064811","name":"OMNi-BiOTiC 6 Sachet (60x 3g) &#187; bestelle bei L\u00f6wen Apotheke","isPartOf":{"@id":"https:\/\/loewentestneu.metafex.io\/de#website"},"primaryImageOfPage":{"@id":"https:\/\/loewentestneu.metafex.io\/de\/produkt\/omni-biotic-6-60x-3g-10064811#primaryimage"},"image":{"@id":"https:\/\/loewentestneu.metafex.io\/de\/produkt\/omni-biotic-6-60x-3g-10064811#primaryimage"},"thumbnailUrl":"https:\/\/loewentestneu.metafex.io\/wp-content\/uploads\/2025\/03\/Omni-biotic-6-from-Allergosan-PZN-10064811-on-Lions-Pharmacy.webp","datePublished":"2025-03-31T06:15:38+00:00","dateModified":"2025-03-31T08:38:09+00:00","description":"Registrierte Online-Apotheke. Wir bieten: Schneller internationaler Versand mit DHL. Zur Unterst\u00fctzung des Immunsystems > OMNi-BiOTiC 6 Sachet (60x 3g)","breadcrumb":{"@id":"https:\/\/loewentestneu.metafex.io\/de\/produkt\/omni-biotic-6-60x-3g-10064811#breadcrumb"},"inLanguage":"de","potentialAction":[{"@type":"ReadAction","target":["https:\/\/loewentestneu.metafex.io\/de\/produkt\/omni-biotic-6-60x-3g-10064811"]}]},{"@type":"ImageObject","inLanguage":"de","@id":"https:\/\/loewentestneu.metafex.io\/de\/produkt\/omni-biotic-6-60x-3g-10064811#primaryimage","url":"https:\/\/loewentestneu.metafex.io\/wp-content\/uploads\/2025\/03\/Omni-biotic-6-from-Allergosan-PZN-10064811-on-Lions-Pharmacy.webp","contentUrl":"https:\/\/loewentestneu.metafex.io\/wp-content\/uploads\/2025\/03\/Omni-biotic-6-from-Allergosan-PZN-10064811-on-Lions-Pharmacy.webp","width":600,"height":600,"caption":"Omni biotic 6 von Allergosan, PZN-10064811, auf L\u00f6wen-Apotheke"},{"@type":"BreadcrumbList","@id":"https:\/\/loewentestneu.metafex.io\/de\/produkt\/omni-biotic-6-60x-3g-10064811#breadcrumb","itemListElement":[{"@type":"ListItem","position":1,"name":"Home","item":"https:\/\/loewentestneu.metafex.io\/de\/homepage-lion-pharmacy"},{"@type":"ListItem","position":2,"name":"Shop","item":"https:\/\/loewentestneu.metafex.io\/de\/shop-2"},{"@type":"ListItem","position":3,"name":"OMNi-BiOTiC 6 Sachet (60x 3g)"}]},{"@type":"WebSite","@id":"https:\/\/loewentestneu.metafex.io\/de#website","url":"https:\/\/loewentestneu.metafex.io\/de","name":"Lions Pharmacy","description":"Ihr Spezialist f\u00fcr Naturheilkunde aus Baden-Baden, Germany","publisher":{"@id":"https:\/\/loewentestneu.metafex.io\/de#organization"},"alternateName":"Lion Pharmacy","potentialAction":[{"@type":"SearchAction","target":{"@type":"EntryPoint","urlTemplate":"https:\/\/loewentestneu.metafex.io\/de?s={search_term_string}"},"query-input":{"@type":"PropertyValueSpecification","valueRequired":true,"valueName":"search_term_string"}}],"inLanguage":"de"},{"@type":"Organization","@id":"https:\/\/loewentestneu.metafex.io\/de#organization","name":"Lions Pharmacy","alternateName":"Lions Pharmacy24","url":"https:\/\/loewentestneu.metafex.io\/de","logo":{"@type":"ImageObject","inLanguage":"de","@id":"https:\/\/loewentestneu.metafex.io\/de#\/schema\/logo\/image\/","url":"https:\/\/loewentestneu.metafex.io\/wp-content\/uploads\/2022\/12\/Logo-Lion-Pharmacy-c-o-Loewen-Apotheke-smal.jpg","contentUrl":"https:\/\/loewentestneu.metafex.io\/wp-content\/uploads\/2022\/12\/Logo-Lion-Pharmacy-c-o-Loewen-Apotheke-smal.jpg","width":298,"height":99,"caption":"Lions Pharmacy"},"image":{"@id":"https:\/\/loewentestneu.metafex.io\/de#\/schema\/logo\/image\/"}}]}},"_links":{"self":[{"href":"https:\/\/loewentestneu.metafex.io\/de\/wp-json\/wp\/v2\/product\/10634","targetHints":{"allow":["GET"]}}],"collection":[{"href":"https:\/\/loewentestneu.metafex.io\/de\/wp-json\/wp\/v2\/product"}],"about":[{"href":"https:\/\/loewentestneu.metafex.io\/de\/wp-json\/wp\/v2\/types\/product"}],"replies":[{"embeddable":true,"href":"https:\/\/loewentestneu.metafex.io\/de\/wp-json\/wp\/v2\/comments?post=10634"}],"wp:featuredmedia":[{"embeddable":true,"href":"https:\/\/loewentestneu.metafex.io\/de\/wp-json\/wp\/v2\/media\/10637"}],"wp:attachment":[{"href":"https:\/\/loewentestneu.metafex.io\/de\/wp-json\/wp\/v2\/media?parent=10634"}],"wp:term":[{"taxonomy":"product_brand","embeddable":true,"href":"https:\/\/loewentestneu.metafex.io\/de\/wp-json\/wp\/v2\/product_brand?post=10634"},{"taxonomy":"product_cat","embeddable":true,"href":"https:\/\/loewentestneu.metafex.io\/de\/wp-json\/wp\/v2\/product_cat?post=10634"},{"taxonomy":"product_tag","embeddable":true,"href":"https:\/\/loewentestneu.metafex.io\/de\/wp-json\/wp\/v2\/product_tag?post=10634"}],"curies":[{"name":"wp","href":"https:\/\/api.w.org\/{rel}","templated":true}]}}