{"id":10677,"date":"2025-03-31T15:12:47","date_gmt":"2025-03-31T14:12:47","guid":{"rendered":"https:\/\/lions-pharmacy.com\/?post_type=product&#038;p=10677"},"modified":"2025-03-31T15:37:02","modified_gmt":"2025-03-31T14:37:02","slug":"colpofix-vaginal-gel-40-ml-18389398","status":"publish","type":"product","link":"https:\/\/loewentestneu.metafex.io\/de\/produkt\/colpofix-vaginal-gel-40-ml-18389398","title":{"rendered":"Colpofix Vaginalgel (40 ml)"},"content":{"rendered":"<h3>Colpofix Vaginalgel (40 ml)<\/h3>\n<p>Colpofix Vaginalgel zur Vorbeugung und Behandlung von Sch\u00e4den am Geb\u00e4rmutterhals, die durch humane Papillomviren (HPV) verursacht werden.<\/p>\n<p>Packungsbeilage\/Gebrauchsanweisung\/Artikeldatenblatt: &#8211; (PDF-Reader)<\/p>\n<p>Weitere Produkte f\u00fcr die Anwendung: <a href=\"https:\/\/loewentestneu.metafex.io\/product-tag\/concentration-stress\">Stress &amp; Immunsystem<\/a> | <a href=\"https:\/\/loewentestneu.metafex.io\/product-tag\/homeopathy\">Hom\u00f6opathie<\/a> | <a href=\"https:\/\/loewentestneu.metafex.io\/product-tag\/vitamins-supplements\">Vitamine &amp; Nahrungserg\u00e4nzungsmittel Produkte<\/a><\/p>\n<p>Erfahren Sie mehr \u00fcber den Hersteller und das Produkt: <a href=\"https:\/\/www.colpofix.com\/de\/\" target=\"_blank\" rel=\"noopener\">ITF Pharma Colpofix<\/a> (Link zu externer Website).<\/p>\n<p>Aktive Bestandteile: Wasser, Sorbitol, Carboxymethyl-Beta-Glucan, vernetztes Acrylpolymer (polycarbophil), Imidazolidinylharnstoff, Natriumdehydroacetat<\/p>\n<p>Die Apothekerin empfiehlt ihren Kunden im Falle einer Virusinfektion: Labo Life 2L EID und Omni-Biotic oder alternative Produkte wie Labo Life 2L PAPI<\/p>\n<p>Informationen auf dieser Website werden ausschlie\u00dflich f\u00fcr informative Zwecke zur Verf\u00fcgung gestellt. Sie ersetzen keinesfalls die Untersuchung und Behandlung durch einen Arzt. Bitte beachten Sie, dass hierdurch weder Diagnosen gestellt noch Therapien eingeleitet werden k\u00f6nnen. Nahrungserg\u00e4nzungsmittel sind kein Ersatz f\u00fcr eine ausgewogene und abwechslungsreiche Ern\u00e4hrung und eine gesunde Lebensweise. Die angegebene empfohlene Tagesdosismenge darf nicht \u00fcberschritten werden. Bewahren Sie das Produkt au\u00dferhalb der Reichweite von kleinen Kindern auf.<\/p>\n<p>Zu Risiken und Nebenwirkungen lesen Sie die Packungsbeilage und fragen Sie Ihren Arzt oder Apotheker.<\/p>\n","protected":false},"excerpt":{"rendered":"<h2>Colpofix Vaginalgel<\/h2>\n<p>Zur Vorbeugung und Behandlung von Sch\u00e4den am Geb\u00e4rmutterhals, die durch humane Papillomviren (HPV) verursacht werden.<\/p>\n<p>&nbsp;<\/p>\n<p><strong>PZN<\/strong>: 18389398 (Pharmazentralnummer)<\/p>\n<p><strong>Darreichungsform<\/strong>: Gel<\/p>\n<p><strong>Verschreibungsart<\/strong>: verschreibungsfrei<\/p>\n<p><strong>Marke<\/strong>: Colpofix<\/p>\n<p><strong>Hersteller<\/strong>: ITF Pharma GmbH, Deutschland<\/p>\n<p><strong>Packungsgr\u00f6\u00dfe<\/strong>: 40 ml (2x 20 ml)<\/p>\n","protected":false},"featured_media":10680,"comment_status":"closed","ping_status":"closed","template":"","meta":[],"product_brand":[],"product_cat":[367,368],"product_tag":[434,380,379,428],"class_list":{"0":"post-10677","1":"product","2":"type-product","3":"status-publish","4":"has-post-thumbnail","6":"product_cat-sale-de","7":"product_cat-shop-de","8":"product_tag-gewicht-und-fitness","9":"product_tag-mikroimmuntherapie","10":"product_tag-monatlicher-sale-de","11":"product_tag-virusinfektion","12":"ts_product_brand-alle","14":"first","15":"instock","16":"sale","17":"taxable","18":"shipping-taxable","19":"purchasable","20":"product-type-simple"},"yoast_head":"<!-- This site is optimized with the Yoast SEO plugin v26.5 - https:\/\/yoast.com\/wordpress\/plugins\/seo\/ -->\n<title>Colpofix Vaginalgel (40 ml) &#187; bestelle bei L\u00f6wen Apotheke<\/title>\n<meta name=\"description\" content=\"Registrierte Online-Apotheke. Wir bieten: Schneller internationaler Versand mit DHL. F\u00fcr die gestresste Frauenflora: Colpofix Vaginalgel (40 ml)\" \/>\n<meta name=\"robots\" content=\"noindex, follow, max-snippet:-1, max-image-preview:large, max-video-preview:-1\" \/>\n<meta property=\"og:locale\" content=\"de_DE\" \/>\n<meta property=\"og:type\" content=\"article\" \/>\n<meta property=\"og:title\" content=\"Colpofix Vaginalgel (40 ml) &#187; bestelle bei L\u00f6wen Apotheke\" \/>\n<meta property=\"og:description\" content=\"Registrierte Online-Apotheke. Wir bieten: Schneller internationaler Versand mit DHL. F\u00fcr die gestresste Frauenflora: Colpofix Vaginalgel (40 ml)\" \/>\n<meta property=\"og:url\" content=\"https:\/\/loewentestneu.metafex.io\/de\/produkt\/colpofix-vaginal-gel-40-ml-18389398\" \/>\n<meta property=\"og:site_name\" content=\"L\u00f6wen Apotheke\" \/>\n<meta property=\"article:modified_time\" content=\"2025-03-31T14:37:02+00:00\" \/>\n<meta property=\"og:image\" content=\"https:\/\/loewentestneu.metafex.io\/wp-content\/uploads\/2025\/03\/ITF-Pharma-GmbH-Colpofix-vaginal-gel-presented-by-Lions-Pharmacy.webp\" \/>\n\t<meta property=\"og:image:width\" content=\"600\" \/>\n\t<meta property=\"og:image:height\" content=\"600\" \/>\n\t<meta property=\"og:image:type\" content=\"image\/webp\" \/>\n<meta name=\"twitter:card\" content=\"summary_large_image\" \/>\n<meta name=\"twitter:label1\" content=\"Gesch\u00e4tzte Lesezeit\" \/>\n\t<meta name=\"twitter:data1\" content=\"1\u00a0Minute\" \/>\n<script type=\"application\/ld+json\" class=\"yoast-schema-graph\">{\"@context\":\"https:\/\/schema.org\",\"@graph\":[{\"@type\":\"WebPage\",\"@id\":\"https:\/\/loewentestneu.metafex.io\/de\/produkt\/colpofix-vaginal-gel-40-ml-18389398\",\"url\":\"https:\/\/loewentestneu.metafex.io\/de\/produkt\/colpofix-vaginal-gel-40-ml-18389398\",\"name\":\"Colpofix Vaginalgel (40 ml) &#187; bestelle bei L\u00f6wen Apotheke\",\"isPartOf\":{\"@id\":\"https:\/\/loewentestneu.metafex.io\/de#website\"},\"primaryImageOfPage\":{\"@id\":\"https:\/\/loewentestneu.metafex.io\/de\/produkt\/colpofix-vaginal-gel-40-ml-18389398#primaryimage\"},\"image\":{\"@id\":\"https:\/\/loewentestneu.metafex.io\/de\/produkt\/colpofix-vaginal-gel-40-ml-18389398#primaryimage\"},\"thumbnailUrl\":\"https:\/\/loewentestneu.metafex.io\/wp-content\/uploads\/2025\/03\/ITF-Pharma-GmbH-Colpofix-vaginal-gel-presented-by-Lions-Pharmacy.webp\",\"datePublished\":\"2025-03-31T14:12:47+00:00\",\"dateModified\":\"2025-03-31T14:37:02+00:00\",\"description\":\"Registrierte Online-Apotheke. Wir bieten: Schneller internationaler Versand mit DHL. F\u00fcr die gestresste Frauenflora: Colpofix Vaginalgel (40 ml)\",\"breadcrumb\":{\"@id\":\"https:\/\/loewentestneu.metafex.io\/de\/produkt\/colpofix-vaginal-gel-40-ml-18389398#breadcrumb\"},\"inLanguage\":\"de\",\"potentialAction\":[{\"@type\":\"ReadAction\",\"target\":[\"https:\/\/loewentestneu.metafex.io\/de\/produkt\/colpofix-vaginal-gel-40-ml-18389398\"]}]},{\"@type\":\"ImageObject\",\"inLanguage\":\"de\",\"@id\":\"https:\/\/loewentestneu.metafex.io\/de\/produkt\/colpofix-vaginal-gel-40-ml-18389398#primaryimage\",\"url\":\"https:\/\/loewentestneu.metafex.io\/wp-content\/uploads\/2025\/03\/ITF-Pharma-GmbH-Colpofix-vaginal-gel-presented-by-Lions-Pharmacy.webp\",\"contentUrl\":\"https:\/\/loewentestneu.metafex.io\/wp-content\/uploads\/2025\/03\/ITF-Pharma-GmbH-Colpofix-vaginal-gel-presented-by-Lions-Pharmacy.webp\",\"width\":600,\"height\":600,\"caption\":\"Eine Schachtel Colpofix Vaginalgel pr\u00e4sentiert von Lions Pharmacy\"},{\"@type\":\"BreadcrumbList\",\"@id\":\"https:\/\/loewentestneu.metafex.io\/de\/produkt\/colpofix-vaginal-gel-40-ml-18389398#breadcrumb\",\"itemListElement\":[{\"@type\":\"ListItem\",\"position\":1,\"name\":\"Home\",\"item\":\"https:\/\/loewentestneu.metafex.io\/de\/homepage-lion-pharmacy\"},{\"@type\":\"ListItem\",\"position\":2,\"name\":\"Shop\",\"item\":\"https:\/\/loewentestneu.metafex.io\/de\/shop-2\"},{\"@type\":\"ListItem\",\"position\":3,\"name\":\"Colpofix Vaginalgel (40 ml)\"}]},{\"@type\":\"WebSite\",\"@id\":\"https:\/\/loewentestneu.metafex.io\/de#website\",\"url\":\"https:\/\/loewentestneu.metafex.io\/de\",\"name\":\"Lions Pharmacy\",\"description\":\"Ihr Spezialist f\u00fcr Naturheilkunde aus Baden-Baden, Germany\",\"publisher\":{\"@id\":\"https:\/\/loewentestneu.metafex.io\/de#organization\"},\"alternateName\":\"Lion Pharmacy\",\"potentialAction\":[{\"@type\":\"SearchAction\",\"target\":{\"@type\":\"EntryPoint\",\"urlTemplate\":\"https:\/\/loewentestneu.metafex.io\/de?s={search_term_string}\"},\"query-input\":{\"@type\":\"PropertyValueSpecification\",\"valueRequired\":true,\"valueName\":\"search_term_string\"}}],\"inLanguage\":\"de\"},{\"@type\":\"Organization\",\"@id\":\"https:\/\/loewentestneu.metafex.io\/de#organization\",\"name\":\"Lions Pharmacy\",\"alternateName\":\"Lions Pharmacy24\",\"url\":\"https:\/\/loewentestneu.metafex.io\/de\",\"logo\":{\"@type\":\"ImageObject\",\"inLanguage\":\"de\",\"@id\":\"https:\/\/loewentestneu.metafex.io\/de#\/schema\/logo\/image\/\",\"url\":\"https:\/\/loewentestneu.metafex.io\/wp-content\/uploads\/2022\/12\/Logo-Lion-Pharmacy-c-o-Loewen-Apotheke-smal.jpg\",\"contentUrl\":\"https:\/\/loewentestneu.metafex.io\/wp-content\/uploads\/2022\/12\/Logo-Lion-Pharmacy-c-o-Loewen-Apotheke-smal.jpg\",\"width\":298,\"height\":99,\"caption\":\"Lions Pharmacy\"},\"image\":{\"@id\":\"https:\/\/loewentestneu.metafex.io\/de#\/schema\/logo\/image\/\"}}]}<\/script>\n<!-- \/ Yoast SEO plugin. -->","yoast_head_json":{"title":"Colpofix Vaginalgel (40 ml) &#187; bestelle bei L\u00f6wen Apotheke","description":"Registrierte Online-Apotheke. Wir bieten: Schneller internationaler Versand mit DHL. F\u00fcr die gestresste Frauenflora: Colpofix Vaginalgel (40 ml)","robots":{"index":"noindex","follow":"follow","max-snippet":"max-snippet:-1","max-image-preview":"max-image-preview:large","max-video-preview":"max-video-preview:-1"},"og_locale":"de_DE","og_type":"article","og_title":"Colpofix Vaginalgel (40 ml) &#187; bestelle bei L\u00f6wen Apotheke","og_description":"Registrierte Online-Apotheke. Wir bieten: Schneller internationaler Versand mit DHL. F\u00fcr die gestresste Frauenflora: Colpofix Vaginalgel (40 ml)","og_url":"https:\/\/loewentestneu.metafex.io\/de\/produkt\/colpofix-vaginal-gel-40-ml-18389398","og_site_name":"L\u00f6wen Apotheke","article_modified_time":"2025-03-31T14:37:02+00:00","og_image":[{"width":600,"height":600,"url":"https:\/\/loewentestneu.metafex.io\/wp-content\/uploads\/2025\/03\/ITF-Pharma-GmbH-Colpofix-vaginal-gel-presented-by-Lions-Pharmacy.webp","type":"image\/webp"}],"twitter_card":"summary_large_image","twitter_misc":{"Gesch\u00e4tzte Lesezeit":"1\u00a0Minute"},"schema":{"@context":"https:\/\/schema.org","@graph":[{"@type":"WebPage","@id":"https:\/\/loewentestneu.metafex.io\/de\/produkt\/colpofix-vaginal-gel-40-ml-18389398","url":"https:\/\/loewentestneu.metafex.io\/de\/produkt\/colpofix-vaginal-gel-40-ml-18389398","name":"Colpofix Vaginalgel (40 ml) &#187; bestelle bei L\u00f6wen Apotheke","isPartOf":{"@id":"https:\/\/loewentestneu.metafex.io\/de#website"},"primaryImageOfPage":{"@id":"https:\/\/loewentestneu.metafex.io\/de\/produkt\/colpofix-vaginal-gel-40-ml-18389398#primaryimage"},"image":{"@id":"https:\/\/loewentestneu.metafex.io\/de\/produkt\/colpofix-vaginal-gel-40-ml-18389398#primaryimage"},"thumbnailUrl":"https:\/\/loewentestneu.metafex.io\/wp-content\/uploads\/2025\/03\/ITF-Pharma-GmbH-Colpofix-vaginal-gel-presented-by-Lions-Pharmacy.webp","datePublished":"2025-03-31T14:12:47+00:00","dateModified":"2025-03-31T14:37:02+00:00","description":"Registrierte Online-Apotheke. Wir bieten: Schneller internationaler Versand mit DHL. F\u00fcr die gestresste Frauenflora: Colpofix Vaginalgel (40 ml)","breadcrumb":{"@id":"https:\/\/loewentestneu.metafex.io\/de\/produkt\/colpofix-vaginal-gel-40-ml-18389398#breadcrumb"},"inLanguage":"de","potentialAction":[{"@type":"ReadAction","target":["https:\/\/loewentestneu.metafex.io\/de\/produkt\/colpofix-vaginal-gel-40-ml-18389398"]}]},{"@type":"ImageObject","inLanguage":"de","@id":"https:\/\/loewentestneu.metafex.io\/de\/produkt\/colpofix-vaginal-gel-40-ml-18389398#primaryimage","url":"https:\/\/loewentestneu.metafex.io\/wp-content\/uploads\/2025\/03\/ITF-Pharma-GmbH-Colpofix-vaginal-gel-presented-by-Lions-Pharmacy.webp","contentUrl":"https:\/\/loewentestneu.metafex.io\/wp-content\/uploads\/2025\/03\/ITF-Pharma-GmbH-Colpofix-vaginal-gel-presented-by-Lions-Pharmacy.webp","width":600,"height":600,"caption":"Eine Schachtel Colpofix Vaginalgel pr\u00e4sentiert von Lions Pharmacy"},{"@type":"BreadcrumbList","@id":"https:\/\/loewentestneu.metafex.io\/de\/produkt\/colpofix-vaginal-gel-40-ml-18389398#breadcrumb","itemListElement":[{"@type":"ListItem","position":1,"name":"Home","item":"https:\/\/loewentestneu.metafex.io\/de\/homepage-lion-pharmacy"},{"@type":"ListItem","position":2,"name":"Shop","item":"https:\/\/loewentestneu.metafex.io\/de\/shop-2"},{"@type":"ListItem","position":3,"name":"Colpofix Vaginalgel (40 ml)"}]},{"@type":"WebSite","@id":"https:\/\/loewentestneu.metafex.io\/de#website","url":"https:\/\/loewentestneu.metafex.io\/de","name":"Lions Pharmacy","description":"Ihr Spezialist f\u00fcr Naturheilkunde aus Baden-Baden, Germany","publisher":{"@id":"https:\/\/loewentestneu.metafex.io\/de#organization"},"alternateName":"Lion Pharmacy","potentialAction":[{"@type":"SearchAction","target":{"@type":"EntryPoint","urlTemplate":"https:\/\/loewentestneu.metafex.io\/de?s={search_term_string}"},"query-input":{"@type":"PropertyValueSpecification","valueRequired":true,"valueName":"search_term_string"}}],"inLanguage":"de"},{"@type":"Organization","@id":"https:\/\/loewentestneu.metafex.io\/de#organization","name":"Lions Pharmacy","alternateName":"Lions Pharmacy24","url":"https:\/\/loewentestneu.metafex.io\/de","logo":{"@type":"ImageObject","inLanguage":"de","@id":"https:\/\/loewentestneu.metafex.io\/de#\/schema\/logo\/image\/","url":"https:\/\/loewentestneu.metafex.io\/wp-content\/uploads\/2022\/12\/Logo-Lion-Pharmacy-c-o-Loewen-Apotheke-smal.jpg","contentUrl":"https:\/\/loewentestneu.metafex.io\/wp-content\/uploads\/2022\/12\/Logo-Lion-Pharmacy-c-o-Loewen-Apotheke-smal.jpg","width":298,"height":99,"caption":"Lions Pharmacy"},"image":{"@id":"https:\/\/loewentestneu.metafex.io\/de#\/schema\/logo\/image\/"}}]}},"_links":{"self":[{"href":"https:\/\/loewentestneu.metafex.io\/de\/wp-json\/wp\/v2\/product\/10677","targetHints":{"allow":["GET"]}}],"collection":[{"href":"https:\/\/loewentestneu.metafex.io\/de\/wp-json\/wp\/v2\/product"}],"about":[{"href":"https:\/\/loewentestneu.metafex.io\/de\/wp-json\/wp\/v2\/types\/product"}],"replies":[{"embeddable":true,"href":"https:\/\/loewentestneu.metafex.io\/de\/wp-json\/wp\/v2\/comments?post=10677"}],"wp:featuredmedia":[{"embeddable":true,"href":"https:\/\/loewentestneu.metafex.io\/de\/wp-json\/wp\/v2\/media\/10680"}],"wp:attachment":[{"href":"https:\/\/loewentestneu.metafex.io\/de\/wp-json\/wp\/v2\/media?parent=10677"}],"wp:term":[{"taxonomy":"product_brand","embeddable":true,"href":"https:\/\/loewentestneu.metafex.io\/de\/wp-json\/wp\/v2\/product_brand?post=10677"},{"taxonomy":"product_cat","embeddable":true,"href":"https:\/\/loewentestneu.metafex.io\/de\/wp-json\/wp\/v2\/product_cat?post=10677"},{"taxonomy":"product_tag","embeddable":true,"href":"https:\/\/loewentestneu.metafex.io\/de\/wp-json\/wp\/v2\/product_tag?post=10677"}],"curies":[{"name":"wp","href":"https:\/\/api.w.org\/{rel}","templated":true}]}}