{"id":10969,"date":"2025-04-10T13:46:23","date_gmt":"2025-04-10T12:46:23","guid":{"rendered":"https:\/\/lions-pharmacy.com\/?post_type=product&#038;p=10969"},"modified":"2025-04-22T04:46:06","modified_gmt":"2025-04-22T03:46:06","slug":"femibion-fuer-sie-und-ihn-2x-28-pc-19669131","status":"publish","type":"product","link":"https:\/\/loewentestneu.metafex.io\/de\/produkt\/femibion-fuer-sie-und-ihn-2x-28-pc-19669131","title":{"rendered":"Femibion f\u00fcr Sie &amp; Ihn (2x 28 St\u00fcck)"},"content":{"rendered":"<h3>Femibion f\u00fcr Sie &amp; Ihn<\/h3>\n<p>Femibion f\u00fcr Sie &amp; Ihn (2x 28 St\u00fcck) Tabletten enthalten eine Auswahl an N\u00e4hrstoffen, die speziell auf die erste Phase vor der Schwangerschaft abgestimmt sind. Unterst\u00fctzt Fruchtbarkeit und Fortpflanzung, Spermienproduktion dank der Formel mit den Vitaminen Zink, Selen, Vitamin C, E, Mangan und Fols\u00e4ure. Das Nahrungserg\u00e4nzungsmittel dient als Begleiter von Anfang bis Ende.<\/p>\n<p>Packungsbeilage\/Gebrauchsanweisung\/Artikeldatenblatt: &#8211; (PDF-Reader)<\/p>\n<p>Andere Produkte f\u00fcr diese Anwendung: Schwangerschaft | <a href=\"https:\/\/loewentestneu.metafex.io\/product-tag\/vitamins-supplements\">Vitamine &amp; Nahrungserg\u00e4nzungsmittel Produkte<\/a><\/p>\n<p>Erfahren Sie mehr \u00fcber den Hersteller und das Produkt: <a href=\"https:\/\/www.femibion.de\/kinderwunsch\" target=\"_blank\" rel=\"noopener\">Femibion<\/a> (Link zu externer Website).<\/p>\n<p>Aktive Bestandteile: Wasser, Sorbitol, Carboxymethyl-Beta-Glucan, vernetztes Acrylpolymer (polycarbophil), Imidazolidinylharnstoff, Natriumdehydroacetat<\/p>\n<p>Die Apothekerin empfiehlt ihren Kunden im Falle einer Virusinfektion: Labo Life 2L EID und Omni-Biotic oder alternative Produkte wie Labo Life 2L PAPI<\/p>\n<p>Informationen auf dieser Website werden ausschlie\u00dflich f\u00fcr informative Zwecke zur Verf\u00fcgung gestellt. Sie ersetzen keinesfalls die Untersuchung und Behandlung durch einen Arzt. Bitte beachten Sie, dass hierdurch weder Diagnosen gestellt noch Therapien eingeleitet werden k\u00f6nnen. Nahrungserg\u00e4nzungsmittel sind kein Ersatz f\u00fcr eine ausgewogene und abwechslungsreiche Ern\u00e4hrung und eine gesunde Lebensweise. Die angegebene empfohlene Tagesdosismenge darf nicht \u00fcberschritten werden. Bewahren Sie das Produkt au\u00dferhalb der Reichweite von kleinen Kindern auf.<\/p>\n<p>Zu Risiken und Nebenwirkungen lesen Sie die Packungsbeilage und fragen Sie Ihren Arzt oder Apotheker.<\/p>\n","protected":false},"excerpt":{"rendered":"<h2>Femibion f\u00fcr Sie &amp; Ihn<\/h2>\n<p>Gemeinsam f\u00fcr den Wunsch, Kinder zu bekommen. Unterst\u00fctzt Fruchtbarkeit und Fortpflanzung, Spermienproduktion<\/p>\n<p>&nbsp;<\/p>\n<p><strong>PZN<\/strong>: 19669131 (Pharmazentralnummer)<\/p>\n<p><strong>Darreichungsform<\/strong>: Tabletten<\/p>\n<p><strong>Verschreibungsart<\/strong>: verschreibungsfrei<\/p>\n<p><strong>Marke<\/strong>: Femibion<\/p>\n<p><strong>Hersteller<\/strong>: P&amp;G Health Germany GmbH, Schwalbach am Taunus, Deutschland<\/p>\n<p><strong>Packungsgr\u00f6\u00dfe<\/strong>: 2x 28 St\u00fcck<\/p>\n","protected":false},"featured_media":10978,"comment_status":"closed","ping_status":"closed","template":"","meta":[],"product_brand":[],"product_cat":[367,368],"product_tag":[434,379,429],"class_list":{"0":"post-10969","1":"product","2":"type-product","3":"status-publish","4":"has-post-thumbnail","6":"product_cat-sale-de","7":"product_cat-shop-de","8":"product_tag-gewicht-und-fitness","9":"product_tag-monatlicher-sale-de","10":"product_tag-vitamine-und-nahrungserganzungsmittel","11":"ts_product_brand-alle","13":"first","14":"instock","15":"sale","16":"taxable","17":"shipping-taxable","18":"purchasable","19":"product-type-simple"},"yoast_head":"<!-- This site is optimized with the Yoast SEO plugin v26.5 - https:\/\/yoast.com\/wordpress\/plugins\/seo\/ -->\n<title>Femibion f\u00fcr Sie &amp; Ihn (2x 28 St\u00fcck) &#187; bestelle bei L\u00f6wen Apotheke<\/title>\n<meta name=\"description\" content=\"Registrierte Online-Apotheke. Wir bieten: Schneller internationaler Versand mit DHL. Der Wunsch, Kinder zu haben: Femibion f\u00fcr Sie &amp; Ihn (2x 28 St\u00fcck)\" \/>\n<meta name=\"robots\" content=\"noindex, follow, max-snippet:-1, max-image-preview:large, max-video-preview:-1\" \/>\n<meta property=\"og:locale\" content=\"de_DE\" \/>\n<meta property=\"og:type\" content=\"article\" \/>\n<meta property=\"og:title\" content=\"Femibion f\u00fcr Sie &amp; Ihn (2x 28 St\u00fcck) &#187; bestelle bei L\u00f6wen Apotheke\" \/>\n<meta property=\"og:description\" content=\"Registrierte Online-Apotheke. Wir bieten: Schneller internationaler Versand mit DHL. Der Wunsch, Kinder zu haben: Femibion f\u00fcr Sie &amp; Ihn (2x 28 St\u00fcck)\" \/>\n<meta property=\"og:url\" content=\"https:\/\/loewentestneu.metafex.io\/de\/produkt\/femibion-fuer-sie-und-ihn-2x-28-pc-19669131\" \/>\n<meta property=\"og:site_name\" content=\"L\u00f6wen Apotheke\" \/>\n<meta property=\"article:modified_time\" content=\"2025-04-22T03:46:06+00:00\" \/>\n<meta property=\"og:image\" content=\"https:\/\/loewentestneu.metafex.io\/wp-content\/uploads\/2025\/04\/femibion-for-her-and-him-tablets-example.webp\" \/>\n\t<meta property=\"og:image:width\" content=\"600\" \/>\n\t<meta property=\"og:image:height\" content=\"600\" \/>\n\t<meta property=\"og:image:type\" content=\"image\/webp\" \/>\n<meta name=\"twitter:card\" content=\"summary_large_image\" \/>\n<meta name=\"twitter:label1\" content=\"Gesch\u00e4tzte Lesezeit\" \/>\n\t<meta name=\"twitter:data1\" content=\"1\u00a0Minute\" \/>\n<script type=\"application\/ld+json\" class=\"yoast-schema-graph\">{\"@context\":\"https:\/\/schema.org\",\"@graph\":[{\"@type\":\"WebPage\",\"@id\":\"https:\/\/loewentestneu.metafex.io\/de\/produkt\/femibion-fuer-sie-und-ihn-2x-28-pc-19669131\",\"url\":\"https:\/\/loewentestneu.metafex.io\/de\/produkt\/femibion-fuer-sie-und-ihn-2x-28-pc-19669131\",\"name\":\"Femibion f\u00fcr Sie &amp; Ihn (2x 28 St\u00fcck) &#187; bestelle bei L\u00f6wen Apotheke\",\"isPartOf\":{\"@id\":\"https:\/\/loewentestneu.metafex.io\/de#website\"},\"primaryImageOfPage\":{\"@id\":\"https:\/\/loewentestneu.metafex.io\/de\/produkt\/femibion-fuer-sie-und-ihn-2x-28-pc-19669131#primaryimage\"},\"image\":{\"@id\":\"https:\/\/loewentestneu.metafex.io\/de\/produkt\/femibion-fuer-sie-und-ihn-2x-28-pc-19669131#primaryimage\"},\"thumbnailUrl\":\"https:\/\/loewentestneu.metafex.io\/wp-content\/uploads\/2025\/04\/femibion-for-her-and-him-tablets-example.webp\",\"datePublished\":\"2025-04-10T12:46:23+00:00\",\"dateModified\":\"2025-04-22T03:46:06+00:00\",\"description\":\"Registrierte Online-Apotheke. Wir bieten: Schneller internationaler Versand mit DHL. Der Wunsch, Kinder zu haben: Femibion f\u00fcr Sie &amp; Ihn (2x 28 St\u00fcck)\",\"breadcrumb\":{\"@id\":\"https:\/\/loewentestneu.metafex.io\/de\/produkt\/femibion-fuer-sie-und-ihn-2x-28-pc-19669131#breadcrumb\"},\"inLanguage\":\"de\",\"potentialAction\":[{\"@type\":\"ReadAction\",\"target\":[\"https:\/\/loewentestneu.metafex.io\/de\/produkt\/femibion-fuer-sie-und-ihn-2x-28-pc-19669131\"]}]},{\"@type\":\"ImageObject\",\"inLanguage\":\"de\",\"@id\":\"https:\/\/loewentestneu.metafex.io\/de\/produkt\/femibion-fuer-sie-und-ihn-2x-28-pc-19669131#primaryimage\",\"url\":\"https:\/\/loewentestneu.metafex.io\/wp-content\/uploads\/2025\/04\/femibion-for-her-and-him-tablets-example.webp\",\"contentUrl\":\"https:\/\/loewentestneu.metafex.io\/wp-content\/uploads\/2025\/04\/femibion-for-her-and-him-tablets-example.webp\",\"width\":600,\"height\":600,\"caption\":\"femibion f\u00fcr Sie und Ihn Tabletten Beispiel\"},{\"@type\":\"BreadcrumbList\",\"@id\":\"https:\/\/loewentestneu.metafex.io\/de\/produkt\/femibion-fuer-sie-und-ihn-2x-28-pc-19669131#breadcrumb\",\"itemListElement\":[{\"@type\":\"ListItem\",\"position\":1,\"name\":\"Home\",\"item\":\"https:\/\/loewentestneu.metafex.io\/de\/homepage-lion-pharmacy\"},{\"@type\":\"ListItem\",\"position\":2,\"name\":\"Shop\",\"item\":\"https:\/\/loewentestneu.metafex.io\/de\/shop-2\"},{\"@type\":\"ListItem\",\"position\":3,\"name\":\"Femibion f\u00fcr Sie &amp; Ihn (2x 28 St\u00fcck)\"}]},{\"@type\":\"WebSite\",\"@id\":\"https:\/\/loewentestneu.metafex.io\/de#website\",\"url\":\"https:\/\/loewentestneu.metafex.io\/de\",\"name\":\"Lions Pharmacy\",\"description\":\"Ihr Spezialist f\u00fcr Naturheilkunde aus Baden-Baden, Germany\",\"publisher\":{\"@id\":\"https:\/\/loewentestneu.metafex.io\/de#organization\"},\"alternateName\":\"Lion Pharmacy\",\"potentialAction\":[{\"@type\":\"SearchAction\",\"target\":{\"@type\":\"EntryPoint\",\"urlTemplate\":\"https:\/\/loewentestneu.metafex.io\/de?s={search_term_string}\"},\"query-input\":{\"@type\":\"PropertyValueSpecification\",\"valueRequired\":true,\"valueName\":\"search_term_string\"}}],\"inLanguage\":\"de\"},{\"@type\":\"Organization\",\"@id\":\"https:\/\/loewentestneu.metafex.io\/de#organization\",\"name\":\"Lions Pharmacy\",\"alternateName\":\"Lions Pharmacy24\",\"url\":\"https:\/\/loewentestneu.metafex.io\/de\",\"logo\":{\"@type\":\"ImageObject\",\"inLanguage\":\"de\",\"@id\":\"https:\/\/loewentestneu.metafex.io\/de#\/schema\/logo\/image\/\",\"url\":\"https:\/\/loewentestneu.metafex.io\/wp-content\/uploads\/2022\/12\/Logo-Lion-Pharmacy-c-o-Loewen-Apotheke-smal.jpg\",\"contentUrl\":\"https:\/\/loewentestneu.metafex.io\/wp-content\/uploads\/2022\/12\/Logo-Lion-Pharmacy-c-o-Loewen-Apotheke-smal.jpg\",\"width\":298,\"height\":99,\"caption\":\"Lions Pharmacy\"},\"image\":{\"@id\":\"https:\/\/loewentestneu.metafex.io\/de#\/schema\/logo\/image\/\"}}]}<\/script>\n<!-- \/ Yoast SEO plugin. -->","yoast_head_json":{"title":"Femibion f\u00fcr Sie &amp; Ihn (2x 28 St\u00fcck) &#187; bestelle bei L\u00f6wen Apotheke","description":"Registrierte Online-Apotheke. Wir bieten: Schneller internationaler Versand mit DHL. Der Wunsch, Kinder zu haben: Femibion f\u00fcr Sie &amp; Ihn (2x 28 St\u00fcck)","robots":{"index":"noindex","follow":"follow","max-snippet":"max-snippet:-1","max-image-preview":"max-image-preview:large","max-video-preview":"max-video-preview:-1"},"og_locale":"de_DE","og_type":"article","og_title":"Femibion f\u00fcr Sie &amp; Ihn (2x 28 St\u00fcck) &#187; bestelle bei L\u00f6wen Apotheke","og_description":"Registrierte Online-Apotheke. Wir bieten: Schneller internationaler Versand mit DHL. Der Wunsch, Kinder zu haben: Femibion f\u00fcr Sie &amp; Ihn (2x 28 St\u00fcck)","og_url":"https:\/\/loewentestneu.metafex.io\/de\/produkt\/femibion-fuer-sie-und-ihn-2x-28-pc-19669131","og_site_name":"L\u00f6wen Apotheke","article_modified_time":"2025-04-22T03:46:06+00:00","og_image":[{"width":600,"height":600,"url":"https:\/\/loewentestneu.metafex.io\/wp-content\/uploads\/2025\/04\/femibion-for-her-and-him-tablets-example.webp","type":"image\/webp"}],"twitter_card":"summary_large_image","twitter_misc":{"Gesch\u00e4tzte Lesezeit":"1\u00a0Minute"},"schema":{"@context":"https:\/\/schema.org","@graph":[{"@type":"WebPage","@id":"https:\/\/loewentestneu.metafex.io\/de\/produkt\/femibion-fuer-sie-und-ihn-2x-28-pc-19669131","url":"https:\/\/loewentestneu.metafex.io\/de\/produkt\/femibion-fuer-sie-und-ihn-2x-28-pc-19669131","name":"Femibion f\u00fcr Sie &amp; Ihn (2x 28 St\u00fcck) &#187; bestelle bei L\u00f6wen Apotheke","isPartOf":{"@id":"https:\/\/loewentestneu.metafex.io\/de#website"},"primaryImageOfPage":{"@id":"https:\/\/loewentestneu.metafex.io\/de\/produkt\/femibion-fuer-sie-und-ihn-2x-28-pc-19669131#primaryimage"},"image":{"@id":"https:\/\/loewentestneu.metafex.io\/de\/produkt\/femibion-fuer-sie-und-ihn-2x-28-pc-19669131#primaryimage"},"thumbnailUrl":"https:\/\/loewentestneu.metafex.io\/wp-content\/uploads\/2025\/04\/femibion-for-her-and-him-tablets-example.webp","datePublished":"2025-04-10T12:46:23+00:00","dateModified":"2025-04-22T03:46:06+00:00","description":"Registrierte Online-Apotheke. Wir bieten: Schneller internationaler Versand mit DHL. Der Wunsch, Kinder zu haben: Femibion f\u00fcr Sie &amp; Ihn (2x 28 St\u00fcck)","breadcrumb":{"@id":"https:\/\/loewentestneu.metafex.io\/de\/produkt\/femibion-fuer-sie-und-ihn-2x-28-pc-19669131#breadcrumb"},"inLanguage":"de","potentialAction":[{"@type":"ReadAction","target":["https:\/\/loewentestneu.metafex.io\/de\/produkt\/femibion-fuer-sie-und-ihn-2x-28-pc-19669131"]}]},{"@type":"ImageObject","inLanguage":"de","@id":"https:\/\/loewentestneu.metafex.io\/de\/produkt\/femibion-fuer-sie-und-ihn-2x-28-pc-19669131#primaryimage","url":"https:\/\/loewentestneu.metafex.io\/wp-content\/uploads\/2025\/04\/femibion-for-her-and-him-tablets-example.webp","contentUrl":"https:\/\/loewentestneu.metafex.io\/wp-content\/uploads\/2025\/04\/femibion-for-her-and-him-tablets-example.webp","width":600,"height":600,"caption":"femibion f\u00fcr Sie und Ihn Tabletten Beispiel"},{"@type":"BreadcrumbList","@id":"https:\/\/loewentestneu.metafex.io\/de\/produkt\/femibion-fuer-sie-und-ihn-2x-28-pc-19669131#breadcrumb","itemListElement":[{"@type":"ListItem","position":1,"name":"Home","item":"https:\/\/loewentestneu.metafex.io\/de\/homepage-lion-pharmacy"},{"@type":"ListItem","position":2,"name":"Shop","item":"https:\/\/loewentestneu.metafex.io\/de\/shop-2"},{"@type":"ListItem","position":3,"name":"Femibion f\u00fcr Sie &amp; Ihn (2x 28 St\u00fcck)"}]},{"@type":"WebSite","@id":"https:\/\/loewentestneu.metafex.io\/de#website","url":"https:\/\/loewentestneu.metafex.io\/de","name":"Lions Pharmacy","description":"Ihr Spezialist f\u00fcr Naturheilkunde aus Baden-Baden, Germany","publisher":{"@id":"https:\/\/loewentestneu.metafex.io\/de#organization"},"alternateName":"Lion Pharmacy","potentialAction":[{"@type":"SearchAction","target":{"@type":"EntryPoint","urlTemplate":"https:\/\/loewentestneu.metafex.io\/de?s={search_term_string}"},"query-input":{"@type":"PropertyValueSpecification","valueRequired":true,"valueName":"search_term_string"}}],"inLanguage":"de"},{"@type":"Organization","@id":"https:\/\/loewentestneu.metafex.io\/de#organization","name":"Lions Pharmacy","alternateName":"Lions Pharmacy24","url":"https:\/\/loewentestneu.metafex.io\/de","logo":{"@type":"ImageObject","inLanguage":"de","@id":"https:\/\/loewentestneu.metafex.io\/de#\/schema\/logo\/image\/","url":"https:\/\/loewentestneu.metafex.io\/wp-content\/uploads\/2022\/12\/Logo-Lion-Pharmacy-c-o-Loewen-Apotheke-smal.jpg","contentUrl":"https:\/\/loewentestneu.metafex.io\/wp-content\/uploads\/2022\/12\/Logo-Lion-Pharmacy-c-o-Loewen-Apotheke-smal.jpg","width":298,"height":99,"caption":"Lions Pharmacy"},"image":{"@id":"https:\/\/loewentestneu.metafex.io\/de#\/schema\/logo\/image\/"}}]}},"_links":{"self":[{"href":"https:\/\/loewentestneu.metafex.io\/de\/wp-json\/wp\/v2\/product\/10969","targetHints":{"allow":["GET"]}}],"collection":[{"href":"https:\/\/loewentestneu.metafex.io\/de\/wp-json\/wp\/v2\/product"}],"about":[{"href":"https:\/\/loewentestneu.metafex.io\/de\/wp-json\/wp\/v2\/types\/product"}],"replies":[{"embeddable":true,"href":"https:\/\/loewentestneu.metafex.io\/de\/wp-json\/wp\/v2\/comments?post=10969"}],"wp:featuredmedia":[{"embeddable":true,"href":"https:\/\/loewentestneu.metafex.io\/de\/wp-json\/wp\/v2\/media\/10978"}],"wp:attachment":[{"href":"https:\/\/loewentestneu.metafex.io\/de\/wp-json\/wp\/v2\/media?parent=10969"}],"wp:term":[{"taxonomy":"product_brand","embeddable":true,"href":"https:\/\/loewentestneu.metafex.io\/de\/wp-json\/wp\/v2\/product_brand?post=10969"},{"taxonomy":"product_cat","embeddable":true,"href":"https:\/\/loewentestneu.metafex.io\/de\/wp-json\/wp\/v2\/product_cat?post=10969"},{"taxonomy":"product_tag","embeddable":true,"href":"https:\/\/loewentestneu.metafex.io\/de\/wp-json\/wp\/v2\/product_tag?post=10969"}],"curies":[{"name":"wp","href":"https:\/\/api.w.org\/{rel}","templated":true}]}}