{"id":11261,"date":"2025-04-24T06:19:20","date_gmt":"2025-04-24T05:19:20","guid":{"rendered":"https:\/\/lions-pharmacy.com\/?post_type=product&#038;p=11261"},"modified":"2025-04-25T08:38:01","modified_gmt":"2025-04-25T07:38:01","slug":"labo-life-arn-8ch","status":"publish","type":"product","link":"https:\/\/loewentestneu.metafex.io\/de\/produkt\/labo-life-arn-8ch","title":{"rendered":"Labo Life ARN 8CH"},"content":{"rendered":"<h3>Labo Life ARN 8CH<\/h3>\n<p>Die L\u00f6wen-Apotheke importiert f\u00fcr Sie Labo Life ARN 8CH Kapseln sowie auf Wunsch alle Pr\u00e4parate von Labo Life Belgien.<\/p>\n<p>Packungungsbeilage und Hinweise: <a href=\"https:\/\/loewentestneu.metafex.io\/wp-content\/uploads\/2023\/01\/EN_patient_info.pdf\" target=\"_blank\" rel=\"noopener\">EN<\/a> | <a href=\"https:\/\/loewentestneu.metafex.io\/wp-content\/uploads\/2023\/01\/FR_info_patient.pdf\" target=\"_blank\" rel=\"noopener\">FR<\/a> | <a href=\"https:\/\/loewentestneu.metafex.io\/wp-content\/uploads\/2023\/01\/ES_info_paciente.pdf\">ES<\/a> | <a href=\"https:\/\/loewentestneu.metafex.io\/wp-content\/uploads\/2022\/12\/labolife-Patientenflyer-lobo-life-customer-information-lion-pharmacy-lowen-apotheke.pdf\" target=\"_blank\" rel=\"noopener\">DE<\/a> (PDF reader)<\/p>\n<p>Alternativer Produktname: Labo&#8217;Life ARN 8CH<\/p>\n<p>Andere Kunden interessierten sich auch f\u00fcr Produkte zum Thema:<\/p>\n<p>Weitere Produktdetails zu Labo Life Produkten finden Sie beim Hersteller: <a href=\"https:\/\/www.labolife.com\/en\" target=\"_blank\" rel=\"noopener\">Labo Life<\/a><\/p>\n<p>Zu Risiken und Nebenwirkungen lesen Sie die Packungsbeilage und fragen Sie Ihren Arzt oder Apotheker.<\/p>\n<p>Informationen auf dieser Website werden ausschlie\u00dflich f\u00fcr informative Zwecke zur Verf\u00fcgung gestellt. Sie ersetzen keinesfalls die Untersuchung und Behandlung durch einen Arzt. Bitte beachten Sie, dass hierdurch weder Diagnosen gestellt noch Therapien eingeleitet werden k\u00f6nnen.<\/p>\n<h3>Mikroimmuntherapie<\/h3>\n<p>Die Mikroimmuntherapie ist eine immunmodulierende Therapie, die die gleichen Botenstoffe wie das Immunsystem (z. B. Zytokine, Hormone, Wachstumsfaktoren, Nukleins\u00e4uren) nutzt, um Informationen an den K\u00f6rper weiterzuleiten und die Immunantwort &#8220;neu einzustellen&#8221;. Mit anderen Worten, sein Ziel ist es, die korrekte Kommunikation zwischen den Zellen des Immunsystems wiederherzustellen, um ihnen zu helfen, ihre angeborene F\u00e4higkeit wiederzuerlangen, uns gegen Aggressoren zu verteidigen oder ihre Reaktion zu begrenzen, wenn sie \u00fcbertrieben ist. <\/p>\n<p>Im Unterschied zu der klassischen Immuntherapie werden in den Pr\u00e4paraten der <a href=\"https:\/\/loewentestneu.metafex.io\/product-tag\/micro-immunotherapy\">Mikroimmuntherapie<\/a> eine Vielzahl von Immunsubstanzen (sogenannte \u201eBotenstoffe\u201c) eingesetzt. Diese werden in niedrigen Konzentrationen (niedrig dosiert) durch einen Verd\u00fcnnungs-Dynamisierungsprozess hergestellt, wodurch eine hohe Vertr\u00e4glichkeit gew\u00e4hrleistet wird. Je nachdem, ob eine Stimulation, Modulation oder Hemmung des Organismus gew\u00fcnscht wird, k\u00f6nnen die verwendeten Konzentrationsniveaus innerhalb derselben Formel variieren.  Analog zu den nat\u00fcrlichen Vorg\u00e4ngen im Organismus werden die Substanzen in einer bestimmten Sequenz, einer pr\u00e4zisen Reihenfolge, verabreicht.<\/p>\n<p>Die <a href=\"https:\/\/loewentestneu.metafex.io\/product-tag\/micro-immunotherapy\">Mikroimmuntherapie<\/a> kann ein treuer Verb\u00fcndeter bei der Behandlung von Krankheiten sein, die auf ein Ungleichgewicht des Immunsystems zur\u00fcckzuf\u00fchren sind, sowohl akute als auch chronische. Dazu geh\u00f6ren infekti\u00f6se und onkologische Pathologien oder Autoimmunerkrankungen. Die Mikroimmuntherapie ersetzt das Immunsystem nicht, zwingt oder blockiert es nicht, sondern informiert die Immunit\u00e4t auf subtile Weise und ist daher mit anderen Behandlungen kompatibel.<\/p>\n<p>Weitere Informationen zur <a href=\"https:\/\/www.labolife.com\/de\" target=\"_blank\" rel=\"noopener noreferrer\">Mikroimmuntherapie<\/a> finden Sie beim Hersteller: Labo Life<\/p>\n<p data-pm-slice=\"1 1 []\">Nahrungserg\u00e4nzungsmittel sind kein Ersatz f\u00fcr eine ausgewogene und abwechslungsreiche Ern\u00e4hrung und eine gesunde Lebensweise. Die angegebene empfohlene Tagesdosismenge darf nicht \u00fcberschritten werden.<\/p>\n<p>Informationen auf dieser Website werden ausschlie\u00dflich f\u00fcr informative Zwecke zur Verf\u00fcgung gestellt. Sie ersetzen in keiner Weise die Untersuchung und Behandlung durch einen Arzt. Bitte beachten Sie, dass dies nicht dazu dient, eine Diagnose zu stellen oder eine Therapie einzuleiten.<\/p>\n<p>F\u00fcr Informationen \u00fcber Risiken und Nebenwirkungen lesen Sie die Packungsbeilage und fragen Sie Ihren Arzt oder Apotheker.<\/p>\n","protected":false},"excerpt":{"rendered":"<h2>Labo Leben ARN 8CH<\/h2>\n<p>Labo Life Produkte importiert die L\u00f6wen Apotheke auf Anfrage.<\/p>\n<p>&nbsp;<\/p>\n<p>PZN: &#8211; (Pharmazentralnummer)<\/p>\n<p>Darreichungsform: Kapseln<\/p>\n<p>Verordnungsart: Rezeptfrei<\/p>\n<p>Marke: <a href=\"https:\/\/loewentestneu.metafex.io\/product-brand\/labo-life\">Labo Life<\/a><\/p>\n<p>Hersteller: Labo&#8217;Life Belgium, Rue Camille Hubert 11, 5032 Gembloux.<\/p>\n<p>Packungsgr\u00f6\u00dfe: 30 St.<\/p>\n","protected":false},"featured_media":11285,"comment_status":"closed","ping_status":"closed","template":"","meta":[],"product_brand":[],"product_cat":[365,368],"product_tag":[784,380],"class_list":{"0":"post-11261","1":"product","2":"type-product","3":"status-publish","4":"has-post-thumbnail","6":"product_cat-labo-life-de","7":"product_cat-shop-de","8":"product_tag-einzelimport-keine-rucknahme","9":"product_tag-mikroimmuntherapie","10":"ts_product_brand-alle","11":"ts_product_brand-labo-life-de","13":"first","14":"outofstock","15":"taxable","16":"shipping-taxable","17":"purchasable","18":"product-type-simple"},"yoast_head":"<!-- This site is optimized with the Yoast SEO plugin v26.5 - https:\/\/yoast.com\/wordpress\/plugins\/seo\/ -->\n<title>Labo Life ARN 8CH &#187; L\u00f6wen Apotheke &gt;&gt; hier bestellen<\/title>\n<meta name=\"description\" content=\"Deutsche Online-Apotheke | Wir bieten: Schnellen Versand mit DHL. sichere Zahlung &amp; Top Service. Microimmuntherapie | Labo Life ARN 8CH\" \/>\n<meta name=\"robots\" content=\"noindex, follow, max-snippet:-1, max-image-preview:large, max-video-preview:-1\" \/>\n<meta property=\"og:locale\" content=\"de_DE\" \/>\n<meta property=\"og:type\" content=\"article\" \/>\n<meta property=\"og:title\" content=\"Labo Life ARN 8CH &#187; L\u00f6wen Apotheke &gt;&gt; hier bestellen\" \/>\n<meta property=\"og:description\" content=\"Deutsche Online-Apotheke | Wir bieten: Schnellen Versand mit DHL. sichere Zahlung &amp; Top Service. Microimmuntherapie | Labo Life ARN 8CH\" \/>\n<meta property=\"og:url\" content=\"https:\/\/loewentestneu.metafex.io\/de\/produkt\/labo-life-arn-8ch\" \/>\n<meta property=\"og:site_name\" content=\"L\u00f6wen Apotheke\" \/>\n<meta property=\"article:modified_time\" content=\"2025-04-25T07:38:01+00:00\" \/>\n<meta property=\"og:image\" content=\"https:\/\/loewentestneu.metafex.io\/wp-content\/uploads\/2025\/04\/Labo-Life-ARN-8CH-Lions-Pharmacy.webp\" \/>\n\t<meta property=\"og:image:width\" content=\"600\" \/>\n\t<meta property=\"og:image:height\" content=\"600\" \/>\n\t<meta property=\"og:image:type\" content=\"image\/webp\" \/>\n<meta name=\"twitter:card\" content=\"summary_large_image\" \/>\n<meta name=\"twitter:label1\" content=\"Gesch\u00e4tzte Lesezeit\" \/>\n\t<meta name=\"twitter:data1\" content=\"2\u00a0Minuten\" \/>\n<script type=\"application\/ld+json\" class=\"yoast-schema-graph\">{\"@context\":\"https:\/\/schema.org\",\"@graph\":[{\"@type\":\"WebPage\",\"@id\":\"https:\/\/loewentestneu.metafex.io\/de\/produkt\/labo-life-arn-8ch\",\"url\":\"https:\/\/loewentestneu.metafex.io\/de\/produkt\/labo-life-arn-8ch\",\"name\":\"Labo Life ARN 8CH &#187; L\u00f6wen Apotheke >> hier bestellen\",\"isPartOf\":{\"@id\":\"https:\/\/loewentestneu.metafex.io\/de#website\"},\"primaryImageOfPage\":{\"@id\":\"https:\/\/loewentestneu.metafex.io\/de\/produkt\/labo-life-arn-8ch#primaryimage\"},\"image\":{\"@id\":\"https:\/\/loewentestneu.metafex.io\/de\/produkt\/labo-life-arn-8ch#primaryimage\"},\"thumbnailUrl\":\"https:\/\/loewentestneu.metafex.io\/wp-content\/uploads\/2025\/04\/Labo-Life-ARN-8CH-Lions-Pharmacy.webp\",\"datePublished\":\"2025-04-24T05:19:20+00:00\",\"dateModified\":\"2025-04-25T07:38:01+00:00\",\"description\":\"Deutsche Online-Apotheke | Wir bieten: Schnellen Versand mit DHL. sichere Zahlung & Top Service. Microimmuntherapie | Labo Life ARN 8CH\",\"breadcrumb\":{\"@id\":\"https:\/\/loewentestneu.metafex.io\/de\/produkt\/labo-life-arn-8ch#breadcrumb\"},\"inLanguage\":\"de\",\"potentialAction\":[{\"@type\":\"ReadAction\",\"target\":[\"https:\/\/loewentestneu.metafex.io\/de\/produkt\/labo-life-arn-8ch\"]}]},{\"@type\":\"ImageObject\",\"inLanguage\":\"de\",\"@id\":\"https:\/\/loewentestneu.metafex.io\/de\/produkt\/labo-life-arn-8ch#primaryimage\",\"url\":\"https:\/\/loewentestneu.metafex.io\/wp-content\/uploads\/2025\/04\/Labo-Life-ARN-8CH-Lions-Pharmacy.webp\",\"contentUrl\":\"https:\/\/loewentestneu.metafex.io\/wp-content\/uploads\/2025\/04\/Labo-Life-ARN-8CH-Lions-Pharmacy.webp\",\"width\":600,\"height\":600,\"caption\":\"Labo Life ARN 8CH pr\u00e4sentiert von Lions Pharmacy\"},{\"@type\":\"BreadcrumbList\",\"@id\":\"https:\/\/loewentestneu.metafex.io\/de\/produkt\/labo-life-arn-8ch#breadcrumb\",\"itemListElement\":[{\"@type\":\"ListItem\",\"position\":1,\"name\":\"Home\",\"item\":\"https:\/\/loewentestneu.metafex.io\/de\/homepage-lion-pharmacy\"},{\"@type\":\"ListItem\",\"position\":2,\"name\":\"Shop\",\"item\":\"https:\/\/loewentestneu.metafex.io\/de\/shop-2\"},{\"@type\":\"ListItem\",\"position\":3,\"name\":\"Labo Life ARN 8CH\"}]},{\"@type\":\"WebSite\",\"@id\":\"https:\/\/loewentestneu.metafex.io\/de#website\",\"url\":\"https:\/\/loewentestneu.metafex.io\/de\",\"name\":\"Lions Pharmacy\",\"description\":\"Ihr Spezialist f\u00fcr Naturheilkunde aus Baden-Baden, Germany\",\"publisher\":{\"@id\":\"https:\/\/loewentestneu.metafex.io\/de#organization\"},\"alternateName\":\"Lion Pharmacy\",\"potentialAction\":[{\"@type\":\"SearchAction\",\"target\":{\"@type\":\"EntryPoint\",\"urlTemplate\":\"https:\/\/loewentestneu.metafex.io\/de?s={search_term_string}\"},\"query-input\":{\"@type\":\"PropertyValueSpecification\",\"valueRequired\":true,\"valueName\":\"search_term_string\"}}],\"inLanguage\":\"de\"},{\"@type\":\"Organization\",\"@id\":\"https:\/\/loewentestneu.metafex.io\/de#organization\",\"name\":\"Lions Pharmacy\",\"alternateName\":\"Lions Pharmacy24\",\"url\":\"https:\/\/loewentestneu.metafex.io\/de\",\"logo\":{\"@type\":\"ImageObject\",\"inLanguage\":\"de\",\"@id\":\"https:\/\/loewentestneu.metafex.io\/de#\/schema\/logo\/image\/\",\"url\":\"https:\/\/loewentestneu.metafex.io\/wp-content\/uploads\/2022\/12\/Logo-Lion-Pharmacy-c-o-Loewen-Apotheke-smal.jpg\",\"contentUrl\":\"https:\/\/loewentestneu.metafex.io\/wp-content\/uploads\/2022\/12\/Logo-Lion-Pharmacy-c-o-Loewen-Apotheke-smal.jpg\",\"width\":298,\"height\":99,\"caption\":\"Lions Pharmacy\"},\"image\":{\"@id\":\"https:\/\/loewentestneu.metafex.io\/de#\/schema\/logo\/image\/\"}}]}<\/script>\n<!-- \/ Yoast SEO plugin. -->","yoast_head_json":{"title":"Labo Life ARN 8CH &#187; L\u00f6wen Apotheke >> hier bestellen","description":"Deutsche Online-Apotheke | Wir bieten: Schnellen Versand mit DHL. sichere Zahlung & Top Service. Microimmuntherapie | Labo Life ARN 8CH","robots":{"index":"noindex","follow":"follow","max-snippet":"max-snippet:-1","max-image-preview":"max-image-preview:large","max-video-preview":"max-video-preview:-1"},"og_locale":"de_DE","og_type":"article","og_title":"Labo Life ARN 8CH &#187; L\u00f6wen Apotheke >> hier bestellen","og_description":"Deutsche Online-Apotheke | Wir bieten: Schnellen Versand mit DHL. sichere Zahlung & Top Service. Microimmuntherapie | Labo Life ARN 8CH","og_url":"https:\/\/loewentestneu.metafex.io\/de\/produkt\/labo-life-arn-8ch","og_site_name":"L\u00f6wen Apotheke","article_modified_time":"2025-04-25T07:38:01+00:00","og_image":[{"width":600,"height":600,"url":"https:\/\/loewentestneu.metafex.io\/wp-content\/uploads\/2025\/04\/Labo-Life-ARN-8CH-Lions-Pharmacy.webp","type":"image\/webp"}],"twitter_card":"summary_large_image","twitter_misc":{"Gesch\u00e4tzte Lesezeit":"2\u00a0Minuten"},"schema":{"@context":"https:\/\/schema.org","@graph":[{"@type":"WebPage","@id":"https:\/\/loewentestneu.metafex.io\/de\/produkt\/labo-life-arn-8ch","url":"https:\/\/loewentestneu.metafex.io\/de\/produkt\/labo-life-arn-8ch","name":"Labo Life ARN 8CH &#187; L\u00f6wen Apotheke >> hier bestellen","isPartOf":{"@id":"https:\/\/loewentestneu.metafex.io\/de#website"},"primaryImageOfPage":{"@id":"https:\/\/loewentestneu.metafex.io\/de\/produkt\/labo-life-arn-8ch#primaryimage"},"image":{"@id":"https:\/\/loewentestneu.metafex.io\/de\/produkt\/labo-life-arn-8ch#primaryimage"},"thumbnailUrl":"https:\/\/loewentestneu.metafex.io\/wp-content\/uploads\/2025\/04\/Labo-Life-ARN-8CH-Lions-Pharmacy.webp","datePublished":"2025-04-24T05:19:20+00:00","dateModified":"2025-04-25T07:38:01+00:00","description":"Deutsche Online-Apotheke | Wir bieten: Schnellen Versand mit DHL. sichere Zahlung & Top Service. Microimmuntherapie | Labo Life ARN 8CH","breadcrumb":{"@id":"https:\/\/loewentestneu.metafex.io\/de\/produkt\/labo-life-arn-8ch#breadcrumb"},"inLanguage":"de","potentialAction":[{"@type":"ReadAction","target":["https:\/\/loewentestneu.metafex.io\/de\/produkt\/labo-life-arn-8ch"]}]},{"@type":"ImageObject","inLanguage":"de","@id":"https:\/\/loewentestneu.metafex.io\/de\/produkt\/labo-life-arn-8ch#primaryimage","url":"https:\/\/loewentestneu.metafex.io\/wp-content\/uploads\/2025\/04\/Labo-Life-ARN-8CH-Lions-Pharmacy.webp","contentUrl":"https:\/\/loewentestneu.metafex.io\/wp-content\/uploads\/2025\/04\/Labo-Life-ARN-8CH-Lions-Pharmacy.webp","width":600,"height":600,"caption":"Labo Life ARN 8CH pr\u00e4sentiert von Lions Pharmacy"},{"@type":"BreadcrumbList","@id":"https:\/\/loewentestneu.metafex.io\/de\/produkt\/labo-life-arn-8ch#breadcrumb","itemListElement":[{"@type":"ListItem","position":1,"name":"Home","item":"https:\/\/loewentestneu.metafex.io\/de\/homepage-lion-pharmacy"},{"@type":"ListItem","position":2,"name":"Shop","item":"https:\/\/loewentestneu.metafex.io\/de\/shop-2"},{"@type":"ListItem","position":3,"name":"Labo Life ARN 8CH"}]},{"@type":"WebSite","@id":"https:\/\/loewentestneu.metafex.io\/de#website","url":"https:\/\/loewentestneu.metafex.io\/de","name":"Lions Pharmacy","description":"Ihr Spezialist f\u00fcr Naturheilkunde aus Baden-Baden, Germany","publisher":{"@id":"https:\/\/loewentestneu.metafex.io\/de#organization"},"alternateName":"Lion Pharmacy","potentialAction":[{"@type":"SearchAction","target":{"@type":"EntryPoint","urlTemplate":"https:\/\/loewentestneu.metafex.io\/de?s={search_term_string}"},"query-input":{"@type":"PropertyValueSpecification","valueRequired":true,"valueName":"search_term_string"}}],"inLanguage":"de"},{"@type":"Organization","@id":"https:\/\/loewentestneu.metafex.io\/de#organization","name":"Lions Pharmacy","alternateName":"Lions Pharmacy24","url":"https:\/\/loewentestneu.metafex.io\/de","logo":{"@type":"ImageObject","inLanguage":"de","@id":"https:\/\/loewentestneu.metafex.io\/de#\/schema\/logo\/image\/","url":"https:\/\/loewentestneu.metafex.io\/wp-content\/uploads\/2022\/12\/Logo-Lion-Pharmacy-c-o-Loewen-Apotheke-smal.jpg","contentUrl":"https:\/\/loewentestneu.metafex.io\/wp-content\/uploads\/2022\/12\/Logo-Lion-Pharmacy-c-o-Loewen-Apotheke-smal.jpg","width":298,"height":99,"caption":"Lions Pharmacy"},"image":{"@id":"https:\/\/loewentestneu.metafex.io\/de#\/schema\/logo\/image\/"}}]}},"_links":{"self":[{"href":"https:\/\/loewentestneu.metafex.io\/de\/wp-json\/wp\/v2\/product\/11261","targetHints":{"allow":["GET"]}}],"collection":[{"href":"https:\/\/loewentestneu.metafex.io\/de\/wp-json\/wp\/v2\/product"}],"about":[{"href":"https:\/\/loewentestneu.metafex.io\/de\/wp-json\/wp\/v2\/types\/product"}],"replies":[{"embeddable":true,"href":"https:\/\/loewentestneu.metafex.io\/de\/wp-json\/wp\/v2\/comments?post=11261"}],"wp:featuredmedia":[{"embeddable":true,"href":"https:\/\/loewentestneu.metafex.io\/de\/wp-json\/wp\/v2\/media\/11285"}],"wp:attachment":[{"href":"https:\/\/loewentestneu.metafex.io\/de\/wp-json\/wp\/v2\/media?parent=11261"}],"wp:term":[{"taxonomy":"product_brand","embeddable":true,"href":"https:\/\/loewentestneu.metafex.io\/de\/wp-json\/wp\/v2\/product_brand?post=11261"},{"taxonomy":"product_cat","embeddable":true,"href":"https:\/\/loewentestneu.metafex.io\/de\/wp-json\/wp\/v2\/product_cat?post=11261"},{"taxonomy":"product_tag","embeddable":true,"href":"https:\/\/loewentestneu.metafex.io\/de\/wp-json\/wp\/v2\/product_tag?post=11261"}],"curies":[{"name":"wp","href":"https:\/\/api.w.org\/{rel}","templated":true}]}}