{"id":11787,"date":"2025-05-12T14:42:04","date_gmt":"2025-05-12T13:42:04","guid":{"rendered":"https:\/\/lions-pharmacy.com\/?post_type=product&#038;p=11787"},"modified":"2025-05-12T22:15:25","modified_gmt":"2025-05-12T21:15:25","slug":"crataegutt-450-mg-tablets-50-pcs-14064529","status":"publish","type":"product","link":"https:\/\/loewentestneu.metafex.io\/de\/produkt\/crataegutt-450-mg-tablets-50-pcs-14064529","title":{"rendered":"crataegutt 450 mg Tabletten 50 St\u00fcck."},"content":{"rendered":"<h2 style=\"text-align: left;\">Crataegutt 450 mg Herz-Kreislauf-Tabletten<\/h2>\n<p>Crataegutt 450 mg Herz-Kreislauf-Tabletten sind gut vertr\u00e4gliche pflanzliche Arzneimittel zur Unterst\u00fctzung der Herz-Kreislauf-Funktion. Sie enthalten den Wei\u00dfdorn-Spezialextrakt WS\u00ae 1442 aus Wei\u00dfdornbl\u00e4ttern und -bl\u00fcten. Dies unterst\u00fctzt Ihr Herz-Kreislauf-System, indem es die Pumpkraft des Herzens st\u00e4rkt und die Gef\u00e4\u00dfe elastisch h\u00e4lt. Dadurch kann das Blut leichter durch den K\u00f6rper flie\u00dfen und den Organismus mit Sauerstoff versorgen.<\/p>\n<p>Der darin enthaltene Wei\u00dfdornextrakt kann auch als Anti-Aging-Wirkung eingesetzt werden, er sch\u00fctzt die Nervenzellen und verbessert auch kognitive St\u00f6rungen und Alzheimer.<br \/>\nCrataegutt hat eine positive Wirkung auf die Wundheilung und kann auch ein Begleiter bei Depressionen und Angstzust\u00e4nden sein.<\/p>\n<p>Die Dr. Willmar Schwabe GmbH &amp; Co. KG ist die Muttergesellschaft der Schwabe-Gruppe und wird auch als Schwabe-Unternehmensgruppe oder Schwabe-Gruppe bezeichnet. Das pharmazeutische Unternehmen wurde 1865 in Leipzig gegr\u00fcndet. 1946 wurde der Hauptsitz nach Karlsruhe verlegt. Der Konzern konzentriert sich auf die Gesundheits- und Pharmaindustrie und ist spezialisiert auf pflanzliche und hom\u00f6opathische Arzneimittel, Phytopharmaka und Hom\u00f6opathika, Nahrungserg\u00e4nzungsmittel pflanzlichen Ursprungs sowie Zusatzleistungen f\u00fcr die ganzheitliche Gesundheitsversorgung und Selbsthilfe, wie z. B. Trainingsprogramme f\u00fcr geistige und k\u00f6rperliche Fitness. Dazu geh\u00f6ren die Marken Tebonin, Umckaloabo.<\/p>\n<p>Weitere Produkte <a href=\"\/de?product_cat=schwabe\">von Dr. Schwabe in unserem Sortiment<\/a><br \/>\nWeitere Informationen zum Produkt Crataegutt 450 mg finden Sie auf der Website des Herstellers: <a href=\"https:\/\/www.crataegutt.de\/produkte\/crataegutt-tabletten\" target=\"_blank\" rel=\"noopener\">Informationen \u00fcber das Produkt und den Hersteller Dr. Schwabe<\/a><br \/>\nAndere Kunden waren auch an Produkten zum Thema interessiert: <a href=\"\/de?product_tag=vital\">Vitalit\u00e4t, Leistungsabfall &amp; Vergesslichkeit<\/a> | Herz-Kreislauf<\/p>\n<p>Informationen auf dieser Website werden ausschlie\u00dflich f\u00fcr informative Zwecke zur Verf\u00fcgung gestellt. Sie ersetzen keinesfalls die Untersuchung und Behandlung durch einen Arzt. Bitte beachten Sie, dass hierdurch weder Diagnosen gestellt noch Therapien eingeleitet werden k\u00f6nnen.<\/p>\n<p>Zu Risiken und Nebenwirkungen lesen Sie die Packungsbeilage und fragen Sie Ihren Arzt oder Apotheker.<\/p>\n","protected":false},"excerpt":{"rendered":"<h2 style=\"text-align: left;\">Crataegutt 450 mg Herz-Kreislauf-Tabletten<\/h2>\n<p>crataegutt 450 mg Herz-Kreislauf-Tabletten &#8211; pflanzliche Arzneimittel zur Unterst\u00fctzung der Herz-Kreislauf-Funktion.<\/p>\n<p>&nbsp;<\/p>\n<p><strong>PZN<\/strong>: 14064529 (Pharmazentralnummer)<\/p>\n<p><strong>Darreichungsform<\/strong>: Filmtabletten &#8211; 50 St\u00fcck.<\/p>\n<p><strong>Verschreibungsart<\/strong>: verschreibungsfrei<\/p>\n<p><strong>Marke<\/strong>: Crataegutt\u00ae<\/p>\n<p><strong>Hersteller<\/strong>: Dr.Willmar Schwabe GmbH &amp; Co.KG<\/p>\n","protected":false},"featured_media":11792,"comment_status":"closed","ping_status":"closed","template":"","meta":[],"product_brand":[],"product_cat":[461,367,368],"product_tag":[473,379,472,474,504,429],"class_list":{"0":"post-11787","1":"product","2":"type-product","3":"status-publish","4":"has-post-thumbnail","6":"product_cat-dr-schwabe-de","7":"product_cat-sale-de","8":"product_cat-shop-de","9":"product_tag-dr-schwabe-de","10":"product_tag-monatlicher-sale-de","11":"product_tag-naturliche-heilmittel","12":"product_tag-pflanzlicher-wirkstoff","13":"product_tag-schwindel","14":"product_tag-vitamine-und-nahrungserganzungsmittel","15":"ts_product_brand-alle","16":"ts_product_brand-dr-schwabe-de","18":"first","19":"instock","20":"sale","21":"taxable","22":"shipping-taxable","23":"purchasable","24":"product-type-simple"},"yoast_head":"<!-- This site is optimized with the Yoast SEO plugin v26.5 - https:\/\/yoast.com\/wordpress\/plugins\/seo\/ -->\n<title>crataegutt 450 mg Tabletten 50 St\u00fcck. &#187; L\u00f6wen Apotheke<\/title>\n<meta name=\"description\" content=\"Lions Apotheke | Registrierte deutsche Online-Apotheke. Wir bieten: schneller internationaler Versand und bequemes Einkaufen. crataegutt 450 mg Tabletten 50 St\u00fcck.\" \/>\n<meta name=\"robots\" content=\"noindex, follow, max-snippet:-1, max-image-preview:large, max-video-preview:-1\" \/>\n<meta property=\"og:locale\" content=\"de_DE\" \/>\n<meta property=\"og:type\" content=\"article\" \/>\n<meta property=\"og:title\" content=\"crataegutt 450 mg Tabletten 50 St\u00fcck. &#187; L\u00f6wen Apotheke\" \/>\n<meta property=\"og:description\" content=\"Lions Apotheke | Registrierte deutsche Online-Apotheke. Wir bieten: schneller internationaler Versand und bequemes Einkaufen. crataegutt 450 mg Tabletten 50 St\u00fcck.\" \/>\n<meta property=\"og:url\" content=\"https:\/\/loewentestneu.metafex.io\/de\/produkt\/crataegutt-450-mg-tablets-50-pcs-14064529\" \/>\n<meta property=\"og:site_name\" content=\"L\u00f6wen Apotheke\" \/>\n<meta property=\"article:modified_time\" content=\"2025-05-12T21:15:25+00:00\" \/>\n<meta property=\"og:image\" content=\"https:\/\/loewentestneu.metafex.io\/wp-content\/uploads\/2025\/05\/Crataegutt-50-pcs-from-Dr-W-Schwabe-PZN-14064529-presented-by-Lions-Pharmacy.webp\" \/>\n\t<meta property=\"og:image:width\" content=\"600\" \/>\n\t<meta property=\"og:image:height\" content=\"600\" \/>\n\t<meta property=\"og:image:type\" content=\"image\/webp\" \/>\n<meta name=\"twitter:card\" content=\"summary_large_image\" \/>\n<meta name=\"twitter:label1\" content=\"Gesch\u00e4tzte Lesezeit\" \/>\n\t<meta name=\"twitter:data1\" content=\"1\u00a0Minute\" \/>\n<script type=\"application\/ld+json\" class=\"yoast-schema-graph\">{\"@context\":\"https:\/\/schema.org\",\"@graph\":[{\"@type\":\"WebPage\",\"@id\":\"https:\/\/loewentestneu.metafex.io\/de\/produkt\/crataegutt-450-mg-tablets-50-pcs-14064529\",\"url\":\"https:\/\/loewentestneu.metafex.io\/de\/produkt\/crataegutt-450-mg-tablets-50-pcs-14064529\",\"name\":\"crataegutt 450 mg Tabletten 50 St\u00fcck. &#187; L\u00f6wen Apotheke\",\"isPartOf\":{\"@id\":\"https:\/\/loewentestneu.metafex.io\/de#website\"},\"primaryImageOfPage\":{\"@id\":\"https:\/\/loewentestneu.metafex.io\/de\/produkt\/crataegutt-450-mg-tablets-50-pcs-14064529#primaryimage\"},\"image\":{\"@id\":\"https:\/\/loewentestneu.metafex.io\/de\/produkt\/crataegutt-450-mg-tablets-50-pcs-14064529#primaryimage\"},\"thumbnailUrl\":\"https:\/\/loewentestneu.metafex.io\/wp-content\/uploads\/2025\/05\/Crataegutt-50-pcs-from-Dr-W-Schwabe-PZN-14064529-presented-by-Lions-Pharmacy.webp\",\"datePublished\":\"2025-05-12T13:42:04+00:00\",\"dateModified\":\"2025-05-12T21:15:25+00:00\",\"description\":\"Lions Apotheke | Registrierte deutsche Online-Apotheke. Wir bieten: schneller internationaler Versand und bequemes Einkaufen. crataegutt 450 mg Tabletten 50 St\u00fcck.\",\"breadcrumb\":{\"@id\":\"https:\/\/loewentestneu.metafex.io\/de\/produkt\/crataegutt-450-mg-tablets-50-pcs-14064529#breadcrumb\"},\"inLanguage\":\"de\",\"potentialAction\":[{\"@type\":\"ReadAction\",\"target\":[\"https:\/\/loewentestneu.metafex.io\/de\/produkt\/crataegutt-450-mg-tablets-50-pcs-14064529\"]}]},{\"@type\":\"ImageObject\",\"inLanguage\":\"de\",\"@id\":\"https:\/\/loewentestneu.metafex.io\/de\/produkt\/crataegutt-450-mg-tablets-50-pcs-14064529#primaryimage\",\"url\":\"https:\/\/loewentestneu.metafex.io\/wp-content\/uploads\/2025\/05\/Crataegutt-50-pcs-from-Dr-W-Schwabe-PZN-14064529-presented-by-Lions-Pharmacy.webp\",\"contentUrl\":\"https:\/\/loewentestneu.metafex.io\/wp-content\/uploads\/2025\/05\/Crataegutt-50-pcs-from-Dr-W-Schwabe-PZN-14064529-presented-by-Lions-Pharmacy.webp\",\"width\":600,\"height\":600,\"caption\":\"Eine Schachtel Crataegutt 50 St\u00fcck von Dr. W. Schwabe, PZN-14064529, pr\u00e4sentiert von Lions Apotheke\"},{\"@type\":\"BreadcrumbList\",\"@id\":\"https:\/\/loewentestneu.metafex.io\/de\/produkt\/crataegutt-450-mg-tablets-50-pcs-14064529#breadcrumb\",\"itemListElement\":[{\"@type\":\"ListItem\",\"position\":1,\"name\":\"Home\",\"item\":\"https:\/\/loewentestneu.metafex.io\/de\/homepage-lion-pharmacy\"},{\"@type\":\"ListItem\",\"position\":2,\"name\":\"Shop\",\"item\":\"https:\/\/loewentestneu.metafex.io\/de\/shop-2\"},{\"@type\":\"ListItem\",\"position\":3,\"name\":\"crataegutt 450 mg Tabletten 50 St\u00fcck.\"}]},{\"@type\":\"WebSite\",\"@id\":\"https:\/\/loewentestneu.metafex.io\/de#website\",\"url\":\"https:\/\/loewentestneu.metafex.io\/de\",\"name\":\"Lions Pharmacy\",\"description\":\"Ihr Spezialist f\u00fcr Naturheilkunde aus Baden-Baden, Germany\",\"publisher\":{\"@id\":\"https:\/\/loewentestneu.metafex.io\/de#organization\"},\"alternateName\":\"Lion Pharmacy\",\"potentialAction\":[{\"@type\":\"SearchAction\",\"target\":{\"@type\":\"EntryPoint\",\"urlTemplate\":\"https:\/\/loewentestneu.metafex.io\/de?s={search_term_string}\"},\"query-input\":{\"@type\":\"PropertyValueSpecification\",\"valueRequired\":true,\"valueName\":\"search_term_string\"}}],\"inLanguage\":\"de\"},{\"@type\":\"Organization\",\"@id\":\"https:\/\/loewentestneu.metafex.io\/de#organization\",\"name\":\"Lions Pharmacy\",\"alternateName\":\"Lions Pharmacy24\",\"url\":\"https:\/\/loewentestneu.metafex.io\/de\",\"logo\":{\"@type\":\"ImageObject\",\"inLanguage\":\"de\",\"@id\":\"https:\/\/loewentestneu.metafex.io\/de#\/schema\/logo\/image\/\",\"url\":\"https:\/\/loewentestneu.metafex.io\/wp-content\/uploads\/2022\/12\/Logo-Lion-Pharmacy-c-o-Loewen-Apotheke-smal.jpg\",\"contentUrl\":\"https:\/\/loewentestneu.metafex.io\/wp-content\/uploads\/2022\/12\/Logo-Lion-Pharmacy-c-o-Loewen-Apotheke-smal.jpg\",\"width\":298,\"height\":99,\"caption\":\"Lions Pharmacy\"},\"image\":{\"@id\":\"https:\/\/loewentestneu.metafex.io\/de#\/schema\/logo\/image\/\"}}]}<\/script>\n<!-- \/ Yoast SEO plugin. -->","yoast_head_json":{"title":"crataegutt 450 mg Tabletten 50 St\u00fcck. &#187; L\u00f6wen Apotheke","description":"Lions Apotheke | Registrierte deutsche Online-Apotheke. Wir bieten: schneller internationaler Versand und bequemes Einkaufen. crataegutt 450 mg Tabletten 50 St\u00fcck.","robots":{"index":"noindex","follow":"follow","max-snippet":"max-snippet:-1","max-image-preview":"max-image-preview:large","max-video-preview":"max-video-preview:-1"},"og_locale":"de_DE","og_type":"article","og_title":"crataegutt 450 mg Tabletten 50 St\u00fcck. &#187; L\u00f6wen Apotheke","og_description":"Lions Apotheke | Registrierte deutsche Online-Apotheke. Wir bieten: schneller internationaler Versand und bequemes Einkaufen. crataegutt 450 mg Tabletten 50 St\u00fcck.","og_url":"https:\/\/loewentestneu.metafex.io\/de\/produkt\/crataegutt-450-mg-tablets-50-pcs-14064529","og_site_name":"L\u00f6wen Apotheke","article_modified_time":"2025-05-12T21:15:25+00:00","og_image":[{"width":600,"height":600,"url":"https:\/\/loewentestneu.metafex.io\/wp-content\/uploads\/2025\/05\/Crataegutt-50-pcs-from-Dr-W-Schwabe-PZN-14064529-presented-by-Lions-Pharmacy.webp","type":"image\/webp"}],"twitter_card":"summary_large_image","twitter_misc":{"Gesch\u00e4tzte Lesezeit":"1\u00a0Minute"},"schema":{"@context":"https:\/\/schema.org","@graph":[{"@type":"WebPage","@id":"https:\/\/loewentestneu.metafex.io\/de\/produkt\/crataegutt-450-mg-tablets-50-pcs-14064529","url":"https:\/\/loewentestneu.metafex.io\/de\/produkt\/crataegutt-450-mg-tablets-50-pcs-14064529","name":"crataegutt 450 mg Tabletten 50 St\u00fcck. &#187; L\u00f6wen Apotheke","isPartOf":{"@id":"https:\/\/loewentestneu.metafex.io\/de#website"},"primaryImageOfPage":{"@id":"https:\/\/loewentestneu.metafex.io\/de\/produkt\/crataegutt-450-mg-tablets-50-pcs-14064529#primaryimage"},"image":{"@id":"https:\/\/loewentestneu.metafex.io\/de\/produkt\/crataegutt-450-mg-tablets-50-pcs-14064529#primaryimage"},"thumbnailUrl":"https:\/\/loewentestneu.metafex.io\/wp-content\/uploads\/2025\/05\/Crataegutt-50-pcs-from-Dr-W-Schwabe-PZN-14064529-presented-by-Lions-Pharmacy.webp","datePublished":"2025-05-12T13:42:04+00:00","dateModified":"2025-05-12T21:15:25+00:00","description":"Lions Apotheke | Registrierte deutsche Online-Apotheke. Wir bieten: schneller internationaler Versand und bequemes Einkaufen. crataegutt 450 mg Tabletten 50 St\u00fcck.","breadcrumb":{"@id":"https:\/\/loewentestneu.metafex.io\/de\/produkt\/crataegutt-450-mg-tablets-50-pcs-14064529#breadcrumb"},"inLanguage":"de","potentialAction":[{"@type":"ReadAction","target":["https:\/\/loewentestneu.metafex.io\/de\/produkt\/crataegutt-450-mg-tablets-50-pcs-14064529"]}]},{"@type":"ImageObject","inLanguage":"de","@id":"https:\/\/loewentestneu.metafex.io\/de\/produkt\/crataegutt-450-mg-tablets-50-pcs-14064529#primaryimage","url":"https:\/\/loewentestneu.metafex.io\/wp-content\/uploads\/2025\/05\/Crataegutt-50-pcs-from-Dr-W-Schwabe-PZN-14064529-presented-by-Lions-Pharmacy.webp","contentUrl":"https:\/\/loewentestneu.metafex.io\/wp-content\/uploads\/2025\/05\/Crataegutt-50-pcs-from-Dr-W-Schwabe-PZN-14064529-presented-by-Lions-Pharmacy.webp","width":600,"height":600,"caption":"Eine Schachtel Crataegutt 50 St\u00fcck von Dr. W. Schwabe, PZN-14064529, pr\u00e4sentiert von Lions Apotheke"},{"@type":"BreadcrumbList","@id":"https:\/\/loewentestneu.metafex.io\/de\/produkt\/crataegutt-450-mg-tablets-50-pcs-14064529#breadcrumb","itemListElement":[{"@type":"ListItem","position":1,"name":"Home","item":"https:\/\/loewentestneu.metafex.io\/de\/homepage-lion-pharmacy"},{"@type":"ListItem","position":2,"name":"Shop","item":"https:\/\/loewentestneu.metafex.io\/de\/shop-2"},{"@type":"ListItem","position":3,"name":"crataegutt 450 mg Tabletten 50 St\u00fcck."}]},{"@type":"WebSite","@id":"https:\/\/loewentestneu.metafex.io\/de#website","url":"https:\/\/loewentestneu.metafex.io\/de","name":"Lions Pharmacy","description":"Ihr Spezialist f\u00fcr Naturheilkunde aus Baden-Baden, Germany","publisher":{"@id":"https:\/\/loewentestneu.metafex.io\/de#organization"},"alternateName":"Lion Pharmacy","potentialAction":[{"@type":"SearchAction","target":{"@type":"EntryPoint","urlTemplate":"https:\/\/loewentestneu.metafex.io\/de?s={search_term_string}"},"query-input":{"@type":"PropertyValueSpecification","valueRequired":true,"valueName":"search_term_string"}}],"inLanguage":"de"},{"@type":"Organization","@id":"https:\/\/loewentestneu.metafex.io\/de#organization","name":"Lions Pharmacy","alternateName":"Lions Pharmacy24","url":"https:\/\/loewentestneu.metafex.io\/de","logo":{"@type":"ImageObject","inLanguage":"de","@id":"https:\/\/loewentestneu.metafex.io\/de#\/schema\/logo\/image\/","url":"https:\/\/loewentestneu.metafex.io\/wp-content\/uploads\/2022\/12\/Logo-Lion-Pharmacy-c-o-Loewen-Apotheke-smal.jpg","contentUrl":"https:\/\/loewentestneu.metafex.io\/wp-content\/uploads\/2022\/12\/Logo-Lion-Pharmacy-c-o-Loewen-Apotheke-smal.jpg","width":298,"height":99,"caption":"Lions Pharmacy"},"image":{"@id":"https:\/\/loewentestneu.metafex.io\/de#\/schema\/logo\/image\/"}}]}},"_links":{"self":[{"href":"https:\/\/loewentestneu.metafex.io\/de\/wp-json\/wp\/v2\/product\/11787","targetHints":{"allow":["GET"]}}],"collection":[{"href":"https:\/\/loewentestneu.metafex.io\/de\/wp-json\/wp\/v2\/product"}],"about":[{"href":"https:\/\/loewentestneu.metafex.io\/de\/wp-json\/wp\/v2\/types\/product"}],"replies":[{"embeddable":true,"href":"https:\/\/loewentestneu.metafex.io\/de\/wp-json\/wp\/v2\/comments?post=11787"}],"wp:featuredmedia":[{"embeddable":true,"href":"https:\/\/loewentestneu.metafex.io\/de\/wp-json\/wp\/v2\/media\/11792"}],"wp:attachment":[{"href":"https:\/\/loewentestneu.metafex.io\/de\/wp-json\/wp\/v2\/media?parent=11787"}],"wp:term":[{"taxonomy":"product_brand","embeddable":true,"href":"https:\/\/loewentestneu.metafex.io\/de\/wp-json\/wp\/v2\/product_brand?post=11787"},{"taxonomy":"product_cat","embeddable":true,"href":"https:\/\/loewentestneu.metafex.io\/de\/wp-json\/wp\/v2\/product_cat?post=11787"},{"taxonomy":"product_tag","embeddable":true,"href":"https:\/\/loewentestneu.metafex.io\/de\/wp-json\/wp\/v2\/product_tag?post=11787"}],"curies":[{"name":"wp","href":"https:\/\/api.w.org\/{rel}","templated":true}]}}