{"id":11969,"date":"2025-05-18T07:20:24","date_gmt":"2025-05-18T06:20:24","guid":{"rendered":"https:\/\/lions-pharmacy.com\/?post_type=product&#038;p=11969"},"modified":"2025-05-19T19:48:40","modified_gmt":"2025-05-19T18:48:40","slug":"gastricumeel-tablets-50-pcs-00407635","status":"publish","type":"product","link":"https:\/\/loewentestneu.metafex.io\/de\/produkt\/gastricumeel-tablets-50-pcs-00407635","title":{"rendered":"Gastricumeel Tabletten 50 Stk."},"content":{"rendered":"<h3>Gastricumeel Tabletten<\/h3>\n<p>Gastricumeel Tabletten. Hilft bei Gastritis, Sodbrennen und Bl\u00e4hungen. Er unterst\u00fctzt Sie bei akuter und chronischer Gastritis, Sodbrennen und Verdauungsst\u00f6rungen wie Bl\u00e4hungen. Eine bew\u00e4hrte Kombination aus nat\u00fcrlichen Wirkstoffen lindert und hemmt entz\u00fcndliche St\u00f6rungen der Verdauungsorgane.<\/p>\n<p>Im Rahmen unseres patientenzentrierten Therapieansatzes konzentrieren sich die Heel-Medikamente auf die F\u00e4higkeit des K\u00f6rpers, sich selbst zu regulieren. Sie unterst\u00fctzen die Aktivierung k\u00f6rpereigener Mechanismen, um die Genesung zu f\u00f6rdern, anstatt nur die Symptome der Krankheit zu unterdr\u00fccken. Heel Medikamente auf der Basis nat\u00fcrlicher Wirkstoffe stimulieren und st\u00e4rken diesen Prozess, und Patienten profitieren vom sicheren und nachhaltigen Therapieansatz.<\/p>\n<p>Andere Produkte f\u00fcr die Anwendung: <a href=\"https:\/\/loewentestneu.metafex.io\/product-tag\/homeopathy\" rel=\"tag\">Hom\u00f6opathie<\/a> | <a href=\"https:\/\/loewentestneu.metafex.io\/product-tag\/vitamins-supplements\">Vitamine &amp; Nahrungserg\u00e4nzungsmittel Produkte<\/a><br \/>\nErfahren Sie mehr \u00fcber den Hersteller und das Produkt Gastricumeel Tabletten 50 : <a href=\"https:\/\/www.heel.de\/de\/produktsuche.html\" target=\"_blank\" rel=\"noopener\">Biologische Heilmittel Heel GmbH<\/a> (Link zu externer Website)<\/p>\n<p>Informationen auf dieser Website werden ausschlie\u00dflich f\u00fcr informative Zwecke zur Verf\u00fcgung gestellt. Sie ersetzen keinesfalls die Untersuchung und Behandlung durch einen Arzt. Bitte beachten Sie, dass hierdurch weder Diagnosen gestellt noch Therapien eingeleitet werden k\u00f6nnen.<\/p>\n<p>Zu Risiken und Nebenwirkungen lesen Sie die Packungsbeilage und fragen Sie Ihren Arzt oder Apotheker.<\/p>\n","protected":false},"excerpt":{"rendered":"<h2>Gastricumeel Tabletten<\/h2>\n<p>Hilft bei Gastritis, Sodbrennen und Bl\u00e4hungen.<\/p>\n<p>&nbsp;<\/p>\n<p>PZN: 00407635 (Pharmazentralnummer)<\/p>\n<p>Darreichungsform: Tabletten<\/p>\n<p>Verordnungsart: Rezeptfrei<\/p>\n<p>Marke: Gastricumeel<\/p>\n<p>Hersteller: Biologische Heilmittel Heel GmbH<\/p>\n<p>Packungsgr\u00f6\u00dfe: 50 St\u00fcck<\/p>\n","protected":false},"featured_media":11972,"comment_status":"closed","ping_status":"closed","template":"","meta":[],"product_brand":[],"product_cat":[364,367,368],"product_tag":[381,379,474,512],"class_list":{"0":"post-11969","1":"product","2":"type-product","3":"status-publish","4":"has-post-thumbnail","6":"product_cat-heel-de","7":"product_cat-sale-de","8":"product_cat-shop-de","9":"product_tag-homoopathie","10":"product_tag-monatlicher-sale-de","11":"product_tag-pflanzlicher-wirkstoff","12":"product_tag-pflanzlicher-wirkstoff-de","13":"ts_product_brand-alle","14":"ts_product_brand-heel-de","16":"first","17":"instock","18":"sale","19":"taxable","20":"shipping-taxable","21":"purchasable","22":"product-type-simple"},"yoast_head":"<!-- This site is optimized with the Yoast SEO plugin v26.5 - https:\/\/yoast.com\/wordpress\/plugins\/seo\/ -->\n<title>Gastricumeel Tabletten 50 Stk. &#187; L\u00f6wen Apotheke &#187;<\/title>\n<meta name=\"description\" content=\"Registrierte deutsche Online-Apotheke. Schneller internationaler Versand und sicheres online einkaufen. Heel: Gastricumeel Tabletten 50 Stk. &gt; hier direkt bestellen\" \/>\n<meta name=\"robots\" content=\"noindex, follow, max-snippet:-1, max-image-preview:large, max-video-preview:-1\" \/>\n<meta property=\"og:locale\" content=\"de_DE\" \/>\n<meta property=\"og:type\" content=\"article\" \/>\n<meta property=\"og:title\" content=\"Gastricumeel Tabletten 50 Stk. &#187; L\u00f6wen Apotheke &#187;\" \/>\n<meta property=\"og:description\" content=\"Registrierte deutsche Online-Apotheke. Schneller internationaler Versand und sicheres online einkaufen. Heel: Gastricumeel Tabletten 50 Stk. &gt; hier direkt bestellen\" \/>\n<meta property=\"og:url\" content=\"https:\/\/loewentestneu.metafex.io\/de\/produkt\/gastricumeel-tablets-50-pcs-00407635\" \/>\n<meta property=\"og:site_name\" content=\"L\u00f6wen Apotheke\" \/>\n<meta property=\"article:modified_time\" content=\"2025-05-19T18:48:40+00:00\" \/>\n<meta property=\"og:image\" content=\"https:\/\/loewentestneu.metafex.io\/wp-content\/uploads\/2025\/05\/Gastricumeel-tablets-50-from-biologische-Heel-PZN-00407635-Lions-Pharmacy.webp\" \/>\n\t<meta property=\"og:image:width\" content=\"600\" \/>\n\t<meta property=\"og:image:height\" content=\"600\" \/>\n\t<meta property=\"og:image:type\" content=\"image\/webp\" \/>\n<meta name=\"twitter:card\" content=\"summary_large_image\" \/>\n<meta name=\"twitter:label1\" content=\"Gesch\u00e4tzte Lesezeit\" \/>\n\t<meta name=\"twitter:data1\" content=\"1\u00a0Minute\" \/>\n<script type=\"application\/ld+json\" class=\"yoast-schema-graph\">{\"@context\":\"https:\/\/schema.org\",\"@graph\":[{\"@type\":\"WebPage\",\"@id\":\"https:\/\/loewentestneu.metafex.io\/de\/produkt\/gastricumeel-tablets-50-pcs-00407635\",\"url\":\"https:\/\/loewentestneu.metafex.io\/de\/produkt\/gastricumeel-tablets-50-pcs-00407635\",\"name\":\"Gastricumeel Tabletten 50 Stk. &#187; L\u00f6wen Apotheke &#187;\",\"isPartOf\":{\"@id\":\"https:\/\/loewentestneu.metafex.io\/de#website\"},\"primaryImageOfPage\":{\"@id\":\"https:\/\/loewentestneu.metafex.io\/de\/produkt\/gastricumeel-tablets-50-pcs-00407635#primaryimage\"},\"image\":{\"@id\":\"https:\/\/loewentestneu.metafex.io\/de\/produkt\/gastricumeel-tablets-50-pcs-00407635#primaryimage\"},\"thumbnailUrl\":\"https:\/\/loewentestneu.metafex.io\/wp-content\/uploads\/2025\/05\/Gastricumeel-tablets-50-from-biologische-Heel-PZN-00407635-Lions-Pharmacy.webp\",\"datePublished\":\"2025-05-18T06:20:24+00:00\",\"dateModified\":\"2025-05-19T18:48:40+00:00\",\"description\":\"Registrierte deutsche Online-Apotheke. Schneller internationaler Versand und sicheres online einkaufen. Heel: Gastricumeel Tabletten 50 Stk. > hier direkt bestellen\",\"breadcrumb\":{\"@id\":\"https:\/\/loewentestneu.metafex.io\/de\/produkt\/gastricumeel-tablets-50-pcs-00407635#breadcrumb\"},\"inLanguage\":\"de\",\"potentialAction\":[{\"@type\":\"ReadAction\",\"target\":[\"https:\/\/loewentestneu.metafex.io\/de\/produkt\/gastricumeel-tablets-50-pcs-00407635\"]}]},{\"@type\":\"ImageObject\",\"inLanguage\":\"de\",\"@id\":\"https:\/\/loewentestneu.metafex.io\/de\/produkt\/gastricumeel-tablets-50-pcs-00407635#primaryimage\",\"url\":\"https:\/\/loewentestneu.metafex.io\/wp-content\/uploads\/2025\/05\/Gastricumeel-tablets-50-from-biologische-Heel-PZN-00407635-Lions-Pharmacy.webp\",\"contentUrl\":\"https:\/\/loewentestneu.metafex.io\/wp-content\/uploads\/2025\/05\/Gastricumeel-tablets-50-from-biologische-Heel-PZN-00407635-Lions-Pharmacy.webp\",\"width\":600,\"height\":600,\"caption\":\"Gastricumeel Tabletten 50 von biologische Heel, PZN-00407635, Lions Apotheke\"},{\"@type\":\"BreadcrumbList\",\"@id\":\"https:\/\/loewentestneu.metafex.io\/de\/produkt\/gastricumeel-tablets-50-pcs-00407635#breadcrumb\",\"itemListElement\":[{\"@type\":\"ListItem\",\"position\":1,\"name\":\"Home\",\"item\":\"https:\/\/loewentestneu.metafex.io\/de\/homepage-lion-pharmacy\"},{\"@type\":\"ListItem\",\"position\":2,\"name\":\"Shop\",\"item\":\"https:\/\/loewentestneu.metafex.io\/de\/shop-2\"},{\"@type\":\"ListItem\",\"position\":3,\"name\":\"Gastricumeel Tabletten 50 Stk.\"}]},{\"@type\":\"WebSite\",\"@id\":\"https:\/\/loewentestneu.metafex.io\/de#website\",\"url\":\"https:\/\/loewentestneu.metafex.io\/de\",\"name\":\"Lions Pharmacy\",\"description\":\"Ihr Spezialist f\u00fcr Naturheilkunde aus Baden-Baden, Germany\",\"publisher\":{\"@id\":\"https:\/\/loewentestneu.metafex.io\/de#organization\"},\"alternateName\":\"Lion Pharmacy\",\"potentialAction\":[{\"@type\":\"SearchAction\",\"target\":{\"@type\":\"EntryPoint\",\"urlTemplate\":\"https:\/\/loewentestneu.metafex.io\/de?s={search_term_string}\"},\"query-input\":{\"@type\":\"PropertyValueSpecification\",\"valueRequired\":true,\"valueName\":\"search_term_string\"}}],\"inLanguage\":\"de\"},{\"@type\":\"Organization\",\"@id\":\"https:\/\/loewentestneu.metafex.io\/de#organization\",\"name\":\"Lions Pharmacy\",\"alternateName\":\"Lions Pharmacy24\",\"url\":\"https:\/\/loewentestneu.metafex.io\/de\",\"logo\":{\"@type\":\"ImageObject\",\"inLanguage\":\"de\",\"@id\":\"https:\/\/loewentestneu.metafex.io\/de#\/schema\/logo\/image\/\",\"url\":\"https:\/\/loewentestneu.metafex.io\/wp-content\/uploads\/2022\/12\/Logo-Lion-Pharmacy-c-o-Loewen-Apotheke-smal.jpg\",\"contentUrl\":\"https:\/\/loewentestneu.metafex.io\/wp-content\/uploads\/2022\/12\/Logo-Lion-Pharmacy-c-o-Loewen-Apotheke-smal.jpg\",\"width\":298,\"height\":99,\"caption\":\"Lions Pharmacy\"},\"image\":{\"@id\":\"https:\/\/loewentestneu.metafex.io\/de#\/schema\/logo\/image\/\"}}]}<\/script>\n<!-- \/ Yoast SEO plugin. -->","yoast_head_json":{"title":"Gastricumeel Tabletten 50 Stk. &#187; L\u00f6wen Apotheke &#187;","description":"Registrierte deutsche Online-Apotheke. Schneller internationaler Versand und sicheres online einkaufen. Heel: Gastricumeel Tabletten 50 Stk. > hier direkt bestellen","robots":{"index":"noindex","follow":"follow","max-snippet":"max-snippet:-1","max-image-preview":"max-image-preview:large","max-video-preview":"max-video-preview:-1"},"og_locale":"de_DE","og_type":"article","og_title":"Gastricumeel Tabletten 50 Stk. &#187; L\u00f6wen Apotheke &#187;","og_description":"Registrierte deutsche Online-Apotheke. Schneller internationaler Versand und sicheres online einkaufen. Heel: Gastricumeel Tabletten 50 Stk. > hier direkt bestellen","og_url":"https:\/\/loewentestneu.metafex.io\/de\/produkt\/gastricumeel-tablets-50-pcs-00407635","og_site_name":"L\u00f6wen Apotheke","article_modified_time":"2025-05-19T18:48:40+00:00","og_image":[{"width":600,"height":600,"url":"https:\/\/loewentestneu.metafex.io\/wp-content\/uploads\/2025\/05\/Gastricumeel-tablets-50-from-biologische-Heel-PZN-00407635-Lions-Pharmacy.webp","type":"image\/webp"}],"twitter_card":"summary_large_image","twitter_misc":{"Gesch\u00e4tzte Lesezeit":"1\u00a0Minute"},"schema":{"@context":"https:\/\/schema.org","@graph":[{"@type":"WebPage","@id":"https:\/\/loewentestneu.metafex.io\/de\/produkt\/gastricumeel-tablets-50-pcs-00407635","url":"https:\/\/loewentestneu.metafex.io\/de\/produkt\/gastricumeel-tablets-50-pcs-00407635","name":"Gastricumeel Tabletten 50 Stk. &#187; L\u00f6wen Apotheke &#187;","isPartOf":{"@id":"https:\/\/loewentestneu.metafex.io\/de#website"},"primaryImageOfPage":{"@id":"https:\/\/loewentestneu.metafex.io\/de\/produkt\/gastricumeel-tablets-50-pcs-00407635#primaryimage"},"image":{"@id":"https:\/\/loewentestneu.metafex.io\/de\/produkt\/gastricumeel-tablets-50-pcs-00407635#primaryimage"},"thumbnailUrl":"https:\/\/loewentestneu.metafex.io\/wp-content\/uploads\/2025\/05\/Gastricumeel-tablets-50-from-biologische-Heel-PZN-00407635-Lions-Pharmacy.webp","datePublished":"2025-05-18T06:20:24+00:00","dateModified":"2025-05-19T18:48:40+00:00","description":"Registrierte deutsche Online-Apotheke. Schneller internationaler Versand und sicheres online einkaufen. Heel: Gastricumeel Tabletten 50 Stk. > hier direkt bestellen","breadcrumb":{"@id":"https:\/\/loewentestneu.metafex.io\/de\/produkt\/gastricumeel-tablets-50-pcs-00407635#breadcrumb"},"inLanguage":"de","potentialAction":[{"@type":"ReadAction","target":["https:\/\/loewentestneu.metafex.io\/de\/produkt\/gastricumeel-tablets-50-pcs-00407635"]}]},{"@type":"ImageObject","inLanguage":"de","@id":"https:\/\/loewentestneu.metafex.io\/de\/produkt\/gastricumeel-tablets-50-pcs-00407635#primaryimage","url":"https:\/\/loewentestneu.metafex.io\/wp-content\/uploads\/2025\/05\/Gastricumeel-tablets-50-from-biologische-Heel-PZN-00407635-Lions-Pharmacy.webp","contentUrl":"https:\/\/loewentestneu.metafex.io\/wp-content\/uploads\/2025\/05\/Gastricumeel-tablets-50-from-biologische-Heel-PZN-00407635-Lions-Pharmacy.webp","width":600,"height":600,"caption":"Gastricumeel Tabletten 50 von biologische Heel, PZN-00407635, Lions Apotheke"},{"@type":"BreadcrumbList","@id":"https:\/\/loewentestneu.metafex.io\/de\/produkt\/gastricumeel-tablets-50-pcs-00407635#breadcrumb","itemListElement":[{"@type":"ListItem","position":1,"name":"Home","item":"https:\/\/loewentestneu.metafex.io\/de\/homepage-lion-pharmacy"},{"@type":"ListItem","position":2,"name":"Shop","item":"https:\/\/loewentestneu.metafex.io\/de\/shop-2"},{"@type":"ListItem","position":3,"name":"Gastricumeel Tabletten 50 Stk."}]},{"@type":"WebSite","@id":"https:\/\/loewentestneu.metafex.io\/de#website","url":"https:\/\/loewentestneu.metafex.io\/de","name":"Lions Pharmacy","description":"Ihr Spezialist f\u00fcr Naturheilkunde aus Baden-Baden, Germany","publisher":{"@id":"https:\/\/loewentestneu.metafex.io\/de#organization"},"alternateName":"Lion Pharmacy","potentialAction":[{"@type":"SearchAction","target":{"@type":"EntryPoint","urlTemplate":"https:\/\/loewentestneu.metafex.io\/de?s={search_term_string}"},"query-input":{"@type":"PropertyValueSpecification","valueRequired":true,"valueName":"search_term_string"}}],"inLanguage":"de"},{"@type":"Organization","@id":"https:\/\/loewentestneu.metafex.io\/de#organization","name":"Lions Pharmacy","alternateName":"Lions Pharmacy24","url":"https:\/\/loewentestneu.metafex.io\/de","logo":{"@type":"ImageObject","inLanguage":"de","@id":"https:\/\/loewentestneu.metafex.io\/de#\/schema\/logo\/image\/","url":"https:\/\/loewentestneu.metafex.io\/wp-content\/uploads\/2022\/12\/Logo-Lion-Pharmacy-c-o-Loewen-Apotheke-smal.jpg","contentUrl":"https:\/\/loewentestneu.metafex.io\/wp-content\/uploads\/2022\/12\/Logo-Lion-Pharmacy-c-o-Loewen-Apotheke-smal.jpg","width":298,"height":99,"caption":"Lions Pharmacy"},"image":{"@id":"https:\/\/loewentestneu.metafex.io\/de#\/schema\/logo\/image\/"}}]}},"_links":{"self":[{"href":"https:\/\/loewentestneu.metafex.io\/de\/wp-json\/wp\/v2\/product\/11969","targetHints":{"allow":["GET"]}}],"collection":[{"href":"https:\/\/loewentestneu.metafex.io\/de\/wp-json\/wp\/v2\/product"}],"about":[{"href":"https:\/\/loewentestneu.metafex.io\/de\/wp-json\/wp\/v2\/types\/product"}],"replies":[{"embeddable":true,"href":"https:\/\/loewentestneu.metafex.io\/de\/wp-json\/wp\/v2\/comments?post=11969"}],"wp:featuredmedia":[{"embeddable":true,"href":"https:\/\/loewentestneu.metafex.io\/de\/wp-json\/wp\/v2\/media\/11972"}],"wp:attachment":[{"href":"https:\/\/loewentestneu.metafex.io\/de\/wp-json\/wp\/v2\/media?parent=11969"}],"wp:term":[{"taxonomy":"product_brand","embeddable":true,"href":"https:\/\/loewentestneu.metafex.io\/de\/wp-json\/wp\/v2\/product_brand?post=11969"},{"taxonomy":"product_cat","embeddable":true,"href":"https:\/\/loewentestneu.metafex.io\/de\/wp-json\/wp\/v2\/product_cat?post=11969"},{"taxonomy":"product_tag","embeddable":true,"href":"https:\/\/loewentestneu.metafex.io\/de\/wp-json\/wp\/v2\/product_tag?post=11969"}],"curies":[{"name":"wp","href":"https:\/\/api.w.org\/{rel}","templated":true}]}}