{"id":13881,"date":"2025-08-01T05:15:05","date_gmt":"2025-08-01T04:15:05","guid":{"rendered":"https:\/\/lions-pharmacy.com\/?post_type=product&#038;p=13881"},"modified":"2025-12-01T19:45:08","modified_gmt":"2025-12-01T18:45:08","slug":"ciclopoli-nail-polish-against-nail-fungus-6-6ml-08907142","status":"publish","type":"product","link":"https:\/\/loewentestneu.metafex.io\/de\/produkt\/ciclopoli-nail-polish-against-nail-fungus-6-6ml-08907142","title":{"rendered":"Ciclopoli Nagellack gegen Nagelpilz (6.6ml)"},"content":{"rendered":"<h3>Ciclopoli Nagellack gegen Nagelpilz (6.6ml)<\/h3>\n<p>Ciclopoli Nagellack gegen Nagelpilz der Nagellack gegen Nagelpilz. Das Pr\u00e4parat ist ein breit wirkendes Antimykotikum (Breitspektrum-Antimykotikum). Es wird zur Behandlung von Pilzerkrankungen der N\u00e4gel (Onychomykose) eingesetzt, die durch Fadenpilze und\/oder andere Pilze verursacht werden, die mit Ciclopirox behandelt werden k\u00f6nnen. Der Wirkstoff Ciclopirox hindert die Pilze am Wachstum und t\u00f6tet sie ab. Dies wird das Aussehen Ihrer N\u00e4gel verbessern.<\/p>\n<h3>Produktdetails &amp; obligatorische Informationen<\/h3>\n<p>Packungsbeilage: &#8211; (PDF-Reader) und Lebensmittelinformationen.<\/p>\n<p>Aktiver Wirkstoff: Ciclopirox<\/p>\n<p>Erfahren Sie mehr \u00fcber den Hersteller und dieses Produkt: Almirall Hermal GmbH (Link zu externer Website)<\/p>\n<p>Informationen auf dieser Website werden ausschlie\u00dflich f\u00fcr informative Zwecke zur Verf\u00fcgung gestellt. Sie ersetzen keinesfalls die Untersuchung und Behandlung durch einen Arzt. Bitte beachten Sie, dass hierdurch weder Diagnosen gestellt noch Therapien eingeleitet werden k\u00f6nnen. Einzelimport &#8211; Wir importieren dieses Medikament f\u00fcr Sie. Dies f\u00fchrt zu einer l\u00e4ngeren Lieferzeit. R\u00fcckgaben f\u00fcr einzelne Importe sind ausgeschlossen.<\/p>\n<p>Zu Risiken und Nebenwirkungen lesen Sie die Packungsbeilage und fragen Sie Ihren Arzt oder Apotheker.<\/p>\n<h4><\/h4>\n<h3>Expertentipp aus der Apotheke:<\/h3>\n<p>Unser Apotheker empfiehlt bei Konzentration und Stress folgendes: <a href=\"https:\/\/loewentestneu.metafex.io\/de\/produkt\/neurapas-balance-100-st-4150014981430\">Neurapas Balance<\/a> &#8211; bew\u00e4hrt und besonders wirksam.<\/p>\n<p>Andere Produkte f\u00fcr diese Anwendung: <a href=\"https:\/\/loewentestneu.metafex.io\/de\/produkt-schlagwort\/vitamine-und-nahrungserganzungsmittel\">Vitamine &amp; Nahrungserg\u00e4nzungsmittel<\/a> | <a href=\"https:\/\/loewentestneu.metafex.io\/de\/produkt-schlagwort\/naturliche-heilmittel\" rel=\"tag\">Naturheilmittel<\/a> | <a href=\"https:\/\/loewentestneu.metafex.io\/de\/produkt-schlagwort\/wellness-de\" rel=\"tag\">Wellness<\/a><\/p>\n<h3>Haben Sie Fragen zu diesem Produkt? Wir sind f\u00fcr Sie da!<\/h3>\n<p>Unsere leitende Apothekerin, Dr. Sandra Hoff, und ihr Team beraten Sie gerne pers\u00f6nlich &#8211; per Telefon oder E-Mail. Als echte Apotheke vor Ort und autorisierte Versandapotheke bieten wir Ihnen kompetente Unterst\u00fctzung, insbesondere in den Bereichen <a href=\"https:\/\/loewentestneu.metafex.io\/de\/produkt-schlagwort\/naturliche-heilmittel\">Naturheilkunde<\/a> und <a href=\"https:\/\/loewentestneu.metafex.io\/de\/produkt-schlagwort\/vitamine-und-nahrungserganzungsmittel\">Nahrungserg\u00e4nzungsmittel<\/a>, hier Medikamente von <a href=\"https:\/\/loewentestneu.metafex.io\/de\/produktmarke\/vitorgan-de\">vitOrgan<\/a> und <a href=\"https:\/\/loewentestneu.metafex.io\/de\/product-category\/labo-life-de\">Labo Life<\/a>.<br \/>\nSie finden unsere Genehmigung als Eintrag im <a href=\"https:\/\/versandhandel.dimdi.de\/websearch\/servlet\/Gate;jsessionid=0D29D15655BE1174E9178A340E8FE6BC?accessid=dimdi_var&amp;term=3c387956690121ccc8763184f052b93f\" target=\"_blank\" rel=\"noopener\">Versandhandelsregister<\/a>.<\/p>\n<h3>L\u00f6sen Sie ein Rezept oder ein e-Rezept ein:<\/h3>\n<p>Haben Sie ein Rezept oder ein e-Rezept? Reichen Sie es bequem \u00fcber unsere <a href=\"https:\/\/e-rezept-app.de\/shop-rezept\" target=\"_blank\" rel=\"noopener\">E-Rezept-App<\/a> ein &#8211; auch Privatrezepte f\u00fcr Selbstzahler sind m\u00f6glich. Schnell, sicher und einfach.<\/p>\n","protected":false},"excerpt":{"rendered":"<h2>Ciclopoli Nagellack gegen Nagelpilz<\/h2>\n<p>Nagellack mit dem bew\u00e4hrten Wirkstoff Ciclopirox gegen Nagelpilz.<\/p>\n<p>&nbsp;<\/p>\n<p><strong>PZN<\/strong>: 08907142<\/p>\n<p><strong>Darreichungsform<\/strong>: Gel<\/p>\n<p><strong>Verschreibungsart<\/strong>: verschreibungsfrei<\/p>\n<p><strong>Marke<\/strong>: Ciclopoli<\/p>\n<p><strong>Hersteller<\/strong>: Almirall Hermal GmbH, 21465 Reinbek, Deutschland<\/p>\n","protected":false},"featured_media":13884,"comment_status":"closed","ping_status":"closed","template":"","meta":[],"product_brand":[],"product_cat":[367,368],"product_tag":[434,433,429],"class_list":{"0":"post-13881","1":"product","2":"type-product","3":"status-publish","4":"has-post-thumbnail","6":"product_cat-sale-de","7":"product_cat-shop-de","8":"product_tag-gewicht-und-fitness","9":"product_tag-gewichtsmanagement","10":"product_tag-vitamine-und-nahrungserganzungsmittel","11":"ts_product_brand-alle","13":"first","14":"instock","15":"sale","16":"taxable","17":"shipping-taxable","18":"purchasable","19":"product-type-simple"},"yoast_head":"<!-- This site is optimized with the Yoast SEO plugin v26.5 - https:\/\/yoast.com\/wordpress\/plugins\/seo\/ -->\n<title>Ciclopoli Nagellack gegen Nagelpilz (6.6ml)<\/title>\n<meta name=\"description\" content=\"Produkt gegen Nagelpilz. Erfahren Sie mehr \u00fcber Ciclopoli Nagellack gegen Nagelpilz (6.6ml). Wir bieten: Schneller Versand &amp; sicheres Online-Shopping\" \/>\n<meta name=\"robots\" content=\"noindex, follow, max-snippet:-1, max-image-preview:large, max-video-preview:-1\" \/>\n<meta property=\"og:locale\" content=\"de_DE\" \/>\n<meta property=\"og:type\" content=\"article\" \/>\n<meta property=\"og:title\" content=\"Ciclopoli Nagellack gegen Nagelpilz (6.6ml)\" \/>\n<meta property=\"og:description\" content=\"Produkt gegen Nagelpilz. Erfahren Sie mehr \u00fcber Ciclopoli Nagellack gegen Nagelpilz (6.6ml). Wir bieten: Schneller Versand &amp; sicheres Online-Shopping\" \/>\n<meta property=\"og:url\" content=\"https:\/\/loewentestneu.metafex.io\/de\/produkt\/ciclopoli-nail-polish-against-nail-fungus-6-6ml-08907142\" \/>\n<meta property=\"og:site_name\" content=\"L\u00f6wen Apotheke\" \/>\n<meta property=\"article:modified_time\" content=\"2025-12-01T18:45:08+00:00\" \/>\n<meta property=\"og:image\" content=\"https:\/\/loewentestneu.metafex.io\/wp-content\/uploads\/2025\/08\/Ciclopoli-nail-polish-against-nail-fungus-6.6ml-Lions-pharmcy-Germany.webp\" \/>\n\t<meta property=\"og:image:width\" content=\"600\" \/>\n\t<meta property=\"og:image:height\" content=\"600\" \/>\n\t<meta property=\"og:image:type\" content=\"image\/webp\" \/>\n<meta name=\"twitter:card\" content=\"summary_large_image\" \/>\n<meta name=\"twitter:label1\" content=\"Gesch\u00e4tzte Lesezeit\" \/>\n\t<meta name=\"twitter:data1\" content=\"2\u00a0Minuten\" \/>\n<script type=\"application\/ld+json\" class=\"yoast-schema-graph\">{\"@context\":\"https:\/\/schema.org\",\"@graph\":[{\"@type\":\"WebPage\",\"@id\":\"https:\/\/loewentestneu.metafex.io\/de\/produkt\/ciclopoli-nail-polish-against-nail-fungus-6-6ml-08907142\",\"url\":\"https:\/\/loewentestneu.metafex.io\/de\/produkt\/ciclopoli-nail-polish-against-nail-fungus-6-6ml-08907142\",\"name\":\"Ciclopoli Nagellack gegen Nagelpilz (6.6ml)\",\"isPartOf\":{\"@id\":\"https:\/\/loewentestneu.metafex.io\/de#website\"},\"primaryImageOfPage\":{\"@id\":\"https:\/\/loewentestneu.metafex.io\/de\/produkt\/ciclopoli-nail-polish-against-nail-fungus-6-6ml-08907142#primaryimage\"},\"image\":{\"@id\":\"https:\/\/loewentestneu.metafex.io\/de\/produkt\/ciclopoli-nail-polish-against-nail-fungus-6-6ml-08907142#primaryimage\"},\"thumbnailUrl\":\"https:\/\/loewentestneu.metafex.io\/wp-content\/uploads\/2025\/08\/Ciclopoli-nail-polish-against-nail-fungus-6.6ml-Lions-pharmcy-Germany.webp\",\"datePublished\":\"2025-08-01T04:15:05+00:00\",\"dateModified\":\"2025-12-01T18:45:08+00:00\",\"description\":\"Produkt gegen Nagelpilz. Erfahren Sie mehr \u00fcber Ciclopoli Nagellack gegen Nagelpilz (6.6ml). Wir bieten: Schneller Versand & sicheres Online-Shopping\",\"breadcrumb\":{\"@id\":\"https:\/\/loewentestneu.metafex.io\/de\/produkt\/ciclopoli-nail-polish-against-nail-fungus-6-6ml-08907142#breadcrumb\"},\"inLanguage\":\"de\",\"potentialAction\":[{\"@type\":\"ReadAction\",\"target\":[\"https:\/\/loewentestneu.metafex.io\/de\/produkt\/ciclopoli-nail-polish-against-nail-fungus-6-6ml-08907142\"]}]},{\"@type\":\"ImageObject\",\"inLanguage\":\"de\",\"@id\":\"https:\/\/loewentestneu.metafex.io\/de\/produkt\/ciclopoli-nail-polish-against-nail-fungus-6-6ml-08907142#primaryimage\",\"url\":\"https:\/\/loewentestneu.metafex.io\/wp-content\/uploads\/2025\/08\/Ciclopoli-nail-polish-against-nail-fungus-6.6ml-Lions-pharmcy-Germany.webp\",\"contentUrl\":\"https:\/\/loewentestneu.metafex.io\/wp-content\/uploads\/2025\/08\/Ciclopoli-nail-polish-against-nail-fungus-6.6ml-Lions-pharmcy-Germany.webp\",\"width\":600,\"height\":600,\"caption\":\"Eine Packung Ciclopoli Nagellack gegen Nagelpilz, 6.6ml, Lions-Apotheke\"},{\"@type\":\"BreadcrumbList\",\"@id\":\"https:\/\/loewentestneu.metafex.io\/de\/produkt\/ciclopoli-nail-polish-against-nail-fungus-6-6ml-08907142#breadcrumb\",\"itemListElement\":[{\"@type\":\"ListItem\",\"position\":1,\"name\":\"Home\",\"item\":\"https:\/\/loewentestneu.metafex.io\/de\/homepage-lion-pharmacy\"},{\"@type\":\"ListItem\",\"position\":2,\"name\":\"Shop\",\"item\":\"https:\/\/loewentestneu.metafex.io\/de\/shop-2\"},{\"@type\":\"ListItem\",\"position\":3,\"name\":\"Ciclopoli Nagellack gegen Nagelpilz (6.6ml)\"}]},{\"@type\":\"WebSite\",\"@id\":\"https:\/\/loewentestneu.metafex.io\/de#website\",\"url\":\"https:\/\/loewentestneu.metafex.io\/de\",\"name\":\"Lions Pharmacy\",\"description\":\"Ihr Spezialist f\u00fcr Naturheilkunde aus Baden-Baden, Germany\",\"publisher\":{\"@id\":\"https:\/\/loewentestneu.metafex.io\/de#organization\"},\"alternateName\":\"Lion Pharmacy\",\"potentialAction\":[{\"@type\":\"SearchAction\",\"target\":{\"@type\":\"EntryPoint\",\"urlTemplate\":\"https:\/\/loewentestneu.metafex.io\/de?s={search_term_string}\"},\"query-input\":{\"@type\":\"PropertyValueSpecification\",\"valueRequired\":true,\"valueName\":\"search_term_string\"}}],\"inLanguage\":\"de\"},{\"@type\":\"Organization\",\"@id\":\"https:\/\/loewentestneu.metafex.io\/de#organization\",\"name\":\"Lions Pharmacy\",\"alternateName\":\"Lions Pharmacy24\",\"url\":\"https:\/\/loewentestneu.metafex.io\/de\",\"logo\":{\"@type\":\"ImageObject\",\"inLanguage\":\"de\",\"@id\":\"https:\/\/loewentestneu.metafex.io\/de#\/schema\/logo\/image\/\",\"url\":\"https:\/\/loewentestneu.metafex.io\/wp-content\/uploads\/2022\/12\/Logo-Lion-Pharmacy-c-o-Loewen-Apotheke-smal.jpg\",\"contentUrl\":\"https:\/\/loewentestneu.metafex.io\/wp-content\/uploads\/2022\/12\/Logo-Lion-Pharmacy-c-o-Loewen-Apotheke-smal.jpg\",\"width\":298,\"height\":99,\"caption\":\"Lions Pharmacy\"},\"image\":{\"@id\":\"https:\/\/loewentestneu.metafex.io\/de#\/schema\/logo\/image\/\"}}]}<\/script>\n<!-- \/ Yoast SEO plugin. -->","yoast_head_json":{"title":"Ciclopoli Nagellack gegen Nagelpilz (6.6ml)","description":"Produkt gegen Nagelpilz. Erfahren Sie mehr \u00fcber Ciclopoli Nagellack gegen Nagelpilz (6.6ml). Wir bieten: Schneller Versand & sicheres Online-Shopping","robots":{"index":"noindex","follow":"follow","max-snippet":"max-snippet:-1","max-image-preview":"max-image-preview:large","max-video-preview":"max-video-preview:-1"},"og_locale":"de_DE","og_type":"article","og_title":"Ciclopoli Nagellack gegen Nagelpilz (6.6ml)","og_description":"Produkt gegen Nagelpilz. Erfahren Sie mehr \u00fcber Ciclopoli Nagellack gegen Nagelpilz (6.6ml). Wir bieten: Schneller Versand & sicheres Online-Shopping","og_url":"https:\/\/loewentestneu.metafex.io\/de\/produkt\/ciclopoli-nail-polish-against-nail-fungus-6-6ml-08907142","og_site_name":"L\u00f6wen Apotheke","article_modified_time":"2025-12-01T18:45:08+00:00","og_image":[{"width":600,"height":600,"url":"https:\/\/loewentestneu.metafex.io\/wp-content\/uploads\/2025\/08\/Ciclopoli-nail-polish-against-nail-fungus-6.6ml-Lions-pharmcy-Germany.webp","type":"image\/webp"}],"twitter_card":"summary_large_image","twitter_misc":{"Gesch\u00e4tzte Lesezeit":"2\u00a0Minuten"},"schema":{"@context":"https:\/\/schema.org","@graph":[{"@type":"WebPage","@id":"https:\/\/loewentestneu.metafex.io\/de\/produkt\/ciclopoli-nail-polish-against-nail-fungus-6-6ml-08907142","url":"https:\/\/loewentestneu.metafex.io\/de\/produkt\/ciclopoli-nail-polish-against-nail-fungus-6-6ml-08907142","name":"Ciclopoli Nagellack gegen Nagelpilz (6.6ml)","isPartOf":{"@id":"https:\/\/loewentestneu.metafex.io\/de#website"},"primaryImageOfPage":{"@id":"https:\/\/loewentestneu.metafex.io\/de\/produkt\/ciclopoli-nail-polish-against-nail-fungus-6-6ml-08907142#primaryimage"},"image":{"@id":"https:\/\/loewentestneu.metafex.io\/de\/produkt\/ciclopoli-nail-polish-against-nail-fungus-6-6ml-08907142#primaryimage"},"thumbnailUrl":"https:\/\/loewentestneu.metafex.io\/wp-content\/uploads\/2025\/08\/Ciclopoli-nail-polish-against-nail-fungus-6.6ml-Lions-pharmcy-Germany.webp","datePublished":"2025-08-01T04:15:05+00:00","dateModified":"2025-12-01T18:45:08+00:00","description":"Produkt gegen Nagelpilz. Erfahren Sie mehr \u00fcber Ciclopoli Nagellack gegen Nagelpilz (6.6ml). Wir bieten: Schneller Versand & sicheres Online-Shopping","breadcrumb":{"@id":"https:\/\/loewentestneu.metafex.io\/de\/produkt\/ciclopoli-nail-polish-against-nail-fungus-6-6ml-08907142#breadcrumb"},"inLanguage":"de","potentialAction":[{"@type":"ReadAction","target":["https:\/\/loewentestneu.metafex.io\/de\/produkt\/ciclopoli-nail-polish-against-nail-fungus-6-6ml-08907142"]}]},{"@type":"ImageObject","inLanguage":"de","@id":"https:\/\/loewentestneu.metafex.io\/de\/produkt\/ciclopoli-nail-polish-against-nail-fungus-6-6ml-08907142#primaryimage","url":"https:\/\/loewentestneu.metafex.io\/wp-content\/uploads\/2025\/08\/Ciclopoli-nail-polish-against-nail-fungus-6.6ml-Lions-pharmcy-Germany.webp","contentUrl":"https:\/\/loewentestneu.metafex.io\/wp-content\/uploads\/2025\/08\/Ciclopoli-nail-polish-against-nail-fungus-6.6ml-Lions-pharmcy-Germany.webp","width":600,"height":600,"caption":"Eine Packung Ciclopoli Nagellack gegen Nagelpilz, 6.6ml, Lions-Apotheke"},{"@type":"BreadcrumbList","@id":"https:\/\/loewentestneu.metafex.io\/de\/produkt\/ciclopoli-nail-polish-against-nail-fungus-6-6ml-08907142#breadcrumb","itemListElement":[{"@type":"ListItem","position":1,"name":"Home","item":"https:\/\/loewentestneu.metafex.io\/de\/homepage-lion-pharmacy"},{"@type":"ListItem","position":2,"name":"Shop","item":"https:\/\/loewentestneu.metafex.io\/de\/shop-2"},{"@type":"ListItem","position":3,"name":"Ciclopoli Nagellack gegen Nagelpilz (6.6ml)"}]},{"@type":"WebSite","@id":"https:\/\/loewentestneu.metafex.io\/de#website","url":"https:\/\/loewentestneu.metafex.io\/de","name":"Lions Pharmacy","description":"Ihr Spezialist f\u00fcr Naturheilkunde aus Baden-Baden, Germany","publisher":{"@id":"https:\/\/loewentestneu.metafex.io\/de#organization"},"alternateName":"Lion Pharmacy","potentialAction":[{"@type":"SearchAction","target":{"@type":"EntryPoint","urlTemplate":"https:\/\/loewentestneu.metafex.io\/de?s={search_term_string}"},"query-input":{"@type":"PropertyValueSpecification","valueRequired":true,"valueName":"search_term_string"}}],"inLanguage":"de"},{"@type":"Organization","@id":"https:\/\/loewentestneu.metafex.io\/de#organization","name":"Lions Pharmacy","alternateName":"Lions Pharmacy24","url":"https:\/\/loewentestneu.metafex.io\/de","logo":{"@type":"ImageObject","inLanguage":"de","@id":"https:\/\/loewentestneu.metafex.io\/de#\/schema\/logo\/image\/","url":"https:\/\/loewentestneu.metafex.io\/wp-content\/uploads\/2022\/12\/Logo-Lion-Pharmacy-c-o-Loewen-Apotheke-smal.jpg","contentUrl":"https:\/\/loewentestneu.metafex.io\/wp-content\/uploads\/2022\/12\/Logo-Lion-Pharmacy-c-o-Loewen-Apotheke-smal.jpg","width":298,"height":99,"caption":"Lions Pharmacy"},"image":{"@id":"https:\/\/loewentestneu.metafex.io\/de#\/schema\/logo\/image\/"}}]}},"_links":{"self":[{"href":"https:\/\/loewentestneu.metafex.io\/de\/wp-json\/wp\/v2\/product\/13881","targetHints":{"allow":["GET"]}}],"collection":[{"href":"https:\/\/loewentestneu.metafex.io\/de\/wp-json\/wp\/v2\/product"}],"about":[{"href":"https:\/\/loewentestneu.metafex.io\/de\/wp-json\/wp\/v2\/types\/product"}],"replies":[{"embeddable":true,"href":"https:\/\/loewentestneu.metafex.io\/de\/wp-json\/wp\/v2\/comments?post=13881"}],"wp:featuredmedia":[{"embeddable":true,"href":"https:\/\/loewentestneu.metafex.io\/de\/wp-json\/wp\/v2\/media\/13884"}],"wp:attachment":[{"href":"https:\/\/loewentestneu.metafex.io\/de\/wp-json\/wp\/v2\/media?parent=13881"}],"wp:term":[{"taxonomy":"product_brand","embeddable":true,"href":"https:\/\/loewentestneu.metafex.io\/de\/wp-json\/wp\/v2\/product_brand?post=13881"},{"taxonomy":"product_cat","embeddable":true,"href":"https:\/\/loewentestneu.metafex.io\/de\/wp-json\/wp\/v2\/product_cat?post=13881"},{"taxonomy":"product_tag","embeddable":true,"href":"https:\/\/loewentestneu.metafex.io\/de\/wp-json\/wp\/v2\/product_tag?post=13881"}],"curies":[{"name":"wp","href":"https:\/\/api.w.org\/{rel}","templated":true}]}}