{"id":16555,"date":"2025-11-09T16:56:58","date_gmt":"2025-11-09T15:56:58","guid":{"rendered":"https:\/\/lions-pharmacy.com\/?post_type=product&#038;p=16555"},"modified":"2025-11-09T17:47:48","modified_gmt":"2025-11-09T16:47:48","slug":"iberogast-classic-liquid-50ml-16507540","status":"publish","type":"product","link":"https:\/\/loewentestneu.metafex.io\/de\/produkt\/iberogast-classic-liquid-50ml-16507540","title":{"rendered":"Iberogast Classic Fl\u00fcssig (50 ml)"},"content":{"rendered":"<h2>Iberogast Classic Fl\u00fcssigkeit<\/h2>\n<h3>Iberogast bei akuten Magen- und Darmbeschwerden<\/h3>\n<p>ist ein einfaches und schnelles Mittel gegen Beschwerden wie Bl\u00e4hungen, Magendruck, V\u00f6llegef\u00fchl, \u00dcbelkeit, Magen- und Magenbeschwerden und kann auch bei Sodbrennen angenehme Linderung verschaffen.<br \/>\nIberogast enth\u00e4lt 9 Heilpflanzen mit einem hohen Anteil an motilit\u00e4tsregulierenden Inhaltsstoffen. Das bedeutet, dass das Magen- und Darmsystem wieder in Bewegung kommt und reguliert wird.<br \/>\nIberogast Classic enth\u00e4lt hilfreiche Inhaltsstoffe:<\/p>\n<ul>\n<li>Iberis amara<\/li>\n<li>S\u00fc\u00dfholzwurzel<\/li>\n<li>K\u00fcmmel<\/li>\n<li>Pfefferminzbl\u00e4tter<\/li>\n<li>Zitronenmelisse<\/li>\n<li>Kamille<br \/>\nIm Gegensatz zu einem anderen Bayer-Produkt, Iberogast advance, enth\u00e4lt es zus\u00e4tzlich: Angelikawurzel, Sch\u00f6llkraut und Mariendistel.<br \/>\nAuf Reisen und beim Verzehr von schwerem Essen kann Iberogast Classic Liquid ein schneller und unkomplizierter Helfer sein.<\/li>\n<\/ul>\n<p>Wenn Sie nach dem Essen unter Bauchschmerzen leiden oder gelegentlich unter Sodbrennen und V\u00f6llegef\u00fchl leiden, leiden Sie m\u00f6glicherweise an einer Motilit\u00e4tsst\u00f6rung. Treten gelegentlich Verdauungsprobleme auf, zum Beispiel nach einer gro\u00dfen Mahlzeit, auf Reisen, Magen-Darm-Infektionen, hormonelle Schwankungen oder akuter Stress, ist die Ursache oft eine St\u00f6rung der Bewegungsabl\u00e4ufe in Magen und Darm.<\/p>\n<p>Iberogast\u00ae Classic lindert diese funktionellen und motilit\u00e4tsbedingten Probleme, indem es<\/p>\n<p>motilit\u00e4tsregulierend, schmerzlindernd, krampfl\u00f6send, s\u00e4urehemmend und verdauungsf\u00f6rdernd<br \/>\nEffekte.<\/p>\n<p>Dadurch werden Magen-Darm-Probleme effektiv gelindert und die Verdauung kann wieder reibungslos ablaufen. Probieren Sie Iberogast\u00ae Classic &#8211; die Nummer 1 f\u00fcr funktionelle Magen-Darm-Probleme in Deutschland!*<\/p>\n<p>Informationen auf dieser Website werden ausschlie\u00dflich f\u00fcr informative Zwecke zur Verf\u00fcgung gestellt. Sie ersetzen keinesfalls die Untersuchung und Behandlung durch einen Arzt. Bitte beachten Sie, dass hierdurch weder Diagnosen gestellt noch Therapien eingeleitet werden k\u00f6nnen.<\/p>\n<p>Zu Risiken und Nebenwirkungen lesen Sie die Packungsbeilage und fragen Sie Ihren Arzt oder Apotheker.<\/p>\n<h3 style=\"text-align: left;\">Verschreibung | E-Rezept erh\u00e4ltlich?<\/h3>\n<p>Reichen Sie jetzt Ihr E-Rezept ein. Nutzen Sie unsere <a href=\"https:\/\/e-rezept-app.de\/shop-rezept\" target=\"_blank\" rel=\"noopener\">E-Rezept-App<\/a> . Und wir schenken Ihnen die Versandkosten in Deutschland!<\/p>\n","protected":false},"excerpt":{"rendered":"<h2>Iberogast Classic Fl\u00fcssigkeit<\/h2>\n<div class=\"rating__wrap\">\n<p><strong>PZN: <\/strong>16507540 (Pharmazentralnummer)<\/p>\n<p><strong>Darreichungsform<\/strong>: Fl\u00fcssigkeit 50ml<\/p>\n<p><strong>Art der Verordnung:<\/strong> Kein Rezept<\/p>\n<p><strong>Marke<\/strong>: Iberogast<\/p>\n<p><strong>Hersteller<\/strong>: Bayer AG, Germany GmbH<\/p>\n<\/div>\n","protected":false},"featured_media":16560,"comment_status":"closed","ping_status":"closed","template":"","meta":[],"product_brand":[],"product_cat":[367,368],"product_tag":[434,433,429,432],"class_list":{"0":"post-16555","1":"product","2":"type-product","3":"status-publish","4":"has-post-thumbnail","6":"product_cat-sale-de","7":"product_cat-shop-de","8":"product_tag-gewicht-und-fitness","9":"product_tag-gewichtsmanagement","10":"product_tag-vitamine-und-nahrungserganzungsmittel","11":"product_tag-wellness-de","12":"ts_product_brand-alle","14":"first","15":"instock","16":"sale","17":"taxable","18":"shipping-taxable","19":"purchasable","20":"product-type-simple"},"yoast_head":"<!-- This site is optimized with the Yoast SEO plugin v26.5 - https:\/\/yoast.com\/wordpress\/plugins\/seo\/ -->\n<title>Iberogast Classic Fl\u00fcssig (50 ml) &#187; Auf Lager. Bestellen Sie hier.<\/title>\n<meta name=\"description\" content=\"Iberogast Classic Fl\u00fcssig (50 ml) f\u00fcr Durchfall. Hersteller: Bayer Vital. Geliefert von Ihrer deutschen Online-Apotheke. Schneller Versand. Top Service.\" \/>\n<meta name=\"robots\" content=\"noindex, follow, max-snippet:-1, max-image-preview:large, max-video-preview:-1\" \/>\n<meta property=\"og:locale\" content=\"de_DE\" \/>\n<meta property=\"og:type\" content=\"article\" \/>\n<meta property=\"og:title\" content=\"Iberogast Classic Fl\u00fcssig (50 ml) &#187; Auf Lager. Bestellen Sie hier.\" \/>\n<meta property=\"og:description\" content=\"Iberogast Classic Fl\u00fcssig (50 ml) f\u00fcr Durchfall. Hersteller: Bayer Vital. Geliefert von Ihrer deutschen Online-Apotheke. Schneller Versand. Top Service.\" \/>\n<meta property=\"og:url\" content=\"https:\/\/loewentestneu.metafex.io\/de\/produkt\/iberogast-classic-liquid-50ml-16507540\" \/>\n<meta property=\"og:site_name\" content=\"L\u00f6wen Apotheke\" \/>\n<meta property=\"article:modified_time\" content=\"2025-11-09T16:47:48+00:00\" \/>\n<meta property=\"og:image\" content=\"https:\/\/loewentestneu.metafex.io\/wp-content\/uploads\/2025\/11\/Iberogast-Classic-50ml-von-Bayer-Vital.webp\" \/>\n\t<meta property=\"og:image:width\" content=\"600\" \/>\n\t<meta property=\"og:image:height\" content=\"600\" \/>\n\t<meta property=\"og:image:type\" content=\"image\/webp\" \/>\n<meta name=\"twitter:card\" content=\"summary_large_image\" \/>\n<meta name=\"twitter:label1\" content=\"Gesch\u00e4tzte Lesezeit\" \/>\n\t<meta name=\"twitter:data1\" content=\"1\u00a0Minute\" \/>\n<script type=\"application\/ld+json\" class=\"yoast-schema-graph\">{\"@context\":\"https:\/\/schema.org\",\"@graph\":[{\"@type\":\"WebPage\",\"@id\":\"https:\/\/loewentestneu.metafex.io\/de\/produkt\/iberogast-classic-liquid-50ml-16507540\",\"url\":\"https:\/\/loewentestneu.metafex.io\/de\/produkt\/iberogast-classic-liquid-50ml-16507540\",\"name\":\"Iberogast Classic Fl\u00fcssig (50 ml) &#187; Auf Lager. Bestellen Sie hier.\",\"isPartOf\":{\"@id\":\"https:\/\/loewentestneu.metafex.io\/de#website\"},\"primaryImageOfPage\":{\"@id\":\"https:\/\/loewentestneu.metafex.io\/de\/produkt\/iberogast-classic-liquid-50ml-16507540#primaryimage\"},\"image\":{\"@id\":\"https:\/\/loewentestneu.metafex.io\/de\/produkt\/iberogast-classic-liquid-50ml-16507540#primaryimage\"},\"thumbnailUrl\":\"https:\/\/loewentestneu.metafex.io\/wp-content\/uploads\/2025\/11\/Iberogast-Classic-50ml-von-Bayer-Vital.webp\",\"datePublished\":\"2025-11-09T15:56:58+00:00\",\"dateModified\":\"2025-11-09T16:47:48+00:00\",\"description\":\"Iberogast Classic Fl\u00fcssig (50 ml) f\u00fcr Durchfall. Hersteller: Bayer Vital. Geliefert von Ihrer deutschen Online-Apotheke. Schneller Versand. Top Service.\",\"breadcrumb\":{\"@id\":\"https:\/\/loewentestneu.metafex.io\/de\/produkt\/iberogast-classic-liquid-50ml-16507540#breadcrumb\"},\"inLanguage\":\"de\",\"potentialAction\":[{\"@type\":\"ReadAction\",\"target\":[\"https:\/\/loewentestneu.metafex.io\/de\/produkt\/iberogast-classic-liquid-50ml-16507540\"]}]},{\"@type\":\"ImageObject\",\"inLanguage\":\"de\",\"@id\":\"https:\/\/loewentestneu.metafex.io\/de\/produkt\/iberogast-classic-liquid-50ml-16507540#primaryimage\",\"url\":\"https:\/\/loewentestneu.metafex.io\/wp-content\/uploads\/2025\/11\/Iberogast-Classic-50ml-von-Bayer-Vital.webp\",\"contentUrl\":\"https:\/\/loewentestneu.metafex.io\/wp-content\/uploads\/2025\/11\/Iberogast-Classic-50ml-von-Bayer-Vital.webp\",\"width\":600,\"height\":600,\"caption\":\"Iberogast Classic 50ml von Bayer-Vital\"},{\"@type\":\"BreadcrumbList\",\"@id\":\"https:\/\/loewentestneu.metafex.io\/de\/produkt\/iberogast-classic-liquid-50ml-16507540#breadcrumb\",\"itemListElement\":[{\"@type\":\"ListItem\",\"position\":1,\"name\":\"Home\",\"item\":\"https:\/\/loewentestneu.metafex.io\/de\/homepage-lion-pharmacy\"},{\"@type\":\"ListItem\",\"position\":2,\"name\":\"Shop\",\"item\":\"https:\/\/loewentestneu.metafex.io\/de\/shop-2\"},{\"@type\":\"ListItem\",\"position\":3,\"name\":\"Iberogast Classic Fl\u00fcssig (50 ml)\"}]},{\"@type\":\"WebSite\",\"@id\":\"https:\/\/loewentestneu.metafex.io\/de#website\",\"url\":\"https:\/\/loewentestneu.metafex.io\/de\",\"name\":\"Lions Pharmacy\",\"description\":\"Ihr Spezialist f\u00fcr Naturheilkunde aus Baden-Baden, Germany\",\"publisher\":{\"@id\":\"https:\/\/loewentestneu.metafex.io\/de#organization\"},\"alternateName\":\"Lion Pharmacy\",\"potentialAction\":[{\"@type\":\"SearchAction\",\"target\":{\"@type\":\"EntryPoint\",\"urlTemplate\":\"https:\/\/loewentestneu.metafex.io\/de?s={search_term_string}\"},\"query-input\":{\"@type\":\"PropertyValueSpecification\",\"valueRequired\":true,\"valueName\":\"search_term_string\"}}],\"inLanguage\":\"de\"},{\"@type\":\"Organization\",\"@id\":\"https:\/\/loewentestneu.metafex.io\/de#organization\",\"name\":\"Lions Pharmacy\",\"alternateName\":\"Lions Pharmacy24\",\"url\":\"https:\/\/loewentestneu.metafex.io\/de\",\"logo\":{\"@type\":\"ImageObject\",\"inLanguage\":\"de\",\"@id\":\"https:\/\/loewentestneu.metafex.io\/de#\/schema\/logo\/image\/\",\"url\":\"https:\/\/loewentestneu.metafex.io\/wp-content\/uploads\/2022\/12\/Logo-Lion-Pharmacy-c-o-Loewen-Apotheke-smal.jpg\",\"contentUrl\":\"https:\/\/loewentestneu.metafex.io\/wp-content\/uploads\/2022\/12\/Logo-Lion-Pharmacy-c-o-Loewen-Apotheke-smal.jpg\",\"width\":298,\"height\":99,\"caption\":\"Lions Pharmacy\"},\"image\":{\"@id\":\"https:\/\/loewentestneu.metafex.io\/de#\/schema\/logo\/image\/\"}}]}<\/script>\n<!-- \/ Yoast SEO plugin. -->","yoast_head_json":{"title":"Iberogast Classic Fl\u00fcssig (50 ml) &#187; Auf Lager. Bestellen Sie hier.","description":"Iberogast Classic Fl\u00fcssig (50 ml) f\u00fcr Durchfall. Hersteller: Bayer Vital. Geliefert von Ihrer deutschen Online-Apotheke. Schneller Versand. Top Service.","robots":{"index":"noindex","follow":"follow","max-snippet":"max-snippet:-1","max-image-preview":"max-image-preview:large","max-video-preview":"max-video-preview:-1"},"og_locale":"de_DE","og_type":"article","og_title":"Iberogast Classic Fl\u00fcssig (50 ml) &#187; Auf Lager. Bestellen Sie hier.","og_description":"Iberogast Classic Fl\u00fcssig (50 ml) f\u00fcr Durchfall. Hersteller: Bayer Vital. Geliefert von Ihrer deutschen Online-Apotheke. Schneller Versand. Top Service.","og_url":"https:\/\/loewentestneu.metafex.io\/de\/produkt\/iberogast-classic-liquid-50ml-16507540","og_site_name":"L\u00f6wen Apotheke","article_modified_time":"2025-11-09T16:47:48+00:00","og_image":[{"width":600,"height":600,"url":"https:\/\/loewentestneu.metafex.io\/wp-content\/uploads\/2025\/11\/Iberogast-Classic-50ml-von-Bayer-Vital.webp","type":"image\/webp"}],"twitter_card":"summary_large_image","twitter_misc":{"Gesch\u00e4tzte Lesezeit":"1\u00a0Minute"},"schema":{"@context":"https:\/\/schema.org","@graph":[{"@type":"WebPage","@id":"https:\/\/loewentestneu.metafex.io\/de\/produkt\/iberogast-classic-liquid-50ml-16507540","url":"https:\/\/loewentestneu.metafex.io\/de\/produkt\/iberogast-classic-liquid-50ml-16507540","name":"Iberogast Classic Fl\u00fcssig (50 ml) &#187; Auf Lager. Bestellen Sie hier.","isPartOf":{"@id":"https:\/\/loewentestneu.metafex.io\/de#website"},"primaryImageOfPage":{"@id":"https:\/\/loewentestneu.metafex.io\/de\/produkt\/iberogast-classic-liquid-50ml-16507540#primaryimage"},"image":{"@id":"https:\/\/loewentestneu.metafex.io\/de\/produkt\/iberogast-classic-liquid-50ml-16507540#primaryimage"},"thumbnailUrl":"https:\/\/loewentestneu.metafex.io\/wp-content\/uploads\/2025\/11\/Iberogast-Classic-50ml-von-Bayer-Vital.webp","datePublished":"2025-11-09T15:56:58+00:00","dateModified":"2025-11-09T16:47:48+00:00","description":"Iberogast Classic Fl\u00fcssig (50 ml) f\u00fcr Durchfall. Hersteller: Bayer Vital. Geliefert von Ihrer deutschen Online-Apotheke. Schneller Versand. Top Service.","breadcrumb":{"@id":"https:\/\/loewentestneu.metafex.io\/de\/produkt\/iberogast-classic-liquid-50ml-16507540#breadcrumb"},"inLanguage":"de","potentialAction":[{"@type":"ReadAction","target":["https:\/\/loewentestneu.metafex.io\/de\/produkt\/iberogast-classic-liquid-50ml-16507540"]}]},{"@type":"ImageObject","inLanguage":"de","@id":"https:\/\/loewentestneu.metafex.io\/de\/produkt\/iberogast-classic-liquid-50ml-16507540#primaryimage","url":"https:\/\/loewentestneu.metafex.io\/wp-content\/uploads\/2025\/11\/Iberogast-Classic-50ml-von-Bayer-Vital.webp","contentUrl":"https:\/\/loewentestneu.metafex.io\/wp-content\/uploads\/2025\/11\/Iberogast-Classic-50ml-von-Bayer-Vital.webp","width":600,"height":600,"caption":"Iberogast Classic 50ml von Bayer-Vital"},{"@type":"BreadcrumbList","@id":"https:\/\/loewentestneu.metafex.io\/de\/produkt\/iberogast-classic-liquid-50ml-16507540#breadcrumb","itemListElement":[{"@type":"ListItem","position":1,"name":"Home","item":"https:\/\/loewentestneu.metafex.io\/de\/homepage-lion-pharmacy"},{"@type":"ListItem","position":2,"name":"Shop","item":"https:\/\/loewentestneu.metafex.io\/de\/shop-2"},{"@type":"ListItem","position":3,"name":"Iberogast Classic Fl\u00fcssig (50 ml)"}]},{"@type":"WebSite","@id":"https:\/\/loewentestneu.metafex.io\/de#website","url":"https:\/\/loewentestneu.metafex.io\/de","name":"Lions Pharmacy","description":"Ihr Spezialist f\u00fcr Naturheilkunde aus Baden-Baden, Germany","publisher":{"@id":"https:\/\/loewentestneu.metafex.io\/de#organization"},"alternateName":"Lion Pharmacy","potentialAction":[{"@type":"SearchAction","target":{"@type":"EntryPoint","urlTemplate":"https:\/\/loewentestneu.metafex.io\/de?s={search_term_string}"},"query-input":{"@type":"PropertyValueSpecification","valueRequired":true,"valueName":"search_term_string"}}],"inLanguage":"de"},{"@type":"Organization","@id":"https:\/\/loewentestneu.metafex.io\/de#organization","name":"Lions Pharmacy","alternateName":"Lions Pharmacy24","url":"https:\/\/loewentestneu.metafex.io\/de","logo":{"@type":"ImageObject","inLanguage":"de","@id":"https:\/\/loewentestneu.metafex.io\/de#\/schema\/logo\/image\/","url":"https:\/\/loewentestneu.metafex.io\/wp-content\/uploads\/2022\/12\/Logo-Lion-Pharmacy-c-o-Loewen-Apotheke-smal.jpg","contentUrl":"https:\/\/loewentestneu.metafex.io\/wp-content\/uploads\/2022\/12\/Logo-Lion-Pharmacy-c-o-Loewen-Apotheke-smal.jpg","width":298,"height":99,"caption":"Lions Pharmacy"},"image":{"@id":"https:\/\/loewentestneu.metafex.io\/de#\/schema\/logo\/image\/"}}]}},"_links":{"self":[{"href":"https:\/\/loewentestneu.metafex.io\/de\/wp-json\/wp\/v2\/product\/16555","targetHints":{"allow":["GET"]}}],"collection":[{"href":"https:\/\/loewentestneu.metafex.io\/de\/wp-json\/wp\/v2\/product"}],"about":[{"href":"https:\/\/loewentestneu.metafex.io\/de\/wp-json\/wp\/v2\/types\/product"}],"replies":[{"embeddable":true,"href":"https:\/\/loewentestneu.metafex.io\/de\/wp-json\/wp\/v2\/comments?post=16555"}],"wp:featuredmedia":[{"embeddable":true,"href":"https:\/\/loewentestneu.metafex.io\/de\/wp-json\/wp\/v2\/media\/16560"}],"wp:attachment":[{"href":"https:\/\/loewentestneu.metafex.io\/de\/wp-json\/wp\/v2\/media?parent=16555"}],"wp:term":[{"taxonomy":"product_brand","embeddable":true,"href":"https:\/\/loewentestneu.metafex.io\/de\/wp-json\/wp\/v2\/product_brand?post=16555"},{"taxonomy":"product_cat","embeddable":true,"href":"https:\/\/loewentestneu.metafex.io\/de\/wp-json\/wp\/v2\/product_cat?post=16555"},{"taxonomy":"product_tag","embeddable":true,"href":"https:\/\/loewentestneu.metafex.io\/de\/wp-json\/wp\/v2\/product_tag?post=16555"}],"curies":[{"name":"wp","href":"https:\/\/api.w.org\/{rel}","templated":true}]}}