{"id":17035,"date":"2025-11-22T07:51:53","date_gmt":"2025-11-22T06:51:53","guid":{"rendered":"https:\/\/lions-pharmacy.com\/?post_type=product&#038;p=17035"},"modified":"2025-11-22T09:08:41","modified_gmt":"2025-11-22T08:08:41","slug":"minoxidil-doppelherzpharma-50-mg-ml-liquid-3x-60ml-hair-loss-17268563","status":"publish","type":"product","link":"https:\/\/loewentestneu.metafex.io\/de\/produkt\/minoxidil-doppelherzpharma-50-mg-ml-liquid-3x-60ml-hair-loss-17268563","title":{"rendered":"MINOXIDIL DoppelherzPharma 50 mg\/ml Fl\u00fcssigkeit (3x 60ml)"},"content":{"rendered":"<h3>MINOXIDIL DoppelherzPharma 50 mg\/ml Fl\u00fcssigkeit<\/h3>\n<p>DoppelherzPharma Minoxidil L\u00f6sung f\u00fcr M\u00e4nner zur Behandlung von erblich bedingtem Haarausfall bei M\u00e4nnern stimuliert das Haarwachstum und stabilisiert den Verlauf im Tonsurbereich der Kopfhaut von 3-10 cm Durchmesser bei erwachsenen M\u00e4nnern zwischen 18 und 49 Jahren. Es kann dem Fortschreiten des Haarausfalls entgegenwirken.<\/p>\n<p>Minoxidil ist f\u00fcr die \u00e4u\u00dferliche Anwendung auf trockener Kopfhaut bestimmt. Bitte verwenden Sie Minoxidil DoppelherzPharma nur auf gesunder, unverletzter Kopfhaut und befolgen Sie immer genau die unten stehenden Anweisungen. Wenden Sie Minoxidil DoppelherzPharma nicht auf anderen K\u00f6rperteilen als der Kopfhaut an.<\/p>\n<p>Die empfohlene Dosis ist: Sofern vom Arzt nicht anders verordnet, sollte Minoxidil wie folgt angewendet werden: Tragen Sie 2 mal t\u00e4glich (morgens und abends) 1 ml Minoxidil DoppelherzPharma auf die betroffenen Stellen der Kopfhaut auf.<\/p>\n<p>Doppelherz ist eine der bekanntesten Gesundheitsmarken in Deutschland. Seit \u00fcber 100 Jahren werden hochwertige Gesundheitsprodukte entwickelt, die nur gepr\u00fcfte und hochwertige Inhaltsstoffe enthalten. Heute steht Doppelherz f\u00fcr die Erhaltung des gesunden Wohlbefindens der ganzen Familie &#8211; und damit nat\u00fcrlich auch von Hunden und Katzen.<\/p>\n<p>Das Produkt enth\u00e4lt: Minoxidil. 1 ml der L\u00f6sung enth\u00e4lt 50 mg Minoxidil. Die anderen Bestandteile sind: Propylenglykol und Ethanol 96%.<\/p>\n<p>Packungsbeilage\/Gebrauchsanweisung\/Artikeldatenblatt: &#8211; (PDF-Reader)<\/p>\n<p>Andere Produkte f\u00fcr die Anwendung: Haarausfall | <a href=\"https:\/\/loewentestneu.metafex.io\/de\/produkt-schlagwort\/vitamine-und-nahrungserganzungsmittel\">Vitamine &amp; Nahrungserg\u00e4nzungsmittel Produkte<\/a><\/p>\n<p>Erfahren Sie mehr \u00fcber den Hersteller und dieses Produkt: Hersteller <a href=\"https:\/\/www.doppelherz.de\/produkte\/doppelherzpharma-minoxidil-doppelherzpharma-50-mg\/ml-loesung?utm_campaign=Display_Haarausfall_AlwaysOn_25&amp;utm_medium=display&amp;utm_content=Haarausfall_300x600&amp;utm_source=RTB_DV_Prospecting_Sitelist&amp;dclid=CLrWttKOhZEDFUOZJwIdJEM3Wg&amp;gad_source=7&amp;gclid=EAIaIQobChMI5vPgk46FkQMVE4-DBx3uOg0REAEYASAAEgLvm_D_BwE\" target=\"_blank\" rel=\"noopener\">Queisser Pharma GmbH &amp; Co. KG \u00fcber DoppelherzPharma Minoxidil 50mg\/ml L\u00f6sung<\/a> (Link zu externer Website)<\/p>\n<p>Informationen auf dieser Website werden ausschlie\u00dflich f\u00fcr informative Zwecke zur Verf\u00fcgung gestellt. Sie ersetzen keinesfalls die Untersuchung und Behandlung durch einen Arzt. Bitte beachten Sie, dass hierdurch weder Diagnosen gestellt noch Therapien eingeleitet werden k\u00f6nnen.<\/p>\n<p>Zu Risiken und Nebenwirkungen lesen Sie die Packungsbeilage und fragen Sie Ihren Arzt oder Apotheker.<\/p>\n<h3 class=\"TypographyPresentation TypographyPresentation--medium RichText3-paragraph--withVSpacingNormal RichText3-paragraph HighlightSol HighlightSol--buildingBlock\" style=\"text-align: left;\">Haben Sie Fragen zu diesem Produkt? Wir sind f\u00fcr Sie da!<\/h3>\n<p class=\"TypographyPresentation TypographyPresentation--medium RichText3-paragraph--withVSpacingNormal RichText3-paragraph HighlightSol HighlightSol--buildingBlock\">Unsere leitende Apothekerin, <strong>Dr. Sandra Hoff<\/strong>, und ihr Team beraten Sie gerne pers\u00f6nlich &#8211; per Telefon oder E-Mail. Als <strong>echte Apotheke vor Ort<\/strong> und <strong>zugelassene Versandapotheke<\/strong> bieten wir Ihnen kompetente Unterst\u00fctzung, insbesondere in den Bereichen <a href=\"https:\/\/www.loewen-apotheke24.com\/en\/product_tag\/natural-remedies\/\">Naturheilkunde<\/a> und <a href=\"https:\/\/www.loewen-apotheke24.com\/en\/product_tag\/vitamins-minerals-nutritional-supplement\/\">Nahrungserg\u00e4nzungsmittel<\/a>. Sie finden unsere Genehmigung als <a href=\"https:\/\/versandhandel.dimdi.de\/websearch\/servlet\/Gate;jsessionid=0D29D15655BE1174E9178A340E8FE6BC?accessid=dimdi_var&amp;term=3c387956690121ccc8763184f052b93f\" target=\"_blank\" rel=\"noopener\">Eintrag im Versandhandelsregister.<\/a><\/p>\n","protected":false},"excerpt":{"rendered":"<h2>MINOXIDIL DoppelherzPharma 50 mg\/ml Fl\u00fcssigkeit<\/h2>\n<p>L\u00f6sung zur Anwendung auf der Haut (Kopfhaut). F\u00fcr M\u00e4nner.<\/p>\n<p>&nbsp;<\/p>\n<p><strong>PZN<\/strong>: 17268563 (Pharmazentralnummer)<\/p>\n<p><strong>Darreichungsform<\/strong>: fl\u00fcssig<\/p>\n<p><strong>Verschreibungsart<\/strong>: verschreibungsfrei<\/p>\n<p><strong>Marke<\/strong>: Doppelherz<\/p>\n<p><strong>Hersteller<\/strong>: Queisser Pharma GmbH &amp; Co. KG, Flensburg, Deutschland<\/p>\n<p><strong>Packungsgr\u00f6\u00dfe<\/strong>: (3x 60ml)<\/p>\n","protected":false},"featured_media":17027,"comment_status":"closed","ping_status":"closed","template":"","meta":[],"product_brand":[],"product_cat":[367,368],"product_tag":[897,379,429],"class_list":{"0":"post-17035","1":"product","2":"type-product","3":"status-publish","4":"has-post-thumbnail","6":"product_cat-sale-de","7":"product_cat-shop-de","8":"product_tag-haare","9":"product_tag-monatlicher-sale-de","10":"product_tag-vitamine-und-nahrungserganzungsmittel","11":"ts_product_brand-alle","13":"first","14":"instock","15":"featured","16":"taxable","17":"shipping-taxable","18":"purchasable","19":"product-type-simple"},"yoast_head":"<!-- This site is optimized with the Yoast SEO plugin v26.5 - https:\/\/yoast.com\/wordpress\/plugins\/seo\/ -->\n<title>MINOXIDIL DoppelherzPharma 50 mg\/ml Fl\u00fcssigkeit (3x 60ml) &#187; L\u00f6wen Apotheke<\/title>\n<meta name=\"description\" content=\"registrierte deutsche Online-Apotheke | Schneller internationaler Versand | sicher online einkaufen | Haarausfall &gt; MINOXIDIL DoppelherzPharma 50 mg\/ml Fl\u00fcssigkeit (3x 60ml)\" \/>\n<meta name=\"robots\" content=\"noindex, follow, max-snippet:-1, max-image-preview:large, max-video-preview:-1\" \/>\n<meta property=\"og:locale\" content=\"de_DE\" \/>\n<meta property=\"og:type\" content=\"article\" \/>\n<meta property=\"og:title\" content=\"MINOXIDIL DoppelherzPharma 50 mg\/ml Fl\u00fcssigkeit (3x 60ml) &#187; L\u00f6wen Apotheke\" \/>\n<meta property=\"og:description\" content=\"registrierte deutsche Online-Apotheke | Schneller internationaler Versand | sicher online einkaufen | Haarausfall &gt; MINOXIDIL DoppelherzPharma 50 mg\/ml Fl\u00fcssigkeit (3x 60ml)\" \/>\n<meta property=\"og:url\" content=\"https:\/\/loewentestneu.metafex.io\/de\/produkt\/minoxidil-doppelherzpharma-50-mg-ml-liquid-3x-60ml-hair-loss-17268563\" \/>\n<meta property=\"og:site_name\" content=\"L\u00f6wen Apotheke\" \/>\n<meta property=\"article:modified_time\" content=\"2025-11-22T08:08:41+00:00\" \/>\n<meta property=\"og:image\" content=\"https:\/\/loewentestneu.metafex.io\/wp-content\/uploads\/2025\/11\/17268563_Doppelherz_Minoxidil_50_mg_ml_Loesung_zur_Anwendung_auf_der_Kopfhaut.webp\" \/>\n\t<meta property=\"og:image:width\" content=\"600\" \/>\n\t<meta property=\"og:image:height\" content=\"600\" \/>\n\t<meta property=\"og:image:type\" content=\"image\/webp\" \/>\n<meta name=\"twitter:card\" content=\"summary_large_image\" \/>\n<meta name=\"twitter:label1\" content=\"Gesch\u00e4tzte Lesezeit\" \/>\n\t<meta name=\"twitter:data1\" content=\"2\u00a0Minuten\" \/>\n<script type=\"application\/ld+json\" class=\"yoast-schema-graph\">{\"@context\":\"https:\/\/schema.org\",\"@graph\":[{\"@type\":\"WebPage\",\"@id\":\"https:\/\/loewentestneu.metafex.io\/de\/produkt\/minoxidil-doppelherzpharma-50-mg-ml-liquid-3x-60ml-hair-loss-17268563\",\"url\":\"https:\/\/loewentestneu.metafex.io\/de\/produkt\/minoxidil-doppelherzpharma-50-mg-ml-liquid-3x-60ml-hair-loss-17268563\",\"name\":\"MINOXIDIL DoppelherzPharma 50 mg\/ml Fl\u00fcssigkeit (3x 60ml) &#187; L\u00f6wen Apotheke\",\"isPartOf\":{\"@id\":\"https:\/\/loewentestneu.metafex.io\/de#website\"},\"primaryImageOfPage\":{\"@id\":\"https:\/\/loewentestneu.metafex.io\/de\/produkt\/minoxidil-doppelherzpharma-50-mg-ml-liquid-3x-60ml-hair-loss-17268563#primaryimage\"},\"image\":{\"@id\":\"https:\/\/loewentestneu.metafex.io\/de\/produkt\/minoxidil-doppelherzpharma-50-mg-ml-liquid-3x-60ml-hair-loss-17268563#primaryimage\"},\"thumbnailUrl\":\"https:\/\/loewentestneu.metafex.io\/wp-content\/uploads\/2025\/11\/17268563_Doppelherz_Minoxidil_50_mg_ml_Loesung_zur_Anwendung_auf_der_Kopfhaut.webp\",\"datePublished\":\"2025-11-22T06:51:53+00:00\",\"dateModified\":\"2025-11-22T08:08:41+00:00\",\"description\":\"registrierte deutsche Online-Apotheke | Schneller internationaler Versand | sicher online einkaufen | Haarausfall > MINOXIDIL DoppelherzPharma 50 mg\/ml Fl\u00fcssigkeit (3x 60ml)\",\"breadcrumb\":{\"@id\":\"https:\/\/loewentestneu.metafex.io\/de\/produkt\/minoxidil-doppelherzpharma-50-mg-ml-liquid-3x-60ml-hair-loss-17268563#breadcrumb\"},\"inLanguage\":\"de\",\"potentialAction\":[{\"@type\":\"ReadAction\",\"target\":[\"https:\/\/loewentestneu.metafex.io\/de\/produkt\/minoxidil-doppelherzpharma-50-mg-ml-liquid-3x-60ml-hair-loss-17268563\"]}]},{\"@type\":\"ImageObject\",\"inLanguage\":\"de\",\"@id\":\"https:\/\/loewentestneu.metafex.io\/de\/produkt\/minoxidil-doppelherzpharma-50-mg-ml-liquid-3x-60ml-hair-loss-17268563#primaryimage\",\"url\":\"https:\/\/loewentestneu.metafex.io\/wp-content\/uploads\/2025\/11\/17268563_Doppelherz_Minoxidil_50_mg_ml_Loesung_zur_Anwendung_auf_der_Kopfhaut.webp\",\"contentUrl\":\"https:\/\/loewentestneu.metafex.io\/wp-content\/uploads\/2025\/11\/17268563_Doppelherz_Minoxidil_50_mg_ml_Loesung_zur_Anwendung_auf_der_Kopfhaut.webp\",\"width\":600,\"height\":600,\"caption\":\"Packshot DoppelherzPharma Minoxidil 50 mg\/ml Fl\u00fcssigkeit gegen Haarausfall\"},{\"@type\":\"BreadcrumbList\",\"@id\":\"https:\/\/loewentestneu.metafex.io\/de\/produkt\/minoxidil-doppelherzpharma-50-mg-ml-liquid-3x-60ml-hair-loss-17268563#breadcrumb\",\"itemListElement\":[{\"@type\":\"ListItem\",\"position\":1,\"name\":\"Home\",\"item\":\"https:\/\/loewentestneu.metafex.io\/de\/homepage-lion-pharmacy\"},{\"@type\":\"ListItem\",\"position\":2,\"name\":\"Shop\",\"item\":\"https:\/\/loewentestneu.metafex.io\/de\/shop-2\"},{\"@type\":\"ListItem\",\"position\":3,\"name\":\"MINOXIDIL DoppelherzPharma 50 mg\/ml Fl\u00fcssigkeit (3x 60ml)\"}]},{\"@type\":\"WebSite\",\"@id\":\"https:\/\/loewentestneu.metafex.io\/de#website\",\"url\":\"https:\/\/loewentestneu.metafex.io\/de\",\"name\":\"Lions Pharmacy\",\"description\":\"Ihr Spezialist f\u00fcr Naturheilkunde aus Baden-Baden, Germany\",\"publisher\":{\"@id\":\"https:\/\/loewentestneu.metafex.io\/de#organization\"},\"alternateName\":\"Lion Pharmacy\",\"potentialAction\":[{\"@type\":\"SearchAction\",\"target\":{\"@type\":\"EntryPoint\",\"urlTemplate\":\"https:\/\/loewentestneu.metafex.io\/de?s={search_term_string}\"},\"query-input\":{\"@type\":\"PropertyValueSpecification\",\"valueRequired\":true,\"valueName\":\"search_term_string\"}}],\"inLanguage\":\"de\"},{\"@type\":\"Organization\",\"@id\":\"https:\/\/loewentestneu.metafex.io\/de#organization\",\"name\":\"Lions Pharmacy\",\"alternateName\":\"Lions Pharmacy24\",\"url\":\"https:\/\/loewentestneu.metafex.io\/de\",\"logo\":{\"@type\":\"ImageObject\",\"inLanguage\":\"de\",\"@id\":\"https:\/\/loewentestneu.metafex.io\/de#\/schema\/logo\/image\/\",\"url\":\"https:\/\/loewentestneu.metafex.io\/wp-content\/uploads\/2022\/12\/Logo-Lion-Pharmacy-c-o-Loewen-Apotheke-smal.jpg\",\"contentUrl\":\"https:\/\/loewentestneu.metafex.io\/wp-content\/uploads\/2022\/12\/Logo-Lion-Pharmacy-c-o-Loewen-Apotheke-smal.jpg\",\"width\":298,\"height\":99,\"caption\":\"Lions Pharmacy\"},\"image\":{\"@id\":\"https:\/\/loewentestneu.metafex.io\/de#\/schema\/logo\/image\/\"}}]}<\/script>\n<!-- \/ Yoast SEO plugin. -->","yoast_head_json":{"title":"MINOXIDIL DoppelherzPharma 50 mg\/ml Fl\u00fcssigkeit (3x 60ml) &#187; L\u00f6wen Apotheke","description":"registrierte deutsche Online-Apotheke | Schneller internationaler Versand | sicher online einkaufen | Haarausfall > MINOXIDIL DoppelherzPharma 50 mg\/ml Fl\u00fcssigkeit (3x 60ml)","robots":{"index":"noindex","follow":"follow","max-snippet":"max-snippet:-1","max-image-preview":"max-image-preview:large","max-video-preview":"max-video-preview:-1"},"og_locale":"de_DE","og_type":"article","og_title":"MINOXIDIL DoppelherzPharma 50 mg\/ml Fl\u00fcssigkeit (3x 60ml) &#187; L\u00f6wen Apotheke","og_description":"registrierte deutsche Online-Apotheke | Schneller internationaler Versand | sicher online einkaufen | Haarausfall > MINOXIDIL DoppelherzPharma 50 mg\/ml Fl\u00fcssigkeit (3x 60ml)","og_url":"https:\/\/loewentestneu.metafex.io\/de\/produkt\/minoxidil-doppelherzpharma-50-mg-ml-liquid-3x-60ml-hair-loss-17268563","og_site_name":"L\u00f6wen Apotheke","article_modified_time":"2025-11-22T08:08:41+00:00","og_image":[{"width":600,"height":600,"url":"https:\/\/loewentestneu.metafex.io\/wp-content\/uploads\/2025\/11\/17268563_Doppelherz_Minoxidil_50_mg_ml_Loesung_zur_Anwendung_auf_der_Kopfhaut.webp","type":"image\/webp"}],"twitter_card":"summary_large_image","twitter_misc":{"Gesch\u00e4tzte Lesezeit":"2\u00a0Minuten"},"schema":{"@context":"https:\/\/schema.org","@graph":[{"@type":"WebPage","@id":"https:\/\/loewentestneu.metafex.io\/de\/produkt\/minoxidil-doppelherzpharma-50-mg-ml-liquid-3x-60ml-hair-loss-17268563","url":"https:\/\/loewentestneu.metafex.io\/de\/produkt\/minoxidil-doppelherzpharma-50-mg-ml-liquid-3x-60ml-hair-loss-17268563","name":"MINOXIDIL DoppelherzPharma 50 mg\/ml Fl\u00fcssigkeit (3x 60ml) &#187; L\u00f6wen Apotheke","isPartOf":{"@id":"https:\/\/loewentestneu.metafex.io\/de#website"},"primaryImageOfPage":{"@id":"https:\/\/loewentestneu.metafex.io\/de\/produkt\/minoxidil-doppelherzpharma-50-mg-ml-liquid-3x-60ml-hair-loss-17268563#primaryimage"},"image":{"@id":"https:\/\/loewentestneu.metafex.io\/de\/produkt\/minoxidil-doppelherzpharma-50-mg-ml-liquid-3x-60ml-hair-loss-17268563#primaryimage"},"thumbnailUrl":"https:\/\/loewentestneu.metafex.io\/wp-content\/uploads\/2025\/11\/17268563_Doppelherz_Minoxidil_50_mg_ml_Loesung_zur_Anwendung_auf_der_Kopfhaut.webp","datePublished":"2025-11-22T06:51:53+00:00","dateModified":"2025-11-22T08:08:41+00:00","description":"registrierte deutsche Online-Apotheke | Schneller internationaler Versand | sicher online einkaufen | Haarausfall > MINOXIDIL DoppelherzPharma 50 mg\/ml Fl\u00fcssigkeit (3x 60ml)","breadcrumb":{"@id":"https:\/\/loewentestneu.metafex.io\/de\/produkt\/minoxidil-doppelherzpharma-50-mg-ml-liquid-3x-60ml-hair-loss-17268563#breadcrumb"},"inLanguage":"de","potentialAction":[{"@type":"ReadAction","target":["https:\/\/loewentestneu.metafex.io\/de\/produkt\/minoxidil-doppelherzpharma-50-mg-ml-liquid-3x-60ml-hair-loss-17268563"]}]},{"@type":"ImageObject","inLanguage":"de","@id":"https:\/\/loewentestneu.metafex.io\/de\/produkt\/minoxidil-doppelherzpharma-50-mg-ml-liquid-3x-60ml-hair-loss-17268563#primaryimage","url":"https:\/\/loewentestneu.metafex.io\/wp-content\/uploads\/2025\/11\/17268563_Doppelherz_Minoxidil_50_mg_ml_Loesung_zur_Anwendung_auf_der_Kopfhaut.webp","contentUrl":"https:\/\/loewentestneu.metafex.io\/wp-content\/uploads\/2025\/11\/17268563_Doppelherz_Minoxidil_50_mg_ml_Loesung_zur_Anwendung_auf_der_Kopfhaut.webp","width":600,"height":600,"caption":"Packshot DoppelherzPharma Minoxidil 50 mg\/ml Fl\u00fcssigkeit gegen Haarausfall"},{"@type":"BreadcrumbList","@id":"https:\/\/loewentestneu.metafex.io\/de\/produkt\/minoxidil-doppelherzpharma-50-mg-ml-liquid-3x-60ml-hair-loss-17268563#breadcrumb","itemListElement":[{"@type":"ListItem","position":1,"name":"Home","item":"https:\/\/loewentestneu.metafex.io\/de\/homepage-lion-pharmacy"},{"@type":"ListItem","position":2,"name":"Shop","item":"https:\/\/loewentestneu.metafex.io\/de\/shop-2"},{"@type":"ListItem","position":3,"name":"MINOXIDIL DoppelherzPharma 50 mg\/ml Fl\u00fcssigkeit (3x 60ml)"}]},{"@type":"WebSite","@id":"https:\/\/loewentestneu.metafex.io\/de#website","url":"https:\/\/loewentestneu.metafex.io\/de","name":"Lions Pharmacy","description":"Ihr Spezialist f\u00fcr Naturheilkunde aus Baden-Baden, Germany","publisher":{"@id":"https:\/\/loewentestneu.metafex.io\/de#organization"},"alternateName":"Lion Pharmacy","potentialAction":[{"@type":"SearchAction","target":{"@type":"EntryPoint","urlTemplate":"https:\/\/loewentestneu.metafex.io\/de?s={search_term_string}"},"query-input":{"@type":"PropertyValueSpecification","valueRequired":true,"valueName":"search_term_string"}}],"inLanguage":"de"},{"@type":"Organization","@id":"https:\/\/loewentestneu.metafex.io\/de#organization","name":"Lions Pharmacy","alternateName":"Lions Pharmacy24","url":"https:\/\/loewentestneu.metafex.io\/de","logo":{"@type":"ImageObject","inLanguage":"de","@id":"https:\/\/loewentestneu.metafex.io\/de#\/schema\/logo\/image\/","url":"https:\/\/loewentestneu.metafex.io\/wp-content\/uploads\/2022\/12\/Logo-Lion-Pharmacy-c-o-Loewen-Apotheke-smal.jpg","contentUrl":"https:\/\/loewentestneu.metafex.io\/wp-content\/uploads\/2022\/12\/Logo-Lion-Pharmacy-c-o-Loewen-Apotheke-smal.jpg","width":298,"height":99,"caption":"Lions Pharmacy"},"image":{"@id":"https:\/\/loewentestneu.metafex.io\/de#\/schema\/logo\/image\/"}}]}},"_links":{"self":[{"href":"https:\/\/loewentestneu.metafex.io\/de\/wp-json\/wp\/v2\/product\/17035","targetHints":{"allow":["GET"]}}],"collection":[{"href":"https:\/\/loewentestneu.metafex.io\/de\/wp-json\/wp\/v2\/product"}],"about":[{"href":"https:\/\/loewentestneu.metafex.io\/de\/wp-json\/wp\/v2\/types\/product"}],"replies":[{"embeddable":true,"href":"https:\/\/loewentestneu.metafex.io\/de\/wp-json\/wp\/v2\/comments?post=17035"}],"wp:featuredmedia":[{"embeddable":true,"href":"https:\/\/loewentestneu.metafex.io\/de\/wp-json\/wp\/v2\/media\/17027"}],"wp:attachment":[{"href":"https:\/\/loewentestneu.metafex.io\/de\/wp-json\/wp\/v2\/media?parent=17035"}],"wp:term":[{"taxonomy":"product_brand","embeddable":true,"href":"https:\/\/loewentestneu.metafex.io\/de\/wp-json\/wp\/v2\/product_brand?post=17035"},{"taxonomy":"product_cat","embeddable":true,"href":"https:\/\/loewentestneu.metafex.io\/de\/wp-json\/wp\/v2\/product_cat?post=17035"},{"taxonomy":"product_tag","embeddable":true,"href":"https:\/\/loewentestneu.metafex.io\/de\/wp-json\/wp\/v2\/product_tag?post=17035"}],"curies":[{"name":"wp","href":"https:\/\/api.w.org\/{rel}","templated":true}]}}