{"id":18088,"date":"2025-12-02T13:22:33","date_gmt":"2025-12-02T12:22:33","guid":{"rendered":"https:\/\/lions-pharmacy.com\/?post_type=product&#038;p=18088"},"modified":"2025-12-13T20:19:56","modified_gmt":"2025-12-13T19:19:56","slug":"bepanthen-wound-and-healing-ointment-50-g","status":"publish","type":"product","link":"https:\/\/loewentestneu.metafex.io\/de\/produkt\/bepanthen-wound-and-healing-ointment-50-g","title":{"rendered":"Bepanthen Wund- und Heilsalbe 50 g"},"content":{"rendered":"<h3>Bepanthen Wund- und Heilsalbe<\/h3>\n<p>Bepanthen Wund- und Heilsalbe 50 g (50 mg\/g) f\u00fcr Erwachsene und Kinder ab 1 Jahr. Im Alltag kommt es oft zu kleinen Verletzungen, die sich gut mit Bepanthen behandeln lassen. Beim Spielen fallen oder sich in der K\u00fcche schneiden. F\u00fcr die Erste Hilfe reichen ein Pflaster und eine Wundsalbe wie Bepanthen aus.<\/p>\n<p>So behandeln Sie Ihre Wunde am besten: Reinigen Sie die Wunde mit klarem Wasser oder lassen Sie die betroffene Stelle ohne Druck bluten. Desinfizieren Sie die betroffene Stelle mit einem Desinfektionsspray. Behandeln Sie dann die Wunde mit einem atmungsaktiven Pflaster und Bepanthen-Salbe. Der Wirkstoff Dexpanthenol, der in Bepanthen enthalten ist, unterst\u00fctzt die Hautzellen bei der Heilung und verbessert das Wundmilieu.<\/p>\n<p>Hier finden Sie weitere Informationen zum Produkt und Hersteller: <a href=\"https:\/\/www.bepanthen.de\/augen-und-nasensalbe\" target=\"_blank\" rel=\"noopener\">Bayer AG \u2013 Bepanthen<\/a>.<\/p>\n<p>Weitere Produkte f\u00fcr die Anwendung: <a href=\"https:\/\/loewentestneu.metafex.io\/de\/produkt-schlagwort\/gewicht-und-fitness\">Reisen &amp; Sport, Wellness<\/a> | <a href=\"https:\/\/loewentestneu.metafex.io\/de\/produkt-schlagwort\/vitamine-und-nahrungserganzungsmittel\">Vitamine &amp; Nahrungserg\u00e4nzungsmittel Produkte<\/a><\/p>\n<section><\/section>\n<section class=\"text-dark-primary-max\">Informationen auf dieser Website werden ausschlie\u00dflich f\u00fcr informative Zwecke zur Verf\u00fcgung gestellt. Sie ersetzen keinesfalls die Untersuchung und Behandlung durch einen Arzt. Bitte beachten Sie, dass dadurch weder Diagnosen gestellt noch Therapien eingeleitet werden k\u00f6nnen.  <\/section>\n<section><\/section>\n<section><\/section>\n<p>Zu Risiken und Nebenwirkungen lesen Sie die Packungsbeilage und fragen Sie Ihren Arzt oder Apotheker.<\/p>\n<p>&nbsp;<\/p>\n<h3 style=\"text-align: left;\">Verschreibung | E-Rezept erh\u00e4ltlich?<\/h3>\n<p>Reichen Sie jetzt Ihr E-Rezept ein. Nutzen Sie unsere <a href=\"https:\/\/e-rezept-app.de\/shop-rezept\" target=\"_blank\" rel=\"noopener\">E-Rezept-App<\/a> . Und wir schenken Ihnen die Versandkosten in Deutschland!<\/p>\n","protected":false},"excerpt":{"rendered":"<h2>Bepanthen Wund- und Heilsalbe<\/h2>\n<p>Bepanthen Wund- und Heilsalbe 50 g f\u00fcr Erwachsene und Kinder ab 1 Jahr.<\/p>\n<p>&nbsp;<\/p>\n<div class=\"rating__wrap\">\n<p><strong>PZN<\/strong>: <span data-qa-id=\"product-attribute-pzn\">01578818<\/span> (Pharmazentralnummer)<\/p>\n<p><strong>Darreichungsform<\/strong>: Salbe &#8211; 50 g<\/p>\n<p><strong>Art der Verordnung:<\/strong> Kein Rezept<\/p>\n<p><strong>Marke<\/strong>: Bepanthen<\/p>\n<p><strong>Hersteller: <\/strong>Bayer Vital GmbH<\/p>\n<\/div>\n","protected":false},"featured_media":18187,"comment_status":"closed","ping_status":"closed","template":"","meta":[],"product_brand":[],"product_cat":[367,368],"product_tag":[434,433,379,429,432],"class_list":{"0":"post-18088","1":"product","2":"type-product","3":"status-publish","4":"has-post-thumbnail","6":"product_cat-sale-de","7":"product_cat-shop-de","8":"product_tag-gewicht-und-fitness","9":"product_tag-gewichtsmanagement","10":"product_tag-monatlicher-sale-de","11":"product_tag-vitamine-und-nahrungserganzungsmittel","12":"product_tag-wellness-de","13":"ts_product_brand-alle","15":"first","16":"instock","17":"featured","18":"taxable","19":"shipping-taxable","20":"purchasable","21":"product-type-simple"},"yoast_head":"<!-- This site is optimized with the Yoast SEO plugin v26.5 - https:\/\/yoast.com\/wordpress\/plugins\/seo\/ -->\n<title>Bepanthen Wund- und Heilsalbe 50 g &#187; hier bestellen<\/title>\n<meta name=\"description\" content=\"Bepanthen Wund- und Heilsalbe 50 g f\u00fcr Erwachsene und Kinder. Geliefert von Ihrer deutschen Online-Apotheke. Schneller Versand. Top Service.\" \/>\n<meta name=\"robots\" content=\"noindex, follow, max-snippet:-1, max-image-preview:large, max-video-preview:-1\" \/>\n<meta property=\"og:locale\" content=\"de_DE\" \/>\n<meta property=\"og:type\" content=\"article\" \/>\n<meta property=\"og:title\" content=\"Bepanthen Wund- und Heilsalbe 50 g &#187; hier bestellen\" \/>\n<meta property=\"og:description\" content=\"Bepanthen Wund- und Heilsalbe 50 g f\u00fcr Erwachsene und Kinder. Geliefert von Ihrer deutschen Online-Apotheke. Schneller Versand. Top Service.\" \/>\n<meta property=\"og:url\" content=\"https:\/\/loewentestneu.metafex.io\/de\/produkt\/bepanthen-wound-and-healing-ointment-50-g\" \/>\n<meta property=\"og:site_name\" content=\"L\u00f6wen Apotheke\" \/>\n<meta property=\"article:modified_time\" content=\"2025-12-13T19:19:56+00:00\" \/>\n<meta property=\"og:image\" content=\"https:\/\/loewentestneu.metafex.io\/wp-content\/uploads\/2025\/12\/Bepanthen50-e1764936141128.webp\" \/>\n\t<meta property=\"og:image:width\" content=\"650\" \/>\n\t<meta property=\"og:image:height\" content=\"650\" \/>\n\t<meta property=\"og:image:type\" content=\"image\/webp\" \/>\n<meta name=\"twitter:card\" content=\"summary_large_image\" \/>\n<meta name=\"twitter:label1\" content=\"Gesch\u00e4tzte Lesezeit\" \/>\n\t<meta name=\"twitter:data1\" content=\"1\u00a0Minute\" \/>\n<script type=\"application\/ld+json\" class=\"yoast-schema-graph\">{\"@context\":\"https:\/\/schema.org\",\"@graph\":[{\"@type\":\"WebPage\",\"@id\":\"https:\/\/loewentestneu.metafex.io\/de\/produkt\/bepanthen-wound-and-healing-ointment-50-g\",\"url\":\"https:\/\/loewentestneu.metafex.io\/de\/produkt\/bepanthen-wound-and-healing-ointment-50-g\",\"name\":\"Bepanthen Wund- und Heilsalbe 50 g &#187; hier bestellen\",\"isPartOf\":{\"@id\":\"https:\/\/loewentestneu.metafex.io\/de#website\"},\"primaryImageOfPage\":{\"@id\":\"https:\/\/loewentestneu.metafex.io\/de\/produkt\/bepanthen-wound-and-healing-ointment-50-g#primaryimage\"},\"image\":{\"@id\":\"https:\/\/loewentestneu.metafex.io\/de\/produkt\/bepanthen-wound-and-healing-ointment-50-g#primaryimage\"},\"thumbnailUrl\":\"https:\/\/loewentestneu.metafex.io\/wp-content\/uploads\/2025\/12\/Bepanthen50-e1764936141128.webp\",\"datePublished\":\"2025-12-02T12:22:33+00:00\",\"dateModified\":\"2025-12-13T19:19:56+00:00\",\"description\":\"Bepanthen Wund- und Heilsalbe 50 g f\u00fcr Erwachsene und Kinder. Geliefert von Ihrer deutschen Online-Apotheke. Schneller Versand. Top Service.\",\"breadcrumb\":{\"@id\":\"https:\/\/loewentestneu.metafex.io\/de\/produkt\/bepanthen-wound-and-healing-ointment-50-g#breadcrumb\"},\"inLanguage\":\"de\",\"potentialAction\":[{\"@type\":\"ReadAction\",\"target\":[\"https:\/\/loewentestneu.metafex.io\/de\/produkt\/bepanthen-wound-and-healing-ointment-50-g\"]}]},{\"@type\":\"ImageObject\",\"inLanguage\":\"de\",\"@id\":\"https:\/\/loewentestneu.metafex.io\/de\/produkt\/bepanthen-wound-and-healing-ointment-50-g#primaryimage\",\"url\":\"https:\/\/loewentestneu.metafex.io\/wp-content\/uploads\/2025\/12\/Bepanthen50-e1764936141128.webp\",\"contentUrl\":\"https:\/\/loewentestneu.metafex.io\/wp-content\/uploads\/2025\/12\/Bepanthen50-e1764936141128.webp\",\"width\":650,\"height\":650,\"caption\":\"Bepanthen Wund- und Heilsalbe PZN 01578818 L\u00f6wen-Apotheke\"},{\"@type\":\"BreadcrumbList\",\"@id\":\"https:\/\/loewentestneu.metafex.io\/de\/produkt\/bepanthen-wound-and-healing-ointment-50-g#breadcrumb\",\"itemListElement\":[{\"@type\":\"ListItem\",\"position\":1,\"name\":\"Home\",\"item\":\"https:\/\/loewentestneu.metafex.io\/de\/homepage-lion-pharmacy\"},{\"@type\":\"ListItem\",\"position\":2,\"name\":\"Shop\",\"item\":\"https:\/\/loewentestneu.metafex.io\/de\/shop-2\"},{\"@type\":\"ListItem\",\"position\":3,\"name\":\"Bepanthen Wund- und Heilsalbe 50 g\"}]},{\"@type\":\"WebSite\",\"@id\":\"https:\/\/loewentestneu.metafex.io\/de#website\",\"url\":\"https:\/\/loewentestneu.metafex.io\/de\",\"name\":\"Lions Pharmacy\",\"description\":\"Ihr Spezialist f\u00fcr Naturheilkunde aus Baden-Baden, Germany\",\"publisher\":{\"@id\":\"https:\/\/loewentestneu.metafex.io\/de#organization\"},\"alternateName\":\"Lion Pharmacy\",\"potentialAction\":[{\"@type\":\"SearchAction\",\"target\":{\"@type\":\"EntryPoint\",\"urlTemplate\":\"https:\/\/loewentestneu.metafex.io\/de?s={search_term_string}\"},\"query-input\":{\"@type\":\"PropertyValueSpecification\",\"valueRequired\":true,\"valueName\":\"search_term_string\"}}],\"inLanguage\":\"de\"},{\"@type\":\"Organization\",\"@id\":\"https:\/\/loewentestneu.metafex.io\/de#organization\",\"name\":\"Lions Pharmacy\",\"alternateName\":\"Lions Pharmacy24\",\"url\":\"https:\/\/loewentestneu.metafex.io\/de\",\"logo\":{\"@type\":\"ImageObject\",\"inLanguage\":\"de\",\"@id\":\"https:\/\/loewentestneu.metafex.io\/de#\/schema\/logo\/image\/\",\"url\":\"https:\/\/loewentestneu.metafex.io\/wp-content\/uploads\/2022\/12\/Logo-Lion-Pharmacy-c-o-Loewen-Apotheke-smal.jpg\",\"contentUrl\":\"https:\/\/loewentestneu.metafex.io\/wp-content\/uploads\/2022\/12\/Logo-Lion-Pharmacy-c-o-Loewen-Apotheke-smal.jpg\",\"width\":298,\"height\":99,\"caption\":\"Lions Pharmacy\"},\"image\":{\"@id\":\"https:\/\/loewentestneu.metafex.io\/de#\/schema\/logo\/image\/\"}}]}<\/script>\n<!-- \/ Yoast SEO plugin. -->","yoast_head_json":{"title":"Bepanthen Wund- und Heilsalbe 50 g &#187; hier bestellen","description":"Bepanthen Wund- und Heilsalbe 50 g f\u00fcr Erwachsene und Kinder. Geliefert von Ihrer deutschen Online-Apotheke. Schneller Versand. Top Service.","robots":{"index":"noindex","follow":"follow","max-snippet":"max-snippet:-1","max-image-preview":"max-image-preview:large","max-video-preview":"max-video-preview:-1"},"og_locale":"de_DE","og_type":"article","og_title":"Bepanthen Wund- und Heilsalbe 50 g &#187; hier bestellen","og_description":"Bepanthen Wund- und Heilsalbe 50 g f\u00fcr Erwachsene und Kinder. Geliefert von Ihrer deutschen Online-Apotheke. Schneller Versand. Top Service.","og_url":"https:\/\/loewentestneu.metafex.io\/de\/produkt\/bepanthen-wound-and-healing-ointment-50-g","og_site_name":"L\u00f6wen Apotheke","article_modified_time":"2025-12-13T19:19:56+00:00","og_image":[{"width":650,"height":650,"url":"https:\/\/loewentestneu.metafex.io\/wp-content\/uploads\/2025\/12\/Bepanthen50-e1764936141128.webp","type":"image\/webp"}],"twitter_card":"summary_large_image","twitter_misc":{"Gesch\u00e4tzte Lesezeit":"1\u00a0Minute"},"schema":{"@context":"https:\/\/schema.org","@graph":[{"@type":"WebPage","@id":"https:\/\/loewentestneu.metafex.io\/de\/produkt\/bepanthen-wound-and-healing-ointment-50-g","url":"https:\/\/loewentestneu.metafex.io\/de\/produkt\/bepanthen-wound-and-healing-ointment-50-g","name":"Bepanthen Wund- und Heilsalbe 50 g &#187; hier bestellen","isPartOf":{"@id":"https:\/\/loewentestneu.metafex.io\/de#website"},"primaryImageOfPage":{"@id":"https:\/\/loewentestneu.metafex.io\/de\/produkt\/bepanthen-wound-and-healing-ointment-50-g#primaryimage"},"image":{"@id":"https:\/\/loewentestneu.metafex.io\/de\/produkt\/bepanthen-wound-and-healing-ointment-50-g#primaryimage"},"thumbnailUrl":"https:\/\/loewentestneu.metafex.io\/wp-content\/uploads\/2025\/12\/Bepanthen50-e1764936141128.webp","datePublished":"2025-12-02T12:22:33+00:00","dateModified":"2025-12-13T19:19:56+00:00","description":"Bepanthen Wund- und Heilsalbe 50 g f\u00fcr Erwachsene und Kinder. Geliefert von Ihrer deutschen Online-Apotheke. Schneller Versand. Top Service.","breadcrumb":{"@id":"https:\/\/loewentestneu.metafex.io\/de\/produkt\/bepanthen-wound-and-healing-ointment-50-g#breadcrumb"},"inLanguage":"de","potentialAction":[{"@type":"ReadAction","target":["https:\/\/loewentestneu.metafex.io\/de\/produkt\/bepanthen-wound-and-healing-ointment-50-g"]}]},{"@type":"ImageObject","inLanguage":"de","@id":"https:\/\/loewentestneu.metafex.io\/de\/produkt\/bepanthen-wound-and-healing-ointment-50-g#primaryimage","url":"https:\/\/loewentestneu.metafex.io\/wp-content\/uploads\/2025\/12\/Bepanthen50-e1764936141128.webp","contentUrl":"https:\/\/loewentestneu.metafex.io\/wp-content\/uploads\/2025\/12\/Bepanthen50-e1764936141128.webp","width":650,"height":650,"caption":"Bepanthen Wund- und Heilsalbe PZN 01578818 L\u00f6wen-Apotheke"},{"@type":"BreadcrumbList","@id":"https:\/\/loewentestneu.metafex.io\/de\/produkt\/bepanthen-wound-and-healing-ointment-50-g#breadcrumb","itemListElement":[{"@type":"ListItem","position":1,"name":"Home","item":"https:\/\/loewentestneu.metafex.io\/de\/homepage-lion-pharmacy"},{"@type":"ListItem","position":2,"name":"Shop","item":"https:\/\/loewentestneu.metafex.io\/de\/shop-2"},{"@type":"ListItem","position":3,"name":"Bepanthen Wund- und Heilsalbe 50 g"}]},{"@type":"WebSite","@id":"https:\/\/loewentestneu.metafex.io\/de#website","url":"https:\/\/loewentestneu.metafex.io\/de","name":"Lions Pharmacy","description":"Ihr Spezialist f\u00fcr Naturheilkunde aus Baden-Baden, Germany","publisher":{"@id":"https:\/\/loewentestneu.metafex.io\/de#organization"},"alternateName":"Lion Pharmacy","potentialAction":[{"@type":"SearchAction","target":{"@type":"EntryPoint","urlTemplate":"https:\/\/loewentestneu.metafex.io\/de?s={search_term_string}"},"query-input":{"@type":"PropertyValueSpecification","valueRequired":true,"valueName":"search_term_string"}}],"inLanguage":"de"},{"@type":"Organization","@id":"https:\/\/loewentestneu.metafex.io\/de#organization","name":"Lions Pharmacy","alternateName":"Lions Pharmacy24","url":"https:\/\/loewentestneu.metafex.io\/de","logo":{"@type":"ImageObject","inLanguage":"de","@id":"https:\/\/loewentestneu.metafex.io\/de#\/schema\/logo\/image\/","url":"https:\/\/loewentestneu.metafex.io\/wp-content\/uploads\/2022\/12\/Logo-Lion-Pharmacy-c-o-Loewen-Apotheke-smal.jpg","contentUrl":"https:\/\/loewentestneu.metafex.io\/wp-content\/uploads\/2022\/12\/Logo-Lion-Pharmacy-c-o-Loewen-Apotheke-smal.jpg","width":298,"height":99,"caption":"Lions Pharmacy"},"image":{"@id":"https:\/\/loewentestneu.metafex.io\/de#\/schema\/logo\/image\/"}}]}},"_links":{"self":[{"href":"https:\/\/loewentestneu.metafex.io\/de\/wp-json\/wp\/v2\/product\/18088","targetHints":{"allow":["GET"]}}],"collection":[{"href":"https:\/\/loewentestneu.metafex.io\/de\/wp-json\/wp\/v2\/product"}],"about":[{"href":"https:\/\/loewentestneu.metafex.io\/de\/wp-json\/wp\/v2\/types\/product"}],"replies":[{"embeddable":true,"href":"https:\/\/loewentestneu.metafex.io\/de\/wp-json\/wp\/v2\/comments?post=18088"}],"wp:featuredmedia":[{"embeddable":true,"href":"https:\/\/loewentestneu.metafex.io\/de\/wp-json\/wp\/v2\/media\/18187"}],"wp:attachment":[{"href":"https:\/\/loewentestneu.metafex.io\/de\/wp-json\/wp\/v2\/media?parent=18088"}],"wp:term":[{"taxonomy":"product_brand","embeddable":true,"href":"https:\/\/loewentestneu.metafex.io\/de\/wp-json\/wp\/v2\/product_brand?post=18088"},{"taxonomy":"product_cat","embeddable":true,"href":"https:\/\/loewentestneu.metafex.io\/de\/wp-json\/wp\/v2\/product_cat?post=18088"},{"taxonomy":"product_tag","embeddable":true,"href":"https:\/\/loewentestneu.metafex.io\/de\/wp-json\/wp\/v2\/product_tag?post=18088"}],"curies":[{"name":"wp","href":"https:\/\/api.w.org\/{rel}","templated":true}]}}