{"id":18195,"date":"2025-12-05T13:24:50","date_gmt":"2025-12-05T12:24:50","guid":{"rendered":"https:\/\/lions-pharmacy.com\/?post_type=product&#038;p=18195"},"modified":"2025-12-11T08:14:06","modified_gmt":"2025-12-11T07:14:06","slug":"vitamin-d3-hevert-1000-iu-200-pcs","status":"publish","type":"product","link":"https:\/\/loewentestneu.metafex.io\/de\/produkt\/vitamin-d3-hevert-1000-iu-200-pcs","title":{"rendered":"Vitamin D3 Hevert 1000 IU (200 St\u00fcck)"},"content":{"rendered":"<h3>Vitamin D3 Hevert 1000 IU<\/h3>\n<p>Vitamin D3 Hevert 1000 IU: Versorgt den K\u00f6rper mit Vitamin D &#8211; Tr\u00e4gt zu einer normalen Funktion des Immunsystems bei.<\/p>\n<p>Hevert widmet sich daher seit \u00fcber 60 Jahren der Naturheilkunde und der Entwicklung von Naturheilmitteln und ist einer der f\u00fchrenden deutschen Hersteller von hom\u00f6opathischen und pflanzlichen Arzneimitteln sowie Mikron\u00e4hrstoffpr\u00e4paraten.<\/p>\n<p>Aufgaben von Vitamin D3 in deinem K\u00f6rper:<\/p>\n<ul>\n<li>Knochenaufbau und Unterst\u00fctzung der normalen Knochenfunktion<\/li>\n<li>Reguliert Prozesse in den Zellen, wirkt als Hormon<\/li>\n<li>Sch\u00fctzt Nervenzellen und Neuronen<\/li>\n<li>Ist an der Synthese von Neurotransmittern beteiligt<\/li>\n<li>Steuert verschiedene Prozesse im Immunsystem<\/li>\n<li>Verzehrempfehlung von Vitamin D3 Hevert<\/li>\n<\/ul>\n<p>Packungsbeilage\/Gebrauchsanweisung\/Artikeldatenblatt: Hevert Vitamin-D3 Beipackzettel (PDF-Reader)<\/p>\n<p>Weitere Produkte f\u00fcr die Anwendung: <a href=\"https:\/\/loewentestneu.metafex.io\/de\/produkt-schlagwort\/vitamine-und-nahrungserganzungsmittel\">Vitamine &amp; Nahrungserg\u00e4nzungsmittel Produkte<\/a><\/p>\n<p>Erfahren Sie mehr \u00fcber den Hersteller und das Vitamin D3 Hevert Produkt: <a href=\"https:\/\/hevert.com\/de\/en\/product\/calmvalera-tabletten-09263528\" target=\"_blank\" rel=\"noopener\">Hevert<\/a> (Link zur externen Website)<\/p>\n<p>Informationen auf dieser Website werden ausschlie\u00dflich f\u00fcr informative Zwecke zur Verf\u00fcgung gestellt. Sie ersetzen keinesfalls die Untersuchung und Behandlung durch einen Arzt. Bitte beachten Sie, dass hierdurch weder Diagnosen gestellt noch Therapien eingeleitet werden k\u00f6nnen.<\/p>\n<p>Zu Risiken und Nebenwirkungen lesen Sie die Packungsbeilage und fragen Sie Ihren Arzt oder Apotheker.<\/p>\n","protected":false},"excerpt":{"rendered":"<h2>Vitamin D3 Hevert 1000 IU<\/h2>\n<p>Versorgt den K\u00f6rper mit Vitamin D &#8211; Tr\u00e4gt zur normalen Funktion des Immunsystems bei.<\/p>\n<p>&nbsp;<\/p>\n<p>PZN: 19448944<\/p>\n<p>Darreichungsform: Tabletten<\/p>\n<p>Verordnungsart: Rezeptfrei<\/p>\n<p>Marke: &#8211;<\/p>\n<p>Hersteller: Hevert Arzneimittel GmbH, Deutschland<\/p>\n<p>Packungsgr\u00f6\u00dfe: 200 St\u00fcck.<\/p>\n","protected":false},"featured_media":18199,"comment_status":"closed","ping_status":"closed","template":"","meta":[],"product_brand":[],"product_cat":[578,368],"product_tag":[513,434,433,381,623,379,474,512,429,432],"class_list":{"0":"post-18195","1":"product","2":"type-product","3":"status-publish","4":"has-post-thumbnail","6":"product_cat-hevert-de","7":"product_cat-shop-de","8":"product_tag-corona-immunabwehr","9":"product_tag-gewicht-und-fitness","10":"product_tag-gewichtsmanagement","11":"product_tag-homoopathie","12":"product_tag-immun-de","13":"product_tag-monatlicher-sale-de","14":"product_tag-pflanzlicher-wirkstoff","15":"product_tag-pflanzlicher-wirkstoff-de","16":"product_tag-vitamine-und-nahrungserganzungsmittel","17":"product_tag-wellness-de","18":"ts_product_brand-alle","19":"ts_product_brand-hevert-de","21":"first","22":"instock","23":"taxable","24":"shipping-taxable","25":"purchasable","26":"product-type-simple"},"yoast_head":"<!-- This site is optimized with the Yoast SEO plugin v26.5 - https:\/\/yoast.com\/wordpress\/plugins\/seo\/ -->\n<title>Vitamin D3 Hevert 1000 IU (200 St\u00fcck) &#187; Erfahren Sie mehr auf L\u00f6wen Apotheke<\/title>\n<meta name=\"description\" content=\"Registrierte deutsche Online-Apotheke. Wir bieten: Schneller internationaler Versand. Produkt hergestellt von Hevert: Vitamin D3 Hevert 1000 IU (200 St\u00fcck)\" \/>\n<meta name=\"robots\" content=\"noindex, follow, max-snippet:-1, max-image-preview:large, max-video-preview:-1\" \/>\n<meta property=\"og:locale\" content=\"de_DE\" \/>\n<meta property=\"og:type\" content=\"article\" \/>\n<meta property=\"og:title\" content=\"Vitamin D3 Hevert 1000 IU (200 St\u00fcck) &#187; Erfahren Sie mehr auf L\u00f6wen Apotheke\" \/>\n<meta property=\"og:description\" content=\"Registrierte deutsche Online-Apotheke. Wir bieten: Schneller internationaler Versand. Produkt hergestellt von Hevert: Vitamin D3 Hevert 1000 IU (200 St\u00fcck)\" \/>\n<meta property=\"og:url\" content=\"https:\/\/loewentestneu.metafex.io\/de\/produkt\/vitamin-d3-hevert-1000-iu-200-pcs\" \/>\n<meta property=\"og:site_name\" content=\"L\u00f6wen Apotheke\" \/>\n<meta property=\"article:modified_time\" content=\"2025-12-11T07:14:06+00:00\" \/>\n<meta property=\"og:image\" content=\"https:\/\/loewentestneu.metafex.io\/wp-content\/uploads\/2025\/12\/VitaminD3Hevert1000IETabletten200Stck.jpg\" \/>\n\t<meta property=\"og:image:width\" content=\"800\" \/>\n\t<meta property=\"og:image:height\" content=\"558\" \/>\n\t<meta property=\"og:image:type\" content=\"image\/jpeg\" \/>\n<meta name=\"twitter:card\" content=\"summary_large_image\" \/>\n<meta name=\"twitter:label1\" content=\"Gesch\u00e4tzte Lesezeit\" \/>\n\t<meta name=\"twitter:data1\" content=\"1\u00a0Minute\" \/>\n<script type=\"application\/ld+json\" class=\"yoast-schema-graph\">{\"@context\":\"https:\/\/schema.org\",\"@graph\":[{\"@type\":\"WebPage\",\"@id\":\"https:\/\/loewentestneu.metafex.io\/de\/produkt\/vitamin-d3-hevert-1000-iu-200-pcs\",\"url\":\"https:\/\/loewentestneu.metafex.io\/de\/produkt\/vitamin-d3-hevert-1000-iu-200-pcs\",\"name\":\"Vitamin D3 Hevert 1000 IU (200 St\u00fcck) &#187; Erfahren Sie mehr auf L\u00f6wen Apotheke\",\"isPartOf\":{\"@id\":\"https:\/\/loewentestneu.metafex.io\/de#website\"},\"primaryImageOfPage\":{\"@id\":\"https:\/\/loewentestneu.metafex.io\/de\/produkt\/vitamin-d3-hevert-1000-iu-200-pcs#primaryimage\"},\"image\":{\"@id\":\"https:\/\/loewentestneu.metafex.io\/de\/produkt\/vitamin-d3-hevert-1000-iu-200-pcs#primaryimage\"},\"thumbnailUrl\":\"https:\/\/loewentestneu.metafex.io\/wp-content\/uploads\/2025\/12\/VitaminD3Hevert1000IETabletten200Stck.jpg\",\"datePublished\":\"2025-12-05T12:24:50+00:00\",\"dateModified\":\"2025-12-11T07:14:06+00:00\",\"description\":\"Registrierte deutsche Online-Apotheke. Wir bieten: Schneller internationaler Versand. Produkt hergestellt von Hevert: Vitamin D3 Hevert 1000 IU (200 St\u00fcck)\",\"breadcrumb\":{\"@id\":\"https:\/\/loewentestneu.metafex.io\/de\/produkt\/vitamin-d3-hevert-1000-iu-200-pcs#breadcrumb\"},\"inLanguage\":\"de\",\"potentialAction\":[{\"@type\":\"ReadAction\",\"target\":[\"https:\/\/loewentestneu.metafex.io\/de\/produkt\/vitamin-d3-hevert-1000-iu-200-pcs\"]}]},{\"@type\":\"ImageObject\",\"inLanguage\":\"de\",\"@id\":\"https:\/\/loewentestneu.metafex.io\/de\/produkt\/vitamin-d3-hevert-1000-iu-200-pcs#primaryimage\",\"url\":\"https:\/\/loewentestneu.metafex.io\/wp-content\/uploads\/2025\/12\/VitaminD3Hevert1000IETabletten200Stck.jpg\",\"contentUrl\":\"https:\/\/loewentestneu.metafex.io\/wp-content\/uploads\/2025\/12\/VitaminD3Hevert1000IETabletten200Stck.jpg\",\"width\":800,\"height\":558,\"caption\":\"Vitamin D3 Hevert 1000 IE Tabletten, Hevert\"},{\"@type\":\"BreadcrumbList\",\"@id\":\"https:\/\/loewentestneu.metafex.io\/de\/produkt\/vitamin-d3-hevert-1000-iu-200-pcs#breadcrumb\",\"itemListElement\":[{\"@type\":\"ListItem\",\"position\":1,\"name\":\"Home\",\"item\":\"https:\/\/loewentestneu.metafex.io\/de\/homepage-lion-pharmacy\"},{\"@type\":\"ListItem\",\"position\":2,\"name\":\"Shop\",\"item\":\"https:\/\/loewentestneu.metafex.io\/de\/shop-2\"},{\"@type\":\"ListItem\",\"position\":3,\"name\":\"Vitamin D3 Hevert 1000 IU (200 St\u00fcck)\"}]},{\"@type\":\"WebSite\",\"@id\":\"https:\/\/loewentestneu.metafex.io\/de#website\",\"url\":\"https:\/\/loewentestneu.metafex.io\/de\",\"name\":\"Lions Pharmacy\",\"description\":\"Ihr Spezialist f\u00fcr Naturheilkunde aus Baden-Baden, Germany\",\"publisher\":{\"@id\":\"https:\/\/loewentestneu.metafex.io\/de#organization\"},\"alternateName\":\"Lion Pharmacy\",\"potentialAction\":[{\"@type\":\"SearchAction\",\"target\":{\"@type\":\"EntryPoint\",\"urlTemplate\":\"https:\/\/loewentestneu.metafex.io\/de?s={search_term_string}\"},\"query-input\":{\"@type\":\"PropertyValueSpecification\",\"valueRequired\":true,\"valueName\":\"search_term_string\"}}],\"inLanguage\":\"de\"},{\"@type\":\"Organization\",\"@id\":\"https:\/\/loewentestneu.metafex.io\/de#organization\",\"name\":\"Lions Pharmacy\",\"alternateName\":\"Lions Pharmacy24\",\"url\":\"https:\/\/loewentestneu.metafex.io\/de\",\"logo\":{\"@type\":\"ImageObject\",\"inLanguage\":\"de\",\"@id\":\"https:\/\/loewentestneu.metafex.io\/de#\/schema\/logo\/image\/\",\"url\":\"https:\/\/loewentestneu.metafex.io\/wp-content\/uploads\/2022\/12\/Logo-Lion-Pharmacy-c-o-Loewen-Apotheke-smal.jpg\",\"contentUrl\":\"https:\/\/loewentestneu.metafex.io\/wp-content\/uploads\/2022\/12\/Logo-Lion-Pharmacy-c-o-Loewen-Apotheke-smal.jpg\",\"width\":298,\"height\":99,\"caption\":\"Lions Pharmacy\"},\"image\":{\"@id\":\"https:\/\/loewentestneu.metafex.io\/de#\/schema\/logo\/image\/\"}}]}<\/script>\n<!-- \/ Yoast SEO plugin. -->","yoast_head_json":{"title":"Vitamin D3 Hevert 1000 IU (200 St\u00fcck) &#187; Erfahren Sie mehr auf L\u00f6wen Apotheke","description":"Registrierte deutsche Online-Apotheke. Wir bieten: Schneller internationaler Versand. Produkt hergestellt von Hevert: Vitamin D3 Hevert 1000 IU (200 St\u00fcck)","robots":{"index":"noindex","follow":"follow","max-snippet":"max-snippet:-1","max-image-preview":"max-image-preview:large","max-video-preview":"max-video-preview:-1"},"og_locale":"de_DE","og_type":"article","og_title":"Vitamin D3 Hevert 1000 IU (200 St\u00fcck) &#187; Erfahren Sie mehr auf L\u00f6wen Apotheke","og_description":"Registrierte deutsche Online-Apotheke. Wir bieten: Schneller internationaler Versand. Produkt hergestellt von Hevert: Vitamin D3 Hevert 1000 IU (200 St\u00fcck)","og_url":"https:\/\/loewentestneu.metafex.io\/de\/produkt\/vitamin-d3-hevert-1000-iu-200-pcs","og_site_name":"L\u00f6wen Apotheke","article_modified_time":"2025-12-11T07:14:06+00:00","og_image":[{"width":800,"height":558,"url":"https:\/\/loewentestneu.metafex.io\/wp-content\/uploads\/2025\/12\/VitaminD3Hevert1000IETabletten200Stck.jpg","type":"image\/jpeg"}],"twitter_card":"summary_large_image","twitter_misc":{"Gesch\u00e4tzte Lesezeit":"1\u00a0Minute"},"schema":{"@context":"https:\/\/schema.org","@graph":[{"@type":"WebPage","@id":"https:\/\/loewentestneu.metafex.io\/de\/produkt\/vitamin-d3-hevert-1000-iu-200-pcs","url":"https:\/\/loewentestneu.metafex.io\/de\/produkt\/vitamin-d3-hevert-1000-iu-200-pcs","name":"Vitamin D3 Hevert 1000 IU (200 St\u00fcck) &#187; Erfahren Sie mehr auf L\u00f6wen Apotheke","isPartOf":{"@id":"https:\/\/loewentestneu.metafex.io\/de#website"},"primaryImageOfPage":{"@id":"https:\/\/loewentestneu.metafex.io\/de\/produkt\/vitamin-d3-hevert-1000-iu-200-pcs#primaryimage"},"image":{"@id":"https:\/\/loewentestneu.metafex.io\/de\/produkt\/vitamin-d3-hevert-1000-iu-200-pcs#primaryimage"},"thumbnailUrl":"https:\/\/loewentestneu.metafex.io\/wp-content\/uploads\/2025\/12\/VitaminD3Hevert1000IETabletten200Stck.jpg","datePublished":"2025-12-05T12:24:50+00:00","dateModified":"2025-12-11T07:14:06+00:00","description":"Registrierte deutsche Online-Apotheke. Wir bieten: Schneller internationaler Versand. Produkt hergestellt von Hevert: Vitamin D3 Hevert 1000 IU (200 St\u00fcck)","breadcrumb":{"@id":"https:\/\/loewentestneu.metafex.io\/de\/produkt\/vitamin-d3-hevert-1000-iu-200-pcs#breadcrumb"},"inLanguage":"de","potentialAction":[{"@type":"ReadAction","target":["https:\/\/loewentestneu.metafex.io\/de\/produkt\/vitamin-d3-hevert-1000-iu-200-pcs"]}]},{"@type":"ImageObject","inLanguage":"de","@id":"https:\/\/loewentestneu.metafex.io\/de\/produkt\/vitamin-d3-hevert-1000-iu-200-pcs#primaryimage","url":"https:\/\/loewentestneu.metafex.io\/wp-content\/uploads\/2025\/12\/VitaminD3Hevert1000IETabletten200Stck.jpg","contentUrl":"https:\/\/loewentestneu.metafex.io\/wp-content\/uploads\/2025\/12\/VitaminD3Hevert1000IETabletten200Stck.jpg","width":800,"height":558,"caption":"Vitamin D3 Hevert 1000 IE Tabletten, Hevert"},{"@type":"BreadcrumbList","@id":"https:\/\/loewentestneu.metafex.io\/de\/produkt\/vitamin-d3-hevert-1000-iu-200-pcs#breadcrumb","itemListElement":[{"@type":"ListItem","position":1,"name":"Home","item":"https:\/\/loewentestneu.metafex.io\/de\/homepage-lion-pharmacy"},{"@type":"ListItem","position":2,"name":"Shop","item":"https:\/\/loewentestneu.metafex.io\/de\/shop-2"},{"@type":"ListItem","position":3,"name":"Vitamin D3 Hevert 1000 IU (200 St\u00fcck)"}]},{"@type":"WebSite","@id":"https:\/\/loewentestneu.metafex.io\/de#website","url":"https:\/\/loewentestneu.metafex.io\/de","name":"Lions Pharmacy","description":"Ihr Spezialist f\u00fcr Naturheilkunde aus Baden-Baden, Germany","publisher":{"@id":"https:\/\/loewentestneu.metafex.io\/de#organization"},"alternateName":"Lion Pharmacy","potentialAction":[{"@type":"SearchAction","target":{"@type":"EntryPoint","urlTemplate":"https:\/\/loewentestneu.metafex.io\/de?s={search_term_string}"},"query-input":{"@type":"PropertyValueSpecification","valueRequired":true,"valueName":"search_term_string"}}],"inLanguage":"de"},{"@type":"Organization","@id":"https:\/\/loewentestneu.metafex.io\/de#organization","name":"Lions Pharmacy","alternateName":"Lions Pharmacy24","url":"https:\/\/loewentestneu.metafex.io\/de","logo":{"@type":"ImageObject","inLanguage":"de","@id":"https:\/\/loewentestneu.metafex.io\/de#\/schema\/logo\/image\/","url":"https:\/\/loewentestneu.metafex.io\/wp-content\/uploads\/2022\/12\/Logo-Lion-Pharmacy-c-o-Loewen-Apotheke-smal.jpg","contentUrl":"https:\/\/loewentestneu.metafex.io\/wp-content\/uploads\/2022\/12\/Logo-Lion-Pharmacy-c-o-Loewen-Apotheke-smal.jpg","width":298,"height":99,"caption":"Lions Pharmacy"},"image":{"@id":"https:\/\/loewentestneu.metafex.io\/de#\/schema\/logo\/image\/"}}]}},"_links":{"self":[{"href":"https:\/\/loewentestneu.metafex.io\/de\/wp-json\/wp\/v2\/product\/18195","targetHints":{"allow":["GET"]}}],"collection":[{"href":"https:\/\/loewentestneu.metafex.io\/de\/wp-json\/wp\/v2\/product"}],"about":[{"href":"https:\/\/loewentestneu.metafex.io\/de\/wp-json\/wp\/v2\/types\/product"}],"replies":[{"embeddable":true,"href":"https:\/\/loewentestneu.metafex.io\/de\/wp-json\/wp\/v2\/comments?post=18195"}],"wp:featuredmedia":[{"embeddable":true,"href":"https:\/\/loewentestneu.metafex.io\/de\/wp-json\/wp\/v2\/media\/18199"}],"wp:attachment":[{"href":"https:\/\/loewentestneu.metafex.io\/de\/wp-json\/wp\/v2\/media?parent=18195"}],"wp:term":[{"taxonomy":"product_brand","embeddable":true,"href":"https:\/\/loewentestneu.metafex.io\/de\/wp-json\/wp\/v2\/product_brand?post=18195"},{"taxonomy":"product_cat","embeddable":true,"href":"https:\/\/loewentestneu.metafex.io\/de\/wp-json\/wp\/v2\/product_cat?post=18195"},{"taxonomy":"product_tag","embeddable":true,"href":"https:\/\/loewentestneu.metafex.io\/de\/wp-json\/wp\/v2\/product_tag?post=18195"}],"curies":[{"name":"wp","href":"https:\/\/api.w.org\/{rel}","templated":true}]}}