{"id":18346,"date":"2025-12-10T06:44:38","date_gmt":"2025-12-10T05:44:38","guid":{"rendered":"https:\/\/lions-pharmacy.com\/?post_type=product&#038;p=18346"},"modified":"2025-12-10T11:18:20","modified_gmt":"2025-12-10T10:18:20","slug":"vitamin-b12-injektopas-100x-1ml-03262657","status":"publish","type":"product","link":"https:\/\/loewentestneu.metafex.io\/de\/produkt\/vitamin-b12-injektopas-100x-1ml-03262657","title":{"rendered":"Vitamin B12 Injektopas 1000 \u00b5g (100x 1ml)"},"content":{"rendered":"<h2>Vitamin B12 Injektopas 1000 \u00b5g<\/h2>\n<p>Vitamin B12 Injektopas 1000 \u00b5g (100x 1ml) Injektionsl\u00f6sung. Vitamin B 12 ist ein wasserl\u00f6sliches Vitamin, das der K\u00f6rper f\u00fcr die Entwicklung von Nervenzellen, f\u00fcr den Protein- und Nukleinstoffwechsel und f\u00fcr die Aufnahme von Fols\u00e4ure in die roten Blutk\u00f6rperchen ben\u00f6tigt. Vitamin B 12 ist in Milchprodukten, Vollkornprodukten, Fisch &amp; Fleisch und Eiern enthalten. Verschiedene Erkrankungen, wie zum Beispiel chronische Entz\u00fcndungen des Darms oder die jahrelange Einnahme bestimmter magens\u00e4urehemmender Medikamente, k\u00f6nnen zu einem Mangel an Vitamin B 12 f\u00fchren.<\/p>\n<p>Bei Vitamin-B12-Mangel, der nicht durch die Ern\u00e4hrung behoben werden kann. Behandeln Sie sich nicht selbst mit Injektionen. Die Injektionstherapie sollte professionell in einer Praxis durchgef\u00fchrt werden.<\/p>\n<p>Das Pascoe-Portfolio umfasst rund 200 Produkte. Dazu geh\u00f6ren pflanzliche Arzneimittel, hochdosierte Vitaminpr\u00e4parate, hom\u00f6opathische Komplexmittel und Nahrungserg\u00e4nzungsmittel. Die Vielfalt der Arzneimittel ber\u00fccksichtigt die komplexen Anforderungen an Gesundheitsprodukte. Der Erfolg gibt uns auch international Recht: Unsere Produkte werden in mehr als 30 L\u00e4nder der Welt exportiert, Tendenz steigend.<\/p>\n<p>Weitere Produkte f\u00fcr die Anwendung: <a href=\"https:\/\/loewentestneu.metafex.io\/de\/produkt-schlagwort\/homoopathie\">Hom\u00f6opathie<\/a> | <a href=\"https:\/\/loewentestneu.metafex.io\/de\/produkt-schlagwort\/vitamine-und-nahrungserganzungsmittel\">Vitamine<\/a> | <a href=\"https:\/\/loewentestneu.metafex.io\/de\/produkt-schlagwort\/virusinfektion\">Infektionen<\/a><\/p>\n<p>Erfahren Sie mehr \u00fcber den Hersteller und dieses Produkt: <a href=\"https:\/\/www.pascoe.de\/\" target=\"_blank\" rel=\"noopener\">Pascoe pharmazeutische Pr\u00e4parate GmbH<\/a> (Link zu externer Website)<\/p>\n<p data-pm-slice=\"1 1 []\">Nahrungserg\u00e4nzungsmittel sind kein Ersatz f\u00fcr eine ausgewogene und abwechslungsreiche Ern\u00e4hrung und eine gesunde Lebensweise. The stated recommended daily consumption amount must not be exceeded. Informationen auf dieser Website werden ausschlie\u00dflich f\u00fcr informative Zwecke zur Verf\u00fcgung gestellt. Sie ersetzen in keiner Weise die Untersuchung und Behandlung durch einen Arzt. Bitte beachten Sie, dass dies nicht dazu dient, eine Diagnose zu stellen oder eine Therapie einzuleiten.<\/p>\n<p>F\u00fcr Informationen \u00fcber Risiken und Nebenwirkungen lesen Sie die Packungsbeilage und fragen Sie Ihren Arzt oder Apotheker.<\/p>\n<p><strong>Rezeptpflichtig | E-Rezept verf\u00fcgbar?<\/strong><\/p>\n<p>Reichen Sie jetzt Ihr E-Rezept ein. Nutzen Sie unsere <a class=\"ProsemirrorEditor-link\" href=\"https:\/\/e-rezept-app.de\/\">App f\u00fcr elektronische Rezepte<\/a>. Und wir liefern innerhalb Deutschlands kostenlos!<\/p>\n","protected":false},"excerpt":{"rendered":"<h2>Vitamin B12 Injektopas 1000\u00b5g<\/h2>\n<p>Vitamin B12 Injektionsl\u00f6sung.<\/p>\n<p>&nbsp;<\/p>\n<p><strong>PZN<\/strong>: 03262657 (Pharmazentralnummer)<\/p>\n<p><strong>Darreichungsform<\/strong>: Injektionsfl\u00fcssigkeit<\/p>\n<p><strong>Verschreibungsart<\/strong>: verschreibungsfrei<\/p>\n<p><strong>Hersteller<\/strong>: Pascoe pharmazeutische Pr\u00e4parate GmbH, Deutschland<\/p>\n<p><strong>Packungsgr\u00f6\u00dfe<\/strong>: 100 Stk. ein 1ml<\/p>\n","protected":false},"featured_media":6650,"comment_status":"closed","ping_status":"closed","template":"","meta":[],"product_brand":[],"product_cat":[599,368],"product_tag":[381,386,429,432],"class_list":{"0":"post-18346","1":"product","2":"type-product","3":"status-publish","4":"has-post-thumbnail","6":"product_cat-pascoe-de","7":"product_cat-shop-de","8":"product_tag-homoopathie","9":"product_tag-konzentration-stress","10":"product_tag-vitamine-und-nahrungserganzungsmittel","11":"product_tag-wellness-de","12":"ts_product_brand-alle","13":"ts_product_brand-pascoe-de","15":"first","16":"instock","17":"taxable","18":"shipping-taxable","19":"purchasable","20":"product-type-simple"},"yoast_head":"<!-- This site is optimized with the Yoast SEO plugin v26.5 - https:\/\/yoast.com\/wordpress\/plugins\/seo\/ -->\n<title>Vitamin B12 Injektopas 1000 \u00b5g (100x 1ml) &#187; bestelle bei L\u00f6wen Apotheke<\/title>\n<meta name=\"description\" content=\"L\u00f6wen Apotheke ist eine eingetragene deutsche Apotheke. Schneller internationaler Versand mit DHL. Erfahren Sie mehr \u00fcber Pascoe und Vitamin B12 Injektopas 1000 \u00b5g (100x 1ml)\" \/>\n<meta name=\"robots\" content=\"noindex, follow, max-snippet:-1, max-image-preview:large, max-video-preview:-1\" \/>\n<meta property=\"og:locale\" content=\"de_DE\" \/>\n<meta property=\"og:type\" content=\"article\" \/>\n<meta property=\"og:title\" content=\"Vitamin B12 Injektopas 1000 \u00b5g (100x 1ml) &#187; bestelle bei L\u00f6wen Apotheke\" \/>\n<meta property=\"og:description\" content=\"L\u00f6wen Apotheke ist eine eingetragene deutsche Apotheke. Schneller internationaler Versand mit DHL. Erfahren Sie mehr \u00fcber Pascoe und Vitamin B12 Injektopas 1000 \u00b5g (100x 1ml)\" \/>\n<meta property=\"og:url\" content=\"https:\/\/loewentestneu.metafex.io\/de\/produkt\/vitamin-b12-injektopas-100x-1ml-03262657\" \/>\n<meta property=\"og:site_name\" content=\"L\u00f6wen Apotheke\" \/>\n<meta property=\"article:modified_time\" content=\"2025-12-10T10:18:20+00:00\" \/>\n<meta property=\"og:image\" content=\"https:\/\/loewentestneu.metafex.io\/wp-content\/uploads\/2024\/11\/Vitamin-B12-Depot-Injektopass-100-ml-PZN-07568695-Pascoe-Lionspharmacy.webp\" \/>\n\t<meta property=\"og:image:width\" content=\"600\" \/>\n\t<meta property=\"og:image:height\" content=\"600\" \/>\n\t<meta property=\"og:image:type\" content=\"image\/webp\" \/>\n<meta name=\"twitter:card\" content=\"summary_large_image\" \/>\n<meta name=\"twitter:label1\" content=\"Gesch\u00e4tzte Lesezeit\" \/>\n\t<meta name=\"twitter:data1\" content=\"2\u00a0Minuten\" \/>\n<script type=\"application\/ld+json\" class=\"yoast-schema-graph\">{\"@context\":\"https:\/\/schema.org\",\"@graph\":[{\"@type\":\"WebPage\",\"@id\":\"https:\/\/loewentestneu.metafex.io\/de\/produkt\/vitamin-b12-injektopas-100x-1ml-03262657\",\"url\":\"https:\/\/loewentestneu.metafex.io\/de\/produkt\/vitamin-b12-injektopas-100x-1ml-03262657\",\"name\":\"Vitamin B12 Injektopas 1000 \u00b5g (100x 1ml) &#187; bestelle bei L\u00f6wen Apotheke\",\"isPartOf\":{\"@id\":\"https:\/\/loewentestneu.metafex.io\/de#website\"},\"primaryImageOfPage\":{\"@id\":\"https:\/\/loewentestneu.metafex.io\/de\/produkt\/vitamin-b12-injektopas-100x-1ml-03262657#primaryimage\"},\"image\":{\"@id\":\"https:\/\/loewentestneu.metafex.io\/de\/produkt\/vitamin-b12-injektopas-100x-1ml-03262657#primaryimage\"},\"thumbnailUrl\":\"https:\/\/loewentestneu.metafex.io\/wp-content\/uploads\/2024\/11\/Vitamin-B12-Depot-Injektopass-100-ml-PZN-07568695-Pascoe-Lionspharmacy.webp\",\"datePublished\":\"2025-12-10T05:44:38+00:00\",\"dateModified\":\"2025-12-10T10:18:20+00:00\",\"description\":\"L\u00f6wen Apotheke ist eine eingetragene deutsche Apotheke. Schneller internationaler Versand mit DHL. Erfahren Sie mehr \u00fcber Pascoe und Vitamin B12 Injektopas 1000 \u00b5g (100x 1ml)\",\"breadcrumb\":{\"@id\":\"https:\/\/loewentestneu.metafex.io\/de\/produkt\/vitamin-b12-injektopas-100x-1ml-03262657#breadcrumb\"},\"inLanguage\":\"de\",\"potentialAction\":[{\"@type\":\"ReadAction\",\"target\":[\"https:\/\/loewentestneu.metafex.io\/de\/produkt\/vitamin-b12-injektopas-100x-1ml-03262657\"]}]},{\"@type\":\"ImageObject\",\"inLanguage\":\"de\",\"@id\":\"https:\/\/loewentestneu.metafex.io\/de\/produkt\/vitamin-b12-injektopas-100x-1ml-03262657#primaryimage\",\"url\":\"https:\/\/loewentestneu.metafex.io\/wp-content\/uploads\/2024\/11\/Vitamin-B12-Depot-Injektopass-100-ml-PZN-07568695-Pascoe-Lionspharmacy.webp\",\"contentUrl\":\"https:\/\/loewentestneu.metafex.io\/wp-content\/uploads\/2024\/11\/Vitamin-B12-Depot-Injektopass-100-ml-PZN-07568695-Pascoe-Lionspharmacy.webp\",\"width\":600,\"height\":600,\"caption\":\"Vitamin B12 Depot Injektopass 100 ml -PZN 07568695 - Pascoe - Lionspharmacy\"},{\"@type\":\"BreadcrumbList\",\"@id\":\"https:\/\/loewentestneu.metafex.io\/de\/produkt\/vitamin-b12-injektopas-100x-1ml-03262657#breadcrumb\",\"itemListElement\":[{\"@type\":\"ListItem\",\"position\":1,\"name\":\"Home\",\"item\":\"https:\/\/loewentestneu.metafex.io\/de\/homepage-lion-pharmacy\"},{\"@type\":\"ListItem\",\"position\":2,\"name\":\"Shop\",\"item\":\"https:\/\/loewentestneu.metafex.io\/de\/shop-2\"},{\"@type\":\"ListItem\",\"position\":3,\"name\":\"Vitamin B12 Injektopas 1000 \u00b5g (100x 1ml)\"}]},{\"@type\":\"WebSite\",\"@id\":\"https:\/\/loewentestneu.metafex.io\/de#website\",\"url\":\"https:\/\/loewentestneu.metafex.io\/de\",\"name\":\"Lions Pharmacy\",\"description\":\"Ihr Spezialist f\u00fcr Naturheilkunde aus Baden-Baden, Germany\",\"publisher\":{\"@id\":\"https:\/\/loewentestneu.metafex.io\/de#organization\"},\"alternateName\":\"Lion Pharmacy\",\"potentialAction\":[{\"@type\":\"SearchAction\",\"target\":{\"@type\":\"EntryPoint\",\"urlTemplate\":\"https:\/\/loewentestneu.metafex.io\/de?s={search_term_string}\"},\"query-input\":{\"@type\":\"PropertyValueSpecification\",\"valueRequired\":true,\"valueName\":\"search_term_string\"}}],\"inLanguage\":\"de\"},{\"@type\":\"Organization\",\"@id\":\"https:\/\/loewentestneu.metafex.io\/de#organization\",\"name\":\"Lions Pharmacy\",\"alternateName\":\"Lions Pharmacy24\",\"url\":\"https:\/\/loewentestneu.metafex.io\/de\",\"logo\":{\"@type\":\"ImageObject\",\"inLanguage\":\"de\",\"@id\":\"https:\/\/loewentestneu.metafex.io\/de#\/schema\/logo\/image\/\",\"url\":\"https:\/\/loewentestneu.metafex.io\/wp-content\/uploads\/2022\/12\/Logo-Lion-Pharmacy-c-o-Loewen-Apotheke-smal.jpg\",\"contentUrl\":\"https:\/\/loewentestneu.metafex.io\/wp-content\/uploads\/2022\/12\/Logo-Lion-Pharmacy-c-o-Loewen-Apotheke-smal.jpg\",\"width\":298,\"height\":99,\"caption\":\"Lions Pharmacy\"},\"image\":{\"@id\":\"https:\/\/loewentestneu.metafex.io\/de#\/schema\/logo\/image\/\"}}]}<\/script>\n<!-- \/ Yoast SEO plugin. -->","yoast_head_json":{"title":"Vitamin B12 Injektopas 1000 \u00b5g (100x 1ml) &#187; bestelle bei L\u00f6wen Apotheke","description":"L\u00f6wen Apotheke ist eine eingetragene deutsche Apotheke. Schneller internationaler Versand mit DHL. Erfahren Sie mehr \u00fcber Pascoe und Vitamin B12 Injektopas 1000 \u00b5g (100x 1ml)","robots":{"index":"noindex","follow":"follow","max-snippet":"max-snippet:-1","max-image-preview":"max-image-preview:large","max-video-preview":"max-video-preview:-1"},"og_locale":"de_DE","og_type":"article","og_title":"Vitamin B12 Injektopas 1000 \u00b5g (100x 1ml) &#187; bestelle bei L\u00f6wen Apotheke","og_description":"L\u00f6wen Apotheke ist eine eingetragene deutsche Apotheke. Schneller internationaler Versand mit DHL. Erfahren Sie mehr \u00fcber Pascoe und Vitamin B12 Injektopas 1000 \u00b5g (100x 1ml)","og_url":"https:\/\/loewentestneu.metafex.io\/de\/produkt\/vitamin-b12-injektopas-100x-1ml-03262657","og_site_name":"L\u00f6wen Apotheke","article_modified_time":"2025-12-10T10:18:20+00:00","og_image":[{"width":600,"height":600,"url":"https:\/\/loewentestneu.metafex.io\/wp-content\/uploads\/2024\/11\/Vitamin-B12-Depot-Injektopass-100-ml-PZN-07568695-Pascoe-Lionspharmacy.webp","type":"image\/webp"}],"twitter_card":"summary_large_image","twitter_misc":{"Gesch\u00e4tzte Lesezeit":"2\u00a0Minuten"},"schema":{"@context":"https:\/\/schema.org","@graph":[{"@type":"WebPage","@id":"https:\/\/loewentestneu.metafex.io\/de\/produkt\/vitamin-b12-injektopas-100x-1ml-03262657","url":"https:\/\/loewentestneu.metafex.io\/de\/produkt\/vitamin-b12-injektopas-100x-1ml-03262657","name":"Vitamin B12 Injektopas 1000 \u00b5g (100x 1ml) &#187; bestelle bei L\u00f6wen Apotheke","isPartOf":{"@id":"https:\/\/loewentestneu.metafex.io\/de#website"},"primaryImageOfPage":{"@id":"https:\/\/loewentestneu.metafex.io\/de\/produkt\/vitamin-b12-injektopas-100x-1ml-03262657#primaryimage"},"image":{"@id":"https:\/\/loewentestneu.metafex.io\/de\/produkt\/vitamin-b12-injektopas-100x-1ml-03262657#primaryimage"},"thumbnailUrl":"https:\/\/loewentestneu.metafex.io\/wp-content\/uploads\/2024\/11\/Vitamin-B12-Depot-Injektopass-100-ml-PZN-07568695-Pascoe-Lionspharmacy.webp","datePublished":"2025-12-10T05:44:38+00:00","dateModified":"2025-12-10T10:18:20+00:00","description":"L\u00f6wen Apotheke ist eine eingetragene deutsche Apotheke. Schneller internationaler Versand mit DHL. Erfahren Sie mehr \u00fcber Pascoe und Vitamin B12 Injektopas 1000 \u00b5g (100x 1ml)","breadcrumb":{"@id":"https:\/\/loewentestneu.metafex.io\/de\/produkt\/vitamin-b12-injektopas-100x-1ml-03262657#breadcrumb"},"inLanguage":"de","potentialAction":[{"@type":"ReadAction","target":["https:\/\/loewentestneu.metafex.io\/de\/produkt\/vitamin-b12-injektopas-100x-1ml-03262657"]}]},{"@type":"ImageObject","inLanguage":"de","@id":"https:\/\/loewentestneu.metafex.io\/de\/produkt\/vitamin-b12-injektopas-100x-1ml-03262657#primaryimage","url":"https:\/\/loewentestneu.metafex.io\/wp-content\/uploads\/2024\/11\/Vitamin-B12-Depot-Injektopass-100-ml-PZN-07568695-Pascoe-Lionspharmacy.webp","contentUrl":"https:\/\/loewentestneu.metafex.io\/wp-content\/uploads\/2024\/11\/Vitamin-B12-Depot-Injektopass-100-ml-PZN-07568695-Pascoe-Lionspharmacy.webp","width":600,"height":600,"caption":"Vitamin B12 Depot Injektopass 100 ml -PZN 07568695 - Pascoe - Lionspharmacy"},{"@type":"BreadcrumbList","@id":"https:\/\/loewentestneu.metafex.io\/de\/produkt\/vitamin-b12-injektopas-100x-1ml-03262657#breadcrumb","itemListElement":[{"@type":"ListItem","position":1,"name":"Home","item":"https:\/\/loewentestneu.metafex.io\/de\/homepage-lion-pharmacy"},{"@type":"ListItem","position":2,"name":"Shop","item":"https:\/\/loewentestneu.metafex.io\/de\/shop-2"},{"@type":"ListItem","position":3,"name":"Vitamin B12 Injektopas 1000 \u00b5g (100x 1ml)"}]},{"@type":"WebSite","@id":"https:\/\/loewentestneu.metafex.io\/de#website","url":"https:\/\/loewentestneu.metafex.io\/de","name":"Lions Pharmacy","description":"Ihr Spezialist f\u00fcr Naturheilkunde aus Baden-Baden, Germany","publisher":{"@id":"https:\/\/loewentestneu.metafex.io\/de#organization"},"alternateName":"Lion Pharmacy","potentialAction":[{"@type":"SearchAction","target":{"@type":"EntryPoint","urlTemplate":"https:\/\/loewentestneu.metafex.io\/de?s={search_term_string}"},"query-input":{"@type":"PropertyValueSpecification","valueRequired":true,"valueName":"search_term_string"}}],"inLanguage":"de"},{"@type":"Organization","@id":"https:\/\/loewentestneu.metafex.io\/de#organization","name":"Lions Pharmacy","alternateName":"Lions Pharmacy24","url":"https:\/\/loewentestneu.metafex.io\/de","logo":{"@type":"ImageObject","inLanguage":"de","@id":"https:\/\/loewentestneu.metafex.io\/de#\/schema\/logo\/image\/","url":"https:\/\/loewentestneu.metafex.io\/wp-content\/uploads\/2022\/12\/Logo-Lion-Pharmacy-c-o-Loewen-Apotheke-smal.jpg","contentUrl":"https:\/\/loewentestneu.metafex.io\/wp-content\/uploads\/2022\/12\/Logo-Lion-Pharmacy-c-o-Loewen-Apotheke-smal.jpg","width":298,"height":99,"caption":"Lions Pharmacy"},"image":{"@id":"https:\/\/loewentestneu.metafex.io\/de#\/schema\/logo\/image\/"}}]}},"_links":{"self":[{"href":"https:\/\/loewentestneu.metafex.io\/de\/wp-json\/wp\/v2\/product\/18346","targetHints":{"allow":["GET"]}}],"collection":[{"href":"https:\/\/loewentestneu.metafex.io\/de\/wp-json\/wp\/v2\/product"}],"about":[{"href":"https:\/\/loewentestneu.metafex.io\/de\/wp-json\/wp\/v2\/types\/product"}],"replies":[{"embeddable":true,"href":"https:\/\/loewentestneu.metafex.io\/de\/wp-json\/wp\/v2\/comments?post=18346"}],"wp:featuredmedia":[{"embeddable":true,"href":"https:\/\/loewentestneu.metafex.io\/de\/wp-json\/wp\/v2\/media\/6650"}],"wp:attachment":[{"href":"https:\/\/loewentestneu.metafex.io\/de\/wp-json\/wp\/v2\/media?parent=18346"}],"wp:term":[{"taxonomy":"product_brand","embeddable":true,"href":"https:\/\/loewentestneu.metafex.io\/de\/wp-json\/wp\/v2\/product_brand?post=18346"},{"taxonomy":"product_cat","embeddable":true,"href":"https:\/\/loewentestneu.metafex.io\/de\/wp-json\/wp\/v2\/product_cat?post=18346"},{"taxonomy":"product_tag","embeddable":true,"href":"https:\/\/loewentestneu.metafex.io\/de\/wp-json\/wp\/v2\/product_tag?post=18346"}],"curies":[{"name":"wp","href":"https:\/\/api.w.org\/{rel}","templated":true}]}}