{"id":18975,"date":"2026-01-04T20:01:20","date_gmt":"2026-01-04T19:01:20","guid":{"rendered":"https:\/\/lions-pharmacy.com\/?post_type=product&#038;p=18975"},"modified":"2026-01-06T17:00:17","modified_gmt":"2026-01-06T16:00:17","slug":"otriven-for-colds-0-1-10ml-08444541","status":"publish","type":"product","link":"https:\/\/loewentestneu.metafex.io\/de\/produkt\/otriven-for-colds-0-1-10ml-08444541","title":{"rendered":"Otriven bei Erk\u00e4ltung 0,1% Nasenspray (10ml)"},"content":{"rendered":"<h3>Otriven bei Erk\u00e4ltungen 0.1%<\/h3>\n<p>Otriven bei Erk\u00e4ltungen und zur Abschwellung der Nasenschleimhaut bei akutem Schnupfen. Otriven 0,1% Nasenspray (Dosierspray) bei Erk\u00e4ltungen, konservierungsmittelfrei.<\/p>\n<p>Im Allgemeinen sollten Sie das Dosierspray nicht l\u00e4nger als 7 Tage anwenden.<\/p>\n<section class=\"text-dark-primary-max\">Weitere Produkte f\u00fcr die Anwendung: <a href=\"https:\/\/loewentestneu.metafex.io\/de\/produkt-schlagwort\/erkaltungen-grippe\">Erk\u00e4ltung &amp; Grippe<\/a><\/section>\n<section><\/section>\n<section><\/section>\n<section><\/section>\n<section class=\"text-dark-primary-max\">Informationen auf dieser Website werden ausschlie\u00dflich f\u00fcr informative Zwecke zur Verf\u00fcgung gestellt. Sie ersetzen keinesfalls die Untersuchung und Behandlung durch einen Arzt. Bitte beachten Sie, dass hierdurch weder Diagnosen gestellt noch Therapien eingeleitet werden k\u00f6nnen.<\/section>\n<p>Zu Risiken und Nebenwirkungen lesen Sie die Packungsbeilage und fragen Sie Ihren Arzt oder Apotheker.<\/p>\n<p>&nbsp;<\/p>\n<h3 style=\"text-align: left;\">Verschreibung | E-Rezept erh\u00e4ltlich?<\/h3>\n<p>Reichen Sie jetzt Ihr E-Rezept ein. Nutzen Sie unsere <a href=\"https:\/\/e-rezept-app.de\/shop-rezept\" target=\"_blank\" rel=\"noopener\">E-Rezept-App<\/a> . Und wir schenken Ihnen die Versandkosten in Deutschland!<\/p>\n","protected":false},"excerpt":{"rendered":"<h2>Otriven bei Erk\u00e4ltungen 0.1%<\/h2>\n<p>Zur Abschwellung der Nasenschleimhaut bei akutem Schnupfen<\/p>\n<p>&nbsp;<\/p>\n<div class=\"rating__wrap\">\n<p><strong>PZN<\/strong>: 08444541 (Pharmazentralnummer)<\/p>\n<p><strong>Darreichungsform<\/strong>: Spray<\/p>\n<p><strong>Art der Verordnung:<\/strong> Kein Rezept<\/p>\n<p><strong>Marke<\/strong>: Otriven<\/p>\n<p><strong>Hersteller: <\/strong>Haleon Germany GmbH, Deutschland<\/p>\n<\/div>\n","protected":false},"featured_media":18980,"comment_status":"closed","ping_status":"closed","template":"","meta":[],"product_brand":[],"product_cat":[367,368],"product_tag":[387,476,428],"class_list":{"0":"post-18975","1":"product","2":"type-product","3":"status-publish","4":"has-post-thumbnail","6":"product_cat-sale-de","7":"product_cat-shop-de","8":"product_tag-erkaltungen-grippe","9":"product_tag-grippe-erkaltung","10":"product_tag-virusinfektion","11":"ts_product_brand-alle","13":"first","14":"instock","15":"taxable","16":"shipping-taxable","17":"purchasable","18":"product-type-simple"},"yoast_head":"<!-- This site is optimized with the Yoast SEO plugin v26.5 - https:\/\/yoast.com\/wordpress\/plugins\/seo\/ -->\n<title>Otriven bei Erk\u00e4ltung 0,1% Nasenspray (10ml) &#187; hier bestellen<\/title>\n<meta name=\"description\" content=\"Otriven bei Erk\u00e4ltung 0,1% Nasenspray (10ml) zur Linderung von Erk\u00e4ltungssymptomen. Geliefert von Ihrer deutschen Online-Apotheke. Schneller Versand. Top Service.\" \/>\n<meta name=\"robots\" content=\"noindex, follow, max-snippet:-1, max-image-preview:large, max-video-preview:-1\" \/>\n<meta property=\"og:locale\" content=\"de_DE\" \/>\n<meta property=\"og:type\" content=\"article\" \/>\n<meta property=\"og:title\" content=\"Otriven bei Erk\u00e4ltung 0,1% Nasenspray (10ml) &#187; hier bestellen\" \/>\n<meta property=\"og:description\" content=\"Otriven bei Erk\u00e4ltung 0,1% Nasenspray (10ml) zur Linderung von Erk\u00e4ltungssymptomen. Geliefert von Ihrer deutschen Online-Apotheke. Schneller Versand. Top Service.\" \/>\n<meta property=\"og:url\" content=\"https:\/\/loewentestneu.metafex.io\/de\/produkt\/otriven-for-colds-0-1-10ml-08444541\" \/>\n<meta property=\"og:site_name\" content=\"L\u00f6wen Apotheke\" \/>\n<meta property=\"article:modified_time\" content=\"2026-01-06T16:00:17+00:00\" \/>\n<meta property=\"og:image\" content=\"https:\/\/loewentestneu.metafex.io\/wp-content\/uploads\/2026\/01\/Otriven-01-nasal-spray-metered-dose-spray-for-colds-preservative-free.webp\" \/>\n\t<meta property=\"og:image:width\" content=\"600\" \/>\n\t<meta property=\"og:image:height\" content=\"600\" \/>\n\t<meta property=\"og:image:type\" content=\"image\/webp\" \/>\n<meta name=\"twitter:card\" content=\"summary_large_image\" \/>\n<meta name=\"twitter:label1\" content=\"Gesch\u00e4tzte Lesezeit\" \/>\n\t<meta name=\"twitter:data1\" content=\"1\u00a0Minute\" \/>\n<script type=\"application\/ld+json\" class=\"yoast-schema-graph\">{\"@context\":\"https:\/\/schema.org\",\"@graph\":[{\"@type\":\"WebPage\",\"@id\":\"https:\/\/loewentestneu.metafex.io\/de\/produkt\/otriven-for-colds-0-1-10ml-08444541\",\"url\":\"https:\/\/loewentestneu.metafex.io\/de\/produkt\/otriven-for-colds-0-1-10ml-08444541\",\"name\":\"Otriven bei Erk\u00e4ltung 0,1% Nasenspray (10ml) &#187; hier bestellen\",\"isPartOf\":{\"@id\":\"https:\/\/loewentestneu.metafex.io\/de#website\"},\"primaryImageOfPage\":{\"@id\":\"https:\/\/loewentestneu.metafex.io\/de\/produkt\/otriven-for-colds-0-1-10ml-08444541#primaryimage\"},\"image\":{\"@id\":\"https:\/\/loewentestneu.metafex.io\/de\/produkt\/otriven-for-colds-0-1-10ml-08444541#primaryimage\"},\"thumbnailUrl\":\"https:\/\/loewentestneu.metafex.io\/wp-content\/uploads\/2026\/01\/Otriven-01-nasal-spray-metered-dose-spray-for-colds-preservative-free.webp\",\"datePublished\":\"2026-01-04T19:01:20+00:00\",\"dateModified\":\"2026-01-06T16:00:17+00:00\",\"description\":\"Otriven bei Erk\u00e4ltung 0,1% Nasenspray (10ml) zur Linderung von Erk\u00e4ltungssymptomen. Geliefert von Ihrer deutschen Online-Apotheke. Schneller Versand. Top Service.\",\"breadcrumb\":{\"@id\":\"https:\/\/loewentestneu.metafex.io\/de\/produkt\/otriven-for-colds-0-1-10ml-08444541#breadcrumb\"},\"inLanguage\":\"de\",\"potentialAction\":[{\"@type\":\"ReadAction\",\"target\":[\"https:\/\/loewentestneu.metafex.io\/de\/produkt\/otriven-for-colds-0-1-10ml-08444541\"]}]},{\"@type\":\"ImageObject\",\"inLanguage\":\"de\",\"@id\":\"https:\/\/loewentestneu.metafex.io\/de\/produkt\/otriven-for-colds-0-1-10ml-08444541#primaryimage\",\"url\":\"https:\/\/loewentestneu.metafex.io\/wp-content\/uploads\/2026\/01\/Otriven-01-nasal-spray-metered-dose-spray-for-colds-preservative-free.webp\",\"contentUrl\":\"https:\/\/loewentestneu.metafex.io\/wp-content\/uploads\/2026\/01\/Otriven-01-nasal-spray-metered-dose-spray-for-colds-preservative-free.webp\",\"width\":600,\"height\":600,\"caption\":\"Otriven 0,1% Nasenspray (Dosierspray) bei Erk\u00e4ltungen, konservierungsmittelfrei\"},{\"@type\":\"BreadcrumbList\",\"@id\":\"https:\/\/loewentestneu.metafex.io\/de\/produkt\/otriven-for-colds-0-1-10ml-08444541#breadcrumb\",\"itemListElement\":[{\"@type\":\"ListItem\",\"position\":1,\"name\":\"Home\",\"item\":\"https:\/\/loewentestneu.metafex.io\/de\/homepage-lion-pharmacy\"},{\"@type\":\"ListItem\",\"position\":2,\"name\":\"Shop\",\"item\":\"https:\/\/loewentestneu.metafex.io\/de\/shop-2\"},{\"@type\":\"ListItem\",\"position\":3,\"name\":\"Otriven bei Erk\u00e4ltung 0,1% Nasenspray (10ml)\"}]},{\"@type\":\"WebSite\",\"@id\":\"https:\/\/loewentestneu.metafex.io\/de#website\",\"url\":\"https:\/\/loewentestneu.metafex.io\/de\",\"name\":\"Lions Pharmacy\",\"description\":\"Ihr Spezialist f\u00fcr Naturheilkunde aus Baden-Baden, Germany\",\"publisher\":{\"@id\":\"https:\/\/loewentestneu.metafex.io\/de#organization\"},\"alternateName\":\"Lion Pharmacy\",\"potentialAction\":[{\"@type\":\"SearchAction\",\"target\":{\"@type\":\"EntryPoint\",\"urlTemplate\":\"https:\/\/loewentestneu.metafex.io\/de?s={search_term_string}\"},\"query-input\":{\"@type\":\"PropertyValueSpecification\",\"valueRequired\":true,\"valueName\":\"search_term_string\"}}],\"inLanguage\":\"de\"},{\"@type\":\"Organization\",\"@id\":\"https:\/\/loewentestneu.metafex.io\/de#organization\",\"name\":\"Lions Pharmacy\",\"alternateName\":\"Lions Pharmacy24\",\"url\":\"https:\/\/loewentestneu.metafex.io\/de\",\"logo\":{\"@type\":\"ImageObject\",\"inLanguage\":\"de\",\"@id\":\"https:\/\/loewentestneu.metafex.io\/de#\/schema\/logo\/image\/\",\"url\":\"https:\/\/loewentestneu.metafex.io\/wp-content\/uploads\/2022\/12\/Logo-Lion-Pharmacy-c-o-Loewen-Apotheke-smal.jpg\",\"contentUrl\":\"https:\/\/loewentestneu.metafex.io\/wp-content\/uploads\/2022\/12\/Logo-Lion-Pharmacy-c-o-Loewen-Apotheke-smal.jpg\",\"width\":298,\"height\":99,\"caption\":\"Lions Pharmacy\"},\"image\":{\"@id\":\"https:\/\/loewentestneu.metafex.io\/de#\/schema\/logo\/image\/\"}}]}<\/script>\n<!-- \/ Yoast SEO plugin. -->","yoast_head_json":{"title":"Otriven bei Erk\u00e4ltung 0,1% Nasenspray (10ml) &#187; hier bestellen","description":"Otriven bei Erk\u00e4ltung 0,1% Nasenspray (10ml) zur Linderung von Erk\u00e4ltungssymptomen. Geliefert von Ihrer deutschen Online-Apotheke. Schneller Versand. Top Service.","robots":{"index":"noindex","follow":"follow","max-snippet":"max-snippet:-1","max-image-preview":"max-image-preview:large","max-video-preview":"max-video-preview:-1"},"og_locale":"de_DE","og_type":"article","og_title":"Otriven bei Erk\u00e4ltung 0,1% Nasenspray (10ml) &#187; hier bestellen","og_description":"Otriven bei Erk\u00e4ltung 0,1% Nasenspray (10ml) zur Linderung von Erk\u00e4ltungssymptomen. Geliefert von Ihrer deutschen Online-Apotheke. Schneller Versand. Top Service.","og_url":"https:\/\/loewentestneu.metafex.io\/de\/produkt\/otriven-for-colds-0-1-10ml-08444541","og_site_name":"L\u00f6wen Apotheke","article_modified_time":"2026-01-06T16:00:17+00:00","og_image":[{"width":600,"height":600,"url":"https:\/\/loewentestneu.metafex.io\/wp-content\/uploads\/2026\/01\/Otriven-01-nasal-spray-metered-dose-spray-for-colds-preservative-free.webp","type":"image\/webp"}],"twitter_card":"summary_large_image","twitter_misc":{"Gesch\u00e4tzte Lesezeit":"1\u00a0Minute"},"schema":{"@context":"https:\/\/schema.org","@graph":[{"@type":"WebPage","@id":"https:\/\/loewentestneu.metafex.io\/de\/produkt\/otriven-for-colds-0-1-10ml-08444541","url":"https:\/\/loewentestneu.metafex.io\/de\/produkt\/otriven-for-colds-0-1-10ml-08444541","name":"Otriven bei Erk\u00e4ltung 0,1% Nasenspray (10ml) &#187; hier bestellen","isPartOf":{"@id":"https:\/\/loewentestneu.metafex.io\/de#website"},"primaryImageOfPage":{"@id":"https:\/\/loewentestneu.metafex.io\/de\/produkt\/otriven-for-colds-0-1-10ml-08444541#primaryimage"},"image":{"@id":"https:\/\/loewentestneu.metafex.io\/de\/produkt\/otriven-for-colds-0-1-10ml-08444541#primaryimage"},"thumbnailUrl":"https:\/\/loewentestneu.metafex.io\/wp-content\/uploads\/2026\/01\/Otriven-01-nasal-spray-metered-dose-spray-for-colds-preservative-free.webp","datePublished":"2026-01-04T19:01:20+00:00","dateModified":"2026-01-06T16:00:17+00:00","description":"Otriven bei Erk\u00e4ltung 0,1% Nasenspray (10ml) zur Linderung von Erk\u00e4ltungssymptomen. Geliefert von Ihrer deutschen Online-Apotheke. Schneller Versand. Top Service.","breadcrumb":{"@id":"https:\/\/loewentestneu.metafex.io\/de\/produkt\/otriven-for-colds-0-1-10ml-08444541#breadcrumb"},"inLanguage":"de","potentialAction":[{"@type":"ReadAction","target":["https:\/\/loewentestneu.metafex.io\/de\/produkt\/otriven-for-colds-0-1-10ml-08444541"]}]},{"@type":"ImageObject","inLanguage":"de","@id":"https:\/\/loewentestneu.metafex.io\/de\/produkt\/otriven-for-colds-0-1-10ml-08444541#primaryimage","url":"https:\/\/loewentestneu.metafex.io\/wp-content\/uploads\/2026\/01\/Otriven-01-nasal-spray-metered-dose-spray-for-colds-preservative-free.webp","contentUrl":"https:\/\/loewentestneu.metafex.io\/wp-content\/uploads\/2026\/01\/Otriven-01-nasal-spray-metered-dose-spray-for-colds-preservative-free.webp","width":600,"height":600,"caption":"Otriven 0,1% Nasenspray (Dosierspray) bei Erk\u00e4ltungen, konservierungsmittelfrei"},{"@type":"BreadcrumbList","@id":"https:\/\/loewentestneu.metafex.io\/de\/produkt\/otriven-for-colds-0-1-10ml-08444541#breadcrumb","itemListElement":[{"@type":"ListItem","position":1,"name":"Home","item":"https:\/\/loewentestneu.metafex.io\/de\/homepage-lion-pharmacy"},{"@type":"ListItem","position":2,"name":"Shop","item":"https:\/\/loewentestneu.metafex.io\/de\/shop-2"},{"@type":"ListItem","position":3,"name":"Otriven bei Erk\u00e4ltung 0,1% Nasenspray (10ml)"}]},{"@type":"WebSite","@id":"https:\/\/loewentestneu.metafex.io\/de#website","url":"https:\/\/loewentestneu.metafex.io\/de","name":"Lions Pharmacy","description":"Ihr Spezialist f\u00fcr Naturheilkunde aus Baden-Baden, Germany","publisher":{"@id":"https:\/\/loewentestneu.metafex.io\/de#organization"},"alternateName":"Lion Pharmacy","potentialAction":[{"@type":"SearchAction","target":{"@type":"EntryPoint","urlTemplate":"https:\/\/loewentestneu.metafex.io\/de?s={search_term_string}"},"query-input":{"@type":"PropertyValueSpecification","valueRequired":true,"valueName":"search_term_string"}}],"inLanguage":"de"},{"@type":"Organization","@id":"https:\/\/loewentestneu.metafex.io\/de#organization","name":"Lions Pharmacy","alternateName":"Lions Pharmacy24","url":"https:\/\/loewentestneu.metafex.io\/de","logo":{"@type":"ImageObject","inLanguage":"de","@id":"https:\/\/loewentestneu.metafex.io\/de#\/schema\/logo\/image\/","url":"https:\/\/loewentestneu.metafex.io\/wp-content\/uploads\/2022\/12\/Logo-Lion-Pharmacy-c-o-Loewen-Apotheke-smal.jpg","contentUrl":"https:\/\/loewentestneu.metafex.io\/wp-content\/uploads\/2022\/12\/Logo-Lion-Pharmacy-c-o-Loewen-Apotheke-smal.jpg","width":298,"height":99,"caption":"Lions Pharmacy"},"image":{"@id":"https:\/\/loewentestneu.metafex.io\/de#\/schema\/logo\/image\/"}}]}},"_links":{"self":[{"href":"https:\/\/loewentestneu.metafex.io\/de\/wp-json\/wp\/v2\/product\/18975","targetHints":{"allow":["GET"]}}],"collection":[{"href":"https:\/\/loewentestneu.metafex.io\/de\/wp-json\/wp\/v2\/product"}],"about":[{"href":"https:\/\/loewentestneu.metafex.io\/de\/wp-json\/wp\/v2\/types\/product"}],"replies":[{"embeddable":true,"href":"https:\/\/loewentestneu.metafex.io\/de\/wp-json\/wp\/v2\/comments?post=18975"}],"wp:featuredmedia":[{"embeddable":true,"href":"https:\/\/loewentestneu.metafex.io\/de\/wp-json\/wp\/v2\/media\/18980"}],"wp:attachment":[{"href":"https:\/\/loewentestneu.metafex.io\/de\/wp-json\/wp\/v2\/media?parent=18975"}],"wp:term":[{"taxonomy":"product_brand","embeddable":true,"href":"https:\/\/loewentestneu.metafex.io\/de\/wp-json\/wp\/v2\/product_brand?post=18975"},{"taxonomy":"product_cat","embeddable":true,"href":"https:\/\/loewentestneu.metafex.io\/de\/wp-json\/wp\/v2\/product_cat?post=18975"},{"taxonomy":"product_tag","embeddable":true,"href":"https:\/\/loewentestneu.metafex.io\/de\/wp-json\/wp\/v2\/product_tag?post=18975"}],"curies":[{"name":"wp","href":"https:\/\/api.w.org\/{rel}","templated":true}]}}