{"id":19525,"date":"2026-01-18T18:29:45","date_gmt":"2026-01-18T17:29:45","guid":{"rendered":"https:\/\/lions-pharmacy.com\/?post_type=product&#038;p=19525"},"modified":"2026-01-26T23:01:16","modified_gmt":"2026-01-26T22:01:16","slug":"periotrap-microbiome-toothpaste-75-ml-20029589","status":"publish","type":"product","link":"https:\/\/loewentestneu.metafex.io\/de\/produkt\/periotrap-microbiome-toothpaste-75-ml-20029589","title":{"rendered":"PerioTrap Mikrobiom Zahnpasta (75 ml)"},"content":{"rendered":"<h3>PerioTrap Paro Mikrobiom Zahnpasta<\/h3>\n<p>PerioTrap Paro Mikrobiom Zahnpasta \/ Zahncreme. Ihr t\u00e4glicher Schutz f\u00fcr Z\u00e4hne und Zahnfleisch. Ideal f\u00fcr Menschen mit Zahnfleischproblemen &#8211; sanfte Reinigung ohne Menthol und stark sch\u00e4umende Tenside.<\/p>\n<p>PerioTrap-Technologie: Zielt gezielt auf Plaque-verursachende Bakterien ab, ohne das Mikrobiom zu st\u00f6ren.<\/p>\n<p>Fluorid (1450 ppm): St\u00e4rkt den Zahnschmelz und sch\u00fctzt vor Karies.<\/p>\n<p>Enth\u00e4lt: Natriumfluorid (1450 ppm), Nur f\u00fcr Erwachsene.<\/p>\n<p>Zutaten: Glycerin, Aqua, Hydrated Silica, Cellulose Gum, Lauryl Glycoside, Bisabolol, Sodium Fluoride, Menthae Arvensis Leaf Oil, Guanidinoethylbenzylamino Imiddazopyridine Acetate.<\/p>\n<p>Packungsbeilage\/Gebrauchsanweisung\/Artikeldatenblatt: &#8211; (PDF-Reader)<br \/>\nAndere Produkte f\u00fcr diese Anwendung: <a href=\"https:\/\/loewentestneu.metafex.io\/de\/produkt-schlagwort\/vitamine-und-nahrungserganzungsmittel\" rel=\"tag\">Vitamine &amp; Nahrungserg\u00e4nzungsmittel<\/a> | <a href=\"https:\/\/loewentestneu.metafex.io\/de\/produkt-schlagwort\/gewicht-und-fitness\" rel=\"tag\">Gewicht &amp; Fitness<\/a> | <a href=\"https:\/\/loewentestneu.metafex.io\/de\/produkt-schlagwort\/gewichtsmanagement\" rel=\"tag\">Gewichtsmanagement<\/a> | <a href=\"https:\/\/loewentestneu.metafex.io\/de\/produkt-schlagwort\/wellness-de\" rel=\"tag\">Wellness<\/a><br \/>\nErfahren Sie mehr \u00fcber den Hersteller und dieses Produkt: <a href=\"https:\/\/periotrap.com\/pages\/die-periotrap-technologie\" target=\"_blank\" rel=\"noopener\">PerioTrap<\/a> (Link zu externer Website)<\/p>\n<p>Informationen auf dieser Website werden ausschlie\u00dflich f\u00fcr informative Zwecke zur Verf\u00fcgung gestellt. Sie ersetzen keinesfalls die Untersuchung und Behandlung durch einen Arzt. Bitte beachten Sie, dass hierdurch weder Diagnosen gestellt noch Therapien eingeleitet werden k\u00f6nnen.<\/p>\n<p>Zu Risiken und Nebenwirkungen lesen Sie die Packungsbeilage und fragen Sie Ihren Arzt oder Apotheker.<\/p>\n<h3>Haben Sie Fragen zu diesem Produkt? Wir sind f\u00fcr Sie da!<\/h3>\n<p>Unsere leitende Apothekerin, Dr. Sandra Hoff, und ihr Team beraten Sie gerne pers\u00f6nlich &#8211; per Telefon oder E-Mail. Als echte Apotheke vor Ort und autorisierte Versandapotheke bieten wir Ihnen kompetente Unterst\u00fctzung, insbesondere in den Bereichen <a href=\"https:\/\/loewentestneu.metafex.io\/de\/produkt-schlagwort\/naturliche-heilmittel\">Naturheilkunde<\/a> und <a href=\"https:\/\/loewentestneu.metafex.io\/de\/produkt-schlagwort\/vitamine-und-nahrungserganzungsmittel\">Nahrungserg\u00e4nzungsmittel<\/a>. Sie finden unsere Genehmigung als Eintrag im <a href=\"https:\/\/versandhandel.dimdi.de\/websearch\/servlet\/Gate;jsessionid=0D29D15655BE1174E9178A340E8FE6BC?accessid=dimdi_var&amp;term=3c387956690121ccc8763184f052b93f\" target=\"_blank\" rel=\"noopener\">Versandhandelsregister<\/a>.<\/p>\n<h3>L\u00f6sen Sie ein Rezept oder ein e-Rezept ein:<\/h3>\n<p>Haben Sie ein Rezept oder ein e-Rezept? Reichen Sie es bequem \u00fcber unsere <a href=\"https:\/\/e-rezept-app.de\/shop-rezept\" target=\"_blank\" rel=\"noopener\">E-Rezept-App<\/a> ein &#8211; auch Privatrezepte f\u00fcr Selbstzahler sind m\u00f6glich. Schnell, sicher und einfach.<\/p>\n","protected":false},"excerpt":{"rendered":"<h2>PerioTrap Paro Mikrobiom Zahnpasta<\/h2>\n<p>Dental Cream &#8211; T\u00e4glicher Schutz f\u00fcr Z\u00e4hne und Zahnfleisch<\/p>\n<p>&nbsp;<\/p>\n<p>PZN: 20029589<\/p>\n<p>Darreichungsform: Creme<\/p>\n<p>Verordnungsart: Rezeptfrei<\/p>\n<p>Marke: &#8211;<\/p>\n<p>Hersteller: PerioTrap Pharmaceuticals GmbH, 06120 Halle (Saale), Deutschland<\/p>\n<p>Packungsgr\u00f6\u00dfe: 75 ml<\/p>\n","protected":false},"featured_media":19530,"comment_status":"closed","ping_status":"closed","template":"","meta":[],"product_brand":[],"product_cat":[367,368],"product_tag":[434,433,474,429,432],"class_list":{"0":"post-19525","1":"product","2":"type-product","3":"status-publish","4":"has-post-thumbnail","6":"product_cat-sale-de","7":"product_cat-shop-de","8":"product_tag-gewicht-und-fitness","9":"product_tag-gewichtsmanagement","10":"product_tag-pflanzlicher-wirkstoff","11":"product_tag-vitamine-und-nahrungserganzungsmittel","12":"product_tag-wellness-de","13":"ts_product_brand-alle","15":"first","16":"outofstock","17":"taxable","18":"shipping-taxable","19":"purchasable","20":"product-type-simple"},"yoast_head":"<!-- This site is optimized with the Yoast SEO plugin v26.5 - https:\/\/yoast.com\/wordpress\/plugins\/seo\/ -->\n<title>PerioTrap Mikrobiom Zahnpasta (75 ml) &#187; - hier bestellen<\/title>\n<meta name=\"description\" content=\"Registrierte deutsche Online-Apotheke. Wir bieten: Schneller internationaler Versand. Zahnpflege:\" \/>\n<meta name=\"robots\" content=\"noindex, follow, max-snippet:-1, max-image-preview:large, max-video-preview:-1\" \/>\n<meta property=\"og:locale\" content=\"de_DE\" \/>\n<meta property=\"og:type\" content=\"article\" \/>\n<meta property=\"og:title\" content=\"PerioTrap Mikrobiom Zahnpasta (75 ml) &#187; - hier bestellen\" \/>\n<meta property=\"og:description\" content=\"Registrierte deutsche Online-Apotheke. Wir bieten: Schneller internationaler Versand. Zahnpflege:\" \/>\n<meta property=\"og:url\" content=\"https:\/\/loewentestneu.metafex.io\/de\/produkt\/periotrap-microbiome-toothpaste-75-ml-20029589\" \/>\n<meta property=\"og:site_name\" content=\"L\u00f6wen Apotheke\" \/>\n<meta property=\"article:modified_time\" content=\"2026-01-26T22:01:16+00:00\" \/>\n<meta property=\"og:image\" content=\"https:\/\/loewentestneu.metafex.io\/wp-content\/uploads\/2026\/01\/PerioTrap-Mikrobiom-Zahnpasta-75-ml-from-PerioTrap-Pharmaceuticals-GmbH-with-PZN-20029589.webp\" \/>\n\t<meta property=\"og:image:width\" content=\"600\" \/>\n\t<meta property=\"og:image:height\" content=\"600\" \/>\n\t<meta property=\"og:image:type\" content=\"image\/webp\" \/>\n<meta name=\"twitter:card\" content=\"summary_large_image\" \/>\n<meta name=\"twitter:label1\" content=\"Gesch\u00e4tzte Lesezeit\" \/>\n\t<meta name=\"twitter:data1\" content=\"1\u00a0Minute\" \/>\n<script type=\"application\/ld+json\" class=\"yoast-schema-graph\">{\"@context\":\"https:\/\/schema.org\",\"@graph\":[{\"@type\":\"WebPage\",\"@id\":\"https:\/\/loewentestneu.metafex.io\/de\/produkt\/periotrap-microbiome-toothpaste-75-ml-20029589\",\"url\":\"https:\/\/loewentestneu.metafex.io\/de\/produkt\/periotrap-microbiome-toothpaste-75-ml-20029589\",\"name\":\"PerioTrap Mikrobiom Zahnpasta (75 ml) &#187; - hier bestellen\",\"isPartOf\":{\"@id\":\"https:\/\/loewentestneu.metafex.io\/de#website\"},\"primaryImageOfPage\":{\"@id\":\"https:\/\/loewentestneu.metafex.io\/de\/produkt\/periotrap-microbiome-toothpaste-75-ml-20029589#primaryimage\"},\"image\":{\"@id\":\"https:\/\/loewentestneu.metafex.io\/de\/produkt\/periotrap-microbiome-toothpaste-75-ml-20029589#primaryimage\"},\"thumbnailUrl\":\"https:\/\/loewentestneu.metafex.io\/wp-content\/uploads\/2026\/01\/PerioTrap-Mikrobiom-Zahnpasta-75-ml-from-PerioTrap-Pharmaceuticals-GmbH-with-PZN-20029589.webp\",\"datePublished\":\"2026-01-18T17:29:45+00:00\",\"dateModified\":\"2026-01-26T22:01:16+00:00\",\"description\":\"Registrierte deutsche Online-Apotheke. Wir bieten: Schneller internationaler Versand. Zahnpflege:\",\"breadcrumb\":{\"@id\":\"https:\/\/loewentestneu.metafex.io\/de\/produkt\/periotrap-microbiome-toothpaste-75-ml-20029589#breadcrumb\"},\"inLanguage\":\"de\",\"potentialAction\":[{\"@type\":\"ReadAction\",\"target\":[\"https:\/\/loewentestneu.metafex.io\/de\/produkt\/periotrap-microbiome-toothpaste-75-ml-20029589\"]}]},{\"@type\":\"ImageObject\",\"inLanguage\":\"de\",\"@id\":\"https:\/\/loewentestneu.metafex.io\/de\/produkt\/periotrap-microbiome-toothpaste-75-ml-20029589#primaryimage\",\"url\":\"https:\/\/loewentestneu.metafex.io\/wp-content\/uploads\/2026\/01\/PerioTrap-Mikrobiom-Zahnpasta-75-ml-from-PerioTrap-Pharmaceuticals-GmbH-with-PZN-20029589.webp\",\"contentUrl\":\"https:\/\/loewentestneu.metafex.io\/wp-content\/uploads\/2026\/01\/PerioTrap-Mikrobiom-Zahnpasta-75-ml-from-PerioTrap-Pharmaceuticals-GmbH-with-PZN-20029589.webp\",\"width\":600,\"height\":600,\"caption\":\"PerioTrap Mikrobiom Zahnpasta 75 ml von PerioTrap Pharmaceuticals GmbH mit PZN-20029589\"},{\"@type\":\"BreadcrumbList\",\"@id\":\"https:\/\/loewentestneu.metafex.io\/de\/produkt\/periotrap-microbiome-toothpaste-75-ml-20029589#breadcrumb\",\"itemListElement\":[{\"@type\":\"ListItem\",\"position\":1,\"name\":\"Home\",\"item\":\"https:\/\/loewentestneu.metafex.io\/de\/homepage-lion-pharmacy\"},{\"@type\":\"ListItem\",\"position\":2,\"name\":\"Shop\",\"item\":\"https:\/\/loewentestneu.metafex.io\/de\/shop-2\"},{\"@type\":\"ListItem\",\"position\":3,\"name\":\"PerioTrap Mikrobiom Zahnpasta (75 ml)\"}]},{\"@type\":\"WebSite\",\"@id\":\"https:\/\/loewentestneu.metafex.io\/de#website\",\"url\":\"https:\/\/loewentestneu.metafex.io\/de\",\"name\":\"Lions Pharmacy\",\"description\":\"Ihr Spezialist f\u00fcr Naturheilkunde aus Baden-Baden, Germany\",\"publisher\":{\"@id\":\"https:\/\/loewentestneu.metafex.io\/de#organization\"},\"alternateName\":\"Lion Pharmacy\",\"potentialAction\":[{\"@type\":\"SearchAction\",\"target\":{\"@type\":\"EntryPoint\",\"urlTemplate\":\"https:\/\/loewentestneu.metafex.io\/de?s={search_term_string}\"},\"query-input\":{\"@type\":\"PropertyValueSpecification\",\"valueRequired\":true,\"valueName\":\"search_term_string\"}}],\"inLanguage\":\"de\"},{\"@type\":\"Organization\",\"@id\":\"https:\/\/loewentestneu.metafex.io\/de#organization\",\"name\":\"Lions Pharmacy\",\"alternateName\":\"Lions Pharmacy24\",\"url\":\"https:\/\/loewentestneu.metafex.io\/de\",\"logo\":{\"@type\":\"ImageObject\",\"inLanguage\":\"de\",\"@id\":\"https:\/\/loewentestneu.metafex.io\/de#\/schema\/logo\/image\/\",\"url\":\"https:\/\/loewentestneu.metafex.io\/wp-content\/uploads\/2022\/12\/Logo-Lion-Pharmacy-c-o-Loewen-Apotheke-smal.jpg\",\"contentUrl\":\"https:\/\/loewentestneu.metafex.io\/wp-content\/uploads\/2022\/12\/Logo-Lion-Pharmacy-c-o-Loewen-Apotheke-smal.jpg\",\"width\":298,\"height\":99,\"caption\":\"Lions Pharmacy\"},\"image\":{\"@id\":\"https:\/\/loewentestneu.metafex.io\/de#\/schema\/logo\/image\/\"}}]}<\/script>\n<!-- \/ Yoast SEO plugin. -->","yoast_head_json":{"title":"PerioTrap Mikrobiom Zahnpasta (75 ml) &#187; - hier bestellen","description":"Registrierte deutsche Online-Apotheke. Wir bieten: Schneller internationaler Versand. Zahnpflege:","robots":{"index":"noindex","follow":"follow","max-snippet":"max-snippet:-1","max-image-preview":"max-image-preview:large","max-video-preview":"max-video-preview:-1"},"og_locale":"de_DE","og_type":"article","og_title":"PerioTrap Mikrobiom Zahnpasta (75 ml) &#187; - hier bestellen","og_description":"Registrierte deutsche Online-Apotheke. Wir bieten: Schneller internationaler Versand. Zahnpflege:","og_url":"https:\/\/loewentestneu.metafex.io\/de\/produkt\/periotrap-microbiome-toothpaste-75-ml-20029589","og_site_name":"L\u00f6wen Apotheke","article_modified_time":"2026-01-26T22:01:16+00:00","og_image":[{"width":600,"height":600,"url":"https:\/\/loewentestneu.metafex.io\/wp-content\/uploads\/2026\/01\/PerioTrap-Mikrobiom-Zahnpasta-75-ml-from-PerioTrap-Pharmaceuticals-GmbH-with-PZN-20029589.webp","type":"image\/webp"}],"twitter_card":"summary_large_image","twitter_misc":{"Gesch\u00e4tzte Lesezeit":"1\u00a0Minute"},"schema":{"@context":"https:\/\/schema.org","@graph":[{"@type":"WebPage","@id":"https:\/\/loewentestneu.metafex.io\/de\/produkt\/periotrap-microbiome-toothpaste-75-ml-20029589","url":"https:\/\/loewentestneu.metafex.io\/de\/produkt\/periotrap-microbiome-toothpaste-75-ml-20029589","name":"PerioTrap Mikrobiom Zahnpasta (75 ml) &#187; - hier bestellen","isPartOf":{"@id":"https:\/\/loewentestneu.metafex.io\/de#website"},"primaryImageOfPage":{"@id":"https:\/\/loewentestneu.metafex.io\/de\/produkt\/periotrap-microbiome-toothpaste-75-ml-20029589#primaryimage"},"image":{"@id":"https:\/\/loewentestneu.metafex.io\/de\/produkt\/periotrap-microbiome-toothpaste-75-ml-20029589#primaryimage"},"thumbnailUrl":"https:\/\/loewentestneu.metafex.io\/wp-content\/uploads\/2026\/01\/PerioTrap-Mikrobiom-Zahnpasta-75-ml-from-PerioTrap-Pharmaceuticals-GmbH-with-PZN-20029589.webp","datePublished":"2026-01-18T17:29:45+00:00","dateModified":"2026-01-26T22:01:16+00:00","description":"Registrierte deutsche Online-Apotheke. Wir bieten: Schneller internationaler Versand. Zahnpflege:","breadcrumb":{"@id":"https:\/\/loewentestneu.metafex.io\/de\/produkt\/periotrap-microbiome-toothpaste-75-ml-20029589#breadcrumb"},"inLanguage":"de","potentialAction":[{"@type":"ReadAction","target":["https:\/\/loewentestneu.metafex.io\/de\/produkt\/periotrap-microbiome-toothpaste-75-ml-20029589"]}]},{"@type":"ImageObject","inLanguage":"de","@id":"https:\/\/loewentestneu.metafex.io\/de\/produkt\/periotrap-microbiome-toothpaste-75-ml-20029589#primaryimage","url":"https:\/\/loewentestneu.metafex.io\/wp-content\/uploads\/2026\/01\/PerioTrap-Mikrobiom-Zahnpasta-75-ml-from-PerioTrap-Pharmaceuticals-GmbH-with-PZN-20029589.webp","contentUrl":"https:\/\/loewentestneu.metafex.io\/wp-content\/uploads\/2026\/01\/PerioTrap-Mikrobiom-Zahnpasta-75-ml-from-PerioTrap-Pharmaceuticals-GmbH-with-PZN-20029589.webp","width":600,"height":600,"caption":"PerioTrap Mikrobiom Zahnpasta 75 ml von PerioTrap Pharmaceuticals GmbH mit PZN-20029589"},{"@type":"BreadcrumbList","@id":"https:\/\/loewentestneu.metafex.io\/de\/produkt\/periotrap-microbiome-toothpaste-75-ml-20029589#breadcrumb","itemListElement":[{"@type":"ListItem","position":1,"name":"Home","item":"https:\/\/loewentestneu.metafex.io\/de\/homepage-lion-pharmacy"},{"@type":"ListItem","position":2,"name":"Shop","item":"https:\/\/loewentestneu.metafex.io\/de\/shop-2"},{"@type":"ListItem","position":3,"name":"PerioTrap Mikrobiom Zahnpasta (75 ml)"}]},{"@type":"WebSite","@id":"https:\/\/loewentestneu.metafex.io\/de#website","url":"https:\/\/loewentestneu.metafex.io\/de","name":"Lions Pharmacy","description":"Ihr Spezialist f\u00fcr Naturheilkunde aus Baden-Baden, Germany","publisher":{"@id":"https:\/\/loewentestneu.metafex.io\/de#organization"},"alternateName":"Lion Pharmacy","potentialAction":[{"@type":"SearchAction","target":{"@type":"EntryPoint","urlTemplate":"https:\/\/loewentestneu.metafex.io\/de?s={search_term_string}"},"query-input":{"@type":"PropertyValueSpecification","valueRequired":true,"valueName":"search_term_string"}}],"inLanguage":"de"},{"@type":"Organization","@id":"https:\/\/loewentestneu.metafex.io\/de#organization","name":"Lions Pharmacy","alternateName":"Lions Pharmacy24","url":"https:\/\/loewentestneu.metafex.io\/de","logo":{"@type":"ImageObject","inLanguage":"de","@id":"https:\/\/loewentestneu.metafex.io\/de#\/schema\/logo\/image\/","url":"https:\/\/loewentestneu.metafex.io\/wp-content\/uploads\/2022\/12\/Logo-Lion-Pharmacy-c-o-Loewen-Apotheke-smal.jpg","contentUrl":"https:\/\/loewentestneu.metafex.io\/wp-content\/uploads\/2022\/12\/Logo-Lion-Pharmacy-c-o-Loewen-Apotheke-smal.jpg","width":298,"height":99,"caption":"Lions Pharmacy"},"image":{"@id":"https:\/\/loewentestneu.metafex.io\/de#\/schema\/logo\/image\/"}}]}},"_links":{"self":[{"href":"https:\/\/loewentestneu.metafex.io\/de\/wp-json\/wp\/v2\/product\/19525","targetHints":{"allow":["GET"]}}],"collection":[{"href":"https:\/\/loewentestneu.metafex.io\/de\/wp-json\/wp\/v2\/product"}],"about":[{"href":"https:\/\/loewentestneu.metafex.io\/de\/wp-json\/wp\/v2\/types\/product"}],"replies":[{"embeddable":true,"href":"https:\/\/loewentestneu.metafex.io\/de\/wp-json\/wp\/v2\/comments?post=19525"}],"wp:featuredmedia":[{"embeddable":true,"href":"https:\/\/loewentestneu.metafex.io\/de\/wp-json\/wp\/v2\/media\/19530"}],"wp:attachment":[{"href":"https:\/\/loewentestneu.metafex.io\/de\/wp-json\/wp\/v2\/media?parent=19525"}],"wp:term":[{"taxonomy":"product_brand","embeddable":true,"href":"https:\/\/loewentestneu.metafex.io\/de\/wp-json\/wp\/v2\/product_brand?post=19525"},{"taxonomy":"product_cat","embeddable":true,"href":"https:\/\/loewentestneu.metafex.io\/de\/wp-json\/wp\/v2\/product_cat?post=19525"},{"taxonomy":"product_tag","embeddable":true,"href":"https:\/\/loewentestneu.metafex.io\/de\/wp-json\/wp\/v2\/product_tag?post=19525"}],"curies":[{"name":"wp","href":"https:\/\/api.w.org\/{rel}","templated":true}]}}