{"id":19758,"date":"2026-01-24T09:04:12","date_gmt":"2026-01-24T08:04:12","guid":{"rendered":"https:\/\/lions-pharmacy.com\/?post_type=product&#038;p=19758"},"modified":"2026-01-24T10:40:00","modified_gmt":"2026-01-24T09:40:00","slug":"restaxil-liquid-30-ml-12895108","status":"publish","type":"product","link":"https:\/\/loewentestneu.metafex.io\/de\/produkt\/restaxil-liquid-30-ml-12895108","title":{"rendered":"Restaxil fl\u00fcssig (30 ml)"},"content":{"rendered":"<h3>Restaxil fl\u00fcssig<\/h3>\n<p>Restaxil fl\u00fcssig gut vertr\u00e4gliche Tropfen bei Neuralgien, hilfreich bei R\u00fcckenschmerzen. Restaxil ist ein zugelassenes Medikament f\u00fcr die Behandlung von Neuralgien (Nervenschmerzen). Zu den Arten von Nervenschmerzen geh\u00f6ren zum Beispiel ausstrahlende R\u00fcckenschmerzen, brennende Schmerzen in den Beinen und F\u00fc\u00dfen oder Muskelkater. Restaxil\u00ae Tropfen enthalten einen speziellen Komplex aus f\u00fcnf Wirkstoffen, die nach dem \u00c4hnlichkeitsprinzip formuliert wurden, um gezielt auf die zu behandelnden Nervenschmerzen einzuwirken.<\/p>\n<p>Enth\u00e4lt: Gelsemium sempervirens, Spigelia anthelmia, Iris versicolor, Cyclamen europaeum, Cimicifuga racemosa<\/p>\n<p>Packungsbeilage\/Gebrauchsanweisung\/Artikeldatenblatt: &#8211; (PDF-Reader)<br \/>\nAndere Produkte f\u00fcr diese Anwendung: <a href=\"https:\/\/loewentestneu.metafex.io\/de\/produkt-schlagwort\/vitamine-und-nahrungserganzungsmittel\" rel=\"tag\">Vitamine &amp; Nahrungserg\u00e4nzungsmittel<\/a> | <a href=\"https:\/\/loewentestneu.metafex.io\/de\/produkt-schlagwort\/gewicht-und-fitness\" rel=\"tag\">Gewicht &amp; Fitness<\/a><br \/>\nErfahren Sie mehr \u00fcber den Hersteller und dieses Produkt: <a href=\"https:\/\/pharmasgp.com\/\" target=\"_blank\" rel=\"noopener\">PharmaSGP GmbH<\/a> (Link zu externer Website)<\/p>\n<p>Informationen auf dieser Website werden ausschlie\u00dflich f\u00fcr informative Zwecke zur Verf\u00fcgung gestellt. Sie ersetzen keinesfalls die Untersuchung und Behandlung durch einen Arzt. Bitte beachten Sie, dass hierdurch weder Diagnosen gestellt noch Therapien eingeleitet werden k\u00f6nnen.<\/p>\n<p>Zu Risiken und Nebenwirkungen lesen Sie die Packungsbeilage und fragen Sie Ihren Arzt oder Apotheker.<\/p>\n<h3>Haben Sie Fragen zu diesem Produkt? Wir sind f\u00fcr Sie da!<\/h3>\n<p>Unsere leitende Apothekerin, Dr. Sandra Hoff, und ihr Team beraten Sie gerne pers\u00f6nlich &#8211; per Telefon oder E-Mail. Als echte Apotheke vor Ort und autorisierte Versandapotheke bieten wir Ihnen kompetente Unterst\u00fctzung, insbesondere in den Bereichen <a href=\"https:\/\/loewentestneu.metafex.io\/de\/produkt-schlagwort\/naturliche-heilmittel\">Naturheilkunde<\/a> und <a href=\"https:\/\/loewentestneu.metafex.io\/de\/produkt-schlagwort\/vitamine-und-nahrungserganzungsmittel\">Nahrungserg\u00e4nzungsmittel<\/a>. Sie finden unsere Genehmigung als Eintrag im <a href=\"https:\/\/versandhandel.dimdi.de\/websearch\/servlet\/Gate;jsessionid=0D29D15655BE1174E9178A340E8FE6BC?accessid=dimdi_var&amp;term=3c387956690121ccc8763184f052b93f\" target=\"_blank\" rel=\"noopener\">Versandhandelsregister<\/a>.<\/p>\n<h3>L\u00f6sen Sie ein Rezept oder ein e-Rezept ein:<\/h3>\n<p>Haben Sie ein Rezept oder ein e-Rezept? Reichen Sie es bequem \u00fcber unsere <a href=\"https:\/\/e-rezept-app.de\/shop-rezept\" target=\"_blank\" rel=\"noopener\">E-Rezept-App<\/a> ein &#8211; auch Privatrezepte f\u00fcr Selbstzahler sind m\u00f6glich. Schnell, sicher und einfach.<\/p>\n","protected":false},"excerpt":{"rendered":"<h2>Restaxil fl\u00fcssig<\/h2>\n<p>Gut vertr\u00e4gliche Tropfen bei Neuralgien, hilfreich bei R\u00fcckenschmerzen<\/p>\n<p>&nbsp;<\/p>\n<p>PZN: 12895108<\/p>\n<p>Darreichungsform: fl\u00fcssig<\/p>\n<p>Verordnungsart: Rezeptfrei<\/p>\n<p>Marke: &#8211;<\/p>\n<p>Hersteller: PharmaSGP GmbH, 82166 Gr\u00e4felfing, Deutschland<\/p>\n<p>Packungsgr\u00f6\u00dfe: 30 ml<\/p>\n","protected":false},"featured_media":19760,"comment_status":"closed","ping_status":"closed","template":"","meta":[],"product_brand":[],"product_cat":[367,368],"product_tag":[434,474,429,432],"class_list":{"0":"post-19758","1":"product","2":"type-product","3":"status-publish","4":"has-post-thumbnail","6":"product_cat-sale-de","7":"product_cat-shop-de","8":"product_tag-gewicht-und-fitness","9":"product_tag-pflanzlicher-wirkstoff","10":"product_tag-vitamine-und-nahrungserganzungsmittel","11":"product_tag-wellness-de","12":"ts_product_brand-alle","14":"first","15":"instock","16":"taxable","17":"shipping-taxable","18":"purchasable","19":"product-type-simple"},"yoast_head":"<!-- This site is optimized with the Yoast SEO plugin v26.5 - https:\/\/yoast.com\/wordpress\/plugins\/seo\/ -->\n<title>Restaxil fl\u00fcssig (30 ml) &#187; - hier bestellen<\/title>\n<meta name=\"description\" content=\"Registrierte deutsche Online-Apotheke. Wir bieten: Schneller internationaler Versand. Unterst\u00fctzt nach Arten von Nervenschmerzen: Restaxil fl\u00fcssig (30 ml)\" \/>\n<meta name=\"robots\" content=\"noindex, follow, max-snippet:-1, max-image-preview:large, max-video-preview:-1\" \/>\n<meta property=\"og:locale\" content=\"de_DE\" \/>\n<meta property=\"og:type\" content=\"article\" \/>\n<meta property=\"og:title\" content=\"Restaxil fl\u00fcssig (30 ml) &#187; - hier bestellen\" \/>\n<meta property=\"og:description\" content=\"Registrierte deutsche Online-Apotheke. Wir bieten: Schneller internationaler Versand. Unterst\u00fctzt nach Arten von Nervenschmerzen: Restaxil fl\u00fcssig (30 ml)\" \/>\n<meta property=\"og:url\" content=\"https:\/\/loewentestneu.metafex.io\/de\/produkt\/restaxil-liquid-30-ml-12895108\" \/>\n<meta property=\"og:site_name\" content=\"L\u00f6wen Apotheke\" \/>\n<meta property=\"article:modified_time\" content=\"2026-01-24T09:40:00+00:00\" \/>\n<meta property=\"og:image\" content=\"https:\/\/loewentestneu.metafex.io\/wp-content\/uploads\/2026\/01\/RESTAXIL-Flussig-Mischung-100ml-PZN-19491302.webp\" \/>\n\t<meta property=\"og:image:width\" content=\"600\" \/>\n\t<meta property=\"og:image:height\" content=\"600\" \/>\n\t<meta property=\"og:image:type\" content=\"image\/webp\" \/>\n<meta name=\"twitter:card\" content=\"summary_large_image\" \/>\n<meta name=\"twitter:label1\" content=\"Gesch\u00e4tzte Lesezeit\" \/>\n\t<meta name=\"twitter:data1\" content=\"1\u00a0Minute\" \/>\n<script type=\"application\/ld+json\" class=\"yoast-schema-graph\">{\"@context\":\"https:\/\/schema.org\",\"@graph\":[{\"@type\":\"WebPage\",\"@id\":\"https:\/\/loewentestneu.metafex.io\/de\/produkt\/restaxil-liquid-30-ml-12895108\",\"url\":\"https:\/\/loewentestneu.metafex.io\/de\/produkt\/restaxil-liquid-30-ml-12895108\",\"name\":\"Restaxil fl\u00fcssig (30 ml) &#187; - hier bestellen\",\"isPartOf\":{\"@id\":\"https:\/\/loewentestneu.metafex.io\/de#website\"},\"primaryImageOfPage\":{\"@id\":\"https:\/\/loewentestneu.metafex.io\/de\/produkt\/restaxil-liquid-30-ml-12895108#primaryimage\"},\"image\":{\"@id\":\"https:\/\/loewentestneu.metafex.io\/de\/produkt\/restaxil-liquid-30-ml-12895108#primaryimage\"},\"thumbnailUrl\":\"https:\/\/loewentestneu.metafex.io\/wp-content\/uploads\/2026\/01\/RESTAXIL-Flussig-Mischung-100ml-PZN-19491302.webp\",\"datePublished\":\"2026-01-24T08:04:12+00:00\",\"dateModified\":\"2026-01-24T09:40:00+00:00\",\"description\":\"Registrierte deutsche Online-Apotheke. Wir bieten: Schneller internationaler Versand. Unterst\u00fctzt nach Arten von Nervenschmerzen: Restaxil fl\u00fcssig (30 ml)\",\"breadcrumb\":{\"@id\":\"https:\/\/loewentestneu.metafex.io\/de\/produkt\/restaxil-liquid-30-ml-12895108#breadcrumb\"},\"inLanguage\":\"de\",\"potentialAction\":[{\"@type\":\"ReadAction\",\"target\":[\"https:\/\/loewentestneu.metafex.io\/de\/produkt\/restaxil-liquid-30-ml-12895108\"]}]},{\"@type\":\"ImageObject\",\"inLanguage\":\"de\",\"@id\":\"https:\/\/loewentestneu.metafex.io\/de\/produkt\/restaxil-liquid-30-ml-12895108#primaryimage\",\"url\":\"https:\/\/loewentestneu.metafex.io\/wp-content\/uploads\/2026\/01\/RESTAXIL-Flussig-Mischung-100ml-PZN-19491302.webp\",\"contentUrl\":\"https:\/\/loewentestneu.metafex.io\/wp-content\/uploads\/2026\/01\/RESTAXIL-Flussig-Mischung-100ml-PZN-19491302.webp\",\"width\":600,\"height\":600,\"caption\":\"RESTAXIL Fl\u00fcssig Mischung 30ml\"},{\"@type\":\"BreadcrumbList\",\"@id\":\"https:\/\/loewentestneu.metafex.io\/de\/produkt\/restaxil-liquid-30-ml-12895108#breadcrumb\",\"itemListElement\":[{\"@type\":\"ListItem\",\"position\":1,\"name\":\"Home\",\"item\":\"https:\/\/loewentestneu.metafex.io\/de\/homepage-lion-pharmacy\"},{\"@type\":\"ListItem\",\"position\":2,\"name\":\"Shop\",\"item\":\"https:\/\/loewentestneu.metafex.io\/de\/shop-2\"},{\"@type\":\"ListItem\",\"position\":3,\"name\":\"Restaxil fl\u00fcssig (30 ml)\"}]},{\"@type\":\"WebSite\",\"@id\":\"https:\/\/loewentestneu.metafex.io\/de#website\",\"url\":\"https:\/\/loewentestneu.metafex.io\/de\",\"name\":\"Lions Pharmacy\",\"description\":\"Ihr Spezialist f\u00fcr Naturheilkunde aus Baden-Baden, Germany\",\"publisher\":{\"@id\":\"https:\/\/loewentestneu.metafex.io\/de#organization\"},\"alternateName\":\"Lion Pharmacy\",\"potentialAction\":[{\"@type\":\"SearchAction\",\"target\":{\"@type\":\"EntryPoint\",\"urlTemplate\":\"https:\/\/loewentestneu.metafex.io\/de?s={search_term_string}\"},\"query-input\":{\"@type\":\"PropertyValueSpecification\",\"valueRequired\":true,\"valueName\":\"search_term_string\"}}],\"inLanguage\":\"de\"},{\"@type\":\"Organization\",\"@id\":\"https:\/\/loewentestneu.metafex.io\/de#organization\",\"name\":\"Lions Pharmacy\",\"alternateName\":\"Lions Pharmacy24\",\"url\":\"https:\/\/loewentestneu.metafex.io\/de\",\"logo\":{\"@type\":\"ImageObject\",\"inLanguage\":\"de\",\"@id\":\"https:\/\/loewentestneu.metafex.io\/de#\/schema\/logo\/image\/\",\"url\":\"https:\/\/loewentestneu.metafex.io\/wp-content\/uploads\/2022\/12\/Logo-Lion-Pharmacy-c-o-Loewen-Apotheke-smal.jpg\",\"contentUrl\":\"https:\/\/loewentestneu.metafex.io\/wp-content\/uploads\/2022\/12\/Logo-Lion-Pharmacy-c-o-Loewen-Apotheke-smal.jpg\",\"width\":298,\"height\":99,\"caption\":\"Lions Pharmacy\"},\"image\":{\"@id\":\"https:\/\/loewentestneu.metafex.io\/de#\/schema\/logo\/image\/\"}}]}<\/script>\n<!-- \/ Yoast SEO plugin. -->","yoast_head_json":{"title":"Restaxil fl\u00fcssig (30 ml) &#187; - hier bestellen","description":"Registrierte deutsche Online-Apotheke. Wir bieten: Schneller internationaler Versand. Unterst\u00fctzt nach Arten von Nervenschmerzen: Restaxil fl\u00fcssig (30 ml)","robots":{"index":"noindex","follow":"follow","max-snippet":"max-snippet:-1","max-image-preview":"max-image-preview:large","max-video-preview":"max-video-preview:-1"},"og_locale":"de_DE","og_type":"article","og_title":"Restaxil fl\u00fcssig (30 ml) &#187; - hier bestellen","og_description":"Registrierte deutsche Online-Apotheke. Wir bieten: Schneller internationaler Versand. Unterst\u00fctzt nach Arten von Nervenschmerzen: Restaxil fl\u00fcssig (30 ml)","og_url":"https:\/\/loewentestneu.metafex.io\/de\/produkt\/restaxil-liquid-30-ml-12895108","og_site_name":"L\u00f6wen Apotheke","article_modified_time":"2026-01-24T09:40:00+00:00","og_image":[{"width":600,"height":600,"url":"https:\/\/loewentestneu.metafex.io\/wp-content\/uploads\/2026\/01\/RESTAXIL-Flussig-Mischung-100ml-PZN-19491302.webp","type":"image\/webp"}],"twitter_card":"summary_large_image","twitter_misc":{"Gesch\u00e4tzte Lesezeit":"1\u00a0Minute"},"schema":{"@context":"https:\/\/schema.org","@graph":[{"@type":"WebPage","@id":"https:\/\/loewentestneu.metafex.io\/de\/produkt\/restaxil-liquid-30-ml-12895108","url":"https:\/\/loewentestneu.metafex.io\/de\/produkt\/restaxil-liquid-30-ml-12895108","name":"Restaxil fl\u00fcssig (30 ml) &#187; - hier bestellen","isPartOf":{"@id":"https:\/\/loewentestneu.metafex.io\/de#website"},"primaryImageOfPage":{"@id":"https:\/\/loewentestneu.metafex.io\/de\/produkt\/restaxil-liquid-30-ml-12895108#primaryimage"},"image":{"@id":"https:\/\/loewentestneu.metafex.io\/de\/produkt\/restaxil-liquid-30-ml-12895108#primaryimage"},"thumbnailUrl":"https:\/\/loewentestneu.metafex.io\/wp-content\/uploads\/2026\/01\/RESTAXIL-Flussig-Mischung-100ml-PZN-19491302.webp","datePublished":"2026-01-24T08:04:12+00:00","dateModified":"2026-01-24T09:40:00+00:00","description":"Registrierte deutsche Online-Apotheke. Wir bieten: Schneller internationaler Versand. Unterst\u00fctzt nach Arten von Nervenschmerzen: Restaxil fl\u00fcssig (30 ml)","breadcrumb":{"@id":"https:\/\/loewentestneu.metafex.io\/de\/produkt\/restaxil-liquid-30-ml-12895108#breadcrumb"},"inLanguage":"de","potentialAction":[{"@type":"ReadAction","target":["https:\/\/loewentestneu.metafex.io\/de\/produkt\/restaxil-liquid-30-ml-12895108"]}]},{"@type":"ImageObject","inLanguage":"de","@id":"https:\/\/loewentestneu.metafex.io\/de\/produkt\/restaxil-liquid-30-ml-12895108#primaryimage","url":"https:\/\/loewentestneu.metafex.io\/wp-content\/uploads\/2026\/01\/RESTAXIL-Flussig-Mischung-100ml-PZN-19491302.webp","contentUrl":"https:\/\/loewentestneu.metafex.io\/wp-content\/uploads\/2026\/01\/RESTAXIL-Flussig-Mischung-100ml-PZN-19491302.webp","width":600,"height":600,"caption":"RESTAXIL Fl\u00fcssig Mischung 30ml"},{"@type":"BreadcrumbList","@id":"https:\/\/loewentestneu.metafex.io\/de\/produkt\/restaxil-liquid-30-ml-12895108#breadcrumb","itemListElement":[{"@type":"ListItem","position":1,"name":"Home","item":"https:\/\/loewentestneu.metafex.io\/de\/homepage-lion-pharmacy"},{"@type":"ListItem","position":2,"name":"Shop","item":"https:\/\/loewentestneu.metafex.io\/de\/shop-2"},{"@type":"ListItem","position":3,"name":"Restaxil fl\u00fcssig (30 ml)"}]},{"@type":"WebSite","@id":"https:\/\/loewentestneu.metafex.io\/de#website","url":"https:\/\/loewentestneu.metafex.io\/de","name":"Lions Pharmacy","description":"Ihr Spezialist f\u00fcr Naturheilkunde aus Baden-Baden, Germany","publisher":{"@id":"https:\/\/loewentestneu.metafex.io\/de#organization"},"alternateName":"Lion Pharmacy","potentialAction":[{"@type":"SearchAction","target":{"@type":"EntryPoint","urlTemplate":"https:\/\/loewentestneu.metafex.io\/de?s={search_term_string}"},"query-input":{"@type":"PropertyValueSpecification","valueRequired":true,"valueName":"search_term_string"}}],"inLanguage":"de"},{"@type":"Organization","@id":"https:\/\/loewentestneu.metafex.io\/de#organization","name":"Lions Pharmacy","alternateName":"Lions Pharmacy24","url":"https:\/\/loewentestneu.metafex.io\/de","logo":{"@type":"ImageObject","inLanguage":"de","@id":"https:\/\/loewentestneu.metafex.io\/de#\/schema\/logo\/image\/","url":"https:\/\/loewentestneu.metafex.io\/wp-content\/uploads\/2022\/12\/Logo-Lion-Pharmacy-c-o-Loewen-Apotheke-smal.jpg","contentUrl":"https:\/\/loewentestneu.metafex.io\/wp-content\/uploads\/2022\/12\/Logo-Lion-Pharmacy-c-o-Loewen-Apotheke-smal.jpg","width":298,"height":99,"caption":"Lions Pharmacy"},"image":{"@id":"https:\/\/loewentestneu.metafex.io\/de#\/schema\/logo\/image\/"}}]}},"_links":{"self":[{"href":"https:\/\/loewentestneu.metafex.io\/de\/wp-json\/wp\/v2\/product\/19758","targetHints":{"allow":["GET"]}}],"collection":[{"href":"https:\/\/loewentestneu.metafex.io\/de\/wp-json\/wp\/v2\/product"}],"about":[{"href":"https:\/\/loewentestneu.metafex.io\/de\/wp-json\/wp\/v2\/types\/product"}],"replies":[{"embeddable":true,"href":"https:\/\/loewentestneu.metafex.io\/de\/wp-json\/wp\/v2\/comments?post=19758"}],"wp:featuredmedia":[{"embeddable":true,"href":"https:\/\/loewentestneu.metafex.io\/de\/wp-json\/wp\/v2\/media\/19760"}],"wp:attachment":[{"href":"https:\/\/loewentestneu.metafex.io\/de\/wp-json\/wp\/v2\/media?parent=19758"}],"wp:term":[{"taxonomy":"product_brand","embeddable":true,"href":"https:\/\/loewentestneu.metafex.io\/de\/wp-json\/wp\/v2\/product_brand?post=19758"},{"taxonomy":"product_cat","embeddable":true,"href":"https:\/\/loewentestneu.metafex.io\/de\/wp-json\/wp\/v2\/product_cat?post=19758"},{"taxonomy":"product_tag","embeddable":true,"href":"https:\/\/loewentestneu.metafex.io\/de\/wp-json\/wp\/v2\/product_tag?post=19758"}],"curies":[{"name":"wp","href":"https:\/\/api.w.org\/{rel}","templated":true}]}}