{"id":20002,"date":"2026-01-29T18:24:46","date_gmt":"2026-01-29T17:24:46","guid":{"rendered":"https:\/\/lions-pharmacy.com\/?post_type=product&#038;p=20002"},"modified":"2026-01-30T06:34:34","modified_gmt":"2026-01-30T05:34:34","slug":"vitapas-c-liposomal-1000-90-pcs-17514045","status":"publish","type":"product","link":"https:\/\/loewentestneu.metafex.io\/de\/produkt\/vitapas-c-liposomal-1000-90-pcs-17514045","title":{"rendered":"Vitapas C liposomal 1.000 (90 Stk.)"},"content":{"rendered":"<h2>Vitapas C liposomal 1.000<\/h2>\n<p>Vitapas C liposomal 1000 ist ein Nahrungserg\u00e4nzungsmittel mit 1000 mg Vitamin C. Vitamin C tr\u00e4gt zu einer normalen Funktion des Immunsystems bei und kann die Zellen vor oxidativem Stress sch\u00fctzen. Dies wird durch eine spezielle liposomale Technologie erreicht, die Pascoe in Zusammenarbeit mit Wissenschaftlern der Universit\u00e4t Marburg entwickelt hat: Liposomen bilden sich, wenn sie mit Fl\u00fcssigkeiten in Kontakt kommen.<\/p>\n<p>Das Pascoe-Portfolio umfasst rund 200 Produkte. Dazu geh\u00f6ren pflanzliche Arzneimittel, hochdosierte Vitaminpr\u00e4parate, hom\u00f6opathische Komplexmittel und Nahrungserg\u00e4nzungsmittel. Die Vielfalt der Arzneimittel ber\u00fccksichtigt die komplexen Anforderungen an Gesundheitsprodukte. Der Erfolg gibt uns auch international Recht: Unsere Produkte werden in mehr als 30 L\u00e4nder der Welt exportiert, Tendenz steigend.<\/p>\n<p>Weitere Produkte f\u00fcr die Anwendung: <a href=\"https:\/\/loewentestneu.metafex.io\/de\/produkt-schlagwort\/homoopathie\">Hom\u00f6opathie<\/a> | <a href=\"https:\/\/loewentestneu.metafex.io\/de\/produkt-schlagwort\/vitamine-und-nahrungserganzungsmittel\">Vitamine<\/a> | <a href=\"https:\/\/loewentestneu.metafex.io\/de\/produkt-schlagwort\/virusinfektion\">Infektionen <\/a> <\/p>\n<p>Erfahren Sie mehr \u00fcber den Hersteller und dieses Produkt: <a href=\"https:\/\/www.pascoe.de\/\" target=\"_blank\" rel=\"noopener\">Pascoe pharmazeutische Pr\u00e4parate GmbH<\/a> (Link zu externer Website)<\/p>\n<p>Informationen auf dieser Website werden ausschlie\u00dflich f\u00fcr informative Zwecke zur Verf\u00fcgung gestellt. Sie ersetzen keinesfalls die Untersuchung und Behandlung durch einen Arzt. Bitte beachten Sie, dass hierdurch weder Diagnosen gestellt noch Therapien eingeleitet werden k\u00f6nnen.<\/p>\n<p>Zu Risiken und Nebenwirkungen lesen Sie die Packungsbeilage und fragen Sie Ihren Arzt oder Apotheker.<\/p>\n","protected":false},"excerpt":{"rendered":"<h2>Vitapas C liposomal 1.000<\/h2>\n<p>Nahrungserg\u00e4nzungsmittel mit 1.000 mg Vitamin C.<\/p>\n<p>&nbsp;<\/p>\n<p><strong>PZN<\/strong>: 17514045 (Pharmazentralnummer)<\/p>\n<p><strong>Darreichungsform<\/strong>: Kapseln<\/p>\n<p><strong>Verschreibungsart<\/strong>: verschreibungsfrei<\/p>\n<p><strong>Hersteller<\/strong>: Pascoe pharmazeutische Pr\u00e4parate GmbH<\/p>\n<p><strong>Packungsgr\u00f6\u00dfe<\/strong>: 90 Stk.<\/p>\n","protected":false},"featured_media":20011,"comment_status":"closed","ping_status":"closed","template":"","meta":[],"product_brand":[],"product_cat":[599,367,368],"product_tag":[513,387,381,429,432],"class_list":{"0":"post-20002","1":"product","2":"type-product","3":"status-publish","4":"has-post-thumbnail","6":"product_cat-pascoe-de","7":"product_cat-sale-de","8":"product_cat-shop-de","9":"product_tag-corona-immunabwehr","10":"product_tag-erkaltungen-grippe","11":"product_tag-homoopathie","12":"product_tag-vitamine-und-nahrungserganzungsmittel","13":"product_tag-wellness-de","14":"ts_product_brand-alle","15":"ts_product_brand-pascoe-de","17":"first","18":"instock","19":"sale","20":"taxable","21":"shipping-taxable","22":"purchasable","23":"product-type-simple"},"yoast_head":"<!-- This site is optimized with the Yoast SEO plugin v26.5 - https:\/\/yoast.com\/wordpress\/plugins\/seo\/ -->\n<title>Vitapas C liposomal 1.000 (90 Stk.) &#187; bestelle bei L\u00f6wen Apotheke<\/title>\n<meta name=\"description\" content=\"Lions Pharmacy ist eine registrierte deutsche Apotheke. Schneller internationaler Versand mit DHL. Erfahren Sie mehr \u00fcber Pascoe und Vitapas C liposomal 1.000 (90 Stk.)\" \/>\n<meta name=\"robots\" content=\"noindex, follow, max-snippet:-1, max-image-preview:large, max-video-preview:-1\" \/>\n<meta property=\"og:locale\" content=\"de_DE\" \/>\n<meta property=\"og:type\" content=\"article\" \/>\n<meta property=\"og:title\" content=\"Vitapas C liposomal 1.000 (90 Stk.) &#187; bestelle bei L\u00f6wen Apotheke\" \/>\n<meta property=\"og:description\" content=\"Lions Pharmacy ist eine registrierte deutsche Apotheke. Schneller internationaler Versand mit DHL. Erfahren Sie mehr \u00fcber Pascoe und Vitapas C liposomal 1.000 (90 Stk.)\" \/>\n<meta property=\"og:url\" content=\"https:\/\/loewentestneu.metafex.io\/de\/produkt\/vitapas-c-liposomal-1000-90-pcs-17514045\" \/>\n<meta property=\"og:site_name\" content=\"L\u00f6wen Apotheke\" \/>\n<meta property=\"article:modified_time\" content=\"2026-01-30T05:34:34+00:00\" \/>\n<meta property=\"og:image\" content=\"https:\/\/loewentestneu.metafex.io\/wp-content\/uploads\/2026\/01\/Vitapas-liposomal-1000-vitamin-c-kapseln-von-Pascoe-PZN-03898042-Lions-Pharmacy.webp\" \/>\n\t<meta property=\"og:image:width\" content=\"600\" \/>\n\t<meta property=\"og:image:height\" content=\"600\" \/>\n\t<meta property=\"og:image:type\" content=\"image\/webp\" \/>\n<meta name=\"twitter:card\" content=\"summary_large_image\" \/>\n<meta name=\"twitter:label1\" content=\"Gesch\u00e4tzte Lesezeit\" \/>\n\t<meta name=\"twitter:data1\" content=\"1\u00a0Minute\" \/>\n<script type=\"application\/ld+json\" class=\"yoast-schema-graph\">{\"@context\":\"https:\/\/schema.org\",\"@graph\":[{\"@type\":\"WebPage\",\"@id\":\"https:\/\/loewentestneu.metafex.io\/de\/produkt\/vitapas-c-liposomal-1000-90-pcs-17514045\",\"url\":\"https:\/\/loewentestneu.metafex.io\/de\/produkt\/vitapas-c-liposomal-1000-90-pcs-17514045\",\"name\":\"Vitapas C liposomal 1.000 (90 Stk.) &#187; bestelle bei L\u00f6wen Apotheke\",\"isPartOf\":{\"@id\":\"https:\/\/loewentestneu.metafex.io\/de#website\"},\"primaryImageOfPage\":{\"@id\":\"https:\/\/loewentestneu.metafex.io\/de\/produkt\/vitapas-c-liposomal-1000-90-pcs-17514045#primaryimage\"},\"image\":{\"@id\":\"https:\/\/loewentestneu.metafex.io\/de\/produkt\/vitapas-c-liposomal-1000-90-pcs-17514045#primaryimage\"},\"thumbnailUrl\":\"https:\/\/loewentestneu.metafex.io\/wp-content\/uploads\/2026\/01\/Vitapas-liposomal-1000-vitamin-c-kapseln-von-Pascoe-PZN-03898042-Lions-Pharmacy.webp\",\"datePublished\":\"2026-01-29T17:24:46+00:00\",\"dateModified\":\"2026-01-30T05:34:34+00:00\",\"description\":\"Lions Pharmacy ist eine registrierte deutsche Apotheke. Schneller internationaler Versand mit DHL. Erfahren Sie mehr \u00fcber Pascoe und Vitapas C liposomal 1.000 (90 Stk.)\",\"breadcrumb\":{\"@id\":\"https:\/\/loewentestneu.metafex.io\/de\/produkt\/vitapas-c-liposomal-1000-90-pcs-17514045#breadcrumb\"},\"inLanguage\":\"de\",\"potentialAction\":[{\"@type\":\"ReadAction\",\"target\":[\"https:\/\/loewentestneu.metafex.io\/de\/produkt\/vitapas-c-liposomal-1000-90-pcs-17514045\"]}]},{\"@type\":\"ImageObject\",\"inLanguage\":\"de\",\"@id\":\"https:\/\/loewentestneu.metafex.io\/de\/produkt\/vitapas-c-liposomal-1000-90-pcs-17514045#primaryimage\",\"url\":\"https:\/\/loewentestneu.metafex.io\/wp-content\/uploads\/2026\/01\/Vitapas-liposomal-1000-vitamin-c-kapseln-von-Pascoe-PZN-03898042-Lions-Pharmacy.webp\",\"contentUrl\":\"https:\/\/loewentestneu.metafex.io\/wp-content\/uploads\/2026\/01\/Vitapas-liposomal-1000-vitamin-c-kapseln-von-Pascoe-PZN-03898042-Lions-Pharmacy.webp\",\"width\":600,\"height\":600,\"caption\":\"Vitapas c liposomal 1000 vitamin c kapseln von Pascoe, PZN-03898042, Lions-Apotheke\"},{\"@type\":\"BreadcrumbList\",\"@id\":\"https:\/\/loewentestneu.metafex.io\/de\/produkt\/vitapas-c-liposomal-1000-90-pcs-17514045#breadcrumb\",\"itemListElement\":[{\"@type\":\"ListItem\",\"position\":1,\"name\":\"Home\",\"item\":\"https:\/\/loewentestneu.metafex.io\/de\/homepage-lion-pharmacy\"},{\"@type\":\"ListItem\",\"position\":2,\"name\":\"Shop\",\"item\":\"https:\/\/loewentestneu.metafex.io\/de\/shop-2\"},{\"@type\":\"ListItem\",\"position\":3,\"name\":\"Vitapas C liposomal 1.000 (90 Stk.)\"}]},{\"@type\":\"WebSite\",\"@id\":\"https:\/\/loewentestneu.metafex.io\/de#website\",\"url\":\"https:\/\/loewentestneu.metafex.io\/de\",\"name\":\"Lions Pharmacy\",\"description\":\"Ihr Spezialist f\u00fcr Naturheilkunde aus Baden-Baden, Germany\",\"publisher\":{\"@id\":\"https:\/\/loewentestneu.metafex.io\/de#organization\"},\"alternateName\":\"Lion Pharmacy\",\"potentialAction\":[{\"@type\":\"SearchAction\",\"target\":{\"@type\":\"EntryPoint\",\"urlTemplate\":\"https:\/\/loewentestneu.metafex.io\/de?s={search_term_string}\"},\"query-input\":{\"@type\":\"PropertyValueSpecification\",\"valueRequired\":true,\"valueName\":\"search_term_string\"}}],\"inLanguage\":\"de\"},{\"@type\":\"Organization\",\"@id\":\"https:\/\/loewentestneu.metafex.io\/de#organization\",\"name\":\"Lions Pharmacy\",\"alternateName\":\"Lions Pharmacy24\",\"url\":\"https:\/\/loewentestneu.metafex.io\/de\",\"logo\":{\"@type\":\"ImageObject\",\"inLanguage\":\"de\",\"@id\":\"https:\/\/loewentestneu.metafex.io\/de#\/schema\/logo\/image\/\",\"url\":\"https:\/\/loewentestneu.metafex.io\/wp-content\/uploads\/2022\/12\/Logo-Lion-Pharmacy-c-o-Loewen-Apotheke-smal.jpg\",\"contentUrl\":\"https:\/\/loewentestneu.metafex.io\/wp-content\/uploads\/2022\/12\/Logo-Lion-Pharmacy-c-o-Loewen-Apotheke-smal.jpg\",\"width\":298,\"height\":99,\"caption\":\"Lions Pharmacy\"},\"image\":{\"@id\":\"https:\/\/loewentestneu.metafex.io\/de#\/schema\/logo\/image\/\"}}]}<\/script>\n<!-- \/ Yoast SEO plugin. -->","yoast_head_json":{"title":"Vitapas C liposomal 1.000 (90 Stk.) &#187; bestelle bei L\u00f6wen Apotheke","description":"Lions Pharmacy ist eine registrierte deutsche Apotheke. Schneller internationaler Versand mit DHL. Erfahren Sie mehr \u00fcber Pascoe und Vitapas C liposomal 1.000 (90 Stk.)","robots":{"index":"noindex","follow":"follow","max-snippet":"max-snippet:-1","max-image-preview":"max-image-preview:large","max-video-preview":"max-video-preview:-1"},"og_locale":"de_DE","og_type":"article","og_title":"Vitapas C liposomal 1.000 (90 Stk.) &#187; bestelle bei L\u00f6wen Apotheke","og_description":"Lions Pharmacy ist eine registrierte deutsche Apotheke. Schneller internationaler Versand mit DHL. Erfahren Sie mehr \u00fcber Pascoe und Vitapas C liposomal 1.000 (90 Stk.)","og_url":"https:\/\/loewentestneu.metafex.io\/de\/produkt\/vitapas-c-liposomal-1000-90-pcs-17514045","og_site_name":"L\u00f6wen Apotheke","article_modified_time":"2026-01-30T05:34:34+00:00","og_image":[{"width":600,"height":600,"url":"https:\/\/loewentestneu.metafex.io\/wp-content\/uploads\/2026\/01\/Vitapas-liposomal-1000-vitamin-c-kapseln-von-Pascoe-PZN-03898042-Lions-Pharmacy.webp","type":"image\/webp"}],"twitter_card":"summary_large_image","twitter_misc":{"Gesch\u00e4tzte Lesezeit":"1\u00a0Minute"},"schema":{"@context":"https:\/\/schema.org","@graph":[{"@type":"WebPage","@id":"https:\/\/loewentestneu.metafex.io\/de\/produkt\/vitapas-c-liposomal-1000-90-pcs-17514045","url":"https:\/\/loewentestneu.metafex.io\/de\/produkt\/vitapas-c-liposomal-1000-90-pcs-17514045","name":"Vitapas C liposomal 1.000 (90 Stk.) &#187; bestelle bei L\u00f6wen Apotheke","isPartOf":{"@id":"https:\/\/loewentestneu.metafex.io\/de#website"},"primaryImageOfPage":{"@id":"https:\/\/loewentestneu.metafex.io\/de\/produkt\/vitapas-c-liposomal-1000-90-pcs-17514045#primaryimage"},"image":{"@id":"https:\/\/loewentestneu.metafex.io\/de\/produkt\/vitapas-c-liposomal-1000-90-pcs-17514045#primaryimage"},"thumbnailUrl":"https:\/\/loewentestneu.metafex.io\/wp-content\/uploads\/2026\/01\/Vitapas-liposomal-1000-vitamin-c-kapseln-von-Pascoe-PZN-03898042-Lions-Pharmacy.webp","datePublished":"2026-01-29T17:24:46+00:00","dateModified":"2026-01-30T05:34:34+00:00","description":"Lions Pharmacy ist eine registrierte deutsche Apotheke. Schneller internationaler Versand mit DHL. Erfahren Sie mehr \u00fcber Pascoe und Vitapas C liposomal 1.000 (90 Stk.)","breadcrumb":{"@id":"https:\/\/loewentestneu.metafex.io\/de\/produkt\/vitapas-c-liposomal-1000-90-pcs-17514045#breadcrumb"},"inLanguage":"de","potentialAction":[{"@type":"ReadAction","target":["https:\/\/loewentestneu.metafex.io\/de\/produkt\/vitapas-c-liposomal-1000-90-pcs-17514045"]}]},{"@type":"ImageObject","inLanguage":"de","@id":"https:\/\/loewentestneu.metafex.io\/de\/produkt\/vitapas-c-liposomal-1000-90-pcs-17514045#primaryimage","url":"https:\/\/loewentestneu.metafex.io\/wp-content\/uploads\/2026\/01\/Vitapas-liposomal-1000-vitamin-c-kapseln-von-Pascoe-PZN-03898042-Lions-Pharmacy.webp","contentUrl":"https:\/\/loewentestneu.metafex.io\/wp-content\/uploads\/2026\/01\/Vitapas-liposomal-1000-vitamin-c-kapseln-von-Pascoe-PZN-03898042-Lions-Pharmacy.webp","width":600,"height":600,"caption":"Vitapas c liposomal 1000 vitamin c kapseln von Pascoe, PZN-03898042, Lions-Apotheke"},{"@type":"BreadcrumbList","@id":"https:\/\/loewentestneu.metafex.io\/de\/produkt\/vitapas-c-liposomal-1000-90-pcs-17514045#breadcrumb","itemListElement":[{"@type":"ListItem","position":1,"name":"Home","item":"https:\/\/loewentestneu.metafex.io\/de\/homepage-lion-pharmacy"},{"@type":"ListItem","position":2,"name":"Shop","item":"https:\/\/loewentestneu.metafex.io\/de\/shop-2"},{"@type":"ListItem","position":3,"name":"Vitapas C liposomal 1.000 (90 Stk.)"}]},{"@type":"WebSite","@id":"https:\/\/loewentestneu.metafex.io\/de#website","url":"https:\/\/loewentestneu.metafex.io\/de","name":"Lions Pharmacy","description":"Ihr Spezialist f\u00fcr Naturheilkunde aus Baden-Baden, Germany","publisher":{"@id":"https:\/\/loewentestneu.metafex.io\/de#organization"},"alternateName":"Lion Pharmacy","potentialAction":[{"@type":"SearchAction","target":{"@type":"EntryPoint","urlTemplate":"https:\/\/loewentestneu.metafex.io\/de?s={search_term_string}"},"query-input":{"@type":"PropertyValueSpecification","valueRequired":true,"valueName":"search_term_string"}}],"inLanguage":"de"},{"@type":"Organization","@id":"https:\/\/loewentestneu.metafex.io\/de#organization","name":"Lions Pharmacy","alternateName":"Lions Pharmacy24","url":"https:\/\/loewentestneu.metafex.io\/de","logo":{"@type":"ImageObject","inLanguage":"de","@id":"https:\/\/loewentestneu.metafex.io\/de#\/schema\/logo\/image\/","url":"https:\/\/loewentestneu.metafex.io\/wp-content\/uploads\/2022\/12\/Logo-Lion-Pharmacy-c-o-Loewen-Apotheke-smal.jpg","contentUrl":"https:\/\/loewentestneu.metafex.io\/wp-content\/uploads\/2022\/12\/Logo-Lion-Pharmacy-c-o-Loewen-Apotheke-smal.jpg","width":298,"height":99,"caption":"Lions Pharmacy"},"image":{"@id":"https:\/\/loewentestneu.metafex.io\/de#\/schema\/logo\/image\/"}}]}},"_links":{"self":[{"href":"https:\/\/loewentestneu.metafex.io\/de\/wp-json\/wp\/v2\/product\/20002","targetHints":{"allow":["GET"]}}],"collection":[{"href":"https:\/\/loewentestneu.metafex.io\/de\/wp-json\/wp\/v2\/product"}],"about":[{"href":"https:\/\/loewentestneu.metafex.io\/de\/wp-json\/wp\/v2\/types\/product"}],"replies":[{"embeddable":true,"href":"https:\/\/loewentestneu.metafex.io\/de\/wp-json\/wp\/v2\/comments?post=20002"}],"wp:featuredmedia":[{"embeddable":true,"href":"https:\/\/loewentestneu.metafex.io\/de\/wp-json\/wp\/v2\/media\/20011"}],"wp:attachment":[{"href":"https:\/\/loewentestneu.metafex.io\/de\/wp-json\/wp\/v2\/media?parent=20002"}],"wp:term":[{"taxonomy":"product_brand","embeddable":true,"href":"https:\/\/loewentestneu.metafex.io\/de\/wp-json\/wp\/v2\/product_brand?post=20002"},{"taxonomy":"product_cat","embeddable":true,"href":"https:\/\/loewentestneu.metafex.io\/de\/wp-json\/wp\/v2\/product_cat?post=20002"},{"taxonomy":"product_tag","embeddable":true,"href":"https:\/\/loewentestneu.metafex.io\/de\/wp-json\/wp\/v2\/product_tag?post=20002"}],"curies":[{"name":"wp","href":"https:\/\/api.w.org\/{rel}","templated":true}]}}