{"id":20086,"date":"2026-01-31T07:57:51","date_gmt":"2026-01-31T06:57:51","guid":{"rendered":"https:\/\/lions-pharmacy.com\/?post_type=product&#038;p=20086"},"modified":"2026-01-31T08:12:45","modified_gmt":"2026-01-31T07:12:45","slug":"tebonin-konzent-240mg-film-coated-tablets-30-pcs-07752016","status":"publish","type":"product","link":"https:\/\/loewentestneu.metafex.io\/de\/produkt\/tebonin-konzent-240mg-film-coated-tablets-30-pcs-07752016","title":{"rendered":"Tebonin Konzent 240mg Filmtabletten (30 Stk.)"},"content":{"rendered":"<h2 style=\"text-align: left;\">Tebonin Konzent 240mg Filmtabletten<\/h2>\n<p>Tebonin Konzent 240mg Filmtabletten ist ein hochwertiges pflanzliches Arzneimittel zur Behandlung von Vergesslichkeit und Konzentrationsschw\u00e4che im Alter, zur Verbesserung von geistigen Leistungsdefiziten wird bei leichter Demenz und bei bestimmten Formen von Schwindel sowie Ohrensausen und Tinnitus eingesetzt. Der standardisierte Ginkgo-Spezialextrakt EGb 761\u00ae (in Tebonin\u00ae konzent\u00ae 240 mg) \u2013 erforscht, entwickelt und hergestellt in Deutschland \u2013 kann dem geistigen Verfall entgegenwirken, sobald die ersten Anzeichen einer Ged\u00e4chtnisst\u00f6rung auftreten und sofern er \u00fcber einen l\u00e4ngeren Zeitraum und in hohen Dosen eingenommen wird.<\/p>\n<p>Die Dr. Willmar Schwabe GmbH &amp; Co. KG ist die Muttergesellschaft der Schwabe-Gruppe und wird auch als Schwabe-Unternehmensgruppe oder Schwabe-Gruppe bezeichnet. Das Pharmaunternehmen wurde 1865 in Leipzig gegr\u00fcndet. Der Hauptsitz wurde 1946 nach Karlsruhe verlegt. Die Gruppe konzentriert sich auf die Gesundheits- und Pharmabranche und ist spezialisiert auf pflanzliche und hom\u00f6opathische Arzneimittel, Phytopharmaka und Hom\u00f6opathika, Nahrungserg\u00e4nzungsmittel pflanzlichen Ursprungs sowie zus\u00e4tzliche Dienstleistungen f\u00fcr die ganzheitliche Gesundheitspflege und Selbsthilfe, wie z.B. Trainingsprogramme f\u00fcr geistige und k\u00f6rperliche Fitness. Dazu geh\u00f6ren die Marken Tebonin, Umckaloabo.<\/p>\n<p>Weitere Produkte von <a href=\"https:\/\/loewentestneu.metafex.io\/de\/product-category\/dr-schwabe-de\">Dr. Schwabe in unserem Sortiment<\/a><\/p>\n<p>Weitere Produktdetails finden Sie beim Hersteller: <a href=\"https:\/\/www.tebonin.de\/\" target=\"_blank\" rel=\"noopener\">Informationen zum Produkt und zum Hersteller Dr. Schwabe<\/a><\/p>\n<p>Andere Kunden interessierten sich auch f\u00fcr Produkte zu folgenden Themen: Dememz | <a href=\"\/de?product_tag=vital\">Vitalit\u00e4t, Leistungsabfall &amp; Vergesslichkeit<\/a> | <a href=\"https:\/\/loewentestneu.metafex.io\/de\/produkt-schlagwort\/schwindel\" rel=\"tag\">Schwindelgef\u00fchl<\/a><\/p>\n<p>Zu Risiken und Nebenwirkungen lesen Sie die Packungsbeilage und fragen Sie Ihren Arzt oder Apotheker.<\/p>\n<p>&nbsp;<\/p>\n<h3 style=\"text-align: left;\">Verschreibung | E-Rezept erh\u00e4ltlich?<\/h3>\n<p>Reichen Sie jetzt Ihr E-Rezept ein. Nutzen Sie unsere <a href=\"https:\/\/e-rezept-app.de\/shop-rezept\" target=\"_blank\" rel=\"noopener\">E-Rezept-App<\/a> . Und wir geben Ihnen die Versandkosten kostenlos!<\/p>\n","protected":false},"excerpt":{"rendered":"<h2 style=\"text-align: left;\">Tebonin Konzent 240mg Filmtabletten<\/h2>\n<p>Zur Verbesserung von psychischen Leistungsdefiziten, bei leichter Demenz.<\/p>\n<p>&nbsp;<\/p>\n<p><strong>PZN:<\/strong> 07752016 (Pharmazentralnummer)<\/p>\n<p><strong>Darreichungsform<\/strong>: Filmtabletten &#8211; 30 St\u00fcck<\/p>\n<p><strong>Verschreibungsart<\/strong>: verschreibungsfrei<\/p>\n<p><strong>Marke<\/strong>: Tebonin<\/p>\n<p><strong>Hersteller<\/strong>: Dr.Willmar Schwabe GmbH &amp; Co.KG<\/p>\n","protected":false},"featured_media":4345,"comment_status":"closed","ping_status":"closed","template":"","meta":[],"product_brand":[],"product_cat":[461,367,368],"product_tag":[473,472,512,504,537,430],"class_list":{"0":"post-20086","1":"product","2":"type-product","3":"status-publish","4":"has-post-thumbnail","6":"product_cat-dr-schwabe-de","7":"product_cat-sale-de","8":"product_cat-shop-de","9":"product_tag-dr-schwabe-de","10":"product_tag-naturliche-heilmittel","11":"product_tag-pflanzlicher-wirkstoff-de","12":"product_tag-schwindel","13":"product_tag-tebonin-de","14":"product_tag-tinnitus-de","15":"ts_product_brand-alle","16":"ts_product_brand-dr-schwabe-de","18":"first","19":"instock","20":"sale","21":"taxable","22":"shipping-taxable","23":"purchasable","24":"product-type-simple"},"yoast_head":"<!-- This site is optimized with the Yoast SEO plugin v26.5 - https:\/\/yoast.com\/wordpress\/plugins\/seo\/ -->\n<title>Tebonin Konzent 240mg Filmtabletten (30 Stk.) &#187; L\u00f6wen Apotheke<\/title>\n<meta name=\"description\" content=\"Registrierte deutsche Apotheke: Schneller internationaler Versand, sicheres Einkaufen. Dr. W. Schwabe:\" \/>\n<meta name=\"robots\" content=\"noindex, follow, max-snippet:-1, max-image-preview:large, max-video-preview:-1\" \/>\n<meta property=\"og:locale\" content=\"de_DE\" \/>\n<meta property=\"og:type\" content=\"article\" \/>\n<meta property=\"og:title\" content=\"Tebonin Konzent 240mg Filmtabletten (30 Stk.) &#187; L\u00f6wen Apotheke\" \/>\n<meta property=\"og:description\" content=\"Registrierte deutsche Apotheke: Schneller internationaler Versand, sicheres Einkaufen. Dr. W. Schwabe:\" \/>\n<meta property=\"og:url\" content=\"https:\/\/loewentestneu.metafex.io\/de\/produkt\/tebonin-konzent-240mg-film-coated-tablets-30-pcs-07752016\" \/>\n<meta property=\"og:site_name\" content=\"L\u00f6wen Apotheke\" \/>\n<meta property=\"article:modified_time\" content=\"2026-01-31T07:12:45+00:00\" \/>\n<meta property=\"og:image\" content=\"https:\/\/loewentestneu.metafex.io\/wp-content\/uploads\/2024\/09\/Tebonin-Konzent-.webp\" \/>\n\t<meta property=\"og:image:width\" content=\"600\" \/>\n\t<meta property=\"og:image:height\" content=\"600\" \/>\n\t<meta property=\"og:image:type\" content=\"image\/webp\" \/>\n<meta name=\"twitter:card\" content=\"summary_large_image\" \/>\n<meta name=\"twitter:label1\" content=\"Gesch\u00e4tzte Lesezeit\" \/>\n\t<meta name=\"twitter:data1\" content=\"1\u00a0Minute\" \/>\n<script type=\"application\/ld+json\" class=\"yoast-schema-graph\">{\"@context\":\"https:\/\/schema.org\",\"@graph\":[{\"@type\":\"WebPage\",\"@id\":\"https:\/\/loewentestneu.metafex.io\/de\/produkt\/tebonin-konzent-240mg-film-coated-tablets-30-pcs-07752016\",\"url\":\"https:\/\/loewentestneu.metafex.io\/de\/produkt\/tebonin-konzent-240mg-film-coated-tablets-30-pcs-07752016\",\"name\":\"Tebonin Konzent 240mg Filmtabletten (30 Stk.) &#187; L\u00f6wen Apotheke\",\"isPartOf\":{\"@id\":\"https:\/\/loewentestneu.metafex.io\/de#website\"},\"primaryImageOfPage\":{\"@id\":\"https:\/\/loewentestneu.metafex.io\/de\/produkt\/tebonin-konzent-240mg-film-coated-tablets-30-pcs-07752016#primaryimage\"},\"image\":{\"@id\":\"https:\/\/loewentestneu.metafex.io\/de\/produkt\/tebonin-konzent-240mg-film-coated-tablets-30-pcs-07752016#primaryimage\"},\"thumbnailUrl\":\"https:\/\/loewentestneu.metafex.io\/wp-content\/uploads\/2024\/09\/Tebonin-Konzent-.webp\",\"datePublished\":\"2026-01-31T06:57:51+00:00\",\"dateModified\":\"2026-01-31T07:12:45+00:00\",\"description\":\"Registrierte deutsche Apotheke: Schneller internationaler Versand, sicheres Einkaufen. Dr. W. Schwabe:\",\"breadcrumb\":{\"@id\":\"https:\/\/loewentestneu.metafex.io\/de\/produkt\/tebonin-konzent-240mg-film-coated-tablets-30-pcs-07752016#breadcrumb\"},\"inLanguage\":\"de\",\"potentialAction\":[{\"@type\":\"ReadAction\",\"target\":[\"https:\/\/loewentestneu.metafex.io\/de\/produkt\/tebonin-konzent-240mg-film-coated-tablets-30-pcs-07752016\"]}]},{\"@type\":\"ImageObject\",\"inLanguage\":\"de\",\"@id\":\"https:\/\/loewentestneu.metafex.io\/de\/produkt\/tebonin-konzent-240mg-film-coated-tablets-30-pcs-07752016#primaryimage\",\"url\":\"https:\/\/loewentestneu.metafex.io\/wp-content\/uploads\/2024\/09\/Tebonin-Konzent-.webp\",\"contentUrl\":\"https:\/\/loewentestneu.metafex.io\/wp-content\/uploads\/2024\/09\/Tebonin-Konzent-.webp\",\"width\":600,\"height\":600,\"caption\":\"Tebonin Konzent 240 mg, Lions Pharmacy, Dr. Schwabe, PZN 02293816\"},{\"@type\":\"BreadcrumbList\",\"@id\":\"https:\/\/loewentestneu.metafex.io\/de\/produkt\/tebonin-konzent-240mg-film-coated-tablets-30-pcs-07752016#breadcrumb\",\"itemListElement\":[{\"@type\":\"ListItem\",\"position\":1,\"name\":\"Home\",\"item\":\"https:\/\/loewentestneu.metafex.io\/de\/homepage-lion-pharmacy\"},{\"@type\":\"ListItem\",\"position\":2,\"name\":\"Shop\",\"item\":\"https:\/\/loewentestneu.metafex.io\/de\/shop-2\"},{\"@type\":\"ListItem\",\"position\":3,\"name\":\"Tebonin Konzent 240mg Filmtabletten (30 Stk.)\"}]},{\"@type\":\"WebSite\",\"@id\":\"https:\/\/loewentestneu.metafex.io\/de#website\",\"url\":\"https:\/\/loewentestneu.metafex.io\/de\",\"name\":\"Lions Pharmacy\",\"description\":\"Ihr Spezialist f\u00fcr Naturheilkunde aus Baden-Baden, Germany\",\"publisher\":{\"@id\":\"https:\/\/loewentestneu.metafex.io\/de#organization\"},\"alternateName\":\"Lion Pharmacy\",\"potentialAction\":[{\"@type\":\"SearchAction\",\"target\":{\"@type\":\"EntryPoint\",\"urlTemplate\":\"https:\/\/loewentestneu.metafex.io\/de?s={search_term_string}\"},\"query-input\":{\"@type\":\"PropertyValueSpecification\",\"valueRequired\":true,\"valueName\":\"search_term_string\"}}],\"inLanguage\":\"de\"},{\"@type\":\"Organization\",\"@id\":\"https:\/\/loewentestneu.metafex.io\/de#organization\",\"name\":\"Lions Pharmacy\",\"alternateName\":\"Lions Pharmacy24\",\"url\":\"https:\/\/loewentestneu.metafex.io\/de\",\"logo\":{\"@type\":\"ImageObject\",\"inLanguage\":\"de\",\"@id\":\"https:\/\/loewentestneu.metafex.io\/de#\/schema\/logo\/image\/\",\"url\":\"https:\/\/loewentestneu.metafex.io\/wp-content\/uploads\/2022\/12\/Logo-Lion-Pharmacy-c-o-Loewen-Apotheke-smal.jpg\",\"contentUrl\":\"https:\/\/loewentestneu.metafex.io\/wp-content\/uploads\/2022\/12\/Logo-Lion-Pharmacy-c-o-Loewen-Apotheke-smal.jpg\",\"width\":298,\"height\":99,\"caption\":\"Lions Pharmacy\"},\"image\":{\"@id\":\"https:\/\/loewentestneu.metafex.io\/de#\/schema\/logo\/image\/\"}}]}<\/script>\n<!-- \/ Yoast SEO plugin. -->","yoast_head_json":{"title":"Tebonin Konzent 240mg Filmtabletten (30 Stk.) &#187; L\u00f6wen Apotheke","description":"Registrierte deutsche Apotheke: Schneller internationaler Versand, sicheres Einkaufen. Dr. W. Schwabe:","robots":{"index":"noindex","follow":"follow","max-snippet":"max-snippet:-1","max-image-preview":"max-image-preview:large","max-video-preview":"max-video-preview:-1"},"og_locale":"de_DE","og_type":"article","og_title":"Tebonin Konzent 240mg Filmtabletten (30 Stk.) &#187; L\u00f6wen Apotheke","og_description":"Registrierte deutsche Apotheke: Schneller internationaler Versand, sicheres Einkaufen. Dr. W. Schwabe:","og_url":"https:\/\/loewentestneu.metafex.io\/de\/produkt\/tebonin-konzent-240mg-film-coated-tablets-30-pcs-07752016","og_site_name":"L\u00f6wen Apotheke","article_modified_time":"2026-01-31T07:12:45+00:00","og_image":[{"width":600,"height":600,"url":"https:\/\/loewentestneu.metafex.io\/wp-content\/uploads\/2024\/09\/Tebonin-Konzent-.webp","type":"image\/webp"}],"twitter_card":"summary_large_image","twitter_misc":{"Gesch\u00e4tzte Lesezeit":"1\u00a0Minute"},"schema":{"@context":"https:\/\/schema.org","@graph":[{"@type":"WebPage","@id":"https:\/\/loewentestneu.metafex.io\/de\/produkt\/tebonin-konzent-240mg-film-coated-tablets-30-pcs-07752016","url":"https:\/\/loewentestneu.metafex.io\/de\/produkt\/tebonin-konzent-240mg-film-coated-tablets-30-pcs-07752016","name":"Tebonin Konzent 240mg Filmtabletten (30 Stk.) &#187; L\u00f6wen Apotheke","isPartOf":{"@id":"https:\/\/loewentestneu.metafex.io\/de#website"},"primaryImageOfPage":{"@id":"https:\/\/loewentestneu.metafex.io\/de\/produkt\/tebonin-konzent-240mg-film-coated-tablets-30-pcs-07752016#primaryimage"},"image":{"@id":"https:\/\/loewentestneu.metafex.io\/de\/produkt\/tebonin-konzent-240mg-film-coated-tablets-30-pcs-07752016#primaryimage"},"thumbnailUrl":"https:\/\/loewentestneu.metafex.io\/wp-content\/uploads\/2024\/09\/Tebonin-Konzent-.webp","datePublished":"2026-01-31T06:57:51+00:00","dateModified":"2026-01-31T07:12:45+00:00","description":"Registrierte deutsche Apotheke: Schneller internationaler Versand, sicheres Einkaufen. Dr. W. Schwabe:","breadcrumb":{"@id":"https:\/\/loewentestneu.metafex.io\/de\/produkt\/tebonin-konzent-240mg-film-coated-tablets-30-pcs-07752016#breadcrumb"},"inLanguage":"de","potentialAction":[{"@type":"ReadAction","target":["https:\/\/loewentestneu.metafex.io\/de\/produkt\/tebonin-konzent-240mg-film-coated-tablets-30-pcs-07752016"]}]},{"@type":"ImageObject","inLanguage":"de","@id":"https:\/\/loewentestneu.metafex.io\/de\/produkt\/tebonin-konzent-240mg-film-coated-tablets-30-pcs-07752016#primaryimage","url":"https:\/\/loewentestneu.metafex.io\/wp-content\/uploads\/2024\/09\/Tebonin-Konzent-.webp","contentUrl":"https:\/\/loewentestneu.metafex.io\/wp-content\/uploads\/2024\/09\/Tebonin-Konzent-.webp","width":600,"height":600,"caption":"Tebonin Konzent 240 mg, Lions Pharmacy, Dr. Schwabe, PZN 02293816"},{"@type":"BreadcrumbList","@id":"https:\/\/loewentestneu.metafex.io\/de\/produkt\/tebonin-konzent-240mg-film-coated-tablets-30-pcs-07752016#breadcrumb","itemListElement":[{"@type":"ListItem","position":1,"name":"Home","item":"https:\/\/loewentestneu.metafex.io\/de\/homepage-lion-pharmacy"},{"@type":"ListItem","position":2,"name":"Shop","item":"https:\/\/loewentestneu.metafex.io\/de\/shop-2"},{"@type":"ListItem","position":3,"name":"Tebonin Konzent 240mg Filmtabletten (30 Stk.)"}]},{"@type":"WebSite","@id":"https:\/\/loewentestneu.metafex.io\/de#website","url":"https:\/\/loewentestneu.metafex.io\/de","name":"Lions Pharmacy","description":"Ihr Spezialist f\u00fcr Naturheilkunde aus Baden-Baden, Germany","publisher":{"@id":"https:\/\/loewentestneu.metafex.io\/de#organization"},"alternateName":"Lion Pharmacy","potentialAction":[{"@type":"SearchAction","target":{"@type":"EntryPoint","urlTemplate":"https:\/\/loewentestneu.metafex.io\/de?s={search_term_string}"},"query-input":{"@type":"PropertyValueSpecification","valueRequired":true,"valueName":"search_term_string"}}],"inLanguage":"de"},{"@type":"Organization","@id":"https:\/\/loewentestneu.metafex.io\/de#organization","name":"Lions Pharmacy","alternateName":"Lions Pharmacy24","url":"https:\/\/loewentestneu.metafex.io\/de","logo":{"@type":"ImageObject","inLanguage":"de","@id":"https:\/\/loewentestneu.metafex.io\/de#\/schema\/logo\/image\/","url":"https:\/\/loewentestneu.metafex.io\/wp-content\/uploads\/2022\/12\/Logo-Lion-Pharmacy-c-o-Loewen-Apotheke-smal.jpg","contentUrl":"https:\/\/loewentestneu.metafex.io\/wp-content\/uploads\/2022\/12\/Logo-Lion-Pharmacy-c-o-Loewen-Apotheke-smal.jpg","width":298,"height":99,"caption":"Lions Pharmacy"},"image":{"@id":"https:\/\/loewentestneu.metafex.io\/de#\/schema\/logo\/image\/"}}]}},"_links":{"self":[{"href":"https:\/\/loewentestneu.metafex.io\/de\/wp-json\/wp\/v2\/product\/20086","targetHints":{"allow":["GET"]}}],"collection":[{"href":"https:\/\/loewentestneu.metafex.io\/de\/wp-json\/wp\/v2\/product"}],"about":[{"href":"https:\/\/loewentestneu.metafex.io\/de\/wp-json\/wp\/v2\/types\/product"}],"replies":[{"embeddable":true,"href":"https:\/\/loewentestneu.metafex.io\/de\/wp-json\/wp\/v2\/comments?post=20086"}],"wp:featuredmedia":[{"embeddable":true,"href":"https:\/\/loewentestneu.metafex.io\/de\/wp-json\/wp\/v2\/media\/4345"}],"wp:attachment":[{"href":"https:\/\/loewentestneu.metafex.io\/de\/wp-json\/wp\/v2\/media?parent=20086"}],"wp:term":[{"taxonomy":"product_brand","embeddable":true,"href":"https:\/\/loewentestneu.metafex.io\/de\/wp-json\/wp\/v2\/product_brand?post=20086"},{"taxonomy":"product_cat","embeddable":true,"href":"https:\/\/loewentestneu.metafex.io\/de\/wp-json\/wp\/v2\/product_cat?post=20086"},{"taxonomy":"product_tag","embeddable":true,"href":"https:\/\/loewentestneu.metafex.io\/de\/wp-json\/wp\/v2\/product_tag?post=20086"}],"curies":[{"name":"wp","href":"https:\/\/api.w.org\/{rel}","templated":true}]}}