{"id":2729,"date":"2023-01-14T19:54:40","date_gmt":"2023-01-14T18:54:40","guid":{"rendered":"https:\/\/lions-pharmacy.com\/product\/labo-life-2lmireg-therapiepaket-3x30-stk"},"modified":"2025-11-29T23:20:46","modified_gmt":"2025-11-29T22:20:46","slug":"labo-life-2lmireg-therapie-paket-3x30-tlg","status":"publish","type":"product","link":"https:\/\/loewentestneu.metafex.io\/de\/produkt\/labo-life-2lmireg-therapie-paket-3x30-tlg","title":{"rendered":"Labo Life 2LMIREG Therapiepaket 3\u00d730 Stk."},"content":{"rendered":"<h2>Labo Life 2LMIREG<\/h2>\n<p>Die L\u00f6wenapotheke importiert f\u00fcr Sie Labo Life 2LMIREG Kapseln sowie alle Pr\u00e4parate von Labo Life Belgien auf Ihren Wunsch.<\/p>\n<p>Packungungsbeilage und Hinweise: <a href=\"https:\/\/loewentestneu.metafex.io\/wp-content\/uploads\/2023\/01\/EN_patient_info.pdf\" target=\"_blank\" rel=\"noopener\">EN<\/a> | <a href=\"https:\/\/loewentestneu.metafex.io\/wp-content\/uploads\/2023\/01\/FR_info_patient.pdf\" target=\"_blank\" rel=\"noopener\">FR<\/a> | <a href=\"https:\/\/loewentestneu.metafex.io\/wp-content\/uploads\/2023\/01\/ES_info_paciente.pdf\">ES<\/a> | <a href=\"https:\/\/loewentestneu.metafex.io\/wp-content\/uploads\/2022\/12\/labolife-Patientenflyer-lobo-life-customer-information-lion-pharmacy-lowen-apotheke.pdf\" target=\"_blank\" rel=\"noopener\">DE<\/a> (PDF reader)<\/p>\n<p>Alternative Produktbezeichnung: Labo Life 2L MIREG<\/p>\n<p>Andere Kunden interessierten sich auch f\u00fcr Produkte zum Thema:<\/p>\n<p>Weitere Produktdetails zu Labo Life Produkten finden Sie beim Hersteller: <a href=\"https:\/\/www.labolife.com\/en\" target=\"_blank\" rel=\"noopener\">Labo Life<\/a><\/p>\n<p>Zu Risiken und Nebenwirkungen lesen Sie die Packungsbeilage und fragen Sie Ihren Arzt oder Apotheker.<\/p>\n<p>Informationen auf dieser Website werden ausschlie\u00dflich f\u00fcr informative Zwecke zur Verf\u00fcgung gestellt. Sie ersetzen keinesfalls die Untersuchung und Behandlung durch einen Arzt. Bitte beachten Sie, dass hierdurch weder Diagnosen gestellt noch Therapien eingeleitet werden k\u00f6nnen.<\/p>\n<h3>\u00dcber die Mikroimmuntherapie<\/h3>\n<p>Die Mikroimmuntherapie ist eine immunmodulierende Therapie, die die gleichen Botenstoffe wie das Immunsystem (z. B. Zytokine, Hormone, Wachstumsfaktoren, Nukleins\u00e4uren) nutzt, um Informationen an den K\u00f6rper weiterzuleiten und die Immunantwort &#8220;neu einzustellen&#8221;. Mit anderen Worten, sein Ziel ist es, die korrekte Kommunikation zwischen den Zellen des Immunsystems wiederherzustellen, um ihnen zu helfen, ihre angeborene F\u00e4higkeit wiederzuerlangen, uns gegen Aggressoren zu verteidigen oder ihre Reaktion zu begrenzen, wenn sie \u00fcbertrieben ist. <\/p>\n<p>Im Gegensatz zur klassischen Immuntherapie wird bei der Mikroimmuntherapie ein breites Spektrum an Immunsubstanzen (den sogenannten &#8220;Botenstoffen&#8221;) verwendet. Diese werden in niedrigen Konzentrationen (niedrig dosiert) durch einen Verd\u00fcnnungs-Dynamisierungsprozess hergestellt, wodurch eine hohe Vertr\u00e4glichkeit gew\u00e4hrleistet wird. Je nachdem, ob eine Stimulation, Modulation oder Hemmung des Organismus gew\u00fcnscht wird, k\u00f6nnen die verwendeten Konzentrationsniveaus innerhalb derselben Formel variieren.  Analog zu den nat\u00fcrlichen Vorg\u00e4ngen im Organismus werden die Substanzen in einer bestimmten Sequenz, einer pr\u00e4zisen Reihenfolge, verabreicht.<\/p>\n<p>Die Mikroimmuntherapie kann ein treuer Verb\u00fcndeter bei der Behandlung von Krankheiten sein, die auf ein Ungleichgewicht des Immunsystems zur\u00fcckzuf\u00fchren sind, sowohl akute als auch chronische. Dazu geh\u00f6ren infekti\u00f6se und onkologische Pathologien oder Autoimmunerkrankungen. Die Mikroimmuntherapie ersetzt das Immunsystem nicht, zwingt oder blockiert es nicht, sondern informiert die Immunit\u00e4t auf subtile Weise und ist daher mit anderen Behandlungen kompatibel.<\/p>\n<p>Weitere Informationen zur <a href=\"https:\/\/www.labolife.com\/de\" target=\"_blank\" rel=\"noopener noreferrer\">Mikroimmuntherapie<\/a> finden Sie beim Hersteller: Labo Life<\/p>\n<p>Zu Risiken und Nebenwirkungen lesen Sie die Packungsbeilage und fragen Sie Ihren Arzt oder Apotheker.<\/p>\n","protected":false},"excerpt":{"rendered":"<h2>Labo Life 2LMIREG<\/h2>\n<p>Labo Life Produkte importiert die L\u00f6wen Apotheke auf Anfrage. Dies ist ein Volumen \/ eine Therapiepackung mit 90 St\u00fcck. Sparen Sie mit dem Multi-Package.<\/p>\n<p>&nbsp;<\/p>\n<p>PZN: \u2013 (Pharmazentralnummer)<\/p>\n<p>Darreichungsform: Kapseln, laktosefrei<\/p>\n<p>Verordnungsart: Rezeptfrei<\/p>\n<p>Marke: Labo Life<\/p>\n<p>Hersteller: Labo&#8217;Life Belgium, Rue Camille Hubert 11, 5032 Gembloux.<\/p>\n<p>Packungsgr\u00f6\u00dfe: 3x 30 Stk. (90 Stk.)<\/p>\n","protected":false},"featured_media":17495,"comment_status":"closed","ping_status":"closed","template":"","meta":[],"product_brand":[],"product_cat":[365,368],"product_tag":[376,784,380],"class_list":{"0":"post-2729","1":"product","2":"type-product","3":"status-publish","4":"has-post-thumbnail","6":"product_cat-labo-life-de","7":"product_cat-shop-de","8":"product_tag-2lmireg-de","9":"product_tag-einzelimport-keine-rucknahme","10":"product_tag-mikroimmuntherapie","11":"ts_product_brand-alle","12":"ts_product_brand-labo-life-de","14":"first","15":"instock","16":"taxable","17":"shipping-taxable","18":"purchasable","19":"product-type-simple"},"yoast_head":"<!-- This site is optimized with the Yoast SEO plugin v26.5 - https:\/\/yoast.com\/wordpress\/plugins\/seo\/ -->\n<title>Labo Life 2LMIREG Therapiepaket 3\u00d730 Stk. &#187; L\u00f6wen Apotheke<\/title>\n<meta name=\"description\" content=\"L\u00f6wen-Apotheke | Deutsche Online-Apotheke | Schneller internationaler Versand | Erfahren Sie mehr \u00fcber die Mikroimmuntherapie | Labo Life 2LMIREG Therapiepaket 3\u00d730 Stk.\" \/>\n<meta name=\"robots\" content=\"noindex, follow, max-snippet:-1, max-image-preview:large, max-video-preview:-1\" \/>\n<meta property=\"og:locale\" content=\"de_DE\" \/>\n<meta property=\"og:type\" content=\"article\" \/>\n<meta property=\"og:title\" content=\"Labo Life 2LMIREG Therapiepaket 3\u00d730 Stk. &#187; L\u00f6wen Apotheke\" \/>\n<meta property=\"og:description\" content=\"L\u00f6wen-Apotheke | Deutsche Online-Apotheke | Schneller internationaler Versand | Erfahren Sie mehr \u00fcber die Mikroimmuntherapie | Labo Life 2LMIREG Therapiepaket 3\u00d730 Stk.\" \/>\n<meta property=\"og:url\" content=\"https:\/\/loewentestneu.metafex.io\/de\/produkt\/labo-life-2lmireg-therapie-paket-3x30-tlg\" \/>\n<meta property=\"og:site_name\" content=\"L\u00f6wen Apotheke\" \/>\n<meta property=\"article:modified_time\" content=\"2025-11-29T22:20:46+00:00\" \/>\n<meta property=\"og:image\" content=\"https:\/\/loewentestneu.metafex.io\/wp-content\/uploads\/2025\/11\/2LMIREG_Labo-Life_Lowen-Apotheke24.webp\" \/>\n\t<meta property=\"og:image:width\" content=\"600\" \/>\n\t<meta property=\"og:image:height\" content=\"600\" \/>\n\t<meta property=\"og:image:type\" content=\"image\/webp\" \/>\n<meta name=\"twitter:card\" content=\"summary_large_image\" \/>\n<meta name=\"twitter:label1\" content=\"Gesch\u00e4tzte Lesezeit\" \/>\n\t<meta name=\"twitter:data1\" content=\"2\u00a0Minuten\" \/>\n<script type=\"application\/ld+json\" class=\"yoast-schema-graph\">{\"@context\":\"https:\/\/schema.org\",\"@graph\":[{\"@type\":\"WebPage\",\"@id\":\"https:\/\/loewentestneu.metafex.io\/de\/produkt\/labo-life-2lmireg-therapie-paket-3x30-tlg\",\"url\":\"https:\/\/loewentestneu.metafex.io\/de\/produkt\/labo-life-2lmireg-therapie-paket-3x30-tlg\",\"name\":\"Labo Life 2LMIREG Therapiepaket 3\u00d730 Stk. &#187; L\u00f6wen Apotheke\",\"isPartOf\":{\"@id\":\"https:\/\/loewentestneu.metafex.io\/de#website\"},\"primaryImageOfPage\":{\"@id\":\"https:\/\/loewentestneu.metafex.io\/de\/produkt\/labo-life-2lmireg-therapie-paket-3x30-tlg#primaryimage\"},\"image\":{\"@id\":\"https:\/\/loewentestneu.metafex.io\/de\/produkt\/labo-life-2lmireg-therapie-paket-3x30-tlg#primaryimage\"},\"thumbnailUrl\":\"https:\/\/loewentestneu.metafex.io\/wp-content\/uploads\/2025\/11\/2LMIREG_Labo-Life_Lowen-Apotheke24.webp\",\"datePublished\":\"2023-01-14T18:54:40+00:00\",\"dateModified\":\"2025-11-29T22:20:46+00:00\",\"description\":\"L\u00f6wen-Apotheke | Deutsche Online-Apotheke | Schneller internationaler Versand | Erfahren Sie mehr \u00fcber die Mikroimmuntherapie | Labo Life 2LMIREG Therapiepaket 3\u00d730 Stk.\",\"breadcrumb\":{\"@id\":\"https:\/\/loewentestneu.metafex.io\/de\/produkt\/labo-life-2lmireg-therapie-paket-3x30-tlg#breadcrumb\"},\"inLanguage\":\"de\",\"potentialAction\":[{\"@type\":\"ReadAction\",\"target\":[\"https:\/\/loewentestneu.metafex.io\/de\/produkt\/labo-life-2lmireg-therapie-paket-3x30-tlg\"]}]},{\"@type\":\"ImageObject\",\"inLanguage\":\"de\",\"@id\":\"https:\/\/loewentestneu.metafex.io\/de\/produkt\/labo-life-2lmireg-therapie-paket-3x30-tlg#primaryimage\",\"url\":\"https:\/\/loewentestneu.metafex.io\/wp-content\/uploads\/2025\/11\/2LMIREG_Labo-Life_Lowen-Apotheke24.webp\",\"contentUrl\":\"https:\/\/loewentestneu.metafex.io\/wp-content\/uploads\/2025\/11\/2LMIREG_Labo-Life_Lowen-Apotheke24.webp\",\"width\":600,\"height\":600,\"caption\":\"Das Bild zeigt eine Packung Labo Life 2L MIREG, 2LMIRAG, Labo-Life, Lions-Pharmacy\"},{\"@type\":\"BreadcrumbList\",\"@id\":\"https:\/\/loewentestneu.metafex.io\/de\/produkt\/labo-life-2lmireg-therapie-paket-3x30-tlg#breadcrumb\",\"itemListElement\":[{\"@type\":\"ListItem\",\"position\":1,\"name\":\"Home\",\"item\":\"https:\/\/loewentestneu.metafex.io\/de\/homepage-lion-pharmacy\"},{\"@type\":\"ListItem\",\"position\":2,\"name\":\"Shop\",\"item\":\"https:\/\/loewentestneu.metafex.io\/de\/shop-2\"},{\"@type\":\"ListItem\",\"position\":3,\"name\":\"Labo Life 2LMIREG Therapiepaket 3\u00d730 Stk.\"}]},{\"@type\":\"WebSite\",\"@id\":\"https:\/\/loewentestneu.metafex.io\/de#website\",\"url\":\"https:\/\/loewentestneu.metafex.io\/de\",\"name\":\"Lions Pharmacy\",\"description\":\"Ihr Spezialist f\u00fcr Naturheilkunde aus Baden-Baden, Germany\",\"publisher\":{\"@id\":\"https:\/\/loewentestneu.metafex.io\/de#organization\"},\"alternateName\":\"Lion Pharmacy\",\"potentialAction\":[{\"@type\":\"SearchAction\",\"target\":{\"@type\":\"EntryPoint\",\"urlTemplate\":\"https:\/\/loewentestneu.metafex.io\/de?s={search_term_string}\"},\"query-input\":{\"@type\":\"PropertyValueSpecification\",\"valueRequired\":true,\"valueName\":\"search_term_string\"}}],\"inLanguage\":\"de\"},{\"@type\":\"Organization\",\"@id\":\"https:\/\/loewentestneu.metafex.io\/de#organization\",\"name\":\"Lions Pharmacy\",\"alternateName\":\"Lions Pharmacy24\",\"url\":\"https:\/\/loewentestneu.metafex.io\/de\",\"logo\":{\"@type\":\"ImageObject\",\"inLanguage\":\"de\",\"@id\":\"https:\/\/loewentestneu.metafex.io\/de#\/schema\/logo\/image\/\",\"url\":\"https:\/\/loewentestneu.metafex.io\/wp-content\/uploads\/2022\/12\/Logo-Lion-Pharmacy-c-o-Loewen-Apotheke-smal.jpg\",\"contentUrl\":\"https:\/\/loewentestneu.metafex.io\/wp-content\/uploads\/2022\/12\/Logo-Lion-Pharmacy-c-o-Loewen-Apotheke-smal.jpg\",\"width\":298,\"height\":99,\"caption\":\"Lions Pharmacy\"},\"image\":{\"@id\":\"https:\/\/loewentestneu.metafex.io\/de#\/schema\/logo\/image\/\"}}]}<\/script>\n<!-- \/ Yoast SEO plugin. -->","yoast_head_json":{"title":"Labo Life 2LMIREG Therapiepaket 3\u00d730 Stk. &#187; L\u00f6wen Apotheke","description":"L\u00f6wen-Apotheke | Deutsche Online-Apotheke | Schneller internationaler Versand | Erfahren Sie mehr \u00fcber die Mikroimmuntherapie | Labo Life 2LMIREG Therapiepaket 3\u00d730 Stk.","robots":{"index":"noindex","follow":"follow","max-snippet":"max-snippet:-1","max-image-preview":"max-image-preview:large","max-video-preview":"max-video-preview:-1"},"og_locale":"de_DE","og_type":"article","og_title":"Labo Life 2LMIREG Therapiepaket 3\u00d730 Stk. &#187; L\u00f6wen Apotheke","og_description":"L\u00f6wen-Apotheke | Deutsche Online-Apotheke | Schneller internationaler Versand | Erfahren Sie mehr \u00fcber die Mikroimmuntherapie | Labo Life 2LMIREG Therapiepaket 3\u00d730 Stk.","og_url":"https:\/\/loewentestneu.metafex.io\/de\/produkt\/labo-life-2lmireg-therapie-paket-3x30-tlg","og_site_name":"L\u00f6wen Apotheke","article_modified_time":"2025-11-29T22:20:46+00:00","og_image":[{"width":600,"height":600,"url":"https:\/\/loewentestneu.metafex.io\/wp-content\/uploads\/2025\/11\/2LMIREG_Labo-Life_Lowen-Apotheke24.webp","type":"image\/webp"}],"twitter_card":"summary_large_image","twitter_misc":{"Gesch\u00e4tzte Lesezeit":"2\u00a0Minuten"},"schema":{"@context":"https:\/\/schema.org","@graph":[{"@type":"WebPage","@id":"https:\/\/loewentestneu.metafex.io\/de\/produkt\/labo-life-2lmireg-therapie-paket-3x30-tlg","url":"https:\/\/loewentestneu.metafex.io\/de\/produkt\/labo-life-2lmireg-therapie-paket-3x30-tlg","name":"Labo Life 2LMIREG Therapiepaket 3\u00d730 Stk. &#187; L\u00f6wen Apotheke","isPartOf":{"@id":"https:\/\/loewentestneu.metafex.io\/de#website"},"primaryImageOfPage":{"@id":"https:\/\/loewentestneu.metafex.io\/de\/produkt\/labo-life-2lmireg-therapie-paket-3x30-tlg#primaryimage"},"image":{"@id":"https:\/\/loewentestneu.metafex.io\/de\/produkt\/labo-life-2lmireg-therapie-paket-3x30-tlg#primaryimage"},"thumbnailUrl":"https:\/\/loewentestneu.metafex.io\/wp-content\/uploads\/2025\/11\/2LMIREG_Labo-Life_Lowen-Apotheke24.webp","datePublished":"2023-01-14T18:54:40+00:00","dateModified":"2025-11-29T22:20:46+00:00","description":"L\u00f6wen-Apotheke | Deutsche Online-Apotheke | Schneller internationaler Versand | Erfahren Sie mehr \u00fcber die Mikroimmuntherapie | Labo Life 2LMIREG Therapiepaket 3\u00d730 Stk.","breadcrumb":{"@id":"https:\/\/loewentestneu.metafex.io\/de\/produkt\/labo-life-2lmireg-therapie-paket-3x30-tlg#breadcrumb"},"inLanguage":"de","potentialAction":[{"@type":"ReadAction","target":["https:\/\/loewentestneu.metafex.io\/de\/produkt\/labo-life-2lmireg-therapie-paket-3x30-tlg"]}]},{"@type":"ImageObject","inLanguage":"de","@id":"https:\/\/loewentestneu.metafex.io\/de\/produkt\/labo-life-2lmireg-therapie-paket-3x30-tlg#primaryimage","url":"https:\/\/loewentestneu.metafex.io\/wp-content\/uploads\/2025\/11\/2LMIREG_Labo-Life_Lowen-Apotheke24.webp","contentUrl":"https:\/\/loewentestneu.metafex.io\/wp-content\/uploads\/2025\/11\/2LMIREG_Labo-Life_Lowen-Apotheke24.webp","width":600,"height":600,"caption":"Das Bild zeigt eine Packung Labo Life 2L MIREG, 2LMIRAG, Labo-Life, Lions-Pharmacy"},{"@type":"BreadcrumbList","@id":"https:\/\/loewentestneu.metafex.io\/de\/produkt\/labo-life-2lmireg-therapie-paket-3x30-tlg#breadcrumb","itemListElement":[{"@type":"ListItem","position":1,"name":"Home","item":"https:\/\/loewentestneu.metafex.io\/de\/homepage-lion-pharmacy"},{"@type":"ListItem","position":2,"name":"Shop","item":"https:\/\/loewentestneu.metafex.io\/de\/shop-2"},{"@type":"ListItem","position":3,"name":"Labo Life 2LMIREG Therapiepaket 3\u00d730 Stk."}]},{"@type":"WebSite","@id":"https:\/\/loewentestneu.metafex.io\/de#website","url":"https:\/\/loewentestneu.metafex.io\/de","name":"Lions Pharmacy","description":"Ihr Spezialist f\u00fcr Naturheilkunde aus Baden-Baden, Germany","publisher":{"@id":"https:\/\/loewentestneu.metafex.io\/de#organization"},"alternateName":"Lion Pharmacy","potentialAction":[{"@type":"SearchAction","target":{"@type":"EntryPoint","urlTemplate":"https:\/\/loewentestneu.metafex.io\/de?s={search_term_string}"},"query-input":{"@type":"PropertyValueSpecification","valueRequired":true,"valueName":"search_term_string"}}],"inLanguage":"de"},{"@type":"Organization","@id":"https:\/\/loewentestneu.metafex.io\/de#organization","name":"Lions Pharmacy","alternateName":"Lions Pharmacy24","url":"https:\/\/loewentestneu.metafex.io\/de","logo":{"@type":"ImageObject","inLanguage":"de","@id":"https:\/\/loewentestneu.metafex.io\/de#\/schema\/logo\/image\/","url":"https:\/\/loewentestneu.metafex.io\/wp-content\/uploads\/2022\/12\/Logo-Lion-Pharmacy-c-o-Loewen-Apotheke-smal.jpg","contentUrl":"https:\/\/loewentestneu.metafex.io\/wp-content\/uploads\/2022\/12\/Logo-Lion-Pharmacy-c-o-Loewen-Apotheke-smal.jpg","width":298,"height":99,"caption":"Lions Pharmacy"},"image":{"@id":"https:\/\/loewentestneu.metafex.io\/de#\/schema\/logo\/image\/"}}]}},"_links":{"self":[{"href":"https:\/\/loewentestneu.metafex.io\/de\/wp-json\/wp\/v2\/product\/2729","targetHints":{"allow":["GET"]}}],"collection":[{"href":"https:\/\/loewentestneu.metafex.io\/de\/wp-json\/wp\/v2\/product"}],"about":[{"href":"https:\/\/loewentestneu.metafex.io\/de\/wp-json\/wp\/v2\/types\/product"}],"replies":[{"embeddable":true,"href":"https:\/\/loewentestneu.metafex.io\/de\/wp-json\/wp\/v2\/comments?post=2729"}],"wp:featuredmedia":[{"embeddable":true,"href":"https:\/\/loewentestneu.metafex.io\/de\/wp-json\/wp\/v2\/media\/17495"}],"wp:attachment":[{"href":"https:\/\/loewentestneu.metafex.io\/de\/wp-json\/wp\/v2\/media?parent=2729"}],"wp:term":[{"taxonomy":"product_brand","embeddable":true,"href":"https:\/\/loewentestneu.metafex.io\/de\/wp-json\/wp\/v2\/product_brand?post=2729"},{"taxonomy":"product_cat","embeddable":true,"href":"https:\/\/loewentestneu.metafex.io\/de\/wp-json\/wp\/v2\/product_cat?post=2729"},{"taxonomy":"product_tag","embeddable":true,"href":"https:\/\/loewentestneu.metafex.io\/de\/wp-json\/wp\/v2\/product_tag?post=2729"}],"curies":[{"name":"wp","href":"https:\/\/api.w.org\/{rel}","templated":true}]}}