{"id":2738,"date":"2023-02-10T16:21:58","date_gmt":"2023-02-10T15:21:58","guid":{"rendered":"https:\/\/lions-pharmacy.com\/product\/labo-life-interleukin-il-2-4ch"},"modified":"2025-02-01T10:39:22","modified_gmt":"2025-02-01T09:39:22","slug":"labo-life-interleukin-il-2-4ch","status":"publish","type":"product","link":"https:\/\/loewentestneu.metafex.io\/de\/produkt\/labo-life-interleukin-il-2-4ch","title":{"rendered":"Labo Life Interleukin IL-2 4CH"},"content":{"rendered":"<h2>Labo Life Interleukin IL-2 4CH<\/h2>\n<p>Die L\u00f6wenapotheke importiert f\u00fcr Sie Labo Life Interleukin IL-2 4CH Kapseln sowie alle Pr\u00e4parate von Labo Life Belgien auf Ihren Wunsch.<\/p>\n<p>Packungungsbeilage und Hinweise: <a href=\"https:\/\/loewentestneu.metafex.io\/wp-content\/uploads\/2023\/01\/EN_patient_info.pdf\" target=\"_blank\" rel=\"noopener\">EN<\/a> | <a href=\"https:\/\/loewentestneu.metafex.io\/wp-content\/uploads\/2023\/01\/FR_info_patient.pdf\" target=\"_blank\" rel=\"noopener\">FR<\/a> | <a href=\"https:\/\/loewentestneu.metafex.io\/wp-content\/uploads\/2023\/01\/ES_info_paciente.pdf\">ES<\/a> | <a href=\"https:\/\/loewentestneu.metafex.io\/wp-content\/uploads\/2022\/12\/labolife-Patientenflyer-lobo-life-customer-information-lion-pharmacy-lowen-apotheke.pdf\" target=\"_blank\" rel=\"noopener\">DE<\/a> (PDF reader)<\/p>\n<p>Alternative Produktbezeichnung: Labo Life Interleukin IL2 4CH<\/p>\n<p>Weitere Produkte f\u00fcr die Anwendung: &#8211;<\/p>\n<p>Weitere Produktdetails zu Labo Life Produkten finden Sie beim Hersteller: <a href=\"https:\/\/www.labolife.com\/en\" target=\"_blank\" rel=\"noopener\">Labo Life<\/a><\/p>\n<p>Zu Risiken und Nebenwirkungen lesen Sie die Packungsbeilage und fragen Sie Ihren Arzt oder Apotheker.<\/p>\n<p>Informationen auf dieser Website werden ausschlie\u00dflich f\u00fcr informative Zwecke zur Verf\u00fcgung gestellt. Sie ersetzen keinesfalls die Untersuchung und Behandlung durch einen Arzt. Bitte beachten Sie, dass hierdurch weder Diagnosen gestellt noch Therapien eingeleitet werden k\u00f6nnen.<\/p>\n<h3>Was ist Mikroimmuntherapie?<\/h3>\n<p>Die Mikroimmuntherapie ist eine Immunmodulationstherapie, die dieselben Botenstoffe wie das Immunsystem verwendet (z.B. Zytokine, Hormone, Wachstumsfaktoren, Nukleins\u00e4uren), um dem K\u00f6rper Informationen zu \u00fcbermitteln und die Immunantwort &#8220;neu zu justieren&#8221;. Mit anderen Worten, ihr Ziel ist es, die korrekte Kommunikation zwischen den Zellen des Immunsystems wiederherzustellen, um ihnen zu helfen, ihre angeborene F\u00e4higkeit, uns gegen Aggressoren zu verteidigen, wiederzuerlangen oder ihre Reaktion zu begrenzen, wenn sie \u00fcbertrieben ist. <\/p>\n<p>Im Unterschied zu der klassischen Immuntherapie werden in den Pr\u00e4paraten der <a href=\"https:\/\/loewentestneu.metafex.io\/product-tag\/micro-immunotherapy\">Mikroimmuntherapie<\/a> eine Vielzahl von Immunsubstanzen (sogenannte \u201eBotenstoffe\u201c) eingesetzt. Diese werden in niedrigen Konzentrationen (Mikrodosen) in einem Verd\u00fcnnungs-\/Dynamisierungsprozess zubereitet, was ihre gute Vertr\u00e4glichkeit gew\u00e4hrleistet. Au\u00dferdem k\u00f6nnen sich die verwendeten Konzentrationen auch im selben Pr\u00e4parat unterscheiden, je nachdem, ob die Substanzen auf den Organismus eine stimulierende, modulierende oder hemmende Wirkung aus\u00fcben sollen.  Analog zu den nat\u00fcrlichen Vorg\u00e4ngen im Organismus werden die Substanzen in einer bestimmten Sequenz, einer pr\u00e4zisen Reihenfolge, verabreicht.<\/p>\n<p>Die Mikroimmuntherapie kann ein treuer Verb\u00fcndeter bei der Behandlung von Krankheiten sein, die auf ein Ungleichgewicht des Immunsystems zur\u00fcckzuf\u00fchren sind, sowohl akute als auch chronische. Dazu geh\u00f6ren infekti\u00f6se und onkologische Pathologien oder Autoimmunerkrankungen. Die Mikroimmuntherapie ersetzt das Immunsystem nicht, zwingt oder blockiert es nicht, sondern informiert die Immunit\u00e4t auf subtile Weise und ist daher mit anderen Behandlungen kompatibel.<\/p>\n<p>Weitere Informationen zur <a href=\"https:\/\/www.labolife.com\/de\" target=\"_blank\" rel=\"noopener noreferrer\">Mikroimmuntherapie<\/a> finden Sie beim Hersteller: Labo Life<\/p>\n<p>Zu Risiken und Nebenwirkungen lesen Sie die Packungsbeilage und fragen Sie Ihren Arzt oder Apotheker.<\/p>\n","protected":false},"excerpt":{"rendered":"<h2>Labo Life Interleukin IL-2 4CH<\/h2>\n<p>Labo Life Produkte importiert die L\u00f6wen Apotheke f\u00fcr auf Ihren Wunsch.<\/p>\n<p>&nbsp;<\/p>\n<p>PZN: \u2013 (Pharmazentralnummer)<\/p>\n<p>Darreichungsform: Kapseln<\/p>\n<p>Verordnungsart: Rezeptfrei<\/p>\n<p>Marke: <a href=\"https:\/\/loewentestneu.metafex.io\/product-brand\/labo-life\">Labo Life<\/a><\/p>\n<p>Hersteller: Labo&#8217;Life Belgium, Rue Camille Hubert 11, 5032 Gembloux.<\/p>\n<p>Packungsgr\u00f6\u00dfe: 30 St.<\/p>\n","protected":false},"featured_media":2739,"comment_status":"closed","ping_status":"closed","template":"","meta":[],"product_brand":[],"product_cat":[365,368],"product_tag":[784,380],"class_list":{"0":"post-2738","1":"product","2":"type-product","3":"status-publish","4":"has-post-thumbnail","6":"product_cat-labo-life-de","7":"product_cat-shop-de","8":"product_tag-einzelimport-keine-rucknahme","9":"product_tag-mikroimmuntherapie","10":"ts_product_brand-alle","11":"ts_product_brand-labo-life-de","13":"first","14":"instock","15":"taxable","16":"shipping-taxable","17":"purchasable","18":"product-type-simple"},"yoast_head":"<!-- This site is optimized with the Yoast SEO plugin v26.5 - https:\/\/yoast.com\/wordpress\/plugins\/seo\/ -->\n<title>Labo Life Interleukin IL-2 4CH &#187; L\u00f6wen Apotheke<\/title>\n<meta name=\"description\" content=\"Lions Pharmacy c\/o L\u00f6wen Apotheke | registrierte deutsche Online-Apotheke | Schneller internationaler Versand | Produkt f\u00fcr die Mikroimmuntherapie: Labo Life Interleukin IL-2 4CH\" \/>\n<meta name=\"robots\" content=\"noindex, follow, max-snippet:-1, max-image-preview:large, max-video-preview:-1\" \/>\n<meta property=\"og:locale\" content=\"de_DE\" \/>\n<meta property=\"og:type\" content=\"article\" \/>\n<meta property=\"og:title\" content=\"Labo Life Interleukin IL-2 4CH &#187; L\u00f6wen Apotheke\" \/>\n<meta property=\"og:description\" content=\"Lions Pharmacy c\/o L\u00f6wen Apotheke | registrierte deutsche Online-Apotheke | Schneller internationaler Versand | Produkt f\u00fcr die Mikroimmuntherapie: Labo Life Interleukin IL-2 4CH\" \/>\n<meta property=\"og:url\" content=\"https:\/\/loewentestneu.metafex.io\/de\/produkt\/labo-life-interleukin-il-2-4ch\" \/>\n<meta property=\"og:site_name\" content=\"L\u00f6wen Apotheke\" \/>\n<meta property=\"article:modified_time\" content=\"2025-02-01T09:39:22+00:00\" \/>\n<meta property=\"og:image\" content=\"https:\/\/loewentestneu.metafex.io\/wp-content\/uploads\/2023\/02\/Labo-Life-Interleukine-IL-2-4CH-30pc-package-Lion-Pharmacy.jpg\" \/>\n\t<meta property=\"og:image:width\" content=\"600\" \/>\n\t<meta property=\"og:image:height\" content=\"600\" \/>\n\t<meta property=\"og:image:type\" content=\"image\/jpeg\" \/>\n<meta name=\"twitter:card\" content=\"summary_large_image\" \/>\n<meta name=\"twitter:label1\" content=\"Gesch\u00e4tzte Lesezeit\" \/>\n\t<meta name=\"twitter:data1\" content=\"2\u00a0Minuten\" \/>\n<script type=\"application\/ld+json\" class=\"yoast-schema-graph\">{\"@context\":\"https:\/\/schema.org\",\"@graph\":[{\"@type\":\"WebPage\",\"@id\":\"https:\/\/loewentestneu.metafex.io\/de\/produkt\/labo-life-interleukin-il-2-4ch\",\"url\":\"https:\/\/loewentestneu.metafex.io\/de\/produkt\/labo-life-interleukin-il-2-4ch\",\"name\":\"Labo Life Interleukin IL-2 4CH &#187; L\u00f6wen Apotheke\",\"isPartOf\":{\"@id\":\"https:\/\/loewentestneu.metafex.io\/de#website\"},\"primaryImageOfPage\":{\"@id\":\"https:\/\/loewentestneu.metafex.io\/de\/produkt\/labo-life-interleukin-il-2-4ch#primaryimage\"},\"image\":{\"@id\":\"https:\/\/loewentestneu.metafex.io\/de\/produkt\/labo-life-interleukin-il-2-4ch#primaryimage\"},\"thumbnailUrl\":\"https:\/\/loewentestneu.metafex.io\/wp-content\/uploads\/2023\/02\/Labo-Life-Interleukine-IL-2-4CH-30pc-package-Lion-Pharmacy.jpg\",\"datePublished\":\"2023-02-10T15:21:58+00:00\",\"dateModified\":\"2025-02-01T09:39:22+00:00\",\"description\":\"Lions Pharmacy c\/o L\u00f6wen Apotheke | registrierte deutsche Online-Apotheke | Schneller internationaler Versand | Produkt f\u00fcr die Mikroimmuntherapie: Labo Life Interleukin IL-2 4CH\",\"breadcrumb\":{\"@id\":\"https:\/\/loewentestneu.metafex.io\/de\/produkt\/labo-life-interleukin-il-2-4ch#breadcrumb\"},\"inLanguage\":\"de\",\"potentialAction\":[{\"@type\":\"ReadAction\",\"target\":[\"https:\/\/loewentestneu.metafex.io\/de\/produkt\/labo-life-interleukin-il-2-4ch\"]}]},{\"@type\":\"ImageObject\",\"inLanguage\":\"de\",\"@id\":\"https:\/\/loewentestneu.metafex.io\/de\/produkt\/labo-life-interleukin-il-2-4ch#primaryimage\",\"url\":\"https:\/\/loewentestneu.metafex.io\/wp-content\/uploads\/2023\/02\/Labo-Life-Interleukine-IL-2-4CH-30pc-package-Lion-Pharmacy.jpg\",\"contentUrl\":\"https:\/\/loewentestneu.metafex.io\/wp-content\/uploads\/2023\/02\/Labo-Life-Interleukine-IL-2-4CH-30pc-package-Lion-Pharmacy.jpg\",\"width\":600,\"height\":600,\"caption\":\"Labo Life Interleukin IL-2 4CH 30er-Packung L\u00f6wen-Apotheke\"},{\"@type\":\"BreadcrumbList\",\"@id\":\"https:\/\/loewentestneu.metafex.io\/de\/produkt\/labo-life-interleukin-il-2-4ch#breadcrumb\",\"itemListElement\":[{\"@type\":\"ListItem\",\"position\":1,\"name\":\"Home\",\"item\":\"https:\/\/loewentestneu.metafex.io\/de\/homepage-lion-pharmacy\"},{\"@type\":\"ListItem\",\"position\":2,\"name\":\"Shop\",\"item\":\"https:\/\/loewentestneu.metafex.io\/de\/shop-2\"},{\"@type\":\"ListItem\",\"position\":3,\"name\":\"Labo Life Interleukin IL-2 4CH\"}]},{\"@type\":\"WebSite\",\"@id\":\"https:\/\/loewentestneu.metafex.io\/de#website\",\"url\":\"https:\/\/loewentestneu.metafex.io\/de\",\"name\":\"Lions Pharmacy\",\"description\":\"Ihr Spezialist f\u00fcr Naturheilkunde aus Baden-Baden, Germany\",\"publisher\":{\"@id\":\"https:\/\/loewentestneu.metafex.io\/de#organization\"},\"alternateName\":\"Lion Pharmacy\",\"potentialAction\":[{\"@type\":\"SearchAction\",\"target\":{\"@type\":\"EntryPoint\",\"urlTemplate\":\"https:\/\/loewentestneu.metafex.io\/de?s={search_term_string}\"},\"query-input\":{\"@type\":\"PropertyValueSpecification\",\"valueRequired\":true,\"valueName\":\"search_term_string\"}}],\"inLanguage\":\"de\"},{\"@type\":\"Organization\",\"@id\":\"https:\/\/loewentestneu.metafex.io\/de#organization\",\"name\":\"Lions Pharmacy\",\"alternateName\":\"Lions Pharmacy24\",\"url\":\"https:\/\/loewentestneu.metafex.io\/de\",\"logo\":{\"@type\":\"ImageObject\",\"inLanguage\":\"de\",\"@id\":\"https:\/\/loewentestneu.metafex.io\/de#\/schema\/logo\/image\/\",\"url\":\"https:\/\/loewentestneu.metafex.io\/wp-content\/uploads\/2022\/12\/Logo-Lion-Pharmacy-c-o-Loewen-Apotheke-smal.jpg\",\"contentUrl\":\"https:\/\/loewentestneu.metafex.io\/wp-content\/uploads\/2022\/12\/Logo-Lion-Pharmacy-c-o-Loewen-Apotheke-smal.jpg\",\"width\":298,\"height\":99,\"caption\":\"Lions Pharmacy\"},\"image\":{\"@id\":\"https:\/\/loewentestneu.metafex.io\/de#\/schema\/logo\/image\/\"}}]}<\/script>\n<!-- \/ Yoast SEO plugin. -->","yoast_head_json":{"title":"Labo Life Interleukin IL-2 4CH &#187; L\u00f6wen Apotheke","description":"Lions Pharmacy c\/o L\u00f6wen Apotheke | registrierte deutsche Online-Apotheke | Schneller internationaler Versand | Produkt f\u00fcr die Mikroimmuntherapie: Labo Life Interleukin IL-2 4CH","robots":{"index":"noindex","follow":"follow","max-snippet":"max-snippet:-1","max-image-preview":"max-image-preview:large","max-video-preview":"max-video-preview:-1"},"og_locale":"de_DE","og_type":"article","og_title":"Labo Life Interleukin IL-2 4CH &#187; L\u00f6wen Apotheke","og_description":"Lions Pharmacy c\/o L\u00f6wen Apotheke | registrierte deutsche Online-Apotheke | Schneller internationaler Versand | Produkt f\u00fcr die Mikroimmuntherapie: Labo Life Interleukin IL-2 4CH","og_url":"https:\/\/loewentestneu.metafex.io\/de\/produkt\/labo-life-interleukin-il-2-4ch","og_site_name":"L\u00f6wen Apotheke","article_modified_time":"2025-02-01T09:39:22+00:00","og_image":[{"width":600,"height":600,"url":"https:\/\/loewentestneu.metafex.io\/wp-content\/uploads\/2023\/02\/Labo-Life-Interleukine-IL-2-4CH-30pc-package-Lion-Pharmacy.jpg","type":"image\/jpeg"}],"twitter_card":"summary_large_image","twitter_misc":{"Gesch\u00e4tzte Lesezeit":"2\u00a0Minuten"},"schema":{"@context":"https:\/\/schema.org","@graph":[{"@type":"WebPage","@id":"https:\/\/loewentestneu.metafex.io\/de\/produkt\/labo-life-interleukin-il-2-4ch","url":"https:\/\/loewentestneu.metafex.io\/de\/produkt\/labo-life-interleukin-il-2-4ch","name":"Labo Life Interleukin IL-2 4CH &#187; L\u00f6wen Apotheke","isPartOf":{"@id":"https:\/\/loewentestneu.metafex.io\/de#website"},"primaryImageOfPage":{"@id":"https:\/\/loewentestneu.metafex.io\/de\/produkt\/labo-life-interleukin-il-2-4ch#primaryimage"},"image":{"@id":"https:\/\/loewentestneu.metafex.io\/de\/produkt\/labo-life-interleukin-il-2-4ch#primaryimage"},"thumbnailUrl":"https:\/\/loewentestneu.metafex.io\/wp-content\/uploads\/2023\/02\/Labo-Life-Interleukine-IL-2-4CH-30pc-package-Lion-Pharmacy.jpg","datePublished":"2023-02-10T15:21:58+00:00","dateModified":"2025-02-01T09:39:22+00:00","description":"Lions Pharmacy c\/o L\u00f6wen Apotheke | registrierte deutsche Online-Apotheke | Schneller internationaler Versand | Produkt f\u00fcr die Mikroimmuntherapie: Labo Life Interleukin IL-2 4CH","breadcrumb":{"@id":"https:\/\/loewentestneu.metafex.io\/de\/produkt\/labo-life-interleukin-il-2-4ch#breadcrumb"},"inLanguage":"de","potentialAction":[{"@type":"ReadAction","target":["https:\/\/loewentestneu.metafex.io\/de\/produkt\/labo-life-interleukin-il-2-4ch"]}]},{"@type":"ImageObject","inLanguage":"de","@id":"https:\/\/loewentestneu.metafex.io\/de\/produkt\/labo-life-interleukin-il-2-4ch#primaryimage","url":"https:\/\/loewentestneu.metafex.io\/wp-content\/uploads\/2023\/02\/Labo-Life-Interleukine-IL-2-4CH-30pc-package-Lion-Pharmacy.jpg","contentUrl":"https:\/\/loewentestneu.metafex.io\/wp-content\/uploads\/2023\/02\/Labo-Life-Interleukine-IL-2-4CH-30pc-package-Lion-Pharmacy.jpg","width":600,"height":600,"caption":"Labo Life Interleukin IL-2 4CH 30er-Packung L\u00f6wen-Apotheke"},{"@type":"BreadcrumbList","@id":"https:\/\/loewentestneu.metafex.io\/de\/produkt\/labo-life-interleukin-il-2-4ch#breadcrumb","itemListElement":[{"@type":"ListItem","position":1,"name":"Home","item":"https:\/\/loewentestneu.metafex.io\/de\/homepage-lion-pharmacy"},{"@type":"ListItem","position":2,"name":"Shop","item":"https:\/\/loewentestneu.metafex.io\/de\/shop-2"},{"@type":"ListItem","position":3,"name":"Labo Life Interleukin IL-2 4CH"}]},{"@type":"WebSite","@id":"https:\/\/loewentestneu.metafex.io\/de#website","url":"https:\/\/loewentestneu.metafex.io\/de","name":"Lions Pharmacy","description":"Ihr Spezialist f\u00fcr Naturheilkunde aus Baden-Baden, Germany","publisher":{"@id":"https:\/\/loewentestneu.metafex.io\/de#organization"},"alternateName":"Lion Pharmacy","potentialAction":[{"@type":"SearchAction","target":{"@type":"EntryPoint","urlTemplate":"https:\/\/loewentestneu.metafex.io\/de?s={search_term_string}"},"query-input":{"@type":"PropertyValueSpecification","valueRequired":true,"valueName":"search_term_string"}}],"inLanguage":"de"},{"@type":"Organization","@id":"https:\/\/loewentestneu.metafex.io\/de#organization","name":"Lions Pharmacy","alternateName":"Lions Pharmacy24","url":"https:\/\/loewentestneu.metafex.io\/de","logo":{"@type":"ImageObject","inLanguage":"de","@id":"https:\/\/loewentestneu.metafex.io\/de#\/schema\/logo\/image\/","url":"https:\/\/loewentestneu.metafex.io\/wp-content\/uploads\/2022\/12\/Logo-Lion-Pharmacy-c-o-Loewen-Apotheke-smal.jpg","contentUrl":"https:\/\/loewentestneu.metafex.io\/wp-content\/uploads\/2022\/12\/Logo-Lion-Pharmacy-c-o-Loewen-Apotheke-smal.jpg","width":298,"height":99,"caption":"Lions Pharmacy"},"image":{"@id":"https:\/\/loewentestneu.metafex.io\/de#\/schema\/logo\/image\/"}}]}},"_links":{"self":[{"href":"https:\/\/loewentestneu.metafex.io\/de\/wp-json\/wp\/v2\/product\/2738","targetHints":{"allow":["GET"]}}],"collection":[{"href":"https:\/\/loewentestneu.metafex.io\/de\/wp-json\/wp\/v2\/product"}],"about":[{"href":"https:\/\/loewentestneu.metafex.io\/de\/wp-json\/wp\/v2\/types\/product"}],"replies":[{"embeddable":true,"href":"https:\/\/loewentestneu.metafex.io\/de\/wp-json\/wp\/v2\/comments?post=2738"}],"wp:featuredmedia":[{"embeddable":true,"href":"https:\/\/loewentestneu.metafex.io\/de\/wp-json\/wp\/v2\/media\/2739"}],"wp:attachment":[{"href":"https:\/\/loewentestneu.metafex.io\/de\/wp-json\/wp\/v2\/media?parent=2738"}],"wp:term":[{"taxonomy":"product_brand","embeddable":true,"href":"https:\/\/loewentestneu.metafex.io\/de\/wp-json\/wp\/v2\/product_brand?post=2738"},{"taxonomy":"product_cat","embeddable":true,"href":"https:\/\/loewentestneu.metafex.io\/de\/wp-json\/wp\/v2\/product_cat?post=2738"},{"taxonomy":"product_tag","embeddable":true,"href":"https:\/\/loewentestneu.metafex.io\/de\/wp-json\/wp\/v2\/product_tag?post=2738"}],"curies":[{"name":"wp","href":"https:\/\/api.w.org\/{rel}","templated":true}]}}