{"id":2753,"date":"2023-09-16T05:36:23","date_gmt":"2023-09-16T04:36:23","guid":{"rendered":"https:\/\/lions-pharmacy.com\/product\/conisan-n-augentropfen-20x-05-ml"},"modified":"2025-01-27T16:12:52","modified_gmt":"2025-01-27T15:12:52","slug":"conisan-n-augentropfen-11669918","status":"publish","type":"product","link":"https:\/\/loewentestneu.metafex.io\/de\/produkt\/conisan-n-augentropfen-11669918","title":{"rendered":"Conisan N Augentropfen 20x 0,5 ml"},"content":{"rendered":"<h2>Conisan N Augentropfen<\/h2>\n<p>Conisan N Augentropfen bauen durch die spezielle innovative Rezeptur schnell einen Schutzfilm f\u00fcr die Hornhaut und Bindehaut auf. Es sch\u00fctzt die Hornhaut nicht nur vor Umwelteinfl\u00fcssen und Austrocknung \u2013 auch gereizte, entz\u00fcndete oder allergische Bindehaut wird durch den vitOrgan-Komplex AT bei Ihrer Regeneration unterst\u00fctzt.<\/p>\n<p>Die von vitOrgan zur biomolekularen Therapie angebotenen organhom\u00f6opathischen Pr\u00e4parate nutzen nat\u00fcrliche regulatorisch und metabolisch wirkende organische Substanzen, um aus dem Gleichgewicht geratene Prozesse physiologisch wieder zu normalisieren. Die biomolekulare vitOrgan-Therapie ist seit 60 Jahren eine sehr erfolgreiche Therapie. Sie bildet eine Br\u00fccke zwischen den so genannten Bereichen der Schulmedizin und der Naturheilkunde. Sie bedient sich nat\u00fcrlicher, regulierender und stoffwechselfunktioneller Substanzen, die bei Mensch und Tier vorhanden sind, um Krankheiten zu normalisieren, indem sie die aus dem Gleichgewicht geratenen physiologischen Prozesse ver\u00e4ndert &#8211; und damit den Patienten nicht nur symptomatisch, sondern auch kausal behandelt. Nach dem Prinzip \u201eHerz heilt Herz, Niere heilt Niere, Organ heilt Organ\u201c gilt es, die Kraft geschw\u00e4chter Zellen durch gezielte Regulation zu wecken.<\/p>\n<p>Packungsbeilage\/Gebrauchsanweisung\/Artikeldatenblatt: Conisan N Augentropfen (PDF-Reader)<\/p>\n<p>Alternativer Produktname: Conisan N Augentropfen<br \/>\nWeitere Produkte f\u00fcr diese Anwendung: <a href=\"https:\/\/loewentestneu.metafex.io\/produkt-kategorie\/vitorgan\">vitOrgan<\/a><br \/>\nErfahren Sie mehr \u00fcber den Hersteller und dieses Produkt: <a href=\"https:\/\/vitorgan.de\/en\/products\/\" target=\"_blank\" rel=\"noopener\">vitOrgan<\/a> (Link zu externer Website)<\/p>\n<p>Informationen auf dieser Website werden ausschlie\u00dflich f\u00fcr informative Zwecke zur Verf\u00fcgung gestellt. Sie ersetzen keinesfalls die Untersuchung und Behandlung durch einen Arzt. Bitte beachten Sie, dass hierdurch weder Diagnosen gestellt noch Therapien eingeleitet werden k\u00f6nnen.<\/p>\n<p>Zu Risiken und Nebenwirkungen lesen Sie die Packungsbeilage und fragen Sie Ihren Arzt oder Apotheker.<\/p>\n","protected":false},"excerpt":{"rendered":"<h2>Conisan N Augentropfen 20x 0,5 ml<\/h2>\n<p>Conisan N Augentropfen bei gereizter, entz\u00fcndeter oder allergischer Bindehaut.<\/p>\n<p>&nbsp;<\/p>\n<p>PZN: 11669918 (Zentralnummer der Apotheke)<\/p>\n<p>Darreichungsform: Ampullen<\/p>\n<p>Verordnungsart: Rezeptfrei<\/p>\n<p>Marke: vitOrgan<\/p>\n<p>Hersteller: vitOrgan GmbH &amp; Co.KG, Ostfildern, Germany<\/p>\n<p>Packungsgr\u00f6\u00dfe: 5 x 2ml<\/p>\n","protected":false},"featured_media":2754,"comment_status":"closed","ping_status":"closed","template":"","meta":[],"product_brand":[],"product_cat":[368,371],"product_tag":[381,426],"class_list":{"0":"post-2753","1":"product","2":"type-product","3":"status-publish","4":"has-post-thumbnail","6":"product_cat-shop-de","7":"product_cat-vitorgan-de","8":"product_tag-homoopathie","9":"product_tag-neydil-de","10":"ts_product_brand-alle","11":"ts_product_brand-vitorgan-de","13":"first","14":"instock","15":"taxable","16":"shipping-taxable","17":"purchasable","18":"product-type-simple"},"yoast_head":"<!-- This site is optimized with the Yoast SEO plugin v26.5 - https:\/\/yoast.com\/wordpress\/plugins\/seo\/ -->\n<title>Conisan N Augentropfen 20x 0,5 ml &#187; vitOrgan - Hier bestellen<\/title>\n<meta name=\"description\" content=\"L\u00f6wen-Apotheke24| registrierte deutsche Online-Apotheke | Schneller internationaler Versand | Produkt von vitOrgan | Conisan N Augentropfen 20x 0,5 ml\" \/>\n<meta name=\"robots\" content=\"noindex, follow, max-snippet:-1, max-image-preview:large, max-video-preview:-1\" \/>\n<meta property=\"og:locale\" content=\"de_DE\" \/>\n<meta property=\"og:type\" content=\"article\" \/>\n<meta property=\"og:title\" content=\"Conisan N Augentropfen 20x 0,5 ml &#187; vitOrgan - Hier bestellen\" \/>\n<meta property=\"og:description\" content=\"L\u00f6wen-Apotheke24| registrierte deutsche Online-Apotheke | Schneller internationaler Versand | Produkt von vitOrgan | Conisan N Augentropfen 20x 0,5 ml\" \/>\n<meta property=\"og:url\" content=\"https:\/\/loewentestneu.metafex.io\/de\/produkt\/conisan-n-augentropfen-11669918\" \/>\n<meta property=\"og:site_name\" content=\"L\u00f6wen Apotheke\" \/>\n<meta property=\"article:modified_time\" content=\"2025-01-27T15:12:52+00:00\" \/>\n<meta property=\"og:image\" content=\"https:\/\/loewentestneu.metafex.io\/wp-content\/uploads\/2023\/09\/Conisan-N-eye-drops-11669918-vitorgan-Lions-Pharmacy-loewen-apotheke24.webp\" \/>\n\t<meta property=\"og:image:width\" content=\"600\" \/>\n\t<meta property=\"og:image:height\" content=\"600\" \/>\n\t<meta property=\"og:image:type\" content=\"image\/webp\" \/>\n<meta name=\"twitter:card\" content=\"summary_large_image\" \/>\n<meta name=\"twitter:label1\" content=\"Gesch\u00e4tzte Lesezeit\" \/>\n\t<meta name=\"twitter:data1\" content=\"1\u00a0Minute\" \/>\n<script type=\"application\/ld+json\" class=\"yoast-schema-graph\">{\"@context\":\"https:\/\/schema.org\",\"@graph\":[{\"@type\":\"WebPage\",\"@id\":\"https:\/\/loewentestneu.metafex.io\/de\/produkt\/conisan-n-augentropfen-11669918\",\"url\":\"https:\/\/loewentestneu.metafex.io\/de\/produkt\/conisan-n-augentropfen-11669918\",\"name\":\"Conisan N Augentropfen 20x 0,5 ml &#187; vitOrgan - Hier bestellen\",\"isPartOf\":{\"@id\":\"https:\/\/loewentestneu.metafex.io\/de#website\"},\"primaryImageOfPage\":{\"@id\":\"https:\/\/loewentestneu.metafex.io\/de\/produkt\/conisan-n-augentropfen-11669918#primaryimage\"},\"image\":{\"@id\":\"https:\/\/loewentestneu.metafex.io\/de\/produkt\/conisan-n-augentropfen-11669918#primaryimage\"},\"thumbnailUrl\":\"https:\/\/loewentestneu.metafex.io\/wp-content\/uploads\/2023\/09\/Conisan-N-eye-drops-11669918-vitorgan-Lions-Pharmacy-loewen-apotheke24.webp\",\"datePublished\":\"2023-09-16T04:36:23+00:00\",\"dateModified\":\"2025-01-27T15:12:52+00:00\",\"description\":\"L\u00f6wen-Apotheke24| registrierte deutsche Online-Apotheke | Schneller internationaler Versand | Produkt von vitOrgan | Conisan N Augentropfen 20x 0,5 ml\",\"breadcrumb\":{\"@id\":\"https:\/\/loewentestneu.metafex.io\/de\/produkt\/conisan-n-augentropfen-11669918#breadcrumb\"},\"inLanguage\":\"de\",\"potentialAction\":[{\"@type\":\"ReadAction\",\"target\":[\"https:\/\/loewentestneu.metafex.io\/de\/produkt\/conisan-n-augentropfen-11669918\"]}]},{\"@type\":\"ImageObject\",\"inLanguage\":\"de\",\"@id\":\"https:\/\/loewentestneu.metafex.io\/de\/produkt\/conisan-n-augentropfen-11669918#primaryimage\",\"url\":\"https:\/\/loewentestneu.metafex.io\/wp-content\/uploads\/2023\/09\/Conisan-N-eye-drops-11669918-vitorgan-Lions-Pharmacy-loewen-apotheke24.webp\",\"contentUrl\":\"https:\/\/loewentestneu.metafex.io\/wp-content\/uploads\/2023\/09\/Conisan-N-eye-drops-11669918-vitorgan-Lions-Pharmacy-loewen-apotheke24.webp\",\"width\":600,\"height\":600,\"caption\":\"Conisan N Augentropfen 11669918 vitorgan Lions Apotheke loewen-apotheke24\"},{\"@type\":\"BreadcrumbList\",\"@id\":\"https:\/\/loewentestneu.metafex.io\/de\/produkt\/conisan-n-augentropfen-11669918#breadcrumb\",\"itemListElement\":[{\"@type\":\"ListItem\",\"position\":1,\"name\":\"Home\",\"item\":\"https:\/\/loewentestneu.metafex.io\/de\/homepage-lion-pharmacy\"},{\"@type\":\"ListItem\",\"position\":2,\"name\":\"Shop\",\"item\":\"https:\/\/loewentestneu.metafex.io\/de\/shop-2\"},{\"@type\":\"ListItem\",\"position\":3,\"name\":\"Conisan N Augentropfen 20x 0,5 ml\"}]},{\"@type\":\"WebSite\",\"@id\":\"https:\/\/loewentestneu.metafex.io\/de#website\",\"url\":\"https:\/\/loewentestneu.metafex.io\/de\",\"name\":\"Lions Pharmacy\",\"description\":\"Ihr Spezialist f\u00fcr Naturheilkunde aus Baden-Baden, Germany\",\"publisher\":{\"@id\":\"https:\/\/loewentestneu.metafex.io\/de#organization\"},\"alternateName\":\"Lion Pharmacy\",\"potentialAction\":[{\"@type\":\"SearchAction\",\"target\":{\"@type\":\"EntryPoint\",\"urlTemplate\":\"https:\/\/loewentestneu.metafex.io\/de?s={search_term_string}\"},\"query-input\":{\"@type\":\"PropertyValueSpecification\",\"valueRequired\":true,\"valueName\":\"search_term_string\"}}],\"inLanguage\":\"de\"},{\"@type\":\"Organization\",\"@id\":\"https:\/\/loewentestneu.metafex.io\/de#organization\",\"name\":\"Lions Pharmacy\",\"alternateName\":\"Lions Pharmacy24\",\"url\":\"https:\/\/loewentestneu.metafex.io\/de\",\"logo\":{\"@type\":\"ImageObject\",\"inLanguage\":\"de\",\"@id\":\"https:\/\/loewentestneu.metafex.io\/de#\/schema\/logo\/image\/\",\"url\":\"https:\/\/loewentestneu.metafex.io\/wp-content\/uploads\/2022\/12\/Logo-Lion-Pharmacy-c-o-Loewen-Apotheke-smal.jpg\",\"contentUrl\":\"https:\/\/loewentestneu.metafex.io\/wp-content\/uploads\/2022\/12\/Logo-Lion-Pharmacy-c-o-Loewen-Apotheke-smal.jpg\",\"width\":298,\"height\":99,\"caption\":\"Lions Pharmacy\"},\"image\":{\"@id\":\"https:\/\/loewentestneu.metafex.io\/de#\/schema\/logo\/image\/\"}}]}<\/script>\n<!-- \/ Yoast SEO plugin. -->","yoast_head_json":{"title":"Conisan N Augentropfen 20x 0,5 ml &#187; vitOrgan - Hier bestellen","description":"L\u00f6wen-Apotheke24| registrierte deutsche Online-Apotheke | Schneller internationaler Versand | Produkt von vitOrgan | Conisan N Augentropfen 20x 0,5 ml","robots":{"index":"noindex","follow":"follow","max-snippet":"max-snippet:-1","max-image-preview":"max-image-preview:large","max-video-preview":"max-video-preview:-1"},"og_locale":"de_DE","og_type":"article","og_title":"Conisan N Augentropfen 20x 0,5 ml &#187; vitOrgan - Hier bestellen","og_description":"L\u00f6wen-Apotheke24| registrierte deutsche Online-Apotheke | Schneller internationaler Versand | Produkt von vitOrgan | Conisan N Augentropfen 20x 0,5 ml","og_url":"https:\/\/loewentestneu.metafex.io\/de\/produkt\/conisan-n-augentropfen-11669918","og_site_name":"L\u00f6wen Apotheke","article_modified_time":"2025-01-27T15:12:52+00:00","og_image":[{"width":600,"height":600,"url":"https:\/\/loewentestneu.metafex.io\/wp-content\/uploads\/2023\/09\/Conisan-N-eye-drops-11669918-vitorgan-Lions-Pharmacy-loewen-apotheke24.webp","type":"image\/webp"}],"twitter_card":"summary_large_image","twitter_misc":{"Gesch\u00e4tzte Lesezeit":"1\u00a0Minute"},"schema":{"@context":"https:\/\/schema.org","@graph":[{"@type":"WebPage","@id":"https:\/\/loewentestneu.metafex.io\/de\/produkt\/conisan-n-augentropfen-11669918","url":"https:\/\/loewentestneu.metafex.io\/de\/produkt\/conisan-n-augentropfen-11669918","name":"Conisan N Augentropfen 20x 0,5 ml &#187; vitOrgan - Hier bestellen","isPartOf":{"@id":"https:\/\/loewentestneu.metafex.io\/de#website"},"primaryImageOfPage":{"@id":"https:\/\/loewentestneu.metafex.io\/de\/produkt\/conisan-n-augentropfen-11669918#primaryimage"},"image":{"@id":"https:\/\/loewentestneu.metafex.io\/de\/produkt\/conisan-n-augentropfen-11669918#primaryimage"},"thumbnailUrl":"https:\/\/loewentestneu.metafex.io\/wp-content\/uploads\/2023\/09\/Conisan-N-eye-drops-11669918-vitorgan-Lions-Pharmacy-loewen-apotheke24.webp","datePublished":"2023-09-16T04:36:23+00:00","dateModified":"2025-01-27T15:12:52+00:00","description":"L\u00f6wen-Apotheke24| registrierte deutsche Online-Apotheke | Schneller internationaler Versand | Produkt von vitOrgan | Conisan N Augentropfen 20x 0,5 ml","breadcrumb":{"@id":"https:\/\/loewentestneu.metafex.io\/de\/produkt\/conisan-n-augentropfen-11669918#breadcrumb"},"inLanguage":"de","potentialAction":[{"@type":"ReadAction","target":["https:\/\/loewentestneu.metafex.io\/de\/produkt\/conisan-n-augentropfen-11669918"]}]},{"@type":"ImageObject","inLanguage":"de","@id":"https:\/\/loewentestneu.metafex.io\/de\/produkt\/conisan-n-augentropfen-11669918#primaryimage","url":"https:\/\/loewentestneu.metafex.io\/wp-content\/uploads\/2023\/09\/Conisan-N-eye-drops-11669918-vitorgan-Lions-Pharmacy-loewen-apotheke24.webp","contentUrl":"https:\/\/loewentestneu.metafex.io\/wp-content\/uploads\/2023\/09\/Conisan-N-eye-drops-11669918-vitorgan-Lions-Pharmacy-loewen-apotheke24.webp","width":600,"height":600,"caption":"Conisan N Augentropfen 11669918 vitorgan Lions Apotheke loewen-apotheke24"},{"@type":"BreadcrumbList","@id":"https:\/\/loewentestneu.metafex.io\/de\/produkt\/conisan-n-augentropfen-11669918#breadcrumb","itemListElement":[{"@type":"ListItem","position":1,"name":"Home","item":"https:\/\/loewentestneu.metafex.io\/de\/homepage-lion-pharmacy"},{"@type":"ListItem","position":2,"name":"Shop","item":"https:\/\/loewentestneu.metafex.io\/de\/shop-2"},{"@type":"ListItem","position":3,"name":"Conisan N Augentropfen 20x 0,5 ml"}]},{"@type":"WebSite","@id":"https:\/\/loewentestneu.metafex.io\/de#website","url":"https:\/\/loewentestneu.metafex.io\/de","name":"Lions Pharmacy","description":"Ihr Spezialist f\u00fcr Naturheilkunde aus Baden-Baden, Germany","publisher":{"@id":"https:\/\/loewentestneu.metafex.io\/de#organization"},"alternateName":"Lion Pharmacy","potentialAction":[{"@type":"SearchAction","target":{"@type":"EntryPoint","urlTemplate":"https:\/\/loewentestneu.metafex.io\/de?s={search_term_string}"},"query-input":{"@type":"PropertyValueSpecification","valueRequired":true,"valueName":"search_term_string"}}],"inLanguage":"de"},{"@type":"Organization","@id":"https:\/\/loewentestneu.metafex.io\/de#organization","name":"Lions Pharmacy","alternateName":"Lions Pharmacy24","url":"https:\/\/loewentestneu.metafex.io\/de","logo":{"@type":"ImageObject","inLanguage":"de","@id":"https:\/\/loewentestneu.metafex.io\/de#\/schema\/logo\/image\/","url":"https:\/\/loewentestneu.metafex.io\/wp-content\/uploads\/2022\/12\/Logo-Lion-Pharmacy-c-o-Loewen-Apotheke-smal.jpg","contentUrl":"https:\/\/loewentestneu.metafex.io\/wp-content\/uploads\/2022\/12\/Logo-Lion-Pharmacy-c-o-Loewen-Apotheke-smal.jpg","width":298,"height":99,"caption":"Lions Pharmacy"},"image":{"@id":"https:\/\/loewentestneu.metafex.io\/de#\/schema\/logo\/image\/"}}]}},"_links":{"self":[{"href":"https:\/\/loewentestneu.metafex.io\/de\/wp-json\/wp\/v2\/product\/2753","targetHints":{"allow":["GET"]}}],"collection":[{"href":"https:\/\/loewentestneu.metafex.io\/de\/wp-json\/wp\/v2\/product"}],"about":[{"href":"https:\/\/loewentestneu.metafex.io\/de\/wp-json\/wp\/v2\/types\/product"}],"replies":[{"embeddable":true,"href":"https:\/\/loewentestneu.metafex.io\/de\/wp-json\/wp\/v2\/comments?post=2753"}],"wp:featuredmedia":[{"embeddable":true,"href":"https:\/\/loewentestneu.metafex.io\/de\/wp-json\/wp\/v2\/media\/2754"}],"wp:attachment":[{"href":"https:\/\/loewentestneu.metafex.io\/de\/wp-json\/wp\/v2\/media?parent=2753"}],"wp:term":[{"taxonomy":"product_brand","embeddable":true,"href":"https:\/\/loewentestneu.metafex.io\/de\/wp-json\/wp\/v2\/product_brand?post=2753"},{"taxonomy":"product_cat","embeddable":true,"href":"https:\/\/loewentestneu.metafex.io\/de\/wp-json\/wp\/v2\/product_cat?post=2753"},{"taxonomy":"product_tag","embeddable":true,"href":"https:\/\/loewentestneu.metafex.io\/de\/wp-json\/wp\/v2\/product_tag?post=2753"}],"curies":[{"name":"wp","href":"https:\/\/api.w.org\/{rel}","templated":true}]}}