{"id":2773,"date":"2022-12-30T16:43:22","date_gmt":"2022-12-30T15:43:22","guid":{"rendered":"https:\/\/lions-pharmacy.com\/product\/neydil-nr-30-d7-ampullen-5x-2ml"},"modified":"2025-01-26T19:56:43","modified_gmt":"2025-01-26T18:56:43","slug":"neydil-nr-30-d7-ampullen-5x2ml-6486742","status":"publish","type":"product","link":"https:\/\/loewentestneu.metafex.io\/de\/produkt\/neydil-nr-30-d7-ampullen-5x2ml-6486742","title":{"rendered":"Neydil Nr.30 D7 Ampullen 5x 2ml"},"content":{"rendered":"<h2>Neydil Nr.30 D7 Ampullen<\/h2>\n<p>Neydil Nr.30 D7 &#8211; &#8220;Glandula Thyreoidea&#8221;.<\/p>\n<p>Die von vitOrgan zur biomolekularen Therapie angebotenen organhom\u00f6opathischen Pr\u00e4parate nutzen nat\u00fcrliche regulatorisch und metabolisch wirkende organische Substanzen, um aus dem Gleichgewicht geratene Prozesse physiologisch wieder zu normalisieren. Die biomolekulare vitOrgan-Therapie ist seit 60 Jahren eine sehr erfolgreiche Therapie. Sie bildet eine Br\u00fccke zwischen den so genannten Bereichen der Schulmedizin und der Naturheilkunde. Sie bedient sich nat\u00fcrlicher, regulierender und stoffwechselfunktioneller Substanzen, die bei Mensch und Tier vorhanden sind, um Krankheiten zu normalisieren, indem sie die aus dem Gleichgewicht geratenen physiologischen Prozesse ver\u00e4ndert &#8211; und damit den Patienten nicht nur symptomatisch, sondern auch kausal behandelt. Nach dem Prinzip \u201eHerz heilt Herz, Niere heilt Niere, Organ heilt Organ\u201c gilt es, die Kraft geschw\u00e4chter Zellen durch gezielte Regulation zu wecken.<\/p>\n<p>Packungsbeilage\/Gebrauchsanweisung\/Artikeldatenblatt: Neydil Nr.30 D7 Ampullen (PDF-Reader)<\/p>\n<p>Alternativer Produktname: Neydil Nr. 30 D7<\/p>\n<p>Weitere Produkte f\u00fcr diese Anwendung: <a href=\"https:\/\/loewentestneu.metafex.io\/produkt-kategorie\/vitorgan\">vitOrgan<\/a><\/p>\n<p>Erfahren Sie mehr \u00fcber den Hersteller und dieses Produkt: <a href=\"https:\/\/vitorgan.de\/en\/products\/\" target=\"_blank\" rel=\"noopener\">vitOrgan<\/a> (Link zu externer Website)<\/p>\n<p>Informationen auf dieser Website werden ausschlie\u00dflich f\u00fcr informative Zwecke zur Verf\u00fcgung gestellt. Sie ersetzen keinesfalls die Untersuchung und Behandlung durch einen Arzt. Bitte beachten Sie, dass hierdurch weder Diagnosen gestellt noch Therapien eingeleitet werden k\u00f6nnen.<\/p>\n<p>Zu Risiken und Nebenwirkungen lesen Sie die Packungsbeilage und fragen Sie Ihren Arzt oder Apotheker.<\/p>\n","protected":false},"excerpt":{"rendered":"<h2>Neydil Nr.30 D7 Ampullen 5x 2ml<\/h2>\n<p>&#8220;Glandula thyreoidea&#8221;<\/p>\n<p>&nbsp;<\/p>\n<p><strong>PZN<\/strong>: 6486742 (Pharmazentralnummer)<\/p>\n<p><strong>Darreichungsform<\/strong>: Ampullen<\/p>\n<p><strong>Verschreibungsart<\/strong>: verschreibungsfrei<\/p>\n<p><strong>Marke<\/strong>: vitOrgan<\/p>\n<p><strong>Hersteller<\/strong>: vitOrgan GmbH &amp; Co.KG, Ostfildern, Deutschland<\/p>\n<p><strong>Packungsgr\u00f6\u00dfe<\/strong>: 5 St\u00fcck a 2ml<\/p>\n","protected":false},"featured_media":4734,"comment_status":"closed","ping_status":"closed","template":"","meta":[],"product_brand":[],"product_cat":[367,368,371],"product_tag":[426],"class_list":{"0":"post-2773","1":"product","2":"type-product","3":"status-publish","4":"has-post-thumbnail","6":"product_cat-sale-de","7":"product_cat-shop-de","8":"product_cat-vitorgan-de","9":"product_tag-neydil-de","10":"ts_product_brand-alle","11":"ts_product_brand-vitorgan-de","13":"first","14":"instock","15":"sale","16":"taxable","17":"shipping-taxable","18":"purchasable","19":"product-type-simple"},"yoast_head":"<!-- This site is optimized with the Yoast SEO plugin v26.5 - https:\/\/yoast.com\/wordpress\/plugins\/seo\/ -->\n<title>Neydil Nr.30 D7 Ampullen 5x 2ml &#187; vitOrgan<\/title>\n<meta name=\"description\" content=\"Neydil Nr.30 D7 Ampullen 5x 2ml &#187; Online kaufen bei L\u00f6wen Apotheke - Spezialist f\u00fcr Naturmedizin. Schneller internationaler Versand &amp; Top Service.\" \/>\n<meta name=\"robots\" content=\"noindex, follow, max-snippet:-1, max-image-preview:large, max-video-preview:-1\" \/>\n<meta property=\"og:locale\" content=\"de_DE\" \/>\n<meta property=\"og:type\" content=\"article\" \/>\n<meta property=\"og:title\" content=\"Neydil Nr.30 D7 Ampullen 5x 2ml &#187; vitOrgan\" \/>\n<meta property=\"og:description\" content=\"Neydil Nr.30 D7 Ampullen 5x 2ml &#187; Online kaufen bei L\u00f6wen Apotheke - Spezialist f\u00fcr Naturmedizin. Schneller internationaler Versand &amp; Top Service.\" \/>\n<meta property=\"og:url\" content=\"https:\/\/loewentestneu.metafex.io\/de\/produkt\/neydil-nr-30-d7-ampullen-5x2ml-6486742\" \/>\n<meta property=\"og:site_name\" content=\"L\u00f6wen Apotheke\" \/>\n<meta property=\"article:modified_time\" content=\"2025-01-26T18:56:43+00:00\" \/>\n<meta property=\"og:image\" content=\"https:\/\/loewentestneu.metafex.io\/wp-content\/uploads\/2022\/12\/NeyDil-No.30-D7-vitOrgan-Arzneimittel-Lions-Pharmacy.webp\" \/>\n\t<meta property=\"og:image:width\" content=\"600\" \/>\n\t<meta property=\"og:image:height\" content=\"600\" \/>\n\t<meta property=\"og:image:type\" content=\"image\/webp\" \/>\n<meta name=\"twitter:card\" content=\"summary_large_image\" \/>\n<meta name=\"twitter:label1\" content=\"Gesch\u00e4tzte Lesezeit\" \/>\n\t<meta name=\"twitter:data1\" content=\"1\u00a0Minute\" \/>\n<script type=\"application\/ld+json\" class=\"yoast-schema-graph\">{\"@context\":\"https:\/\/schema.org\",\"@graph\":[{\"@type\":\"WebPage\",\"@id\":\"https:\/\/loewentestneu.metafex.io\/de\/produkt\/neydil-nr-30-d7-ampullen-5x2ml-6486742\",\"url\":\"https:\/\/loewentestneu.metafex.io\/de\/produkt\/neydil-nr-30-d7-ampullen-5x2ml-6486742\",\"name\":\"Neydil Nr.30 D7 Ampullen 5x 2ml &#187; vitOrgan\",\"isPartOf\":{\"@id\":\"https:\/\/loewentestneu.metafex.io\/de#website\"},\"primaryImageOfPage\":{\"@id\":\"https:\/\/loewentestneu.metafex.io\/de\/produkt\/neydil-nr-30-d7-ampullen-5x2ml-6486742#primaryimage\"},\"image\":{\"@id\":\"https:\/\/loewentestneu.metafex.io\/de\/produkt\/neydil-nr-30-d7-ampullen-5x2ml-6486742#primaryimage\"},\"thumbnailUrl\":\"https:\/\/loewentestneu.metafex.io\/wp-content\/uploads\/2022\/12\/NeyDil-No.30-D7-vitOrgan-Arzneimittel-Lions-Pharmacy.webp\",\"datePublished\":\"2022-12-30T15:43:22+00:00\",\"dateModified\":\"2025-01-26T18:56:43+00:00\",\"description\":\"Neydil Nr.30 D7 Ampullen 5x 2ml &#187; Online kaufen bei L\u00f6wen Apotheke - Spezialist f\u00fcr Naturmedizin. Schneller internationaler Versand & Top Service.\",\"breadcrumb\":{\"@id\":\"https:\/\/loewentestneu.metafex.io\/de\/produkt\/neydil-nr-30-d7-ampullen-5x2ml-6486742#breadcrumb\"},\"inLanguage\":\"de\",\"potentialAction\":[{\"@type\":\"ReadAction\",\"target\":[\"https:\/\/loewentestneu.metafex.io\/de\/produkt\/neydil-nr-30-d7-ampullen-5x2ml-6486742\"]}]},{\"@type\":\"ImageObject\",\"inLanguage\":\"de\",\"@id\":\"https:\/\/loewentestneu.metafex.io\/de\/produkt\/neydil-nr-30-d7-ampullen-5x2ml-6486742#primaryimage\",\"url\":\"https:\/\/loewentestneu.metafex.io\/wp-content\/uploads\/2022\/12\/NeyDil-No.30-D7-vitOrgan-Arzneimittel-Lions-Pharmacy.webp\",\"contentUrl\":\"https:\/\/loewentestneu.metafex.io\/wp-content\/uploads\/2022\/12\/NeyDil-No.30-D7-vitOrgan-Arzneimittel-Lions-Pharmacy.webp\",\"width\":600,\"height\":600,\"caption\":\"NeyDil Nr.30 D7 vitOrgan Arzneimittel Lions Apotheke\"},{\"@type\":\"BreadcrumbList\",\"@id\":\"https:\/\/loewentestneu.metafex.io\/de\/produkt\/neydil-nr-30-d7-ampullen-5x2ml-6486742#breadcrumb\",\"itemListElement\":[{\"@type\":\"ListItem\",\"position\":1,\"name\":\"Home\",\"item\":\"https:\/\/loewentestneu.metafex.io\/de\/homepage-lion-pharmacy\"},{\"@type\":\"ListItem\",\"position\":2,\"name\":\"Shop\",\"item\":\"https:\/\/loewentestneu.metafex.io\/de\/shop-2\"},{\"@type\":\"ListItem\",\"position\":3,\"name\":\"Neydil Nr.30 D7 Ampullen 5x 2ml\"}]},{\"@type\":\"WebSite\",\"@id\":\"https:\/\/loewentestneu.metafex.io\/de#website\",\"url\":\"https:\/\/loewentestneu.metafex.io\/de\",\"name\":\"Lions Pharmacy\",\"description\":\"Ihr Spezialist f\u00fcr Naturheilkunde aus Baden-Baden, Germany\",\"publisher\":{\"@id\":\"https:\/\/loewentestneu.metafex.io\/de#organization\"},\"alternateName\":\"Lion Pharmacy\",\"potentialAction\":[{\"@type\":\"SearchAction\",\"target\":{\"@type\":\"EntryPoint\",\"urlTemplate\":\"https:\/\/loewentestneu.metafex.io\/de?s={search_term_string}\"},\"query-input\":{\"@type\":\"PropertyValueSpecification\",\"valueRequired\":true,\"valueName\":\"search_term_string\"}}],\"inLanguage\":\"de\"},{\"@type\":\"Organization\",\"@id\":\"https:\/\/loewentestneu.metafex.io\/de#organization\",\"name\":\"Lions Pharmacy\",\"alternateName\":\"Lions Pharmacy24\",\"url\":\"https:\/\/loewentestneu.metafex.io\/de\",\"logo\":{\"@type\":\"ImageObject\",\"inLanguage\":\"de\",\"@id\":\"https:\/\/loewentestneu.metafex.io\/de#\/schema\/logo\/image\/\",\"url\":\"https:\/\/loewentestneu.metafex.io\/wp-content\/uploads\/2022\/12\/Logo-Lion-Pharmacy-c-o-Loewen-Apotheke-smal.jpg\",\"contentUrl\":\"https:\/\/loewentestneu.metafex.io\/wp-content\/uploads\/2022\/12\/Logo-Lion-Pharmacy-c-o-Loewen-Apotheke-smal.jpg\",\"width\":298,\"height\":99,\"caption\":\"Lions Pharmacy\"},\"image\":{\"@id\":\"https:\/\/loewentestneu.metafex.io\/de#\/schema\/logo\/image\/\"}}]}<\/script>\n<!-- \/ Yoast SEO plugin. -->","yoast_head_json":{"title":"Neydil Nr.30 D7 Ampullen 5x 2ml &#187; vitOrgan","description":"Neydil Nr.30 D7 Ampullen 5x 2ml &#187; Online kaufen bei L\u00f6wen Apotheke - Spezialist f\u00fcr Naturmedizin. Schneller internationaler Versand & Top Service.","robots":{"index":"noindex","follow":"follow","max-snippet":"max-snippet:-1","max-image-preview":"max-image-preview:large","max-video-preview":"max-video-preview:-1"},"og_locale":"de_DE","og_type":"article","og_title":"Neydil Nr.30 D7 Ampullen 5x 2ml &#187; vitOrgan","og_description":"Neydil Nr.30 D7 Ampullen 5x 2ml &#187; Online kaufen bei L\u00f6wen Apotheke - Spezialist f\u00fcr Naturmedizin. Schneller internationaler Versand & Top Service.","og_url":"https:\/\/loewentestneu.metafex.io\/de\/produkt\/neydil-nr-30-d7-ampullen-5x2ml-6486742","og_site_name":"L\u00f6wen Apotheke","article_modified_time":"2025-01-26T18:56:43+00:00","og_image":[{"width":600,"height":600,"url":"https:\/\/loewentestneu.metafex.io\/wp-content\/uploads\/2022\/12\/NeyDil-No.30-D7-vitOrgan-Arzneimittel-Lions-Pharmacy.webp","type":"image\/webp"}],"twitter_card":"summary_large_image","twitter_misc":{"Gesch\u00e4tzte Lesezeit":"1\u00a0Minute"},"schema":{"@context":"https:\/\/schema.org","@graph":[{"@type":"WebPage","@id":"https:\/\/loewentestneu.metafex.io\/de\/produkt\/neydil-nr-30-d7-ampullen-5x2ml-6486742","url":"https:\/\/loewentestneu.metafex.io\/de\/produkt\/neydil-nr-30-d7-ampullen-5x2ml-6486742","name":"Neydil Nr.30 D7 Ampullen 5x 2ml &#187; vitOrgan","isPartOf":{"@id":"https:\/\/loewentestneu.metafex.io\/de#website"},"primaryImageOfPage":{"@id":"https:\/\/loewentestneu.metafex.io\/de\/produkt\/neydil-nr-30-d7-ampullen-5x2ml-6486742#primaryimage"},"image":{"@id":"https:\/\/loewentestneu.metafex.io\/de\/produkt\/neydil-nr-30-d7-ampullen-5x2ml-6486742#primaryimage"},"thumbnailUrl":"https:\/\/loewentestneu.metafex.io\/wp-content\/uploads\/2022\/12\/NeyDil-No.30-D7-vitOrgan-Arzneimittel-Lions-Pharmacy.webp","datePublished":"2022-12-30T15:43:22+00:00","dateModified":"2025-01-26T18:56:43+00:00","description":"Neydil Nr.30 D7 Ampullen 5x 2ml &#187; Online kaufen bei L\u00f6wen Apotheke - Spezialist f\u00fcr Naturmedizin. Schneller internationaler Versand & Top Service.","breadcrumb":{"@id":"https:\/\/loewentestneu.metafex.io\/de\/produkt\/neydil-nr-30-d7-ampullen-5x2ml-6486742#breadcrumb"},"inLanguage":"de","potentialAction":[{"@type":"ReadAction","target":["https:\/\/loewentestneu.metafex.io\/de\/produkt\/neydil-nr-30-d7-ampullen-5x2ml-6486742"]}]},{"@type":"ImageObject","inLanguage":"de","@id":"https:\/\/loewentestneu.metafex.io\/de\/produkt\/neydil-nr-30-d7-ampullen-5x2ml-6486742#primaryimage","url":"https:\/\/loewentestneu.metafex.io\/wp-content\/uploads\/2022\/12\/NeyDil-No.30-D7-vitOrgan-Arzneimittel-Lions-Pharmacy.webp","contentUrl":"https:\/\/loewentestneu.metafex.io\/wp-content\/uploads\/2022\/12\/NeyDil-No.30-D7-vitOrgan-Arzneimittel-Lions-Pharmacy.webp","width":600,"height":600,"caption":"NeyDil Nr.30 D7 vitOrgan Arzneimittel Lions Apotheke"},{"@type":"BreadcrumbList","@id":"https:\/\/loewentestneu.metafex.io\/de\/produkt\/neydil-nr-30-d7-ampullen-5x2ml-6486742#breadcrumb","itemListElement":[{"@type":"ListItem","position":1,"name":"Home","item":"https:\/\/loewentestneu.metafex.io\/de\/homepage-lion-pharmacy"},{"@type":"ListItem","position":2,"name":"Shop","item":"https:\/\/loewentestneu.metafex.io\/de\/shop-2"},{"@type":"ListItem","position":3,"name":"Neydil Nr.30 D7 Ampullen 5x 2ml"}]},{"@type":"WebSite","@id":"https:\/\/loewentestneu.metafex.io\/de#website","url":"https:\/\/loewentestneu.metafex.io\/de","name":"Lions Pharmacy","description":"Ihr Spezialist f\u00fcr Naturheilkunde aus Baden-Baden, Germany","publisher":{"@id":"https:\/\/loewentestneu.metafex.io\/de#organization"},"alternateName":"Lion Pharmacy","potentialAction":[{"@type":"SearchAction","target":{"@type":"EntryPoint","urlTemplate":"https:\/\/loewentestneu.metafex.io\/de?s={search_term_string}"},"query-input":{"@type":"PropertyValueSpecification","valueRequired":true,"valueName":"search_term_string"}}],"inLanguage":"de"},{"@type":"Organization","@id":"https:\/\/loewentestneu.metafex.io\/de#organization","name":"Lions Pharmacy","alternateName":"Lions Pharmacy24","url":"https:\/\/loewentestneu.metafex.io\/de","logo":{"@type":"ImageObject","inLanguage":"de","@id":"https:\/\/loewentestneu.metafex.io\/de#\/schema\/logo\/image\/","url":"https:\/\/loewentestneu.metafex.io\/wp-content\/uploads\/2022\/12\/Logo-Lion-Pharmacy-c-o-Loewen-Apotheke-smal.jpg","contentUrl":"https:\/\/loewentestneu.metafex.io\/wp-content\/uploads\/2022\/12\/Logo-Lion-Pharmacy-c-o-Loewen-Apotheke-smal.jpg","width":298,"height":99,"caption":"Lions Pharmacy"},"image":{"@id":"https:\/\/loewentestneu.metafex.io\/de#\/schema\/logo\/image\/"}}]}},"_links":{"self":[{"href":"https:\/\/loewentestneu.metafex.io\/de\/wp-json\/wp\/v2\/product\/2773","targetHints":{"allow":["GET"]}}],"collection":[{"href":"https:\/\/loewentestneu.metafex.io\/de\/wp-json\/wp\/v2\/product"}],"about":[{"href":"https:\/\/loewentestneu.metafex.io\/de\/wp-json\/wp\/v2\/types\/product"}],"replies":[{"embeddable":true,"href":"https:\/\/loewentestneu.metafex.io\/de\/wp-json\/wp\/v2\/comments?post=2773"}],"wp:featuredmedia":[{"embeddable":true,"href":"https:\/\/loewentestneu.metafex.io\/de\/wp-json\/wp\/v2\/media\/4734"}],"wp:attachment":[{"href":"https:\/\/loewentestneu.metafex.io\/de\/wp-json\/wp\/v2\/media?parent=2773"}],"wp:term":[{"taxonomy":"product_brand","embeddable":true,"href":"https:\/\/loewentestneu.metafex.io\/de\/wp-json\/wp\/v2\/product_brand?post=2773"},{"taxonomy":"product_cat","embeddable":true,"href":"https:\/\/loewentestneu.metafex.io\/de\/wp-json\/wp\/v2\/product_cat?post=2773"},{"taxonomy":"product_tag","embeddable":true,"href":"https:\/\/loewentestneu.metafex.io\/de\/wp-json\/wp\/v2\/product_tag?post=2773"}],"curies":[{"name":"wp","href":"https:\/\/api.w.org\/{rel}","templated":true}]}}