{"id":2790,"date":"2023-09-16T14:52:08","date_gmt":"2023-09-16T13:52:08","guid":{"rendered":"https:\/\/lions-pharmacy.com\/product\/gripp-heel-tabletten-250-stueck"},"modified":"2025-01-24T21:58:09","modified_gmt":"2025-01-24T20:58:09","slug":"gripp-heel-tabletten-250-pc-00433302","status":"publish","type":"product","link":"https:\/\/loewentestneu.metafex.io\/de\/produkt\/gripp-heel-tabletten-250-pc-00433302","title":{"rendered":"Gripp-Heel Tabletten 250 St\u00fcck"},"content":{"rendered":"<h3>Gripp-Heel Tabletten 250 St\u00fcck<\/h3>\n<p>Gripp-Heel-Tabletten 250 St. eignen sich besonders zur Behandlung grippaler Infekte, wenn die Symptome bereits ausgepr\u00e4gt sind. Es unterst\u00fctzt die k\u00f6rpereigenen Abwehrkr\u00e4fte, lindert akute Beschwerden, wirkt entz\u00fcndungshemmend und f\u00f6rdert die Heilung des grippalen Infekts. Aus den einzelnen Inhaltsstoffen ergibt sich die symptomlindernde Wirkung von Gripp-Heel: Aconitum napellus wird vor allem bei akuten Entz\u00fcndungen der Schleimh\u00e4ute eingesetzt. Eupatorium perfoliatum wird bei Fieber, Gliederschmerzen und Heiserkeit eingesetzt.<\/p>\n<p>Lachesis wird bei Kopfschmerzen, Sch\u00fcttelfrost und Schleimhautentz\u00fcndungen eingesetzt. Bryonia erg\u00e4nzt das Wirkungsspektrum von Gripp-Heel-Tabletten, indem es Kehlkopfentz\u00fcndung und Husten beeinflusst. Bei Ersch\u00f6pfung wirkt Phosphor unterst\u00fctzend, was sich zus\u00e4tzlich bei Entz\u00fcndungen der Atemwege bew\u00e4hrt hat.<\/p>\n<p>Indikation: grippale Infekte.<\/p>\n<p>Andere Produkte f\u00fcr die Anwendung: Infektionen | <a href=\"https:\/\/loewentestneu.metafex.io\/product-tag\/vitamins-supplements\">Vitamine &amp; Nahrungserg\u00e4nzungsmittel<\/a><br \/>\nErfahren Sie mehr \u00fcber manufactorer und dieses Produkt: <a href=\"https:\/\/www.heel.de\/de\/produktsuche.html\" target=\"_blank\" rel=\"noopener\">Biologische Heilmittel Heel GmbH<\/a> (Link zu externer Website)<\/p>\n<p>Informationen auf dieser Website werden ausschlie\u00dflich f\u00fcr informative Zwecke zur Verf\u00fcgung gestellt. Sie ersetzen keinesfalls die Untersuchung und Behandlung durch einen Arzt. Bitte beachten Sie, dass hierdurch weder Diagnosen gestellt noch Therapien eingeleitet werden k\u00f6nnen.<\/p>\n<p>Zu Risiken und Nebenwirkungen lesen Sie die Packungsbeilage und fragen Sie Ihren Arzt oder Apotheker.<\/p>\n","protected":false},"excerpt":{"rendered":"<h2>Gripp-Heel Tabletten 250 St\u00fcck<\/h2>\n<p>Gripp Heel Tabletten eignen sich besonders zur Behandlung von grippalen Infekten.<\/p>\n<p>&nbsp;<\/p>\n<p><strong>PZN<\/strong>: 00433302 (Pharmazentralnummer)<\/p>\n<p><strong>Darreichungsform<\/strong>: Tabletten<\/p>\n<p><strong>Verschreibungsart<\/strong>: verschreibungsfrei<\/p>\n<p><strong>Marke<\/strong>: Gripp-Heel<\/p>\n<p><strong>Hersteller<\/strong>: Biologische Heilmittel Heel GmbH<\/p>\n<p><strong>Packungsgr\u00f6\u00dfe<\/strong>: 250 St\u00fcck<\/p>\n","protected":false},"featured_media":4750,"comment_status":"closed","ping_status":"closed","template":"","meta":[],"product_brand":[],"product_cat":[364,367,368],"product_tag":[379],"class_list":{"0":"post-2790","1":"product","2":"type-product","3":"status-publish","4":"has-post-thumbnail","6":"product_cat-heel-de","7":"product_cat-sale-de","8":"product_cat-shop-de","9":"product_tag-monatlicher-sale-de","10":"product_shipping_class-standard-de","11":"ts_product_brand-heel-de","13":"first","14":"instock","15":"sale","16":"taxable","17":"shipping-taxable","18":"purchasable","19":"product-type-simple"},"yoast_head":"<!-- This site is optimized with the Yoast SEO plugin v26.5 - https:\/\/yoast.com\/wordpress\/plugins\/seo\/ -->\n<title>Gripp-Heel Tabletten 250 St\u00fcck &#187; L\u00f6wen Apotheke &#187;<\/title>\n<meta name=\"description\" content=\"Registrierte deutsche Online-Apotheke. Schneller internationaler Versand und sicheres online einkaufen. Heel: Gripp-Heel Tabletten 250 St\u00fcck &gt; hier direkt bestellen\" \/>\n<meta name=\"robots\" content=\"noindex, follow, max-snippet:-1, max-image-preview:large, max-video-preview:-1\" \/>\n<meta property=\"og:locale\" content=\"de_DE\" \/>\n<meta property=\"og:type\" content=\"article\" \/>\n<meta property=\"og:title\" content=\"Gripp-Heel Tabletten 250 St\u00fcck &#187; L\u00f6wen Apotheke &#187;\" \/>\n<meta property=\"og:description\" content=\"Registrierte deutsche Online-Apotheke. Schneller internationaler Versand und sicheres online einkaufen. Heel: Gripp-Heel Tabletten 250 St\u00fcck &gt; hier direkt bestellen\" \/>\n<meta property=\"og:url\" content=\"https:\/\/loewentestneu.metafex.io\/de\/produkt\/gripp-heel-tabletten-250-pc-00433302\" \/>\n<meta property=\"og:site_name\" content=\"L\u00f6wen Apotheke\" \/>\n<meta property=\"article:modified_time\" content=\"2025-01-24T20:58:09+00:00\" \/>\n<meta property=\"og:image\" content=\"https:\/\/loewentestneu.metafex.io\/wp-content\/uploads\/2023\/09\/Gripp-Heel-Tablets-250-pc-Heel-Lions-Pharmacy.webp\" \/>\n\t<meta property=\"og:image:width\" content=\"600\" \/>\n\t<meta property=\"og:image:height\" content=\"600\" \/>\n\t<meta property=\"og:image:type\" content=\"image\/webp\" \/>\n<meta name=\"twitter:card\" content=\"summary_large_image\" \/>\n<meta name=\"twitter:label1\" content=\"Gesch\u00e4tzte Lesezeit\" \/>\n\t<meta name=\"twitter:data1\" content=\"1\u00a0Minute\" \/>\n<script type=\"application\/ld+json\" class=\"yoast-schema-graph\">{\"@context\":\"https:\/\/schema.org\",\"@graph\":[{\"@type\":\"WebPage\",\"@id\":\"https:\/\/loewentestneu.metafex.io\/de\/produkt\/gripp-heel-tabletten-250-pc-00433302\",\"url\":\"https:\/\/loewentestneu.metafex.io\/de\/produkt\/gripp-heel-tabletten-250-pc-00433302\",\"name\":\"Gripp-Heel Tabletten 250 St\u00fcck &#187; L\u00f6wen Apotheke &#187;\",\"isPartOf\":{\"@id\":\"https:\/\/loewentestneu.metafex.io\/de#website\"},\"primaryImageOfPage\":{\"@id\":\"https:\/\/loewentestneu.metafex.io\/de\/produkt\/gripp-heel-tabletten-250-pc-00433302#primaryimage\"},\"image\":{\"@id\":\"https:\/\/loewentestneu.metafex.io\/de\/produkt\/gripp-heel-tabletten-250-pc-00433302#primaryimage\"},\"thumbnailUrl\":\"https:\/\/loewentestneu.metafex.io\/wp-content\/uploads\/2023\/09\/Gripp-Heel-Tablets-250-pc-Heel-Lions-Pharmacy.webp\",\"datePublished\":\"2023-09-16T13:52:08+00:00\",\"dateModified\":\"2025-01-24T20:58:09+00:00\",\"description\":\"Registrierte deutsche Online-Apotheke. Schneller internationaler Versand und sicheres online einkaufen. Heel: Gripp-Heel Tabletten 250 St\u00fcck > hier direkt bestellen\",\"breadcrumb\":{\"@id\":\"https:\/\/loewentestneu.metafex.io\/de\/produkt\/gripp-heel-tabletten-250-pc-00433302#breadcrumb\"},\"inLanguage\":\"de\",\"potentialAction\":[{\"@type\":\"ReadAction\",\"target\":[\"https:\/\/loewentestneu.metafex.io\/de\/produkt\/gripp-heel-tabletten-250-pc-00433302\"]}]},{\"@type\":\"ImageObject\",\"inLanguage\":\"de\",\"@id\":\"https:\/\/loewentestneu.metafex.io\/de\/produkt\/gripp-heel-tabletten-250-pc-00433302#primaryimage\",\"url\":\"https:\/\/loewentestneu.metafex.io\/wp-content\/uploads\/2023\/09\/Gripp-Heel-Tablets-250-pc-Heel-Lions-Pharmacy.webp\",\"contentUrl\":\"https:\/\/loewentestneu.metafex.io\/wp-content\/uploads\/2023\/09\/Gripp-Heel-Tablets-250-pc-Heel-Lions-Pharmacy.webp\",\"width\":600,\"height\":600,\"caption\":\"Gripp-Heel Tabletten 250 St\u00fcck Heel Lions Apotheke\"},{\"@type\":\"BreadcrumbList\",\"@id\":\"https:\/\/loewentestneu.metafex.io\/de\/produkt\/gripp-heel-tabletten-250-pc-00433302#breadcrumb\",\"itemListElement\":[{\"@type\":\"ListItem\",\"position\":1,\"name\":\"Home\",\"item\":\"https:\/\/loewentestneu.metafex.io\/de\/homepage-lion-pharmacy\"},{\"@type\":\"ListItem\",\"position\":2,\"name\":\"Shop\",\"item\":\"https:\/\/loewentestneu.metafex.io\/de\/shop-2\"},{\"@type\":\"ListItem\",\"position\":3,\"name\":\"Gripp-Heel Tabletten 250 St\u00fcck\"}]},{\"@type\":\"WebSite\",\"@id\":\"https:\/\/loewentestneu.metafex.io\/de#website\",\"url\":\"https:\/\/loewentestneu.metafex.io\/de\",\"name\":\"Lions Pharmacy\",\"description\":\"Ihr Spezialist f\u00fcr Naturheilkunde aus Baden-Baden, Germany\",\"publisher\":{\"@id\":\"https:\/\/loewentestneu.metafex.io\/de#organization\"},\"alternateName\":\"Lion Pharmacy\",\"potentialAction\":[{\"@type\":\"SearchAction\",\"target\":{\"@type\":\"EntryPoint\",\"urlTemplate\":\"https:\/\/loewentestneu.metafex.io\/de?s={search_term_string}\"},\"query-input\":{\"@type\":\"PropertyValueSpecification\",\"valueRequired\":true,\"valueName\":\"search_term_string\"}}],\"inLanguage\":\"de\"},{\"@type\":\"Organization\",\"@id\":\"https:\/\/loewentestneu.metafex.io\/de#organization\",\"name\":\"Lions Pharmacy\",\"alternateName\":\"Lions Pharmacy24\",\"url\":\"https:\/\/loewentestneu.metafex.io\/de\",\"logo\":{\"@type\":\"ImageObject\",\"inLanguage\":\"de\",\"@id\":\"https:\/\/loewentestneu.metafex.io\/de#\/schema\/logo\/image\/\",\"url\":\"https:\/\/loewentestneu.metafex.io\/wp-content\/uploads\/2022\/12\/Logo-Lion-Pharmacy-c-o-Loewen-Apotheke-smal.jpg\",\"contentUrl\":\"https:\/\/loewentestneu.metafex.io\/wp-content\/uploads\/2022\/12\/Logo-Lion-Pharmacy-c-o-Loewen-Apotheke-smal.jpg\",\"width\":298,\"height\":99,\"caption\":\"Lions Pharmacy\"},\"image\":{\"@id\":\"https:\/\/loewentestneu.metafex.io\/de#\/schema\/logo\/image\/\"}}]}<\/script>\n<!-- \/ Yoast SEO plugin. -->","yoast_head_json":{"title":"Gripp-Heel Tabletten 250 St\u00fcck &#187; L\u00f6wen Apotheke &#187;","description":"Registrierte deutsche Online-Apotheke. Schneller internationaler Versand und sicheres online einkaufen. Heel: Gripp-Heel Tabletten 250 St\u00fcck > hier direkt bestellen","robots":{"index":"noindex","follow":"follow","max-snippet":"max-snippet:-1","max-image-preview":"max-image-preview:large","max-video-preview":"max-video-preview:-1"},"og_locale":"de_DE","og_type":"article","og_title":"Gripp-Heel Tabletten 250 St\u00fcck &#187; L\u00f6wen Apotheke &#187;","og_description":"Registrierte deutsche Online-Apotheke. Schneller internationaler Versand und sicheres online einkaufen. Heel: Gripp-Heel Tabletten 250 St\u00fcck > hier direkt bestellen","og_url":"https:\/\/loewentestneu.metafex.io\/de\/produkt\/gripp-heel-tabletten-250-pc-00433302","og_site_name":"L\u00f6wen Apotheke","article_modified_time":"2025-01-24T20:58:09+00:00","og_image":[{"width":600,"height":600,"url":"https:\/\/loewentestneu.metafex.io\/wp-content\/uploads\/2023\/09\/Gripp-Heel-Tablets-250-pc-Heel-Lions-Pharmacy.webp","type":"image\/webp"}],"twitter_card":"summary_large_image","twitter_misc":{"Gesch\u00e4tzte Lesezeit":"1\u00a0Minute"},"schema":{"@context":"https:\/\/schema.org","@graph":[{"@type":"WebPage","@id":"https:\/\/loewentestneu.metafex.io\/de\/produkt\/gripp-heel-tabletten-250-pc-00433302","url":"https:\/\/loewentestneu.metafex.io\/de\/produkt\/gripp-heel-tabletten-250-pc-00433302","name":"Gripp-Heel Tabletten 250 St\u00fcck &#187; L\u00f6wen Apotheke &#187;","isPartOf":{"@id":"https:\/\/loewentestneu.metafex.io\/de#website"},"primaryImageOfPage":{"@id":"https:\/\/loewentestneu.metafex.io\/de\/produkt\/gripp-heel-tabletten-250-pc-00433302#primaryimage"},"image":{"@id":"https:\/\/loewentestneu.metafex.io\/de\/produkt\/gripp-heel-tabletten-250-pc-00433302#primaryimage"},"thumbnailUrl":"https:\/\/loewentestneu.metafex.io\/wp-content\/uploads\/2023\/09\/Gripp-Heel-Tablets-250-pc-Heel-Lions-Pharmacy.webp","datePublished":"2023-09-16T13:52:08+00:00","dateModified":"2025-01-24T20:58:09+00:00","description":"Registrierte deutsche Online-Apotheke. Schneller internationaler Versand und sicheres online einkaufen. Heel: Gripp-Heel Tabletten 250 St\u00fcck > hier direkt bestellen","breadcrumb":{"@id":"https:\/\/loewentestneu.metafex.io\/de\/produkt\/gripp-heel-tabletten-250-pc-00433302#breadcrumb"},"inLanguage":"de","potentialAction":[{"@type":"ReadAction","target":["https:\/\/loewentestneu.metafex.io\/de\/produkt\/gripp-heel-tabletten-250-pc-00433302"]}]},{"@type":"ImageObject","inLanguage":"de","@id":"https:\/\/loewentestneu.metafex.io\/de\/produkt\/gripp-heel-tabletten-250-pc-00433302#primaryimage","url":"https:\/\/loewentestneu.metafex.io\/wp-content\/uploads\/2023\/09\/Gripp-Heel-Tablets-250-pc-Heel-Lions-Pharmacy.webp","contentUrl":"https:\/\/loewentestneu.metafex.io\/wp-content\/uploads\/2023\/09\/Gripp-Heel-Tablets-250-pc-Heel-Lions-Pharmacy.webp","width":600,"height":600,"caption":"Gripp-Heel Tabletten 250 St\u00fcck Heel Lions Apotheke"},{"@type":"BreadcrumbList","@id":"https:\/\/loewentestneu.metafex.io\/de\/produkt\/gripp-heel-tabletten-250-pc-00433302#breadcrumb","itemListElement":[{"@type":"ListItem","position":1,"name":"Home","item":"https:\/\/loewentestneu.metafex.io\/de\/homepage-lion-pharmacy"},{"@type":"ListItem","position":2,"name":"Shop","item":"https:\/\/loewentestneu.metafex.io\/de\/shop-2"},{"@type":"ListItem","position":3,"name":"Gripp-Heel Tabletten 250 St\u00fcck"}]},{"@type":"WebSite","@id":"https:\/\/loewentestneu.metafex.io\/de#website","url":"https:\/\/loewentestneu.metafex.io\/de","name":"Lions Pharmacy","description":"Ihr Spezialist f\u00fcr Naturheilkunde aus Baden-Baden, Germany","publisher":{"@id":"https:\/\/loewentestneu.metafex.io\/de#organization"},"alternateName":"Lion Pharmacy","potentialAction":[{"@type":"SearchAction","target":{"@type":"EntryPoint","urlTemplate":"https:\/\/loewentestneu.metafex.io\/de?s={search_term_string}"},"query-input":{"@type":"PropertyValueSpecification","valueRequired":true,"valueName":"search_term_string"}}],"inLanguage":"de"},{"@type":"Organization","@id":"https:\/\/loewentestneu.metafex.io\/de#organization","name":"Lions Pharmacy","alternateName":"Lions Pharmacy24","url":"https:\/\/loewentestneu.metafex.io\/de","logo":{"@type":"ImageObject","inLanguage":"de","@id":"https:\/\/loewentestneu.metafex.io\/de#\/schema\/logo\/image\/","url":"https:\/\/loewentestneu.metafex.io\/wp-content\/uploads\/2022\/12\/Logo-Lion-Pharmacy-c-o-Loewen-Apotheke-smal.jpg","contentUrl":"https:\/\/loewentestneu.metafex.io\/wp-content\/uploads\/2022\/12\/Logo-Lion-Pharmacy-c-o-Loewen-Apotheke-smal.jpg","width":298,"height":99,"caption":"Lions Pharmacy"},"image":{"@id":"https:\/\/loewentestneu.metafex.io\/de#\/schema\/logo\/image\/"}}]}},"_links":{"self":[{"href":"https:\/\/loewentestneu.metafex.io\/de\/wp-json\/wp\/v2\/product\/2790","targetHints":{"allow":["GET"]}}],"collection":[{"href":"https:\/\/loewentestneu.metafex.io\/de\/wp-json\/wp\/v2\/product"}],"about":[{"href":"https:\/\/loewentestneu.metafex.io\/de\/wp-json\/wp\/v2\/types\/product"}],"replies":[{"embeddable":true,"href":"https:\/\/loewentestneu.metafex.io\/de\/wp-json\/wp\/v2\/comments?post=2790"}],"wp:featuredmedia":[{"embeddable":true,"href":"https:\/\/loewentestneu.metafex.io\/de\/wp-json\/wp\/v2\/media\/4750"}],"wp:attachment":[{"href":"https:\/\/loewentestneu.metafex.io\/de\/wp-json\/wp\/v2\/media?parent=2790"}],"wp:term":[{"taxonomy":"product_brand","embeddable":true,"href":"https:\/\/loewentestneu.metafex.io\/de\/wp-json\/wp\/v2\/product_brand?post=2790"},{"taxonomy":"product_cat","embeddable":true,"href":"https:\/\/loewentestneu.metafex.io\/de\/wp-json\/wp\/v2\/product_cat?post=2790"},{"taxonomy":"product_tag","embeddable":true,"href":"https:\/\/loewentestneu.metafex.io\/de\/wp-json\/wp\/v2\/product_tag?post=2790"}],"curies":[{"name":"wp","href":"https:\/\/api.w.org\/{rel}","templated":true}]}}