{"id":2791,"date":"2023-09-15T05:23:24","date_gmt":"2023-09-15T04:23:24","guid":{"rendered":"https:\/\/lions-pharmacy.com\/product\/delima-oel-10ml"},"modified":"2025-01-25T13:20:59","modified_gmt":"2025-01-25T12:20:59","slug":"delima-oel-10ml-18904682","status":"publish","type":"product","link":"https:\/\/loewentestneu.metafex.io\/de\/produkt\/delima-oel-10ml-18904682","title":{"rendered":"delima \u00d6l 10ml"},"content":{"rendered":"<h3>delima \u00d6l<\/h3>\n<p>delima \u00d6l von PEKANA ist ein \u00d6l f\u00fcr unbeschwerte Weiblichkeit. Die Mischung aus Granatapfel- und Traubenkern\u00f6l liefert Wirkstoffe, die die nat\u00fcrlichen Funktionen des weiblichen K\u00f6rpers unterst\u00fctzen.<\/p>\n<p>Frauen durchlaufen Phasen im Leben, die sich unterschiedlich auf ihre Gesundheit und ihr allgemeines Wohlbefinden auswirken. Die Zusammensetzung aus hochwertigen Pflanzen\u00f6len erm\u00f6glicht es ihnen, sich in allen Lebensphasen rundum wohl zu f\u00fchlen.<\/p>\n<p>Inhaltsstoffe: Vitis Vinifera-Samen\u00f6l, Punica Granatum-Samen\u00f6l, Tocopherol, Helianthus Annuus-Samen\u00f6l, Rosmarinus Officinalis-Blattextrakt, Humulus Lupulus-Extrakt<\/p>\n<p>Pflege\u00f6l aus Bio-Granatapfel- und Traubenkernen gegen trockene Haut und zur Anwendung auf Schleimh\u00e4uten.<\/p>\n<p>Wichtige Hinweise: Bitte lagern Sie das delima \u00d6l immer lichtgesch\u00fctzt und bei Raumtemperatur. Nach dem \u00d6ffnen innerhalb von 6 Wochen aufbrauchen.<\/p>\n<p>Die PEKANA Naturheilmittel GmbH stellt h\u00f6chste Anspr\u00fcche an ihre Produkte \u2013 sowohl bei der Auswahl als auch bei der Verarbeitung der Rohstoffe. Hochwertige Produkte auf nat\u00fcrlicher Basis \u2013 darauf haben wir uns spezialisiert.<\/p>\n<p>\u2013 Strenge Auswahl der Rohstoffe<\/p>\n<p>\u2013 Schonende und nat\u00fcrliche Produktionsmethoden<\/p>\n<p>\u2013 Vollst\u00e4ndiger Verzicht auf tierische Inhaltsstoffe<\/p>\n<p>\u2013 Nat\u00fcrliche und ausgewogene Kombination der einzelnen Pflanzenstoffe<\/p>\n<p>Weitere Produkte f\u00fcr die Anwendung: <a href=\"https:\/\/loewentestneu.metafex.io\/product-tag\/asthma-allergies\">Allergien<\/a> | <a href=\"https:\/\/loewentestneu.metafex.io\/product-tag\/vitamins-supplements\">Vitamine &amp; Nahrungserg\u00e4nzungsmittel Produkte<\/a><br \/>\nErfahren Sie mehr \u00fcber manufactorer und dieses Produkt: <a href=\"https:\/\/www.pekana.com\/en-EN\/\" target=\"_blank\" rel=\"noopener\">PEKANA Naturheilmittel GmbH<\/a> (Link zu externer Website)<\/p>\n<p>Informationen auf dieser Website werden ausschlie\u00dflich f\u00fcr informative Zwecke zur Verf\u00fcgung gestellt. Sie ersetzen keinesfalls die Untersuchung und Behandlung durch einen Arzt. Bitte beachten Sie, dass hierdurch weder Diagnosen gestellt noch Therapien eingeleitet werden k\u00f6nnen.<\/p>\n<p>Zu Risiken und Nebenwirkungen lesen Sie die Packungsbeilage und fragen Sie Ihren Arzt oder Apotheker.<\/p>\n","protected":false},"excerpt":{"rendered":"<h2>delima \u00d6l<\/h2>\n<p>delima \u00d6l ist ein \u00d6l f\u00fcr unbeschwerte Weiblichkeit. Das \u00d6l enth\u00e4lt wertvolles Granatapfel- und Traubenkern\u00f6l.<\/p>\n<p>&nbsp;<\/p>\n<p>PZN: 18904682 (Pharmazentralnummer)<\/p>\n<p>Darreichungsform: Tropfen<\/p>\n<p>Verordnungsart: Rezeptfrei<\/p>\n<p>Marke: delima<\/p>\n<p>Hersteller: PEKANA Naturheilmittel GmbH<\/p>\n<p>Packungsgr\u00f6\u00dfe: 10ml<\/p>\n","protected":false},"featured_media":2792,"comment_status":"closed","ping_status":"closed","template":"","meta":[],"product_brand":[],"product_cat":[366,367,368],"product_tag":[391,379,429],"class_list":{"0":"post-2791","1":"product","2":"type-product","3":"status-publish","4":"has-post-thumbnail","6":"product_cat-pekana-de","7":"product_cat-sale-de","8":"product_cat-shop-de","9":"product_tag-asthma-allergien","10":"product_tag-monatlicher-sale-de","11":"product_tag-vitamine-und-nahrungserganzungsmittel","12":"ts_product_brand-alle","13":"ts_product_brand-pekana-de","15":"first","16":"instock","17":"taxable","18":"shipping-taxable","19":"purchasable","20":"product-type-simple"},"yoast_head":"<!-- This site is optimized with the Yoast SEO plugin v26.5 - https:\/\/yoast.com\/wordpress\/plugins\/seo\/ -->\n<title>delima \u00d6l 10ml sep L\u00f6wen Apotheke &#187; Hautpflege &#187;<\/title>\n<meta name=\"description\" content=\"Registrierte deutsche Online-Apotheke. Schneller internationaler Versand und sicheres online einkaufen. Pekana Medikament: delima \u00d6l 10ml &gt; hier bestellen\" \/>\n<meta name=\"robots\" content=\"noindex, follow, max-snippet:-1, max-image-preview:large, max-video-preview:-1\" \/>\n<meta property=\"og:locale\" content=\"de_DE\" \/>\n<meta property=\"og:type\" content=\"article\" \/>\n<meta property=\"og:title\" content=\"delima \u00d6l 10ml sep L\u00f6wen Apotheke &#187; Hautpflege &#187;\" \/>\n<meta property=\"og:description\" content=\"Registrierte deutsche Online-Apotheke. Schneller internationaler Versand und sicheres online einkaufen. Pekana Medikament: delima \u00d6l 10ml &gt; hier bestellen\" \/>\n<meta property=\"og:url\" content=\"https:\/\/loewentestneu.metafex.io\/de\/produkt\/delima-oel-10ml-18904682\" \/>\n<meta property=\"og:site_name\" content=\"L\u00f6wen Apotheke\" \/>\n<meta property=\"article:modified_time\" content=\"2025-01-25T12:20:59+00:00\" \/>\n<meta property=\"og:image\" content=\"https:\/\/loewentestneu.metafex.io\/wp-content\/uploads\/2023\/09\/delima-oeo-10ml-Wala-Heilmittel-Arzneimittel-Lowen-Apotheke.webp\" \/>\n\t<meta property=\"og:image:width\" content=\"600\" \/>\n\t<meta property=\"og:image:height\" content=\"600\" \/>\n\t<meta property=\"og:image:type\" content=\"image\/webp\" \/>\n<meta name=\"twitter:card\" content=\"summary_large_image\" \/>\n<meta name=\"twitter:label1\" content=\"Gesch\u00e4tzte Lesezeit\" \/>\n\t<meta name=\"twitter:data1\" content=\"1\u00a0Minute\" \/>\n<script type=\"application\/ld+json\" class=\"yoast-schema-graph\">{\"@context\":\"https:\/\/schema.org\",\"@graph\":[{\"@type\":\"WebPage\",\"@id\":\"https:\/\/loewentestneu.metafex.io\/de\/produkt\/delima-oel-10ml-18904682\",\"url\":\"https:\/\/loewentestneu.metafex.io\/de\/produkt\/delima-oel-10ml-18904682\",\"name\":\"delima \u00d6l 10ml sep L\u00f6wen Apotheke &#187; Hautpflege &#187;\",\"isPartOf\":{\"@id\":\"https:\/\/loewentestneu.metafex.io\/de#website\"},\"primaryImageOfPage\":{\"@id\":\"https:\/\/loewentestneu.metafex.io\/de\/produkt\/delima-oel-10ml-18904682#primaryimage\"},\"image\":{\"@id\":\"https:\/\/loewentestneu.metafex.io\/de\/produkt\/delima-oel-10ml-18904682#primaryimage\"},\"thumbnailUrl\":\"https:\/\/loewentestneu.metafex.io\/wp-content\/uploads\/2023\/09\/delima-oeo-10ml-Wala-Heilmittel-Arzneimittel-Lowen-Apotheke.webp\",\"datePublished\":\"2023-09-15T04:23:24+00:00\",\"dateModified\":\"2025-01-25T12:20:59+00:00\",\"description\":\"Registrierte deutsche Online-Apotheke. Schneller internationaler Versand und sicheres online einkaufen. Pekana Medikament: delima \u00d6l 10ml > hier bestellen\",\"breadcrumb\":{\"@id\":\"https:\/\/loewentestneu.metafex.io\/de\/produkt\/delima-oel-10ml-18904682#breadcrumb\"},\"inLanguage\":\"de\",\"potentialAction\":[{\"@type\":\"ReadAction\",\"target\":[\"https:\/\/loewentestneu.metafex.io\/de\/produkt\/delima-oel-10ml-18904682\"]}]},{\"@type\":\"ImageObject\",\"inLanguage\":\"de\",\"@id\":\"https:\/\/loewentestneu.metafex.io\/de\/produkt\/delima-oel-10ml-18904682#primaryimage\",\"url\":\"https:\/\/loewentestneu.metafex.io\/wp-content\/uploads\/2023\/09\/delima-oeo-10ml-Wala-Heilmittel-Arzneimittel-Lowen-Apotheke.webp\",\"contentUrl\":\"https:\/\/loewentestneu.metafex.io\/wp-content\/uploads\/2023\/09\/delima-oeo-10ml-Wala-Heilmittel-Arzneimittel-Lowen-Apotheke.webp\",\"width\":600,\"height\":600,\"caption\":\"delima oil10ml Wala Heilmittel Arzneimittel L\u00f6wen Apotheke\"},{\"@type\":\"BreadcrumbList\",\"@id\":\"https:\/\/loewentestneu.metafex.io\/de\/produkt\/delima-oel-10ml-18904682#breadcrumb\",\"itemListElement\":[{\"@type\":\"ListItem\",\"position\":1,\"name\":\"Home\",\"item\":\"https:\/\/loewentestneu.metafex.io\/de\/homepage-lion-pharmacy\"},{\"@type\":\"ListItem\",\"position\":2,\"name\":\"Shop\",\"item\":\"https:\/\/loewentestneu.metafex.io\/de\/shop-2\"},{\"@type\":\"ListItem\",\"position\":3,\"name\":\"delima \u00d6l 10ml\"}]},{\"@type\":\"WebSite\",\"@id\":\"https:\/\/loewentestneu.metafex.io\/de#website\",\"url\":\"https:\/\/loewentestneu.metafex.io\/de\",\"name\":\"Lions Pharmacy\",\"description\":\"Ihr Spezialist f\u00fcr Naturheilkunde aus Baden-Baden, Germany\",\"publisher\":{\"@id\":\"https:\/\/loewentestneu.metafex.io\/de#organization\"},\"alternateName\":\"Lion Pharmacy\",\"potentialAction\":[{\"@type\":\"SearchAction\",\"target\":{\"@type\":\"EntryPoint\",\"urlTemplate\":\"https:\/\/loewentestneu.metafex.io\/de?s={search_term_string}\"},\"query-input\":{\"@type\":\"PropertyValueSpecification\",\"valueRequired\":true,\"valueName\":\"search_term_string\"}}],\"inLanguage\":\"de\"},{\"@type\":\"Organization\",\"@id\":\"https:\/\/loewentestneu.metafex.io\/de#organization\",\"name\":\"Lions Pharmacy\",\"alternateName\":\"Lions Pharmacy24\",\"url\":\"https:\/\/loewentestneu.metafex.io\/de\",\"logo\":{\"@type\":\"ImageObject\",\"inLanguage\":\"de\",\"@id\":\"https:\/\/loewentestneu.metafex.io\/de#\/schema\/logo\/image\/\",\"url\":\"https:\/\/loewentestneu.metafex.io\/wp-content\/uploads\/2022\/12\/Logo-Lion-Pharmacy-c-o-Loewen-Apotheke-smal.jpg\",\"contentUrl\":\"https:\/\/loewentestneu.metafex.io\/wp-content\/uploads\/2022\/12\/Logo-Lion-Pharmacy-c-o-Loewen-Apotheke-smal.jpg\",\"width\":298,\"height\":99,\"caption\":\"Lions Pharmacy\"},\"image\":{\"@id\":\"https:\/\/loewentestneu.metafex.io\/de#\/schema\/logo\/image\/\"}}]}<\/script>\n<!-- \/ Yoast SEO plugin. -->","yoast_head_json":{"title":"delima \u00d6l 10ml sep L\u00f6wen Apotheke &#187; Hautpflege &#187;","description":"Registrierte deutsche Online-Apotheke. Schneller internationaler Versand und sicheres online einkaufen. Pekana Medikament: delima \u00d6l 10ml > hier bestellen","robots":{"index":"noindex","follow":"follow","max-snippet":"max-snippet:-1","max-image-preview":"max-image-preview:large","max-video-preview":"max-video-preview:-1"},"og_locale":"de_DE","og_type":"article","og_title":"delima \u00d6l 10ml sep L\u00f6wen Apotheke &#187; Hautpflege &#187;","og_description":"Registrierte deutsche Online-Apotheke. Schneller internationaler Versand und sicheres online einkaufen. Pekana Medikament: delima \u00d6l 10ml > hier bestellen","og_url":"https:\/\/loewentestneu.metafex.io\/de\/produkt\/delima-oel-10ml-18904682","og_site_name":"L\u00f6wen Apotheke","article_modified_time":"2025-01-25T12:20:59+00:00","og_image":[{"width":600,"height":600,"url":"https:\/\/loewentestneu.metafex.io\/wp-content\/uploads\/2023\/09\/delima-oeo-10ml-Wala-Heilmittel-Arzneimittel-Lowen-Apotheke.webp","type":"image\/webp"}],"twitter_card":"summary_large_image","twitter_misc":{"Gesch\u00e4tzte Lesezeit":"1\u00a0Minute"},"schema":{"@context":"https:\/\/schema.org","@graph":[{"@type":"WebPage","@id":"https:\/\/loewentestneu.metafex.io\/de\/produkt\/delima-oel-10ml-18904682","url":"https:\/\/loewentestneu.metafex.io\/de\/produkt\/delima-oel-10ml-18904682","name":"delima \u00d6l 10ml sep L\u00f6wen Apotheke &#187; Hautpflege &#187;","isPartOf":{"@id":"https:\/\/loewentestneu.metafex.io\/de#website"},"primaryImageOfPage":{"@id":"https:\/\/loewentestneu.metafex.io\/de\/produkt\/delima-oel-10ml-18904682#primaryimage"},"image":{"@id":"https:\/\/loewentestneu.metafex.io\/de\/produkt\/delima-oel-10ml-18904682#primaryimage"},"thumbnailUrl":"https:\/\/loewentestneu.metafex.io\/wp-content\/uploads\/2023\/09\/delima-oeo-10ml-Wala-Heilmittel-Arzneimittel-Lowen-Apotheke.webp","datePublished":"2023-09-15T04:23:24+00:00","dateModified":"2025-01-25T12:20:59+00:00","description":"Registrierte deutsche Online-Apotheke. Schneller internationaler Versand und sicheres online einkaufen. Pekana Medikament: delima \u00d6l 10ml > hier bestellen","breadcrumb":{"@id":"https:\/\/loewentestneu.metafex.io\/de\/produkt\/delima-oel-10ml-18904682#breadcrumb"},"inLanguage":"de","potentialAction":[{"@type":"ReadAction","target":["https:\/\/loewentestneu.metafex.io\/de\/produkt\/delima-oel-10ml-18904682"]}]},{"@type":"ImageObject","inLanguage":"de","@id":"https:\/\/loewentestneu.metafex.io\/de\/produkt\/delima-oel-10ml-18904682#primaryimage","url":"https:\/\/loewentestneu.metafex.io\/wp-content\/uploads\/2023\/09\/delima-oeo-10ml-Wala-Heilmittel-Arzneimittel-Lowen-Apotheke.webp","contentUrl":"https:\/\/loewentestneu.metafex.io\/wp-content\/uploads\/2023\/09\/delima-oeo-10ml-Wala-Heilmittel-Arzneimittel-Lowen-Apotheke.webp","width":600,"height":600,"caption":"delima oil10ml Wala Heilmittel Arzneimittel L\u00f6wen Apotheke"},{"@type":"BreadcrumbList","@id":"https:\/\/loewentestneu.metafex.io\/de\/produkt\/delima-oel-10ml-18904682#breadcrumb","itemListElement":[{"@type":"ListItem","position":1,"name":"Home","item":"https:\/\/loewentestneu.metafex.io\/de\/homepage-lion-pharmacy"},{"@type":"ListItem","position":2,"name":"Shop","item":"https:\/\/loewentestneu.metafex.io\/de\/shop-2"},{"@type":"ListItem","position":3,"name":"delima \u00d6l 10ml"}]},{"@type":"WebSite","@id":"https:\/\/loewentestneu.metafex.io\/de#website","url":"https:\/\/loewentestneu.metafex.io\/de","name":"Lions Pharmacy","description":"Ihr Spezialist f\u00fcr Naturheilkunde aus Baden-Baden, Germany","publisher":{"@id":"https:\/\/loewentestneu.metafex.io\/de#organization"},"alternateName":"Lion Pharmacy","potentialAction":[{"@type":"SearchAction","target":{"@type":"EntryPoint","urlTemplate":"https:\/\/loewentestneu.metafex.io\/de?s={search_term_string}"},"query-input":{"@type":"PropertyValueSpecification","valueRequired":true,"valueName":"search_term_string"}}],"inLanguage":"de"},{"@type":"Organization","@id":"https:\/\/loewentestneu.metafex.io\/de#organization","name":"Lions Pharmacy","alternateName":"Lions Pharmacy24","url":"https:\/\/loewentestneu.metafex.io\/de","logo":{"@type":"ImageObject","inLanguage":"de","@id":"https:\/\/loewentestneu.metafex.io\/de#\/schema\/logo\/image\/","url":"https:\/\/loewentestneu.metafex.io\/wp-content\/uploads\/2022\/12\/Logo-Lion-Pharmacy-c-o-Loewen-Apotheke-smal.jpg","contentUrl":"https:\/\/loewentestneu.metafex.io\/wp-content\/uploads\/2022\/12\/Logo-Lion-Pharmacy-c-o-Loewen-Apotheke-smal.jpg","width":298,"height":99,"caption":"Lions Pharmacy"},"image":{"@id":"https:\/\/loewentestneu.metafex.io\/de#\/schema\/logo\/image\/"}}]}},"_links":{"self":[{"href":"https:\/\/loewentestneu.metafex.io\/de\/wp-json\/wp\/v2\/product\/2791","targetHints":{"allow":["GET"]}}],"collection":[{"href":"https:\/\/loewentestneu.metafex.io\/de\/wp-json\/wp\/v2\/product"}],"about":[{"href":"https:\/\/loewentestneu.metafex.io\/de\/wp-json\/wp\/v2\/types\/product"}],"replies":[{"embeddable":true,"href":"https:\/\/loewentestneu.metafex.io\/de\/wp-json\/wp\/v2\/comments?post=2791"}],"wp:featuredmedia":[{"embeddable":true,"href":"https:\/\/loewentestneu.metafex.io\/de\/wp-json\/wp\/v2\/media\/2792"}],"wp:attachment":[{"href":"https:\/\/loewentestneu.metafex.io\/de\/wp-json\/wp\/v2\/media?parent=2791"}],"wp:term":[{"taxonomy":"product_brand","embeddable":true,"href":"https:\/\/loewentestneu.metafex.io\/de\/wp-json\/wp\/v2\/product_brand?post=2791"},{"taxonomy":"product_cat","embeddable":true,"href":"https:\/\/loewentestneu.metafex.io\/de\/wp-json\/wp\/v2\/product_cat?post=2791"},{"taxonomy":"product_tag","embeddable":true,"href":"https:\/\/loewentestneu.metafex.io\/de\/wp-json\/wp\/v2\/product_tag?post=2791"}],"curies":[{"name":"wp","href":"https:\/\/api.w.org\/{rel}","templated":true}]}}