{"id":2813,"date":"2022-12-30T20:00:27","date_gmt":"2022-12-30T19:00:27","guid":{"rendered":"https:\/\/lions-pharmacy.com\/product\/omni-biotic-pro-vi-5-30x-2g"},"modified":"2025-01-25T11:23:04","modified_gmt":"2025-01-25T10:23:04","slug":"omni-biotic-pro-vi-5-30x-2g-16907334","status":"publish","type":"product","link":"https:\/\/loewentestneu.metafex.io\/de\/produkt\/omni-biotic-pro-vi-5-30x-2g-16907334","title":{"rendered":"OMNI BiOTiC Pro-Vi 5 \u2013 30x 2g"},"content":{"rendered":"<h3>OMNI BiOTiC Pro-Vi 5 \u2013 30x 2g<\/h3>\n<p>Eine Anwendung von OMNi-BiOTiC Pro-Vi 5 kann die Abwehrkr\u00e4fte des K\u00f6rpers verbessern und bei Vitamin- und N\u00e4hrstoffmangel unterst\u00fctzen.<\/p>\n<p>Unser Immunsystem und der Darm als sein Hauptquartier sind t\u00e4glich mit Herausforderungen durch krankmachende Keime wie Viren und andere Krankheitserreger, ung\u00fcnstige Ern\u00e4hrung und daraus resultierende Vitamin- und N\u00e4hrstoffm\u00e4ngel konfrontiert. Dies kann sich sowohl negativ auf die bakterielle Besiedlung im Darm als auch auf unser Immunsystem auswirken.<\/p>\n<p>Packungsbeilage\/Gebrauchsanweisung\/Artikeldatenblatt: &#8211; (PDF-Reader)<\/p>\n<p>Weitere Produkte f\u00fcr die Anwendung: Haarausfall &#8211; <a href=\"https:\/\/loewentestneu.metafex.io\/product-tag\/coronavirus\">Coronavirus<\/a> | <a href=\"https:\/\/loewentestneu.metafex.io\/product-tag\/vitamins-supplements\">Vitamine &amp; Nahrungserg\u00e4nzungsmittel Produkte<\/a><\/p>\n<p>Erfahren Sie mehr \u00fcber manufactorer und dieses Produkt: <a href=\"https:\/\/www.allergosan.com\/de\/unsere-produkte\/omni-biotic\/\" target=\"_blank\" rel=\"noopener\">Omni-Biotic<\/a> (Link zu externer Website)<\/p>\n<p>Informationen auf dieser Website werden ausschlie\u00dflich f\u00fcr informative Zwecke zur Verf\u00fcgung gestellt. Sie ersetzen keinesfalls die Untersuchung und Behandlung durch einen Arzt. Bitte beachten Sie, dass hierdurch weder Diagnosen gestellt noch Therapien eingeleitet werden k\u00f6nnen.<\/p>\n<p>Zu Risiken und Nebenwirkungen lesen Sie die Packungsbeilage und fragen Sie Ihren Arzt oder Apotheker.<\/p>\n","protected":false},"excerpt":{"rendered":"<h2>OMNI BiOTiC Pro-Vi 5 \u2013 30x 2g<\/h2>\n<p>Nahrungserg\u00e4nzungsmittel mit hochaktiven Darmsymbionten und Vitamin D zur Unterst\u00fctzung der k\u00f6rpereigenen Abwehrkr\u00e4fte.<\/p>\n<p>&nbsp;<\/p>\n<p><strong>PZN<\/strong>: 16907334 (Pharmazentralnummer)<\/p>\n<p><strong>Darreichungsform<\/strong>: Pulver<\/p>\n<p><strong>Verschreibungsart<\/strong>: verschreibungsfrei<\/p>\n<p><strong>Marke<\/strong>: OMNI BiOTiC<\/p>\n<p><strong>Hersteller<\/strong>: INSTITUT ALLERGOSAN Deutschland GmbH<\/p>\n<p><strong>Packungsgr\u00f6\u00dfe<\/strong>: 30 Beutel \u00e0 2 g<\/p>\n","protected":false},"featured_media":4764,"comment_status":"closed","ping_status":"closed","template":"","meta":[],"product_brand":[],"product_cat":[612,367,368],"product_tag":[385,434,433,386,379,429],"class_list":{"0":"post-2813","1":"product","2":"type-product","3":"status-publish","4":"has-post-thumbnail","6":"product_cat-omni-biotic-de","7":"product_cat-sale-de","8":"product_cat-shop-de","9":"product_tag-coronavirus-de","10":"product_tag-gewicht-und-fitness","11":"product_tag-gewichtsmanagement","12":"product_tag-konzentration-stress","13":"product_tag-monatlicher-sale-de","14":"product_tag-vitamine-und-nahrungserganzungsmittel","15":"ts_product_brand-alle","16":"ts_product_brand-allergosan-de","18":"first","19":"instock","20":"sale","21":"taxable","22":"shipping-taxable","23":"purchasable","24":"product-type-simple"},"yoast_head":"<!-- This site is optimized with the Yoast SEO plugin v26.5 - https:\/\/yoast.com\/wordpress\/plugins\/seo\/ -->\n<title>OMNI BiOTiC Pro-Vi 5 \u2013 30x 2g &#187; L\u00f6wen Apotheke<\/title>\n<meta name=\"description\" content=\"L\u00f6wen-Apotheke | Registrierte Online-Apotheke | Schneller internationaler Versand | Sicher online einkaufen | Unterst\u00fctzung des Immunsystems &gt; OMNI BiOTiC Pro-Vi 5 \u2013 30x 2g\" \/>\n<meta name=\"robots\" content=\"noindex, follow, max-snippet:-1, max-image-preview:large, max-video-preview:-1\" \/>\n<meta property=\"og:locale\" content=\"de_DE\" \/>\n<meta property=\"og:type\" content=\"article\" \/>\n<meta property=\"og:title\" content=\"OMNI BiOTiC Pro-Vi 5 \u2013 30x 2g &#187; L\u00f6wen Apotheke\" \/>\n<meta property=\"og:description\" content=\"L\u00f6wen-Apotheke | Registrierte Online-Apotheke | Schneller internationaler Versand | Sicher online einkaufen | Unterst\u00fctzung des Immunsystems &gt; OMNI BiOTiC Pro-Vi 5 \u2013 30x 2g\" \/>\n<meta property=\"og:url\" content=\"https:\/\/loewentestneu.metafex.io\/de\/produkt\/omni-biotic-pro-vi-5-30x-2g-16907334\" \/>\n<meta property=\"og:site_name\" content=\"L\u00f6wen Apotheke\" \/>\n<meta property=\"article:modified_time\" content=\"2025-01-25T10:23:04+00:00\" \/>\n<meta property=\"og:image\" content=\"https:\/\/loewentestneu.metafex.io\/wp-content\/uploads\/2022\/12\/OMNI-BiOTiC-Pro-Vi-5-Lion-Pharmacy-OMNIBIOTIC-ProVi5.webp\" \/>\n\t<meta property=\"og:image:width\" content=\"600\" \/>\n\t<meta property=\"og:image:height\" content=\"600\" \/>\n\t<meta property=\"og:image:type\" content=\"image\/webp\" \/>\n<meta name=\"twitter:card\" content=\"summary_large_image\" \/>\n<meta name=\"twitter:label1\" content=\"Gesch\u00e4tzte Lesezeit\" \/>\n\t<meta name=\"twitter:data1\" content=\"1\u00a0Minute\" \/>\n<script type=\"application\/ld+json\" class=\"yoast-schema-graph\">{\"@context\":\"https:\/\/schema.org\",\"@graph\":[{\"@type\":\"WebPage\",\"@id\":\"https:\/\/loewentestneu.metafex.io\/de\/produkt\/omni-biotic-pro-vi-5-30x-2g-16907334\",\"url\":\"https:\/\/loewentestneu.metafex.io\/de\/produkt\/omni-biotic-pro-vi-5-30x-2g-16907334\",\"name\":\"OMNI BiOTiC Pro-Vi 5 \u2013 30x 2g &#187; L\u00f6wen Apotheke\",\"isPartOf\":{\"@id\":\"https:\/\/loewentestneu.metafex.io\/de#website\"},\"primaryImageOfPage\":{\"@id\":\"https:\/\/loewentestneu.metafex.io\/de\/produkt\/omni-biotic-pro-vi-5-30x-2g-16907334#primaryimage\"},\"image\":{\"@id\":\"https:\/\/loewentestneu.metafex.io\/de\/produkt\/omni-biotic-pro-vi-5-30x-2g-16907334#primaryimage\"},\"thumbnailUrl\":\"https:\/\/loewentestneu.metafex.io\/wp-content\/uploads\/2022\/12\/OMNI-BiOTiC-Pro-Vi-5-Lion-Pharmacy-OMNIBIOTIC-ProVi5.webp\",\"datePublished\":\"2022-12-30T19:00:27+00:00\",\"dateModified\":\"2025-01-25T10:23:04+00:00\",\"description\":\"L\u00f6wen-Apotheke | Registrierte Online-Apotheke | Schneller internationaler Versand | Sicher online einkaufen | Unterst\u00fctzung des Immunsystems > OMNI BiOTiC Pro-Vi 5 \u2013 30x 2g\",\"breadcrumb\":{\"@id\":\"https:\/\/loewentestneu.metafex.io\/de\/produkt\/omni-biotic-pro-vi-5-30x-2g-16907334#breadcrumb\"},\"inLanguage\":\"de\",\"potentialAction\":[{\"@type\":\"ReadAction\",\"target\":[\"https:\/\/loewentestneu.metafex.io\/de\/produkt\/omni-biotic-pro-vi-5-30x-2g-16907334\"]}]},{\"@type\":\"ImageObject\",\"inLanguage\":\"de\",\"@id\":\"https:\/\/loewentestneu.metafex.io\/de\/produkt\/omni-biotic-pro-vi-5-30x-2g-16907334#primaryimage\",\"url\":\"https:\/\/loewentestneu.metafex.io\/wp-content\/uploads\/2022\/12\/OMNI-BiOTiC-Pro-Vi-5-Lion-Pharmacy-OMNIBIOTIC-ProVi5.webp\",\"contentUrl\":\"https:\/\/loewentestneu.metafex.io\/wp-content\/uploads\/2022\/12\/OMNI-BiOTiC-Pro-Vi-5-Lion-Pharmacy-OMNIBIOTIC-ProVi5.webp\",\"width\":600,\"height\":600,\"caption\":\"OMNI-BiOTiC Pro Vi-5 Lion-Apotheke OMNIBIOTIC ProVi5\"},{\"@type\":\"BreadcrumbList\",\"@id\":\"https:\/\/loewentestneu.metafex.io\/de\/produkt\/omni-biotic-pro-vi-5-30x-2g-16907334#breadcrumb\",\"itemListElement\":[{\"@type\":\"ListItem\",\"position\":1,\"name\":\"Home\",\"item\":\"https:\/\/loewentestneu.metafex.io\/de\/homepage-lion-pharmacy\"},{\"@type\":\"ListItem\",\"position\":2,\"name\":\"Shop\",\"item\":\"https:\/\/loewentestneu.metafex.io\/de\/shop-2\"},{\"@type\":\"ListItem\",\"position\":3,\"name\":\"OMNI BiOTiC Pro-Vi 5 \u2013 30x 2g\"}]},{\"@type\":\"WebSite\",\"@id\":\"https:\/\/loewentestneu.metafex.io\/de#website\",\"url\":\"https:\/\/loewentestneu.metafex.io\/de\",\"name\":\"Lions Pharmacy\",\"description\":\"Ihr Spezialist f\u00fcr Naturheilkunde aus Baden-Baden, Germany\",\"publisher\":{\"@id\":\"https:\/\/loewentestneu.metafex.io\/de#organization\"},\"alternateName\":\"Lion Pharmacy\",\"potentialAction\":[{\"@type\":\"SearchAction\",\"target\":{\"@type\":\"EntryPoint\",\"urlTemplate\":\"https:\/\/loewentestneu.metafex.io\/de?s={search_term_string}\"},\"query-input\":{\"@type\":\"PropertyValueSpecification\",\"valueRequired\":true,\"valueName\":\"search_term_string\"}}],\"inLanguage\":\"de\"},{\"@type\":\"Organization\",\"@id\":\"https:\/\/loewentestneu.metafex.io\/de#organization\",\"name\":\"Lions Pharmacy\",\"alternateName\":\"Lions Pharmacy24\",\"url\":\"https:\/\/loewentestneu.metafex.io\/de\",\"logo\":{\"@type\":\"ImageObject\",\"inLanguage\":\"de\",\"@id\":\"https:\/\/loewentestneu.metafex.io\/de#\/schema\/logo\/image\/\",\"url\":\"https:\/\/loewentestneu.metafex.io\/wp-content\/uploads\/2022\/12\/Logo-Lion-Pharmacy-c-o-Loewen-Apotheke-smal.jpg\",\"contentUrl\":\"https:\/\/loewentestneu.metafex.io\/wp-content\/uploads\/2022\/12\/Logo-Lion-Pharmacy-c-o-Loewen-Apotheke-smal.jpg\",\"width\":298,\"height\":99,\"caption\":\"Lions Pharmacy\"},\"image\":{\"@id\":\"https:\/\/loewentestneu.metafex.io\/de#\/schema\/logo\/image\/\"}}]}<\/script>\n<!-- \/ Yoast SEO plugin. -->","yoast_head_json":{"title":"OMNI BiOTiC Pro-Vi 5 \u2013 30x 2g &#187; L\u00f6wen Apotheke","description":"L\u00f6wen-Apotheke | Registrierte Online-Apotheke | Schneller internationaler Versand | Sicher online einkaufen | Unterst\u00fctzung des Immunsystems > OMNI BiOTiC Pro-Vi 5 \u2013 30x 2g","robots":{"index":"noindex","follow":"follow","max-snippet":"max-snippet:-1","max-image-preview":"max-image-preview:large","max-video-preview":"max-video-preview:-1"},"og_locale":"de_DE","og_type":"article","og_title":"OMNI BiOTiC Pro-Vi 5 \u2013 30x 2g &#187; L\u00f6wen Apotheke","og_description":"L\u00f6wen-Apotheke | Registrierte Online-Apotheke | Schneller internationaler Versand | Sicher online einkaufen | Unterst\u00fctzung des Immunsystems > OMNI BiOTiC Pro-Vi 5 \u2013 30x 2g","og_url":"https:\/\/loewentestneu.metafex.io\/de\/produkt\/omni-biotic-pro-vi-5-30x-2g-16907334","og_site_name":"L\u00f6wen Apotheke","article_modified_time":"2025-01-25T10:23:04+00:00","og_image":[{"width":600,"height":600,"url":"https:\/\/loewentestneu.metafex.io\/wp-content\/uploads\/2022\/12\/OMNI-BiOTiC-Pro-Vi-5-Lion-Pharmacy-OMNIBIOTIC-ProVi5.webp","type":"image\/webp"}],"twitter_card":"summary_large_image","twitter_misc":{"Gesch\u00e4tzte Lesezeit":"1\u00a0Minute"},"schema":{"@context":"https:\/\/schema.org","@graph":[{"@type":"WebPage","@id":"https:\/\/loewentestneu.metafex.io\/de\/produkt\/omni-biotic-pro-vi-5-30x-2g-16907334","url":"https:\/\/loewentestneu.metafex.io\/de\/produkt\/omni-biotic-pro-vi-5-30x-2g-16907334","name":"OMNI BiOTiC Pro-Vi 5 \u2013 30x 2g &#187; L\u00f6wen Apotheke","isPartOf":{"@id":"https:\/\/loewentestneu.metafex.io\/de#website"},"primaryImageOfPage":{"@id":"https:\/\/loewentestneu.metafex.io\/de\/produkt\/omni-biotic-pro-vi-5-30x-2g-16907334#primaryimage"},"image":{"@id":"https:\/\/loewentestneu.metafex.io\/de\/produkt\/omni-biotic-pro-vi-5-30x-2g-16907334#primaryimage"},"thumbnailUrl":"https:\/\/loewentestneu.metafex.io\/wp-content\/uploads\/2022\/12\/OMNI-BiOTiC-Pro-Vi-5-Lion-Pharmacy-OMNIBIOTIC-ProVi5.webp","datePublished":"2022-12-30T19:00:27+00:00","dateModified":"2025-01-25T10:23:04+00:00","description":"L\u00f6wen-Apotheke | Registrierte Online-Apotheke | Schneller internationaler Versand | Sicher online einkaufen | Unterst\u00fctzung des Immunsystems > OMNI BiOTiC Pro-Vi 5 \u2013 30x 2g","breadcrumb":{"@id":"https:\/\/loewentestneu.metafex.io\/de\/produkt\/omni-biotic-pro-vi-5-30x-2g-16907334#breadcrumb"},"inLanguage":"de","potentialAction":[{"@type":"ReadAction","target":["https:\/\/loewentestneu.metafex.io\/de\/produkt\/omni-biotic-pro-vi-5-30x-2g-16907334"]}]},{"@type":"ImageObject","inLanguage":"de","@id":"https:\/\/loewentestneu.metafex.io\/de\/produkt\/omni-biotic-pro-vi-5-30x-2g-16907334#primaryimage","url":"https:\/\/loewentestneu.metafex.io\/wp-content\/uploads\/2022\/12\/OMNI-BiOTiC-Pro-Vi-5-Lion-Pharmacy-OMNIBIOTIC-ProVi5.webp","contentUrl":"https:\/\/loewentestneu.metafex.io\/wp-content\/uploads\/2022\/12\/OMNI-BiOTiC-Pro-Vi-5-Lion-Pharmacy-OMNIBIOTIC-ProVi5.webp","width":600,"height":600,"caption":"OMNI-BiOTiC Pro Vi-5 Lion-Apotheke OMNIBIOTIC ProVi5"},{"@type":"BreadcrumbList","@id":"https:\/\/loewentestneu.metafex.io\/de\/produkt\/omni-biotic-pro-vi-5-30x-2g-16907334#breadcrumb","itemListElement":[{"@type":"ListItem","position":1,"name":"Home","item":"https:\/\/loewentestneu.metafex.io\/de\/homepage-lion-pharmacy"},{"@type":"ListItem","position":2,"name":"Shop","item":"https:\/\/loewentestneu.metafex.io\/de\/shop-2"},{"@type":"ListItem","position":3,"name":"OMNI BiOTiC Pro-Vi 5 \u2013 30x 2g"}]},{"@type":"WebSite","@id":"https:\/\/loewentestneu.metafex.io\/de#website","url":"https:\/\/loewentestneu.metafex.io\/de","name":"Lions Pharmacy","description":"Ihr Spezialist f\u00fcr Naturheilkunde aus Baden-Baden, Germany","publisher":{"@id":"https:\/\/loewentestneu.metafex.io\/de#organization"},"alternateName":"Lion Pharmacy","potentialAction":[{"@type":"SearchAction","target":{"@type":"EntryPoint","urlTemplate":"https:\/\/loewentestneu.metafex.io\/de?s={search_term_string}"},"query-input":{"@type":"PropertyValueSpecification","valueRequired":true,"valueName":"search_term_string"}}],"inLanguage":"de"},{"@type":"Organization","@id":"https:\/\/loewentestneu.metafex.io\/de#organization","name":"Lions Pharmacy","alternateName":"Lions Pharmacy24","url":"https:\/\/loewentestneu.metafex.io\/de","logo":{"@type":"ImageObject","inLanguage":"de","@id":"https:\/\/loewentestneu.metafex.io\/de#\/schema\/logo\/image\/","url":"https:\/\/loewentestneu.metafex.io\/wp-content\/uploads\/2022\/12\/Logo-Lion-Pharmacy-c-o-Loewen-Apotheke-smal.jpg","contentUrl":"https:\/\/loewentestneu.metafex.io\/wp-content\/uploads\/2022\/12\/Logo-Lion-Pharmacy-c-o-Loewen-Apotheke-smal.jpg","width":298,"height":99,"caption":"Lions Pharmacy"},"image":{"@id":"https:\/\/loewentestneu.metafex.io\/de#\/schema\/logo\/image\/"}}]}},"_links":{"self":[{"href":"https:\/\/loewentestneu.metafex.io\/de\/wp-json\/wp\/v2\/product\/2813","targetHints":{"allow":["GET"]}}],"collection":[{"href":"https:\/\/loewentestneu.metafex.io\/de\/wp-json\/wp\/v2\/product"}],"about":[{"href":"https:\/\/loewentestneu.metafex.io\/de\/wp-json\/wp\/v2\/types\/product"}],"replies":[{"embeddable":true,"href":"https:\/\/loewentestneu.metafex.io\/de\/wp-json\/wp\/v2\/comments?post=2813"}],"wp:featuredmedia":[{"embeddable":true,"href":"https:\/\/loewentestneu.metafex.io\/de\/wp-json\/wp\/v2\/media\/4764"}],"wp:attachment":[{"href":"https:\/\/loewentestneu.metafex.io\/de\/wp-json\/wp\/v2\/media?parent=2813"}],"wp:term":[{"taxonomy":"product_brand","embeddable":true,"href":"https:\/\/loewentestneu.metafex.io\/de\/wp-json\/wp\/v2\/product_brand?post=2813"},{"taxonomy":"product_cat","embeddable":true,"href":"https:\/\/loewentestneu.metafex.io\/de\/wp-json\/wp\/v2\/product_cat?post=2813"},{"taxonomy":"product_tag","embeddable":true,"href":"https:\/\/loewentestneu.metafex.io\/de\/wp-json\/wp\/v2\/product_tag?post=2813"}],"curies":[{"name":"wp","href":"https:\/\/api.w.org\/{rel}","templated":true}]}}