{"id":2824,"date":"2022-12-29T21:56:13","date_gmt":"2022-12-29T20:56:13","guid":{"rendered":"https:\/\/lions-pharmacy.com\/product\/algovir-kaeltespray"},"modified":"2022-12-29T21:56:13","modified_gmt":"2022-12-29T20:56:13","slug":"algovir-kalt-spray-12579962","status":"publish","type":"product","link":"https:\/\/loewentestneu.metafex.io\/de\/produkt\/algovir-kalt-spray-12579962","title":{"rendered":"Algovir K\u00e4ltespray"},"content":{"rendered":"<h3>Algovir K\u00e4ltespray<\/h3>\n<p>Algovir Erk\u00e4ltungsspray wird zur Unterst\u00fctzung der Behandlung von Erk\u00e4ltungen oder grippalen Infekten mit viralen Ursachen eingesetzt. Es kann auch pr\u00e4ventiv eingesetzt werden. Die anhaltende Befeuchtung der Nasenschleimhaut unterst\u00fctzt die nat\u00fcrliche Abwehr.<\/p>\n<p>Viele Menschen w\u00fcnschen sich deshalb, eine Erk\u00e4ltung gar nicht erst entstehen zu lassen \u2013 und hier kommt der Algovir-Effekt\u00ae ins Spiel: Er kann die Viren stoppen, bevor sie eine Erk\u00e4ltung verursachen k\u00f6nnen.<\/p>\n<ul>\n<li>Von den ersten Anzeichen einer Erk\u00e4ltung an<\/li>\n<li>Kann Erk\u00e4ltungen vorbeugen<\/li>\n<li>Die Dauer einer Erk\u00e4ltung kann verk\u00fcrzt werden*<\/li>\n<li>Spray zum vorbeugenden Schutz<\/li>\n<\/ul>\n<p>Der Wirkstoff Carragelose\u00ae bildet einen Schutzfilm auf der Nasenschleimhaut und stellt somit eine physikalische Barriere gegen eindringende Erk\u00e4ltungsviren dar.<\/p>\n<h4>Spray zum vorbeugenden Schutz<\/h4>\n<p>Der Wirkstoff Carragelose\u00ae bildet einen Schutzfilm auf der Nasenschleimhaut und stellt somit eine physikalische Barriere gegen eindringende Erk\u00e4ltungsviren dar.<\/p>\n<h4>Wichtig zur Bewerbung<\/h4>\n<p>Bei den ersten Anzeichen einer Erk\u00e4ltung sollte die Algovir-Wirkung dreimal t\u00e4glich angewendet werden. Bei jeder Anwendung wird in jedes Nasenloch ein Spr\u00fchsto\u00df gegeben. Mit jedem Spr\u00fchsto\u00df wird zudem eine feuchtigkeitsspendende Wirkung erzielt, die sowohl zur Prophylaxe als auch zur Behandlung von Symptomen dient, die durch trockene oder gereizte Nasenschleimhaut entstehen. Und das Besondere: algovir effect eignet sich auch f\u00fcr die Anwendung in der Schwangerschaft und Stillzeit.<\/p>\n<p>Packungsbeilage\/Gebrauchsanweisung\/Artikeldatenblatt: &#8211; (PDF-Reader)<\/p>\n<p>Weitere Produkte f\u00fcr die Anwendung: <a href=\"https:\/\/loewentestneu.metafex.io\/produkt-schlagwort\/cold-flu\">Erk\u00e4ltung &amp; Grippe<\/a><\/p>\n<p>Erfahren Sie mehr \u00fcber den Hersteller und dieses Produkt: <a href=\"https:\/\/www.algovir.de\/algovir-effekt\/\" target=\"_blank\" rel=\"noopener\">Hermes Arzneimittel GmbH<\/a> (Link zu externer Website)<\/p>\n<p>Informationen auf dieser Website werden ausschlie\u00dflich f\u00fcr informative Zwecke zur Verf\u00fcgung gestellt. Sie ersetzen keinesfalls die Untersuchung und Behandlung durch einen Arzt. Bitte beachten Sie, dass hierdurch weder Diagnosen gestellt noch Therapien eingeleitet werden k\u00f6nnen.<\/p>\n<p>Zu Risiken und Nebenwirkungen lesen Sie die Packungsbeilage und fragen Sie Ihren Arzt oder Apotheker.<\/p>\n","protected":false},"excerpt":{"rendered":"<h2>Algovir K\u00e4ltespray<\/h2>\n<p>Erk\u00e4ltungsspray mit Algovir-Effekt wird zur Unterst\u00fctzung der Behandlung von Erk\u00e4ltungen oder grippalen Infekten mit viralen Ursachen eingesetzt.<\/p>\n<p>&nbsp;<\/p>\n<p>PZN: 12579956 (Pharmazentralnummer)<\/p>\n<p>Darreichungsform: Spray<\/p>\n<p>Verordnungsart: Rezeptfrei<\/p>\n<p>Marke: Algovir<\/p>\n<p>Hersteller: Hermes Arzneimittel GmbH, Deutschland<\/p>\n<p>Packungsgr\u00f6\u00dfe: 20ml<\/p>\n","protected":false},"featured_media":4769,"comment_status":"closed","ping_status":"closed","template":"","meta":[],"product_brand":[],"product_cat":[367,368],"product_tag":[385,387,379,428],"class_list":{"0":"post-2824","1":"product","2":"type-product","3":"status-publish","4":"has-post-thumbnail","6":"product_cat-sale-de","7":"product_cat-shop-de","8":"product_tag-coronavirus-de","9":"product_tag-erkaltungen-grippe","10":"product_tag-monatlicher-sale-de","11":"product_tag-virusinfektion","12":"ts_product_brand-alle","14":"first","15":"instock","16":"featured","17":"taxable","18":"shipping-taxable","19":"purchasable","20":"product-type-simple"},"yoast_head":"<!-- This site is optimized with the Yoast SEO plugin v26.5 - https:\/\/yoast.com\/wordpress\/plugins\/seo\/ -->\n<title>Algovir K\u00e4ltespray &#187; L\u00f6wen Apotheke<\/title>\n<meta name=\"description\" content=\"L\u00f6wen-Apotheke | registrierte deutsche Online-Apotheke | Schneller internationaler Versand | Sicher online einkaufen | Erk\u00e4ltung &amp; Grippe &gt; Algovir K\u00e4ltespray\" \/>\n<meta name=\"robots\" content=\"noindex, follow, max-snippet:-1, max-image-preview:large, max-video-preview:-1\" \/>\n<meta property=\"og:locale\" content=\"de_DE\" \/>\n<meta property=\"og:type\" content=\"article\" \/>\n<meta property=\"og:title\" content=\"Algovir K\u00e4ltespray &#187; L\u00f6wen Apotheke\" \/>\n<meta property=\"og:description\" content=\"L\u00f6wen-Apotheke | registrierte deutsche Online-Apotheke | Schneller internationaler Versand | Sicher online einkaufen | Erk\u00e4ltung &amp; Grippe &gt; Algovir K\u00e4ltespray\" \/>\n<meta property=\"og:url\" content=\"https:\/\/loewentestneu.metafex.io\/de\/produkt\/algovir-kalt-spray-12579962\" \/>\n<meta property=\"og:site_name\" content=\"L\u00f6wen Apotheke\" \/>\n<meta property=\"og:image\" content=\"https:\/\/loewentestneu.metafex.io\/wp-content\/uploads\/2022\/12\/algovir-flu-spray-erkaeltungsspray-20ml-PZN-12579956.jpg\" \/>\n\t<meta property=\"og:image:width\" content=\"600\" \/>\n\t<meta property=\"og:image:height\" content=\"600\" \/>\n\t<meta property=\"og:image:type\" content=\"image\/jpeg\" \/>\n<meta name=\"twitter:card\" content=\"summary_large_image\" \/>\n<meta name=\"twitter:label1\" content=\"Gesch\u00e4tzte Lesezeit\" \/>\n\t<meta name=\"twitter:data1\" content=\"2\u00a0Minuten\" \/>\n<script type=\"application\/ld+json\" class=\"yoast-schema-graph\">{\"@context\":\"https:\/\/schema.org\",\"@graph\":[{\"@type\":\"WebPage\",\"@id\":\"https:\/\/loewentestneu.metafex.io\/de\/produkt\/algovir-kalt-spray-12579962\",\"url\":\"https:\/\/loewentestneu.metafex.io\/de\/produkt\/algovir-kalt-spray-12579962\",\"name\":\"Algovir K\u00e4ltespray &#187; L\u00f6wen Apotheke\",\"isPartOf\":{\"@id\":\"https:\/\/loewentestneu.metafex.io\/de#website\"},\"primaryImageOfPage\":{\"@id\":\"https:\/\/loewentestneu.metafex.io\/de\/produkt\/algovir-kalt-spray-12579962#primaryimage\"},\"image\":{\"@id\":\"https:\/\/loewentestneu.metafex.io\/de\/produkt\/algovir-kalt-spray-12579962#primaryimage\"},\"thumbnailUrl\":\"https:\/\/loewentestneu.metafex.io\/wp-content\/uploads\/2022\/12\/algovir-flu-spray-20ml-PZN-12579956.webp\",\"datePublished\":\"2022-12-29T20:56:13+00:00\",\"description\":\"L\u00f6wen-Apotheke | registrierte deutsche Online-Apotheke | Schneller internationaler Versand | Sicher online einkaufen | Erk\u00e4ltung & Grippe > Algovir K\u00e4ltespray\",\"breadcrumb\":{\"@id\":\"https:\/\/loewentestneu.metafex.io\/de\/produkt\/algovir-kalt-spray-12579962#breadcrumb\"},\"inLanguage\":\"de\",\"potentialAction\":[{\"@type\":\"ReadAction\",\"target\":[\"https:\/\/loewentestneu.metafex.io\/de\/produkt\/algovir-kalt-spray-12579962\"]}]},{\"@type\":\"ImageObject\",\"inLanguage\":\"de\",\"@id\":\"https:\/\/loewentestneu.metafex.io\/de\/produkt\/algovir-kalt-spray-12579962#primaryimage\",\"url\":\"https:\/\/loewentestneu.metafex.io\/wp-content\/uploads\/2022\/12\/algovir-flu-spray-20ml-PZN-12579956.webp\",\"contentUrl\":\"https:\/\/loewentestneu.metafex.io\/wp-content\/uploads\/2022\/12\/algovir-flu-spray-20ml-PZN-12579956.webp\",\"width\":600,\"height\":600,\"caption\":\"algovir flu spray 20ml PZN-12579956\"},{\"@type\":\"BreadcrumbList\",\"@id\":\"https:\/\/loewentestneu.metafex.io\/de\/produkt\/algovir-kalt-spray-12579962#breadcrumb\",\"itemListElement\":[{\"@type\":\"ListItem\",\"position\":1,\"name\":\"Home\",\"item\":\"https:\/\/loewentestneu.metafex.io\/de\/homepage-lion-pharmacy\"},{\"@type\":\"ListItem\",\"position\":2,\"name\":\"Shop\",\"item\":\"https:\/\/loewentestneu.metafex.io\/de\/shop-2\"},{\"@type\":\"ListItem\",\"position\":3,\"name\":\"Algovir K\u00e4ltespray\"}]},{\"@type\":\"WebSite\",\"@id\":\"https:\/\/loewentestneu.metafex.io\/de#website\",\"url\":\"https:\/\/loewentestneu.metafex.io\/de\",\"name\":\"Lions Pharmacy\",\"description\":\"Ihr Spezialist f\u00fcr Naturheilkunde aus Baden-Baden, Germany\",\"publisher\":{\"@id\":\"https:\/\/loewentestneu.metafex.io\/de#organization\"},\"alternateName\":\"Lion Pharmacy\",\"potentialAction\":[{\"@type\":\"SearchAction\",\"target\":{\"@type\":\"EntryPoint\",\"urlTemplate\":\"https:\/\/loewentestneu.metafex.io\/de?s={search_term_string}\"},\"query-input\":{\"@type\":\"PropertyValueSpecification\",\"valueRequired\":true,\"valueName\":\"search_term_string\"}}],\"inLanguage\":\"de\"},{\"@type\":\"Organization\",\"@id\":\"https:\/\/loewentestneu.metafex.io\/de#organization\",\"name\":\"Lions Pharmacy\",\"alternateName\":\"Lions Pharmacy24\",\"url\":\"https:\/\/loewentestneu.metafex.io\/de\",\"logo\":{\"@type\":\"ImageObject\",\"inLanguage\":\"de\",\"@id\":\"https:\/\/loewentestneu.metafex.io\/de#\/schema\/logo\/image\/\",\"url\":\"https:\/\/loewentestneu.metafex.io\/wp-content\/uploads\/2022\/12\/Logo-Lion-Pharmacy-c-o-Loewen-Apotheke-smal.jpg\",\"contentUrl\":\"https:\/\/loewentestneu.metafex.io\/wp-content\/uploads\/2022\/12\/Logo-Lion-Pharmacy-c-o-Loewen-Apotheke-smal.jpg\",\"width\":298,\"height\":99,\"caption\":\"Lions Pharmacy\"},\"image\":{\"@id\":\"https:\/\/loewentestneu.metafex.io\/de#\/schema\/logo\/image\/\"}}]}<\/script>\n<!-- \/ Yoast SEO plugin. -->","yoast_head_json":{"title":"Algovir K\u00e4ltespray &#187; L\u00f6wen Apotheke","description":"L\u00f6wen-Apotheke | registrierte deutsche Online-Apotheke | Schneller internationaler Versand | Sicher online einkaufen | Erk\u00e4ltung & Grippe > Algovir K\u00e4ltespray","robots":{"index":"noindex","follow":"follow","max-snippet":"max-snippet:-1","max-image-preview":"max-image-preview:large","max-video-preview":"max-video-preview:-1"},"og_locale":"de_DE","og_type":"article","og_title":"Algovir K\u00e4ltespray &#187; L\u00f6wen Apotheke","og_description":"L\u00f6wen-Apotheke | registrierte deutsche Online-Apotheke | Schneller internationaler Versand | Sicher online einkaufen | Erk\u00e4ltung & Grippe > Algovir K\u00e4ltespray","og_url":"https:\/\/loewentestneu.metafex.io\/de\/produkt\/algovir-kalt-spray-12579962","og_site_name":"L\u00f6wen Apotheke","og_image":[{"width":600,"height":600,"url":"https:\/\/loewentestneu.metafex.io\/wp-content\/uploads\/2022\/12\/algovir-flu-spray-erkaeltungsspray-20ml-PZN-12579956.jpg","type":"image\/jpeg"}],"twitter_card":"summary_large_image","twitter_misc":{"Gesch\u00e4tzte Lesezeit":"2\u00a0Minuten"},"schema":{"@context":"https:\/\/schema.org","@graph":[{"@type":"WebPage","@id":"https:\/\/loewentestneu.metafex.io\/de\/produkt\/algovir-kalt-spray-12579962","url":"https:\/\/loewentestneu.metafex.io\/de\/produkt\/algovir-kalt-spray-12579962","name":"Algovir K\u00e4ltespray &#187; L\u00f6wen Apotheke","isPartOf":{"@id":"https:\/\/loewentestneu.metafex.io\/de#website"},"primaryImageOfPage":{"@id":"https:\/\/loewentestneu.metafex.io\/de\/produkt\/algovir-kalt-spray-12579962#primaryimage"},"image":{"@id":"https:\/\/loewentestneu.metafex.io\/de\/produkt\/algovir-kalt-spray-12579962#primaryimage"},"thumbnailUrl":"https:\/\/loewentestneu.metafex.io\/wp-content\/uploads\/2022\/12\/algovir-flu-spray-20ml-PZN-12579956.webp","datePublished":"2022-12-29T20:56:13+00:00","description":"L\u00f6wen-Apotheke | registrierte deutsche Online-Apotheke | Schneller internationaler Versand | Sicher online einkaufen | Erk\u00e4ltung & Grippe > Algovir K\u00e4ltespray","breadcrumb":{"@id":"https:\/\/loewentestneu.metafex.io\/de\/produkt\/algovir-kalt-spray-12579962#breadcrumb"},"inLanguage":"de","potentialAction":[{"@type":"ReadAction","target":["https:\/\/loewentestneu.metafex.io\/de\/produkt\/algovir-kalt-spray-12579962"]}]},{"@type":"ImageObject","inLanguage":"de","@id":"https:\/\/loewentestneu.metafex.io\/de\/produkt\/algovir-kalt-spray-12579962#primaryimage","url":"https:\/\/loewentestneu.metafex.io\/wp-content\/uploads\/2022\/12\/algovir-flu-spray-20ml-PZN-12579956.webp","contentUrl":"https:\/\/loewentestneu.metafex.io\/wp-content\/uploads\/2022\/12\/algovir-flu-spray-20ml-PZN-12579956.webp","width":600,"height":600,"caption":"algovir flu spray 20ml PZN-12579956"},{"@type":"BreadcrumbList","@id":"https:\/\/loewentestneu.metafex.io\/de\/produkt\/algovir-kalt-spray-12579962#breadcrumb","itemListElement":[{"@type":"ListItem","position":1,"name":"Home","item":"https:\/\/loewentestneu.metafex.io\/de\/homepage-lion-pharmacy"},{"@type":"ListItem","position":2,"name":"Shop","item":"https:\/\/loewentestneu.metafex.io\/de\/shop-2"},{"@type":"ListItem","position":3,"name":"Algovir K\u00e4ltespray"}]},{"@type":"WebSite","@id":"https:\/\/loewentestneu.metafex.io\/de#website","url":"https:\/\/loewentestneu.metafex.io\/de","name":"Lions Pharmacy","description":"Ihr Spezialist f\u00fcr Naturheilkunde aus Baden-Baden, Germany","publisher":{"@id":"https:\/\/loewentestneu.metafex.io\/de#organization"},"alternateName":"Lion Pharmacy","potentialAction":[{"@type":"SearchAction","target":{"@type":"EntryPoint","urlTemplate":"https:\/\/loewentestneu.metafex.io\/de?s={search_term_string}"},"query-input":{"@type":"PropertyValueSpecification","valueRequired":true,"valueName":"search_term_string"}}],"inLanguage":"de"},{"@type":"Organization","@id":"https:\/\/loewentestneu.metafex.io\/de#organization","name":"Lions Pharmacy","alternateName":"Lions Pharmacy24","url":"https:\/\/loewentestneu.metafex.io\/de","logo":{"@type":"ImageObject","inLanguage":"de","@id":"https:\/\/loewentestneu.metafex.io\/de#\/schema\/logo\/image\/","url":"https:\/\/loewentestneu.metafex.io\/wp-content\/uploads\/2022\/12\/Logo-Lion-Pharmacy-c-o-Loewen-Apotheke-smal.jpg","contentUrl":"https:\/\/loewentestneu.metafex.io\/wp-content\/uploads\/2022\/12\/Logo-Lion-Pharmacy-c-o-Loewen-Apotheke-smal.jpg","width":298,"height":99,"caption":"Lions Pharmacy"},"image":{"@id":"https:\/\/loewentestneu.metafex.io\/de#\/schema\/logo\/image\/"}}]}},"_links":{"self":[{"href":"https:\/\/loewentestneu.metafex.io\/de\/wp-json\/wp\/v2\/product\/2824","targetHints":{"allow":["GET"]}}],"collection":[{"href":"https:\/\/loewentestneu.metafex.io\/de\/wp-json\/wp\/v2\/product"}],"about":[{"href":"https:\/\/loewentestneu.metafex.io\/de\/wp-json\/wp\/v2\/types\/product"}],"replies":[{"embeddable":true,"href":"https:\/\/loewentestneu.metafex.io\/de\/wp-json\/wp\/v2\/comments?post=2824"}],"wp:featuredmedia":[{"embeddable":true,"href":"https:\/\/loewentestneu.metafex.io\/de\/wp-json\/wp\/v2\/media\/4769"}],"wp:attachment":[{"href":"https:\/\/loewentestneu.metafex.io\/de\/wp-json\/wp\/v2\/media?parent=2824"}],"wp:term":[{"taxonomy":"product_brand","embeddable":true,"href":"https:\/\/loewentestneu.metafex.io\/de\/wp-json\/wp\/v2\/product_brand?post=2824"},{"taxonomy":"product_cat","embeddable":true,"href":"https:\/\/loewentestneu.metafex.io\/de\/wp-json\/wp\/v2\/product_cat?post=2824"},{"taxonomy":"product_tag","embeddable":true,"href":"https:\/\/loewentestneu.metafex.io\/de\/wp-json\/wp\/v2\/product_tag?post=2824"}],"curies":[{"name":"wp","href":"https:\/\/api.w.org\/{rel}","templated":true}]}}