{"id":3072,"date":"2024-01-17T21:22:24","date_gmt":"2024-01-17T20:22:24","guid":{"rendered":"https:\/\/lions-pharmacy.com\/?post_type=product&#038;p=3072"},"modified":"2025-01-24T19:39:29","modified_gmt":"2025-01-24T18:39:29","slug":"traumeel-s-sahne-100g","status":"publish","type":"product","link":"https:\/\/loewentestneu.metafex.io\/de\/produkt\/traumeel-s-sahne-100g","title":{"rendered":"Traumeel S Creme 100g"},"content":{"rendered":"<h3>Traumeel S Creme<\/h3>\n<p>Traumeel S Creme &#8211; ein registriertes hom\u00f6opathisches Arzneimittel, daher ohne therapeutische Indikation. \u00c4rztlicher Rat sollte eingeholt werden, wenn die Symptome w\u00e4hrend der Anwendung anhalten.<\/p>\n<p>Im Rahmen unseres patientenzentrierten Therapieansatzes konzentrieren sich die Heel-Medikamente auf die F\u00e4higkeit des K\u00f6rpers, sich selbst zu regulieren. Sie unterst\u00fctzen die Aktivierung k\u00f6rpereigener Mechanismen, um die Genesung zu f\u00f6rdern, anstatt nur die Symptome der Krankheit zu unterdr\u00fccken. Heel Medikamente auf der Basis nat\u00fcrlicher Wirkstoffe stimulieren und st\u00e4rken diesen Prozess, und Patienten profitieren vom sicheren und nachhaltigen Therapieansatz.<\/p>\n<p>Weitere Produkte f\u00fcr die Anwendung: <a href=\"https:\/\/loewentestneu.metafex.io\/product-tag\/weight-fitness\">Fitness<\/a> | <a href=\"https:\/\/loewentestneu.metafex.io\/product-tag\/vitamins-supplements\">Vitamine &amp; Nahrungserg\u00e4nzungsmittel Produkte<\/a><br \/>\nErfahren Sie mehr \u00fcber manufactorer und dieses Produkt: <a href=\"https:\/\/www.heel.de\/de\/produktsuche.html\" target=\"_blank\" rel=\"noopener\">Biologische Heilmittel Heel GmbH<\/a> (Link zu externer Website)<\/p>\n<p>Informationen auf dieser Website werden ausschlie\u00dflich f\u00fcr informative Zwecke zur Verf\u00fcgung gestellt. Sie ersetzen keinesfalls die Untersuchung und Behandlung durch einen Arzt. Bitte beachten Sie, dass hierdurch weder Diagnosen gestellt noch Therapien eingeleitet werden k\u00f6nnen.<\/p>\n<p>Zu Risiken und Nebenwirkungen lesen Sie die Packungsbeilage und fragen Sie Ihren Arzt oder Apotheker.<\/p>\n","protected":false},"excerpt":{"rendered":"<h2>Traumeel S Creme 100g<\/h2>\n<p>Traumeel S Creme 100g &#8211; ein registriertes hom\u00f6opathisches Arzneimittel.<\/p>\n<p>&nbsp;<\/p>\n<p>PZN: 01292358 (Pharmazentralnummer)<\/p>\n<p>Darreichungsform: Creme<\/p>\n<p>Verordnungsart: Rezeptfrei<\/p>\n<p>Marke: Traumeel<\/p>\n<p>Hersteller: Biologische Heilmittel Heel GmbH<\/p>\n<p>Packungsgr\u00f6\u00dfe: 100g<\/p>\n","protected":false},"featured_media":3073,"comment_status":"closed","ping_status":"closed","template":"","meta":[],"product_brand":[],"product_cat":[364,367,368],"product_tag":[434],"class_list":{"0":"post-3072","1":"product","2":"type-product","3":"status-publish","4":"has-post-thumbnail","6":"product_cat-heel-de","7":"product_cat-sale-de","8":"product_cat-shop-de","9":"product_tag-gewicht-und-fitness","10":"ts_product_brand-alle","11":"ts_product_brand-heel-de","13":"first","14":"instock","15":"sale","16":"taxable","17":"shipping-taxable","18":"purchasable","19":"product-type-simple"},"yoast_head":"<!-- This site is optimized with the Yoast SEO plugin v26.5 - https:\/\/yoast.com\/wordpress\/plugins\/seo\/ -->\n<title>Traumeel S Creme 100g &#187; L\u00f6wen Apotheke &#187;<\/title>\n<meta name=\"description\" content=\"Registrierte deutsche Online-Apotheke. Schneller internationaler Versand und sicheres online einkaufen. Heel: Traumeel S Creme 100g &gt; hier direkt bestellen\" \/>\n<meta name=\"robots\" content=\"noindex, follow, max-snippet:-1, max-image-preview:large, max-video-preview:-1\" \/>\n<meta property=\"og:locale\" content=\"de_DE\" \/>\n<meta property=\"og:type\" content=\"article\" \/>\n<meta property=\"og:title\" content=\"Traumeel S Creme 100g &#187; L\u00f6wen Apotheke &#187;\" \/>\n<meta property=\"og:description\" content=\"Registrierte deutsche Online-Apotheke. Schneller internationaler Versand und sicheres online einkaufen. Heel: Traumeel S Creme 100g &gt; hier direkt bestellen\" \/>\n<meta property=\"og:url\" content=\"https:\/\/loewentestneu.metafex.io\/de\/produkt\/traumeel-s-sahne-100g\" \/>\n<meta property=\"og:site_name\" content=\"L\u00f6wen Apotheke\" \/>\n<meta property=\"article:modified_time\" content=\"2025-01-24T18:39:29+00:00\" \/>\n<meta property=\"og:image\" content=\"https:\/\/loewentestneu.metafex.io\/wp-content\/uploads\/2023\/09\/Traumeel-S-Creme-Heel-Lowen-Apotheke-1.webp\" \/>\n\t<meta property=\"og:image:width\" content=\"600\" \/>\n\t<meta property=\"og:image:height\" content=\"600\" \/>\n\t<meta property=\"og:image:type\" content=\"image\/webp\" \/>\n<meta name=\"twitter:card\" content=\"summary_large_image\" \/>\n<meta name=\"twitter:label1\" content=\"Gesch\u00e4tzte Lesezeit\" \/>\n\t<meta name=\"twitter:data1\" content=\"1\u00a0Minute\" \/>\n<script type=\"application\/ld+json\" class=\"yoast-schema-graph\">{\"@context\":\"https:\/\/schema.org\",\"@graph\":[{\"@type\":\"WebPage\",\"@id\":\"https:\/\/loewentestneu.metafex.io\/de\/produkt\/traumeel-s-sahne-100g\",\"url\":\"https:\/\/loewentestneu.metafex.io\/de\/produkt\/traumeel-s-sahne-100g\",\"name\":\"Traumeel S Creme 100g &#187; L\u00f6wen Apotheke &#187;\",\"isPartOf\":{\"@id\":\"https:\/\/loewentestneu.metafex.io\/de#website\"},\"primaryImageOfPage\":{\"@id\":\"https:\/\/loewentestneu.metafex.io\/de\/produkt\/traumeel-s-sahne-100g#primaryimage\"},\"image\":{\"@id\":\"https:\/\/loewentestneu.metafex.io\/de\/produkt\/traumeel-s-sahne-100g#primaryimage\"},\"thumbnailUrl\":\"https:\/\/loewentestneu.metafex.io\/wp-content\/uploads\/2023\/09\/Traumeel-S-Creme-Heel-Lowen-Apotheke-1.webp\",\"datePublished\":\"2024-01-17T20:22:24+00:00\",\"dateModified\":\"2025-01-24T18:39:29+00:00\",\"description\":\"Registrierte deutsche Online-Apotheke. Schneller internationaler Versand und sicheres online einkaufen. Heel: Traumeel S Creme 100g > hier direkt bestellen\",\"breadcrumb\":{\"@id\":\"https:\/\/loewentestneu.metafex.io\/de\/produkt\/traumeel-s-sahne-100g#breadcrumb\"},\"inLanguage\":\"de\",\"potentialAction\":[{\"@type\":\"ReadAction\",\"target\":[\"https:\/\/loewentestneu.metafex.io\/de\/produkt\/traumeel-s-sahne-100g\"]}]},{\"@type\":\"ImageObject\",\"inLanguage\":\"de\",\"@id\":\"https:\/\/loewentestneu.metafex.io\/de\/produkt\/traumeel-s-sahne-100g#primaryimage\",\"url\":\"https:\/\/loewentestneu.metafex.io\/wp-content\/uploads\/2023\/09\/Traumeel-S-Creme-Heel-Lowen-Apotheke-1.webp\",\"contentUrl\":\"https:\/\/loewentestneu.metafex.io\/wp-content\/uploads\/2023\/09\/Traumeel-S-Creme-Heel-Lowen-Apotheke-1.webp\",\"width\":600,\"height\":600,\"caption\":\"Traumeel S cream Heel L\u00f6wen Apotheke\"},{\"@type\":\"BreadcrumbList\",\"@id\":\"https:\/\/loewentestneu.metafex.io\/de\/produkt\/traumeel-s-sahne-100g#breadcrumb\",\"itemListElement\":[{\"@type\":\"ListItem\",\"position\":1,\"name\":\"Home\",\"item\":\"https:\/\/loewentestneu.metafex.io\/de\/homepage-lion-pharmacy\"},{\"@type\":\"ListItem\",\"position\":2,\"name\":\"Shop\",\"item\":\"https:\/\/loewentestneu.metafex.io\/de\/shop-2\"},{\"@type\":\"ListItem\",\"position\":3,\"name\":\"Traumeel S Creme 100g\"}]},{\"@type\":\"WebSite\",\"@id\":\"https:\/\/loewentestneu.metafex.io\/de#website\",\"url\":\"https:\/\/loewentestneu.metafex.io\/de\",\"name\":\"Lions Pharmacy\",\"description\":\"Ihr Spezialist f\u00fcr Naturheilkunde aus Baden-Baden, Germany\",\"publisher\":{\"@id\":\"https:\/\/loewentestneu.metafex.io\/de#organization\"},\"alternateName\":\"Lion Pharmacy\",\"potentialAction\":[{\"@type\":\"SearchAction\",\"target\":{\"@type\":\"EntryPoint\",\"urlTemplate\":\"https:\/\/loewentestneu.metafex.io\/de?s={search_term_string}\"},\"query-input\":{\"@type\":\"PropertyValueSpecification\",\"valueRequired\":true,\"valueName\":\"search_term_string\"}}],\"inLanguage\":\"de\"},{\"@type\":\"Organization\",\"@id\":\"https:\/\/loewentestneu.metafex.io\/de#organization\",\"name\":\"Lions Pharmacy\",\"alternateName\":\"Lions Pharmacy24\",\"url\":\"https:\/\/loewentestneu.metafex.io\/de\",\"logo\":{\"@type\":\"ImageObject\",\"inLanguage\":\"de\",\"@id\":\"https:\/\/loewentestneu.metafex.io\/de#\/schema\/logo\/image\/\",\"url\":\"https:\/\/loewentestneu.metafex.io\/wp-content\/uploads\/2022\/12\/Logo-Lion-Pharmacy-c-o-Loewen-Apotheke-smal.jpg\",\"contentUrl\":\"https:\/\/loewentestneu.metafex.io\/wp-content\/uploads\/2022\/12\/Logo-Lion-Pharmacy-c-o-Loewen-Apotheke-smal.jpg\",\"width\":298,\"height\":99,\"caption\":\"Lions Pharmacy\"},\"image\":{\"@id\":\"https:\/\/loewentestneu.metafex.io\/de#\/schema\/logo\/image\/\"}}]}<\/script>\n<!-- \/ Yoast SEO plugin. -->","yoast_head_json":{"title":"Traumeel S Creme 100g &#187; L\u00f6wen Apotheke &#187;","description":"Registrierte deutsche Online-Apotheke. Schneller internationaler Versand und sicheres online einkaufen. Heel: Traumeel S Creme 100g > hier direkt bestellen","robots":{"index":"noindex","follow":"follow","max-snippet":"max-snippet:-1","max-image-preview":"max-image-preview:large","max-video-preview":"max-video-preview:-1"},"og_locale":"de_DE","og_type":"article","og_title":"Traumeel S Creme 100g &#187; L\u00f6wen Apotheke &#187;","og_description":"Registrierte deutsche Online-Apotheke. Schneller internationaler Versand und sicheres online einkaufen. Heel: Traumeel S Creme 100g > hier direkt bestellen","og_url":"https:\/\/loewentestneu.metafex.io\/de\/produkt\/traumeel-s-sahne-100g","og_site_name":"L\u00f6wen Apotheke","article_modified_time":"2025-01-24T18:39:29+00:00","og_image":[{"width":600,"height":600,"url":"https:\/\/loewentestneu.metafex.io\/wp-content\/uploads\/2023\/09\/Traumeel-S-Creme-Heel-Lowen-Apotheke-1.webp","type":"image\/webp"}],"twitter_card":"summary_large_image","twitter_misc":{"Gesch\u00e4tzte Lesezeit":"1\u00a0Minute"},"schema":{"@context":"https:\/\/schema.org","@graph":[{"@type":"WebPage","@id":"https:\/\/loewentestneu.metafex.io\/de\/produkt\/traumeel-s-sahne-100g","url":"https:\/\/loewentestneu.metafex.io\/de\/produkt\/traumeel-s-sahne-100g","name":"Traumeel S Creme 100g &#187; L\u00f6wen Apotheke &#187;","isPartOf":{"@id":"https:\/\/loewentestneu.metafex.io\/de#website"},"primaryImageOfPage":{"@id":"https:\/\/loewentestneu.metafex.io\/de\/produkt\/traumeel-s-sahne-100g#primaryimage"},"image":{"@id":"https:\/\/loewentestneu.metafex.io\/de\/produkt\/traumeel-s-sahne-100g#primaryimage"},"thumbnailUrl":"https:\/\/loewentestneu.metafex.io\/wp-content\/uploads\/2023\/09\/Traumeel-S-Creme-Heel-Lowen-Apotheke-1.webp","datePublished":"2024-01-17T20:22:24+00:00","dateModified":"2025-01-24T18:39:29+00:00","description":"Registrierte deutsche Online-Apotheke. Schneller internationaler Versand und sicheres online einkaufen. Heel: Traumeel S Creme 100g > hier direkt bestellen","breadcrumb":{"@id":"https:\/\/loewentestneu.metafex.io\/de\/produkt\/traumeel-s-sahne-100g#breadcrumb"},"inLanguage":"de","potentialAction":[{"@type":"ReadAction","target":["https:\/\/loewentestneu.metafex.io\/de\/produkt\/traumeel-s-sahne-100g"]}]},{"@type":"ImageObject","inLanguage":"de","@id":"https:\/\/loewentestneu.metafex.io\/de\/produkt\/traumeel-s-sahne-100g#primaryimage","url":"https:\/\/loewentestneu.metafex.io\/wp-content\/uploads\/2023\/09\/Traumeel-S-Creme-Heel-Lowen-Apotheke-1.webp","contentUrl":"https:\/\/loewentestneu.metafex.io\/wp-content\/uploads\/2023\/09\/Traumeel-S-Creme-Heel-Lowen-Apotheke-1.webp","width":600,"height":600,"caption":"Traumeel S cream Heel L\u00f6wen Apotheke"},{"@type":"BreadcrumbList","@id":"https:\/\/loewentestneu.metafex.io\/de\/produkt\/traumeel-s-sahne-100g#breadcrumb","itemListElement":[{"@type":"ListItem","position":1,"name":"Home","item":"https:\/\/loewentestneu.metafex.io\/de\/homepage-lion-pharmacy"},{"@type":"ListItem","position":2,"name":"Shop","item":"https:\/\/loewentestneu.metafex.io\/de\/shop-2"},{"@type":"ListItem","position":3,"name":"Traumeel S Creme 100g"}]},{"@type":"WebSite","@id":"https:\/\/loewentestneu.metafex.io\/de#website","url":"https:\/\/loewentestneu.metafex.io\/de","name":"Lions Pharmacy","description":"Ihr Spezialist f\u00fcr Naturheilkunde aus Baden-Baden, Germany","publisher":{"@id":"https:\/\/loewentestneu.metafex.io\/de#organization"},"alternateName":"Lion Pharmacy","potentialAction":[{"@type":"SearchAction","target":{"@type":"EntryPoint","urlTemplate":"https:\/\/loewentestneu.metafex.io\/de?s={search_term_string}"},"query-input":{"@type":"PropertyValueSpecification","valueRequired":true,"valueName":"search_term_string"}}],"inLanguage":"de"},{"@type":"Organization","@id":"https:\/\/loewentestneu.metafex.io\/de#organization","name":"Lions Pharmacy","alternateName":"Lions Pharmacy24","url":"https:\/\/loewentestneu.metafex.io\/de","logo":{"@type":"ImageObject","inLanguage":"de","@id":"https:\/\/loewentestneu.metafex.io\/de#\/schema\/logo\/image\/","url":"https:\/\/loewentestneu.metafex.io\/wp-content\/uploads\/2022\/12\/Logo-Lion-Pharmacy-c-o-Loewen-Apotheke-smal.jpg","contentUrl":"https:\/\/loewentestneu.metafex.io\/wp-content\/uploads\/2022\/12\/Logo-Lion-Pharmacy-c-o-Loewen-Apotheke-smal.jpg","width":298,"height":99,"caption":"Lions Pharmacy"},"image":{"@id":"https:\/\/loewentestneu.metafex.io\/de#\/schema\/logo\/image\/"}}]}},"_links":{"self":[{"href":"https:\/\/loewentestneu.metafex.io\/de\/wp-json\/wp\/v2\/product\/3072","targetHints":{"allow":["GET"]}}],"collection":[{"href":"https:\/\/loewentestneu.metafex.io\/de\/wp-json\/wp\/v2\/product"}],"about":[{"href":"https:\/\/loewentestneu.metafex.io\/de\/wp-json\/wp\/v2\/types\/product"}],"replies":[{"embeddable":true,"href":"https:\/\/loewentestneu.metafex.io\/de\/wp-json\/wp\/v2\/comments?post=3072"}],"wp:featuredmedia":[{"embeddable":true,"href":"https:\/\/loewentestneu.metafex.io\/de\/wp-json\/wp\/v2\/media\/3073"}],"wp:attachment":[{"href":"https:\/\/loewentestneu.metafex.io\/de\/wp-json\/wp\/v2\/media?parent=3072"}],"wp:term":[{"taxonomy":"product_brand","embeddable":true,"href":"https:\/\/loewentestneu.metafex.io\/de\/wp-json\/wp\/v2\/product_brand?post=3072"},{"taxonomy":"product_cat","embeddable":true,"href":"https:\/\/loewentestneu.metafex.io\/de\/wp-json\/wp\/v2\/product_cat?post=3072"},{"taxonomy":"product_tag","embeddable":true,"href":"https:\/\/loewentestneu.metafex.io\/de\/wp-json\/wp\/v2\/product_tag?post=3072"}],"curies":[{"name":"wp","href":"https:\/\/api.w.org\/{rel}","templated":true}]}}