{"id":3255,"date":"2024-02-03T15:30:51","date_gmt":"2024-02-03T14:30:51","guid":{"rendered":"https:\/\/lions-pharmacy.com\/?post_type=product&#038;p=3255"},"modified":"2024-02-03T15:59:32","modified_gmt":"2024-02-03T14:59:32","slug":"orthomol-neuroprotect-30-stk","status":"publish","type":"product","link":"https:\/\/loewentestneu.metafex.io\/de\/produkt\/orthomol-neuroprotect-30-stk","title":{"rendered":"Orthomol Neuroprotect 30 Stk."},"content":{"rendered":"<h3>Orthomol Neuroprotect 30 Stk.<\/h3>\n<p>Orthomol Neuroprotect 30 Stk. Kapseln: Wichtige Mikron\u00e4hrstoffe f\u00fcr die normale Funktion des Nervensystems. Nahrungserg\u00e4nzungsmittel sind kein Ersatz f\u00fcr eine ausgewogene und abwechslungsreiche Ern\u00e4hrung und eine gesunde Lebensweise.<\/p>\n<p>T\u00e4glich 1 Kapsel einnehmen, am besten mit reichlich Fl\u00fcssigkeit.<\/p>\n<p>Orthomol Neuroprotect enth\u00e4lt:<\/p>\n<p>Vitamin B1, Vitamin B6, Vitamin B12 und Fols\u00e4ure<br \/>\nMagnesium<br \/>\nUridinmonophosphat (UMP) und Cytidinmonophosphat (CMP)<\/p>\n<p>Produkte von Orthomol: Pioniere der orthomolekularen Ern\u00e4hrungsmedizin in Deutschland. Das Unternehmen entwickelt und vertreibt seit \u00fcber 30 Jahren ausgewogen dosierte Mikron\u00e4hrstoffkombinationen f\u00fcr verschiedene Anwendungsbereiche. Dabei handelt es sich um Mikron\u00e4hrstoffkombinationen, die auf der orthomolekularen Medizin basieren.<\/p>\n<p>Packungsbeilage\/Gebrauchsanweisung\/Artikeldatenblatt: &#8211; (PDF-Reader)<\/p>\n<p>Weitere Produkte f\u00fcr die Anwendung: <a href=\"https:\/\/loewentestneu.metafex.io\/product-tag\/vitamins-supplements\">Vitamine &amp; Nahrungserg\u00e4nzungsmittel Produkte<\/a><\/p>\n<p>Erfahren Sie mehr \u00fcber den Hersteller und dieses Produkt: <a href=\"https:\/\/www.orthomol.com\/de-de\/produkte\/schoenheit\/orthomol-hair-intense\" target=\"_blank\" rel=\"noopener\">orthomol<\/a> (Link zu externer Website)<\/p>\n<p>Informationen auf dieser Website werden ausschlie\u00dflich f\u00fcr informative Zwecke zur Verf\u00fcgung gestellt. Sie ersetzen keinesfalls die Untersuchung und Behandlung durch einen Arzt. Bitte beachten Sie, dass hierdurch weder Diagnosen gestellt noch Therapien eingeleitet werden k\u00f6nnen.<\/p>\n<p>Zu Risiken und Nebenwirkungen lesen Sie die Packungsbeilage und fragen Sie Ihren Arzt oder Apotheker.<\/p>\n","protected":false},"excerpt":{"rendered":"<h2>Orthomol Neuroprotect 30 Stk.<\/h2>\n<p>Orthomol Neuroprotect Kapseln enthalten wichtige Mikron\u00e4hrstoffe f\u00fcr die normale Funktion des Nervensystems.<\/p>\n<p>&nbsp;<\/p>\n<p>PZN: 18847211 (Pharmazentralnummer)<\/p>\n<p>Darreichungsform: Kapseln<\/p>\n<p>Verordnungsart: Rezeptfrei<\/p>\n<p>Marke: orthomol<\/p>\n<p>Hersteller: orthomol Arzneimittel GmbH, Deutschland<\/p>\n<p>Packungsgr\u00f6\u00dfe: 30 St.<\/p>\n","protected":false},"featured_media":3248,"comment_status":"closed","ping_status":"closed","template":"","meta":[],"product_brand":[],"product_cat":[367,368],"product_tag":[379,429],"class_list":{"0":"post-3255","1":"product","2":"type-product","3":"status-publish","4":"has-post-thumbnail","6":"product_cat-sale-de","7":"product_cat-shop-de","8":"product_tag-monatlicher-sale-de","9":"product_tag-vitamine-und-nahrungserganzungsmittel","10":"ts_product_brand-alle","11":"ts_product_brand-orthomol-de","13":"first","14":"outofstock","15":"sale","16":"taxable","17":"shipping-taxable","18":"purchasable","19":"product-type-simple"},"yoast_head":"<!-- This site is optimized with the Yoast SEO plugin v26.5 - https:\/\/yoast.com\/wordpress\/plugins\/seo\/ -->\n<title>Orthomol Neuroprotect 30 Stk. &#187; L\u00f6wen Apotheke &#187;<\/title>\n<meta name=\"description\" content=\"L\u00f6wen-Apotheke | registrierte deutsche Online-Apotheke | Schneller internationaler Versand und sicheres Online-Einkaufen. Orthomol Neuroprotect 30 Stk.\" \/>\n<meta name=\"robots\" content=\"noindex, follow, max-snippet:-1, max-image-preview:large, max-video-preview:-1\" \/>\n<meta property=\"og:locale\" content=\"de_DE\" \/>\n<meta property=\"og:type\" content=\"article\" \/>\n<meta property=\"og:title\" content=\"Orthomol Neuroprotect 30 Stk. &#187; L\u00f6wen Apotheke &#187;\" \/>\n<meta property=\"og:description\" content=\"L\u00f6wen-Apotheke | registrierte deutsche Online-Apotheke | Schneller internationaler Versand und sicheres Online-Einkaufen. Orthomol Neuroprotect 30 Stk.\" \/>\n<meta property=\"og:url\" content=\"https:\/\/loewentestneu.metafex.io\/de\/produkt\/orthomol-neuroprotect-30-stk\" \/>\n<meta property=\"og:site_name\" content=\"L\u00f6wen Apotheke\" \/>\n<meta property=\"article:modified_time\" content=\"2024-02-03T14:59:32+00:00\" \/>\n<meta property=\"og:image\" content=\"https:\/\/loewentestneu.metafex.io\/wp-content\/uploads\/2024\/02\/Orthomol-Neuroprotect-Kapseln-PZN-18847228-Loewen-Apotheke.webp\" \/>\n\t<meta property=\"og:image:width\" content=\"600\" \/>\n\t<meta property=\"og:image:height\" content=\"600\" \/>\n\t<meta property=\"og:image:type\" content=\"image\/webp\" \/>\n<meta name=\"twitter:card\" content=\"summary_large_image\" \/>\n<meta name=\"twitter:label1\" content=\"Gesch\u00e4tzte Lesezeit\" \/>\n\t<meta name=\"twitter:data1\" content=\"1\u00a0Minute\" \/>\n<script type=\"application\/ld+json\" class=\"yoast-schema-graph\">{\"@context\":\"https:\/\/schema.org\",\"@graph\":[{\"@type\":\"WebPage\",\"@id\":\"https:\/\/loewentestneu.metafex.io\/de\/produkt\/orthomol-neuroprotect-30-stk\",\"url\":\"https:\/\/loewentestneu.metafex.io\/de\/produkt\/orthomol-neuroprotect-30-stk\",\"name\":\"Orthomol Neuroprotect 30 Stk. &#187; L\u00f6wen Apotheke &#187;\",\"isPartOf\":{\"@id\":\"https:\/\/loewentestneu.metafex.io\/de#website\"},\"primaryImageOfPage\":{\"@id\":\"https:\/\/loewentestneu.metafex.io\/de\/produkt\/orthomol-neuroprotect-30-stk#primaryimage\"},\"image\":{\"@id\":\"https:\/\/loewentestneu.metafex.io\/de\/produkt\/orthomol-neuroprotect-30-stk#primaryimage\"},\"thumbnailUrl\":\"https:\/\/loewentestneu.metafex.io\/wp-content\/uploads\/2024\/02\/Orthomol-Neuroprotect-Kapseln-PZN-18847228-Loewen-Apotheke.webp\",\"datePublished\":\"2024-02-03T14:30:51+00:00\",\"dateModified\":\"2024-02-03T14:59:32+00:00\",\"description\":\"L\u00f6wen-Apotheke | registrierte deutsche Online-Apotheke | Schneller internationaler Versand und sicheres Online-Einkaufen. Orthomol Neuroprotect 30 Stk.\",\"breadcrumb\":{\"@id\":\"https:\/\/loewentestneu.metafex.io\/de\/produkt\/orthomol-neuroprotect-30-stk#breadcrumb\"},\"inLanguage\":\"de\",\"potentialAction\":[{\"@type\":\"ReadAction\",\"target\":[\"https:\/\/loewentestneu.metafex.io\/de\/produkt\/orthomol-neuroprotect-30-stk\"]}]},{\"@type\":\"ImageObject\",\"inLanguage\":\"de\",\"@id\":\"https:\/\/loewentestneu.metafex.io\/de\/produkt\/orthomol-neuroprotect-30-stk#primaryimage\",\"url\":\"https:\/\/loewentestneu.metafex.io\/wp-content\/uploads\/2024\/02\/Orthomol-Neuroprotect-Kapseln-PZN-18847228-Loewen-Apotheke.webp\",\"contentUrl\":\"https:\/\/loewentestneu.metafex.io\/wp-content\/uploads\/2024\/02\/Orthomol-Neuroprotect-Kapseln-PZN-18847228-Loewen-Apotheke.webp\",\"width\":600,\"height\":600,\"caption\":\"Orthomol Neuroprotect Kapseln PZN 18847228-Loewen-Apotheke, Lions Pharmacy\"},{\"@type\":\"BreadcrumbList\",\"@id\":\"https:\/\/loewentestneu.metafex.io\/de\/produkt\/orthomol-neuroprotect-30-stk#breadcrumb\",\"itemListElement\":[{\"@type\":\"ListItem\",\"position\":1,\"name\":\"Home\",\"item\":\"https:\/\/loewentestneu.metafex.io\/de\/homepage-lion-pharmacy\"},{\"@type\":\"ListItem\",\"position\":2,\"name\":\"Shop\",\"item\":\"https:\/\/loewentestneu.metafex.io\/de\/shop-2\"},{\"@type\":\"ListItem\",\"position\":3,\"name\":\"Orthomol Neuroprotect 30 Stk.\"}]},{\"@type\":\"WebSite\",\"@id\":\"https:\/\/loewentestneu.metafex.io\/de#website\",\"url\":\"https:\/\/loewentestneu.metafex.io\/de\",\"name\":\"Lions Pharmacy\",\"description\":\"Ihr Spezialist f\u00fcr Naturheilkunde aus Baden-Baden, Germany\",\"publisher\":{\"@id\":\"https:\/\/loewentestneu.metafex.io\/de#organization\"},\"alternateName\":\"Lion Pharmacy\",\"potentialAction\":[{\"@type\":\"SearchAction\",\"target\":{\"@type\":\"EntryPoint\",\"urlTemplate\":\"https:\/\/loewentestneu.metafex.io\/de?s={search_term_string}\"},\"query-input\":{\"@type\":\"PropertyValueSpecification\",\"valueRequired\":true,\"valueName\":\"search_term_string\"}}],\"inLanguage\":\"de\"},{\"@type\":\"Organization\",\"@id\":\"https:\/\/loewentestneu.metafex.io\/de#organization\",\"name\":\"Lions Pharmacy\",\"alternateName\":\"Lions Pharmacy24\",\"url\":\"https:\/\/loewentestneu.metafex.io\/de\",\"logo\":{\"@type\":\"ImageObject\",\"inLanguage\":\"de\",\"@id\":\"https:\/\/loewentestneu.metafex.io\/de#\/schema\/logo\/image\/\",\"url\":\"https:\/\/loewentestneu.metafex.io\/wp-content\/uploads\/2022\/12\/Logo-Lion-Pharmacy-c-o-Loewen-Apotheke-smal.jpg\",\"contentUrl\":\"https:\/\/loewentestneu.metafex.io\/wp-content\/uploads\/2022\/12\/Logo-Lion-Pharmacy-c-o-Loewen-Apotheke-smal.jpg\",\"width\":298,\"height\":99,\"caption\":\"Lions Pharmacy\"},\"image\":{\"@id\":\"https:\/\/loewentestneu.metafex.io\/de#\/schema\/logo\/image\/\"}}]}<\/script>\n<!-- \/ Yoast SEO plugin. -->","yoast_head_json":{"title":"Orthomol Neuroprotect 30 Stk. &#187; L\u00f6wen Apotheke &#187;","description":"L\u00f6wen-Apotheke | registrierte deutsche Online-Apotheke | Schneller internationaler Versand und sicheres Online-Einkaufen. Orthomol Neuroprotect 30 Stk.","robots":{"index":"noindex","follow":"follow","max-snippet":"max-snippet:-1","max-image-preview":"max-image-preview:large","max-video-preview":"max-video-preview:-1"},"og_locale":"de_DE","og_type":"article","og_title":"Orthomol Neuroprotect 30 Stk. &#187; L\u00f6wen Apotheke &#187;","og_description":"L\u00f6wen-Apotheke | registrierte deutsche Online-Apotheke | Schneller internationaler Versand und sicheres Online-Einkaufen. Orthomol Neuroprotect 30 Stk.","og_url":"https:\/\/loewentestneu.metafex.io\/de\/produkt\/orthomol-neuroprotect-30-stk","og_site_name":"L\u00f6wen Apotheke","article_modified_time":"2024-02-03T14:59:32+00:00","og_image":[{"width":600,"height":600,"url":"https:\/\/loewentestneu.metafex.io\/wp-content\/uploads\/2024\/02\/Orthomol-Neuroprotect-Kapseln-PZN-18847228-Loewen-Apotheke.webp","type":"image\/webp"}],"twitter_card":"summary_large_image","twitter_misc":{"Gesch\u00e4tzte Lesezeit":"1\u00a0Minute"},"schema":{"@context":"https:\/\/schema.org","@graph":[{"@type":"WebPage","@id":"https:\/\/loewentestneu.metafex.io\/de\/produkt\/orthomol-neuroprotect-30-stk","url":"https:\/\/loewentestneu.metafex.io\/de\/produkt\/orthomol-neuroprotect-30-stk","name":"Orthomol Neuroprotect 30 Stk. &#187; L\u00f6wen Apotheke &#187;","isPartOf":{"@id":"https:\/\/loewentestneu.metafex.io\/de#website"},"primaryImageOfPage":{"@id":"https:\/\/loewentestneu.metafex.io\/de\/produkt\/orthomol-neuroprotect-30-stk#primaryimage"},"image":{"@id":"https:\/\/loewentestneu.metafex.io\/de\/produkt\/orthomol-neuroprotect-30-stk#primaryimage"},"thumbnailUrl":"https:\/\/loewentestneu.metafex.io\/wp-content\/uploads\/2024\/02\/Orthomol-Neuroprotect-Kapseln-PZN-18847228-Loewen-Apotheke.webp","datePublished":"2024-02-03T14:30:51+00:00","dateModified":"2024-02-03T14:59:32+00:00","description":"L\u00f6wen-Apotheke | registrierte deutsche Online-Apotheke | Schneller internationaler Versand und sicheres Online-Einkaufen. Orthomol Neuroprotect 30 Stk.","breadcrumb":{"@id":"https:\/\/loewentestneu.metafex.io\/de\/produkt\/orthomol-neuroprotect-30-stk#breadcrumb"},"inLanguage":"de","potentialAction":[{"@type":"ReadAction","target":["https:\/\/loewentestneu.metafex.io\/de\/produkt\/orthomol-neuroprotect-30-stk"]}]},{"@type":"ImageObject","inLanguage":"de","@id":"https:\/\/loewentestneu.metafex.io\/de\/produkt\/orthomol-neuroprotect-30-stk#primaryimage","url":"https:\/\/loewentestneu.metafex.io\/wp-content\/uploads\/2024\/02\/Orthomol-Neuroprotect-Kapseln-PZN-18847228-Loewen-Apotheke.webp","contentUrl":"https:\/\/loewentestneu.metafex.io\/wp-content\/uploads\/2024\/02\/Orthomol-Neuroprotect-Kapseln-PZN-18847228-Loewen-Apotheke.webp","width":600,"height":600,"caption":"Orthomol Neuroprotect Kapseln PZN 18847228-Loewen-Apotheke, Lions Pharmacy"},{"@type":"BreadcrumbList","@id":"https:\/\/loewentestneu.metafex.io\/de\/produkt\/orthomol-neuroprotect-30-stk#breadcrumb","itemListElement":[{"@type":"ListItem","position":1,"name":"Home","item":"https:\/\/loewentestneu.metafex.io\/de\/homepage-lion-pharmacy"},{"@type":"ListItem","position":2,"name":"Shop","item":"https:\/\/loewentestneu.metafex.io\/de\/shop-2"},{"@type":"ListItem","position":3,"name":"Orthomol Neuroprotect 30 Stk."}]},{"@type":"WebSite","@id":"https:\/\/loewentestneu.metafex.io\/de#website","url":"https:\/\/loewentestneu.metafex.io\/de","name":"Lions Pharmacy","description":"Ihr Spezialist f\u00fcr Naturheilkunde aus Baden-Baden, Germany","publisher":{"@id":"https:\/\/loewentestneu.metafex.io\/de#organization"},"alternateName":"Lion Pharmacy","potentialAction":[{"@type":"SearchAction","target":{"@type":"EntryPoint","urlTemplate":"https:\/\/loewentestneu.metafex.io\/de?s={search_term_string}"},"query-input":{"@type":"PropertyValueSpecification","valueRequired":true,"valueName":"search_term_string"}}],"inLanguage":"de"},{"@type":"Organization","@id":"https:\/\/loewentestneu.metafex.io\/de#organization","name":"Lions Pharmacy","alternateName":"Lions Pharmacy24","url":"https:\/\/loewentestneu.metafex.io\/de","logo":{"@type":"ImageObject","inLanguage":"de","@id":"https:\/\/loewentestneu.metafex.io\/de#\/schema\/logo\/image\/","url":"https:\/\/loewentestneu.metafex.io\/wp-content\/uploads\/2022\/12\/Logo-Lion-Pharmacy-c-o-Loewen-Apotheke-smal.jpg","contentUrl":"https:\/\/loewentestneu.metafex.io\/wp-content\/uploads\/2022\/12\/Logo-Lion-Pharmacy-c-o-Loewen-Apotheke-smal.jpg","width":298,"height":99,"caption":"Lions Pharmacy"},"image":{"@id":"https:\/\/loewentestneu.metafex.io\/de#\/schema\/logo\/image\/"}}]}},"_links":{"self":[{"href":"https:\/\/loewentestneu.metafex.io\/de\/wp-json\/wp\/v2\/product\/3255","targetHints":{"allow":["GET"]}}],"collection":[{"href":"https:\/\/loewentestneu.metafex.io\/de\/wp-json\/wp\/v2\/product"}],"about":[{"href":"https:\/\/loewentestneu.metafex.io\/de\/wp-json\/wp\/v2\/types\/product"}],"replies":[{"embeddable":true,"href":"https:\/\/loewentestneu.metafex.io\/de\/wp-json\/wp\/v2\/comments?post=3255"}],"wp:featuredmedia":[{"embeddable":true,"href":"https:\/\/loewentestneu.metafex.io\/de\/wp-json\/wp\/v2\/media\/3248"}],"wp:attachment":[{"href":"https:\/\/loewentestneu.metafex.io\/de\/wp-json\/wp\/v2\/media?parent=3255"}],"wp:term":[{"taxonomy":"product_brand","embeddable":true,"href":"https:\/\/loewentestneu.metafex.io\/de\/wp-json\/wp\/v2\/product_brand?post=3255"},{"taxonomy":"product_cat","embeddable":true,"href":"https:\/\/loewentestneu.metafex.io\/de\/wp-json\/wp\/v2\/product_cat?post=3255"},{"taxonomy":"product_tag","embeddable":true,"href":"https:\/\/loewentestneu.metafex.io\/de\/wp-json\/wp\/v2\/product_tag?post=3255"}],"curies":[{"name":"wp","href":"https:\/\/api.w.org\/{rel}","templated":true}]}}