{"id":3627,"date":"2024-03-14T15:13:41","date_gmt":"2024-03-14T14:13:41","guid":{"rendered":"https:\/\/lions-pharmacy.com\/?post_type=product&#038;p=3627"},"modified":"2024-03-15T06:50:41","modified_gmt":"2024-03-15T05:50:41","slug":"ibu-ratiopharm-400-mg-akute-schmerzlindernde-tabletten-10019621","status":"publish","type":"product","link":"https:\/\/loewentestneu.metafex.io\/de\/produkt\/ibu-ratiopharm-400-mg-akute-schmerzlindernde-tabletten-10019621","title":{"rendered":"IBU ratiopharm 400 mg akut schmerzlindernde Tabletten"},"content":{"rendered":"<h3>IBU ratiopharm 400 mg akut schmerzlindernde Tabletten<\/h3>\n<p>IBU ratiopharm akut schmerzlindernde Tabletten. Akute Hilfe bei akuten Schmerzen \u2013 Ibuprofen von ratiopharm.<\/p>\n<p>Bei leichten bis mittelschweren Schmerzen:<br \/>\n-Bei Kopf-, Zahn- und Regelschmerzen<br \/>\n-Bek\u00e4mpft Entz\u00fcndungen und Fieber<\/p>\n<p>Teilbare Tablette zur einfachen Dosierung. Frei von Laktose, Gluten und tierischen Inhaltsstoffen<\/p>\n<p>Weitere Produktdetails finden Sie beim <a href=\"https:\/\/www.ratiopharm.de\/produkte\/details\/praeparate\/praeparatedaten\/detail\/pzn-266011.html\" target=\"_blank\" rel=\"noopener\">Hersteller<\/a>.<\/p>\n<p>Packungsbeilage\/Gebrauchsanweisung\/Artikeldatenblatt: &#8211; (PDF-Reader)<\/p>\n<p>Weitere Produkte f\u00fcr die Anwendung: Reiseapotheke | <a href=\"https:\/\/loewentestneu.metafex.io\/product-tag\/cold-flu\">Infektionen<\/a><\/p>\n<p>Informationen auf dieser Website werden ausschlie\u00dflich f\u00fcr informative Zwecke zur Verf\u00fcgung gestellt. Sie ersetzen keinesfalls die Untersuchung und Behandlung durch einen Arzt. Bitte beachten Sie, dass hierdurch weder Diagnosen gestellt noch Therapien eingeleitet werden k\u00f6nnen.<\/p>\n<p>Zu Risiken und Nebenwirkungen lesen Sie die Packungsbeilage und fragen Sie Ihren Arzt oder Apotheker.<\/p>\n","protected":false},"excerpt":{"rendered":"<h2>IBU ratiopharm 400 mg akut schmerzlindernde Tabletten<\/h2>\n<p>Ibuprofen 400 mg zur Anwendung bei leichten bis mittelschweren Schmerzen wie Kopfschmerzen, Zahnschmerzen, Regelschmerzen und Fieber.<\/p>\n<p>&nbsp;<\/p>\n<p>PZN: 10019621 (Pharmazentralnummer)<\/p>\n<p>Darreichungsform: Tabletten<\/p>\n<p>Verordnungsart: Rezeptfrei<\/p>\n<p>Marke: ratiopharm<\/p>\n<p>Hersteller: ratiopharm GmbH, Deutschland<\/p>\n<p>Packungsgr\u00f6\u00dfe: 50 Stk.<\/p>\n","protected":false},"featured_media":3630,"comment_status":"closed","ping_status":"closed","template":"","meta":[],"product_brand":[],"product_cat":[367,368],"product_tag":[387,379,428],"class_list":{"0":"post-3627","1":"product","2":"type-product","3":"status-publish","4":"has-post-thumbnail","6":"product_cat-sale-de","7":"product_cat-shop-de","8":"product_tag-erkaltungen-grippe","9":"product_tag-monatlicher-sale-de","10":"product_tag-virusinfektion","11":"ts_product_brand-alle","13":"first","14":"instock","15":"taxable","16":"shipping-taxable","17":"purchasable","18":"product-type-simple"},"yoast_head":"<!-- This site is optimized with the Yoast SEO plugin v26.5 - https:\/\/yoast.com\/wordpress\/plugins\/seo\/ -->\n<title>IBU ratiopharm 400 mg akut schmerzlindernde Tabletten &#187; L\u00f6wen Apotheke &#187;<\/title>\n<meta name=\"description\" content=\"Registrierte deutsche Apotheke. Wir bieten: Schneller internationaler Versand und sicheres Online-Shopping. IBU ratiopharm 400 mg akut schmerzlindernde Tabletten\" \/>\n<meta name=\"robots\" content=\"noindex, follow, max-snippet:-1, max-image-preview:large, max-video-preview:-1\" \/>\n<meta property=\"og:locale\" content=\"de_DE\" \/>\n<meta property=\"og:type\" content=\"article\" \/>\n<meta property=\"og:title\" content=\"IBU ratiopharm 400 mg akut schmerzlindernde Tabletten &#187; L\u00f6wen Apotheke &#187;\" \/>\n<meta property=\"og:description\" content=\"Registrierte deutsche Apotheke. Wir bieten: Schneller internationaler Versand und sicheres Online-Shopping. IBU ratiopharm 400 mg akut schmerzlindernde Tabletten\" \/>\n<meta property=\"og:url\" content=\"https:\/\/loewentestneu.metafex.io\/de\/produkt\/ibu-ratiopharm-400-mg-akute-schmerzlindernde-tabletten-10019621\" \/>\n<meta property=\"og:site_name\" content=\"L\u00f6wen Apotheke\" \/>\n<meta property=\"article:modified_time\" content=\"2024-03-15T05:50:41+00:00\" \/>\n<meta property=\"og:image\" content=\"https:\/\/loewentestneu.metafex.io\/wp-content\/uploads\/2024\/03\/IBU-ratiopharm-400-mg-akut-Schmerztabletten-PZN-10019621.webp\" \/>\n\t<meta property=\"og:image:width\" content=\"600\" \/>\n\t<meta property=\"og:image:height\" content=\"600\" \/>\n\t<meta property=\"og:image:type\" content=\"image\/webp\" \/>\n<meta name=\"twitter:card\" content=\"summary_large_image\" \/>\n<meta name=\"twitter:label1\" content=\"Gesch\u00e4tzte Lesezeit\" \/>\n\t<meta name=\"twitter:data1\" content=\"1\u00a0Minute\" \/>\n<script type=\"application\/ld+json\" class=\"yoast-schema-graph\">{\"@context\":\"https:\/\/schema.org\",\"@graph\":[{\"@type\":\"WebPage\",\"@id\":\"https:\/\/loewentestneu.metafex.io\/de\/produkt\/ibu-ratiopharm-400-mg-akute-schmerzlindernde-tabletten-10019621\",\"url\":\"https:\/\/loewentestneu.metafex.io\/de\/produkt\/ibu-ratiopharm-400-mg-akute-schmerzlindernde-tabletten-10019621\",\"name\":\"IBU ratiopharm 400 mg akut schmerzlindernde Tabletten &#187; L\u00f6wen Apotheke &#187;\",\"isPartOf\":{\"@id\":\"https:\/\/loewentestneu.metafex.io\/de#website\"},\"primaryImageOfPage\":{\"@id\":\"https:\/\/loewentestneu.metafex.io\/de\/produkt\/ibu-ratiopharm-400-mg-akute-schmerzlindernde-tabletten-10019621#primaryimage\"},\"image\":{\"@id\":\"https:\/\/loewentestneu.metafex.io\/de\/produkt\/ibu-ratiopharm-400-mg-akute-schmerzlindernde-tabletten-10019621#primaryimage\"},\"thumbnailUrl\":\"https:\/\/loewentestneu.metafex.io\/wp-content\/uploads\/2024\/03\/IBU-ratiopharm-400-mg-akut-Schmerztabletten-PZN-10019621.webp\",\"datePublished\":\"2024-03-14T14:13:41+00:00\",\"dateModified\":\"2024-03-15T05:50:41+00:00\",\"description\":\"Registrierte deutsche Apotheke. Wir bieten: Schneller internationaler Versand und sicheres Online-Shopping. IBU ratiopharm 400 mg akut schmerzlindernde Tabletten\",\"breadcrumb\":{\"@id\":\"https:\/\/loewentestneu.metafex.io\/de\/produkt\/ibu-ratiopharm-400-mg-akute-schmerzlindernde-tabletten-10019621#breadcrumb\"},\"inLanguage\":\"de\",\"potentialAction\":[{\"@type\":\"ReadAction\",\"target\":[\"https:\/\/loewentestneu.metafex.io\/de\/produkt\/ibu-ratiopharm-400-mg-akute-schmerzlindernde-tabletten-10019621\"]}]},{\"@type\":\"ImageObject\",\"inLanguage\":\"de\",\"@id\":\"https:\/\/loewentestneu.metafex.io\/de\/produkt\/ibu-ratiopharm-400-mg-akute-schmerzlindernde-tabletten-10019621#primaryimage\",\"url\":\"https:\/\/loewentestneu.metafex.io\/wp-content\/uploads\/2024\/03\/IBU-ratiopharm-400-mg-akut-Schmerztabletten-PZN-10019621.webp\",\"contentUrl\":\"https:\/\/loewentestneu.metafex.io\/wp-content\/uploads\/2024\/03\/IBU-ratiopharm-400-mg-akut-Schmerztabletten-PZN-10019621.webp\",\"width\":600,\"height\":600,\"caption\":\"Akut schmerzlindernde Tabletten. IBU von ratiopharm 400mg PZN-10019621\"},{\"@type\":\"BreadcrumbList\",\"@id\":\"https:\/\/loewentestneu.metafex.io\/de\/produkt\/ibu-ratiopharm-400-mg-akute-schmerzlindernde-tabletten-10019621#breadcrumb\",\"itemListElement\":[{\"@type\":\"ListItem\",\"position\":1,\"name\":\"Home\",\"item\":\"https:\/\/loewentestneu.metafex.io\/de\/homepage-lion-pharmacy\"},{\"@type\":\"ListItem\",\"position\":2,\"name\":\"Shop\",\"item\":\"https:\/\/loewentestneu.metafex.io\/de\/shop-2\"},{\"@type\":\"ListItem\",\"position\":3,\"name\":\"IBU ratiopharm 400 mg akut schmerzlindernde Tabletten\"}]},{\"@type\":\"WebSite\",\"@id\":\"https:\/\/loewentestneu.metafex.io\/de#website\",\"url\":\"https:\/\/loewentestneu.metafex.io\/de\",\"name\":\"Lions Pharmacy\",\"description\":\"Ihr Spezialist f\u00fcr Naturheilkunde aus Baden-Baden, Germany\",\"publisher\":{\"@id\":\"https:\/\/loewentestneu.metafex.io\/de#organization\"},\"alternateName\":\"Lion Pharmacy\",\"potentialAction\":[{\"@type\":\"SearchAction\",\"target\":{\"@type\":\"EntryPoint\",\"urlTemplate\":\"https:\/\/loewentestneu.metafex.io\/de?s={search_term_string}\"},\"query-input\":{\"@type\":\"PropertyValueSpecification\",\"valueRequired\":true,\"valueName\":\"search_term_string\"}}],\"inLanguage\":\"de\"},{\"@type\":\"Organization\",\"@id\":\"https:\/\/loewentestneu.metafex.io\/de#organization\",\"name\":\"Lions Pharmacy\",\"alternateName\":\"Lions Pharmacy24\",\"url\":\"https:\/\/loewentestneu.metafex.io\/de\",\"logo\":{\"@type\":\"ImageObject\",\"inLanguage\":\"de\",\"@id\":\"https:\/\/loewentestneu.metafex.io\/de#\/schema\/logo\/image\/\",\"url\":\"https:\/\/loewentestneu.metafex.io\/wp-content\/uploads\/2022\/12\/Logo-Lion-Pharmacy-c-o-Loewen-Apotheke-smal.jpg\",\"contentUrl\":\"https:\/\/loewentestneu.metafex.io\/wp-content\/uploads\/2022\/12\/Logo-Lion-Pharmacy-c-o-Loewen-Apotheke-smal.jpg\",\"width\":298,\"height\":99,\"caption\":\"Lions Pharmacy\"},\"image\":{\"@id\":\"https:\/\/loewentestneu.metafex.io\/de#\/schema\/logo\/image\/\"}}]}<\/script>\n<!-- \/ Yoast SEO plugin. -->","yoast_head_json":{"title":"IBU ratiopharm 400 mg akut schmerzlindernde Tabletten &#187; L\u00f6wen Apotheke &#187;","description":"Registrierte deutsche Apotheke. Wir bieten: Schneller internationaler Versand und sicheres Online-Shopping. IBU ratiopharm 400 mg akut schmerzlindernde Tabletten","robots":{"index":"noindex","follow":"follow","max-snippet":"max-snippet:-1","max-image-preview":"max-image-preview:large","max-video-preview":"max-video-preview:-1"},"og_locale":"de_DE","og_type":"article","og_title":"IBU ratiopharm 400 mg akut schmerzlindernde Tabletten &#187; L\u00f6wen Apotheke &#187;","og_description":"Registrierte deutsche Apotheke. Wir bieten: Schneller internationaler Versand und sicheres Online-Shopping. IBU ratiopharm 400 mg akut schmerzlindernde Tabletten","og_url":"https:\/\/loewentestneu.metafex.io\/de\/produkt\/ibu-ratiopharm-400-mg-akute-schmerzlindernde-tabletten-10019621","og_site_name":"L\u00f6wen Apotheke","article_modified_time":"2024-03-15T05:50:41+00:00","og_image":[{"width":600,"height":600,"url":"https:\/\/loewentestneu.metafex.io\/wp-content\/uploads\/2024\/03\/IBU-ratiopharm-400-mg-akut-Schmerztabletten-PZN-10019621.webp","type":"image\/webp"}],"twitter_card":"summary_large_image","twitter_misc":{"Gesch\u00e4tzte Lesezeit":"1\u00a0Minute"},"schema":{"@context":"https:\/\/schema.org","@graph":[{"@type":"WebPage","@id":"https:\/\/loewentestneu.metafex.io\/de\/produkt\/ibu-ratiopharm-400-mg-akute-schmerzlindernde-tabletten-10019621","url":"https:\/\/loewentestneu.metafex.io\/de\/produkt\/ibu-ratiopharm-400-mg-akute-schmerzlindernde-tabletten-10019621","name":"IBU ratiopharm 400 mg akut schmerzlindernde Tabletten &#187; L\u00f6wen Apotheke &#187;","isPartOf":{"@id":"https:\/\/loewentestneu.metafex.io\/de#website"},"primaryImageOfPage":{"@id":"https:\/\/loewentestneu.metafex.io\/de\/produkt\/ibu-ratiopharm-400-mg-akute-schmerzlindernde-tabletten-10019621#primaryimage"},"image":{"@id":"https:\/\/loewentestneu.metafex.io\/de\/produkt\/ibu-ratiopharm-400-mg-akute-schmerzlindernde-tabletten-10019621#primaryimage"},"thumbnailUrl":"https:\/\/loewentestneu.metafex.io\/wp-content\/uploads\/2024\/03\/IBU-ratiopharm-400-mg-akut-Schmerztabletten-PZN-10019621.webp","datePublished":"2024-03-14T14:13:41+00:00","dateModified":"2024-03-15T05:50:41+00:00","description":"Registrierte deutsche Apotheke. Wir bieten: Schneller internationaler Versand und sicheres Online-Shopping. IBU ratiopharm 400 mg akut schmerzlindernde Tabletten","breadcrumb":{"@id":"https:\/\/loewentestneu.metafex.io\/de\/produkt\/ibu-ratiopharm-400-mg-akute-schmerzlindernde-tabletten-10019621#breadcrumb"},"inLanguage":"de","potentialAction":[{"@type":"ReadAction","target":["https:\/\/loewentestneu.metafex.io\/de\/produkt\/ibu-ratiopharm-400-mg-akute-schmerzlindernde-tabletten-10019621"]}]},{"@type":"ImageObject","inLanguage":"de","@id":"https:\/\/loewentestneu.metafex.io\/de\/produkt\/ibu-ratiopharm-400-mg-akute-schmerzlindernde-tabletten-10019621#primaryimage","url":"https:\/\/loewentestneu.metafex.io\/wp-content\/uploads\/2024\/03\/IBU-ratiopharm-400-mg-akut-Schmerztabletten-PZN-10019621.webp","contentUrl":"https:\/\/loewentestneu.metafex.io\/wp-content\/uploads\/2024\/03\/IBU-ratiopharm-400-mg-akut-Schmerztabletten-PZN-10019621.webp","width":600,"height":600,"caption":"Akut schmerzlindernde Tabletten. IBU von ratiopharm 400mg PZN-10019621"},{"@type":"BreadcrumbList","@id":"https:\/\/loewentestneu.metafex.io\/de\/produkt\/ibu-ratiopharm-400-mg-akute-schmerzlindernde-tabletten-10019621#breadcrumb","itemListElement":[{"@type":"ListItem","position":1,"name":"Home","item":"https:\/\/loewentestneu.metafex.io\/de\/homepage-lion-pharmacy"},{"@type":"ListItem","position":2,"name":"Shop","item":"https:\/\/loewentestneu.metafex.io\/de\/shop-2"},{"@type":"ListItem","position":3,"name":"IBU ratiopharm 400 mg akut schmerzlindernde Tabletten"}]},{"@type":"WebSite","@id":"https:\/\/loewentestneu.metafex.io\/de#website","url":"https:\/\/loewentestneu.metafex.io\/de","name":"Lions Pharmacy","description":"Ihr Spezialist f\u00fcr Naturheilkunde aus Baden-Baden, Germany","publisher":{"@id":"https:\/\/loewentestneu.metafex.io\/de#organization"},"alternateName":"Lion Pharmacy","potentialAction":[{"@type":"SearchAction","target":{"@type":"EntryPoint","urlTemplate":"https:\/\/loewentestneu.metafex.io\/de?s={search_term_string}"},"query-input":{"@type":"PropertyValueSpecification","valueRequired":true,"valueName":"search_term_string"}}],"inLanguage":"de"},{"@type":"Organization","@id":"https:\/\/loewentestneu.metafex.io\/de#organization","name":"Lions Pharmacy","alternateName":"Lions Pharmacy24","url":"https:\/\/loewentestneu.metafex.io\/de","logo":{"@type":"ImageObject","inLanguage":"de","@id":"https:\/\/loewentestneu.metafex.io\/de#\/schema\/logo\/image\/","url":"https:\/\/loewentestneu.metafex.io\/wp-content\/uploads\/2022\/12\/Logo-Lion-Pharmacy-c-o-Loewen-Apotheke-smal.jpg","contentUrl":"https:\/\/loewentestneu.metafex.io\/wp-content\/uploads\/2022\/12\/Logo-Lion-Pharmacy-c-o-Loewen-Apotheke-smal.jpg","width":298,"height":99,"caption":"Lions Pharmacy"},"image":{"@id":"https:\/\/loewentestneu.metafex.io\/de#\/schema\/logo\/image\/"}}]}},"_links":{"self":[{"href":"https:\/\/loewentestneu.metafex.io\/de\/wp-json\/wp\/v2\/product\/3627","targetHints":{"allow":["GET"]}}],"collection":[{"href":"https:\/\/loewentestneu.metafex.io\/de\/wp-json\/wp\/v2\/product"}],"about":[{"href":"https:\/\/loewentestneu.metafex.io\/de\/wp-json\/wp\/v2\/types\/product"}],"replies":[{"embeddable":true,"href":"https:\/\/loewentestneu.metafex.io\/de\/wp-json\/wp\/v2\/comments?post=3627"}],"wp:featuredmedia":[{"embeddable":true,"href":"https:\/\/loewentestneu.metafex.io\/de\/wp-json\/wp\/v2\/media\/3630"}],"wp:attachment":[{"href":"https:\/\/loewentestneu.metafex.io\/de\/wp-json\/wp\/v2\/media?parent=3627"}],"wp:term":[{"taxonomy":"product_brand","embeddable":true,"href":"https:\/\/loewentestneu.metafex.io\/de\/wp-json\/wp\/v2\/product_brand?post=3627"},{"taxonomy":"product_cat","embeddable":true,"href":"https:\/\/loewentestneu.metafex.io\/de\/wp-json\/wp\/v2\/product_cat?post=3627"},{"taxonomy":"product_tag","embeddable":true,"href":"https:\/\/loewentestneu.metafex.io\/de\/wp-json\/wp\/v2\/product_tag?post=3627"}],"curies":[{"name":"wp","href":"https:\/\/api.w.org\/{rel}","templated":true}]}}