{"id":3637,"date":"2024-03-15T06:31:55","date_gmt":"2024-03-15T05:31:55","guid":{"rendered":"https:\/\/lions-pharmacy.com\/?post_type=product&#038;p=3637"},"modified":"2024-08-08T15:17:30","modified_gmt":"2024-08-08T14:17:30","slug":"ibuprofen-stada-40mg-09424322","status":"publish","type":"product","link":"https:\/\/loewentestneu.metafex.io\/de\/produkt\/ibuprofen-stada-40mg-09424322","title":{"rendered":"Ibuprofen STADA 40mg\/ml"},"content":{"rendered":"<h3>Ibuprofen STADA 40mg\/ml<\/h3>\n<p>  Ibuprofen STADA 40mg\/ml bei leichten bis mittelschweren Schmerzen. Fieber. Die Arzneisubstanz wirkt entz\u00fcndungshemmend, schmerzlindernd und fiebersenkend. Wenn die Verabreichung bei Kindern und Jugendlichen l\u00e4nger als 3 Tage oder bei Erwachsenen l\u00e4nger als 4 Tage erforderlich ist oder wenn sich die Symptome verschlimmern, ist \u00e4rztlicher Rat einzuholen. <strong>Wirkstoffe<\/strong>: Ibuprofen Stada 40mg STADA ist ein f\u00fchrender Hersteller von hochwertigen Arzneimitteln. Mit einer langen Tradition, die im Apothekengesch\u00e4ft verwurzelt ist, sind wir seit 125 Jahren als zuverl\u00e4ssiger und vertrauensw\u00fcrdiger Partner anerkannt. Mit unseren Produkten helfen wir Menschen, gesund und fit zu bleiben und zu werden. Weitere Produktdetails finden Sie beim Hersteller: <a href=\"https:\/\/www.grippostad.de\/erkaeltungsmittel\" target=\"_blank\" rel=\"noopener\">STADA Consumer Health Deutschland GmbH<\/a> Packungsbeilage\/Gebrauchsanweisung\/Artikeldatenblatt: &#8211; (PDF-Reader) Weitere Produkte zur Anwendung: Reiseapotheke | <a href=\"https:\/\/loewentestneu.metafex.io\/product-tag\/cold-flu\">Infektionen<\/a> Die Informationen auf dieser Website werden nur zu Informationszwecken zur Verf\u00fcgung gestellt. Sie ersetzen keinesfalls die Untersuchung und Behandlung durch einen Arzt. Bitte beachten Sie, dass hierdurch weder Diagnosen gestellt noch Therapien eingeleitet werden k\u00f6nnen. Zu Risiken und Nebenwirkungen lesen Sie die Packungsbeilage und fragen Sie Ihren Arzt oder Apotheker.<\/p>\n","protected":false},"excerpt":{"rendered":"<h2>Ibuprofen STADA 40mg\/ml<\/h2>\n<p>  Ibuprofen STADA 40mg\/ml bei leichten bis mittelschweren Schmerzen. Fieber. Kinder und Jugendliche.  &nbsp;  PZN: 09424322 (Apothekenzentralnummer) Darreichungsform: Tabletten Verschreibungsart: rezeptfrei Marke: &#8211; Hersteller: STADA Consumer Health Deutschland GmbH Packungsgr\u00f6\u00dfe: 100ml<\/p>\n","protected":false},"featured_media":3640,"comment_status":"closed","ping_status":"closed","template":"","meta":[],"product_brand":[],"product_cat":[367,368],"product_tag":[387,383,379,428],"class_list":{"0":"post-3637","1":"product","2":"type-product","3":"status-publish","4":"has-post-thumbnail","6":"product_cat-sale-de","7":"product_cat-shop-de","8":"product_tag-erkaltungen-grippe","9":"product_tag-heuschnupfen","10":"product_tag-monatlicher-sale-de","11":"product_tag-virusinfektion","12":"ts_product_brand-alle","14":"first","15":"instock","16":"taxable","17":"shipping-taxable","18":"purchasable","19":"product-type-simple"},"yoast_head":"<!-- This site is optimized with the Yoast SEO plugin v26.5 - https:\/\/yoast.com\/wordpress\/plugins\/seo\/ -->\n<title>Ibuprofen STADA 40mg\/ml &#187; L\u00f6wen Apotheke &#187;<\/title>\n<meta name=\"description\" content=\"L\u00f6wen Apotheke ist eine registrierte deutsche Apotheke. Wir bieten: Schnellen internationalen Versand und sicheres Online-Shopping. Ibuprofen STADA 40mg\/ml\" \/>\n<meta name=\"robots\" content=\"noindex, follow, max-snippet:-1, max-image-preview:large, max-video-preview:-1\" \/>\n<meta property=\"og:locale\" content=\"de_DE\" \/>\n<meta property=\"og:type\" content=\"article\" \/>\n<meta property=\"og:title\" content=\"Ibuprofen STADA 40mg\/ml &#187; L\u00f6wen Apotheke &#187;\" \/>\n<meta property=\"og:description\" content=\"L\u00f6wen Apotheke ist eine registrierte deutsche Apotheke. Wir bieten: Schnellen internationalen Versand und sicheres Online-Shopping. Ibuprofen STADA 40mg\/ml\" \/>\n<meta property=\"og:url\" content=\"https:\/\/loewentestneu.metafex.io\/de\/produkt\/ibuprofen-stada-40mg-09424322\" \/>\n<meta property=\"og:site_name\" content=\"L\u00f6wen Apotheke\" \/>\n<meta property=\"article:modified_time\" content=\"2024-08-08T14:17:30+00:00\" \/>\n<meta property=\"og:image\" content=\"https:\/\/loewentestneu.metafex.io\/wp-content\/uploads\/2024\/03\/ibuprofen-stada-liquid-40mg-kids-Lions-Pharmcay.webp\" \/>\n\t<meta property=\"og:image:width\" content=\"600\" \/>\n\t<meta property=\"og:image:height\" content=\"600\" \/>\n\t<meta property=\"og:image:type\" content=\"image\/webp\" \/>\n<meta name=\"twitter:card\" content=\"summary_large_image\" \/>\n<meta name=\"twitter:label1\" content=\"Gesch\u00e4tzte Lesezeit\" \/>\n\t<meta name=\"twitter:data1\" content=\"1\u00a0Minute\" \/>\n<script type=\"application\/ld+json\" class=\"yoast-schema-graph\">{\"@context\":\"https:\/\/schema.org\",\"@graph\":[{\"@type\":\"WebPage\",\"@id\":\"https:\/\/loewentestneu.metafex.io\/de\/produkt\/ibuprofen-stada-40mg-09424322\",\"url\":\"https:\/\/loewentestneu.metafex.io\/de\/produkt\/ibuprofen-stada-40mg-09424322\",\"name\":\"Ibuprofen STADA 40mg\/ml &#187; L\u00f6wen Apotheke &#187;\",\"isPartOf\":{\"@id\":\"https:\/\/loewentestneu.metafex.io\/de#website\"},\"primaryImageOfPage\":{\"@id\":\"https:\/\/loewentestneu.metafex.io\/de\/produkt\/ibuprofen-stada-40mg-09424322#primaryimage\"},\"image\":{\"@id\":\"https:\/\/loewentestneu.metafex.io\/de\/produkt\/ibuprofen-stada-40mg-09424322#primaryimage\"},\"thumbnailUrl\":\"https:\/\/loewentestneu.metafex.io\/wp-content\/uploads\/2024\/03\/ibuprofen-stada-liquid-40mg-kids-Lions-Pharmcay.webp\",\"datePublished\":\"2024-03-15T05:31:55+00:00\",\"dateModified\":\"2024-08-08T14:17:30+00:00\",\"description\":\"L\u00f6wen Apotheke ist eine registrierte deutsche Apotheke. Wir bieten: Schnellen internationalen Versand und sicheres Online-Shopping. Ibuprofen STADA 40mg\/ml\",\"breadcrumb\":{\"@id\":\"https:\/\/loewentestneu.metafex.io\/de\/produkt\/ibuprofen-stada-40mg-09424322#breadcrumb\"},\"inLanguage\":\"de\",\"potentialAction\":[{\"@type\":\"ReadAction\",\"target\":[\"https:\/\/loewentestneu.metafex.io\/de\/produkt\/ibuprofen-stada-40mg-09424322\"]}]},{\"@type\":\"ImageObject\",\"inLanguage\":\"de\",\"@id\":\"https:\/\/loewentestneu.metafex.io\/de\/produkt\/ibuprofen-stada-40mg-09424322#primaryimage\",\"url\":\"https:\/\/loewentestneu.metafex.io\/wp-content\/uploads\/2024\/03\/ibuprofen-stada-liquid-40mg-kids-Lions-Pharmcay.webp\",\"contentUrl\":\"https:\/\/loewentestneu.metafex.io\/wp-content\/uploads\/2024\/03\/ibuprofen-stada-liquid-40mg-kids-Lions-Pharmcay.webp\",\"width\":600,\"height\":600,\"caption\":\"ibuprofen stada liquid 40mg kinder Lions Pharmcay\"},{\"@type\":\"BreadcrumbList\",\"@id\":\"https:\/\/loewentestneu.metafex.io\/de\/produkt\/ibuprofen-stada-40mg-09424322#breadcrumb\",\"itemListElement\":[{\"@type\":\"ListItem\",\"position\":1,\"name\":\"Home\",\"item\":\"https:\/\/loewentestneu.metafex.io\/de\/homepage-lion-pharmacy\"},{\"@type\":\"ListItem\",\"position\":2,\"name\":\"Shop\",\"item\":\"https:\/\/loewentestneu.metafex.io\/de\/shop-2\"},{\"@type\":\"ListItem\",\"position\":3,\"name\":\"Ibuprofen STADA 40mg\/ml\"}]},{\"@type\":\"WebSite\",\"@id\":\"https:\/\/loewentestneu.metafex.io\/de#website\",\"url\":\"https:\/\/loewentestneu.metafex.io\/de\",\"name\":\"Lions Pharmacy\",\"description\":\"Ihr Spezialist f\u00fcr Naturheilkunde aus Baden-Baden, Germany\",\"publisher\":{\"@id\":\"https:\/\/loewentestneu.metafex.io\/de#organization\"},\"alternateName\":\"Lion Pharmacy\",\"potentialAction\":[{\"@type\":\"SearchAction\",\"target\":{\"@type\":\"EntryPoint\",\"urlTemplate\":\"https:\/\/loewentestneu.metafex.io\/de?s={search_term_string}\"},\"query-input\":{\"@type\":\"PropertyValueSpecification\",\"valueRequired\":true,\"valueName\":\"search_term_string\"}}],\"inLanguage\":\"de\"},{\"@type\":\"Organization\",\"@id\":\"https:\/\/loewentestneu.metafex.io\/de#organization\",\"name\":\"Lions Pharmacy\",\"alternateName\":\"Lions Pharmacy24\",\"url\":\"https:\/\/loewentestneu.metafex.io\/de\",\"logo\":{\"@type\":\"ImageObject\",\"inLanguage\":\"de\",\"@id\":\"https:\/\/loewentestneu.metafex.io\/de#\/schema\/logo\/image\/\",\"url\":\"https:\/\/loewentestneu.metafex.io\/wp-content\/uploads\/2022\/12\/Logo-Lion-Pharmacy-c-o-Loewen-Apotheke-smal.jpg\",\"contentUrl\":\"https:\/\/loewentestneu.metafex.io\/wp-content\/uploads\/2022\/12\/Logo-Lion-Pharmacy-c-o-Loewen-Apotheke-smal.jpg\",\"width\":298,\"height\":99,\"caption\":\"Lions Pharmacy\"},\"image\":{\"@id\":\"https:\/\/loewentestneu.metafex.io\/de#\/schema\/logo\/image\/\"}}]}<\/script>\n<!-- \/ Yoast SEO plugin. -->","yoast_head_json":{"title":"Ibuprofen STADA 40mg\/ml &#187; L\u00f6wen Apotheke &#187;","description":"L\u00f6wen Apotheke ist eine registrierte deutsche Apotheke. Wir bieten: Schnellen internationalen Versand und sicheres Online-Shopping. Ibuprofen STADA 40mg\/ml","robots":{"index":"noindex","follow":"follow","max-snippet":"max-snippet:-1","max-image-preview":"max-image-preview:large","max-video-preview":"max-video-preview:-1"},"og_locale":"de_DE","og_type":"article","og_title":"Ibuprofen STADA 40mg\/ml &#187; L\u00f6wen Apotheke &#187;","og_description":"L\u00f6wen Apotheke ist eine registrierte deutsche Apotheke. Wir bieten: Schnellen internationalen Versand und sicheres Online-Shopping. Ibuprofen STADA 40mg\/ml","og_url":"https:\/\/loewentestneu.metafex.io\/de\/produkt\/ibuprofen-stada-40mg-09424322","og_site_name":"L\u00f6wen Apotheke","article_modified_time":"2024-08-08T14:17:30+00:00","og_image":[{"width":600,"height":600,"url":"https:\/\/loewentestneu.metafex.io\/wp-content\/uploads\/2024\/03\/ibuprofen-stada-liquid-40mg-kids-Lions-Pharmcay.webp","type":"image\/webp"}],"twitter_card":"summary_large_image","twitter_misc":{"Gesch\u00e4tzte Lesezeit":"1\u00a0Minute"},"schema":{"@context":"https:\/\/schema.org","@graph":[{"@type":"WebPage","@id":"https:\/\/loewentestneu.metafex.io\/de\/produkt\/ibuprofen-stada-40mg-09424322","url":"https:\/\/loewentestneu.metafex.io\/de\/produkt\/ibuprofen-stada-40mg-09424322","name":"Ibuprofen STADA 40mg\/ml &#187; L\u00f6wen Apotheke &#187;","isPartOf":{"@id":"https:\/\/loewentestneu.metafex.io\/de#website"},"primaryImageOfPage":{"@id":"https:\/\/loewentestneu.metafex.io\/de\/produkt\/ibuprofen-stada-40mg-09424322#primaryimage"},"image":{"@id":"https:\/\/loewentestneu.metafex.io\/de\/produkt\/ibuprofen-stada-40mg-09424322#primaryimage"},"thumbnailUrl":"https:\/\/loewentestneu.metafex.io\/wp-content\/uploads\/2024\/03\/ibuprofen-stada-liquid-40mg-kids-Lions-Pharmcay.webp","datePublished":"2024-03-15T05:31:55+00:00","dateModified":"2024-08-08T14:17:30+00:00","description":"L\u00f6wen Apotheke ist eine registrierte deutsche Apotheke. Wir bieten: Schnellen internationalen Versand und sicheres Online-Shopping. Ibuprofen STADA 40mg\/ml","breadcrumb":{"@id":"https:\/\/loewentestneu.metafex.io\/de\/produkt\/ibuprofen-stada-40mg-09424322#breadcrumb"},"inLanguage":"de","potentialAction":[{"@type":"ReadAction","target":["https:\/\/loewentestneu.metafex.io\/de\/produkt\/ibuprofen-stada-40mg-09424322"]}]},{"@type":"ImageObject","inLanguage":"de","@id":"https:\/\/loewentestneu.metafex.io\/de\/produkt\/ibuprofen-stada-40mg-09424322#primaryimage","url":"https:\/\/loewentestneu.metafex.io\/wp-content\/uploads\/2024\/03\/ibuprofen-stada-liquid-40mg-kids-Lions-Pharmcay.webp","contentUrl":"https:\/\/loewentestneu.metafex.io\/wp-content\/uploads\/2024\/03\/ibuprofen-stada-liquid-40mg-kids-Lions-Pharmcay.webp","width":600,"height":600,"caption":"ibuprofen stada liquid 40mg kinder Lions Pharmcay"},{"@type":"BreadcrumbList","@id":"https:\/\/loewentestneu.metafex.io\/de\/produkt\/ibuprofen-stada-40mg-09424322#breadcrumb","itemListElement":[{"@type":"ListItem","position":1,"name":"Home","item":"https:\/\/loewentestneu.metafex.io\/de\/homepage-lion-pharmacy"},{"@type":"ListItem","position":2,"name":"Shop","item":"https:\/\/loewentestneu.metafex.io\/de\/shop-2"},{"@type":"ListItem","position":3,"name":"Ibuprofen STADA 40mg\/ml"}]},{"@type":"WebSite","@id":"https:\/\/loewentestneu.metafex.io\/de#website","url":"https:\/\/loewentestneu.metafex.io\/de","name":"Lions Pharmacy","description":"Ihr Spezialist f\u00fcr Naturheilkunde aus Baden-Baden, Germany","publisher":{"@id":"https:\/\/loewentestneu.metafex.io\/de#organization"},"alternateName":"Lion Pharmacy","potentialAction":[{"@type":"SearchAction","target":{"@type":"EntryPoint","urlTemplate":"https:\/\/loewentestneu.metafex.io\/de?s={search_term_string}"},"query-input":{"@type":"PropertyValueSpecification","valueRequired":true,"valueName":"search_term_string"}}],"inLanguage":"de"},{"@type":"Organization","@id":"https:\/\/loewentestneu.metafex.io\/de#organization","name":"Lions Pharmacy","alternateName":"Lions Pharmacy24","url":"https:\/\/loewentestneu.metafex.io\/de","logo":{"@type":"ImageObject","inLanguage":"de","@id":"https:\/\/loewentestneu.metafex.io\/de#\/schema\/logo\/image\/","url":"https:\/\/loewentestneu.metafex.io\/wp-content\/uploads\/2022\/12\/Logo-Lion-Pharmacy-c-o-Loewen-Apotheke-smal.jpg","contentUrl":"https:\/\/loewentestneu.metafex.io\/wp-content\/uploads\/2022\/12\/Logo-Lion-Pharmacy-c-o-Loewen-Apotheke-smal.jpg","width":298,"height":99,"caption":"Lions Pharmacy"},"image":{"@id":"https:\/\/loewentestneu.metafex.io\/de#\/schema\/logo\/image\/"}}]}},"_links":{"self":[{"href":"https:\/\/loewentestneu.metafex.io\/de\/wp-json\/wp\/v2\/product\/3637","targetHints":{"allow":["GET"]}}],"collection":[{"href":"https:\/\/loewentestneu.metafex.io\/de\/wp-json\/wp\/v2\/product"}],"about":[{"href":"https:\/\/loewentestneu.metafex.io\/de\/wp-json\/wp\/v2\/types\/product"}],"replies":[{"embeddable":true,"href":"https:\/\/loewentestneu.metafex.io\/de\/wp-json\/wp\/v2\/comments?post=3637"}],"wp:featuredmedia":[{"embeddable":true,"href":"https:\/\/loewentestneu.metafex.io\/de\/wp-json\/wp\/v2\/media\/3640"}],"wp:attachment":[{"href":"https:\/\/loewentestneu.metafex.io\/de\/wp-json\/wp\/v2\/media?parent=3637"}],"wp:term":[{"taxonomy":"product_brand","embeddable":true,"href":"https:\/\/loewentestneu.metafex.io\/de\/wp-json\/wp\/v2\/product_brand?post=3637"},{"taxonomy":"product_cat","embeddable":true,"href":"https:\/\/loewentestneu.metafex.io\/de\/wp-json\/wp\/v2\/product_cat?post=3637"},{"taxonomy":"product_tag","embeddable":true,"href":"https:\/\/loewentestneu.metafex.io\/de\/wp-json\/wp\/v2\/product_tag?post=3637"}],"curies":[{"name":"wp","href":"https:\/\/api.w.org\/{rel}","templated":true}]}}