{"id":4409,"date":"2024-09-06T07:18:56","date_gmt":"2024-09-06T06:18:56","guid":{"rendered":"https:\/\/lions-pharmacy.com\/?post_type=product&#038;p=4409"},"modified":"2025-01-24T18:05:33","modified_gmt":"2025-01-24T17:05:33","slug":"carmenthin-softgels-42-pcs-10327618","status":"publish","type":"product","link":"https:\/\/loewentestneu.metafex.io\/de\/produkt\/carmenthin-softgels-42-pcs-10327618","title":{"rendered":"Carmenthin Softgels 42 Stk."},"content":{"rendered":"<h3 style=\"text-align: left;\">Carmenthin Softgels Kapseln<\/h3>\n<p>Carmenthin Softgels Kapseln sind wirksam bei Bauchkr\u00e4mpfen, Bl\u00e4hungen und Bl\u00e4hungen.<\/p>\n<p>Ob Bl\u00e4hungen oder Bl\u00e4hungen, Bl\u00e4hungen oder Bauchschmerzen: Magen-Darm-Probleme geh\u00f6ren zu den h\u00e4ufigsten Alltagsbeschwerden. Der Arbeits- und Familienalltag ist meist hektisch. Die Menschen essen oft nebenbei und greifen auf Fast-Food-Gerichte zur\u00fcck, die reich an Fett und Zucker sind. Kommen dann noch Erfolgsdruck hinzu und Deadlines und zu wenig Bewegung, schl\u00e4gt uns der Alltag oft in Magen und Darm zu. Die Folgen sind Verdauungsprobleme wie Bl\u00e4hungen, Bl\u00e4hungen oder Bauchschmerzen.<\/p>\n<p>Weitere Produktdetails finden Sie beim Hersteller: <a href=\"https:\/\/www.carmenthin.de\" target=\"_blank\" rel=\"noopener\">Dr. Willmar Schwabe GmbH &amp; Co. KG<\/a><\/p>\n<p>Die Kunden von Carmenthin interessieren sich auch f\u00fcr: <a href=\"\/de?product_tag=blaehungen\">Verdauung, Bl\u00e4hungen<\/a> | <a href=\"\/de?product_tag=reiseapotheke\">Verbandskasten <\/a> <\/p>\n<p>Informationen auf dieser Website werden ausschlie\u00dflich f\u00fcr informative Zwecke zur Verf\u00fcgung gestellt. Sie ersetzen keinesfalls die Untersuchung und Behandlung durch einen Arzt. Bitte beachten Sie, dass hierdurch weder Diagnosen gestellt noch Therapien eingeleitet werden k\u00f6nnen.<\/p>\n<p>Zu Risiken und Nebenwirkungen lesen Sie die Packungsbeilage und fragen Sie Ihren Arzt oder Apotheker.<\/p>\n<h3>Verschreibung | E-Rezept erh\u00e4ltlich?<\/h3>\n<p>Reichen Sie jetzt Ihr E-Rezept ein. Nutzen Sie unsere <a href=\"https:\/\/e-rezept-app.de\/shop-rezept\" target=\"_blank\" rel=\"noopener\">E-Rezept-App<\/a> . Und wir schenken Ihnen die Versandkosten in Deutschland!<\/p>\n","protected":false},"excerpt":{"rendered":"<h2>Carmenthin Softgels 42 Stk.<\/h2>\n<p>Carmenthin\u00ae ist wirksam bei Bauchkr\u00e4mpfen, Bl\u00e4hungen und Bl\u00e4hungen<\/p>\n<p>&nbsp;<\/p>\n<p><strong>PZN:<\/strong> 10327618 (Pharmazentralnummer)<\/p>\n<p><strong>Darreichungsform<\/strong>: Kapseln<\/p>\n<p><strong>Verschreibungsart<\/strong>: verschreibungsfrei<\/p>\n<p><strong>Hersteller<\/strong>: Dr. Willmar Schwabe GmbH &amp; Co. KG<\/p>\n<p><strong>Packungsgr\u00f6\u00dfe<\/strong>: 42 Stk.<\/p>\n","protected":false},"featured_media":4312,"comment_status":"closed","ping_status":"closed","template":"","meta":[],"product_brand":[],"product_cat":[461,367,368],"product_tag":[472,512],"class_list":{"0":"post-4409","1":"product","2":"type-product","3":"status-publish","4":"has-post-thumbnail","6":"product_cat-dr-schwabe-de","7":"product_cat-sale-de","8":"product_cat-shop-de","9":"product_tag-naturliche-heilmittel","10":"product_tag-pflanzlicher-wirkstoff-de","11":"ts_product_brand-alle","12":"ts_product_brand-dr-schwabe-de","14":"first","15":"instock","16":"sale","17":"taxable","18":"shipping-taxable","19":"purchasable","20":"product-type-simple"},"yoast_head":"<!-- This site is optimized with the Yoast SEO plugin v26.5 - https:\/\/yoast.com\/wordpress\/plugins\/seo\/ -->\n<title>Carmenthin Softgels 42 Stk. , Dr. Schwabe &#187; hier bestellen: L\u00f6wen Apotheke<\/title>\n<meta name=\"description\" content=\"Lions Apotheke | Registrierte deutsche Online-Apotheke. Wir bieten schnellen internationalen Versand und bequemes Online-Shopping Carmenthin Softgels 42 Stk.\" \/>\n<meta name=\"robots\" content=\"noindex, follow, max-snippet:-1, max-image-preview:large, max-video-preview:-1\" \/>\n<meta property=\"og:locale\" content=\"de_DE\" \/>\n<meta property=\"og:type\" content=\"article\" \/>\n<meta property=\"og:title\" content=\"Carmenthin Softgels 42 Stk. , Dr. Schwabe &#187; hier bestellen: L\u00f6wen Apotheke\" \/>\n<meta property=\"og:description\" content=\"Lions Apotheke | Registrierte deutsche Online-Apotheke. Wir bieten schnellen internationalen Versand und bequemes Online-Shopping Carmenthin Softgels 42 Stk.\" \/>\n<meta property=\"og:url\" content=\"https:\/\/loewentestneu.metafex.io\/de\/produkt\/carmenthin-softgels-42-pcs-10327618\" \/>\n<meta property=\"og:site_name\" content=\"L\u00f6wen Apotheke\" \/>\n<meta property=\"article:modified_time\" content=\"2025-01-24T17:05:33+00:00\" \/>\n<meta property=\"og:image\" content=\"https:\/\/loewentestneu.metafex.io\/wp-content\/uploads\/2024\/09\/Carmenthin.webp\" \/>\n\t<meta property=\"og:image:width\" content=\"600\" \/>\n\t<meta property=\"og:image:height\" content=\"600\" \/>\n\t<meta property=\"og:image:type\" content=\"image\/webp\" \/>\n<meta name=\"twitter:card\" content=\"summary_large_image\" \/>\n<meta name=\"twitter:label1\" content=\"Gesch\u00e4tzte Lesezeit\" \/>\n\t<meta name=\"twitter:data1\" content=\"1\u00a0Minute\" \/>\n<script type=\"application\/ld+json\" class=\"yoast-schema-graph\">{\"@context\":\"https:\/\/schema.org\",\"@graph\":[{\"@type\":\"WebPage\",\"@id\":\"https:\/\/loewentestneu.metafex.io\/de\/produkt\/carmenthin-softgels-42-pcs-10327618\",\"url\":\"https:\/\/loewentestneu.metafex.io\/de\/produkt\/carmenthin-softgels-42-pcs-10327618\",\"name\":\"Carmenthin Softgels 42 Stk. , Dr. Schwabe &#187; hier bestellen: L\u00f6wen Apotheke\",\"isPartOf\":{\"@id\":\"https:\/\/loewentestneu.metafex.io\/de#website\"},\"primaryImageOfPage\":{\"@id\":\"https:\/\/loewentestneu.metafex.io\/de\/produkt\/carmenthin-softgels-42-pcs-10327618#primaryimage\"},\"image\":{\"@id\":\"https:\/\/loewentestneu.metafex.io\/de\/produkt\/carmenthin-softgels-42-pcs-10327618#primaryimage\"},\"thumbnailUrl\":\"https:\/\/loewentestneu.metafex.io\/wp-content\/uploads\/2024\/09\/Carmenthin.webp\",\"datePublished\":\"2024-09-06T06:18:56+00:00\",\"dateModified\":\"2025-01-24T17:05:33+00:00\",\"description\":\"Lions Apotheke | Registrierte deutsche Online-Apotheke. Wir bieten schnellen internationalen Versand und bequemes Online-Shopping Carmenthin Softgels 42 Stk.\",\"breadcrumb\":{\"@id\":\"https:\/\/loewentestneu.metafex.io\/de\/produkt\/carmenthin-softgels-42-pcs-10327618#breadcrumb\"},\"inLanguage\":\"de\",\"potentialAction\":[{\"@type\":\"ReadAction\",\"target\":[\"https:\/\/loewentestneu.metafex.io\/de\/produkt\/carmenthin-softgels-42-pcs-10327618\"]}]},{\"@type\":\"ImageObject\",\"inLanguage\":\"de\",\"@id\":\"https:\/\/loewentestneu.metafex.io\/de\/produkt\/carmenthin-softgels-42-pcs-10327618#primaryimage\",\"url\":\"https:\/\/loewentestneu.metafex.io\/wp-content\/uploads\/2024\/09\/Carmenthin.webp\",\"contentUrl\":\"https:\/\/loewentestneu.metafex.io\/wp-content\/uploads\/2024\/09\/Carmenthin.webp\",\"width\":600,\"height\":600,\"caption\":\"Carmenthin 42 Stk. 10327618 Schwabe Lions-Apotheke\"},{\"@type\":\"BreadcrumbList\",\"@id\":\"https:\/\/loewentestneu.metafex.io\/de\/produkt\/carmenthin-softgels-42-pcs-10327618#breadcrumb\",\"itemListElement\":[{\"@type\":\"ListItem\",\"position\":1,\"name\":\"Home\",\"item\":\"https:\/\/loewentestneu.metafex.io\/de\/homepage-lion-pharmacy\"},{\"@type\":\"ListItem\",\"position\":2,\"name\":\"Shop\",\"item\":\"https:\/\/loewentestneu.metafex.io\/de\/shop-2\"},{\"@type\":\"ListItem\",\"position\":3,\"name\":\"Carmenthin Softgels 42 Stk.\"}]},{\"@type\":\"WebSite\",\"@id\":\"https:\/\/loewentestneu.metafex.io\/de#website\",\"url\":\"https:\/\/loewentestneu.metafex.io\/de\",\"name\":\"Lions Pharmacy\",\"description\":\"Ihr Spezialist f\u00fcr Naturheilkunde aus Baden-Baden, Germany\",\"publisher\":{\"@id\":\"https:\/\/loewentestneu.metafex.io\/de#organization\"},\"alternateName\":\"Lion Pharmacy\",\"potentialAction\":[{\"@type\":\"SearchAction\",\"target\":{\"@type\":\"EntryPoint\",\"urlTemplate\":\"https:\/\/loewentestneu.metafex.io\/de?s={search_term_string}\"},\"query-input\":{\"@type\":\"PropertyValueSpecification\",\"valueRequired\":true,\"valueName\":\"search_term_string\"}}],\"inLanguage\":\"de\"},{\"@type\":\"Organization\",\"@id\":\"https:\/\/loewentestneu.metafex.io\/de#organization\",\"name\":\"Lions Pharmacy\",\"alternateName\":\"Lions Pharmacy24\",\"url\":\"https:\/\/loewentestneu.metafex.io\/de\",\"logo\":{\"@type\":\"ImageObject\",\"inLanguage\":\"de\",\"@id\":\"https:\/\/loewentestneu.metafex.io\/de#\/schema\/logo\/image\/\",\"url\":\"https:\/\/loewentestneu.metafex.io\/wp-content\/uploads\/2022\/12\/Logo-Lion-Pharmacy-c-o-Loewen-Apotheke-smal.jpg\",\"contentUrl\":\"https:\/\/loewentestneu.metafex.io\/wp-content\/uploads\/2022\/12\/Logo-Lion-Pharmacy-c-o-Loewen-Apotheke-smal.jpg\",\"width\":298,\"height\":99,\"caption\":\"Lions Pharmacy\"},\"image\":{\"@id\":\"https:\/\/loewentestneu.metafex.io\/de#\/schema\/logo\/image\/\"}}]}<\/script>\n<!-- \/ Yoast SEO plugin. -->","yoast_head_json":{"title":"Carmenthin Softgels 42 Stk. , Dr. Schwabe &#187; hier bestellen: L\u00f6wen Apotheke","description":"Lions Apotheke | Registrierte deutsche Online-Apotheke. Wir bieten schnellen internationalen Versand und bequemes Online-Shopping Carmenthin Softgels 42 Stk.","robots":{"index":"noindex","follow":"follow","max-snippet":"max-snippet:-1","max-image-preview":"max-image-preview:large","max-video-preview":"max-video-preview:-1"},"og_locale":"de_DE","og_type":"article","og_title":"Carmenthin Softgels 42 Stk. , Dr. Schwabe &#187; hier bestellen: L\u00f6wen Apotheke","og_description":"Lions Apotheke | Registrierte deutsche Online-Apotheke. Wir bieten schnellen internationalen Versand und bequemes Online-Shopping Carmenthin Softgels 42 Stk.","og_url":"https:\/\/loewentestneu.metafex.io\/de\/produkt\/carmenthin-softgels-42-pcs-10327618","og_site_name":"L\u00f6wen Apotheke","article_modified_time":"2025-01-24T17:05:33+00:00","og_image":[{"width":600,"height":600,"url":"https:\/\/loewentestneu.metafex.io\/wp-content\/uploads\/2024\/09\/Carmenthin.webp","type":"image\/webp"}],"twitter_card":"summary_large_image","twitter_misc":{"Gesch\u00e4tzte Lesezeit":"1\u00a0Minute"},"schema":{"@context":"https:\/\/schema.org","@graph":[{"@type":"WebPage","@id":"https:\/\/loewentestneu.metafex.io\/de\/produkt\/carmenthin-softgels-42-pcs-10327618","url":"https:\/\/loewentestneu.metafex.io\/de\/produkt\/carmenthin-softgels-42-pcs-10327618","name":"Carmenthin Softgels 42 Stk. , Dr. Schwabe &#187; hier bestellen: L\u00f6wen Apotheke","isPartOf":{"@id":"https:\/\/loewentestneu.metafex.io\/de#website"},"primaryImageOfPage":{"@id":"https:\/\/loewentestneu.metafex.io\/de\/produkt\/carmenthin-softgels-42-pcs-10327618#primaryimage"},"image":{"@id":"https:\/\/loewentestneu.metafex.io\/de\/produkt\/carmenthin-softgels-42-pcs-10327618#primaryimage"},"thumbnailUrl":"https:\/\/loewentestneu.metafex.io\/wp-content\/uploads\/2024\/09\/Carmenthin.webp","datePublished":"2024-09-06T06:18:56+00:00","dateModified":"2025-01-24T17:05:33+00:00","description":"Lions Apotheke | Registrierte deutsche Online-Apotheke. Wir bieten schnellen internationalen Versand und bequemes Online-Shopping Carmenthin Softgels 42 Stk.","breadcrumb":{"@id":"https:\/\/loewentestneu.metafex.io\/de\/produkt\/carmenthin-softgels-42-pcs-10327618#breadcrumb"},"inLanguage":"de","potentialAction":[{"@type":"ReadAction","target":["https:\/\/loewentestneu.metafex.io\/de\/produkt\/carmenthin-softgels-42-pcs-10327618"]}]},{"@type":"ImageObject","inLanguage":"de","@id":"https:\/\/loewentestneu.metafex.io\/de\/produkt\/carmenthin-softgels-42-pcs-10327618#primaryimage","url":"https:\/\/loewentestneu.metafex.io\/wp-content\/uploads\/2024\/09\/Carmenthin.webp","contentUrl":"https:\/\/loewentestneu.metafex.io\/wp-content\/uploads\/2024\/09\/Carmenthin.webp","width":600,"height":600,"caption":"Carmenthin 42 Stk. 10327618 Schwabe Lions-Apotheke"},{"@type":"BreadcrumbList","@id":"https:\/\/loewentestneu.metafex.io\/de\/produkt\/carmenthin-softgels-42-pcs-10327618#breadcrumb","itemListElement":[{"@type":"ListItem","position":1,"name":"Home","item":"https:\/\/loewentestneu.metafex.io\/de\/homepage-lion-pharmacy"},{"@type":"ListItem","position":2,"name":"Shop","item":"https:\/\/loewentestneu.metafex.io\/de\/shop-2"},{"@type":"ListItem","position":3,"name":"Carmenthin Softgels 42 Stk."}]},{"@type":"WebSite","@id":"https:\/\/loewentestneu.metafex.io\/de#website","url":"https:\/\/loewentestneu.metafex.io\/de","name":"Lions Pharmacy","description":"Ihr Spezialist f\u00fcr Naturheilkunde aus Baden-Baden, Germany","publisher":{"@id":"https:\/\/loewentestneu.metafex.io\/de#organization"},"alternateName":"Lion Pharmacy","potentialAction":[{"@type":"SearchAction","target":{"@type":"EntryPoint","urlTemplate":"https:\/\/loewentestneu.metafex.io\/de?s={search_term_string}"},"query-input":{"@type":"PropertyValueSpecification","valueRequired":true,"valueName":"search_term_string"}}],"inLanguage":"de"},{"@type":"Organization","@id":"https:\/\/loewentestneu.metafex.io\/de#organization","name":"Lions Pharmacy","alternateName":"Lions Pharmacy24","url":"https:\/\/loewentestneu.metafex.io\/de","logo":{"@type":"ImageObject","inLanguage":"de","@id":"https:\/\/loewentestneu.metafex.io\/de#\/schema\/logo\/image\/","url":"https:\/\/loewentestneu.metafex.io\/wp-content\/uploads\/2022\/12\/Logo-Lion-Pharmacy-c-o-Loewen-Apotheke-smal.jpg","contentUrl":"https:\/\/loewentestneu.metafex.io\/wp-content\/uploads\/2022\/12\/Logo-Lion-Pharmacy-c-o-Loewen-Apotheke-smal.jpg","width":298,"height":99,"caption":"Lions Pharmacy"},"image":{"@id":"https:\/\/loewentestneu.metafex.io\/de#\/schema\/logo\/image\/"}}]}},"_links":{"self":[{"href":"https:\/\/loewentestneu.metafex.io\/de\/wp-json\/wp\/v2\/product\/4409","targetHints":{"allow":["GET"]}}],"collection":[{"href":"https:\/\/loewentestneu.metafex.io\/de\/wp-json\/wp\/v2\/product"}],"about":[{"href":"https:\/\/loewentestneu.metafex.io\/de\/wp-json\/wp\/v2\/types\/product"}],"replies":[{"embeddable":true,"href":"https:\/\/loewentestneu.metafex.io\/de\/wp-json\/wp\/v2\/comments?post=4409"}],"wp:featuredmedia":[{"embeddable":true,"href":"https:\/\/loewentestneu.metafex.io\/de\/wp-json\/wp\/v2\/media\/4312"}],"wp:attachment":[{"href":"https:\/\/loewentestneu.metafex.io\/de\/wp-json\/wp\/v2\/media?parent=4409"}],"wp:term":[{"taxonomy":"product_brand","embeddable":true,"href":"https:\/\/loewentestneu.metafex.io\/de\/wp-json\/wp\/v2\/product_brand?post=4409"},{"taxonomy":"product_cat","embeddable":true,"href":"https:\/\/loewentestneu.metafex.io\/de\/wp-json\/wp\/v2\/product_cat?post=4409"},{"taxonomy":"product_tag","embeddable":true,"href":"https:\/\/loewentestneu.metafex.io\/de\/wp-json\/wp\/v2\/product_tag?post=4409"}],"curies":[{"name":"wp","href":"https:\/\/api.w.org\/{rel}","templated":true}]}}