{"id":4417,"date":"2024-09-06T14:58:54","date_gmt":"2024-09-06T13:58:54","guid":{"rendered":"https:\/\/lions-pharmacy.com\/?post_type=product&#038;p=4417"},"modified":"2025-01-24T17:47:18","modified_gmt":"2025-01-24T16:47:18","slug":"tebonin-intens-120-mg-120-pcs-08692575","status":"publish","type":"product","link":"https:\/\/loewentestneu.metafex.io\/de\/produkt\/tebonin-intens-120-mg-120-pcs-08692575","title":{"rendered":"Tebonin intens 120 mg 120 Stk."},"content":{"rendered":"<h2 style=\"text-align: left;\">Tebonin intens 120 mg Filmtabletten<\/h2>\n<p>Tebonin intens 120 mg Filmtabletten ist ein hochwertiges pflanzliches Arzneimittel zur Behandlung von Vergesslichkeit und Konzentrationsschw\u00e4che im Alter, bestimmten Formen von Schwindel sowie Ohrensausen und Tinnitus.<\/p>\n<p>Tebonin Intens hilft auch bei akutem Tinnitus und Ohrger\u00e4uschen wie Brummen, Zischen, Klingeln oder Piepen. Dies kann eine Folge von Durchblutungsst\u00f6rungen sein, aber es unterst\u00fctzt auch das Ged\u00e4chtnis und hilft, die Gehirnleistung zu verbessern.<\/p>\n<p>Durch die Verbesserung der Blutzirkulation kann Tebonin auch zur Behandlung von Demenz eingesetzt werden.<\/p>\n<p>Weitere Produkte <a href=\"\/de?product_cat=schwabe\">von Dr. Schwabe in unserem Sortiment<\/a><\/p>\n<p>Weitere Produktdetails finden Sie beim Hersteller: <a href=\"https:\/\/www.tebonin.de\/\" target=\"_blank\" rel=\"noopener\">Informationen zum Produkt und zum Hersteller Dr. Schwabe<\/a><\/p>\n<p>Andere Kunden interessierten sich auch f\u00fcr: Produkte im Zusammenhang mit: Dememz | <a href=\"\/de?product_tag=vital\">Vitalit\u00e4t, Leistungsverlust &amp; Vergesslichkeit<\/a> | Mangelnde Konzentration<\/p>\n<p>Zu Risiken und Nebenwirkungen lesen Sie die Packungsbeilage und fragen Sie Ihren Arzt oder Apotheker.<\/p>\n<p>&nbsp;<\/p>\n<h3 style=\"text-align: left;\">Verschreibung | E-Rezept erh\u00e4ltlich?<\/h3>\n<p>Reichen Sie jetzt Ihr E-Rezept ein. Nutzen Sie unsere <a href=\"https:\/\/e-rezept-app.de\/shop-rezept\" target=\"_blank\" rel=\"noopener\">E-Rezept-App<\/a> . Und wir geben Ihnen die Versandkosten kostenlos!<\/p>\n","protected":false},"excerpt":{"rendered":"<h2 style=\"text-align: left;\">Tebonin intens 120 mg Filmtabletten<\/h2>\n<p>Tebonin intensiv 120 mg. Bei Schwindel kreislaufbedingten oder altersbedingten Ursprungs.<\/p>\n<p>&nbsp;<\/p>\n<p><strong>PZN:<\/strong> 08692575 (Zentrale Pharmazeutische Nummer)<\/p>\n<p><strong>Darreichungsform<\/strong>: Filmtabletten &#8211; 120 St\u00fcck.<\/p>\n<p><strong>Verschreibungsart<\/strong>: verschreibungsfrei<\/p>\n<p><strong>Marke<\/strong>: Tebonin<\/p>\n<p><strong>Hersteller<\/strong>: Dr.Willmar Schwabe GmbH &amp; Co.KG<\/p>\n","protected":false},"featured_media":4337,"comment_status":"closed","ping_status":"closed","template":"","meta":[],"product_brand":[],"product_cat":[461,368],"product_tag":[473,472,512,504,537],"class_list":{"0":"post-4417","1":"product","2":"type-product","3":"status-publish","4":"has-post-thumbnail","6":"product_cat-dr-schwabe-de","7":"product_cat-shop-de","8":"product_tag-dr-schwabe-de","9":"product_tag-naturliche-heilmittel","10":"product_tag-pflanzlicher-wirkstoff-de","11":"product_tag-schwindel","12":"product_tag-tebonin-de","13":"ts_product_brand-alle","14":"ts_product_brand-dr-schwabe-de","16":"first","17":"instock","18":"taxable","19":"shipping-taxable","20":"purchasable","21":"product-type-simple"},"yoast_head":"<!-- This site is optimized with the Yoast SEO plugin v26.5 - https:\/\/yoast.com\/wordpress\/plugins\/seo\/ -->\n<title>Tebonin intens 120 mg 120 Stk. &#187; L\u00f6wen Apotheke<\/title>\n<meta name=\"description\" content=\"L\u00f6wen Apotheke24 | Registrierte deutsche Online-Apotheke | Schneller internationaler Versand | Tebonin intens 120 mg 120 Stk.\" \/>\n<meta name=\"robots\" content=\"noindex, follow, max-snippet:-1, max-image-preview:large, max-video-preview:-1\" \/>\n<meta property=\"og:locale\" content=\"de_DE\" \/>\n<meta property=\"og:type\" content=\"article\" \/>\n<meta property=\"og:title\" content=\"Tebonin intens 120 mg 120 Stk. &#187; L\u00f6wen Apotheke\" \/>\n<meta property=\"og:description\" content=\"L\u00f6wen Apotheke24 | Registrierte deutsche Online-Apotheke | Schneller internationaler Versand | Tebonin intens 120 mg 120 Stk.\" \/>\n<meta property=\"og:url\" content=\"https:\/\/loewentestneu.metafex.io\/de\/produkt\/tebonin-intens-120-mg-120-pcs-08692575\" \/>\n<meta property=\"og:site_name\" content=\"L\u00f6wen Apotheke\" \/>\n<meta property=\"article:modified_time\" content=\"2025-01-24T16:47:18+00:00\" \/>\n<meta property=\"og:image\" content=\"https:\/\/loewentestneu.metafex.io\/wp-content\/uploads\/2024\/09\/tebonin-intens-60-pcs.webp\" \/>\n\t<meta property=\"og:image:width\" content=\"600\" \/>\n\t<meta property=\"og:image:height\" content=\"600\" \/>\n\t<meta property=\"og:image:type\" content=\"image\/webp\" \/>\n<meta name=\"twitter:card\" content=\"summary_large_image\" \/>\n<meta name=\"twitter:label1\" content=\"Gesch\u00e4tzte Lesezeit\" \/>\n\t<meta name=\"twitter:data1\" content=\"1\u00a0Minute\" \/>\n<script type=\"application\/ld+json\" class=\"yoast-schema-graph\">{\"@context\":\"https:\/\/schema.org\",\"@graph\":[{\"@type\":\"WebPage\",\"@id\":\"https:\/\/loewentestneu.metafex.io\/de\/produkt\/tebonin-intens-120-mg-120-pcs-08692575\",\"url\":\"https:\/\/loewentestneu.metafex.io\/de\/produkt\/tebonin-intens-120-mg-120-pcs-08692575\",\"name\":\"Tebonin intens 120 mg 120 Stk. &#187; L\u00f6wen Apotheke\",\"isPartOf\":{\"@id\":\"https:\/\/loewentestneu.metafex.io\/de#website\"},\"primaryImageOfPage\":{\"@id\":\"https:\/\/loewentestneu.metafex.io\/de\/produkt\/tebonin-intens-120-mg-120-pcs-08692575#primaryimage\"},\"image\":{\"@id\":\"https:\/\/loewentestneu.metafex.io\/de\/produkt\/tebonin-intens-120-mg-120-pcs-08692575#primaryimage\"},\"thumbnailUrl\":\"https:\/\/loewentestneu.metafex.io\/wp-content\/uploads\/2024\/09\/tebonin-intens-60-pcs.webp\",\"datePublished\":\"2024-09-06T13:58:54+00:00\",\"dateModified\":\"2025-01-24T16:47:18+00:00\",\"description\":\"L\u00f6wen Apotheke24 | Registrierte deutsche Online-Apotheke | Schneller internationaler Versand | Tebonin intens 120 mg 120 Stk.\",\"breadcrumb\":{\"@id\":\"https:\/\/loewentestneu.metafex.io\/de\/produkt\/tebonin-intens-120-mg-120-pcs-08692575#breadcrumb\"},\"inLanguage\":\"de\",\"potentialAction\":[{\"@type\":\"ReadAction\",\"target\":[\"https:\/\/loewentestneu.metafex.io\/de\/produkt\/tebonin-intens-120-mg-120-pcs-08692575\"]}]},{\"@type\":\"ImageObject\",\"inLanguage\":\"de\",\"@id\":\"https:\/\/loewentestneu.metafex.io\/de\/produkt\/tebonin-intens-120-mg-120-pcs-08692575#primaryimage\",\"url\":\"https:\/\/loewentestneu.metafex.io\/wp-content\/uploads\/2024\/09\/tebonin-intens-60-pcs.webp\",\"contentUrl\":\"https:\/\/loewentestneu.metafex.io\/wp-content\/uploads\/2024\/09\/tebonin-intens-60-pcs.webp\",\"width\":600,\"height\":600,\"caption\":\"Tebonin Intens 120mg Capsoules, Dr. W. Schwabe, Lions Pharmacy, PZN 03379106\"},{\"@type\":\"BreadcrumbList\",\"@id\":\"https:\/\/loewentestneu.metafex.io\/de\/produkt\/tebonin-intens-120-mg-120-pcs-08692575#breadcrumb\",\"itemListElement\":[{\"@type\":\"ListItem\",\"position\":1,\"name\":\"Home\",\"item\":\"https:\/\/loewentestneu.metafex.io\/de\/homepage-lion-pharmacy\"},{\"@type\":\"ListItem\",\"position\":2,\"name\":\"Shop\",\"item\":\"https:\/\/loewentestneu.metafex.io\/de\/shop-2\"},{\"@type\":\"ListItem\",\"position\":3,\"name\":\"Tebonin intens 120 mg 120 Stk.\"}]},{\"@type\":\"WebSite\",\"@id\":\"https:\/\/loewentestneu.metafex.io\/de#website\",\"url\":\"https:\/\/loewentestneu.metafex.io\/de\",\"name\":\"Lions Pharmacy\",\"description\":\"Ihr Spezialist f\u00fcr Naturheilkunde aus Baden-Baden, Germany\",\"publisher\":{\"@id\":\"https:\/\/loewentestneu.metafex.io\/de#organization\"},\"alternateName\":\"Lion Pharmacy\",\"potentialAction\":[{\"@type\":\"SearchAction\",\"target\":{\"@type\":\"EntryPoint\",\"urlTemplate\":\"https:\/\/loewentestneu.metafex.io\/de?s={search_term_string}\"},\"query-input\":{\"@type\":\"PropertyValueSpecification\",\"valueRequired\":true,\"valueName\":\"search_term_string\"}}],\"inLanguage\":\"de\"},{\"@type\":\"Organization\",\"@id\":\"https:\/\/loewentestneu.metafex.io\/de#organization\",\"name\":\"Lions Pharmacy\",\"alternateName\":\"Lions Pharmacy24\",\"url\":\"https:\/\/loewentestneu.metafex.io\/de\",\"logo\":{\"@type\":\"ImageObject\",\"inLanguage\":\"de\",\"@id\":\"https:\/\/loewentestneu.metafex.io\/de#\/schema\/logo\/image\/\",\"url\":\"https:\/\/loewentestneu.metafex.io\/wp-content\/uploads\/2022\/12\/Logo-Lion-Pharmacy-c-o-Loewen-Apotheke-smal.jpg\",\"contentUrl\":\"https:\/\/loewentestneu.metafex.io\/wp-content\/uploads\/2022\/12\/Logo-Lion-Pharmacy-c-o-Loewen-Apotheke-smal.jpg\",\"width\":298,\"height\":99,\"caption\":\"Lions Pharmacy\"},\"image\":{\"@id\":\"https:\/\/loewentestneu.metafex.io\/de#\/schema\/logo\/image\/\"}}]}<\/script>\n<!-- \/ Yoast SEO plugin. -->","yoast_head_json":{"title":"Tebonin intens 120 mg 120 Stk. &#187; L\u00f6wen Apotheke","description":"L\u00f6wen Apotheke24 | Registrierte deutsche Online-Apotheke | Schneller internationaler Versand | Tebonin intens 120 mg 120 Stk.","robots":{"index":"noindex","follow":"follow","max-snippet":"max-snippet:-1","max-image-preview":"max-image-preview:large","max-video-preview":"max-video-preview:-1"},"og_locale":"de_DE","og_type":"article","og_title":"Tebonin intens 120 mg 120 Stk. &#187; L\u00f6wen Apotheke","og_description":"L\u00f6wen Apotheke24 | Registrierte deutsche Online-Apotheke | Schneller internationaler Versand | Tebonin intens 120 mg 120 Stk.","og_url":"https:\/\/loewentestneu.metafex.io\/de\/produkt\/tebonin-intens-120-mg-120-pcs-08692575","og_site_name":"L\u00f6wen Apotheke","article_modified_time":"2025-01-24T16:47:18+00:00","og_image":[{"width":600,"height":600,"url":"https:\/\/loewentestneu.metafex.io\/wp-content\/uploads\/2024\/09\/tebonin-intens-60-pcs.webp","type":"image\/webp"}],"twitter_card":"summary_large_image","twitter_misc":{"Gesch\u00e4tzte Lesezeit":"1\u00a0Minute"},"schema":{"@context":"https:\/\/schema.org","@graph":[{"@type":"WebPage","@id":"https:\/\/loewentestneu.metafex.io\/de\/produkt\/tebonin-intens-120-mg-120-pcs-08692575","url":"https:\/\/loewentestneu.metafex.io\/de\/produkt\/tebonin-intens-120-mg-120-pcs-08692575","name":"Tebonin intens 120 mg 120 Stk. &#187; L\u00f6wen Apotheke","isPartOf":{"@id":"https:\/\/loewentestneu.metafex.io\/de#website"},"primaryImageOfPage":{"@id":"https:\/\/loewentestneu.metafex.io\/de\/produkt\/tebonin-intens-120-mg-120-pcs-08692575#primaryimage"},"image":{"@id":"https:\/\/loewentestneu.metafex.io\/de\/produkt\/tebonin-intens-120-mg-120-pcs-08692575#primaryimage"},"thumbnailUrl":"https:\/\/loewentestneu.metafex.io\/wp-content\/uploads\/2024\/09\/tebonin-intens-60-pcs.webp","datePublished":"2024-09-06T13:58:54+00:00","dateModified":"2025-01-24T16:47:18+00:00","description":"L\u00f6wen Apotheke24 | Registrierte deutsche Online-Apotheke | Schneller internationaler Versand | Tebonin intens 120 mg 120 Stk.","breadcrumb":{"@id":"https:\/\/loewentestneu.metafex.io\/de\/produkt\/tebonin-intens-120-mg-120-pcs-08692575#breadcrumb"},"inLanguage":"de","potentialAction":[{"@type":"ReadAction","target":["https:\/\/loewentestneu.metafex.io\/de\/produkt\/tebonin-intens-120-mg-120-pcs-08692575"]}]},{"@type":"ImageObject","inLanguage":"de","@id":"https:\/\/loewentestneu.metafex.io\/de\/produkt\/tebonin-intens-120-mg-120-pcs-08692575#primaryimage","url":"https:\/\/loewentestneu.metafex.io\/wp-content\/uploads\/2024\/09\/tebonin-intens-60-pcs.webp","contentUrl":"https:\/\/loewentestneu.metafex.io\/wp-content\/uploads\/2024\/09\/tebonin-intens-60-pcs.webp","width":600,"height":600,"caption":"Tebonin Intens 120mg Capsoules, Dr. W. Schwabe, Lions Pharmacy, PZN 03379106"},{"@type":"BreadcrumbList","@id":"https:\/\/loewentestneu.metafex.io\/de\/produkt\/tebonin-intens-120-mg-120-pcs-08692575#breadcrumb","itemListElement":[{"@type":"ListItem","position":1,"name":"Home","item":"https:\/\/loewentestneu.metafex.io\/de\/homepage-lion-pharmacy"},{"@type":"ListItem","position":2,"name":"Shop","item":"https:\/\/loewentestneu.metafex.io\/de\/shop-2"},{"@type":"ListItem","position":3,"name":"Tebonin intens 120 mg 120 Stk."}]},{"@type":"WebSite","@id":"https:\/\/loewentestneu.metafex.io\/de#website","url":"https:\/\/loewentestneu.metafex.io\/de","name":"Lions Pharmacy","description":"Ihr Spezialist f\u00fcr Naturheilkunde aus Baden-Baden, Germany","publisher":{"@id":"https:\/\/loewentestneu.metafex.io\/de#organization"},"alternateName":"Lion Pharmacy","potentialAction":[{"@type":"SearchAction","target":{"@type":"EntryPoint","urlTemplate":"https:\/\/loewentestneu.metafex.io\/de?s={search_term_string}"},"query-input":{"@type":"PropertyValueSpecification","valueRequired":true,"valueName":"search_term_string"}}],"inLanguage":"de"},{"@type":"Organization","@id":"https:\/\/loewentestneu.metafex.io\/de#organization","name":"Lions Pharmacy","alternateName":"Lions Pharmacy24","url":"https:\/\/loewentestneu.metafex.io\/de","logo":{"@type":"ImageObject","inLanguage":"de","@id":"https:\/\/loewentestneu.metafex.io\/de#\/schema\/logo\/image\/","url":"https:\/\/loewentestneu.metafex.io\/wp-content\/uploads\/2022\/12\/Logo-Lion-Pharmacy-c-o-Loewen-Apotheke-smal.jpg","contentUrl":"https:\/\/loewentestneu.metafex.io\/wp-content\/uploads\/2022\/12\/Logo-Lion-Pharmacy-c-o-Loewen-Apotheke-smal.jpg","width":298,"height":99,"caption":"Lions Pharmacy"},"image":{"@id":"https:\/\/loewentestneu.metafex.io\/de#\/schema\/logo\/image\/"}}]}},"_links":{"self":[{"href":"https:\/\/loewentestneu.metafex.io\/de\/wp-json\/wp\/v2\/product\/4417","targetHints":{"allow":["GET"]}}],"collection":[{"href":"https:\/\/loewentestneu.metafex.io\/de\/wp-json\/wp\/v2\/product"}],"about":[{"href":"https:\/\/loewentestneu.metafex.io\/de\/wp-json\/wp\/v2\/types\/product"}],"replies":[{"embeddable":true,"href":"https:\/\/loewentestneu.metafex.io\/de\/wp-json\/wp\/v2\/comments?post=4417"}],"wp:featuredmedia":[{"embeddable":true,"href":"https:\/\/loewentestneu.metafex.io\/de\/wp-json\/wp\/v2\/media\/4337"}],"wp:attachment":[{"href":"https:\/\/loewentestneu.metafex.io\/de\/wp-json\/wp\/v2\/media?parent=4417"}],"wp:term":[{"taxonomy":"product_brand","embeddable":true,"href":"https:\/\/loewentestneu.metafex.io\/de\/wp-json\/wp\/v2\/product_brand?post=4417"},{"taxonomy":"product_cat","embeddable":true,"href":"https:\/\/loewentestneu.metafex.io\/de\/wp-json\/wp\/v2\/product_cat?post=4417"},{"taxonomy":"product_tag","embeddable":true,"href":"https:\/\/loewentestneu.metafex.io\/de\/wp-json\/wp\/v2\/product_tag?post=4417"}],"curies":[{"name":"wp","href":"https:\/\/api.w.org\/{rel}","templated":true}]}}