{"id":4479,"date":"2024-09-07T08:07:15","date_gmt":"2024-09-07T07:07:15","guid":{"rendered":"https:\/\/lions-pharmacy.com\/?post_type=product&#038;p=4479"},"modified":"2025-01-26T10:37:35","modified_gmt":"2025-01-26T09:37:35","slug":"neydil-nr-42-d7-ampoules-5x2ml-06486854","status":"publish","type":"product","link":"https:\/\/loewentestneu.metafex.io\/de\/produkt\/neydil-nr-42-d7-ampoules-5x2ml-06486854","title":{"rendered":"Neydil Nr.42 D7 Ampullen 5x2ml"},"content":{"rendered":"<h3 style=\"text-align: left;\">Neydil Nr.42 D7 Ampullen<\/h3>\n<p>&#8220;Cor, Ren, Aorta&#8221; &#8211; Neydil Nr.42 D7 Ampullen.<\/p>\n<p>Die von vitOrgan zur biomolekularen Therapie angebotenen organhom\u00f6opathischen Pr\u00e4parate nutzen nat\u00fcrliche regulatorisch und metabolisch wirkende organische Substanzen, um aus dem Gleichgewicht geratene Prozesse physiologisch wieder zu normalisieren. Die biomolekulare vitOrgan-Therapie ist seit 60 Jahren eine sehr erfolgreiche Therapie. Sie bildet eine Br\u00fccke zwischen den so genannten Bereichen der Schulmedizin und der Naturheilkunde. Sie nutzt nat\u00fcrliche, regulatorische und metabolisch funktionierende Substanzen, die sowohl bei Menschen als auch bei Tieren vorhanden sind, um Krankheiten zu normalisieren, indem sie die physiologischen Prozesse, die nicht mehr im Gleichgewicht sind, ver\u00e4ndert &#8211; und damit den Patienten nicht nur symptomatisch, sondern auch urs\u00e4chlich behandelt. Nach dem Prinzip &#8220;Herz heilt Herz, Niere heilt Niere, Organ heilt Organ&#8221; gilt es, durch gezielte Regulation die Kraft geschw\u00e4chter Zellen zu wecken.<\/p>\n<p>Die biomolekulare vitOrgan-Therapie ist eine erfolgreiche Therapie. Sie schl\u00e4gt die Br\u00fccke zwischen der sogenannten Schulmedizin und den Naturheilmethoden. Dabei nutzt sie die nat\u00fcrlichen Regulations- und Stoffwechselsubstanzen, die bei Mensch und Tier gleicherma\u00dfen vorhanden sind, um im Krankheitsfall aus dem Gleichgewicht geratene Prozesse physiologisch zu normalisieren \u2013 und so den Patienten nicht nur symptomatisch, sondern urs\u00e4chlich zu behandeln.<br \/>\nNicht blockieren, sondern regulieren. Das ist das zentrale Prinzip der vitOrgan Therapie, die durch ihre vernetzte und ganzheitliche Denkweise den Menschen in seiner Gesamtheit behandelt.<\/p>\n<p>Erfahren Sie mehr \u00fcber Manufactorer &#8211; Link zur Website: <a href=\"https:\/\/vitorgan.de\/en\/products\/\" target=\"_blank\" rel=\"noopener noreferrer\">vitOrgan.de<\/a><br \/>\nWeitere Produkte von vitOrgan finden Sie hier: <a href=\"\/de?product_cat=vitorgan\">vitOrgan<\/a><\/p>\n<p>Zu Risiken und Nebenwirkungen lesen Sie die Packungsbeilage und fragen Sie Ihren Arzt oder Apotheker.<\/p>\n","protected":false},"excerpt":{"rendered":"<h2 style=\"text-align: left;\">Neydil Nr.42<br \/>\nD7 Ampullen 5x2ml <\/h2>\n<p>&#8220;Cor, Ren, Aorta&#8221;<\/p>\n<p>&nbsp;<\/p>\n<p><strong>PZN:<\/strong> 06486854 (Zentrale Pharmazeutische Nummer)<\/p>\n<p><strong>Darreichungsform<\/strong>: Ampullen<\/p>\n<p><strong>Verschreibungsart:<\/strong> verschreibungsfrei<\/p>\n<p><strong>Packungsgr\u00f6\u00dfe<\/strong>: 5x2ml<\/p>\n<p><strong>Marke<\/strong>: <a href=\"\/de?product_cat=vitorgan\">vitOrgan<\/a><\/p>\n<p><strong>Hersteller:<\/strong> vitOrgan GmbH &amp; Co.KG, Ostfildern, Deutschland<\/p>\n","protected":false},"featured_media":4218,"comment_status":"closed","ping_status":"closed","template":"","meta":[],"product_brand":[],"product_cat":[367,368,371],"product_tag":[381,426],"class_list":{"0":"post-4479","1":"product","2":"type-product","3":"status-publish","4":"has-post-thumbnail","6":"product_cat-sale-de","7":"product_cat-shop-de","8":"product_cat-vitorgan-de","9":"product_tag-homoopathie","10":"product_tag-neydil-de","11":"ts_product_brand-alle","12":"ts_product_brand-vitorgan-de","14":"first","15":"instock","16":"sale","17":"taxable","18":"shipping-taxable","19":"purchasable","20":"product-type-simple"},"yoast_head":"<!-- This site is optimized with the Yoast SEO plugin v26.5 - https:\/\/yoast.com\/wordpress\/plugins\/seo\/ -->\n<title>Neydil Nr.42 D7 Ampullen 5x2ml &#187; L\u00f6wen Apotheke<\/title>\n<meta name=\"description\" content=\"L\u00f6wen Apotheke24 | Registrierte deutsche Online-Apotheke. Wir bieten: schnellen internationalen Versand und Top Service. vitOrgan | Neydil Nr.42 D7 Ampullen 5x2ml\" \/>\n<meta name=\"robots\" content=\"noindex, follow, max-snippet:-1, max-image-preview:large, max-video-preview:-1\" \/>\n<meta property=\"og:locale\" content=\"de_DE\" \/>\n<meta property=\"og:type\" content=\"article\" \/>\n<meta property=\"og:title\" content=\"Neydil Nr.42 D7 Ampullen 5x2ml &#187; L\u00f6wen Apotheke\" \/>\n<meta property=\"og:description\" content=\"L\u00f6wen Apotheke24 | Registrierte deutsche Online-Apotheke. Wir bieten: schnellen internationalen Versand und Top Service. vitOrgan | Neydil Nr.42 D7 Ampullen 5x2ml\" \/>\n<meta property=\"og:url\" content=\"https:\/\/loewentestneu.metafex.io\/de\/produkt\/neydil-nr-42-d7-ampoules-5x2ml-06486854\" \/>\n<meta property=\"og:site_name\" content=\"L\u00f6wen Apotheke\" \/>\n<meta property=\"article:modified_time\" content=\"2025-01-26T09:37:35+00:00\" \/>\n<meta property=\"og:image\" content=\"https:\/\/loewentestneu.metafex.io\/wp-content\/uploads\/2024\/08\/6486854-Neydil-Nr.-42.webp\" \/>\n\t<meta property=\"og:image:width\" content=\"600\" \/>\n\t<meta property=\"og:image:height\" content=\"600\" \/>\n\t<meta property=\"og:image:type\" content=\"image\/webp\" \/>\n<meta name=\"twitter:card\" content=\"summary_large_image\" \/>\n<meta name=\"twitter:label1\" content=\"Gesch\u00e4tzte Lesezeit\" \/>\n\t<meta name=\"twitter:data1\" content=\"1\u00a0Minute\" \/>\n<script type=\"application\/ld+json\" class=\"yoast-schema-graph\">{\"@context\":\"https:\/\/schema.org\",\"@graph\":[{\"@type\":\"WebPage\",\"@id\":\"https:\/\/loewentestneu.metafex.io\/de\/produkt\/neydil-nr-42-d7-ampoules-5x2ml-06486854\",\"url\":\"https:\/\/loewentestneu.metafex.io\/de\/produkt\/neydil-nr-42-d7-ampoules-5x2ml-06486854\",\"name\":\"Neydil Nr.42 D7 Ampullen 5x2ml &#187; L\u00f6wen Apotheke\",\"isPartOf\":{\"@id\":\"https:\/\/loewentestneu.metafex.io\/de#website\"},\"primaryImageOfPage\":{\"@id\":\"https:\/\/loewentestneu.metafex.io\/de\/produkt\/neydil-nr-42-d7-ampoules-5x2ml-06486854#primaryimage\"},\"image\":{\"@id\":\"https:\/\/loewentestneu.metafex.io\/de\/produkt\/neydil-nr-42-d7-ampoules-5x2ml-06486854#primaryimage\"},\"thumbnailUrl\":\"https:\/\/loewentestneu.metafex.io\/wp-content\/uploads\/2024\/08\/6486854-Neydil-Nr.-42.webp\",\"datePublished\":\"2024-09-07T07:07:15+00:00\",\"dateModified\":\"2025-01-26T09:37:35+00:00\",\"description\":\"L\u00f6wen Apotheke24 | Registrierte deutsche Online-Apotheke. Wir bieten: schnellen internationalen Versand und Top Service. vitOrgan | Neydil Nr.42 D7 Ampullen 5x2ml\",\"breadcrumb\":{\"@id\":\"https:\/\/loewentestneu.metafex.io\/de\/produkt\/neydil-nr-42-d7-ampoules-5x2ml-06486854#breadcrumb\"},\"inLanguage\":\"de\",\"potentialAction\":[{\"@type\":\"ReadAction\",\"target\":[\"https:\/\/loewentestneu.metafex.io\/de\/produkt\/neydil-nr-42-d7-ampoules-5x2ml-06486854\"]}]},{\"@type\":\"ImageObject\",\"inLanguage\":\"de\",\"@id\":\"https:\/\/loewentestneu.metafex.io\/de\/produkt\/neydil-nr-42-d7-ampoules-5x2ml-06486854#primaryimage\",\"url\":\"https:\/\/loewentestneu.metafex.io\/wp-content\/uploads\/2024\/08\/6486854-Neydil-Nr.-42.webp\",\"contentUrl\":\"https:\/\/loewentestneu.metafex.io\/wp-content\/uploads\/2024\/08\/6486854-Neydil-Nr.-42.webp\",\"width\":600,\"height\":600,\"caption\":\"Neydil Nr.42 D7 Ampullen 5x2ml 06486854, vitOrgan, Lions Apotheke\"},{\"@type\":\"BreadcrumbList\",\"@id\":\"https:\/\/loewentestneu.metafex.io\/de\/produkt\/neydil-nr-42-d7-ampoules-5x2ml-06486854#breadcrumb\",\"itemListElement\":[{\"@type\":\"ListItem\",\"position\":1,\"name\":\"Home\",\"item\":\"https:\/\/loewentestneu.metafex.io\/de\/homepage-lion-pharmacy\"},{\"@type\":\"ListItem\",\"position\":2,\"name\":\"Shop\",\"item\":\"https:\/\/loewentestneu.metafex.io\/de\/shop-2\"},{\"@type\":\"ListItem\",\"position\":3,\"name\":\"Neydil Nr.42 D7 Ampullen 5x2ml\"}]},{\"@type\":\"WebSite\",\"@id\":\"https:\/\/loewentestneu.metafex.io\/de#website\",\"url\":\"https:\/\/loewentestneu.metafex.io\/de\",\"name\":\"Lions Pharmacy\",\"description\":\"Ihr Spezialist f\u00fcr Naturheilkunde aus Baden-Baden, Germany\",\"publisher\":{\"@id\":\"https:\/\/loewentestneu.metafex.io\/de#organization\"},\"alternateName\":\"Lion Pharmacy\",\"potentialAction\":[{\"@type\":\"SearchAction\",\"target\":{\"@type\":\"EntryPoint\",\"urlTemplate\":\"https:\/\/loewentestneu.metafex.io\/de?s={search_term_string}\"},\"query-input\":{\"@type\":\"PropertyValueSpecification\",\"valueRequired\":true,\"valueName\":\"search_term_string\"}}],\"inLanguage\":\"de\"},{\"@type\":\"Organization\",\"@id\":\"https:\/\/loewentestneu.metafex.io\/de#organization\",\"name\":\"Lions Pharmacy\",\"alternateName\":\"Lions Pharmacy24\",\"url\":\"https:\/\/loewentestneu.metafex.io\/de\",\"logo\":{\"@type\":\"ImageObject\",\"inLanguage\":\"de\",\"@id\":\"https:\/\/loewentestneu.metafex.io\/de#\/schema\/logo\/image\/\",\"url\":\"https:\/\/loewentestneu.metafex.io\/wp-content\/uploads\/2022\/12\/Logo-Lion-Pharmacy-c-o-Loewen-Apotheke-smal.jpg\",\"contentUrl\":\"https:\/\/loewentestneu.metafex.io\/wp-content\/uploads\/2022\/12\/Logo-Lion-Pharmacy-c-o-Loewen-Apotheke-smal.jpg\",\"width\":298,\"height\":99,\"caption\":\"Lions Pharmacy\"},\"image\":{\"@id\":\"https:\/\/loewentestneu.metafex.io\/de#\/schema\/logo\/image\/\"}}]}<\/script>\n<!-- \/ Yoast SEO plugin. -->","yoast_head_json":{"title":"Neydil Nr.42 D7 Ampullen 5x2ml &#187; L\u00f6wen Apotheke","description":"L\u00f6wen Apotheke24 | Registrierte deutsche Online-Apotheke. Wir bieten: schnellen internationalen Versand und Top Service. vitOrgan | Neydil Nr.42 D7 Ampullen 5x2ml","robots":{"index":"noindex","follow":"follow","max-snippet":"max-snippet:-1","max-image-preview":"max-image-preview:large","max-video-preview":"max-video-preview:-1"},"og_locale":"de_DE","og_type":"article","og_title":"Neydil Nr.42 D7 Ampullen 5x2ml &#187; L\u00f6wen Apotheke","og_description":"L\u00f6wen Apotheke24 | Registrierte deutsche Online-Apotheke. Wir bieten: schnellen internationalen Versand und Top Service. vitOrgan | Neydil Nr.42 D7 Ampullen 5x2ml","og_url":"https:\/\/loewentestneu.metafex.io\/de\/produkt\/neydil-nr-42-d7-ampoules-5x2ml-06486854","og_site_name":"L\u00f6wen Apotheke","article_modified_time":"2025-01-26T09:37:35+00:00","og_image":[{"width":600,"height":600,"url":"https:\/\/loewentestneu.metafex.io\/wp-content\/uploads\/2024\/08\/6486854-Neydil-Nr.-42.webp","type":"image\/webp"}],"twitter_card":"summary_large_image","twitter_misc":{"Gesch\u00e4tzte Lesezeit":"1\u00a0Minute"},"schema":{"@context":"https:\/\/schema.org","@graph":[{"@type":"WebPage","@id":"https:\/\/loewentestneu.metafex.io\/de\/produkt\/neydil-nr-42-d7-ampoules-5x2ml-06486854","url":"https:\/\/loewentestneu.metafex.io\/de\/produkt\/neydil-nr-42-d7-ampoules-5x2ml-06486854","name":"Neydil Nr.42 D7 Ampullen 5x2ml &#187; L\u00f6wen Apotheke","isPartOf":{"@id":"https:\/\/loewentestneu.metafex.io\/de#website"},"primaryImageOfPage":{"@id":"https:\/\/loewentestneu.metafex.io\/de\/produkt\/neydil-nr-42-d7-ampoules-5x2ml-06486854#primaryimage"},"image":{"@id":"https:\/\/loewentestneu.metafex.io\/de\/produkt\/neydil-nr-42-d7-ampoules-5x2ml-06486854#primaryimage"},"thumbnailUrl":"https:\/\/loewentestneu.metafex.io\/wp-content\/uploads\/2024\/08\/6486854-Neydil-Nr.-42.webp","datePublished":"2024-09-07T07:07:15+00:00","dateModified":"2025-01-26T09:37:35+00:00","description":"L\u00f6wen Apotheke24 | Registrierte deutsche Online-Apotheke. Wir bieten: schnellen internationalen Versand und Top Service. vitOrgan | Neydil Nr.42 D7 Ampullen 5x2ml","breadcrumb":{"@id":"https:\/\/loewentestneu.metafex.io\/de\/produkt\/neydil-nr-42-d7-ampoules-5x2ml-06486854#breadcrumb"},"inLanguage":"de","potentialAction":[{"@type":"ReadAction","target":["https:\/\/loewentestneu.metafex.io\/de\/produkt\/neydil-nr-42-d7-ampoules-5x2ml-06486854"]}]},{"@type":"ImageObject","inLanguage":"de","@id":"https:\/\/loewentestneu.metafex.io\/de\/produkt\/neydil-nr-42-d7-ampoules-5x2ml-06486854#primaryimage","url":"https:\/\/loewentestneu.metafex.io\/wp-content\/uploads\/2024\/08\/6486854-Neydil-Nr.-42.webp","contentUrl":"https:\/\/loewentestneu.metafex.io\/wp-content\/uploads\/2024\/08\/6486854-Neydil-Nr.-42.webp","width":600,"height":600,"caption":"Neydil Nr.42 D7 Ampullen 5x2ml 06486854, vitOrgan, Lions Apotheke"},{"@type":"BreadcrumbList","@id":"https:\/\/loewentestneu.metafex.io\/de\/produkt\/neydil-nr-42-d7-ampoules-5x2ml-06486854#breadcrumb","itemListElement":[{"@type":"ListItem","position":1,"name":"Home","item":"https:\/\/loewentestneu.metafex.io\/de\/homepage-lion-pharmacy"},{"@type":"ListItem","position":2,"name":"Shop","item":"https:\/\/loewentestneu.metafex.io\/de\/shop-2"},{"@type":"ListItem","position":3,"name":"Neydil Nr.42 D7 Ampullen 5x2ml"}]},{"@type":"WebSite","@id":"https:\/\/loewentestneu.metafex.io\/de#website","url":"https:\/\/loewentestneu.metafex.io\/de","name":"Lions Pharmacy","description":"Ihr Spezialist f\u00fcr Naturheilkunde aus Baden-Baden, Germany","publisher":{"@id":"https:\/\/loewentestneu.metafex.io\/de#organization"},"alternateName":"Lion Pharmacy","potentialAction":[{"@type":"SearchAction","target":{"@type":"EntryPoint","urlTemplate":"https:\/\/loewentestneu.metafex.io\/de?s={search_term_string}"},"query-input":{"@type":"PropertyValueSpecification","valueRequired":true,"valueName":"search_term_string"}}],"inLanguage":"de"},{"@type":"Organization","@id":"https:\/\/loewentestneu.metafex.io\/de#organization","name":"Lions Pharmacy","alternateName":"Lions Pharmacy24","url":"https:\/\/loewentestneu.metafex.io\/de","logo":{"@type":"ImageObject","inLanguage":"de","@id":"https:\/\/loewentestneu.metafex.io\/de#\/schema\/logo\/image\/","url":"https:\/\/loewentestneu.metafex.io\/wp-content\/uploads\/2022\/12\/Logo-Lion-Pharmacy-c-o-Loewen-Apotheke-smal.jpg","contentUrl":"https:\/\/loewentestneu.metafex.io\/wp-content\/uploads\/2022\/12\/Logo-Lion-Pharmacy-c-o-Loewen-Apotheke-smal.jpg","width":298,"height":99,"caption":"Lions Pharmacy"},"image":{"@id":"https:\/\/loewentestneu.metafex.io\/de#\/schema\/logo\/image\/"}}]}},"_links":{"self":[{"href":"https:\/\/loewentestneu.metafex.io\/de\/wp-json\/wp\/v2\/product\/4479","targetHints":{"allow":["GET"]}}],"collection":[{"href":"https:\/\/loewentestneu.metafex.io\/de\/wp-json\/wp\/v2\/product"}],"about":[{"href":"https:\/\/loewentestneu.metafex.io\/de\/wp-json\/wp\/v2\/types\/product"}],"replies":[{"embeddable":true,"href":"https:\/\/loewentestneu.metafex.io\/de\/wp-json\/wp\/v2\/comments?post=4479"}],"wp:featuredmedia":[{"embeddable":true,"href":"https:\/\/loewentestneu.metafex.io\/de\/wp-json\/wp\/v2\/media\/4218"}],"wp:attachment":[{"href":"https:\/\/loewentestneu.metafex.io\/de\/wp-json\/wp\/v2\/media?parent=4479"}],"wp:term":[{"taxonomy":"product_brand","embeddable":true,"href":"https:\/\/loewentestneu.metafex.io\/de\/wp-json\/wp\/v2\/product_brand?post=4479"},{"taxonomy":"product_cat","embeddable":true,"href":"https:\/\/loewentestneu.metafex.io\/de\/wp-json\/wp\/v2\/product_cat?post=4479"},{"taxonomy":"product_tag","embeddable":true,"href":"https:\/\/loewentestneu.metafex.io\/de\/wp-json\/wp\/v2\/product_tag?post=4479"}],"curies":[{"name":"wp","href":"https:\/\/api.w.org\/{rel}","templated":true}]}}