{"id":4950,"date":"2024-10-08T14:40:32","date_gmt":"2024-10-08T13:40:32","guid":{"rendered":"https:\/\/lions-pharmacy.com\/?post_type=product&#038;p=4950"},"modified":"2024-10-11T15:07:03","modified_gmt":"2024-10-11T14:07:03","slug":"bepanthen-augen-und-nasensalbe-10-g-copy","status":"publish","type":"product","link":"https:\/\/loewentestneu.metafex.io\/de\/produkt\/bepanthen-augen-und-nasensalbe-10-g-copy","title":{"rendered":"ACC akut 600 Brausetabletten"},"content":{"rendered":"<h2>ACC akut 600 mg Brausetabletten<\/h2>\n<p>ACC akut 600 Brausetabletten k\u00f6nnen zur Behandlung von Schleimhusten und festsitzendem Schleim in den Bronchien verwendet werden.<\/p>\n<p>Wirkstoff: Acetylcystein 600 mg<\/p>\n<p>Leiden Sie unter dickem und hartn\u00e4ckigem Schleim und haben Schwierigkeiten, ihn wieder abzuhusten? Dann hilft Ihnen ACC akut 600 mg Hustenschleiml\u00f6ser, den festsitzenden Schleim sicher und schnell aufzul\u00f6sen.<br \/>\nVor allem im Winter leiden die meisten Menschen unter Erk\u00e4ltungen und Husten. Die entz\u00fcndeten Bronchien bilden einen z\u00e4hen Schleim, der durch das im Hustenschleiml\u00f6ser ACC enthaltene Acetylcystein verfl\u00fcssigt wird und somit leichter abtransportiert werden kann. Die Bronchien und Atemwege sind wieder frei und die Entz\u00fcndung kann sich regenerieren.<\/p>\n<section class=\"text-dark-primary-max\">Weitere Produkte f\u00fcr die Anwendung: <a href=\"https:\/\/loewentestneu.metafex.io\/produkt-schlagwort\/cold-flu\">Erk\u00e4ltung &amp; Grippe<\/a>.<\/section>\n<section><\/section>\n<section class=\"text-dark-primary-max\">Informationen auf dieser Website werden ausschlie\u00dflich f\u00fcr informative Zwecke zur Verf\u00fcgung gestellt. Sie ersetzen keinesfalls die Untersuchung und Behandlung durch einen Arzt. Bitte beachten Sie, dass dadurch weder Diagnosen gestellt noch Therapien eingeleitet werden k\u00f6nnen.  <\/section>\n<p>Zu Risiken und Nebenwirkungen lesen Sie die Packungsbeilage und fragen Sie Ihren Arzt oder Apotheker.<\/p>\n<h3 style=\"text-align: left;\">Verschreibung | E-Rezept erh\u00e4ltlich?<\/h3>\n<p>Reichen Sie jetzt Ihr E-Rezept ein. Nutzen Sie unsere <a href=\"https:\/\/e-rezept-app.de\/shop-rezept\" target=\"_blank\" rel=\"noopener\">E-Rezept-App<\/a> . Und wir schenken Ihnen die Versandkosten in Deutschland!<\/p>\n","protected":false},"excerpt":{"rendered":"<h2>ACC akut 600 mg Brausetabletten<\/h2>\n<p>ACC akut Tabletten Husten Schleiml\u00f6ser<span style=\"font-size: 16px;\"> f\u00fcr Erwachsene und Jugendliche ab 14 Jahren.<\/span><\/p>\n<p>&nbsp;<\/p>\n<div class=\"rating__wrap\">\n<p><strong>PZN:<\/strong> 00520917 (Pharmazentralnummer)<\/p>\n<p><strong>Darreichungsform<\/strong>: Brausetabletten 40 Stk.<\/p>\n<p><strong>Art der Verordnung:<\/strong> Kein Rezept<\/p>\n<p><strong>Marke<\/strong>: ACC\u00ae<\/p>\n<p><strong>Hersteller<\/strong>: Hexal AG<\/p>\n<\/div>\n","protected":false},"featured_media":4955,"comment_status":"closed","ping_status":"closed","template":"","meta":[],"product_brand":[],"product_cat":[367,368],"product_tag":[387,476,428],"class_list":{"0":"post-4950","1":"product","2":"type-product","3":"status-publish","4":"has-post-thumbnail","6":"product_cat-sale-de","7":"product_cat-shop-de","8":"product_tag-erkaltungen-grippe","9":"product_tag-grippe-erkaltung","10":"product_tag-virusinfektion","11":"ts_product_brand-alle","13":"first","14":"instock","15":"sale","16":"taxable","17":"shipping-taxable","18":"purchasable","19":"product-type-simple"},"yoast_head":"<!-- This site is optimized with the Yoast SEO plugin v26.5 - https:\/\/yoast.com\/wordpress\/plugins\/seo\/ -->\n<title>ACC akut 600 Brausetabletten &#187; Hier bestellen<\/title>\n<meta name=\"description\" content=\"ACC akut 600 Brausetabletten zur Behandlung von Schleimhusten - Bronchien. Geliefert von Ihrer deutschen Online-Apotheke. Schneller Versand. Top Service.\" \/>\n<meta name=\"robots\" content=\"noindex, follow, max-snippet:-1, max-image-preview:large, max-video-preview:-1\" \/>\n<meta property=\"og:locale\" content=\"de_DE\" \/>\n<meta property=\"og:type\" content=\"article\" \/>\n<meta property=\"og:title\" content=\"ACC akut 600 Brausetabletten &#187; Hier bestellen\" \/>\n<meta property=\"og:description\" content=\"ACC akut 600 Brausetabletten zur Behandlung von Schleimhusten - Bronchien. Geliefert von Ihrer deutschen Online-Apotheke. Schneller Versand. Top Service.\" \/>\n<meta property=\"og:url\" content=\"https:\/\/loewentestneu.metafex.io\/de\/produkt\/bepanthen-augen-und-nasensalbe-10-g-copy\" \/>\n<meta property=\"og:site_name\" content=\"L\u00f6wen Apotheke\" \/>\n<meta property=\"article:modified_time\" content=\"2024-10-11T14:07:03+00:00\" \/>\n<meta property=\"og:image\" content=\"https:\/\/loewentestneu.metafex.io\/wp-content\/uploads\/2024\/10\/ACC-Akut-Hexal.webp\" \/>\n\t<meta property=\"og:image:width\" content=\"600\" \/>\n\t<meta property=\"og:image:height\" content=\"600\" \/>\n\t<meta property=\"og:image:type\" content=\"image\/webp\" \/>\n<meta name=\"twitter:card\" content=\"summary_large_image\" \/>\n<meta name=\"twitter:label1\" content=\"Gesch\u00e4tzte Lesezeit\" \/>\n\t<meta name=\"twitter:data1\" content=\"1\u00a0Minute\" \/>\n<script type=\"application\/ld+json\" class=\"yoast-schema-graph\">{\"@context\":\"https:\/\/schema.org\",\"@graph\":[{\"@type\":\"WebPage\",\"@id\":\"https:\/\/loewentestneu.metafex.io\/de\/produkt\/bepanthen-augen-und-nasensalbe-10-g-copy\",\"url\":\"https:\/\/loewentestneu.metafex.io\/de\/produkt\/bepanthen-augen-und-nasensalbe-10-g-copy\",\"name\":\"ACC akut 600 Brausetabletten &#187; Hier bestellen\",\"isPartOf\":{\"@id\":\"https:\/\/loewentestneu.metafex.io\/de#website\"},\"primaryImageOfPage\":{\"@id\":\"https:\/\/loewentestneu.metafex.io\/de\/produkt\/bepanthen-augen-und-nasensalbe-10-g-copy#primaryimage\"},\"image\":{\"@id\":\"https:\/\/loewentestneu.metafex.io\/de\/produkt\/bepanthen-augen-und-nasensalbe-10-g-copy#primaryimage\"},\"thumbnailUrl\":\"https:\/\/loewentestneu.metafex.io\/wp-content\/uploads\/2024\/10\/ACC-Akut-Hexal.webp\",\"datePublished\":\"2024-10-08T13:40:32+00:00\",\"dateModified\":\"2024-10-11T14:07:03+00:00\",\"description\":\"ACC akut 600 Brausetabletten zur Behandlung von Schleimhusten - Bronchien. Geliefert von Ihrer deutschen Online-Apotheke. Schneller Versand. Top Service.\",\"breadcrumb\":{\"@id\":\"https:\/\/loewentestneu.metafex.io\/de\/produkt\/bepanthen-augen-und-nasensalbe-10-g-copy#breadcrumb\"},\"inLanguage\":\"de\",\"potentialAction\":[{\"@type\":\"ReadAction\",\"target\":[\"https:\/\/loewentestneu.metafex.io\/de\/produkt\/bepanthen-augen-und-nasensalbe-10-g-copy\"]}]},{\"@type\":\"ImageObject\",\"inLanguage\":\"de\",\"@id\":\"https:\/\/loewentestneu.metafex.io\/de\/produkt\/bepanthen-augen-und-nasensalbe-10-g-copy#primaryimage\",\"url\":\"https:\/\/loewentestneu.metafex.io\/wp-content\/uploads\/2024\/10\/ACC-Akut-Hexal.webp\",\"contentUrl\":\"https:\/\/loewentestneu.metafex.io\/wp-content\/uploads\/2024\/10\/ACC-Akut-Hexal.webp\",\"width\":600,\"height\":600,\"caption\":\"ACC Akut Brausetabletten 600 mg Lions Apotheke PZN 00520917\"},{\"@type\":\"BreadcrumbList\",\"@id\":\"https:\/\/loewentestneu.metafex.io\/de\/produkt\/bepanthen-augen-und-nasensalbe-10-g-copy#breadcrumb\",\"itemListElement\":[{\"@type\":\"ListItem\",\"position\":1,\"name\":\"Home\",\"item\":\"https:\/\/loewentestneu.metafex.io\/de\/homepage-lion-pharmacy\"},{\"@type\":\"ListItem\",\"position\":2,\"name\":\"Shop\",\"item\":\"https:\/\/loewentestneu.metafex.io\/de\/shop-2\"},{\"@type\":\"ListItem\",\"position\":3,\"name\":\"ACC akut 600 Brausetabletten\"}]},{\"@type\":\"WebSite\",\"@id\":\"https:\/\/loewentestneu.metafex.io\/de#website\",\"url\":\"https:\/\/loewentestneu.metafex.io\/de\",\"name\":\"Lions Pharmacy\",\"description\":\"Ihr Spezialist f\u00fcr Naturheilkunde aus Baden-Baden, Germany\",\"publisher\":{\"@id\":\"https:\/\/loewentestneu.metafex.io\/de#organization\"},\"alternateName\":\"Lion Pharmacy\",\"potentialAction\":[{\"@type\":\"SearchAction\",\"target\":{\"@type\":\"EntryPoint\",\"urlTemplate\":\"https:\/\/loewentestneu.metafex.io\/de?s={search_term_string}\"},\"query-input\":{\"@type\":\"PropertyValueSpecification\",\"valueRequired\":true,\"valueName\":\"search_term_string\"}}],\"inLanguage\":\"de\"},{\"@type\":\"Organization\",\"@id\":\"https:\/\/loewentestneu.metafex.io\/de#organization\",\"name\":\"Lions Pharmacy\",\"alternateName\":\"Lions Pharmacy24\",\"url\":\"https:\/\/loewentestneu.metafex.io\/de\",\"logo\":{\"@type\":\"ImageObject\",\"inLanguage\":\"de\",\"@id\":\"https:\/\/loewentestneu.metafex.io\/de#\/schema\/logo\/image\/\",\"url\":\"https:\/\/loewentestneu.metafex.io\/wp-content\/uploads\/2022\/12\/Logo-Lion-Pharmacy-c-o-Loewen-Apotheke-smal.jpg\",\"contentUrl\":\"https:\/\/loewentestneu.metafex.io\/wp-content\/uploads\/2022\/12\/Logo-Lion-Pharmacy-c-o-Loewen-Apotheke-smal.jpg\",\"width\":298,\"height\":99,\"caption\":\"Lions Pharmacy\"},\"image\":{\"@id\":\"https:\/\/loewentestneu.metafex.io\/de#\/schema\/logo\/image\/\"}}]}<\/script>\n<!-- \/ Yoast SEO plugin. -->","yoast_head_json":{"title":"ACC akut 600 Brausetabletten &#187; Hier bestellen","description":"ACC akut 600 Brausetabletten zur Behandlung von Schleimhusten - Bronchien. Geliefert von Ihrer deutschen Online-Apotheke. Schneller Versand. Top Service.","robots":{"index":"noindex","follow":"follow","max-snippet":"max-snippet:-1","max-image-preview":"max-image-preview:large","max-video-preview":"max-video-preview:-1"},"og_locale":"de_DE","og_type":"article","og_title":"ACC akut 600 Brausetabletten &#187; Hier bestellen","og_description":"ACC akut 600 Brausetabletten zur Behandlung von Schleimhusten - Bronchien. Geliefert von Ihrer deutschen Online-Apotheke. Schneller Versand. Top Service.","og_url":"https:\/\/loewentestneu.metafex.io\/de\/produkt\/bepanthen-augen-und-nasensalbe-10-g-copy","og_site_name":"L\u00f6wen Apotheke","article_modified_time":"2024-10-11T14:07:03+00:00","og_image":[{"width":600,"height":600,"url":"https:\/\/loewentestneu.metafex.io\/wp-content\/uploads\/2024\/10\/ACC-Akut-Hexal.webp","type":"image\/webp"}],"twitter_card":"summary_large_image","twitter_misc":{"Gesch\u00e4tzte Lesezeit":"1\u00a0Minute"},"schema":{"@context":"https:\/\/schema.org","@graph":[{"@type":"WebPage","@id":"https:\/\/loewentestneu.metafex.io\/de\/produkt\/bepanthen-augen-und-nasensalbe-10-g-copy","url":"https:\/\/loewentestneu.metafex.io\/de\/produkt\/bepanthen-augen-und-nasensalbe-10-g-copy","name":"ACC akut 600 Brausetabletten &#187; Hier bestellen","isPartOf":{"@id":"https:\/\/loewentestneu.metafex.io\/de#website"},"primaryImageOfPage":{"@id":"https:\/\/loewentestneu.metafex.io\/de\/produkt\/bepanthen-augen-und-nasensalbe-10-g-copy#primaryimage"},"image":{"@id":"https:\/\/loewentestneu.metafex.io\/de\/produkt\/bepanthen-augen-und-nasensalbe-10-g-copy#primaryimage"},"thumbnailUrl":"https:\/\/loewentestneu.metafex.io\/wp-content\/uploads\/2024\/10\/ACC-Akut-Hexal.webp","datePublished":"2024-10-08T13:40:32+00:00","dateModified":"2024-10-11T14:07:03+00:00","description":"ACC akut 600 Brausetabletten zur Behandlung von Schleimhusten - Bronchien. Geliefert von Ihrer deutschen Online-Apotheke. Schneller Versand. Top Service.","breadcrumb":{"@id":"https:\/\/loewentestneu.metafex.io\/de\/produkt\/bepanthen-augen-und-nasensalbe-10-g-copy#breadcrumb"},"inLanguage":"de","potentialAction":[{"@type":"ReadAction","target":["https:\/\/loewentestneu.metafex.io\/de\/produkt\/bepanthen-augen-und-nasensalbe-10-g-copy"]}]},{"@type":"ImageObject","inLanguage":"de","@id":"https:\/\/loewentestneu.metafex.io\/de\/produkt\/bepanthen-augen-und-nasensalbe-10-g-copy#primaryimage","url":"https:\/\/loewentestneu.metafex.io\/wp-content\/uploads\/2024\/10\/ACC-Akut-Hexal.webp","contentUrl":"https:\/\/loewentestneu.metafex.io\/wp-content\/uploads\/2024\/10\/ACC-Akut-Hexal.webp","width":600,"height":600,"caption":"ACC Akut Brausetabletten 600 mg Lions Apotheke PZN 00520917"},{"@type":"BreadcrumbList","@id":"https:\/\/loewentestneu.metafex.io\/de\/produkt\/bepanthen-augen-und-nasensalbe-10-g-copy#breadcrumb","itemListElement":[{"@type":"ListItem","position":1,"name":"Home","item":"https:\/\/loewentestneu.metafex.io\/de\/homepage-lion-pharmacy"},{"@type":"ListItem","position":2,"name":"Shop","item":"https:\/\/loewentestneu.metafex.io\/de\/shop-2"},{"@type":"ListItem","position":3,"name":"ACC akut 600 Brausetabletten"}]},{"@type":"WebSite","@id":"https:\/\/loewentestneu.metafex.io\/de#website","url":"https:\/\/loewentestneu.metafex.io\/de","name":"Lions Pharmacy","description":"Ihr Spezialist f\u00fcr Naturheilkunde aus Baden-Baden, Germany","publisher":{"@id":"https:\/\/loewentestneu.metafex.io\/de#organization"},"alternateName":"Lion Pharmacy","potentialAction":[{"@type":"SearchAction","target":{"@type":"EntryPoint","urlTemplate":"https:\/\/loewentestneu.metafex.io\/de?s={search_term_string}"},"query-input":{"@type":"PropertyValueSpecification","valueRequired":true,"valueName":"search_term_string"}}],"inLanguage":"de"},{"@type":"Organization","@id":"https:\/\/loewentestneu.metafex.io\/de#organization","name":"Lions Pharmacy","alternateName":"Lions Pharmacy24","url":"https:\/\/loewentestneu.metafex.io\/de","logo":{"@type":"ImageObject","inLanguage":"de","@id":"https:\/\/loewentestneu.metafex.io\/de#\/schema\/logo\/image\/","url":"https:\/\/loewentestneu.metafex.io\/wp-content\/uploads\/2022\/12\/Logo-Lion-Pharmacy-c-o-Loewen-Apotheke-smal.jpg","contentUrl":"https:\/\/loewentestneu.metafex.io\/wp-content\/uploads\/2022\/12\/Logo-Lion-Pharmacy-c-o-Loewen-Apotheke-smal.jpg","width":298,"height":99,"caption":"Lions Pharmacy"},"image":{"@id":"https:\/\/loewentestneu.metafex.io\/de#\/schema\/logo\/image\/"}}]}},"_links":{"self":[{"href":"https:\/\/loewentestneu.metafex.io\/de\/wp-json\/wp\/v2\/product\/4950","targetHints":{"allow":["GET"]}}],"collection":[{"href":"https:\/\/loewentestneu.metafex.io\/de\/wp-json\/wp\/v2\/product"}],"about":[{"href":"https:\/\/loewentestneu.metafex.io\/de\/wp-json\/wp\/v2\/types\/product"}],"replies":[{"embeddable":true,"href":"https:\/\/loewentestneu.metafex.io\/de\/wp-json\/wp\/v2\/comments?post=4950"}],"wp:featuredmedia":[{"embeddable":true,"href":"https:\/\/loewentestneu.metafex.io\/de\/wp-json\/wp\/v2\/media\/4955"}],"wp:attachment":[{"href":"https:\/\/loewentestneu.metafex.io\/de\/wp-json\/wp\/v2\/media?parent=4950"}],"wp:term":[{"taxonomy":"product_brand","embeddable":true,"href":"https:\/\/loewentestneu.metafex.io\/de\/wp-json\/wp\/v2\/product_brand?post=4950"},{"taxonomy":"product_cat","embeddable":true,"href":"https:\/\/loewentestneu.metafex.io\/de\/wp-json\/wp\/v2\/product_cat?post=4950"},{"taxonomy":"product_tag","embeddable":true,"href":"https:\/\/loewentestneu.metafex.io\/de\/wp-json\/wp\/v2\/product_tag?post=4950"}],"curies":[{"name":"wp","href":"https:\/\/api.w.org\/{rel}","templated":true}]}}