{"id":5181,"date":"2024-10-15T15:49:59","date_gmt":"2024-10-15T14:49:59","guid":{"rendered":"https:\/\/lions-pharmacy.com\/?post_type=product&#038;p=5181"},"modified":"2025-01-17T07:59:34","modified_gmt":"2025-01-17T06:59:34","slug":"fenistil-gel-hautirrtiationen-1-mg-g","status":"publish","type":"product","link":"https:\/\/loewentestneu.metafex.io\/de\/produkt\/fenistil-gel-hautirrtiationen-1-mg-g","title":{"rendered":"Fenistil Gel Dimetindenmaleat 1 mg\/g"},"content":{"rendered":"<h3>Fenistil Gel &#8220;Dimetindenmaleat&#8221; 1 mg\/g<\/h3>\n<p>Fenistil Gel bietet schnelle Linderung bei verschiedenen Hautirritationen wie Insektenstichen, Sonnenbrand oder allergischen Reaktionen. Febistil lindert den Juckreiz und k\u00fchlt die betroffenen Stellen dank seines Wirkstoffs Dimetindenmaleat.<\/p>\n<p>Fenistil Gel ist f\u00fcr die ganze Familie geeignet. Wenn Sie gerne in der Natur unterwegs sind, kann es sein, dass Sie oft von M\u00fccken gestochen werden. Die Bisse k\u00f6nnen eine allergische Reaktion im K\u00f6rper ausl\u00f6sen und Histamin wird freigesetzt, was zu R\u00f6tungen und Schwellungen f\u00fchrt. Das in Fenistil enthaltene Antihistaminikum hilft, die Freisetzung von Histamin zu blockieren, so dass der K\u00f6rper weniger mit Schwellungen und R\u00f6tungen reagiert.<\/p>\n<p>Histamin kann auch freigesetzt werden, wenn Sie einen Sonnenbrand bekommen. Wenn die Haut zu lange in der Sonne war, oft ungesch\u00fctzt, bekommt sie einen Sonnenbrand. Dabei kann es sich um eine Verbrennung unterschiedlichen Ausma\u00dfes handeln. Auch hier hilft Fenistil Gel mit seiner k\u00fchlenden Wirkung, Schwellungen und R\u00f6tungen zu minimieren und gereizte Haut zu beruhigen.<\/p>\n<p>Fenistil Gel 30g f\u00fcr Erwachsene und Kinder ab 0 Jahren<\/p>\n<p>Auch im Winter kann es durch kalte und trockene Heizungsluft zu Hautirritationen kommen. Fenistil bietet daf\u00fcr auch eine Salbe an, FeniHydrocort 0,5%. Im Haus k\u00f6nnen Sie auch einen Luftbefeuchter aufstellen, um die trockene Luft zu minimieren. Wenn Sie auf der Piste unterwegs sind, hilft Ihnen Fenistil Gel auch gegen Sonnenbrand.<\/p>\n<p>&nbsp;<\/p>\n<p>Weitere Produkte f\u00fcr die Anwendung: <a href=\"https:\/\/loewentestneu.metafex.io\/product-tag\/weight-fitness\">Wellness &amp; Gesundheit<\/a> | <a href=\"https:\/\/loewentestneu.metafex.io\/product-tag\/vitamins-supplements\">Vitamine &amp; Nahrungserg\u00e4nzungsmittel Produkte<\/a><\/p>\n<p>Informationen auf dieser Website werden ausschlie\u00dflich f\u00fcr informative Zwecke zur Verf\u00fcgung gestellt. Sie ersetzen keinesfalls die Untersuchung und Behandlung durch einen Arzt. Bitte beachten Sie, dass hierdurch weder Diagnosen gestellt noch Therapien eingeleitet werden k\u00f6nnen.<\/p>\n<p>Zu Risiken und Nebenwirkungen lesen Sie die Packungsbeilage und fragen Sie Ihren Arzt oder Apotheker.<\/p>\n<p>&nbsp;<\/p>\n<h3 style=\"text-align: left;\">Verschreibung | E-Rezept erh\u00e4ltlich?<\/h3>\n<p>Reichen Sie jetzt Ihr E-Rezept ein. Nutzen Sie unsere <a href=\"https:\/\/e-rezept-app.de\/shop-rezept\" target=\"_blank\" rel=\"noopener\">E-Rezept-App<\/a> . Und wir schenken Ihnen die Versandkosten in Deutschland!<\/p>\n","protected":false},"excerpt":{"rendered":"<h2>Fenistil Gel &#8220;Dimetindenmaleat&#8221; 1 mg\/g<\/h2>\n<p>Schnelle Linderung bei verschiedenen Hautirritationen wie Insektenstichen, Sonnenbrand oder allergischen Reaktionen.<\/p>\n<p>&nbsp;<\/p>\n<div class=\"rating__wrap\">\n<p><strong>PZN:<\/strong> 12550409<\/p>\n<p><strong>Darreichungsform<\/strong>: Gel &#8211; 30 g<\/p>\n<p><strong>Art der Verordnung:<\/strong> Kein Rezept<\/p>\n<p><strong>Marke<\/strong>: Fenistil<\/p>\n<p><strong>Hersteller: <\/strong>Haleon Germany GmbH<\/p>\n<\/div>\n","protected":false},"featured_media":5186,"comment_status":"closed","ping_status":"closed","template":"","meta":[],"product_brand":[],"product_cat":[367,368],"product_tag":[391,434,432],"class_list":{"0":"post-5181","1":"product","2":"type-product","3":"status-publish","4":"has-post-thumbnail","6":"product_cat-sale-de","7":"product_cat-shop-de","8":"product_tag-asthma-allergien","9":"product_tag-gewicht-und-fitness","10":"product_tag-wellness-de","11":"ts_product_brand-alle","13":"first","14":"instock","15":"taxable","16":"shipping-taxable","17":"purchasable","18":"product-type-simple"},"yoast_head":"<!-- This site is optimized with the Yoast SEO plugin v26.5 - https:\/\/yoast.com\/wordpress\/plugins\/seo\/ -->\n<title>Fenistil Gel Dimetindenmaleat 1 mg\/g &#187; hier bestellen<\/title>\n<meta name=\"description\" content=\"Fenistil Gel Dimetindenmaleat 1 mg\/g f\u00fcr Hautirritationen. Geliefert von Ihrer deutschen Online-Apotheke. Schneller Versand. Top Service.\" \/>\n<meta name=\"robots\" content=\"noindex, follow, max-snippet:-1, max-image-preview:large, max-video-preview:-1\" \/>\n<meta property=\"og:locale\" content=\"de_DE\" \/>\n<meta property=\"og:type\" content=\"article\" \/>\n<meta property=\"og:title\" content=\"Fenistil Gel Dimetindenmaleat 1 mg\/g &#187; hier bestellen\" \/>\n<meta property=\"og:description\" content=\"Fenistil Gel Dimetindenmaleat 1 mg\/g f\u00fcr Hautirritationen. Geliefert von Ihrer deutschen Online-Apotheke. Schneller Versand. Top Service.\" \/>\n<meta property=\"og:url\" content=\"https:\/\/loewentestneu.metafex.io\/de\/produkt\/fenistil-gel-hautirrtiationen-1-mg-g\" \/>\n<meta property=\"og:site_name\" content=\"L\u00f6wen Apotheke\" \/>\n<meta property=\"article:modified_time\" content=\"2025-01-17T06:59:34+00:00\" \/>\n<meta property=\"og:image\" content=\"https:\/\/loewentestneu.metafex.io\/wp-content\/uploads\/2024\/10\/D12550409-p1.webp\" \/>\n\t<meta property=\"og:image:width\" content=\"400\" \/>\n\t<meta property=\"og:image:height\" content=\"400\" \/>\n\t<meta property=\"og:image:type\" content=\"image\/webp\" \/>\n<meta name=\"twitter:card\" content=\"summary_large_image\" \/>\n<meta name=\"twitter:label1\" content=\"Gesch\u00e4tzte Lesezeit\" \/>\n\t<meta name=\"twitter:data1\" content=\"2\u00a0Minuten\" \/>\n<script type=\"application\/ld+json\" class=\"yoast-schema-graph\">{\"@context\":\"https:\/\/schema.org\",\"@graph\":[{\"@type\":\"WebPage\",\"@id\":\"https:\/\/loewentestneu.metafex.io\/de\/produkt\/fenistil-gel-hautirrtiationen-1-mg-g\",\"url\":\"https:\/\/loewentestneu.metafex.io\/de\/produkt\/fenistil-gel-hautirrtiationen-1-mg-g\",\"name\":\"Fenistil Gel Dimetindenmaleat 1 mg\/g &#187; hier bestellen\",\"isPartOf\":{\"@id\":\"https:\/\/loewentestneu.metafex.io\/de#website\"},\"primaryImageOfPage\":{\"@id\":\"https:\/\/loewentestneu.metafex.io\/de\/produkt\/fenistil-gel-hautirrtiationen-1-mg-g#primaryimage\"},\"image\":{\"@id\":\"https:\/\/loewentestneu.metafex.io\/de\/produkt\/fenistil-gel-hautirrtiationen-1-mg-g#primaryimage\"},\"thumbnailUrl\":\"https:\/\/loewentestneu.metafex.io\/wp-content\/uploads\/2024\/10\/D12550409-p1.webp\",\"datePublished\":\"2024-10-15T14:49:59+00:00\",\"dateModified\":\"2025-01-17T06:59:34+00:00\",\"description\":\"Fenistil Gel Dimetindenmaleat 1 mg\/g f\u00fcr Hautirritationen. Geliefert von Ihrer deutschen Online-Apotheke. Schneller Versand. Top Service.\",\"breadcrumb\":{\"@id\":\"https:\/\/loewentestneu.metafex.io\/de\/produkt\/fenistil-gel-hautirrtiationen-1-mg-g#breadcrumb\"},\"inLanguage\":\"de\",\"potentialAction\":[{\"@type\":\"ReadAction\",\"target\":[\"https:\/\/loewentestneu.metafex.io\/de\/produkt\/fenistil-gel-hautirrtiationen-1-mg-g\"]}]},{\"@type\":\"ImageObject\",\"inLanguage\":\"de\",\"@id\":\"https:\/\/loewentestneu.metafex.io\/de\/produkt\/fenistil-gel-hautirrtiationen-1-mg-g#primaryimage\",\"url\":\"https:\/\/loewentestneu.metafex.io\/wp-content\/uploads\/2024\/10\/D12550409-p1.webp\",\"contentUrl\":\"https:\/\/loewentestneu.metafex.io\/wp-content\/uploads\/2024\/10\/D12550409-p1.webp\",\"width\":400,\"height\":400,\"caption\":\"Fenistil Gel 30mg PZN 12550409 L\u00f6wen Apotheke\"},{\"@type\":\"BreadcrumbList\",\"@id\":\"https:\/\/loewentestneu.metafex.io\/de\/produkt\/fenistil-gel-hautirrtiationen-1-mg-g#breadcrumb\",\"itemListElement\":[{\"@type\":\"ListItem\",\"position\":1,\"name\":\"Home\",\"item\":\"https:\/\/loewentestneu.metafex.io\/de\/homepage-lion-pharmacy\"},{\"@type\":\"ListItem\",\"position\":2,\"name\":\"Shop\",\"item\":\"https:\/\/loewentestneu.metafex.io\/de\/shop-2\"},{\"@type\":\"ListItem\",\"position\":3,\"name\":\"Fenistil Gel Dimetindenmaleat 1 mg\/g\"}]},{\"@type\":\"WebSite\",\"@id\":\"https:\/\/loewentestneu.metafex.io\/de#website\",\"url\":\"https:\/\/loewentestneu.metafex.io\/de\",\"name\":\"Lions Pharmacy\",\"description\":\"Ihr Spezialist f\u00fcr Naturheilkunde aus Baden-Baden, Germany\",\"publisher\":{\"@id\":\"https:\/\/loewentestneu.metafex.io\/de#organization\"},\"alternateName\":\"Lion Pharmacy\",\"potentialAction\":[{\"@type\":\"SearchAction\",\"target\":{\"@type\":\"EntryPoint\",\"urlTemplate\":\"https:\/\/loewentestneu.metafex.io\/de?s={search_term_string}\"},\"query-input\":{\"@type\":\"PropertyValueSpecification\",\"valueRequired\":true,\"valueName\":\"search_term_string\"}}],\"inLanguage\":\"de\"},{\"@type\":\"Organization\",\"@id\":\"https:\/\/loewentestneu.metafex.io\/de#organization\",\"name\":\"Lions Pharmacy\",\"alternateName\":\"Lions Pharmacy24\",\"url\":\"https:\/\/loewentestneu.metafex.io\/de\",\"logo\":{\"@type\":\"ImageObject\",\"inLanguage\":\"de\",\"@id\":\"https:\/\/loewentestneu.metafex.io\/de#\/schema\/logo\/image\/\",\"url\":\"https:\/\/loewentestneu.metafex.io\/wp-content\/uploads\/2022\/12\/Logo-Lion-Pharmacy-c-o-Loewen-Apotheke-smal.jpg\",\"contentUrl\":\"https:\/\/loewentestneu.metafex.io\/wp-content\/uploads\/2022\/12\/Logo-Lion-Pharmacy-c-o-Loewen-Apotheke-smal.jpg\",\"width\":298,\"height\":99,\"caption\":\"Lions Pharmacy\"},\"image\":{\"@id\":\"https:\/\/loewentestneu.metafex.io\/de#\/schema\/logo\/image\/\"}}]}<\/script>\n<!-- \/ Yoast SEO plugin. -->","yoast_head_json":{"title":"Fenistil Gel Dimetindenmaleat 1 mg\/g &#187; hier bestellen","description":"Fenistil Gel Dimetindenmaleat 1 mg\/g f\u00fcr Hautirritationen. Geliefert von Ihrer deutschen Online-Apotheke. Schneller Versand. Top Service.","robots":{"index":"noindex","follow":"follow","max-snippet":"max-snippet:-1","max-image-preview":"max-image-preview:large","max-video-preview":"max-video-preview:-1"},"og_locale":"de_DE","og_type":"article","og_title":"Fenistil Gel Dimetindenmaleat 1 mg\/g &#187; hier bestellen","og_description":"Fenistil Gel Dimetindenmaleat 1 mg\/g f\u00fcr Hautirritationen. Geliefert von Ihrer deutschen Online-Apotheke. Schneller Versand. Top Service.","og_url":"https:\/\/loewentestneu.metafex.io\/de\/produkt\/fenistil-gel-hautirrtiationen-1-mg-g","og_site_name":"L\u00f6wen Apotheke","article_modified_time":"2025-01-17T06:59:34+00:00","og_image":[{"width":400,"height":400,"url":"https:\/\/loewentestneu.metafex.io\/wp-content\/uploads\/2024\/10\/D12550409-p1.webp","type":"image\/webp"}],"twitter_card":"summary_large_image","twitter_misc":{"Gesch\u00e4tzte Lesezeit":"2\u00a0Minuten"},"schema":{"@context":"https:\/\/schema.org","@graph":[{"@type":"WebPage","@id":"https:\/\/loewentestneu.metafex.io\/de\/produkt\/fenistil-gel-hautirrtiationen-1-mg-g","url":"https:\/\/loewentestneu.metafex.io\/de\/produkt\/fenistil-gel-hautirrtiationen-1-mg-g","name":"Fenistil Gel Dimetindenmaleat 1 mg\/g &#187; hier bestellen","isPartOf":{"@id":"https:\/\/loewentestneu.metafex.io\/de#website"},"primaryImageOfPage":{"@id":"https:\/\/loewentestneu.metafex.io\/de\/produkt\/fenistil-gel-hautirrtiationen-1-mg-g#primaryimage"},"image":{"@id":"https:\/\/loewentestneu.metafex.io\/de\/produkt\/fenistil-gel-hautirrtiationen-1-mg-g#primaryimage"},"thumbnailUrl":"https:\/\/loewentestneu.metafex.io\/wp-content\/uploads\/2024\/10\/D12550409-p1.webp","datePublished":"2024-10-15T14:49:59+00:00","dateModified":"2025-01-17T06:59:34+00:00","description":"Fenistil Gel Dimetindenmaleat 1 mg\/g f\u00fcr Hautirritationen. Geliefert von Ihrer deutschen Online-Apotheke. Schneller Versand. Top Service.","breadcrumb":{"@id":"https:\/\/loewentestneu.metafex.io\/de\/produkt\/fenistil-gel-hautirrtiationen-1-mg-g#breadcrumb"},"inLanguage":"de","potentialAction":[{"@type":"ReadAction","target":["https:\/\/loewentestneu.metafex.io\/de\/produkt\/fenistil-gel-hautirrtiationen-1-mg-g"]}]},{"@type":"ImageObject","inLanguage":"de","@id":"https:\/\/loewentestneu.metafex.io\/de\/produkt\/fenistil-gel-hautirrtiationen-1-mg-g#primaryimage","url":"https:\/\/loewentestneu.metafex.io\/wp-content\/uploads\/2024\/10\/D12550409-p1.webp","contentUrl":"https:\/\/loewentestneu.metafex.io\/wp-content\/uploads\/2024\/10\/D12550409-p1.webp","width":400,"height":400,"caption":"Fenistil Gel 30mg PZN 12550409 L\u00f6wen Apotheke"},{"@type":"BreadcrumbList","@id":"https:\/\/loewentestneu.metafex.io\/de\/produkt\/fenistil-gel-hautirrtiationen-1-mg-g#breadcrumb","itemListElement":[{"@type":"ListItem","position":1,"name":"Home","item":"https:\/\/loewentestneu.metafex.io\/de\/homepage-lion-pharmacy"},{"@type":"ListItem","position":2,"name":"Shop","item":"https:\/\/loewentestneu.metafex.io\/de\/shop-2"},{"@type":"ListItem","position":3,"name":"Fenistil Gel Dimetindenmaleat 1 mg\/g"}]},{"@type":"WebSite","@id":"https:\/\/loewentestneu.metafex.io\/de#website","url":"https:\/\/loewentestneu.metafex.io\/de","name":"Lions Pharmacy","description":"Ihr Spezialist f\u00fcr Naturheilkunde aus Baden-Baden, Germany","publisher":{"@id":"https:\/\/loewentestneu.metafex.io\/de#organization"},"alternateName":"Lion Pharmacy","potentialAction":[{"@type":"SearchAction","target":{"@type":"EntryPoint","urlTemplate":"https:\/\/loewentestneu.metafex.io\/de?s={search_term_string}"},"query-input":{"@type":"PropertyValueSpecification","valueRequired":true,"valueName":"search_term_string"}}],"inLanguage":"de"},{"@type":"Organization","@id":"https:\/\/loewentestneu.metafex.io\/de#organization","name":"Lions Pharmacy","alternateName":"Lions Pharmacy24","url":"https:\/\/loewentestneu.metafex.io\/de","logo":{"@type":"ImageObject","inLanguage":"de","@id":"https:\/\/loewentestneu.metafex.io\/de#\/schema\/logo\/image\/","url":"https:\/\/loewentestneu.metafex.io\/wp-content\/uploads\/2022\/12\/Logo-Lion-Pharmacy-c-o-Loewen-Apotheke-smal.jpg","contentUrl":"https:\/\/loewentestneu.metafex.io\/wp-content\/uploads\/2022\/12\/Logo-Lion-Pharmacy-c-o-Loewen-Apotheke-smal.jpg","width":298,"height":99,"caption":"Lions Pharmacy"},"image":{"@id":"https:\/\/loewentestneu.metafex.io\/de#\/schema\/logo\/image\/"}}]}},"_links":{"self":[{"href":"https:\/\/loewentestneu.metafex.io\/de\/wp-json\/wp\/v2\/product\/5181","targetHints":{"allow":["GET"]}}],"collection":[{"href":"https:\/\/loewentestneu.metafex.io\/de\/wp-json\/wp\/v2\/product"}],"about":[{"href":"https:\/\/loewentestneu.metafex.io\/de\/wp-json\/wp\/v2\/types\/product"}],"replies":[{"embeddable":true,"href":"https:\/\/loewentestneu.metafex.io\/de\/wp-json\/wp\/v2\/comments?post=5181"}],"wp:featuredmedia":[{"embeddable":true,"href":"https:\/\/loewentestneu.metafex.io\/de\/wp-json\/wp\/v2\/media\/5186"}],"wp:attachment":[{"href":"https:\/\/loewentestneu.metafex.io\/de\/wp-json\/wp\/v2\/media?parent=5181"}],"wp:term":[{"taxonomy":"product_brand","embeddable":true,"href":"https:\/\/loewentestneu.metafex.io\/de\/wp-json\/wp\/v2\/product_brand?post=5181"},{"taxonomy":"product_cat","embeddable":true,"href":"https:\/\/loewentestneu.metafex.io\/de\/wp-json\/wp\/v2\/product_cat?post=5181"},{"taxonomy":"product_tag","embeddable":true,"href":"https:\/\/loewentestneu.metafex.io\/de\/wp-json\/wp\/v2\/product_tag?post=5181"}],"curies":[{"name":"wp","href":"https:\/\/api.w.org\/{rel}","templated":true}]}}