{"id":6210,"date":"2024-11-10T06:45:05","date_gmt":"2024-11-10T05:45:05","guid":{"rendered":"https:\/\/lions-pharmacy.com\/?post_type=product&#038;p=6210"},"modified":"2025-01-23T22:45:57","modified_gmt":"2025-01-23T21:45:57","slug":"wobenzym-tablets-200-pcs-13751848","status":"publish","type":"product","link":"https:\/\/loewentestneu.metafex.io\/de\/produkt\/wobenzym-tablets-200-pcs-13751848","title":{"rendered":"WOBENZYM Tabletten 200 Stk."},"content":{"rendered":"<h3>WOBENZYM Tabletten magensaftresistente Tabletten<\/h3>\n<p>Wobenzym Tabletten 200 St\u00fcck bei Gelenk- und Muskelbeschwerden aufgrund von Verletzungen oder Arthrose. Die spezielle Kombination von Enzymen im Wobenzym bei Beschwerden, deren Ursache auf einen entz\u00fcndlichen Prozess zur\u00fcckzuf\u00fchren ist. Im Gegensatz zu herk\u00f6mmlichen antirheumatischen und entz\u00fcndungshemmenden Mitteln beschleunigt Wobenzym den Selbstheilungsprozess des K\u00f6rpers, anstatt nur Entz\u00fcndungen zu unterdr\u00fccken.<\/p>\n<p>Zur Unterst\u00fctzung des Immunsystems.<\/p>\n<p>Die besondere Enzymkraft des Medikaments geht auf die Entz\u00fcndung als Ursache der Schmerzen ein und f\u00f6rdert die Heilung auf nat\u00fcrliche Weise. Es hilft Ihnen, aktiv zu sein und das Leben auf nat\u00fcrliche Weise zu genie\u00dfen. Nahrungserg\u00e4nzungsmittel sind kein Ersatz f\u00fcr eine abwechslungsreiche und ausgewogene Ern\u00e4hrung oder eine gesunde Lebensweise. \u00dcberschreiten Sie nicht die empfohlene Tagesdosis.<\/p>\n<p>Weitere Produktdetails finden Sie beim Hersteller: <a href=\"https:\/\/www.wobenzym.de\/\" target=\"_blank\" rel=\"noopener\">Wobenzym &#8211; MUCOS Pharma GmbH &amp; Co KG<\/a><\/p>\n<p>Packungsbeilage\/Gebrauchsanweisung\/Artikeldatenblatt: &#8211; (PDF-Reader)<\/p>\n<p>Weitere Produkte f\u00fcr die Anwendung: Reiseapotheke | <a href=\"https:\/\/loewentestneu.metafex.io\/product-tag\/cold-flu\">Infektionen<\/a><\/p>\n<p>Informationen auf dieser Website werden ausschlie\u00dflich f\u00fcr informative Zwecke zur Verf\u00fcgung gestellt. Sie ersetzen keinesfalls die Untersuchung und Behandlung durch einen Arzt. Bitte beachten Sie, dass hierdurch weder Diagnosen gestellt noch Therapien eingeleitet werden k\u00f6nnen.<\/p>\n<p>Zu Risiken und Nebenwirkungen lesen Sie die Packungsbeilage und fragen Sie Ihren Arzt oder Apotheker.<\/p>\n","protected":false},"excerpt":{"rendered":"<h2>WOBENZYM Tabletten 200 Stk.<\/h2>\n<p>WOBENZYM magensaftresistente Tabletten zur unterst\u00fctzenden Behandlung von Erwachsenen mit Schwellungen, Entz\u00fcndungen oder Schmerzen. Zur Unterst\u00fctzung des Immunsystems.<\/p>\n<p>&nbsp;<\/p>\n<p>PZN: 13751848 (Apothekenzentrale)<\/p>\n<p>Darreichungsform: Tabletten<\/p>\n<p>Verordnungsart: Rezeptfrei<\/p>\n<p>Marke: Wobenzym<\/p>\n<p>Hersteller: MUCOS Pharma GmbH &amp; Co KG<\/p>\n<p>Packungsgr\u00f6\u00dfe: 200 Stk.<\/p>\n","protected":false},"featured_media":6213,"comment_status":"closed","ping_status":"closed","template":"","meta":[],"product_brand":[],"product_cat":[367,368],"product_tag":[379,428,429],"class_list":{"0":"post-6210","1":"product","2":"type-product","3":"status-publish","4":"has-post-thumbnail","6":"product_cat-sale-de","7":"product_cat-shop-de","8":"product_tag-monatlicher-sale-de","9":"product_tag-virusinfektion","10":"product_tag-vitamine-und-nahrungserganzungsmittel","11":"ts_product_brand-alle","13":"first","14":"outofstock","15":"sale","16":"taxable","17":"shipping-taxable","18":"purchasable","19":"product-type-simple"},"yoast_head":"<!-- This site is optimized with the Yoast SEO plugin v26.5 - https:\/\/yoast.com\/wordpress\/plugins\/seo\/ -->\n<title>WOBENZYM Tabletten 200 Stk. &#187; L\u00f6wen Apotheke &#187;<\/title>\n<meta name=\"description\" content=\"L\u00f6wen Apotheke ist eine registrierte deutsche Apotheke. Wir bieten: schnellen internationalen Versand und sicheres Online-Shopping. WOBENZYM Tabletten 200 Stk.\" \/>\n<meta name=\"robots\" content=\"noindex, follow, max-snippet:-1, max-image-preview:large, max-video-preview:-1\" \/>\n<meta property=\"og:locale\" content=\"de_DE\" \/>\n<meta property=\"og:type\" content=\"article\" \/>\n<meta property=\"og:title\" content=\"WOBENZYM Tabletten 200 Stk. &#187; L\u00f6wen Apotheke &#187;\" \/>\n<meta property=\"og:description\" content=\"L\u00f6wen Apotheke ist eine registrierte deutsche Apotheke. Wir bieten: schnellen internationalen Versand und sicheres Online-Shopping. WOBENZYM Tabletten 200 Stk.\" \/>\n<meta property=\"og:url\" content=\"https:\/\/loewentestneu.metafex.io\/de\/produkt\/wobenzym-tablets-200-pcs-13751848\" \/>\n<meta property=\"og:site_name\" content=\"L\u00f6wen Apotheke\" \/>\n<meta property=\"article:modified_time\" content=\"2025-01-23T21:45:57+00:00\" \/>\n<meta property=\"og:image\" content=\"https:\/\/loewentestneu.metafex.io\/wp-content\/uploads\/2024\/11\/WOBENZYM-Tablets-200-pcs-13751854-Lions-Pharmacy.webp\" \/>\n\t<meta property=\"og:image:width\" content=\"600\" \/>\n\t<meta property=\"og:image:height\" content=\"600\" \/>\n\t<meta property=\"og:image:type\" content=\"image\/webp\" \/>\n<meta name=\"twitter:card\" content=\"summary_large_image\" \/>\n<meta name=\"twitter:label1\" content=\"Gesch\u00e4tzte Lesezeit\" \/>\n\t<meta name=\"twitter:data1\" content=\"1\u00a0Minute\" \/>\n<script type=\"application\/ld+json\" class=\"yoast-schema-graph\">{\"@context\":\"https:\/\/schema.org\",\"@graph\":[{\"@type\":\"WebPage\",\"@id\":\"https:\/\/loewentestneu.metafex.io\/de\/produkt\/wobenzym-tablets-200-pcs-13751848\",\"url\":\"https:\/\/loewentestneu.metafex.io\/de\/produkt\/wobenzym-tablets-200-pcs-13751848\",\"name\":\"WOBENZYM Tabletten 200 Stk. &#187; L\u00f6wen Apotheke &#187;\",\"isPartOf\":{\"@id\":\"https:\/\/loewentestneu.metafex.io\/de#website\"},\"primaryImageOfPage\":{\"@id\":\"https:\/\/loewentestneu.metafex.io\/de\/produkt\/wobenzym-tablets-200-pcs-13751848#primaryimage\"},\"image\":{\"@id\":\"https:\/\/loewentestneu.metafex.io\/de\/produkt\/wobenzym-tablets-200-pcs-13751848#primaryimage\"},\"thumbnailUrl\":\"https:\/\/loewentestneu.metafex.io\/wp-content\/uploads\/2024\/11\/WOBENZYM-Tablets-200-pcs-13751854-Lions-Pharmacy.webp\",\"datePublished\":\"2024-11-10T05:45:05+00:00\",\"dateModified\":\"2025-01-23T21:45:57+00:00\",\"description\":\"L\u00f6wen Apotheke ist eine registrierte deutsche Apotheke. Wir bieten: schnellen internationalen Versand und sicheres Online-Shopping. WOBENZYM Tabletten 200 Stk.\",\"breadcrumb\":{\"@id\":\"https:\/\/loewentestneu.metafex.io\/de\/produkt\/wobenzym-tablets-200-pcs-13751848#breadcrumb\"},\"inLanguage\":\"de\",\"potentialAction\":[{\"@type\":\"ReadAction\",\"target\":[\"https:\/\/loewentestneu.metafex.io\/de\/produkt\/wobenzym-tablets-200-pcs-13751848\"]}]},{\"@type\":\"ImageObject\",\"inLanguage\":\"de\",\"@id\":\"https:\/\/loewentestneu.metafex.io\/de\/produkt\/wobenzym-tablets-200-pcs-13751848#primaryimage\",\"url\":\"https:\/\/loewentestneu.metafex.io\/wp-content\/uploads\/2024\/11\/WOBENZYM-Tablets-200-pcs-13751854-Lions-Pharmacy.webp\",\"contentUrl\":\"https:\/\/loewentestneu.metafex.io\/wp-content\/uploads\/2024\/11\/WOBENZYM-Tablets-200-pcs-13751854-Lions-Pharmacy.webp\",\"width\":600,\"height\":600,\"caption\":\"WOBENZYM Tabletten 200 St\u00fcck 13751854 Lions Apotheke\"},{\"@type\":\"BreadcrumbList\",\"@id\":\"https:\/\/loewentestneu.metafex.io\/de\/produkt\/wobenzym-tablets-200-pcs-13751848#breadcrumb\",\"itemListElement\":[{\"@type\":\"ListItem\",\"position\":1,\"name\":\"Home\",\"item\":\"https:\/\/loewentestneu.metafex.io\/de\/homepage-lion-pharmacy\"},{\"@type\":\"ListItem\",\"position\":2,\"name\":\"Shop\",\"item\":\"https:\/\/loewentestneu.metafex.io\/de\/shop-2\"},{\"@type\":\"ListItem\",\"position\":3,\"name\":\"WOBENZYM Tabletten 200 Stk.\"}]},{\"@type\":\"WebSite\",\"@id\":\"https:\/\/loewentestneu.metafex.io\/de#website\",\"url\":\"https:\/\/loewentestneu.metafex.io\/de\",\"name\":\"Lions Pharmacy\",\"description\":\"Ihr Spezialist f\u00fcr Naturheilkunde aus Baden-Baden, Germany\",\"publisher\":{\"@id\":\"https:\/\/loewentestneu.metafex.io\/de#organization\"},\"alternateName\":\"Lion Pharmacy\",\"potentialAction\":[{\"@type\":\"SearchAction\",\"target\":{\"@type\":\"EntryPoint\",\"urlTemplate\":\"https:\/\/loewentestneu.metafex.io\/de?s={search_term_string}\"},\"query-input\":{\"@type\":\"PropertyValueSpecification\",\"valueRequired\":true,\"valueName\":\"search_term_string\"}}],\"inLanguage\":\"de\"},{\"@type\":\"Organization\",\"@id\":\"https:\/\/loewentestneu.metafex.io\/de#organization\",\"name\":\"Lions Pharmacy\",\"alternateName\":\"Lions Pharmacy24\",\"url\":\"https:\/\/loewentestneu.metafex.io\/de\",\"logo\":{\"@type\":\"ImageObject\",\"inLanguage\":\"de\",\"@id\":\"https:\/\/loewentestneu.metafex.io\/de#\/schema\/logo\/image\/\",\"url\":\"https:\/\/loewentestneu.metafex.io\/wp-content\/uploads\/2022\/12\/Logo-Lion-Pharmacy-c-o-Loewen-Apotheke-smal.jpg\",\"contentUrl\":\"https:\/\/loewentestneu.metafex.io\/wp-content\/uploads\/2022\/12\/Logo-Lion-Pharmacy-c-o-Loewen-Apotheke-smal.jpg\",\"width\":298,\"height\":99,\"caption\":\"Lions Pharmacy\"},\"image\":{\"@id\":\"https:\/\/loewentestneu.metafex.io\/de#\/schema\/logo\/image\/\"}}]}<\/script>\n<!-- \/ Yoast SEO plugin. -->","yoast_head_json":{"title":"WOBENZYM Tabletten 200 Stk. &#187; L\u00f6wen Apotheke &#187;","description":"L\u00f6wen Apotheke ist eine registrierte deutsche Apotheke. Wir bieten: schnellen internationalen Versand und sicheres Online-Shopping. WOBENZYM Tabletten 200 Stk.","robots":{"index":"noindex","follow":"follow","max-snippet":"max-snippet:-1","max-image-preview":"max-image-preview:large","max-video-preview":"max-video-preview:-1"},"og_locale":"de_DE","og_type":"article","og_title":"WOBENZYM Tabletten 200 Stk. &#187; L\u00f6wen Apotheke &#187;","og_description":"L\u00f6wen Apotheke ist eine registrierte deutsche Apotheke. Wir bieten: schnellen internationalen Versand und sicheres Online-Shopping. WOBENZYM Tabletten 200 Stk.","og_url":"https:\/\/loewentestneu.metafex.io\/de\/produkt\/wobenzym-tablets-200-pcs-13751848","og_site_name":"L\u00f6wen Apotheke","article_modified_time":"2025-01-23T21:45:57+00:00","og_image":[{"width":600,"height":600,"url":"https:\/\/loewentestneu.metafex.io\/wp-content\/uploads\/2024\/11\/WOBENZYM-Tablets-200-pcs-13751854-Lions-Pharmacy.webp","type":"image\/webp"}],"twitter_card":"summary_large_image","twitter_misc":{"Gesch\u00e4tzte Lesezeit":"1\u00a0Minute"},"schema":{"@context":"https:\/\/schema.org","@graph":[{"@type":"WebPage","@id":"https:\/\/loewentestneu.metafex.io\/de\/produkt\/wobenzym-tablets-200-pcs-13751848","url":"https:\/\/loewentestneu.metafex.io\/de\/produkt\/wobenzym-tablets-200-pcs-13751848","name":"WOBENZYM Tabletten 200 Stk. &#187; L\u00f6wen Apotheke &#187;","isPartOf":{"@id":"https:\/\/loewentestneu.metafex.io\/de#website"},"primaryImageOfPage":{"@id":"https:\/\/loewentestneu.metafex.io\/de\/produkt\/wobenzym-tablets-200-pcs-13751848#primaryimage"},"image":{"@id":"https:\/\/loewentestneu.metafex.io\/de\/produkt\/wobenzym-tablets-200-pcs-13751848#primaryimage"},"thumbnailUrl":"https:\/\/loewentestneu.metafex.io\/wp-content\/uploads\/2024\/11\/WOBENZYM-Tablets-200-pcs-13751854-Lions-Pharmacy.webp","datePublished":"2024-11-10T05:45:05+00:00","dateModified":"2025-01-23T21:45:57+00:00","description":"L\u00f6wen Apotheke ist eine registrierte deutsche Apotheke. Wir bieten: schnellen internationalen Versand und sicheres Online-Shopping. WOBENZYM Tabletten 200 Stk.","breadcrumb":{"@id":"https:\/\/loewentestneu.metafex.io\/de\/produkt\/wobenzym-tablets-200-pcs-13751848#breadcrumb"},"inLanguage":"de","potentialAction":[{"@type":"ReadAction","target":["https:\/\/loewentestneu.metafex.io\/de\/produkt\/wobenzym-tablets-200-pcs-13751848"]}]},{"@type":"ImageObject","inLanguage":"de","@id":"https:\/\/loewentestneu.metafex.io\/de\/produkt\/wobenzym-tablets-200-pcs-13751848#primaryimage","url":"https:\/\/loewentestneu.metafex.io\/wp-content\/uploads\/2024\/11\/WOBENZYM-Tablets-200-pcs-13751854-Lions-Pharmacy.webp","contentUrl":"https:\/\/loewentestneu.metafex.io\/wp-content\/uploads\/2024\/11\/WOBENZYM-Tablets-200-pcs-13751854-Lions-Pharmacy.webp","width":600,"height":600,"caption":"WOBENZYM Tabletten 200 St\u00fcck 13751854 Lions Apotheke"},{"@type":"BreadcrumbList","@id":"https:\/\/loewentestneu.metafex.io\/de\/produkt\/wobenzym-tablets-200-pcs-13751848#breadcrumb","itemListElement":[{"@type":"ListItem","position":1,"name":"Home","item":"https:\/\/loewentestneu.metafex.io\/de\/homepage-lion-pharmacy"},{"@type":"ListItem","position":2,"name":"Shop","item":"https:\/\/loewentestneu.metafex.io\/de\/shop-2"},{"@type":"ListItem","position":3,"name":"WOBENZYM Tabletten 200 Stk."}]},{"@type":"WebSite","@id":"https:\/\/loewentestneu.metafex.io\/de#website","url":"https:\/\/loewentestneu.metafex.io\/de","name":"Lions Pharmacy","description":"Ihr Spezialist f\u00fcr Naturheilkunde aus Baden-Baden, Germany","publisher":{"@id":"https:\/\/loewentestneu.metafex.io\/de#organization"},"alternateName":"Lion Pharmacy","potentialAction":[{"@type":"SearchAction","target":{"@type":"EntryPoint","urlTemplate":"https:\/\/loewentestneu.metafex.io\/de?s={search_term_string}"},"query-input":{"@type":"PropertyValueSpecification","valueRequired":true,"valueName":"search_term_string"}}],"inLanguage":"de"},{"@type":"Organization","@id":"https:\/\/loewentestneu.metafex.io\/de#organization","name":"Lions Pharmacy","alternateName":"Lions Pharmacy24","url":"https:\/\/loewentestneu.metafex.io\/de","logo":{"@type":"ImageObject","inLanguage":"de","@id":"https:\/\/loewentestneu.metafex.io\/de#\/schema\/logo\/image\/","url":"https:\/\/loewentestneu.metafex.io\/wp-content\/uploads\/2022\/12\/Logo-Lion-Pharmacy-c-o-Loewen-Apotheke-smal.jpg","contentUrl":"https:\/\/loewentestneu.metafex.io\/wp-content\/uploads\/2022\/12\/Logo-Lion-Pharmacy-c-o-Loewen-Apotheke-smal.jpg","width":298,"height":99,"caption":"Lions Pharmacy"},"image":{"@id":"https:\/\/loewentestneu.metafex.io\/de#\/schema\/logo\/image\/"}}]}},"_links":{"self":[{"href":"https:\/\/loewentestneu.metafex.io\/de\/wp-json\/wp\/v2\/product\/6210","targetHints":{"allow":["GET"]}}],"collection":[{"href":"https:\/\/loewentestneu.metafex.io\/de\/wp-json\/wp\/v2\/product"}],"about":[{"href":"https:\/\/loewentestneu.metafex.io\/de\/wp-json\/wp\/v2\/types\/product"}],"replies":[{"embeddable":true,"href":"https:\/\/loewentestneu.metafex.io\/de\/wp-json\/wp\/v2\/comments?post=6210"}],"wp:featuredmedia":[{"embeddable":true,"href":"https:\/\/loewentestneu.metafex.io\/de\/wp-json\/wp\/v2\/media\/6213"}],"wp:attachment":[{"href":"https:\/\/loewentestneu.metafex.io\/de\/wp-json\/wp\/v2\/media?parent=6210"}],"wp:term":[{"taxonomy":"product_brand","embeddable":true,"href":"https:\/\/loewentestneu.metafex.io\/de\/wp-json\/wp\/v2\/product_brand?post=6210"},{"taxonomy":"product_cat","embeddable":true,"href":"https:\/\/loewentestneu.metafex.io\/de\/wp-json\/wp\/v2\/product_cat?post=6210"},{"taxonomy":"product_tag","embeddable":true,"href":"https:\/\/loewentestneu.metafex.io\/de\/wp-json\/wp\/v2\/product_tag?post=6210"}],"curies":[{"name":"wp","href":"https:\/\/api.w.org\/{rel}","templated":true}]}}