{"id":6494,"date":"2024-11-22T07:03:56","date_gmt":"2024-11-22T06:03:56","guid":{"rendered":"https:\/\/lions-pharmacy.com\/?post_type=product&#038;p=6494"},"modified":"2025-01-25T11:17:39","modified_gmt":"2025-01-25T10:17:39","slug":"omni-biotic-10-40x-5g-9120001433322","status":"publish","type":"product","link":"https:\/\/loewentestneu.metafex.io\/de\/produkt\/omni-biotic-10-40x-5g-9120001433322","title":{"rendered":"OMNI BiOTiC 10 (40x 5g)"},"content":{"rendered":"<h3>OMNI BiOTiC 10<\/h3>\n<p>Die Anwendung von OMNi-BiOTiC 10 kann die Abwehrkr\u00e4fte des K\u00f6rpers verbessern und wird besonders w\u00e4hrend oder nach der Einnahme von Antibiotika empfohlen. Reproduzierbare Bakterienkulturen.<\/p>\n<p>Unser Immunsystem und der Darm als sein Zentrum sind t\u00e4glich mit Herausforderungen durch pathogene Keime wie Viren und andere Krankheitserreger, falsche Ern\u00e4hrung und die daraus resultierenden Vitamin- und N\u00e4hrstoffm\u00e4ngel konfrontiert. Das kann sich sowohl auf die bakterielle Besiedlung im Darm als auch auf unser Immunsystem negativ auswirken. Es bietet nach der Einnahme von Antibiotika eine besondere Unterst\u00fctzung, um den Darm wieder zu regulieren und Bakterienst\u00e4mme aufzubauen.<\/p>\n<p>Packungsbeilage\/Gebrauchsanweisung\/Artikeldatenblatt: &#8211; (PDF-Reader)<\/p>\n<p>Weitere Produkte f\u00fcr die Anwendung: Haarausfall &#8211; <a href=\"https:\/\/loewentestneu.metafex.io\/product-tag\/coronavirus\">Coronavirus<\/a> | <a href=\"https:\/\/loewentestneu.metafex.io\/product-tag\/vitamins-supplements\">Vitamine &amp; Nahrungserg\u00e4nzungsmittel Produkte<\/a><\/p>\n<p>Erfahren Sie mehr \u00fcber manufactorer und dieses Produkt: <a href=\"https:\/\/www.allergosan.com\/de\/unsere-produkte\/omni-biotic\/\" target=\"_blank\" rel=\"noopener\">Omni-Biotic<\/a> (Link zu externer Website)<\/p>\n<p>Informationen auf dieser Website werden ausschlie\u00dflich f\u00fcr informative Zwecke zur Verf\u00fcgung gestellt. Sie ersetzen keinesfalls die Untersuchung und Behandlung durch einen Arzt. Bitte beachten Sie, dass hierdurch weder Diagnosen gestellt noch Therapien eingeleitet werden k\u00f6nnen.<\/p>\n<p>Zu Risiken und Nebenwirkungen lesen Sie die Packungsbeilage und fragen Sie Ihren Arzt oder Apotheker.<\/p>\n","protected":false},"excerpt":{"rendered":"<h2>OMNI BiOTiC 10 (40x 5g)<\/h2>\n<p>verbessern die Abwehrkr\u00e4fte des K\u00f6rpers, reproduzierbare Bakterienkulturen.<\/p>\n<p>&nbsp;<\/p>\n<p><strong>PZN:<\/strong> 13584830<\/p>\n<p><strong>Darreichungsform<\/strong>: Pulver<\/p>\n<p><strong>Verschreibungsart<\/strong>: verschreibungsfrei<\/p>\n<p><strong>Marke<\/strong>: OMNI BiOTiC<\/p>\n<p><strong>Hersteller<\/strong>: INSTITUT ALLERGOSAN Deutschland GmbH<\/p>\n<p><strong>Packungsgr\u00f6\u00dfe<\/strong>: 40 Beutel \u00e0 5 g<\/p>\n","protected":false},"featured_media":6751,"comment_status":"closed","ping_status":"closed","template":"","meta":[],"product_brand":[],"product_cat":[612,367,368],"product_tag":[434,433,386,379,429],"class_list":{"0":"post-6494","1":"product","2":"type-product","3":"status-publish","4":"has-post-thumbnail","6":"product_cat-omni-biotic-de","7":"product_cat-sale-de","8":"product_cat-shop-de","9":"product_tag-gewicht-und-fitness","10":"product_tag-gewichtsmanagement","11":"product_tag-konzentration-stress","12":"product_tag-monatlicher-sale-de","13":"product_tag-vitamine-und-nahrungserganzungsmittel","14":"ts_product_brand-alle","15":"ts_product_brand-allergosan-de","17":"first","18":"instock","19":"sale","20":"taxable","21":"shipping-taxable","22":"purchasable","23":"product-type-simple"},"yoast_head":"<!-- This site is optimized with the Yoast SEO plugin v26.5 - https:\/\/yoast.com\/wordpress\/plugins\/seo\/ -->\n<title>OMNI BiOTiC 10 (40x 5g) &#187; Erfahren Sie mehr auf L\u00f6wen Apotheke<\/title>\n<meta name=\"description\" content=\"Registrierte Online-Apotheke. Wir bieten: schnellen internationalen Versand und sicheres Online-Shopping. F\u00fcr Ihr Immunsystem unterst\u00fctzen Sie &gt; OMNI BiOTiC 10 (40x 5g)\" \/>\n<meta name=\"robots\" content=\"noindex, follow, max-snippet:-1, max-image-preview:large, max-video-preview:-1\" \/>\n<meta property=\"og:locale\" content=\"de_DE\" \/>\n<meta property=\"og:type\" content=\"article\" \/>\n<meta property=\"og:title\" content=\"OMNI BiOTiC 10 (40x 5g) &#187; Erfahren Sie mehr auf L\u00f6wen Apotheke\" \/>\n<meta property=\"og:description\" content=\"Registrierte Online-Apotheke. Wir bieten: schnellen internationalen Versand und sicheres Online-Shopping. F\u00fcr Ihr Immunsystem unterst\u00fctzen Sie &gt; OMNI BiOTiC 10 (40x 5g)\" \/>\n<meta property=\"og:url\" content=\"https:\/\/loewentestneu.metafex.io\/de\/produkt\/omni-biotic-10-40x-5g-9120001433322\" \/>\n<meta property=\"og:site_name\" content=\"L\u00f6wen Apotheke\" \/>\n<meta property=\"article:modified_time\" content=\"2025-01-25T10:17:39+00:00\" \/>\n<meta property=\"og:image\" content=\"https:\/\/loewentestneu.metafex.io\/wp-content\/uploads\/2024\/11\/Omnibiotic-10-Allergosan-PZN-13584830-Lions-Pharmacy.webp\" \/>\n\t<meta property=\"og:image:width\" content=\"600\" \/>\n\t<meta property=\"og:image:height\" content=\"600\" \/>\n\t<meta property=\"og:image:type\" content=\"image\/webp\" \/>\n<meta name=\"twitter:card\" content=\"summary_large_image\" \/>\n<meta name=\"twitter:label1\" content=\"Gesch\u00e4tzte Lesezeit\" \/>\n\t<meta name=\"twitter:data1\" content=\"1\u00a0Minute\" \/>\n<script type=\"application\/ld+json\" class=\"yoast-schema-graph\">{\"@context\":\"https:\/\/schema.org\",\"@graph\":[{\"@type\":\"WebPage\",\"@id\":\"https:\/\/loewentestneu.metafex.io\/de\/produkt\/omni-biotic-10-40x-5g-9120001433322\",\"url\":\"https:\/\/loewentestneu.metafex.io\/de\/produkt\/omni-biotic-10-40x-5g-9120001433322\",\"name\":\"OMNI BiOTiC 10 (40x 5g) &#187; Erfahren Sie mehr auf L\u00f6wen Apotheke\",\"isPartOf\":{\"@id\":\"https:\/\/loewentestneu.metafex.io\/de#website\"},\"primaryImageOfPage\":{\"@id\":\"https:\/\/loewentestneu.metafex.io\/de\/produkt\/omni-biotic-10-40x-5g-9120001433322#primaryimage\"},\"image\":{\"@id\":\"https:\/\/loewentestneu.metafex.io\/de\/produkt\/omni-biotic-10-40x-5g-9120001433322#primaryimage\"},\"thumbnailUrl\":\"https:\/\/loewentestneu.metafex.io\/wp-content\/uploads\/2024\/11\/Omnibiotic-10-Allergosan-PZN-13584830-Lions-Pharmacy.webp\",\"datePublished\":\"2024-11-22T06:03:56+00:00\",\"dateModified\":\"2025-01-25T10:17:39+00:00\",\"description\":\"Registrierte Online-Apotheke. Wir bieten: schnellen internationalen Versand und sicheres Online-Shopping. F\u00fcr Ihr Immunsystem unterst\u00fctzen Sie > OMNI BiOTiC 10 (40x 5g)\",\"breadcrumb\":{\"@id\":\"https:\/\/loewentestneu.metafex.io\/de\/produkt\/omni-biotic-10-40x-5g-9120001433322#breadcrumb\"},\"inLanguage\":\"de\",\"potentialAction\":[{\"@type\":\"ReadAction\",\"target\":[\"https:\/\/loewentestneu.metafex.io\/de\/produkt\/omni-biotic-10-40x-5g-9120001433322\"]}]},{\"@type\":\"ImageObject\",\"inLanguage\":\"de\",\"@id\":\"https:\/\/loewentestneu.metafex.io\/de\/produkt\/omni-biotic-10-40x-5g-9120001433322#primaryimage\",\"url\":\"https:\/\/loewentestneu.metafex.io\/wp-content\/uploads\/2024\/11\/Omnibiotic-10-Allergosan-PZN-13584830-Lions-Pharmacy.webp\",\"contentUrl\":\"https:\/\/loewentestneu.metafex.io\/wp-content\/uploads\/2024\/11\/Omnibiotic-10-Allergosan-PZN-13584830-Lions-Pharmacy.webp\",\"width\":600,\"height\":600,\"caption\":\"Abbildung zeigt: Omni biotic 10 - Allergosan. PZN 13584830. L\u00f6wen Apotheke - Lions Pharmacy\"},{\"@type\":\"BreadcrumbList\",\"@id\":\"https:\/\/loewentestneu.metafex.io\/de\/produkt\/omni-biotic-10-40x-5g-9120001433322#breadcrumb\",\"itemListElement\":[{\"@type\":\"ListItem\",\"position\":1,\"name\":\"Home\",\"item\":\"https:\/\/loewentestneu.metafex.io\/de\/homepage-lion-pharmacy\"},{\"@type\":\"ListItem\",\"position\":2,\"name\":\"Shop\",\"item\":\"https:\/\/loewentestneu.metafex.io\/de\/shop-2\"},{\"@type\":\"ListItem\",\"position\":3,\"name\":\"OMNI BiOTiC 10 (40x 5g)\"}]},{\"@type\":\"WebSite\",\"@id\":\"https:\/\/loewentestneu.metafex.io\/de#website\",\"url\":\"https:\/\/loewentestneu.metafex.io\/de\",\"name\":\"Lions Pharmacy\",\"description\":\"Ihr Spezialist f\u00fcr Naturheilkunde aus Baden-Baden, Germany\",\"publisher\":{\"@id\":\"https:\/\/loewentestneu.metafex.io\/de#organization\"},\"alternateName\":\"Lion Pharmacy\",\"potentialAction\":[{\"@type\":\"SearchAction\",\"target\":{\"@type\":\"EntryPoint\",\"urlTemplate\":\"https:\/\/loewentestneu.metafex.io\/de?s={search_term_string}\"},\"query-input\":{\"@type\":\"PropertyValueSpecification\",\"valueRequired\":true,\"valueName\":\"search_term_string\"}}],\"inLanguage\":\"de\"},{\"@type\":\"Organization\",\"@id\":\"https:\/\/loewentestneu.metafex.io\/de#organization\",\"name\":\"Lions Pharmacy\",\"alternateName\":\"Lions Pharmacy24\",\"url\":\"https:\/\/loewentestneu.metafex.io\/de\",\"logo\":{\"@type\":\"ImageObject\",\"inLanguage\":\"de\",\"@id\":\"https:\/\/loewentestneu.metafex.io\/de#\/schema\/logo\/image\/\",\"url\":\"https:\/\/loewentestneu.metafex.io\/wp-content\/uploads\/2022\/12\/Logo-Lion-Pharmacy-c-o-Loewen-Apotheke-smal.jpg\",\"contentUrl\":\"https:\/\/loewentestneu.metafex.io\/wp-content\/uploads\/2022\/12\/Logo-Lion-Pharmacy-c-o-Loewen-Apotheke-smal.jpg\",\"width\":298,\"height\":99,\"caption\":\"Lions Pharmacy\"},\"image\":{\"@id\":\"https:\/\/loewentestneu.metafex.io\/de#\/schema\/logo\/image\/\"}}]}<\/script>\n<!-- \/ Yoast SEO plugin. -->","yoast_head_json":{"title":"OMNI BiOTiC 10 (40x 5g) &#187; Erfahren Sie mehr auf L\u00f6wen Apotheke","description":"Registrierte Online-Apotheke. Wir bieten: schnellen internationalen Versand und sicheres Online-Shopping. F\u00fcr Ihr Immunsystem unterst\u00fctzen Sie > OMNI BiOTiC 10 (40x 5g)","robots":{"index":"noindex","follow":"follow","max-snippet":"max-snippet:-1","max-image-preview":"max-image-preview:large","max-video-preview":"max-video-preview:-1"},"og_locale":"de_DE","og_type":"article","og_title":"OMNI BiOTiC 10 (40x 5g) &#187; Erfahren Sie mehr auf L\u00f6wen Apotheke","og_description":"Registrierte Online-Apotheke. Wir bieten: schnellen internationalen Versand und sicheres Online-Shopping. F\u00fcr Ihr Immunsystem unterst\u00fctzen Sie > OMNI BiOTiC 10 (40x 5g)","og_url":"https:\/\/loewentestneu.metafex.io\/de\/produkt\/omni-biotic-10-40x-5g-9120001433322","og_site_name":"L\u00f6wen Apotheke","article_modified_time":"2025-01-25T10:17:39+00:00","og_image":[{"width":600,"height":600,"url":"https:\/\/loewentestneu.metafex.io\/wp-content\/uploads\/2024\/11\/Omnibiotic-10-Allergosan-PZN-13584830-Lions-Pharmacy.webp","type":"image\/webp"}],"twitter_card":"summary_large_image","twitter_misc":{"Gesch\u00e4tzte Lesezeit":"1\u00a0Minute"},"schema":{"@context":"https:\/\/schema.org","@graph":[{"@type":"WebPage","@id":"https:\/\/loewentestneu.metafex.io\/de\/produkt\/omni-biotic-10-40x-5g-9120001433322","url":"https:\/\/loewentestneu.metafex.io\/de\/produkt\/omni-biotic-10-40x-5g-9120001433322","name":"OMNI BiOTiC 10 (40x 5g) &#187; Erfahren Sie mehr auf L\u00f6wen Apotheke","isPartOf":{"@id":"https:\/\/loewentestneu.metafex.io\/de#website"},"primaryImageOfPage":{"@id":"https:\/\/loewentestneu.metafex.io\/de\/produkt\/omni-biotic-10-40x-5g-9120001433322#primaryimage"},"image":{"@id":"https:\/\/loewentestneu.metafex.io\/de\/produkt\/omni-biotic-10-40x-5g-9120001433322#primaryimage"},"thumbnailUrl":"https:\/\/loewentestneu.metafex.io\/wp-content\/uploads\/2024\/11\/Omnibiotic-10-Allergosan-PZN-13584830-Lions-Pharmacy.webp","datePublished":"2024-11-22T06:03:56+00:00","dateModified":"2025-01-25T10:17:39+00:00","description":"Registrierte Online-Apotheke. Wir bieten: schnellen internationalen Versand und sicheres Online-Shopping. F\u00fcr Ihr Immunsystem unterst\u00fctzen Sie > OMNI BiOTiC 10 (40x 5g)","breadcrumb":{"@id":"https:\/\/loewentestneu.metafex.io\/de\/produkt\/omni-biotic-10-40x-5g-9120001433322#breadcrumb"},"inLanguage":"de","potentialAction":[{"@type":"ReadAction","target":["https:\/\/loewentestneu.metafex.io\/de\/produkt\/omni-biotic-10-40x-5g-9120001433322"]}]},{"@type":"ImageObject","inLanguage":"de","@id":"https:\/\/loewentestneu.metafex.io\/de\/produkt\/omni-biotic-10-40x-5g-9120001433322#primaryimage","url":"https:\/\/loewentestneu.metafex.io\/wp-content\/uploads\/2024\/11\/Omnibiotic-10-Allergosan-PZN-13584830-Lions-Pharmacy.webp","contentUrl":"https:\/\/loewentestneu.metafex.io\/wp-content\/uploads\/2024\/11\/Omnibiotic-10-Allergosan-PZN-13584830-Lions-Pharmacy.webp","width":600,"height":600,"caption":"Abbildung zeigt: Omni biotic 10 - Allergosan. PZN 13584830. L\u00f6wen Apotheke - Lions Pharmacy"},{"@type":"BreadcrumbList","@id":"https:\/\/loewentestneu.metafex.io\/de\/produkt\/omni-biotic-10-40x-5g-9120001433322#breadcrumb","itemListElement":[{"@type":"ListItem","position":1,"name":"Home","item":"https:\/\/loewentestneu.metafex.io\/de\/homepage-lion-pharmacy"},{"@type":"ListItem","position":2,"name":"Shop","item":"https:\/\/loewentestneu.metafex.io\/de\/shop-2"},{"@type":"ListItem","position":3,"name":"OMNI BiOTiC 10 (40x 5g)"}]},{"@type":"WebSite","@id":"https:\/\/loewentestneu.metafex.io\/de#website","url":"https:\/\/loewentestneu.metafex.io\/de","name":"Lions Pharmacy","description":"Ihr Spezialist f\u00fcr Naturheilkunde aus Baden-Baden, Germany","publisher":{"@id":"https:\/\/loewentestneu.metafex.io\/de#organization"},"alternateName":"Lion Pharmacy","potentialAction":[{"@type":"SearchAction","target":{"@type":"EntryPoint","urlTemplate":"https:\/\/loewentestneu.metafex.io\/de?s={search_term_string}"},"query-input":{"@type":"PropertyValueSpecification","valueRequired":true,"valueName":"search_term_string"}}],"inLanguage":"de"},{"@type":"Organization","@id":"https:\/\/loewentestneu.metafex.io\/de#organization","name":"Lions Pharmacy","alternateName":"Lions Pharmacy24","url":"https:\/\/loewentestneu.metafex.io\/de","logo":{"@type":"ImageObject","inLanguage":"de","@id":"https:\/\/loewentestneu.metafex.io\/de#\/schema\/logo\/image\/","url":"https:\/\/loewentestneu.metafex.io\/wp-content\/uploads\/2022\/12\/Logo-Lion-Pharmacy-c-o-Loewen-Apotheke-smal.jpg","contentUrl":"https:\/\/loewentestneu.metafex.io\/wp-content\/uploads\/2022\/12\/Logo-Lion-Pharmacy-c-o-Loewen-Apotheke-smal.jpg","width":298,"height":99,"caption":"Lions Pharmacy"},"image":{"@id":"https:\/\/loewentestneu.metafex.io\/de#\/schema\/logo\/image\/"}}]}},"_links":{"self":[{"href":"https:\/\/loewentestneu.metafex.io\/de\/wp-json\/wp\/v2\/product\/6494","targetHints":{"allow":["GET"]}}],"collection":[{"href":"https:\/\/loewentestneu.metafex.io\/de\/wp-json\/wp\/v2\/product"}],"about":[{"href":"https:\/\/loewentestneu.metafex.io\/de\/wp-json\/wp\/v2\/types\/product"}],"replies":[{"embeddable":true,"href":"https:\/\/loewentestneu.metafex.io\/de\/wp-json\/wp\/v2\/comments?post=6494"}],"wp:featuredmedia":[{"embeddable":true,"href":"https:\/\/loewentestneu.metafex.io\/de\/wp-json\/wp\/v2\/media\/6751"}],"wp:attachment":[{"href":"https:\/\/loewentestneu.metafex.io\/de\/wp-json\/wp\/v2\/media?parent=6494"}],"wp:term":[{"taxonomy":"product_brand","embeddable":true,"href":"https:\/\/loewentestneu.metafex.io\/de\/wp-json\/wp\/v2\/product_brand?post=6494"},{"taxonomy":"product_cat","embeddable":true,"href":"https:\/\/loewentestneu.metafex.io\/de\/wp-json\/wp\/v2\/product_cat?post=6494"},{"taxonomy":"product_tag","embeddable":true,"href":"https:\/\/loewentestneu.metafex.io\/de\/wp-json\/wp\/v2\/product_tag?post=6494"}],"curies":[{"name":"wp","href":"https:\/\/api.w.org\/{rel}","templated":true}]}}