{"id":6635,"date":"2024-11-26T14:04:00","date_gmt":"2024-11-26T13:04:00","guid":{"rendered":"https:\/\/lions-pharmacy.com\/?post_type=product&#038;p=6635"},"modified":"2025-01-24T22:16:43","modified_gmt":"2025-01-24T21:16:43","slug":"lymphdiaral-drops-100-ml","status":"publish","type":"product","link":"https:\/\/loewentestneu.metafex.io\/de\/produkt\/lymphdiaral-drops-100-ml","title":{"rendered":"Lymphdiarale Tropfen 100 ml"},"content":{"rendered":"<h2>Lymphdiarale Tropfen<\/h2>\n<p>Lymphdiarale Tropfen bei Infektionen, die das lokale Lymphsystem betreffen. Bei Infektionen der oberen Atemwege (Nase, Mund und Rachen). Hom\u00f6opathisches Arzneimittel zur unterst\u00fctzenden Behandlung von Infektionen der oberen Atemwege, insbesondere des lokalen Lymphsystems.<\/p>\n<p>Lymphtropfen mit 9 bew\u00e4hrten Wirkstoffen, u.a. Ringelblume (Calendula) und L\u00f6wenzahn (Taraxacum), Unterst\u00fctzung des Lymphsystems und damit auch des Immunsystems bei geschwollenen Lymphknoten im Halsbereich und entz\u00fcndeten Mandeln. Zugelassen f\u00fcr Erwachsene und Kinder ab 1 Jahr<\/p>\n<p>Das Pascoe-Portfolio umfasst rund 200 Produkte. Dazu geh\u00f6ren pflanzliche Arzneimittel, hochdosierte Vitaminpr\u00e4parate, hom\u00f6opathische Komplexmittel und Nahrungserg\u00e4nzungsmittel. Die Vielfalt der Arzneimittel ber\u00fccksichtigt die komplexen Anforderungen an Gesundheitsprodukte. Der Erfolg gibt uns auch international Recht: Unsere Produkte werden in mehr als 30 L\u00e4nder der Welt exportiert, Tendenz steigend.<\/p>\n<p>Weitere Produkte f\u00fcr die Anwendung: <a href=\"https:\/\/loewentestneu.metafex.io\/product-tag\/homeopathy\">Hom\u00f6opathie<\/a> | <a href=\"https:\/\/loewentestneu.metafex.io\/product-tag\/vitamins-supplements\">Vitamine<\/a> | <a href=\"https:\/\/loewentestneu.metafex.io\/product-tag\/virus-infection\">Infektionen <\/a> <\/p>\n<p>Erfahren Sie mehr \u00fcber den Hersteller und dieses Produkt: <a href=\"https:\/\/www.pascoe.de\/\" target=\"_blank\" rel=\"noopener\">Pascoe pharmazeutische Pr\u00e4parate GmbH<\/a> (Link zu externer Website)<\/p>\n<p>Informationen auf dieser Website werden ausschlie\u00dflich f\u00fcr informative Zwecke zur Verf\u00fcgung gestellt. Sie ersetzen keinesfalls die Untersuchung und Behandlung durch einen Arzt. Bitte beachten Sie, dass hierdurch weder Diagnosen gestellt noch Therapien eingeleitet werden k\u00f6nnen.<\/p>\n<p>Zu Risiken und Nebenwirkungen lesen Sie die Packungsbeilage und fragen Sie Ihren Arzt oder Apotheker.<\/p>\n","protected":false},"excerpt":{"rendered":"<h2>Lymphdiarale Tropfen 100 ml<\/h2>\n<p>Bei Infektionen, die das lokale Lymphsystem betreffen. Bei Infektionen der oberen Atemwege (Nase, Mund und Rachen)<\/p>\n<p>&nbsp;<\/p>\n<p><strong>PZN:<\/strong> 03898042 (Apothekenzentrale)<\/p>\n<p><strong>Darreichungsform<\/strong>: Tropfen<\/p>\n<p><strong>Verschreibungsart<\/strong>: verschreibungsfrei<\/p>\n<p><strong>Hersteller<\/strong>: Pascoe pharmazeutische Pr\u00e4parate GmbH<\/p>\n<p><strong>Packungsgr\u00f6\u00dfe<\/strong>: 100 ml<\/p>\n","protected":false},"featured_media":6639,"comment_status":"closed","ping_status":"closed","template":"","meta":[],"product_brand":[],"product_cat":[599,367,368],"product_tag":[513,387,381,386,429,432],"class_list":{"0":"post-6635","1":"product","2":"type-product","3":"status-publish","4":"has-post-thumbnail","6":"product_cat-pascoe-de","7":"product_cat-sale-de","8":"product_cat-shop-de","9":"product_tag-corona-immunabwehr","10":"product_tag-erkaltungen-grippe","11":"product_tag-homoopathie","12":"product_tag-konzentration-stress","13":"product_tag-vitamine-und-nahrungserganzungsmittel","14":"product_tag-wellness-de","15":"ts_product_brand-alle","16":"ts_product_brand-pascoe-de","18":"first","19":"instock","20":"sale","21":"taxable","22":"shipping-taxable","23":"purchasable","24":"product-type-simple"},"yoast_head":"<!-- This site is optimized with the Yoast SEO plugin v26.5 - https:\/\/yoast.com\/wordpress\/plugins\/seo\/ -->\n<title>Lymphdiarale Tropfen 100 ml &#187; bestelle bei L\u00f6wen Apotheke<\/title>\n<meta name=\"description\" content=\"L\u00f6wen Apotheke ist eine eingetragene deutsche Apotheke. Schneller internationaler Versand mit DHL. Erfahren Sie mehr \u00fcber Pascoe und Lymphdiarale Tropfen 100 ml\" \/>\n<meta name=\"robots\" content=\"noindex, follow, max-snippet:-1, max-image-preview:large, max-video-preview:-1\" \/>\n<meta property=\"og:locale\" content=\"de_DE\" \/>\n<meta property=\"og:type\" content=\"article\" \/>\n<meta property=\"og:title\" content=\"Lymphdiarale Tropfen 100 ml &#187; bestelle bei L\u00f6wen Apotheke\" \/>\n<meta property=\"og:description\" content=\"L\u00f6wen Apotheke ist eine eingetragene deutsche Apotheke. Schneller internationaler Versand mit DHL. Erfahren Sie mehr \u00fcber Pascoe und Lymphdiarale Tropfen 100 ml\" \/>\n<meta property=\"og:url\" content=\"https:\/\/loewentestneu.metafex.io\/de\/produkt\/lymphdiaral-drops-100-ml\" \/>\n<meta property=\"og:site_name\" content=\"L\u00f6wen Apotheke\" \/>\n<meta property=\"article:modified_time\" content=\"2025-01-24T21:16:43+00:00\" \/>\n<meta property=\"og:image\" content=\"https:\/\/loewentestneu.metafex.io\/wp-content\/uploads\/2024\/11\/Lymphdiaral-Basistropfen-SL-Pascoe-PZN-03898042-Lionspharmacy.webp\" \/>\n\t<meta property=\"og:image:width\" content=\"600\" \/>\n\t<meta property=\"og:image:height\" content=\"600\" \/>\n\t<meta property=\"og:image:type\" content=\"image\/webp\" \/>\n<meta name=\"twitter:card\" content=\"summary_large_image\" \/>\n<meta name=\"twitter:label1\" content=\"Gesch\u00e4tzte Lesezeit\" \/>\n\t<meta name=\"twitter:data1\" content=\"1\u00a0Minute\" \/>\n<script type=\"application\/ld+json\" class=\"yoast-schema-graph\">{\"@context\":\"https:\/\/schema.org\",\"@graph\":[{\"@type\":\"WebPage\",\"@id\":\"https:\/\/loewentestneu.metafex.io\/de\/produkt\/lymphdiaral-drops-100-ml\",\"url\":\"https:\/\/loewentestneu.metafex.io\/de\/produkt\/lymphdiaral-drops-100-ml\",\"name\":\"Lymphdiarale Tropfen 100 ml &#187; bestelle bei L\u00f6wen Apotheke\",\"isPartOf\":{\"@id\":\"https:\/\/loewentestneu.metafex.io\/de#website\"},\"primaryImageOfPage\":{\"@id\":\"https:\/\/loewentestneu.metafex.io\/de\/produkt\/lymphdiaral-drops-100-ml#primaryimage\"},\"image\":{\"@id\":\"https:\/\/loewentestneu.metafex.io\/de\/produkt\/lymphdiaral-drops-100-ml#primaryimage\"},\"thumbnailUrl\":\"https:\/\/loewentestneu.metafex.io\/wp-content\/uploads\/2024\/11\/Lymphdiaral-Basistropfen-SL-Pascoe-PZN-03898042-Lionspharmacy.webp\",\"datePublished\":\"2024-11-26T13:04:00+00:00\",\"dateModified\":\"2025-01-24T21:16:43+00:00\",\"description\":\"L\u00f6wen Apotheke ist eine eingetragene deutsche Apotheke. Schneller internationaler Versand mit DHL. Erfahren Sie mehr \u00fcber Pascoe und Lymphdiarale Tropfen 100 ml\",\"breadcrumb\":{\"@id\":\"https:\/\/loewentestneu.metafex.io\/de\/produkt\/lymphdiaral-drops-100-ml#breadcrumb\"},\"inLanguage\":\"de\",\"potentialAction\":[{\"@type\":\"ReadAction\",\"target\":[\"https:\/\/loewentestneu.metafex.io\/de\/produkt\/lymphdiaral-drops-100-ml\"]}]},{\"@type\":\"ImageObject\",\"inLanguage\":\"de\",\"@id\":\"https:\/\/loewentestneu.metafex.io\/de\/produkt\/lymphdiaral-drops-100-ml#primaryimage\",\"url\":\"https:\/\/loewentestneu.metafex.io\/wp-content\/uploads\/2024\/11\/Lymphdiaral-Basistropfen-SL-Pascoe-PZN-03898042-Lionspharmacy.webp\",\"contentUrl\":\"https:\/\/loewentestneu.metafex.io\/wp-content\/uploads\/2024\/11\/Lymphdiaral-Basistropfen-SL-Pascoe-PZN-03898042-Lionspharmacy.webp\",\"width\":600,\"height\":600,\"caption\":\"Lymphdiaral Basistropfen SL-Pascoe-PZN 03898042-Lionspharmacy\"},{\"@type\":\"BreadcrumbList\",\"@id\":\"https:\/\/loewentestneu.metafex.io\/de\/produkt\/lymphdiaral-drops-100-ml#breadcrumb\",\"itemListElement\":[{\"@type\":\"ListItem\",\"position\":1,\"name\":\"Home\",\"item\":\"https:\/\/loewentestneu.metafex.io\/de\/homepage-lion-pharmacy\"},{\"@type\":\"ListItem\",\"position\":2,\"name\":\"Shop\",\"item\":\"https:\/\/loewentestneu.metafex.io\/de\/shop-2\"},{\"@type\":\"ListItem\",\"position\":3,\"name\":\"Lymphdiarale Tropfen 100 ml\"}]},{\"@type\":\"WebSite\",\"@id\":\"https:\/\/loewentestneu.metafex.io\/de#website\",\"url\":\"https:\/\/loewentestneu.metafex.io\/de\",\"name\":\"Lions Pharmacy\",\"description\":\"Ihr Spezialist f\u00fcr Naturheilkunde aus Baden-Baden, Germany\",\"publisher\":{\"@id\":\"https:\/\/loewentestneu.metafex.io\/de#organization\"},\"alternateName\":\"Lion Pharmacy\",\"potentialAction\":[{\"@type\":\"SearchAction\",\"target\":{\"@type\":\"EntryPoint\",\"urlTemplate\":\"https:\/\/loewentestneu.metafex.io\/de?s={search_term_string}\"},\"query-input\":{\"@type\":\"PropertyValueSpecification\",\"valueRequired\":true,\"valueName\":\"search_term_string\"}}],\"inLanguage\":\"de\"},{\"@type\":\"Organization\",\"@id\":\"https:\/\/loewentestneu.metafex.io\/de#organization\",\"name\":\"Lions Pharmacy\",\"alternateName\":\"Lions Pharmacy24\",\"url\":\"https:\/\/loewentestneu.metafex.io\/de\",\"logo\":{\"@type\":\"ImageObject\",\"inLanguage\":\"de\",\"@id\":\"https:\/\/loewentestneu.metafex.io\/de#\/schema\/logo\/image\/\",\"url\":\"https:\/\/loewentestneu.metafex.io\/wp-content\/uploads\/2022\/12\/Logo-Lion-Pharmacy-c-o-Loewen-Apotheke-smal.jpg\",\"contentUrl\":\"https:\/\/loewentestneu.metafex.io\/wp-content\/uploads\/2022\/12\/Logo-Lion-Pharmacy-c-o-Loewen-Apotheke-smal.jpg\",\"width\":298,\"height\":99,\"caption\":\"Lions Pharmacy\"},\"image\":{\"@id\":\"https:\/\/loewentestneu.metafex.io\/de#\/schema\/logo\/image\/\"}}]}<\/script>\n<!-- \/ Yoast SEO plugin. -->","yoast_head_json":{"title":"Lymphdiarale Tropfen 100 ml &#187; bestelle bei L\u00f6wen Apotheke","description":"L\u00f6wen Apotheke ist eine eingetragene deutsche Apotheke. Schneller internationaler Versand mit DHL. Erfahren Sie mehr \u00fcber Pascoe und Lymphdiarale Tropfen 100 ml","robots":{"index":"noindex","follow":"follow","max-snippet":"max-snippet:-1","max-image-preview":"max-image-preview:large","max-video-preview":"max-video-preview:-1"},"og_locale":"de_DE","og_type":"article","og_title":"Lymphdiarale Tropfen 100 ml &#187; bestelle bei L\u00f6wen Apotheke","og_description":"L\u00f6wen Apotheke ist eine eingetragene deutsche Apotheke. Schneller internationaler Versand mit DHL. Erfahren Sie mehr \u00fcber Pascoe und Lymphdiarale Tropfen 100 ml","og_url":"https:\/\/loewentestneu.metafex.io\/de\/produkt\/lymphdiaral-drops-100-ml","og_site_name":"L\u00f6wen Apotheke","article_modified_time":"2025-01-24T21:16:43+00:00","og_image":[{"width":600,"height":600,"url":"https:\/\/loewentestneu.metafex.io\/wp-content\/uploads\/2024\/11\/Lymphdiaral-Basistropfen-SL-Pascoe-PZN-03898042-Lionspharmacy.webp","type":"image\/webp"}],"twitter_card":"summary_large_image","twitter_misc":{"Gesch\u00e4tzte Lesezeit":"1\u00a0Minute"},"schema":{"@context":"https:\/\/schema.org","@graph":[{"@type":"WebPage","@id":"https:\/\/loewentestneu.metafex.io\/de\/produkt\/lymphdiaral-drops-100-ml","url":"https:\/\/loewentestneu.metafex.io\/de\/produkt\/lymphdiaral-drops-100-ml","name":"Lymphdiarale Tropfen 100 ml &#187; bestelle bei L\u00f6wen Apotheke","isPartOf":{"@id":"https:\/\/loewentestneu.metafex.io\/de#website"},"primaryImageOfPage":{"@id":"https:\/\/loewentestneu.metafex.io\/de\/produkt\/lymphdiaral-drops-100-ml#primaryimage"},"image":{"@id":"https:\/\/loewentestneu.metafex.io\/de\/produkt\/lymphdiaral-drops-100-ml#primaryimage"},"thumbnailUrl":"https:\/\/loewentestneu.metafex.io\/wp-content\/uploads\/2024\/11\/Lymphdiaral-Basistropfen-SL-Pascoe-PZN-03898042-Lionspharmacy.webp","datePublished":"2024-11-26T13:04:00+00:00","dateModified":"2025-01-24T21:16:43+00:00","description":"L\u00f6wen Apotheke ist eine eingetragene deutsche Apotheke. Schneller internationaler Versand mit DHL. Erfahren Sie mehr \u00fcber Pascoe und Lymphdiarale Tropfen 100 ml","breadcrumb":{"@id":"https:\/\/loewentestneu.metafex.io\/de\/produkt\/lymphdiaral-drops-100-ml#breadcrumb"},"inLanguage":"de","potentialAction":[{"@type":"ReadAction","target":["https:\/\/loewentestneu.metafex.io\/de\/produkt\/lymphdiaral-drops-100-ml"]}]},{"@type":"ImageObject","inLanguage":"de","@id":"https:\/\/loewentestneu.metafex.io\/de\/produkt\/lymphdiaral-drops-100-ml#primaryimage","url":"https:\/\/loewentestneu.metafex.io\/wp-content\/uploads\/2024\/11\/Lymphdiaral-Basistropfen-SL-Pascoe-PZN-03898042-Lionspharmacy.webp","contentUrl":"https:\/\/loewentestneu.metafex.io\/wp-content\/uploads\/2024\/11\/Lymphdiaral-Basistropfen-SL-Pascoe-PZN-03898042-Lionspharmacy.webp","width":600,"height":600,"caption":"Lymphdiaral Basistropfen SL-Pascoe-PZN 03898042-Lionspharmacy"},{"@type":"BreadcrumbList","@id":"https:\/\/loewentestneu.metafex.io\/de\/produkt\/lymphdiaral-drops-100-ml#breadcrumb","itemListElement":[{"@type":"ListItem","position":1,"name":"Home","item":"https:\/\/loewentestneu.metafex.io\/de\/homepage-lion-pharmacy"},{"@type":"ListItem","position":2,"name":"Shop","item":"https:\/\/loewentestneu.metafex.io\/de\/shop-2"},{"@type":"ListItem","position":3,"name":"Lymphdiarale Tropfen 100 ml"}]},{"@type":"WebSite","@id":"https:\/\/loewentestneu.metafex.io\/de#website","url":"https:\/\/loewentestneu.metafex.io\/de","name":"Lions Pharmacy","description":"Ihr Spezialist f\u00fcr Naturheilkunde aus Baden-Baden, Germany","publisher":{"@id":"https:\/\/loewentestneu.metafex.io\/de#organization"},"alternateName":"Lion Pharmacy","potentialAction":[{"@type":"SearchAction","target":{"@type":"EntryPoint","urlTemplate":"https:\/\/loewentestneu.metafex.io\/de?s={search_term_string}"},"query-input":{"@type":"PropertyValueSpecification","valueRequired":true,"valueName":"search_term_string"}}],"inLanguage":"de"},{"@type":"Organization","@id":"https:\/\/loewentestneu.metafex.io\/de#organization","name":"Lions Pharmacy","alternateName":"Lions Pharmacy24","url":"https:\/\/loewentestneu.metafex.io\/de","logo":{"@type":"ImageObject","inLanguage":"de","@id":"https:\/\/loewentestneu.metafex.io\/de#\/schema\/logo\/image\/","url":"https:\/\/loewentestneu.metafex.io\/wp-content\/uploads\/2022\/12\/Logo-Lion-Pharmacy-c-o-Loewen-Apotheke-smal.jpg","contentUrl":"https:\/\/loewentestneu.metafex.io\/wp-content\/uploads\/2022\/12\/Logo-Lion-Pharmacy-c-o-Loewen-Apotheke-smal.jpg","width":298,"height":99,"caption":"Lions Pharmacy"},"image":{"@id":"https:\/\/loewentestneu.metafex.io\/de#\/schema\/logo\/image\/"}}]}},"_links":{"self":[{"href":"https:\/\/loewentestneu.metafex.io\/de\/wp-json\/wp\/v2\/product\/6635","targetHints":{"allow":["GET"]}}],"collection":[{"href":"https:\/\/loewentestneu.metafex.io\/de\/wp-json\/wp\/v2\/product"}],"about":[{"href":"https:\/\/loewentestneu.metafex.io\/de\/wp-json\/wp\/v2\/types\/product"}],"replies":[{"embeddable":true,"href":"https:\/\/loewentestneu.metafex.io\/de\/wp-json\/wp\/v2\/comments?post=6635"}],"wp:featuredmedia":[{"embeddable":true,"href":"https:\/\/loewentestneu.metafex.io\/de\/wp-json\/wp\/v2\/media\/6639"}],"wp:attachment":[{"href":"https:\/\/loewentestneu.metafex.io\/de\/wp-json\/wp\/v2\/media?parent=6635"}],"wp:term":[{"taxonomy":"product_brand","embeddable":true,"href":"https:\/\/loewentestneu.metafex.io\/de\/wp-json\/wp\/v2\/product_brand?post=6635"},{"taxonomy":"product_cat","embeddable":true,"href":"https:\/\/loewentestneu.metafex.io\/de\/wp-json\/wp\/v2\/product_cat?post=6635"},{"taxonomy":"product_tag","embeddable":true,"href":"https:\/\/loewentestneu.metafex.io\/de\/wp-json\/wp\/v2\/product_tag?post=6635"}],"curies":[{"name":"wp","href":"https:\/\/api.w.org\/{rel}","templated":true}]}}