{"id":6904,"date":"2024-11-28T11:17:43","date_gmt":"2024-11-28T10:17:43","guid":{"rendered":"https:\/\/lions-pharmacy.com\/?post_type=product&#038;p=6904"},"modified":"2025-01-25T19:12:53","modified_gmt":"2025-01-25T18:12:53","slug":"neydent-dental-cream-50ml-01490549","status":"publish","type":"product","link":"https:\/\/loewentestneu.metafex.io\/de\/produkt\/neydent-dental-cream-50ml-01490549","title":{"rendered":"Neydent Zahncreme 50ml"},"content":{"rendered":"<h3>Neydent Zahncreme<\/h3>\n<p>Neydent Zahncreme: Im Gegensatz zu herk\u00f6mmlichen Zahncremes enth\u00e4lt die biologisch medizinische Zahncreme Neydent\u00ae organotrophe Wirkstoffe und folgende pflegende Zusatzstoffe:<\/p>\n<p>Hefeextrakt mit B-Vitaminen<br \/>\nAscorbins\u00e4ure<br \/>\nNiacin (verbessert die Durchblutung)<br \/>\nZusatzstoffe aus Ratanhia und Johanniskraut\u00f6l<br \/>\nFluoride, Reinigungsmittel, Meersalz<\/p>\n<p>Dieses nat\u00fcrliche Zahnpflegesystem wurde in den Forschungslaboren des Pharmakonzerns vitOrgan mit patentierten Verfahren f\u00fcr den langfristigen Erhalt Ihrer Z\u00e4hne und Ihres wertvollen Zahnfleisches entwickelt.<br \/>\nEs besteht aus zwei Komponenten: NeyDent\u00ae &#8211; biologische Zahnpasta und NeyParadent\u00ae Liposomen &#8211; biologisch aktiv gegen Zahnfleischprobleme.<\/p>\n<p>Packungsbeilage\/Gebrauchsanweisung\/Datenblatt: Neydent Zahncreme (PDF-Reader)<br \/>\nWeitere Produkte f\u00fcr diese Anwendung: <a href=\"https:\/\/loewentestneu.metafex.io\/produkt-kategorie\/vitorgan\">vitOrgan<\/a><br \/>\nErfahren Sie mehr \u00fcber den Hersteller und dieses Produkt: <a href=\"https:\/\/vitorgan.de\/en\/products\/\" target=\"_blank\" rel=\"noopener\">vitOrgan<\/a> (Link zu externer Website)<\/p>\n<p>Informationen auf dieser Website werden ausschlie\u00dflich f\u00fcr informative Zwecke zur Verf\u00fcgung gestellt. Sie ersetzen keinesfalls die Untersuchung und Behandlung durch einen Arzt. Bitte beachten Sie, dass hierdurch weder Diagnosen gestellt noch Therapien eingeleitet werden k\u00f6nnen.<\/p>\n<p>Zu Risiken und Nebenwirkungen lesen Sie die Packungsbeilage und fragen Sie Ihren Arzt oder Apotheker.<\/p>\n","protected":false},"excerpt":{"rendered":"<h2>Neydent Zahncreme 50ml<\/h2>\n<p>Zahncreme<\/p>\n<p>&nbsp;<\/p>\n<p>PZN: 01490549<\/p>\n<p>Darreichungsform: Creme<\/p>\n<p>Verordnungsart: Rezeptfrei<\/p>\n<p>Marke: Regena Ney<\/p>\n<p>Hersteller: vitOrgan GmbH &amp; Co.KG, Ostfildern, Germany<\/p>\n<p>Packungsgr\u00f6\u00dfe: 50 ml<\/p>\n","protected":false},"featured_media":6907,"comment_status":"closed","ping_status":"closed","template":"","meta":[],"product_brand":[],"product_cat":[367,368,371],"product_tag":[433,381,474,429,432],"class_list":{"0":"post-6904","1":"product","2":"type-product","3":"status-publish","4":"has-post-thumbnail","6":"product_cat-sale-de","7":"product_cat-shop-de","8":"product_cat-vitorgan-de","9":"product_tag-gewichtsmanagement","10":"product_tag-homoopathie","11":"product_tag-pflanzlicher-wirkstoff","12":"product_tag-vitamine-und-nahrungserganzungsmittel","13":"product_tag-wellness-de","14":"ts_product_brand-alle","15":"ts_product_brand-vitorgan-de","17":"first","18":"instock","19":"sale","20":"taxable","21":"shipping-taxable","22":"purchasable","23":"product-type-simple"},"yoast_head":"<!-- This site is optimized with the Yoast SEO plugin v26.5 - https:\/\/yoast.com\/wordpress\/plugins\/seo\/ -->\n<title>Neydent Zahncreme 50ml &#187; L\u00f6wen Apotheke - Bestelle es hier<\/title>\n<meta name=\"description\" content=\"Registrierte deutsche Online-Apotheke. Wir bieten: Schneller internationaler Versand. Produkt hergestellt von vitOrgan: Neydent Zahncreme 50ml\" \/>\n<meta name=\"robots\" content=\"noindex, follow, max-snippet:-1, max-image-preview:large, max-video-preview:-1\" \/>\n<meta property=\"og:locale\" content=\"de_DE\" \/>\n<meta property=\"og:type\" content=\"article\" \/>\n<meta property=\"og:title\" content=\"Neydent Zahncreme 50ml &#187; L\u00f6wen Apotheke - Bestelle es hier\" \/>\n<meta property=\"og:description\" content=\"Registrierte deutsche Online-Apotheke. Wir bieten: Schneller internationaler Versand. Produkt hergestellt von vitOrgan: Neydent Zahncreme 50ml\" \/>\n<meta property=\"og:url\" content=\"https:\/\/loewentestneu.metafex.io\/de\/produkt\/neydent-dental-cream-50ml-01490549\" \/>\n<meta property=\"og:site_name\" content=\"L\u00f6wen Apotheke\" \/>\n<meta property=\"article:modified_time\" content=\"2025-01-25T18:12:53+00:00\" \/>\n<meta property=\"og:image\" content=\"https:\/\/loewentestneu.metafex.io\/wp-content\/uploads\/2024\/11\/Neydent-Zahncreme-Vitorgan-PZN-1490549-Lowenapotheke24.webp\" \/>\n\t<meta property=\"og:image:width\" content=\"600\" \/>\n\t<meta property=\"og:image:height\" content=\"600\" \/>\n\t<meta property=\"og:image:type\" content=\"image\/webp\" \/>\n<meta name=\"twitter:card\" content=\"summary_large_image\" \/>\n<meta name=\"twitter:label1\" content=\"Gesch\u00e4tzte Lesezeit\" \/>\n\t<meta name=\"twitter:data1\" content=\"1\u00a0Minute\" \/>\n<script type=\"application\/ld+json\" class=\"yoast-schema-graph\">{\"@context\":\"https:\/\/schema.org\",\"@graph\":[{\"@type\":\"WebPage\",\"@id\":\"https:\/\/loewentestneu.metafex.io\/de\/produkt\/neydent-dental-cream-50ml-01490549\",\"url\":\"https:\/\/loewentestneu.metafex.io\/de\/produkt\/neydent-dental-cream-50ml-01490549\",\"name\":\"Neydent Zahncreme 50ml &#187; L\u00f6wen Apotheke - Bestelle es hier\",\"isPartOf\":{\"@id\":\"https:\/\/loewentestneu.metafex.io\/de#website\"},\"primaryImageOfPage\":{\"@id\":\"https:\/\/loewentestneu.metafex.io\/de\/produkt\/neydent-dental-cream-50ml-01490549#primaryimage\"},\"image\":{\"@id\":\"https:\/\/loewentestneu.metafex.io\/de\/produkt\/neydent-dental-cream-50ml-01490549#primaryimage\"},\"thumbnailUrl\":\"https:\/\/loewentestneu.metafex.io\/wp-content\/uploads\/2024\/11\/Neydent-Zahncreme-Vitorgan-PZN-1490549-Lowenapotheke24.webp\",\"datePublished\":\"2024-11-28T10:17:43+00:00\",\"dateModified\":\"2025-01-25T18:12:53+00:00\",\"description\":\"Registrierte deutsche Online-Apotheke. Wir bieten: Schneller internationaler Versand. Produkt hergestellt von vitOrgan: Neydent Zahncreme 50ml\",\"breadcrumb\":{\"@id\":\"https:\/\/loewentestneu.metafex.io\/de\/produkt\/neydent-dental-cream-50ml-01490549#breadcrumb\"},\"inLanguage\":\"de\",\"potentialAction\":[{\"@type\":\"ReadAction\",\"target\":[\"https:\/\/loewentestneu.metafex.io\/de\/produkt\/neydent-dental-cream-50ml-01490549\"]}]},{\"@type\":\"ImageObject\",\"inLanguage\":\"de\",\"@id\":\"https:\/\/loewentestneu.metafex.io\/de\/produkt\/neydent-dental-cream-50ml-01490549#primaryimage\",\"url\":\"https:\/\/loewentestneu.metafex.io\/wp-content\/uploads\/2024\/11\/Neydent-Zahncreme-Vitorgan-PZN-1490549-Lowenapotheke24.webp\",\"contentUrl\":\"https:\/\/loewentestneu.metafex.io\/wp-content\/uploads\/2024\/11\/Neydent-Zahncreme-Vitorgan-PZN-1490549-Lowenapotheke24.webp\",\"width\":600,\"height\":600,\"caption\":\"Das Bild zeigt die Zahncreme Neydent. Vitorgan-PZN 1490549. L\u00f6wen Apotheke - Lions Pharmacy\"},{\"@type\":\"BreadcrumbList\",\"@id\":\"https:\/\/loewentestneu.metafex.io\/de\/produkt\/neydent-dental-cream-50ml-01490549#breadcrumb\",\"itemListElement\":[{\"@type\":\"ListItem\",\"position\":1,\"name\":\"Home\",\"item\":\"https:\/\/loewentestneu.metafex.io\/de\/homepage-lion-pharmacy\"},{\"@type\":\"ListItem\",\"position\":2,\"name\":\"Shop\",\"item\":\"https:\/\/loewentestneu.metafex.io\/de\/shop-2\"},{\"@type\":\"ListItem\",\"position\":3,\"name\":\"Neydent Zahncreme 50ml\"}]},{\"@type\":\"WebSite\",\"@id\":\"https:\/\/loewentestneu.metafex.io\/de#website\",\"url\":\"https:\/\/loewentestneu.metafex.io\/de\",\"name\":\"Lions Pharmacy\",\"description\":\"Ihr Spezialist f\u00fcr Naturheilkunde aus Baden-Baden, Germany\",\"publisher\":{\"@id\":\"https:\/\/loewentestneu.metafex.io\/de#organization\"},\"alternateName\":\"Lion Pharmacy\",\"potentialAction\":[{\"@type\":\"SearchAction\",\"target\":{\"@type\":\"EntryPoint\",\"urlTemplate\":\"https:\/\/loewentestneu.metafex.io\/de?s={search_term_string}\"},\"query-input\":{\"@type\":\"PropertyValueSpecification\",\"valueRequired\":true,\"valueName\":\"search_term_string\"}}],\"inLanguage\":\"de\"},{\"@type\":\"Organization\",\"@id\":\"https:\/\/loewentestneu.metafex.io\/de#organization\",\"name\":\"Lions Pharmacy\",\"alternateName\":\"Lions Pharmacy24\",\"url\":\"https:\/\/loewentestneu.metafex.io\/de\",\"logo\":{\"@type\":\"ImageObject\",\"inLanguage\":\"de\",\"@id\":\"https:\/\/loewentestneu.metafex.io\/de#\/schema\/logo\/image\/\",\"url\":\"https:\/\/loewentestneu.metafex.io\/wp-content\/uploads\/2022\/12\/Logo-Lion-Pharmacy-c-o-Loewen-Apotheke-smal.jpg\",\"contentUrl\":\"https:\/\/loewentestneu.metafex.io\/wp-content\/uploads\/2022\/12\/Logo-Lion-Pharmacy-c-o-Loewen-Apotheke-smal.jpg\",\"width\":298,\"height\":99,\"caption\":\"Lions Pharmacy\"},\"image\":{\"@id\":\"https:\/\/loewentestneu.metafex.io\/de#\/schema\/logo\/image\/\"}}]}<\/script>\n<!-- \/ Yoast SEO plugin. -->","yoast_head_json":{"title":"Neydent Zahncreme 50ml &#187; L\u00f6wen Apotheke - Bestelle es hier","description":"Registrierte deutsche Online-Apotheke. Wir bieten: Schneller internationaler Versand. Produkt hergestellt von vitOrgan: Neydent Zahncreme 50ml","robots":{"index":"noindex","follow":"follow","max-snippet":"max-snippet:-1","max-image-preview":"max-image-preview:large","max-video-preview":"max-video-preview:-1"},"og_locale":"de_DE","og_type":"article","og_title":"Neydent Zahncreme 50ml &#187; L\u00f6wen Apotheke - Bestelle es hier","og_description":"Registrierte deutsche Online-Apotheke. Wir bieten: Schneller internationaler Versand. Produkt hergestellt von vitOrgan: Neydent Zahncreme 50ml","og_url":"https:\/\/loewentestneu.metafex.io\/de\/produkt\/neydent-dental-cream-50ml-01490549","og_site_name":"L\u00f6wen Apotheke","article_modified_time":"2025-01-25T18:12:53+00:00","og_image":[{"width":600,"height":600,"url":"https:\/\/loewentestneu.metafex.io\/wp-content\/uploads\/2024\/11\/Neydent-Zahncreme-Vitorgan-PZN-1490549-Lowenapotheke24.webp","type":"image\/webp"}],"twitter_card":"summary_large_image","twitter_misc":{"Gesch\u00e4tzte Lesezeit":"1\u00a0Minute"},"schema":{"@context":"https:\/\/schema.org","@graph":[{"@type":"WebPage","@id":"https:\/\/loewentestneu.metafex.io\/de\/produkt\/neydent-dental-cream-50ml-01490549","url":"https:\/\/loewentestneu.metafex.io\/de\/produkt\/neydent-dental-cream-50ml-01490549","name":"Neydent Zahncreme 50ml &#187; L\u00f6wen Apotheke - Bestelle es hier","isPartOf":{"@id":"https:\/\/loewentestneu.metafex.io\/de#website"},"primaryImageOfPage":{"@id":"https:\/\/loewentestneu.metafex.io\/de\/produkt\/neydent-dental-cream-50ml-01490549#primaryimage"},"image":{"@id":"https:\/\/loewentestneu.metafex.io\/de\/produkt\/neydent-dental-cream-50ml-01490549#primaryimage"},"thumbnailUrl":"https:\/\/loewentestneu.metafex.io\/wp-content\/uploads\/2024\/11\/Neydent-Zahncreme-Vitorgan-PZN-1490549-Lowenapotheke24.webp","datePublished":"2024-11-28T10:17:43+00:00","dateModified":"2025-01-25T18:12:53+00:00","description":"Registrierte deutsche Online-Apotheke. Wir bieten: Schneller internationaler Versand. Produkt hergestellt von vitOrgan: Neydent Zahncreme 50ml","breadcrumb":{"@id":"https:\/\/loewentestneu.metafex.io\/de\/produkt\/neydent-dental-cream-50ml-01490549#breadcrumb"},"inLanguage":"de","potentialAction":[{"@type":"ReadAction","target":["https:\/\/loewentestneu.metafex.io\/de\/produkt\/neydent-dental-cream-50ml-01490549"]}]},{"@type":"ImageObject","inLanguage":"de","@id":"https:\/\/loewentestneu.metafex.io\/de\/produkt\/neydent-dental-cream-50ml-01490549#primaryimage","url":"https:\/\/loewentestneu.metafex.io\/wp-content\/uploads\/2024\/11\/Neydent-Zahncreme-Vitorgan-PZN-1490549-Lowenapotheke24.webp","contentUrl":"https:\/\/loewentestneu.metafex.io\/wp-content\/uploads\/2024\/11\/Neydent-Zahncreme-Vitorgan-PZN-1490549-Lowenapotheke24.webp","width":600,"height":600,"caption":"Das Bild zeigt die Zahncreme Neydent. Vitorgan-PZN 1490549. L\u00f6wen Apotheke - Lions Pharmacy"},{"@type":"BreadcrumbList","@id":"https:\/\/loewentestneu.metafex.io\/de\/produkt\/neydent-dental-cream-50ml-01490549#breadcrumb","itemListElement":[{"@type":"ListItem","position":1,"name":"Home","item":"https:\/\/loewentestneu.metafex.io\/de\/homepage-lion-pharmacy"},{"@type":"ListItem","position":2,"name":"Shop","item":"https:\/\/loewentestneu.metafex.io\/de\/shop-2"},{"@type":"ListItem","position":3,"name":"Neydent Zahncreme 50ml"}]},{"@type":"WebSite","@id":"https:\/\/loewentestneu.metafex.io\/de#website","url":"https:\/\/loewentestneu.metafex.io\/de","name":"Lions Pharmacy","description":"Ihr Spezialist f\u00fcr Naturheilkunde aus Baden-Baden, Germany","publisher":{"@id":"https:\/\/loewentestneu.metafex.io\/de#organization"},"alternateName":"Lion Pharmacy","potentialAction":[{"@type":"SearchAction","target":{"@type":"EntryPoint","urlTemplate":"https:\/\/loewentestneu.metafex.io\/de?s={search_term_string}"},"query-input":{"@type":"PropertyValueSpecification","valueRequired":true,"valueName":"search_term_string"}}],"inLanguage":"de"},{"@type":"Organization","@id":"https:\/\/loewentestneu.metafex.io\/de#organization","name":"Lions Pharmacy","alternateName":"Lions Pharmacy24","url":"https:\/\/loewentestneu.metafex.io\/de","logo":{"@type":"ImageObject","inLanguage":"de","@id":"https:\/\/loewentestneu.metafex.io\/de#\/schema\/logo\/image\/","url":"https:\/\/loewentestneu.metafex.io\/wp-content\/uploads\/2022\/12\/Logo-Lion-Pharmacy-c-o-Loewen-Apotheke-smal.jpg","contentUrl":"https:\/\/loewentestneu.metafex.io\/wp-content\/uploads\/2022\/12\/Logo-Lion-Pharmacy-c-o-Loewen-Apotheke-smal.jpg","width":298,"height":99,"caption":"Lions Pharmacy"},"image":{"@id":"https:\/\/loewentestneu.metafex.io\/de#\/schema\/logo\/image\/"}}]}},"_links":{"self":[{"href":"https:\/\/loewentestneu.metafex.io\/de\/wp-json\/wp\/v2\/product\/6904","targetHints":{"allow":["GET"]}}],"collection":[{"href":"https:\/\/loewentestneu.metafex.io\/de\/wp-json\/wp\/v2\/product"}],"about":[{"href":"https:\/\/loewentestneu.metafex.io\/de\/wp-json\/wp\/v2\/types\/product"}],"replies":[{"embeddable":true,"href":"https:\/\/loewentestneu.metafex.io\/de\/wp-json\/wp\/v2\/comments?post=6904"}],"wp:featuredmedia":[{"embeddable":true,"href":"https:\/\/loewentestneu.metafex.io\/de\/wp-json\/wp\/v2\/media\/6907"}],"wp:attachment":[{"href":"https:\/\/loewentestneu.metafex.io\/de\/wp-json\/wp\/v2\/media?parent=6904"}],"wp:term":[{"taxonomy":"product_brand","embeddable":true,"href":"https:\/\/loewentestneu.metafex.io\/de\/wp-json\/wp\/v2\/product_brand?post=6904"},{"taxonomy":"product_cat","embeddable":true,"href":"https:\/\/loewentestneu.metafex.io\/de\/wp-json\/wp\/v2\/product_cat?post=6904"},{"taxonomy":"product_tag","embeddable":true,"href":"https:\/\/loewentestneu.metafex.io\/de\/wp-json\/wp\/v2\/product_tag?post=6904"}],"curies":[{"name":"wp","href":"https:\/\/api.w.org\/{rel}","templated":true}]}}