{"id":6914,"date":"2024-11-28T11:27:18","date_gmt":"2024-11-28T10:27:18","guid":{"rendered":"https:\/\/lions-pharmacy.com\/?post_type=product&#038;p=6914"},"modified":"2025-01-25T19:10:30","modified_gmt":"2025-01-25T18:10:30","slug":"chondron-film-coated-tablets-60-pcs-00373824","status":"publish","type":"product","link":"https:\/\/loewentestneu.metafex.io\/de\/produkt\/chondron-film-coated-tablets-60-pcs-00373824","title":{"rendered":"Chondron Filmtabletten &#8211; Regena Ney &#8211; 60 Stk."},"content":{"rendered":"<h3>Chondron Filmtabletten<\/h3>\n<p>Chondron Filmtabletten Nahrungserg\u00e4nzungsmittel f\u00fcr die Gelenke. Nahrungserg\u00e4nzungsmittel mit Glucosaminsulfat, Methylsulfonylmethan, Chondroitinsulfat, Bromelain, Vitamin E-Acetat, Vitamin B6, Selen, Fols\u00e4ure, Mangan und Zink Glucosamin und Chondroitin sind nat\u00fcrliche Bausteine des Gelenkknorpels.<\/p>\n<p>Chondroitin wird im Gelenk verwendet, um die Elastizit\u00e4t des Knorpels zu gew\u00e4hrleisten. Die antioxidativen Zus\u00e4tze von Vitamin E, Zink und Selen k\u00f6nnen eine wichtige Schutzfunktion f\u00fcr die K\u00f6rperzellen \u00fcbernehmen. Zink tr\u00e4gt zur Erhaltung normaler Knochen bei und Fols\u00e4ure spielt eine wichtige Rolle bei der Zellregeneration.<\/p>\n<p>Die von vitOrgan angebotenen organhom\u00f6opathischen Pr\u00e4parate f\u00fcr die biomolekulare Therapie nutzen nat\u00fcrliche organische Substanzen mit regulierender und metabolischer Wirkung, um aus dem Gleichgewicht geratene Prozesse physiologisch zu normalisieren. Nach dem Grundsatz &#8220;Herz heilt Herz, Niere heilt Niere, Organ heilt Organ&#8221; geht es darum, durch gezielte Regulation die St\u00e4rke geschw\u00e4chter Zellen zu wecken.<br \/>\nUnser umfangreiches Portfolio bietet Ihnen hochwertige, registrierte Arzneimittel f\u00fcr die ganzheitliche Behandlung von Beschwerden von A wie Allergie bis Z wie Zirrhose. Erg\u00e4nzt wird das Sortiment durch Naturkosmetik, Nahrungserg\u00e4nzungsmittel, Haarwuchsmittel und Bachbl\u00fcten-Organkomplexe unserer Tochtergesellschaften Regena Ney und Innovapharm.<\/p>\n<p>Nahrungserg\u00e4nzungsmittel sind kein Ersatz f\u00fcr eine ausgewogene und abwechslungsreiche Ern\u00e4hrung und eine gesunde Lebensweise. Die empfohlene Tagesdosis sollte nicht \u00fcberschritten werden. Bewahren Sie das Produkt au\u00dferhalb der Reichweite von kleinen Kindern auf.<\/p>\n<p>Weitere Produkte f\u00fcr die Anwendung: <a href=\"https:\/\/loewentestneu.metafex.io\/produkt-kategorie\/vitorgan\">vitOrgan<\/a> | <a href=\"https:\/\/loewentestneu.metafex.io\/product-tag\/vitamins-supplements\">Vitamine &amp; Nahrungserg\u00e4nzungsmittel Produkte<\/a><br \/>\nErfahren Sie mehr \u00fcber den Hersteller und dieses Produkt: <a href=\"https:\/\/vitorgan.de\/en\/products\/\" target=\"_blank\" rel=\"noopener\">vitOrgan<\/a> (Link zu externer Website)<\/p>\n<p>Informationen auf dieser Website werden ausschlie\u00dflich f\u00fcr informative Zwecke zur Verf\u00fcgung gestellt. Sie ersetzen keinesfalls die Untersuchung und Behandlung durch einen Arzt. Bitte beachten Sie, dass hierdurch weder Diagnosen gestellt noch Therapien eingeleitet werden k\u00f6nnen.<\/p>\n<p>Zu Risiken und Nebenwirkungen lesen Sie bitte die Packungsbeilage und fragen Sie Ihren Arzt oder Apotheker.<\/p>\n","protected":false},"excerpt":{"rendered":"<h2>Chondron Filmtabletten 60 Stk.<\/h2>\n<p>Nahrungserg\u00e4nzungsmittel f\u00fcr die Gelenke.<\/p>\n<p>&nbsp;<\/p>\n<p>PZN: 00373824 (Apotheken-Zentralnummer)<\/p>\n<p>Darreichungsform: Filmtabletten<\/p>\n<p>Verordnungsart: Rezeptfrei<\/p>\n<p>Marke: Regena Ney<\/p>\n<p>Hersteller: vitOrgan GmbH &amp; Co.KG, Ostfildern, Germany<\/p>\n<p>Packungsgr\u00f6\u00dfe: 60 Stk.<\/p>\n","protected":false},"featured_media":6917,"comment_status":"closed","ping_status":"closed","template":"","meta":[],"product_brand":[],"product_cat":[368,371],"product_tag":[381,426],"class_list":{"0":"post-6914","1":"product","2":"type-product","3":"status-publish","4":"has-post-thumbnail","6":"product_cat-shop-de","7":"product_cat-vitorgan-de","8":"product_tag-homoopathie","9":"product_tag-neydil-de","10":"ts_product_brand-alle","11":"ts_product_brand-vitorgan-de","13":"first","14":"instock","15":"sale","16":"taxable","17":"shipping-taxable","18":"purchasable","19":"product-type-simple"},"yoast_head":"<!-- This site is optimized with the Yoast SEO plugin v26.5 - https:\/\/yoast.com\/wordpress\/plugins\/seo\/ -->\n<title>Chondron Filmtabletten - Regena Ney - 60 Stk. &#187; hier bestellen<\/title>\n<meta name=\"description\" content=\"Registrierte deutsche Online-Apotheke | Schneller internationaler Versand | Produkt hergestellt von vitOrgan: Chondron Filmtabletten - Regena Ney - 60 Stk.\" \/>\n<meta name=\"robots\" content=\"noindex, follow, max-snippet:-1, max-image-preview:large, max-video-preview:-1\" \/>\n<meta property=\"og:locale\" content=\"de_DE\" \/>\n<meta property=\"og:type\" content=\"article\" \/>\n<meta property=\"og:title\" content=\"Chondron Filmtabletten - Regena Ney - 60 Stk. &#187; hier bestellen\" \/>\n<meta property=\"og:description\" content=\"Registrierte deutsche Online-Apotheke | Schneller internationaler Versand | Produkt hergestellt von vitOrgan: Chondron Filmtabletten - Regena Ney - 60 Stk.\" \/>\n<meta property=\"og:url\" content=\"https:\/\/loewentestneu.metafex.io\/de\/produkt\/chondron-film-coated-tablets-60-pcs-00373824\" \/>\n<meta property=\"og:site_name\" content=\"L\u00f6wen Apotheke\" \/>\n<meta property=\"article:modified_time\" content=\"2025-01-25T18:10:30+00:00\" \/>\n<meta property=\"og:image\" content=\"https:\/\/loewentestneu.metafex.io\/wp-content\/uploads\/2024\/11\/Chondron-Vitorgan-PZN-00373824-Lowenapotheke24.webp\" \/>\n\t<meta property=\"og:image:width\" content=\"600\" \/>\n\t<meta property=\"og:image:height\" content=\"600\" \/>\n\t<meta property=\"og:image:type\" content=\"image\/webp\" \/>\n<meta name=\"twitter:card\" content=\"summary_large_image\" \/>\n<meta name=\"twitter:label1\" content=\"Gesch\u00e4tzte Lesezeit\" \/>\n\t<meta name=\"twitter:data1\" content=\"2\u00a0Minuten\" \/>\n<script type=\"application\/ld+json\" class=\"yoast-schema-graph\">{\"@context\":\"https:\/\/schema.org\",\"@graph\":[{\"@type\":\"WebPage\",\"@id\":\"https:\/\/loewentestneu.metafex.io\/de\/produkt\/chondron-film-coated-tablets-60-pcs-00373824\",\"url\":\"https:\/\/loewentestneu.metafex.io\/de\/produkt\/chondron-film-coated-tablets-60-pcs-00373824\",\"name\":\"Chondron Filmtabletten - Regena Ney - 60 Stk. &#187; hier bestellen\",\"isPartOf\":{\"@id\":\"https:\/\/loewentestneu.metafex.io\/de#website\"},\"primaryImageOfPage\":{\"@id\":\"https:\/\/loewentestneu.metafex.io\/de\/produkt\/chondron-film-coated-tablets-60-pcs-00373824#primaryimage\"},\"image\":{\"@id\":\"https:\/\/loewentestneu.metafex.io\/de\/produkt\/chondron-film-coated-tablets-60-pcs-00373824#primaryimage\"},\"thumbnailUrl\":\"https:\/\/loewentestneu.metafex.io\/wp-content\/uploads\/2024\/11\/Chondron-Vitorgan-PZN-00373824-Lowenapotheke24.webp\",\"datePublished\":\"2024-11-28T10:27:18+00:00\",\"dateModified\":\"2025-01-25T18:10:30+00:00\",\"description\":\"Registrierte deutsche Online-Apotheke | Schneller internationaler Versand | Produkt hergestellt von vitOrgan: Chondron Filmtabletten - Regena Ney - 60 Stk.\",\"breadcrumb\":{\"@id\":\"https:\/\/loewentestneu.metafex.io\/de\/produkt\/chondron-film-coated-tablets-60-pcs-00373824#breadcrumb\"},\"inLanguage\":\"de\",\"potentialAction\":[{\"@type\":\"ReadAction\",\"target\":[\"https:\/\/loewentestneu.metafex.io\/de\/produkt\/chondron-film-coated-tablets-60-pcs-00373824\"]}]},{\"@type\":\"ImageObject\",\"inLanguage\":\"de\",\"@id\":\"https:\/\/loewentestneu.metafex.io\/de\/produkt\/chondron-film-coated-tablets-60-pcs-00373824#primaryimage\",\"url\":\"https:\/\/loewentestneu.metafex.io\/wp-content\/uploads\/2024\/11\/Chondron-Vitorgan-PZN-00373824-Lowenapotheke24.webp\",\"contentUrl\":\"https:\/\/loewentestneu.metafex.io\/wp-content\/uploads\/2024\/11\/Chondron-Vitorgan-PZN-00373824-Lowenapotheke24.webp\",\"width\":600,\"height\":600,\"caption\":\"Das Bild zeigt Chondron von Vitorgan. PZN 00373824. L\u00f6wen Apotheke - Lions Pharmacy\"},{\"@type\":\"BreadcrumbList\",\"@id\":\"https:\/\/loewentestneu.metafex.io\/de\/produkt\/chondron-film-coated-tablets-60-pcs-00373824#breadcrumb\",\"itemListElement\":[{\"@type\":\"ListItem\",\"position\":1,\"name\":\"Home\",\"item\":\"https:\/\/loewentestneu.metafex.io\/de\/homepage-lion-pharmacy\"},{\"@type\":\"ListItem\",\"position\":2,\"name\":\"Shop\",\"item\":\"https:\/\/loewentestneu.metafex.io\/de\/shop-2\"},{\"@type\":\"ListItem\",\"position\":3,\"name\":\"Chondron Filmtabletten &#8211; Regena Ney &#8211; 60 Stk.\"}]},{\"@type\":\"WebSite\",\"@id\":\"https:\/\/loewentestneu.metafex.io\/de#website\",\"url\":\"https:\/\/loewentestneu.metafex.io\/de\",\"name\":\"Lions Pharmacy\",\"description\":\"Ihr Spezialist f\u00fcr Naturheilkunde aus Baden-Baden, Germany\",\"publisher\":{\"@id\":\"https:\/\/loewentestneu.metafex.io\/de#organization\"},\"alternateName\":\"Lion Pharmacy\",\"potentialAction\":[{\"@type\":\"SearchAction\",\"target\":{\"@type\":\"EntryPoint\",\"urlTemplate\":\"https:\/\/loewentestneu.metafex.io\/de?s={search_term_string}\"},\"query-input\":{\"@type\":\"PropertyValueSpecification\",\"valueRequired\":true,\"valueName\":\"search_term_string\"}}],\"inLanguage\":\"de\"},{\"@type\":\"Organization\",\"@id\":\"https:\/\/loewentestneu.metafex.io\/de#organization\",\"name\":\"Lions Pharmacy\",\"alternateName\":\"Lions Pharmacy24\",\"url\":\"https:\/\/loewentestneu.metafex.io\/de\",\"logo\":{\"@type\":\"ImageObject\",\"inLanguage\":\"de\",\"@id\":\"https:\/\/loewentestneu.metafex.io\/de#\/schema\/logo\/image\/\",\"url\":\"https:\/\/loewentestneu.metafex.io\/wp-content\/uploads\/2022\/12\/Logo-Lion-Pharmacy-c-o-Loewen-Apotheke-smal.jpg\",\"contentUrl\":\"https:\/\/loewentestneu.metafex.io\/wp-content\/uploads\/2022\/12\/Logo-Lion-Pharmacy-c-o-Loewen-Apotheke-smal.jpg\",\"width\":298,\"height\":99,\"caption\":\"Lions Pharmacy\"},\"image\":{\"@id\":\"https:\/\/loewentestneu.metafex.io\/de#\/schema\/logo\/image\/\"}}]}<\/script>\n<!-- \/ Yoast SEO plugin. -->","yoast_head_json":{"title":"Chondron Filmtabletten - Regena Ney - 60 Stk. &#187; hier bestellen","description":"Registrierte deutsche Online-Apotheke | Schneller internationaler Versand | Produkt hergestellt von vitOrgan: Chondron Filmtabletten - Regena Ney - 60 Stk.","robots":{"index":"noindex","follow":"follow","max-snippet":"max-snippet:-1","max-image-preview":"max-image-preview:large","max-video-preview":"max-video-preview:-1"},"og_locale":"de_DE","og_type":"article","og_title":"Chondron Filmtabletten - Regena Ney - 60 Stk. &#187; hier bestellen","og_description":"Registrierte deutsche Online-Apotheke | Schneller internationaler Versand | Produkt hergestellt von vitOrgan: Chondron Filmtabletten - Regena Ney - 60 Stk.","og_url":"https:\/\/loewentestneu.metafex.io\/de\/produkt\/chondron-film-coated-tablets-60-pcs-00373824","og_site_name":"L\u00f6wen Apotheke","article_modified_time":"2025-01-25T18:10:30+00:00","og_image":[{"width":600,"height":600,"url":"https:\/\/loewentestneu.metafex.io\/wp-content\/uploads\/2024\/11\/Chondron-Vitorgan-PZN-00373824-Lowenapotheke24.webp","type":"image\/webp"}],"twitter_card":"summary_large_image","twitter_misc":{"Gesch\u00e4tzte Lesezeit":"2\u00a0Minuten"},"schema":{"@context":"https:\/\/schema.org","@graph":[{"@type":"WebPage","@id":"https:\/\/loewentestneu.metafex.io\/de\/produkt\/chondron-film-coated-tablets-60-pcs-00373824","url":"https:\/\/loewentestneu.metafex.io\/de\/produkt\/chondron-film-coated-tablets-60-pcs-00373824","name":"Chondron Filmtabletten - Regena Ney - 60 Stk. &#187; hier bestellen","isPartOf":{"@id":"https:\/\/loewentestneu.metafex.io\/de#website"},"primaryImageOfPage":{"@id":"https:\/\/loewentestneu.metafex.io\/de\/produkt\/chondron-film-coated-tablets-60-pcs-00373824#primaryimage"},"image":{"@id":"https:\/\/loewentestneu.metafex.io\/de\/produkt\/chondron-film-coated-tablets-60-pcs-00373824#primaryimage"},"thumbnailUrl":"https:\/\/loewentestneu.metafex.io\/wp-content\/uploads\/2024\/11\/Chondron-Vitorgan-PZN-00373824-Lowenapotheke24.webp","datePublished":"2024-11-28T10:27:18+00:00","dateModified":"2025-01-25T18:10:30+00:00","description":"Registrierte deutsche Online-Apotheke | Schneller internationaler Versand | Produkt hergestellt von vitOrgan: Chondron Filmtabletten - Regena Ney - 60 Stk.","breadcrumb":{"@id":"https:\/\/loewentestneu.metafex.io\/de\/produkt\/chondron-film-coated-tablets-60-pcs-00373824#breadcrumb"},"inLanguage":"de","potentialAction":[{"@type":"ReadAction","target":["https:\/\/loewentestneu.metafex.io\/de\/produkt\/chondron-film-coated-tablets-60-pcs-00373824"]}]},{"@type":"ImageObject","inLanguage":"de","@id":"https:\/\/loewentestneu.metafex.io\/de\/produkt\/chondron-film-coated-tablets-60-pcs-00373824#primaryimage","url":"https:\/\/loewentestneu.metafex.io\/wp-content\/uploads\/2024\/11\/Chondron-Vitorgan-PZN-00373824-Lowenapotheke24.webp","contentUrl":"https:\/\/loewentestneu.metafex.io\/wp-content\/uploads\/2024\/11\/Chondron-Vitorgan-PZN-00373824-Lowenapotheke24.webp","width":600,"height":600,"caption":"Das Bild zeigt Chondron von Vitorgan. PZN 00373824. L\u00f6wen Apotheke - Lions Pharmacy"},{"@type":"BreadcrumbList","@id":"https:\/\/loewentestneu.metafex.io\/de\/produkt\/chondron-film-coated-tablets-60-pcs-00373824#breadcrumb","itemListElement":[{"@type":"ListItem","position":1,"name":"Home","item":"https:\/\/loewentestneu.metafex.io\/de\/homepage-lion-pharmacy"},{"@type":"ListItem","position":2,"name":"Shop","item":"https:\/\/loewentestneu.metafex.io\/de\/shop-2"},{"@type":"ListItem","position":3,"name":"Chondron Filmtabletten &#8211; Regena Ney &#8211; 60 Stk."}]},{"@type":"WebSite","@id":"https:\/\/loewentestneu.metafex.io\/de#website","url":"https:\/\/loewentestneu.metafex.io\/de","name":"Lions Pharmacy","description":"Ihr Spezialist f\u00fcr Naturheilkunde aus Baden-Baden, Germany","publisher":{"@id":"https:\/\/loewentestneu.metafex.io\/de#organization"},"alternateName":"Lion Pharmacy","potentialAction":[{"@type":"SearchAction","target":{"@type":"EntryPoint","urlTemplate":"https:\/\/loewentestneu.metafex.io\/de?s={search_term_string}"},"query-input":{"@type":"PropertyValueSpecification","valueRequired":true,"valueName":"search_term_string"}}],"inLanguage":"de"},{"@type":"Organization","@id":"https:\/\/loewentestneu.metafex.io\/de#organization","name":"Lions Pharmacy","alternateName":"Lions Pharmacy24","url":"https:\/\/loewentestneu.metafex.io\/de","logo":{"@type":"ImageObject","inLanguage":"de","@id":"https:\/\/loewentestneu.metafex.io\/de#\/schema\/logo\/image\/","url":"https:\/\/loewentestneu.metafex.io\/wp-content\/uploads\/2022\/12\/Logo-Lion-Pharmacy-c-o-Loewen-Apotheke-smal.jpg","contentUrl":"https:\/\/loewentestneu.metafex.io\/wp-content\/uploads\/2022\/12\/Logo-Lion-Pharmacy-c-o-Loewen-Apotheke-smal.jpg","width":298,"height":99,"caption":"Lions Pharmacy"},"image":{"@id":"https:\/\/loewentestneu.metafex.io\/de#\/schema\/logo\/image\/"}}]}},"_links":{"self":[{"href":"https:\/\/loewentestneu.metafex.io\/de\/wp-json\/wp\/v2\/product\/6914","targetHints":{"allow":["GET"]}}],"collection":[{"href":"https:\/\/loewentestneu.metafex.io\/de\/wp-json\/wp\/v2\/product"}],"about":[{"href":"https:\/\/loewentestneu.metafex.io\/de\/wp-json\/wp\/v2\/types\/product"}],"replies":[{"embeddable":true,"href":"https:\/\/loewentestneu.metafex.io\/de\/wp-json\/wp\/v2\/comments?post=6914"}],"wp:featuredmedia":[{"embeddable":true,"href":"https:\/\/loewentestneu.metafex.io\/de\/wp-json\/wp\/v2\/media\/6917"}],"wp:attachment":[{"href":"https:\/\/loewentestneu.metafex.io\/de\/wp-json\/wp\/v2\/media?parent=6914"}],"wp:term":[{"taxonomy":"product_brand","embeddable":true,"href":"https:\/\/loewentestneu.metafex.io\/de\/wp-json\/wp\/v2\/product_brand?post=6914"},{"taxonomy":"product_cat","embeddable":true,"href":"https:\/\/loewentestneu.metafex.io\/de\/wp-json\/wp\/v2\/product_cat?post=6914"},{"taxonomy":"product_tag","embeddable":true,"href":"https:\/\/loewentestneu.metafex.io\/de\/wp-json\/wp\/v2\/product_tag?post=6914"}],"curies":[{"name":"wp","href":"https:\/\/api.w.org\/{rel}","templated":true}]}}