{"id":6945,"date":"2024-11-28T11:54:34","date_gmt":"2024-11-28T10:54:34","guid":{"rendered":"https:\/\/lions-pharmacy.com\/?post_type=product&#038;p=6945"},"modified":"2025-01-25T19:04:32","modified_gmt":"2025-01-25T18:04:32","slug":"eye-nutrition-tablets-regena-ney-60-pcs-03317536","status":"publish","type":"product","link":"https:\/\/loewentestneu.metafex.io\/de\/produkt\/eye-nutrition-tablets-regena-ney-60-pcs-03317536","title":{"rendered":"Augenern\u00e4hrung Tabletten &#8211; Regena Ney &#8211; 60 Stk."},"content":{"rendered":"<h3>Augenern\u00e4hrung Tabletten &#8211; Regena Ney<\/h3>\n<p>Augenern\u00e4hrung Filmtabletten eine Kombination aus Lutein, Zeaxanthin, Vitaminen und Mineralstoffen. Nahrungserg\u00e4nzungsmittel. Vitamin A und Vitamin B2 tragen zur Erhaltung einer normalen Sehkraft bei.<\/p>\n<p>Wahre Sch\u00f6nheit kommt von innen, aber jeder m\u00f6chte seine Attraktivit\u00e4t auch nach au\u00dfen hin deutlich zeigen k\u00f6nnen. Dies gelingt am besten mit biomolekularen Faktoren, die die Zellregeneration f\u00f6rdern. VitOrgan ist Spezialist f\u00fcr Forschung und Entwicklung, und seine &#8220;sch\u00f6ne Tochter&#8221; Regena Ney Cosmetic kann auf eine F\u00fclle von Ressourcen zur\u00fcckgreifen. Dabei soll vor allem die Nat\u00fcrlichkeit erhalten bleiben, deshalb wird bei der Entwicklung neuer Produkte ein besonderes Augenmerk auf die ausgew\u00e4hlten Inhaltsstoffe gelegt.<\/p>\n<p>Die empfohlene Tagesdosis von 1 Filmtablette pro Tag darf nicht \u00fcberschritten werden.<\/p>\n<p>Augenern\u00e4hrung ist kein Ersatz f\u00fcr eine ausgewogene und abwechslungsreiche Ern\u00e4hrung und einen gesunden Lebensstil.<\/p>\n<p>Das Produkt enth\u00e4lt Vitamin A. Schwangere Frauen und Frauen, bei denen eine Schwangerschaft nicht ausgeschlossen werden kann, sollten vor Beginn des Verzehrs des Produkts ihren Arzt konsultieren.<\/p>\n<p>Nahrungserg\u00e4nzungsmittel sind kein Ersatz f\u00fcr eine ausgewogene und abwechslungsreiche Ern\u00e4hrung und eine gesunde Lebensweise. Die empfohlene Tagesdosis sollte nicht \u00fcberschritten werden. Bewahren Sie das Produkt au\u00dferhalb der Reichweite von kleinen Kindern auf.<\/p>\n<p>Weitere Produkte f\u00fcr die Anwendung: <a href=\"https:\/\/loewentestneu.metafex.io\/produkt-kategorie\/vitorgan\">vitOrgan<\/a> | <a href=\"https:\/\/loewentestneu.metafex.io\/product-tag\/vitamins-supplements\">Vitamine &amp; Nahrungserg\u00e4nzungsmittel Produkte<\/a><br \/>\nErfahren Sie mehr \u00fcber den Hersteller und dieses Produkt: <a href=\"https:\/\/vitorgan.de\/en\/products\/\" target=\"_blank\" rel=\"noopener\">vitOrgan<\/a> (Link zu externer Website)<\/p>\n<p>Informationen auf dieser Website werden ausschlie\u00dflich f\u00fcr informative Zwecke zur Verf\u00fcgung gestellt. Sie ersetzen keinesfalls die Untersuchung und Behandlung durch einen Arzt. Bitte beachten Sie, dass hierdurch weder Diagnosen gestellt noch Therapien eingeleitet werden k\u00f6nnen.<\/p>\n<p>Zu Risiken und Nebenwirkungen lesen Sie die Packungsbeilage und fragen Sie Ihren Arzt oder Apotheker.<\/p>\n","protected":false},"excerpt":{"rendered":"<h2>Augenern\u00e4hrung Tabletten 60 Stk.<\/h2>\n<p>Augenern\u00e4hrungstabletten enthalten eine Kombination aus Lutein, Zeaxanthin, Vitaminen und Mineralstoffen.<\/p>\n<p>&nbsp;<\/p>\n<p>PZN: 03317536 (Apotheken-Zentralnummer)<\/p>\n<p>Darreichungsform: Filmtabletten<\/p>\n<p>Verordnungsart: Rezeptfrei<\/p>\n<p>Marke: Regena Ney<\/p>\n<p>Hersteller: vitOrgan GmbH &amp; Co.KG, Ostfildern, Germany<\/p>\n<p>Packungsgr\u00f6\u00dfe: 60 Stk.<\/p>\n","protected":false},"featured_media":6948,"comment_status":"closed","ping_status":"closed","template":"","meta":[],"product_brand":[],"product_cat":[367,368,371],"product_tag":[381,426],"class_list":{"0":"post-6945","1":"product","2":"type-product","3":"status-publish","4":"has-post-thumbnail","6":"product_cat-sale-de","7":"product_cat-shop-de","8":"product_cat-vitorgan-de","9":"product_tag-homoopathie","10":"product_tag-neydil-de","11":"ts_product_brand-alle","12":"ts_product_brand-vitorgan-de","14":"first","15":"instock","16":"sale","17":"taxable","18":"shipping-taxable","19":"purchasable","20":"product-type-simple"},"yoast_head":"<!-- This site is optimized with the Yoast SEO plugin v26.5 - https:\/\/yoast.com\/wordpress\/plugins\/seo\/ -->\n<title>Augenern\u00e4hrung Tabletten - Regena Ney - 60 Stk. &#187; L\u00f6wen Apotheke - Bestelle es hier<\/title>\n<meta name=\"description\" content=\"Registrierte deutsche Online-Apotheke | Schneller internationaler Versand | Produkt hergestellt von vitOrgan: Augenern\u00e4hrung Tabletten - Regena Ney - 60 Stk.\" \/>\n<meta name=\"robots\" content=\"noindex, follow, max-snippet:-1, max-image-preview:large, max-video-preview:-1\" \/>\n<meta property=\"og:locale\" content=\"de_DE\" \/>\n<meta property=\"og:type\" content=\"article\" \/>\n<meta property=\"og:title\" content=\"Augenern\u00e4hrung Tabletten - Regena Ney - 60 Stk. &#187; L\u00f6wen Apotheke - Bestelle es hier\" \/>\n<meta property=\"og:description\" content=\"Registrierte deutsche Online-Apotheke | Schneller internationaler Versand | Produkt hergestellt von vitOrgan: Augenern\u00e4hrung Tabletten - Regena Ney - 60 Stk.\" \/>\n<meta property=\"og:url\" content=\"https:\/\/loewentestneu.metafex.io\/de\/produkt\/eye-nutrition-tablets-regena-ney-60-pcs-03317536\" \/>\n<meta property=\"og:site_name\" content=\"L\u00f6wen Apotheke\" \/>\n<meta property=\"article:modified_time\" content=\"2025-01-25T18:04:32+00:00\" \/>\n<meta property=\"og:image\" content=\"https:\/\/loewentestneu.metafex.io\/wp-content\/uploads\/2024\/11\/Augennahrung-Vitorgan-PZN-03317536-Lowenapotheke24.webp\" \/>\n\t<meta property=\"og:image:width\" content=\"600\" \/>\n\t<meta property=\"og:image:height\" content=\"600\" \/>\n\t<meta property=\"og:image:type\" content=\"image\/webp\" \/>\n<meta name=\"twitter:card\" content=\"summary_large_image\" \/>\n<meta name=\"twitter:label1\" content=\"Gesch\u00e4tzte Lesezeit\" \/>\n\t<meta name=\"twitter:data1\" content=\"2\u00a0Minuten\" \/>\n<script type=\"application\/ld+json\" class=\"yoast-schema-graph\">{\"@context\":\"https:\/\/schema.org\",\"@graph\":[{\"@type\":\"WebPage\",\"@id\":\"https:\/\/loewentestneu.metafex.io\/de\/produkt\/eye-nutrition-tablets-regena-ney-60-pcs-03317536\",\"url\":\"https:\/\/loewentestneu.metafex.io\/de\/produkt\/eye-nutrition-tablets-regena-ney-60-pcs-03317536\",\"name\":\"Augenern\u00e4hrung Tabletten - Regena Ney - 60 Stk. &#187; L\u00f6wen Apotheke - Bestelle es hier\",\"isPartOf\":{\"@id\":\"https:\/\/loewentestneu.metafex.io\/de#website\"},\"primaryImageOfPage\":{\"@id\":\"https:\/\/loewentestneu.metafex.io\/de\/produkt\/eye-nutrition-tablets-regena-ney-60-pcs-03317536#primaryimage\"},\"image\":{\"@id\":\"https:\/\/loewentestneu.metafex.io\/de\/produkt\/eye-nutrition-tablets-regena-ney-60-pcs-03317536#primaryimage\"},\"thumbnailUrl\":\"https:\/\/loewentestneu.metafex.io\/wp-content\/uploads\/2024\/11\/Augennahrung-Vitorgan-PZN-03317536-Lowenapotheke24.webp\",\"datePublished\":\"2024-11-28T10:54:34+00:00\",\"dateModified\":\"2025-01-25T18:04:32+00:00\",\"description\":\"Registrierte deutsche Online-Apotheke | Schneller internationaler Versand | Produkt hergestellt von vitOrgan: Augenern\u00e4hrung Tabletten - Regena Ney - 60 Stk.\",\"breadcrumb\":{\"@id\":\"https:\/\/loewentestneu.metafex.io\/de\/produkt\/eye-nutrition-tablets-regena-ney-60-pcs-03317536#breadcrumb\"},\"inLanguage\":\"de\",\"potentialAction\":[{\"@type\":\"ReadAction\",\"target\":[\"https:\/\/loewentestneu.metafex.io\/de\/produkt\/eye-nutrition-tablets-regena-ney-60-pcs-03317536\"]}]},{\"@type\":\"ImageObject\",\"inLanguage\":\"de\",\"@id\":\"https:\/\/loewentestneu.metafex.io\/de\/produkt\/eye-nutrition-tablets-regena-ney-60-pcs-03317536#primaryimage\",\"url\":\"https:\/\/loewentestneu.metafex.io\/wp-content\/uploads\/2024\/11\/Augennahrung-Vitorgan-PZN-03317536-Lowenapotheke24.webp\",\"contentUrl\":\"https:\/\/loewentestneu.metafex.io\/wp-content\/uploads\/2024\/11\/Augennahrung-Vitorgan-PZN-03317536-Lowenapotheke24.webp\",\"width\":600,\"height\":600,\"caption\":\"Bilder zeigen Augenern\u00e4hrung Tabletten - Regena Ney 60 Stk. Vitorgan PZN 03317536 Lions Apotheke\"},{\"@type\":\"BreadcrumbList\",\"@id\":\"https:\/\/loewentestneu.metafex.io\/de\/produkt\/eye-nutrition-tablets-regena-ney-60-pcs-03317536#breadcrumb\",\"itemListElement\":[{\"@type\":\"ListItem\",\"position\":1,\"name\":\"Home\",\"item\":\"https:\/\/loewentestneu.metafex.io\/de\/homepage-lion-pharmacy\"},{\"@type\":\"ListItem\",\"position\":2,\"name\":\"Shop\",\"item\":\"https:\/\/loewentestneu.metafex.io\/de\/shop-2\"},{\"@type\":\"ListItem\",\"position\":3,\"name\":\"Augenern\u00e4hrung Tabletten &#8211; Regena Ney &#8211; 60 Stk.\"}]},{\"@type\":\"WebSite\",\"@id\":\"https:\/\/loewentestneu.metafex.io\/de#website\",\"url\":\"https:\/\/loewentestneu.metafex.io\/de\",\"name\":\"Lions Pharmacy\",\"description\":\"Ihr Spezialist f\u00fcr Naturheilkunde aus Baden-Baden, Germany\",\"publisher\":{\"@id\":\"https:\/\/loewentestneu.metafex.io\/de#organization\"},\"alternateName\":\"Lion Pharmacy\",\"potentialAction\":[{\"@type\":\"SearchAction\",\"target\":{\"@type\":\"EntryPoint\",\"urlTemplate\":\"https:\/\/loewentestneu.metafex.io\/de?s={search_term_string}\"},\"query-input\":{\"@type\":\"PropertyValueSpecification\",\"valueRequired\":true,\"valueName\":\"search_term_string\"}}],\"inLanguage\":\"de\"},{\"@type\":\"Organization\",\"@id\":\"https:\/\/loewentestneu.metafex.io\/de#organization\",\"name\":\"Lions Pharmacy\",\"alternateName\":\"Lions Pharmacy24\",\"url\":\"https:\/\/loewentestneu.metafex.io\/de\",\"logo\":{\"@type\":\"ImageObject\",\"inLanguage\":\"de\",\"@id\":\"https:\/\/loewentestneu.metafex.io\/de#\/schema\/logo\/image\/\",\"url\":\"https:\/\/loewentestneu.metafex.io\/wp-content\/uploads\/2022\/12\/Logo-Lion-Pharmacy-c-o-Loewen-Apotheke-smal.jpg\",\"contentUrl\":\"https:\/\/loewentestneu.metafex.io\/wp-content\/uploads\/2022\/12\/Logo-Lion-Pharmacy-c-o-Loewen-Apotheke-smal.jpg\",\"width\":298,\"height\":99,\"caption\":\"Lions Pharmacy\"},\"image\":{\"@id\":\"https:\/\/loewentestneu.metafex.io\/de#\/schema\/logo\/image\/\"}}]}<\/script>\n<!-- \/ Yoast SEO plugin. -->","yoast_head_json":{"title":"Augenern\u00e4hrung Tabletten - Regena Ney - 60 Stk. &#187; L\u00f6wen Apotheke - Bestelle es hier","description":"Registrierte deutsche Online-Apotheke | Schneller internationaler Versand | Produkt hergestellt von vitOrgan: Augenern\u00e4hrung Tabletten - Regena Ney - 60 Stk.","robots":{"index":"noindex","follow":"follow","max-snippet":"max-snippet:-1","max-image-preview":"max-image-preview:large","max-video-preview":"max-video-preview:-1"},"og_locale":"de_DE","og_type":"article","og_title":"Augenern\u00e4hrung Tabletten - Regena Ney - 60 Stk. &#187; L\u00f6wen Apotheke - Bestelle es hier","og_description":"Registrierte deutsche Online-Apotheke | Schneller internationaler Versand | Produkt hergestellt von vitOrgan: Augenern\u00e4hrung Tabletten - Regena Ney - 60 Stk.","og_url":"https:\/\/loewentestneu.metafex.io\/de\/produkt\/eye-nutrition-tablets-regena-ney-60-pcs-03317536","og_site_name":"L\u00f6wen Apotheke","article_modified_time":"2025-01-25T18:04:32+00:00","og_image":[{"width":600,"height":600,"url":"https:\/\/loewentestneu.metafex.io\/wp-content\/uploads\/2024\/11\/Augennahrung-Vitorgan-PZN-03317536-Lowenapotheke24.webp","type":"image\/webp"}],"twitter_card":"summary_large_image","twitter_misc":{"Gesch\u00e4tzte Lesezeit":"2\u00a0Minuten"},"schema":{"@context":"https:\/\/schema.org","@graph":[{"@type":"WebPage","@id":"https:\/\/loewentestneu.metafex.io\/de\/produkt\/eye-nutrition-tablets-regena-ney-60-pcs-03317536","url":"https:\/\/loewentestneu.metafex.io\/de\/produkt\/eye-nutrition-tablets-regena-ney-60-pcs-03317536","name":"Augenern\u00e4hrung Tabletten - Regena Ney - 60 Stk. &#187; L\u00f6wen Apotheke - Bestelle es hier","isPartOf":{"@id":"https:\/\/loewentestneu.metafex.io\/de#website"},"primaryImageOfPage":{"@id":"https:\/\/loewentestneu.metafex.io\/de\/produkt\/eye-nutrition-tablets-regena-ney-60-pcs-03317536#primaryimage"},"image":{"@id":"https:\/\/loewentestneu.metafex.io\/de\/produkt\/eye-nutrition-tablets-regena-ney-60-pcs-03317536#primaryimage"},"thumbnailUrl":"https:\/\/loewentestneu.metafex.io\/wp-content\/uploads\/2024\/11\/Augennahrung-Vitorgan-PZN-03317536-Lowenapotheke24.webp","datePublished":"2024-11-28T10:54:34+00:00","dateModified":"2025-01-25T18:04:32+00:00","description":"Registrierte deutsche Online-Apotheke | Schneller internationaler Versand | Produkt hergestellt von vitOrgan: Augenern\u00e4hrung Tabletten - Regena Ney - 60 Stk.","breadcrumb":{"@id":"https:\/\/loewentestneu.metafex.io\/de\/produkt\/eye-nutrition-tablets-regena-ney-60-pcs-03317536#breadcrumb"},"inLanguage":"de","potentialAction":[{"@type":"ReadAction","target":["https:\/\/loewentestneu.metafex.io\/de\/produkt\/eye-nutrition-tablets-regena-ney-60-pcs-03317536"]}]},{"@type":"ImageObject","inLanguage":"de","@id":"https:\/\/loewentestneu.metafex.io\/de\/produkt\/eye-nutrition-tablets-regena-ney-60-pcs-03317536#primaryimage","url":"https:\/\/loewentestneu.metafex.io\/wp-content\/uploads\/2024\/11\/Augennahrung-Vitorgan-PZN-03317536-Lowenapotheke24.webp","contentUrl":"https:\/\/loewentestneu.metafex.io\/wp-content\/uploads\/2024\/11\/Augennahrung-Vitorgan-PZN-03317536-Lowenapotheke24.webp","width":600,"height":600,"caption":"Bilder zeigen Augenern\u00e4hrung Tabletten - Regena Ney 60 Stk. Vitorgan PZN 03317536 Lions Apotheke"},{"@type":"BreadcrumbList","@id":"https:\/\/loewentestneu.metafex.io\/de\/produkt\/eye-nutrition-tablets-regena-ney-60-pcs-03317536#breadcrumb","itemListElement":[{"@type":"ListItem","position":1,"name":"Home","item":"https:\/\/loewentestneu.metafex.io\/de\/homepage-lion-pharmacy"},{"@type":"ListItem","position":2,"name":"Shop","item":"https:\/\/loewentestneu.metafex.io\/de\/shop-2"},{"@type":"ListItem","position":3,"name":"Augenern\u00e4hrung Tabletten &#8211; Regena Ney &#8211; 60 Stk."}]},{"@type":"WebSite","@id":"https:\/\/loewentestneu.metafex.io\/de#website","url":"https:\/\/loewentestneu.metafex.io\/de","name":"Lions Pharmacy","description":"Ihr Spezialist f\u00fcr Naturheilkunde aus Baden-Baden, Germany","publisher":{"@id":"https:\/\/loewentestneu.metafex.io\/de#organization"},"alternateName":"Lion Pharmacy","potentialAction":[{"@type":"SearchAction","target":{"@type":"EntryPoint","urlTemplate":"https:\/\/loewentestneu.metafex.io\/de?s={search_term_string}"},"query-input":{"@type":"PropertyValueSpecification","valueRequired":true,"valueName":"search_term_string"}}],"inLanguage":"de"},{"@type":"Organization","@id":"https:\/\/loewentestneu.metafex.io\/de#organization","name":"Lions Pharmacy","alternateName":"Lions Pharmacy24","url":"https:\/\/loewentestneu.metafex.io\/de","logo":{"@type":"ImageObject","inLanguage":"de","@id":"https:\/\/loewentestneu.metafex.io\/de#\/schema\/logo\/image\/","url":"https:\/\/loewentestneu.metafex.io\/wp-content\/uploads\/2022\/12\/Logo-Lion-Pharmacy-c-o-Loewen-Apotheke-smal.jpg","contentUrl":"https:\/\/loewentestneu.metafex.io\/wp-content\/uploads\/2022\/12\/Logo-Lion-Pharmacy-c-o-Loewen-Apotheke-smal.jpg","width":298,"height":99,"caption":"Lions Pharmacy"},"image":{"@id":"https:\/\/loewentestneu.metafex.io\/de#\/schema\/logo\/image\/"}}]}},"_links":{"self":[{"href":"https:\/\/loewentestneu.metafex.io\/de\/wp-json\/wp\/v2\/product\/6945","targetHints":{"allow":["GET"]}}],"collection":[{"href":"https:\/\/loewentestneu.metafex.io\/de\/wp-json\/wp\/v2\/product"}],"about":[{"href":"https:\/\/loewentestneu.metafex.io\/de\/wp-json\/wp\/v2\/types\/product"}],"replies":[{"embeddable":true,"href":"https:\/\/loewentestneu.metafex.io\/de\/wp-json\/wp\/v2\/comments?post=6945"}],"wp:featuredmedia":[{"embeddable":true,"href":"https:\/\/loewentestneu.metafex.io\/de\/wp-json\/wp\/v2\/media\/6948"}],"wp:attachment":[{"href":"https:\/\/loewentestneu.metafex.io\/de\/wp-json\/wp\/v2\/media?parent=6945"}],"wp:term":[{"taxonomy":"product_brand","embeddable":true,"href":"https:\/\/loewentestneu.metafex.io\/de\/wp-json\/wp\/v2\/product_brand?post=6945"},{"taxonomy":"product_cat","embeddable":true,"href":"https:\/\/loewentestneu.metafex.io\/de\/wp-json\/wp\/v2\/product_cat?post=6945"},{"taxonomy":"product_tag","embeddable":true,"href":"https:\/\/loewentestneu.metafex.io\/de\/wp-json\/wp\/v2\/product_tag?post=6945"}],"curies":[{"name":"wp","href":"https:\/\/api.w.org\/{rel}","templated":true}]}}