{"id":6960,"date":"2024-11-28T12:09:20","date_gmt":"2024-11-28T11:09:20","guid":{"rendered":"https:\/\/lions-pharmacy.com\/?post_type=product&#038;p=6960"},"modified":"2025-01-25T19:00:55","modified_gmt":"2025-01-25T18:00:55","slug":"climafem-film-coated-tablets-60-pcs-03353070","status":"publish","type":"product","link":"https:\/\/loewentestneu.metafex.io\/de\/produkt\/climafem-film-coated-tablets-60-pcs-03353070","title":{"rendered":"Climafem Filmtabletten 60 Stk."},"content":{"rendered":"<h3>Climafem Filmtabletten<\/h3>\n<p>Climafem Filmtabletten f\u00fcr Frauen in den Wechseljahren. Nahrungserg\u00e4nzungsmittel. Mit nativem \u00d6l, das aus den Samen der Perilla-Pflanze gepresst wird &#8211; dem Omega-3-Spitzenreiter mit einem au\u00dfergew\u00f6hnlich hohen Gehalt an Alpha-Linolens\u00e4ure. Die Zugabe von Leinsamenpulver mit seinem hohen Gehalt an pflanzlichen Lignanen, einem Phyto\u00f6strogen, das sich positiv auf den sinkenden \u00d6strogenspiegel in den Wechseljahren auswirken kann.<\/p>\n<p>Salbeiextrakt hilft gegen \u00fcberm\u00e4\u00dfiges Schwitzen. Die B-Vitamine wirken regulierend auf die Hormonaktivit\u00e4t und helfen, M\u00fcdigkeit und Erm\u00fcdung zu reduzieren. Zink tr\u00e4gt zur Erhaltung normaler Haare, Haut, Knochen und N\u00e4gel bei.<\/p>\n<p>Wahre Sch\u00f6nheit kommt von innen, aber jeder m\u00f6chte auch nach au\u00dfen hin gut sichtbar sein. Dies gelingt am besten mit biomolekularen Faktoren, die der Zellregeneration dienen. vitOrgan ist hier Spezialist f\u00fcr Forschung und Entwicklung, und die &#8220;sch\u00f6ne Tochter&#8221; Regena Ney Cosmetic kann auf eine F\u00fclle von Ressourcen zur\u00fcckgreifen. Dabei soll vor allem die Nat\u00fcrlichkeit erhalten bleiben, daher wird bei der Entwicklung neuer Produkte ein besonderes Augenmerk auf die ausgew\u00e4hlten Inhaltsstoffe gelegt.<\/p>\n<p>Weitere Produkte f\u00fcr die Anwendung: <a href=\"https:\/\/loewentestneu.metafex.io\/produkt-kategorie\/vitorgan\">vitOrgan<\/a> |<br \/>\nErfahren Sie mehr \u00fcber den Hersteller und dieses Produkt: <a href=\"https:\/\/vitorgan.de\/en\/products\/\" target=\"_blank\" rel=\"noopener\">vitOrgan<\/a> (Link zu externer Website)<\/p>\n<p>Informationen auf dieser Website werden ausschlie\u00dflich f\u00fcr informative Zwecke zur Verf\u00fcgung gestellt. Sie ersetzen keinesfalls die Untersuchung und Behandlung durch einen Arzt. Bitte beachten Sie, dass hierdurch weder Diagnosen gestellt noch Therapien eingeleitet werden k\u00f6nnen.<\/p>\n<p>Zu Risiken und Nebenwirkungen lesen Sie die Packungsbeilage und fragen Sie Ihren Arzt oder Apotheker.<\/p>\n","protected":false},"excerpt":{"rendered":"<h2>Climafem Filmtabletten 60 Stk.<\/h2>\n<p>f\u00fcr Frauen in den Wechseljahren.<\/p>\n<p>&nbsp;<\/p>\n<p>PZN: 03353070<\/p>\n<p>Darreichungsform: Filmtabletten<\/p>\n<p>Verordnungsart: Rezeptfrei<\/p>\n<p>Marke: vitOrgan<\/p>\n<p>Hersteller: vitOrgan GmbH &amp; Co.KG, Ostfildern, Germany<\/p>\n<p>Packungsgr\u00f6\u00dfe: 60 Stk.<\/p>\n","protected":false},"featured_media":6963,"comment_status":"closed","ping_status":"closed","template":"","meta":[],"product_brand":[],"product_cat":[368,371],"product_tag":[381,426],"class_list":{"0":"post-6960","1":"product","2":"type-product","3":"status-publish","4":"has-post-thumbnail","6":"product_cat-shop-de","7":"product_cat-vitorgan-de","8":"product_tag-homoopathie","9":"product_tag-neydil-de","10":"ts_product_brand-alle","11":"ts_product_brand-vitorgan-de","13":"first","14":"instock","15":"sale","16":"taxable","17":"shipping-taxable","18":"purchasable","19":"product-type-simple"},"yoast_head":"<!-- This site is optimized with the Yoast SEO plugin v26.5 - https:\/\/yoast.com\/wordpress\/plugins\/seo\/ -->\n<title>Climafem Filmtabletten 60 Stk. &#187; L\u00f6wen Apotheke - Bestelle es hier<\/title>\n<meta name=\"description\" content=\"Registrierte deutsche Online-Apotheke | Schneller internationaler Versand | Produkt hergestellt von vitOrgan: Climafem Filmtabletten 60 Stk.\" \/>\n<meta name=\"robots\" content=\"noindex, follow, max-snippet:-1, max-image-preview:large, max-video-preview:-1\" \/>\n<meta property=\"og:locale\" content=\"de_DE\" \/>\n<meta property=\"og:type\" content=\"article\" \/>\n<meta property=\"og:title\" content=\"Climafem Filmtabletten 60 Stk. &#187; L\u00f6wen Apotheke - Bestelle es hier\" \/>\n<meta property=\"og:description\" content=\"Registrierte deutsche Online-Apotheke | Schneller internationaler Versand | Produkt hergestellt von vitOrgan: Climafem Filmtabletten 60 Stk.\" \/>\n<meta property=\"og:url\" content=\"https:\/\/loewentestneu.metafex.io\/de\/produkt\/climafem-film-coated-tablets-60-pcs-03353070\" \/>\n<meta property=\"og:site_name\" content=\"L\u00f6wen Apotheke\" \/>\n<meta property=\"article:modified_time\" content=\"2025-01-25T18:00:55+00:00\" \/>\n<meta property=\"og:image\" content=\"https:\/\/loewentestneu.metafex.io\/wp-content\/uploads\/2024\/11\/climafem-vitorgan-PZN-03353070-Lowenapotheke24.webp\" \/>\n\t<meta property=\"og:image:width\" content=\"600\" \/>\n\t<meta property=\"og:image:height\" content=\"600\" \/>\n\t<meta property=\"og:image:type\" content=\"image\/webp\" \/>\n<meta name=\"twitter:card\" content=\"summary_large_image\" \/>\n<meta name=\"twitter:label1\" content=\"Gesch\u00e4tzte Lesezeit\" \/>\n\t<meta name=\"twitter:data1\" content=\"1\u00a0Minute\" \/>\n<script type=\"application\/ld+json\" class=\"yoast-schema-graph\">{\"@context\":\"https:\/\/schema.org\",\"@graph\":[{\"@type\":\"WebPage\",\"@id\":\"https:\/\/loewentestneu.metafex.io\/de\/produkt\/climafem-film-coated-tablets-60-pcs-03353070\",\"url\":\"https:\/\/loewentestneu.metafex.io\/de\/produkt\/climafem-film-coated-tablets-60-pcs-03353070\",\"name\":\"Climafem Filmtabletten 60 Stk. &#187; L\u00f6wen Apotheke - Bestelle es hier\",\"isPartOf\":{\"@id\":\"https:\/\/loewentestneu.metafex.io\/de#website\"},\"primaryImageOfPage\":{\"@id\":\"https:\/\/loewentestneu.metafex.io\/de\/produkt\/climafem-film-coated-tablets-60-pcs-03353070#primaryimage\"},\"image\":{\"@id\":\"https:\/\/loewentestneu.metafex.io\/de\/produkt\/climafem-film-coated-tablets-60-pcs-03353070#primaryimage\"},\"thumbnailUrl\":\"https:\/\/loewentestneu.metafex.io\/wp-content\/uploads\/2024\/11\/climafem-vitorgan-PZN-03353070-Lowenapotheke24.webp\",\"datePublished\":\"2024-11-28T11:09:20+00:00\",\"dateModified\":\"2025-01-25T18:00:55+00:00\",\"description\":\"Registrierte deutsche Online-Apotheke | Schneller internationaler Versand | Produkt hergestellt von vitOrgan: Climafem Filmtabletten 60 Stk.\",\"breadcrumb\":{\"@id\":\"https:\/\/loewentestneu.metafex.io\/de\/produkt\/climafem-film-coated-tablets-60-pcs-03353070#breadcrumb\"},\"inLanguage\":\"de\",\"potentialAction\":[{\"@type\":\"ReadAction\",\"target\":[\"https:\/\/loewentestneu.metafex.io\/de\/produkt\/climafem-film-coated-tablets-60-pcs-03353070\"]}]},{\"@type\":\"ImageObject\",\"inLanguage\":\"de\",\"@id\":\"https:\/\/loewentestneu.metafex.io\/de\/produkt\/climafem-film-coated-tablets-60-pcs-03353070#primaryimage\",\"url\":\"https:\/\/loewentestneu.metafex.io\/wp-content\/uploads\/2024\/11\/climafem-vitorgan-PZN-03353070-Lowenapotheke24.webp\",\"contentUrl\":\"https:\/\/loewentestneu.metafex.io\/wp-content\/uploads\/2024\/11\/climafem-vitorgan-PZN-03353070-Lowenapotheke24.webp\",\"width\":600,\"height\":600,\"caption\":\"Das Bild zeigt Climafem von Vitorgan. PZN 03353070. L\u00f6wen Apotheke - Lions Pharmacy\"},{\"@type\":\"BreadcrumbList\",\"@id\":\"https:\/\/loewentestneu.metafex.io\/de\/produkt\/climafem-film-coated-tablets-60-pcs-03353070#breadcrumb\",\"itemListElement\":[{\"@type\":\"ListItem\",\"position\":1,\"name\":\"Home\",\"item\":\"https:\/\/loewentestneu.metafex.io\/de\/homepage-lion-pharmacy\"},{\"@type\":\"ListItem\",\"position\":2,\"name\":\"Shop\",\"item\":\"https:\/\/loewentestneu.metafex.io\/de\/shop-2\"},{\"@type\":\"ListItem\",\"position\":3,\"name\":\"Climafem Filmtabletten 60 Stk.\"}]},{\"@type\":\"WebSite\",\"@id\":\"https:\/\/loewentestneu.metafex.io\/de#website\",\"url\":\"https:\/\/loewentestneu.metafex.io\/de\",\"name\":\"Lions Pharmacy\",\"description\":\"Ihr Spezialist f\u00fcr Naturheilkunde aus Baden-Baden, Germany\",\"publisher\":{\"@id\":\"https:\/\/loewentestneu.metafex.io\/de#organization\"},\"alternateName\":\"Lion Pharmacy\",\"potentialAction\":[{\"@type\":\"SearchAction\",\"target\":{\"@type\":\"EntryPoint\",\"urlTemplate\":\"https:\/\/loewentestneu.metafex.io\/de?s={search_term_string}\"},\"query-input\":{\"@type\":\"PropertyValueSpecification\",\"valueRequired\":true,\"valueName\":\"search_term_string\"}}],\"inLanguage\":\"de\"},{\"@type\":\"Organization\",\"@id\":\"https:\/\/loewentestneu.metafex.io\/de#organization\",\"name\":\"Lions Pharmacy\",\"alternateName\":\"Lions Pharmacy24\",\"url\":\"https:\/\/loewentestneu.metafex.io\/de\",\"logo\":{\"@type\":\"ImageObject\",\"inLanguage\":\"de\",\"@id\":\"https:\/\/loewentestneu.metafex.io\/de#\/schema\/logo\/image\/\",\"url\":\"https:\/\/loewentestneu.metafex.io\/wp-content\/uploads\/2022\/12\/Logo-Lion-Pharmacy-c-o-Loewen-Apotheke-smal.jpg\",\"contentUrl\":\"https:\/\/loewentestneu.metafex.io\/wp-content\/uploads\/2022\/12\/Logo-Lion-Pharmacy-c-o-Loewen-Apotheke-smal.jpg\",\"width\":298,\"height\":99,\"caption\":\"Lions Pharmacy\"},\"image\":{\"@id\":\"https:\/\/loewentestneu.metafex.io\/de#\/schema\/logo\/image\/\"}}]}<\/script>\n<!-- \/ Yoast SEO plugin. -->","yoast_head_json":{"title":"Climafem Filmtabletten 60 Stk. &#187; L\u00f6wen Apotheke - Bestelle es hier","description":"Registrierte deutsche Online-Apotheke | Schneller internationaler Versand | Produkt hergestellt von vitOrgan: Climafem Filmtabletten 60 Stk.","robots":{"index":"noindex","follow":"follow","max-snippet":"max-snippet:-1","max-image-preview":"max-image-preview:large","max-video-preview":"max-video-preview:-1"},"og_locale":"de_DE","og_type":"article","og_title":"Climafem Filmtabletten 60 Stk. &#187; L\u00f6wen Apotheke - Bestelle es hier","og_description":"Registrierte deutsche Online-Apotheke | Schneller internationaler Versand | Produkt hergestellt von vitOrgan: Climafem Filmtabletten 60 Stk.","og_url":"https:\/\/loewentestneu.metafex.io\/de\/produkt\/climafem-film-coated-tablets-60-pcs-03353070","og_site_name":"L\u00f6wen Apotheke","article_modified_time":"2025-01-25T18:00:55+00:00","og_image":[{"width":600,"height":600,"url":"https:\/\/loewentestneu.metafex.io\/wp-content\/uploads\/2024\/11\/climafem-vitorgan-PZN-03353070-Lowenapotheke24.webp","type":"image\/webp"}],"twitter_card":"summary_large_image","twitter_misc":{"Gesch\u00e4tzte Lesezeit":"1\u00a0Minute"},"schema":{"@context":"https:\/\/schema.org","@graph":[{"@type":"WebPage","@id":"https:\/\/loewentestneu.metafex.io\/de\/produkt\/climafem-film-coated-tablets-60-pcs-03353070","url":"https:\/\/loewentestneu.metafex.io\/de\/produkt\/climafem-film-coated-tablets-60-pcs-03353070","name":"Climafem Filmtabletten 60 Stk. &#187; L\u00f6wen Apotheke - Bestelle es hier","isPartOf":{"@id":"https:\/\/loewentestneu.metafex.io\/de#website"},"primaryImageOfPage":{"@id":"https:\/\/loewentestneu.metafex.io\/de\/produkt\/climafem-film-coated-tablets-60-pcs-03353070#primaryimage"},"image":{"@id":"https:\/\/loewentestneu.metafex.io\/de\/produkt\/climafem-film-coated-tablets-60-pcs-03353070#primaryimage"},"thumbnailUrl":"https:\/\/loewentestneu.metafex.io\/wp-content\/uploads\/2024\/11\/climafem-vitorgan-PZN-03353070-Lowenapotheke24.webp","datePublished":"2024-11-28T11:09:20+00:00","dateModified":"2025-01-25T18:00:55+00:00","description":"Registrierte deutsche Online-Apotheke | Schneller internationaler Versand | Produkt hergestellt von vitOrgan: Climafem Filmtabletten 60 Stk.","breadcrumb":{"@id":"https:\/\/loewentestneu.metafex.io\/de\/produkt\/climafem-film-coated-tablets-60-pcs-03353070#breadcrumb"},"inLanguage":"de","potentialAction":[{"@type":"ReadAction","target":["https:\/\/loewentestneu.metafex.io\/de\/produkt\/climafem-film-coated-tablets-60-pcs-03353070"]}]},{"@type":"ImageObject","inLanguage":"de","@id":"https:\/\/loewentestneu.metafex.io\/de\/produkt\/climafem-film-coated-tablets-60-pcs-03353070#primaryimage","url":"https:\/\/loewentestneu.metafex.io\/wp-content\/uploads\/2024\/11\/climafem-vitorgan-PZN-03353070-Lowenapotheke24.webp","contentUrl":"https:\/\/loewentestneu.metafex.io\/wp-content\/uploads\/2024\/11\/climafem-vitorgan-PZN-03353070-Lowenapotheke24.webp","width":600,"height":600,"caption":"Das Bild zeigt Climafem von Vitorgan. PZN 03353070. L\u00f6wen Apotheke - Lions Pharmacy"},{"@type":"BreadcrumbList","@id":"https:\/\/loewentestneu.metafex.io\/de\/produkt\/climafem-film-coated-tablets-60-pcs-03353070#breadcrumb","itemListElement":[{"@type":"ListItem","position":1,"name":"Home","item":"https:\/\/loewentestneu.metafex.io\/de\/homepage-lion-pharmacy"},{"@type":"ListItem","position":2,"name":"Shop","item":"https:\/\/loewentestneu.metafex.io\/de\/shop-2"},{"@type":"ListItem","position":3,"name":"Climafem Filmtabletten 60 Stk."}]},{"@type":"WebSite","@id":"https:\/\/loewentestneu.metafex.io\/de#website","url":"https:\/\/loewentestneu.metafex.io\/de","name":"Lions Pharmacy","description":"Ihr Spezialist f\u00fcr Naturheilkunde aus Baden-Baden, Germany","publisher":{"@id":"https:\/\/loewentestneu.metafex.io\/de#organization"},"alternateName":"Lion Pharmacy","potentialAction":[{"@type":"SearchAction","target":{"@type":"EntryPoint","urlTemplate":"https:\/\/loewentestneu.metafex.io\/de?s={search_term_string}"},"query-input":{"@type":"PropertyValueSpecification","valueRequired":true,"valueName":"search_term_string"}}],"inLanguage":"de"},{"@type":"Organization","@id":"https:\/\/loewentestneu.metafex.io\/de#organization","name":"Lions Pharmacy","alternateName":"Lions Pharmacy24","url":"https:\/\/loewentestneu.metafex.io\/de","logo":{"@type":"ImageObject","inLanguage":"de","@id":"https:\/\/loewentestneu.metafex.io\/de#\/schema\/logo\/image\/","url":"https:\/\/loewentestneu.metafex.io\/wp-content\/uploads\/2022\/12\/Logo-Lion-Pharmacy-c-o-Loewen-Apotheke-smal.jpg","contentUrl":"https:\/\/loewentestneu.metafex.io\/wp-content\/uploads\/2022\/12\/Logo-Lion-Pharmacy-c-o-Loewen-Apotheke-smal.jpg","width":298,"height":99,"caption":"Lions Pharmacy"},"image":{"@id":"https:\/\/loewentestneu.metafex.io\/de#\/schema\/logo\/image\/"}}]}},"_links":{"self":[{"href":"https:\/\/loewentestneu.metafex.io\/de\/wp-json\/wp\/v2\/product\/6960","targetHints":{"allow":["GET"]}}],"collection":[{"href":"https:\/\/loewentestneu.metafex.io\/de\/wp-json\/wp\/v2\/product"}],"about":[{"href":"https:\/\/loewentestneu.metafex.io\/de\/wp-json\/wp\/v2\/types\/product"}],"replies":[{"embeddable":true,"href":"https:\/\/loewentestneu.metafex.io\/de\/wp-json\/wp\/v2\/comments?post=6960"}],"wp:featuredmedia":[{"embeddable":true,"href":"https:\/\/loewentestneu.metafex.io\/de\/wp-json\/wp\/v2\/media\/6963"}],"wp:attachment":[{"href":"https:\/\/loewentestneu.metafex.io\/de\/wp-json\/wp\/v2\/media?parent=6960"}],"wp:term":[{"taxonomy":"product_brand","embeddable":true,"href":"https:\/\/loewentestneu.metafex.io\/de\/wp-json\/wp\/v2\/product_brand?post=6960"},{"taxonomy":"product_cat","embeddable":true,"href":"https:\/\/loewentestneu.metafex.io\/de\/wp-json\/wp\/v2\/product_cat?post=6960"},{"taxonomy":"product_tag","embeddable":true,"href":"https:\/\/loewentestneu.metafex.io\/de\/wp-json\/wp\/v2\/product_tag?post=6960"}],"curies":[{"name":"wp","href":"https:\/\/api.w.org\/{rel}","templated":true}]}}