{"id":7418,"date":"2024-12-11T16:20:34","date_gmt":"2024-12-11T15:20:34","guid":{"rendered":"https:\/\/lions-pharmacy.com\/?post_type=product&#038;p=7418"},"modified":"2025-01-24T19:12:15","modified_gmt":"2025-01-24T18:12:15","slug":"sinusitis-hevert-tablets-100-pcs-19107367","status":"publish","type":"product","link":"https:\/\/loewentestneu.metafex.io\/de\/produkt\/sinusitis-hevert-tablets-100-pcs-19107367","title":{"rendered":"Sinusitis Hevert Tabletten (100 Stk.)"},"content":{"rendered":"<h3>Sinusitis Hevert Tabletten<\/h3>\n<p>Sinusitis Hevert Tabletten ein hom\u00f6opathisches Arzneimittel gegen Erk\u00e4ltungen und Entz\u00fcndungen der Nasennebenh\u00f6hlen.<\/p>\n<p>F\u00fcr eine klare Nase &#8211; Sinusitis-Tabletten. Eine gesunde Schleimhaut im Rachen, in der Nase und im Rachen bietet Schutz vor eingeatmeten Fremdk\u00f6rpern und Krankheitserregern. Die k\u00f6rpereigenen Abwehrkr\u00e4fte im Schleim bek\u00e4mpfen effektiv eindringende Viren und Bakterien.<\/p>\n<p>Die Gesundheit ist das h\u00f6chste Gut des Menschen. Hevert widmet sich daher seit \u00fcber 60 Jahren der Naturheilkunde und der Entwicklung von Naturheilmitteln und ist einer der f\u00fchrenden deutschen Hersteller von hom\u00f6opathischen und pflanzlichen Arzneimitteln sowie Mikron\u00e4hrstoffpr\u00e4paraten.<\/p>\n<p>Packungsbeilage\/Gebrauchsanweisung\/Artikeldatenblatt: &#8211; (PDF-Reader)<\/p>\n<p>Weitere Produkte f\u00fcr die Anwendung: <a href=\"https:\/\/loewentestneu.metafex.io\/product-tag\/vitamins-supplements\">Vitamine &amp; Nahrungserg\u00e4nzungsmittel Produkte<\/a><\/p>\n<p>Erfahren Sie mehr \u00fcber den Hersteller und dieses Produkt: <a href=\"https:\/\/hevert.com\/de\/en\" target=\"_blank\" rel=\"noopener\">Hevert<\/a> (Link zur externen Website)<\/p>\n<p>Informationen auf dieser Website werden ausschlie\u00dflich f\u00fcr informative Zwecke zur Verf\u00fcgung gestellt. Sie ersetzen keinesfalls die Untersuchung und Behandlung durch einen Arzt. Bitte beachten Sie, dass hierdurch weder Diagnosen gestellt noch Therapien eingeleitet werden k\u00f6nnen.<\/p>\n<p>Zu Risiken und Nebenwirkungen lesen Sie die Packungsbeilage und fragen Sie Ihren Arzt oder Apotheker.<\/p>\n","protected":false},"excerpt":{"rendered":"<h2>Sinusitis Hevert Tabletten<\/h2>\n<p>Hom\u00f6opathisches Arzneimittel bei Erk\u00e4ltungen und Entz\u00fcndungen der Nasennebenh\u00f6hlen.<\/p>\n<p>&nbsp;<\/p>\n<p>PZN: 19107367<\/p>\n<p>Darreichungsform: Tabletten<\/p>\n<p>Verordnungsart: Rezeptfrei<\/p>\n<p>Marke: &#8211;<\/p>\n<p>Hersteller: Hevert Arzneimittel GmbH, Deutschland<\/p>\n<p>Packungsgr\u00f6\u00dfe: 100 Stk.<\/p>\n","protected":false},"featured_media":7461,"comment_status":"closed","ping_status":"closed","template":"","meta":[],"product_brand":[],"product_cat":[578,368],"product_tag":[434,433,379,428,429],"class_list":{"0":"post-7418","1":"product","2":"type-product","3":"status-publish","4":"has-post-thumbnail","6":"product_cat-hevert-de","7":"product_cat-shop-de","8":"product_tag-gewicht-und-fitness","9":"product_tag-gewichtsmanagement","10":"product_tag-monatlicher-sale-de","11":"product_tag-virusinfektion","12":"product_tag-vitamine-und-nahrungserganzungsmittel","13":"ts_product_brand-alle","14":"ts_product_brand-hevert-de","16":"first","17":"instock","18":"sale","19":"taxable","20":"shipping-taxable","21":"purchasable","22":"product-type-simple"},"yoast_head":"<!-- This site is optimized with the Yoast SEO plugin v26.5 - https:\/\/yoast.com\/wordpress\/plugins\/seo\/ -->\n<title>Sinusitis Hevert Tabletten (100 Stk.) &#187; L\u00f6wen Apotheke &#187; Mehr erfahren<\/title>\n<meta name=\"description\" content=\"Registrierte deutsche Online-Apotheke. Wir bieten: Schneller internationaler Versand. Produkt hergestellt von Hevert: Sinusitis Hevert Tabletten (100 Stk.)\" \/>\n<meta name=\"robots\" content=\"noindex, follow, max-snippet:-1, max-image-preview:large, max-video-preview:-1\" \/>\n<meta property=\"og:locale\" content=\"de_DE\" \/>\n<meta property=\"og:type\" content=\"article\" \/>\n<meta property=\"og:title\" content=\"Sinusitis Hevert Tabletten (100 Stk.) &#187; L\u00f6wen Apotheke &#187; Mehr erfahren\" \/>\n<meta property=\"og:description\" content=\"Registrierte deutsche Online-Apotheke. Wir bieten: Schneller internationaler Versand. Produkt hergestellt von Hevert: Sinusitis Hevert Tabletten (100 Stk.)\" \/>\n<meta property=\"og:url\" content=\"https:\/\/loewentestneu.metafex.io\/de\/produkt\/sinusitis-hevert-tablets-100-pcs-19107367\" \/>\n<meta property=\"og:site_name\" content=\"L\u00f6wen Apotheke\" \/>\n<meta property=\"article:modified_time\" content=\"2025-01-24T18:12:15+00:00\" \/>\n<meta property=\"og:image\" content=\"https:\/\/loewentestneu.metafex.io\/wp-content\/uploads\/2024\/12\/Sinusitis-Hevert-from-Hevert.-PZN-19107367-Lions-Pharmacy.webp\" \/>\n\t<meta property=\"og:image:width\" content=\"600\" \/>\n\t<meta property=\"og:image:height\" content=\"600\" \/>\n\t<meta property=\"og:image:type\" content=\"image\/webp\" \/>\n<meta name=\"twitter:card\" content=\"summary_large_image\" \/>\n<meta name=\"twitter:label1\" content=\"Gesch\u00e4tzte Lesezeit\" \/>\n\t<meta name=\"twitter:data1\" content=\"1\u00a0Minute\" \/>\n<script type=\"application\/ld+json\" class=\"yoast-schema-graph\">{\"@context\":\"https:\/\/schema.org\",\"@graph\":[{\"@type\":\"WebPage\",\"@id\":\"https:\/\/loewentestneu.metafex.io\/de\/produkt\/sinusitis-hevert-tablets-100-pcs-19107367\",\"url\":\"https:\/\/loewentestneu.metafex.io\/de\/produkt\/sinusitis-hevert-tablets-100-pcs-19107367\",\"name\":\"Sinusitis Hevert Tabletten (100 Stk.) &#187; L\u00f6wen Apotheke &#187; Mehr erfahren\",\"isPartOf\":{\"@id\":\"https:\/\/loewentestneu.metafex.io\/de#website\"},\"primaryImageOfPage\":{\"@id\":\"https:\/\/loewentestneu.metafex.io\/de\/produkt\/sinusitis-hevert-tablets-100-pcs-19107367#primaryimage\"},\"image\":{\"@id\":\"https:\/\/loewentestneu.metafex.io\/de\/produkt\/sinusitis-hevert-tablets-100-pcs-19107367#primaryimage\"},\"thumbnailUrl\":\"https:\/\/loewentestneu.metafex.io\/wp-content\/uploads\/2024\/12\/Sinusitis-Hevert-from-Hevert.-PZN-19107367-Lions-Pharmacy.webp\",\"datePublished\":\"2024-12-11T15:20:34+00:00\",\"dateModified\":\"2025-01-24T18:12:15+00:00\",\"description\":\"Registrierte deutsche Online-Apotheke. Wir bieten: Schneller internationaler Versand. Produkt hergestellt von Hevert: Sinusitis Hevert Tabletten (100 Stk.)\",\"breadcrumb\":{\"@id\":\"https:\/\/loewentestneu.metafex.io\/de\/produkt\/sinusitis-hevert-tablets-100-pcs-19107367#breadcrumb\"},\"inLanguage\":\"de\",\"potentialAction\":[{\"@type\":\"ReadAction\",\"target\":[\"https:\/\/loewentestneu.metafex.io\/de\/produkt\/sinusitis-hevert-tablets-100-pcs-19107367\"]}]},{\"@type\":\"ImageObject\",\"inLanguage\":\"de\",\"@id\":\"https:\/\/loewentestneu.metafex.io\/de\/produkt\/sinusitis-hevert-tablets-100-pcs-19107367#primaryimage\",\"url\":\"https:\/\/loewentestneu.metafex.io\/wp-content\/uploads\/2024\/12\/Sinusitis-Hevert-from-Hevert.-PZN-19107367-Lions-Pharmacy.webp\",\"contentUrl\":\"https:\/\/loewentestneu.metafex.io\/wp-content\/uploads\/2024\/12\/Sinusitis-Hevert-from-Hevert.-PZN-19107367-Lions-Pharmacy.webp\",\"width\":600,\"height\":600,\"caption\":\"Bild zeigt: Sinusitis Hevert von Hevert. PZN 19107367. L\u00f6wen Apotheke - Lions Pharmacy\"},{\"@type\":\"BreadcrumbList\",\"@id\":\"https:\/\/loewentestneu.metafex.io\/de\/produkt\/sinusitis-hevert-tablets-100-pcs-19107367#breadcrumb\",\"itemListElement\":[{\"@type\":\"ListItem\",\"position\":1,\"name\":\"Home\",\"item\":\"https:\/\/loewentestneu.metafex.io\/de\/homepage-lion-pharmacy\"},{\"@type\":\"ListItem\",\"position\":2,\"name\":\"Shop\",\"item\":\"https:\/\/loewentestneu.metafex.io\/de\/shop-2\"},{\"@type\":\"ListItem\",\"position\":3,\"name\":\"Sinusitis Hevert Tabletten (100 Stk.)\"}]},{\"@type\":\"WebSite\",\"@id\":\"https:\/\/loewentestneu.metafex.io\/de#website\",\"url\":\"https:\/\/loewentestneu.metafex.io\/de\",\"name\":\"Lions Pharmacy\",\"description\":\"Ihr Spezialist f\u00fcr Naturheilkunde aus Baden-Baden, Germany\",\"publisher\":{\"@id\":\"https:\/\/loewentestneu.metafex.io\/de#organization\"},\"alternateName\":\"Lion Pharmacy\",\"potentialAction\":[{\"@type\":\"SearchAction\",\"target\":{\"@type\":\"EntryPoint\",\"urlTemplate\":\"https:\/\/loewentestneu.metafex.io\/de?s={search_term_string}\"},\"query-input\":{\"@type\":\"PropertyValueSpecification\",\"valueRequired\":true,\"valueName\":\"search_term_string\"}}],\"inLanguage\":\"de\"},{\"@type\":\"Organization\",\"@id\":\"https:\/\/loewentestneu.metafex.io\/de#organization\",\"name\":\"Lions Pharmacy\",\"alternateName\":\"Lions Pharmacy24\",\"url\":\"https:\/\/loewentestneu.metafex.io\/de\",\"logo\":{\"@type\":\"ImageObject\",\"inLanguage\":\"de\",\"@id\":\"https:\/\/loewentestneu.metafex.io\/de#\/schema\/logo\/image\/\",\"url\":\"https:\/\/loewentestneu.metafex.io\/wp-content\/uploads\/2022\/12\/Logo-Lion-Pharmacy-c-o-Loewen-Apotheke-smal.jpg\",\"contentUrl\":\"https:\/\/loewentestneu.metafex.io\/wp-content\/uploads\/2022\/12\/Logo-Lion-Pharmacy-c-o-Loewen-Apotheke-smal.jpg\",\"width\":298,\"height\":99,\"caption\":\"Lions Pharmacy\"},\"image\":{\"@id\":\"https:\/\/loewentestneu.metafex.io\/de#\/schema\/logo\/image\/\"}}]}<\/script>\n<!-- \/ Yoast SEO plugin. -->","yoast_head_json":{"title":"Sinusitis Hevert Tabletten (100 Stk.) &#187; L\u00f6wen Apotheke &#187; Mehr erfahren","description":"Registrierte deutsche Online-Apotheke. Wir bieten: Schneller internationaler Versand. Produkt hergestellt von Hevert: Sinusitis Hevert Tabletten (100 Stk.)","robots":{"index":"noindex","follow":"follow","max-snippet":"max-snippet:-1","max-image-preview":"max-image-preview:large","max-video-preview":"max-video-preview:-1"},"og_locale":"de_DE","og_type":"article","og_title":"Sinusitis Hevert Tabletten (100 Stk.) &#187; L\u00f6wen Apotheke &#187; Mehr erfahren","og_description":"Registrierte deutsche Online-Apotheke. Wir bieten: Schneller internationaler Versand. Produkt hergestellt von Hevert: Sinusitis Hevert Tabletten (100 Stk.)","og_url":"https:\/\/loewentestneu.metafex.io\/de\/produkt\/sinusitis-hevert-tablets-100-pcs-19107367","og_site_name":"L\u00f6wen Apotheke","article_modified_time":"2025-01-24T18:12:15+00:00","og_image":[{"width":600,"height":600,"url":"https:\/\/loewentestneu.metafex.io\/wp-content\/uploads\/2024\/12\/Sinusitis-Hevert-from-Hevert.-PZN-19107367-Lions-Pharmacy.webp","type":"image\/webp"}],"twitter_card":"summary_large_image","twitter_misc":{"Gesch\u00e4tzte Lesezeit":"1\u00a0Minute"},"schema":{"@context":"https:\/\/schema.org","@graph":[{"@type":"WebPage","@id":"https:\/\/loewentestneu.metafex.io\/de\/produkt\/sinusitis-hevert-tablets-100-pcs-19107367","url":"https:\/\/loewentestneu.metafex.io\/de\/produkt\/sinusitis-hevert-tablets-100-pcs-19107367","name":"Sinusitis Hevert Tabletten (100 Stk.) &#187; L\u00f6wen Apotheke &#187; Mehr erfahren","isPartOf":{"@id":"https:\/\/loewentestneu.metafex.io\/de#website"},"primaryImageOfPage":{"@id":"https:\/\/loewentestneu.metafex.io\/de\/produkt\/sinusitis-hevert-tablets-100-pcs-19107367#primaryimage"},"image":{"@id":"https:\/\/loewentestneu.metafex.io\/de\/produkt\/sinusitis-hevert-tablets-100-pcs-19107367#primaryimage"},"thumbnailUrl":"https:\/\/loewentestneu.metafex.io\/wp-content\/uploads\/2024\/12\/Sinusitis-Hevert-from-Hevert.-PZN-19107367-Lions-Pharmacy.webp","datePublished":"2024-12-11T15:20:34+00:00","dateModified":"2025-01-24T18:12:15+00:00","description":"Registrierte deutsche Online-Apotheke. Wir bieten: Schneller internationaler Versand. Produkt hergestellt von Hevert: Sinusitis Hevert Tabletten (100 Stk.)","breadcrumb":{"@id":"https:\/\/loewentestneu.metafex.io\/de\/produkt\/sinusitis-hevert-tablets-100-pcs-19107367#breadcrumb"},"inLanguage":"de","potentialAction":[{"@type":"ReadAction","target":["https:\/\/loewentestneu.metafex.io\/de\/produkt\/sinusitis-hevert-tablets-100-pcs-19107367"]}]},{"@type":"ImageObject","inLanguage":"de","@id":"https:\/\/loewentestneu.metafex.io\/de\/produkt\/sinusitis-hevert-tablets-100-pcs-19107367#primaryimage","url":"https:\/\/loewentestneu.metafex.io\/wp-content\/uploads\/2024\/12\/Sinusitis-Hevert-from-Hevert.-PZN-19107367-Lions-Pharmacy.webp","contentUrl":"https:\/\/loewentestneu.metafex.io\/wp-content\/uploads\/2024\/12\/Sinusitis-Hevert-from-Hevert.-PZN-19107367-Lions-Pharmacy.webp","width":600,"height":600,"caption":"Bild zeigt: Sinusitis Hevert von Hevert. PZN 19107367. L\u00f6wen Apotheke - Lions Pharmacy"},{"@type":"BreadcrumbList","@id":"https:\/\/loewentestneu.metafex.io\/de\/produkt\/sinusitis-hevert-tablets-100-pcs-19107367#breadcrumb","itemListElement":[{"@type":"ListItem","position":1,"name":"Home","item":"https:\/\/loewentestneu.metafex.io\/de\/homepage-lion-pharmacy"},{"@type":"ListItem","position":2,"name":"Shop","item":"https:\/\/loewentestneu.metafex.io\/de\/shop-2"},{"@type":"ListItem","position":3,"name":"Sinusitis Hevert Tabletten (100 Stk.)"}]},{"@type":"WebSite","@id":"https:\/\/loewentestneu.metafex.io\/de#website","url":"https:\/\/loewentestneu.metafex.io\/de","name":"Lions Pharmacy","description":"Ihr Spezialist f\u00fcr Naturheilkunde aus Baden-Baden, Germany","publisher":{"@id":"https:\/\/loewentestneu.metafex.io\/de#organization"},"alternateName":"Lion Pharmacy","potentialAction":[{"@type":"SearchAction","target":{"@type":"EntryPoint","urlTemplate":"https:\/\/loewentestneu.metafex.io\/de?s={search_term_string}"},"query-input":{"@type":"PropertyValueSpecification","valueRequired":true,"valueName":"search_term_string"}}],"inLanguage":"de"},{"@type":"Organization","@id":"https:\/\/loewentestneu.metafex.io\/de#organization","name":"Lions Pharmacy","alternateName":"Lions Pharmacy24","url":"https:\/\/loewentestneu.metafex.io\/de","logo":{"@type":"ImageObject","inLanguage":"de","@id":"https:\/\/loewentestneu.metafex.io\/de#\/schema\/logo\/image\/","url":"https:\/\/loewentestneu.metafex.io\/wp-content\/uploads\/2022\/12\/Logo-Lion-Pharmacy-c-o-Loewen-Apotheke-smal.jpg","contentUrl":"https:\/\/loewentestneu.metafex.io\/wp-content\/uploads\/2022\/12\/Logo-Lion-Pharmacy-c-o-Loewen-Apotheke-smal.jpg","width":298,"height":99,"caption":"Lions Pharmacy"},"image":{"@id":"https:\/\/loewentestneu.metafex.io\/de#\/schema\/logo\/image\/"}}]}},"_links":{"self":[{"href":"https:\/\/loewentestneu.metafex.io\/de\/wp-json\/wp\/v2\/product\/7418","targetHints":{"allow":["GET"]}}],"collection":[{"href":"https:\/\/loewentestneu.metafex.io\/de\/wp-json\/wp\/v2\/product"}],"about":[{"href":"https:\/\/loewentestneu.metafex.io\/de\/wp-json\/wp\/v2\/types\/product"}],"replies":[{"embeddable":true,"href":"https:\/\/loewentestneu.metafex.io\/de\/wp-json\/wp\/v2\/comments?post=7418"}],"wp:featuredmedia":[{"embeddable":true,"href":"https:\/\/loewentestneu.metafex.io\/de\/wp-json\/wp\/v2\/media\/7461"}],"wp:attachment":[{"href":"https:\/\/loewentestneu.metafex.io\/de\/wp-json\/wp\/v2\/media?parent=7418"}],"wp:term":[{"taxonomy":"product_brand","embeddable":true,"href":"https:\/\/loewentestneu.metafex.io\/de\/wp-json\/wp\/v2\/product_brand?post=7418"},{"taxonomy":"product_cat","embeddable":true,"href":"https:\/\/loewentestneu.metafex.io\/de\/wp-json\/wp\/v2\/product_cat?post=7418"},{"taxonomy":"product_tag","embeddable":true,"href":"https:\/\/loewentestneu.metafex.io\/de\/wp-json\/wp\/v2\/product_tag?post=7418"}],"curies":[{"name":"wp","href":"https:\/\/api.w.org\/{rel}","templated":true}]}}