{"id":8028,"date":"2025-01-15T11:27:28","date_gmt":"2025-01-15T10:27:28","guid":{"rendered":"https:\/\/lions-pharmacy.com\/?post_type=product&#038;p=8028"},"modified":"2025-01-25T15:39:12","modified_gmt":"2025-01-25T14:39:12","slug":"allergostop-kit","status":"publish","type":"product","link":"https:\/\/loewentestneu.metafex.io\/de\/produkt\/allergostop-kit","title":{"rendered":"Allergostop-Bausatz"},"content":{"rendered":"<h2>Allergostop-Bausatz<\/h2>\n<p>Allergostop-Kit werden die pathogenen Antik\u00f6rper aus dem Blut durch Zugabe eines speziellen Serumaktivators ver\u00e4ndert. Die nun maskierten Antik\u00f6rper werden so zu Antigenen und l\u00f6sen nach der Reinjektion eine Immunantwort aus. Antiantik\u00f6rper werden gegen die vorhandenen Antik\u00f6rper gebildet und sie reduzieren die Bildung von krankheitsspezifischen Antik\u00f6rpern, oft dauerhaft. Die Blutprobe, die gebrauchsfertige Verd\u00fcnnungsreihe und die Reinjektion werden w\u00e4hrend und w\u00e4hrend des akuten Stadiums einer Erkrankung von Ihrem Therapeuten durchgef\u00fchrt.<\/p>\n<p>Allergostop-Kit bestehend aus:<\/p>\n<ul>\n<li>Lieferumfang: 1 x Vital Serum Aktivator<\/li>\n<li>8 x Fl\u00e4schchen NaCl 0,9%<\/li>\n<li>1 x S-Monovetten, neutral, 9,0ml<\/li>\n<li>1 x Monovette Kan\u00fclen<\/li>\n<li>1 x Spritze 3ml (Omnifix)<\/li>\n<li>1 x Spritze 1ml (Omnifix)<\/li>\n<li>9 x Kan\u00fclen, 0,80 x 40 mm (Sterican)<\/li>\n<li>1 x Spr\u00fch-Desinfektion<\/li>\n<li>9 x sterile Tupfer<\/li>\n<li>1 x Etikettenbogen<\/li>\n<li>1 x Anleitung<\/li>\n<\/ul>\n<p>Packungsbeilage\/Gebrauchsanweisung\/Artikeldatenblatt: &#8211;<\/p>\n<p>Alternativer Produktname: Allergostop-Set<br \/>\nWeitere Produkte f\u00fcr diese Anwendung: <a href=\"https:\/\/loewentestneu.metafex.io\/produkt-kategorie\/vitorgan\">vitOrgan<\/a><br \/>\nErfahren Sie mehr \u00fcber den Hersteller und dieses Produkt: <a href=\"https:\/\/vitorgan.de\/en\/products\/\" target=\"_blank\" rel=\"noopener\">vitOrgan<\/a> (Link zu externer Website)<\/p>\n<p>Informationen auf dieser Website werden ausschlie\u00dflich f\u00fcr informative Zwecke zur Verf\u00fcgung gestellt. Sie ersetzen keinesfalls die Untersuchung und Behandlung durch einen Arzt. Bitte beachten Sie, dass hierdurch weder Diagnosen gestellt noch Therapien eingeleitet werden k\u00f6nnen.<\/p>\n<p>Zu Risiken und Nebenwirkungen lesen Sie die Packungsbeilage und fragen Sie Ihren Arzt oder Apotheker.<\/p>\n","protected":false},"excerpt":{"rendered":"<h2>Allergostop-Bausatz<\/h2>\n<p>Allergostop-Kit \u2013 ein hom\u00f6opathisches Eigenblutprodukt zur Behandlung von Sofortallergien und Autoimmunerkrankungen.<\/p>\n<p>&nbsp;<\/p>\n<p>PZN: 11485182<\/p>\n<p>Darreichungsform: Set<\/p>\n<p>Verordnungsart: Rezeptfrei<\/p>\n<p>Marke: vitOrgan<\/p>\n<p>Hersteller: vitOrgan GmbH &amp; Co.KG, Ostfildern, Germany<\/p>\n<p>Packma\u00df: 1<\/p>\n","protected":false},"featured_media":8031,"comment_status":"closed","ping_status":"closed","template":"","meta":[],"product_brand":[],"product_cat":[367,368,371],"product_tag":[391,381,379],"class_list":{"0":"post-8028","1":"product","2":"type-product","3":"status-publish","4":"has-post-thumbnail","6":"product_cat-sale-de","7":"product_cat-shop-de","8":"product_cat-vitorgan-de","9":"product_tag-asthma-allergien","10":"product_tag-homoopathie","11":"product_tag-monatlicher-sale-de","12":"ts_product_brand-alle","13":"ts_product_brand-vitorgan-de","15":"first","16":"instock","17":"taxable","18":"shipping-taxable","19":"purchasable","20":"product-type-simple"},"yoast_head":"<!-- This site is optimized with the Yoast SEO plugin v26.5 - https:\/\/yoast.com\/wordpress\/plugins\/seo\/ -->\n<title>Allergostop-Bausatz &#187; hier bestellen<\/title>\n<meta name=\"description\" content=\"Registrierte deutsche Online-Apotheke. Wir bieten: Schneller internationaler Versand mit DHL. Produkt hergestellt von vitOrgan | Allergostop-Bausatz\" \/>\n<meta name=\"robots\" content=\"noindex, follow, max-snippet:-1, max-image-preview:large, max-video-preview:-1\" \/>\n<meta property=\"og:locale\" content=\"de_DE\" \/>\n<meta property=\"og:type\" content=\"article\" \/>\n<meta property=\"og:title\" content=\"Allergostop-Bausatz &#187; hier bestellen\" \/>\n<meta property=\"og:description\" content=\"Registrierte deutsche Online-Apotheke. Wir bieten: Schneller internationaler Versand mit DHL. Produkt hergestellt von vitOrgan | Allergostop-Bausatz\" \/>\n<meta property=\"og:url\" content=\"https:\/\/loewentestneu.metafex.io\/de\/produkt\/allergostop-kit\" \/>\n<meta property=\"og:site_name\" content=\"L\u00f6wen Apotheke\" \/>\n<meta property=\"article:modified_time\" content=\"2025-01-25T14:39:12+00:00\" \/>\n<meta property=\"og:image\" content=\"https:\/\/loewentestneu.metafex.io\/wp-content\/uploads\/2025\/01\/Allergostop-Kit-von-vitOrgan-Arzneimittel.-PZN-11485182.-Lowen-Apotheke-Lions-Pharmacy.webp\" \/>\n\t<meta property=\"og:image:width\" content=\"600\" \/>\n\t<meta property=\"og:image:height\" content=\"600\" \/>\n\t<meta property=\"og:image:type\" content=\"image\/webp\" \/>\n<meta name=\"twitter:card\" content=\"summary_large_image\" \/>\n<meta name=\"twitter:label1\" content=\"Gesch\u00e4tzte Lesezeit\" \/>\n\t<meta name=\"twitter:data1\" content=\"2\u00a0Minuten\" \/>\n<script type=\"application\/ld+json\" class=\"yoast-schema-graph\">{\"@context\":\"https:\/\/schema.org\",\"@graph\":[{\"@type\":\"WebPage\",\"@id\":\"https:\/\/loewentestneu.metafex.io\/de\/produkt\/allergostop-kit\",\"url\":\"https:\/\/loewentestneu.metafex.io\/de\/produkt\/allergostop-kit\",\"name\":\"Allergostop-Bausatz &#187; hier bestellen\",\"isPartOf\":{\"@id\":\"https:\/\/loewentestneu.metafex.io\/de#website\"},\"primaryImageOfPage\":{\"@id\":\"https:\/\/loewentestneu.metafex.io\/de\/produkt\/allergostop-kit#primaryimage\"},\"image\":{\"@id\":\"https:\/\/loewentestneu.metafex.io\/de\/produkt\/allergostop-kit#primaryimage\"},\"thumbnailUrl\":\"https:\/\/loewentestneu.metafex.io\/wp-content\/uploads\/2025\/01\/Allergostop-Kit-von-vitOrgan-Arzneimittel.-PZN-11485182.-Lowen-Apotheke-Lions-Pharmacy.webp\",\"datePublished\":\"2025-01-15T10:27:28+00:00\",\"dateModified\":\"2025-01-25T14:39:12+00:00\",\"description\":\"Registrierte deutsche Online-Apotheke. Wir bieten: Schneller internationaler Versand mit DHL. Produkt hergestellt von vitOrgan | Allergostop-Bausatz\",\"breadcrumb\":{\"@id\":\"https:\/\/loewentestneu.metafex.io\/de\/produkt\/allergostop-kit#breadcrumb\"},\"inLanguage\":\"de\",\"potentialAction\":[{\"@type\":\"ReadAction\",\"target\":[\"https:\/\/loewentestneu.metafex.io\/de\/produkt\/allergostop-kit\"]}]},{\"@type\":\"ImageObject\",\"inLanguage\":\"de\",\"@id\":\"https:\/\/loewentestneu.metafex.io\/de\/produkt\/allergostop-kit#primaryimage\",\"url\":\"https:\/\/loewentestneu.metafex.io\/wp-content\/uploads\/2025\/01\/Allergostop-Kit-von-vitOrgan-Arzneimittel.-PZN-11485182.-Lowen-Apotheke-Lions-Pharmacy.webp\",\"contentUrl\":\"https:\/\/loewentestneu.metafex.io\/wp-content\/uploads\/2025\/01\/Allergostop-Kit-von-vitOrgan-Arzneimittel.-PZN-11485182.-Lowen-Apotheke-Lions-Pharmacy.webp\",\"width\":600,\"height\":600,\"caption\":\"Allergostop-Kit von vitOrgan Arzneimittel. PZN 11485182. L\u00f6wen Apotheke - Lions Pharmacy\"},{\"@type\":\"BreadcrumbList\",\"@id\":\"https:\/\/loewentestneu.metafex.io\/de\/produkt\/allergostop-kit#breadcrumb\",\"itemListElement\":[{\"@type\":\"ListItem\",\"position\":1,\"name\":\"Home\",\"item\":\"https:\/\/loewentestneu.metafex.io\/de\/homepage-lion-pharmacy\"},{\"@type\":\"ListItem\",\"position\":2,\"name\":\"Shop\",\"item\":\"https:\/\/loewentestneu.metafex.io\/de\/shop-2\"},{\"@type\":\"ListItem\",\"position\":3,\"name\":\"Allergostop-Bausatz\"}]},{\"@type\":\"WebSite\",\"@id\":\"https:\/\/loewentestneu.metafex.io\/de#website\",\"url\":\"https:\/\/loewentestneu.metafex.io\/de\",\"name\":\"Lions Pharmacy\",\"description\":\"Ihr Spezialist f\u00fcr Naturheilkunde aus Baden-Baden, Germany\",\"publisher\":{\"@id\":\"https:\/\/loewentestneu.metafex.io\/de#organization\"},\"alternateName\":\"Lion Pharmacy\",\"potentialAction\":[{\"@type\":\"SearchAction\",\"target\":{\"@type\":\"EntryPoint\",\"urlTemplate\":\"https:\/\/loewentestneu.metafex.io\/de?s={search_term_string}\"},\"query-input\":{\"@type\":\"PropertyValueSpecification\",\"valueRequired\":true,\"valueName\":\"search_term_string\"}}],\"inLanguage\":\"de\"},{\"@type\":\"Organization\",\"@id\":\"https:\/\/loewentestneu.metafex.io\/de#organization\",\"name\":\"Lions Pharmacy\",\"alternateName\":\"Lions Pharmacy24\",\"url\":\"https:\/\/loewentestneu.metafex.io\/de\",\"logo\":{\"@type\":\"ImageObject\",\"inLanguage\":\"de\",\"@id\":\"https:\/\/loewentestneu.metafex.io\/de#\/schema\/logo\/image\/\",\"url\":\"https:\/\/loewentestneu.metafex.io\/wp-content\/uploads\/2022\/12\/Logo-Lion-Pharmacy-c-o-Loewen-Apotheke-smal.jpg\",\"contentUrl\":\"https:\/\/loewentestneu.metafex.io\/wp-content\/uploads\/2022\/12\/Logo-Lion-Pharmacy-c-o-Loewen-Apotheke-smal.jpg\",\"width\":298,\"height\":99,\"caption\":\"Lions Pharmacy\"},\"image\":{\"@id\":\"https:\/\/loewentestneu.metafex.io\/de#\/schema\/logo\/image\/\"}}]}<\/script>\n<!-- \/ Yoast SEO plugin. -->","yoast_head_json":{"title":"Allergostop-Bausatz &#187; hier bestellen","description":"Registrierte deutsche Online-Apotheke. Wir bieten: Schneller internationaler Versand mit DHL. Produkt hergestellt von vitOrgan | Allergostop-Bausatz","robots":{"index":"noindex","follow":"follow","max-snippet":"max-snippet:-1","max-image-preview":"max-image-preview:large","max-video-preview":"max-video-preview:-1"},"og_locale":"de_DE","og_type":"article","og_title":"Allergostop-Bausatz &#187; hier bestellen","og_description":"Registrierte deutsche Online-Apotheke. Wir bieten: Schneller internationaler Versand mit DHL. Produkt hergestellt von vitOrgan | Allergostop-Bausatz","og_url":"https:\/\/loewentestneu.metafex.io\/de\/produkt\/allergostop-kit","og_site_name":"L\u00f6wen Apotheke","article_modified_time":"2025-01-25T14:39:12+00:00","og_image":[{"width":600,"height":600,"url":"https:\/\/loewentestneu.metafex.io\/wp-content\/uploads\/2025\/01\/Allergostop-Kit-von-vitOrgan-Arzneimittel.-PZN-11485182.-Lowen-Apotheke-Lions-Pharmacy.webp","type":"image\/webp"}],"twitter_card":"summary_large_image","twitter_misc":{"Gesch\u00e4tzte Lesezeit":"2\u00a0Minuten"},"schema":{"@context":"https:\/\/schema.org","@graph":[{"@type":"WebPage","@id":"https:\/\/loewentestneu.metafex.io\/de\/produkt\/allergostop-kit","url":"https:\/\/loewentestneu.metafex.io\/de\/produkt\/allergostop-kit","name":"Allergostop-Bausatz &#187; hier bestellen","isPartOf":{"@id":"https:\/\/loewentestneu.metafex.io\/de#website"},"primaryImageOfPage":{"@id":"https:\/\/loewentestneu.metafex.io\/de\/produkt\/allergostop-kit#primaryimage"},"image":{"@id":"https:\/\/loewentestneu.metafex.io\/de\/produkt\/allergostop-kit#primaryimage"},"thumbnailUrl":"https:\/\/loewentestneu.metafex.io\/wp-content\/uploads\/2025\/01\/Allergostop-Kit-von-vitOrgan-Arzneimittel.-PZN-11485182.-Lowen-Apotheke-Lions-Pharmacy.webp","datePublished":"2025-01-15T10:27:28+00:00","dateModified":"2025-01-25T14:39:12+00:00","description":"Registrierte deutsche Online-Apotheke. Wir bieten: Schneller internationaler Versand mit DHL. Produkt hergestellt von vitOrgan | Allergostop-Bausatz","breadcrumb":{"@id":"https:\/\/loewentestneu.metafex.io\/de\/produkt\/allergostop-kit#breadcrumb"},"inLanguage":"de","potentialAction":[{"@type":"ReadAction","target":["https:\/\/loewentestneu.metafex.io\/de\/produkt\/allergostop-kit"]}]},{"@type":"ImageObject","inLanguage":"de","@id":"https:\/\/loewentestneu.metafex.io\/de\/produkt\/allergostop-kit#primaryimage","url":"https:\/\/loewentestneu.metafex.io\/wp-content\/uploads\/2025\/01\/Allergostop-Kit-von-vitOrgan-Arzneimittel.-PZN-11485182.-Lowen-Apotheke-Lions-Pharmacy.webp","contentUrl":"https:\/\/loewentestneu.metafex.io\/wp-content\/uploads\/2025\/01\/Allergostop-Kit-von-vitOrgan-Arzneimittel.-PZN-11485182.-Lowen-Apotheke-Lions-Pharmacy.webp","width":600,"height":600,"caption":"Allergostop-Kit von vitOrgan Arzneimittel. PZN 11485182. L\u00f6wen Apotheke - Lions Pharmacy"},{"@type":"BreadcrumbList","@id":"https:\/\/loewentestneu.metafex.io\/de\/produkt\/allergostop-kit#breadcrumb","itemListElement":[{"@type":"ListItem","position":1,"name":"Home","item":"https:\/\/loewentestneu.metafex.io\/de\/homepage-lion-pharmacy"},{"@type":"ListItem","position":2,"name":"Shop","item":"https:\/\/loewentestneu.metafex.io\/de\/shop-2"},{"@type":"ListItem","position":3,"name":"Allergostop-Bausatz"}]},{"@type":"WebSite","@id":"https:\/\/loewentestneu.metafex.io\/de#website","url":"https:\/\/loewentestneu.metafex.io\/de","name":"Lions Pharmacy","description":"Ihr Spezialist f\u00fcr Naturheilkunde aus Baden-Baden, Germany","publisher":{"@id":"https:\/\/loewentestneu.metafex.io\/de#organization"},"alternateName":"Lion Pharmacy","potentialAction":[{"@type":"SearchAction","target":{"@type":"EntryPoint","urlTemplate":"https:\/\/loewentestneu.metafex.io\/de?s={search_term_string}"},"query-input":{"@type":"PropertyValueSpecification","valueRequired":true,"valueName":"search_term_string"}}],"inLanguage":"de"},{"@type":"Organization","@id":"https:\/\/loewentestneu.metafex.io\/de#organization","name":"Lions Pharmacy","alternateName":"Lions Pharmacy24","url":"https:\/\/loewentestneu.metafex.io\/de","logo":{"@type":"ImageObject","inLanguage":"de","@id":"https:\/\/loewentestneu.metafex.io\/de#\/schema\/logo\/image\/","url":"https:\/\/loewentestneu.metafex.io\/wp-content\/uploads\/2022\/12\/Logo-Lion-Pharmacy-c-o-Loewen-Apotheke-smal.jpg","contentUrl":"https:\/\/loewentestneu.metafex.io\/wp-content\/uploads\/2022\/12\/Logo-Lion-Pharmacy-c-o-Loewen-Apotheke-smal.jpg","width":298,"height":99,"caption":"Lions Pharmacy"},"image":{"@id":"https:\/\/loewentestneu.metafex.io\/de#\/schema\/logo\/image\/"}}]}},"_links":{"self":[{"href":"https:\/\/loewentestneu.metafex.io\/de\/wp-json\/wp\/v2\/product\/8028","targetHints":{"allow":["GET"]}}],"collection":[{"href":"https:\/\/loewentestneu.metafex.io\/de\/wp-json\/wp\/v2\/product"}],"about":[{"href":"https:\/\/loewentestneu.metafex.io\/de\/wp-json\/wp\/v2\/types\/product"}],"replies":[{"embeddable":true,"href":"https:\/\/loewentestneu.metafex.io\/de\/wp-json\/wp\/v2\/comments?post=8028"}],"wp:featuredmedia":[{"embeddable":true,"href":"https:\/\/loewentestneu.metafex.io\/de\/wp-json\/wp\/v2\/media\/8031"}],"wp:attachment":[{"href":"https:\/\/loewentestneu.metafex.io\/de\/wp-json\/wp\/v2\/media?parent=8028"}],"wp:term":[{"taxonomy":"product_brand","embeddable":true,"href":"https:\/\/loewentestneu.metafex.io\/de\/wp-json\/wp\/v2\/product_brand?post=8028"},{"taxonomy":"product_cat","embeddable":true,"href":"https:\/\/loewentestneu.metafex.io\/de\/wp-json\/wp\/v2\/product_cat?post=8028"},{"taxonomy":"product_tag","embeddable":true,"href":"https:\/\/loewentestneu.metafex.io\/de\/wp-json\/wp\/v2\/product_tag?post=8028"}],"curies":[{"name":"wp","href":"https:\/\/api.w.org\/{rel}","templated":true}]}}