{"id":9104,"date":"2025-02-14T17:05:16","date_gmt":"2025-02-14T16:05:16","guid":{"rendered":"https:\/\/lions-pharmacy.com\/?post_type=product&#038;p=9104"},"modified":"2025-02-15T09:32:56","modified_gmt":"2025-02-15T08:32:56","slug":"wobenzym-immun-tablets-120-pcs","status":"publish","type":"product","link":"https:\/\/loewentestneu.metafex.io\/de\/produkt\/wobenzym-immun-tablets-120-pcs","title":{"rendered":"WOBENZYM immun Tabletten 120 Stk."},"content":{"rendered":"<h3>WOBENZYM immun Tabletten magensaftresistente Tabletten<\/h3>\n<p>Wobenzym immun Tabletten 120 St\u00fcck ist ein Nahrungserg\u00e4nzungsmittel mit Enzymen und Vitaminen in Kombination: Wobenzym\u00ae immun unterst\u00fctzt das Immunsystem mit den Vitaminen C, D sowie Zink und Selen. Die spezielle Kombination von Enzymen in Wobenzym bei Beschwerden, deren Ursache auf einen entz\u00fcndlichen Prozess zur\u00fcckzuf\u00fchren ist. Das Nahrungserg\u00e4nzungsmittel Wobenzym\u00ae immune enth\u00e4lt eine speziell entwickelte Kombination von Vitaminen mit Enzymen. Versorgt den K\u00f6rper auch bei sportlichen und beruflichen H\u00f6chstleistungen mit wichtigen N\u00e4hrstoffen.<\/p>\n<p>Zur Unterst\u00fctzung des Immunsystems.<\/p>\n<p>Die speziellen Vitamine und Enzymkr\u00e4fte des Medikaments setzen an der Entz\u00fcndung als Ursache der Schmerzen an und f\u00f6rdern die Heilung auf nat\u00fcrliche Weise. Es hilft Ihnen, aktiv zu sein und das Leben auf nat\u00fcrliche Weise zu genie\u00dfen. Nahrungserg\u00e4nzungsmittel sind kein Ersatz f\u00fcr eine abwechslungsreiche und ausgewogene Ern\u00e4hrung oder eine gesunde Lebensweise. \u00dcberschreiten Sie nicht die empfohlene Tagesdosis.<\/p>\n<p>Weitere Produktdetails finden Sie beim Hersteller: <a href=\"https:\/\/www.wobenzym.de\/\" target=\"_blank\" rel=\"noopener\">Wobenzym &#8211; MUCOS Pharma GmbH &amp; Co KG<\/a><\/p>\n<p>Packungsbeilage\/Gebrauchsanweisung\/Artikeldatenblatt: <a href=\"https:\/\/loewentestneu.metafex.io\/wp-content\/uploads\/2025\/02\/07368631.pdf\">Wobenzym immun 07368631<\/a> (PDF-Reader) <a href=\"https:\/\/loewentestneu.metafex.io\/wp-content\/uploads\/2025\/02\/07368631_BPZ.pdf\">07368631_BPZ<\/a><\/p>\n<p>Andere Produkte f\u00fcr diese Anwendung: <a href=\"https:\/\/loewentestneu.metafex.io\/produkt-schlagwort\/cold-flu\">Erk\u00e4ltung &amp; Grippe<\/a> | <a href=\"https:\/\/loewentestneu.metafex.io\/product-tag\/cold-flu\">Infektionen<\/a><\/p>\n<p>Informationen auf dieser Website werden ausschlie\u00dflich f\u00fcr informative Zwecke zur Verf\u00fcgung gestellt. Sie ersetzen keinesfalls die Untersuchung und Behandlung durch einen Arzt. Bitte beachten Sie, dass hierdurch weder Diagnosen gestellt noch Therapien eingeleitet werden k\u00f6nnen.<\/p>\n<p>Zu Risiken und Nebenwirkungen lesen Sie die Packungsbeilage und fragen Sie Ihren Arzt oder Apotheker.<\/p>\n","protected":false},"excerpt":{"rendered":"<h2>WOBENZYM immun Tabletten 120 Stk.<\/h2>\n<p>WOBENZYM immun magensaftresistente Tabletten zur unterst\u00fctzenden Behandlung von Erwachsenen mit Schwellungen, Entz\u00fcndungen oder Schmerzen. Zur Unterst\u00fctzung des Immunsystems.<\/p>\n<p>&nbsp;<\/p>\n<p>PZN: 07368631 (Pharmazentralnummer)<\/p>\n<p>Darreichungsform: Tabletten<\/p>\n<p>Verordnungsart: Rezeptfrei<\/p>\n<p>Marke: Wobenzym<\/p>\n<p>Hersteller: MUCOS Pharma GmbH &amp; Co KG<\/p>\n<p>Packungsgr\u00f6\u00dfe: 120 St\u00fcck.<\/p>\n","protected":false},"featured_media":9112,"comment_status":"closed","ping_status":"closed","template":"","meta":[],"product_brand":[],"product_cat":[367,368],"product_tag":[379,428,429],"class_list":{"0":"post-9104","1":"product","2":"type-product","3":"status-publish","4":"has-post-thumbnail","6":"product_cat-sale-de","7":"product_cat-shop-de","8":"product_tag-monatlicher-sale-de","9":"product_tag-virusinfektion","10":"product_tag-vitamine-und-nahrungserganzungsmittel","11":"ts_product_brand-alle","13":"first","14":"outofstock","15":"sale","16":"taxable","17":"shipping-taxable","18":"purchasable","19":"product-type-simple"},"yoast_head":"<!-- This site is optimized with the Yoast SEO plugin v26.5 - https:\/\/yoast.com\/wordpress\/plugins\/seo\/ -->\n<title>WOBENZYM immun Tabletten 120 Stk. &#187; L\u00f6wen Apotheke &#187;<\/title>\n<meta name=\"description\" content=\"L\u00f6wen Apotheke ist eine registrierte deutsche Apotheke. Wir bieten: schnellen internationalen Versand und sicheres Online-Shopping. WOBENZYM immun Tabletten 120 Stk.\" \/>\n<meta name=\"robots\" content=\"noindex, follow, max-snippet:-1, max-image-preview:large, max-video-preview:-1\" \/>\n<meta property=\"og:locale\" content=\"de_DE\" \/>\n<meta property=\"og:type\" content=\"article\" \/>\n<meta property=\"og:title\" content=\"WOBENZYM immun Tabletten 120 Stk. &#187; L\u00f6wen Apotheke &#187;\" \/>\n<meta property=\"og:description\" content=\"L\u00f6wen Apotheke ist eine registrierte deutsche Apotheke. Wir bieten: schnellen internationalen Versand und sicheres Online-Shopping. WOBENZYM immun Tabletten 120 Stk.\" \/>\n<meta property=\"og:url\" content=\"https:\/\/loewentestneu.metafex.io\/de\/produkt\/wobenzym-immun-tablets-120-pcs\" \/>\n<meta property=\"og:site_name\" content=\"L\u00f6wen Apotheke\" \/>\n<meta property=\"article:modified_time\" content=\"2025-02-15T08:32:56+00:00\" \/>\n<meta property=\"og:image\" content=\"https:\/\/loewentestneu.metafex.io\/wp-content\/uploads\/2025\/02\/WOBENZYM-immun-Tablets-120-pcs-Lions-Pharmacy.webp\" \/>\n\t<meta property=\"og:image:width\" content=\"600\" \/>\n\t<meta property=\"og:image:height\" content=\"600\" \/>\n\t<meta property=\"og:image:type\" content=\"image\/webp\" \/>\n<meta name=\"twitter:card\" content=\"summary_large_image\" \/>\n<meta name=\"twitter:label1\" content=\"Gesch\u00e4tzte Lesezeit\" \/>\n\t<meta name=\"twitter:data1\" content=\"1\u00a0Minute\" \/>\n<script type=\"application\/ld+json\" class=\"yoast-schema-graph\">{\"@context\":\"https:\/\/schema.org\",\"@graph\":[{\"@type\":\"WebPage\",\"@id\":\"https:\/\/loewentestneu.metafex.io\/de\/produkt\/wobenzym-immun-tablets-120-pcs\",\"url\":\"https:\/\/loewentestneu.metafex.io\/de\/produkt\/wobenzym-immun-tablets-120-pcs\",\"name\":\"WOBENZYM immun Tabletten 120 Stk. &#187; L\u00f6wen Apotheke &#187;\",\"isPartOf\":{\"@id\":\"https:\/\/loewentestneu.metafex.io\/de#website\"},\"primaryImageOfPage\":{\"@id\":\"https:\/\/loewentestneu.metafex.io\/de\/produkt\/wobenzym-immun-tablets-120-pcs#primaryimage\"},\"image\":{\"@id\":\"https:\/\/loewentestneu.metafex.io\/de\/produkt\/wobenzym-immun-tablets-120-pcs#primaryimage\"},\"thumbnailUrl\":\"https:\/\/loewentestneu.metafex.io\/wp-content\/uploads\/2025\/02\/WOBENZYM-immun-Tablets-120-pcs-Lions-Pharmacy.webp\",\"datePublished\":\"2025-02-14T16:05:16+00:00\",\"dateModified\":\"2025-02-15T08:32:56+00:00\",\"description\":\"L\u00f6wen Apotheke ist eine registrierte deutsche Apotheke. Wir bieten: schnellen internationalen Versand und sicheres Online-Shopping. WOBENZYM immun Tabletten 120 Stk.\",\"breadcrumb\":{\"@id\":\"https:\/\/loewentestneu.metafex.io\/de\/produkt\/wobenzym-immun-tablets-120-pcs#breadcrumb\"},\"inLanguage\":\"de\",\"potentialAction\":[{\"@type\":\"ReadAction\",\"target\":[\"https:\/\/loewentestneu.metafex.io\/de\/produkt\/wobenzym-immun-tablets-120-pcs\"]}]},{\"@type\":\"ImageObject\",\"inLanguage\":\"de\",\"@id\":\"https:\/\/loewentestneu.metafex.io\/de\/produkt\/wobenzym-immun-tablets-120-pcs#primaryimage\",\"url\":\"https:\/\/loewentestneu.metafex.io\/wp-content\/uploads\/2025\/02\/WOBENZYM-immun-Tablets-120-pcs-Lions-Pharmacy.webp\",\"contentUrl\":\"https:\/\/loewentestneu.metafex.io\/wp-content\/uploads\/2025\/02\/WOBENZYM-immun-Tablets-120-pcs-Lions-Pharmacy.webp\",\"width\":600,\"height\":600,\"caption\":\"WOBENZYM immun Tabletten, 120 St\u00fcck in einer Box, pr\u00e4sentiert von Lions Pharmacy\"},{\"@type\":\"BreadcrumbList\",\"@id\":\"https:\/\/loewentestneu.metafex.io\/de\/produkt\/wobenzym-immun-tablets-120-pcs#breadcrumb\",\"itemListElement\":[{\"@type\":\"ListItem\",\"position\":1,\"name\":\"Home\",\"item\":\"https:\/\/loewentestneu.metafex.io\/de\/homepage-lion-pharmacy\"},{\"@type\":\"ListItem\",\"position\":2,\"name\":\"Shop\",\"item\":\"https:\/\/loewentestneu.metafex.io\/de\/shop-2\"},{\"@type\":\"ListItem\",\"position\":3,\"name\":\"WOBENZYM immun Tabletten 120 Stk.\"}]},{\"@type\":\"WebSite\",\"@id\":\"https:\/\/loewentestneu.metafex.io\/de#website\",\"url\":\"https:\/\/loewentestneu.metafex.io\/de\",\"name\":\"Lions Pharmacy\",\"description\":\"Ihr Spezialist f\u00fcr Naturheilkunde aus Baden-Baden, Germany\",\"publisher\":{\"@id\":\"https:\/\/loewentestneu.metafex.io\/de#organization\"},\"alternateName\":\"Lion Pharmacy\",\"potentialAction\":[{\"@type\":\"SearchAction\",\"target\":{\"@type\":\"EntryPoint\",\"urlTemplate\":\"https:\/\/loewentestneu.metafex.io\/de?s={search_term_string}\"},\"query-input\":{\"@type\":\"PropertyValueSpecification\",\"valueRequired\":true,\"valueName\":\"search_term_string\"}}],\"inLanguage\":\"de\"},{\"@type\":\"Organization\",\"@id\":\"https:\/\/loewentestneu.metafex.io\/de#organization\",\"name\":\"Lions Pharmacy\",\"alternateName\":\"Lions Pharmacy24\",\"url\":\"https:\/\/loewentestneu.metafex.io\/de\",\"logo\":{\"@type\":\"ImageObject\",\"inLanguage\":\"de\",\"@id\":\"https:\/\/loewentestneu.metafex.io\/de#\/schema\/logo\/image\/\",\"url\":\"https:\/\/loewentestneu.metafex.io\/wp-content\/uploads\/2022\/12\/Logo-Lion-Pharmacy-c-o-Loewen-Apotheke-smal.jpg\",\"contentUrl\":\"https:\/\/loewentestneu.metafex.io\/wp-content\/uploads\/2022\/12\/Logo-Lion-Pharmacy-c-o-Loewen-Apotheke-smal.jpg\",\"width\":298,\"height\":99,\"caption\":\"Lions Pharmacy\"},\"image\":{\"@id\":\"https:\/\/loewentestneu.metafex.io\/de#\/schema\/logo\/image\/\"}}]}<\/script>\n<!-- \/ Yoast SEO plugin. -->","yoast_head_json":{"title":"WOBENZYM immun Tabletten 120 Stk. &#187; L\u00f6wen Apotheke &#187;","description":"L\u00f6wen Apotheke ist eine registrierte deutsche Apotheke. Wir bieten: schnellen internationalen Versand und sicheres Online-Shopping. WOBENZYM immun Tabletten 120 Stk.","robots":{"index":"noindex","follow":"follow","max-snippet":"max-snippet:-1","max-image-preview":"max-image-preview:large","max-video-preview":"max-video-preview:-1"},"og_locale":"de_DE","og_type":"article","og_title":"WOBENZYM immun Tabletten 120 Stk. &#187; L\u00f6wen Apotheke &#187;","og_description":"L\u00f6wen Apotheke ist eine registrierte deutsche Apotheke. Wir bieten: schnellen internationalen Versand und sicheres Online-Shopping. WOBENZYM immun Tabletten 120 Stk.","og_url":"https:\/\/loewentestneu.metafex.io\/de\/produkt\/wobenzym-immun-tablets-120-pcs","og_site_name":"L\u00f6wen Apotheke","article_modified_time":"2025-02-15T08:32:56+00:00","og_image":[{"width":600,"height":600,"url":"https:\/\/loewentestneu.metafex.io\/wp-content\/uploads\/2025\/02\/WOBENZYM-immun-Tablets-120-pcs-Lions-Pharmacy.webp","type":"image\/webp"}],"twitter_card":"summary_large_image","twitter_misc":{"Gesch\u00e4tzte Lesezeit":"1\u00a0Minute"},"schema":{"@context":"https:\/\/schema.org","@graph":[{"@type":"WebPage","@id":"https:\/\/loewentestneu.metafex.io\/de\/produkt\/wobenzym-immun-tablets-120-pcs","url":"https:\/\/loewentestneu.metafex.io\/de\/produkt\/wobenzym-immun-tablets-120-pcs","name":"WOBENZYM immun Tabletten 120 Stk. &#187; L\u00f6wen Apotheke &#187;","isPartOf":{"@id":"https:\/\/loewentestneu.metafex.io\/de#website"},"primaryImageOfPage":{"@id":"https:\/\/loewentestneu.metafex.io\/de\/produkt\/wobenzym-immun-tablets-120-pcs#primaryimage"},"image":{"@id":"https:\/\/loewentestneu.metafex.io\/de\/produkt\/wobenzym-immun-tablets-120-pcs#primaryimage"},"thumbnailUrl":"https:\/\/loewentestneu.metafex.io\/wp-content\/uploads\/2025\/02\/WOBENZYM-immun-Tablets-120-pcs-Lions-Pharmacy.webp","datePublished":"2025-02-14T16:05:16+00:00","dateModified":"2025-02-15T08:32:56+00:00","description":"L\u00f6wen Apotheke ist eine registrierte deutsche Apotheke. Wir bieten: schnellen internationalen Versand und sicheres Online-Shopping. WOBENZYM immun Tabletten 120 Stk.","breadcrumb":{"@id":"https:\/\/loewentestneu.metafex.io\/de\/produkt\/wobenzym-immun-tablets-120-pcs#breadcrumb"},"inLanguage":"de","potentialAction":[{"@type":"ReadAction","target":["https:\/\/loewentestneu.metafex.io\/de\/produkt\/wobenzym-immun-tablets-120-pcs"]}]},{"@type":"ImageObject","inLanguage":"de","@id":"https:\/\/loewentestneu.metafex.io\/de\/produkt\/wobenzym-immun-tablets-120-pcs#primaryimage","url":"https:\/\/loewentestneu.metafex.io\/wp-content\/uploads\/2025\/02\/WOBENZYM-immun-Tablets-120-pcs-Lions-Pharmacy.webp","contentUrl":"https:\/\/loewentestneu.metafex.io\/wp-content\/uploads\/2025\/02\/WOBENZYM-immun-Tablets-120-pcs-Lions-Pharmacy.webp","width":600,"height":600,"caption":"WOBENZYM immun Tabletten, 120 St\u00fcck in einer Box, pr\u00e4sentiert von Lions Pharmacy"},{"@type":"BreadcrumbList","@id":"https:\/\/loewentestneu.metafex.io\/de\/produkt\/wobenzym-immun-tablets-120-pcs#breadcrumb","itemListElement":[{"@type":"ListItem","position":1,"name":"Home","item":"https:\/\/loewentestneu.metafex.io\/de\/homepage-lion-pharmacy"},{"@type":"ListItem","position":2,"name":"Shop","item":"https:\/\/loewentestneu.metafex.io\/de\/shop-2"},{"@type":"ListItem","position":3,"name":"WOBENZYM immun Tabletten 120 Stk."}]},{"@type":"WebSite","@id":"https:\/\/loewentestneu.metafex.io\/de#website","url":"https:\/\/loewentestneu.metafex.io\/de","name":"Lions Pharmacy","description":"Ihr Spezialist f\u00fcr Naturheilkunde aus Baden-Baden, Germany","publisher":{"@id":"https:\/\/loewentestneu.metafex.io\/de#organization"},"alternateName":"Lion Pharmacy","potentialAction":[{"@type":"SearchAction","target":{"@type":"EntryPoint","urlTemplate":"https:\/\/loewentestneu.metafex.io\/de?s={search_term_string}"},"query-input":{"@type":"PropertyValueSpecification","valueRequired":true,"valueName":"search_term_string"}}],"inLanguage":"de"},{"@type":"Organization","@id":"https:\/\/loewentestneu.metafex.io\/de#organization","name":"Lions Pharmacy","alternateName":"Lions Pharmacy24","url":"https:\/\/loewentestneu.metafex.io\/de","logo":{"@type":"ImageObject","inLanguage":"de","@id":"https:\/\/loewentestneu.metafex.io\/de#\/schema\/logo\/image\/","url":"https:\/\/loewentestneu.metafex.io\/wp-content\/uploads\/2022\/12\/Logo-Lion-Pharmacy-c-o-Loewen-Apotheke-smal.jpg","contentUrl":"https:\/\/loewentestneu.metafex.io\/wp-content\/uploads\/2022\/12\/Logo-Lion-Pharmacy-c-o-Loewen-Apotheke-smal.jpg","width":298,"height":99,"caption":"Lions Pharmacy"},"image":{"@id":"https:\/\/loewentestneu.metafex.io\/de#\/schema\/logo\/image\/"}}]}},"_links":{"self":[{"href":"https:\/\/loewentestneu.metafex.io\/de\/wp-json\/wp\/v2\/product\/9104","targetHints":{"allow":["GET"]}}],"collection":[{"href":"https:\/\/loewentestneu.metafex.io\/de\/wp-json\/wp\/v2\/product"}],"about":[{"href":"https:\/\/loewentestneu.metafex.io\/de\/wp-json\/wp\/v2\/types\/product"}],"replies":[{"embeddable":true,"href":"https:\/\/loewentestneu.metafex.io\/de\/wp-json\/wp\/v2\/comments?post=9104"}],"wp:featuredmedia":[{"embeddable":true,"href":"https:\/\/loewentestneu.metafex.io\/de\/wp-json\/wp\/v2\/media\/9112"}],"wp:attachment":[{"href":"https:\/\/loewentestneu.metafex.io\/de\/wp-json\/wp\/v2\/media?parent=9104"}],"wp:term":[{"taxonomy":"product_brand","embeddable":true,"href":"https:\/\/loewentestneu.metafex.io\/de\/wp-json\/wp\/v2\/product_brand?post=9104"},{"taxonomy":"product_cat","embeddable":true,"href":"https:\/\/loewentestneu.metafex.io\/de\/wp-json\/wp\/v2\/product_cat?post=9104"},{"taxonomy":"product_tag","embeddable":true,"href":"https:\/\/loewentestneu.metafex.io\/de\/wp-json\/wp\/v2\/product_tag?post=9104"}],"curies":[{"name":"wp","href":"https:\/\/api.w.org\/{rel}","templated":true}]}}