{"id":9161,"date":"2025-02-15T06:38:38","date_gmt":"2025-02-15T05:38:38","guid":{"rendered":"https:\/\/lions-pharmacy.com\/?post_type=product&#038;p=9161"},"modified":"2025-02-15T09:32:59","modified_gmt":"2025-02-15T08:32:59","slug":"notakehl-d5-drops-10ml","status":"publish","type":"product","link":"https:\/\/loewentestneu.metafex.io\/de\/produkt\/notakehl-d5-drops-10ml","title":{"rendered":"NOTAKEHL D5 Tropfen (10ml)"},"content":{"rendered":"<h3>NOTAKEHL D5 Tropfen<\/h3>\n<p>NOTAKEHL D5 Tropfen ist ein hom\u00f6opathisches Arzneimittel zur Behandlung von Angina, Bronchitis, Halswirbels\u00e4ule, Schmerzlinderung.<\/p>\n<p>Beim Hersteller SANUM-KEHLBECK GmbH &amp; Co. KG finden Sie weitere Informationen zu dem Produkt NOTAKEHL D 6 Ampullen. Anschrift des Lieferanten\/Herstellers SANUM-KEHLBECK GmbH &amp; Co. KG Hasseler Steinweg 9, 27318 Hoya, Deutschland.<\/p>\n<p>Die SANUM-Therapie wirkt mit der Kraft der nat\u00fcrlichen Mikroorganismen regulierend auf das mikrobielle Gleichgewicht im K\u00f6rper, um akute und chronische Krankheiten zu behandeln. Die Anwendungsgebiete von SANUM-Medikamenten sind sehr vielf\u00e4ltig. Sie werden bei akuten und chronischen Erkrankungen des Herz-Kreislauf-Systems, degenerativen Erkrankungen des Binde- und St\u00fctzgewebes sowie bei bakteriellen, viralen und pilzlichen Infektionskrankheiten eingesetzt.<\/p>\n<p>Packungsbeilage\/Gebrauchsanweisung\/Artikeldatenblatt: &#8211; (PDF-Reader)<\/p>\n<p>Weitere Produkte f\u00fcr die Anwendung: <a href=\"https:\/\/loewentestneu.metafex.io\/product-tag\/homeopathy\" rel=\"tag\">Hom\u00f6opathie<\/a> | <a href=\"https:\/\/loewentestneu.metafex.io\/product-tag\/virus-infection\" rel=\"tag\">Virusinfektion<\/a> | <a href=\"https:\/\/loewentestneu.metafex.io\/product-tag\/vitamins-supplements\">Vitamine &amp; Nahrungserg\u00e4nzungsmittel Produkte<\/a><\/p>\n<p>Erfahren Sie mehr \u00fcber den Hersteller und dieses Produkt: <a href=\"https:\/\/sanum.com\/\" target=\"_blank\" rel=\"noopener\">SANUM-Kelbeck<\/a> (Link zu externer Website)<\/p>\n<p>Informationen auf dieser Website werden ausschlie\u00dflich f\u00fcr informative Zwecke zur Verf\u00fcgung gestellt. Sie ersetzen keinesfalls die Untersuchung und Behandlung durch einen Arzt. Bitte beachten Sie, dass hierdurch weder Diagnosen gestellt noch Therapien eingeleitet werden k\u00f6nnen.<\/p>\n<p>Zu Risiken und Nebenwirkungen lesen Sie die Packungsbeilage und fragen Sie Ihren Arzt oder Apotheker.<\/p>\n<p>&nbsp;<\/p>\n<h3>Verschreibung | E-Rezept erh\u00e4ltlich?<\/h3>\n<p>Reichen Sie jetzt Ihr E-Rezept ein. Nutzen Sie unsere <a href=\"https:\/\/e-rezept-app.de\/shop-rezept\" target=\"_blank\" rel=\"noopener\">E-Rezept-App<\/a> . Und wir schenken Ihnen die Versandkosten in Deutschland!<\/p>\n","protected":false},"excerpt":{"rendered":"<h2>NOTAKEHL D5 Tropfen<\/h2>\n<p>Bei Angina, Bronchitis, Halswirbels\u00e4ule, Schmerzen.<\/p>\n<p>&nbsp;<\/p>\n<p><strong>PZN<\/strong>: 03207115<\/p>\n<p><strong>Darreichungsform<\/strong>: Tropfen<\/p>\n<p><strong>Packungsgr\u00f6\u00dfe<\/strong>: 10 ml<\/p>\n<p><strong>Verschreibungsart:<\/strong> verschreibungsfrei<\/p>\n<p><strong>Marke<\/strong>: SANUM<\/p>\n<p><strong>Hersteller<\/strong>: SANUM-Kehlbeck GmbH, Deutschland<\/p>\n","protected":false},"featured_media":9166,"comment_status":"closed","ping_status":"closed","template":"","meta":[],"product_brand":[],"product_cat":[368],"product_tag":[387,476,381,472,474,429,432],"class_list":{"0":"post-9161","1":"product","2":"type-product","3":"status-publish","4":"has-post-thumbnail","6":"product_cat-shop-de","7":"product_tag-erkaltungen-grippe","8":"product_tag-grippe-erkaltung","9":"product_tag-homoopathie","10":"product_tag-naturliche-heilmittel","11":"product_tag-pflanzlicher-wirkstoff","12":"product_tag-vitamine-und-nahrungserganzungsmittel","13":"product_tag-wellness-de","14":"ts_product_brand-alle","15":"ts_product_brand-sanum-kehlbeck-de","17":"first","18":"instock","19":"sale","20":"taxable","21":"shipping-taxable","22":"purchasable","23":"product-type-simple"},"yoast_head":"<!-- This site is optimized with the Yoast SEO plugin v26.5 - https:\/\/yoast.com\/wordpress\/plugins\/seo\/ -->\n<title>NOTAKEHL D5 Tropfen (10ml) &#187; Mehr erfahren<\/title>\n<meta name=\"description\" content=\"Registrierte deutsche Online-Apotheke. Wir bieten: Schneller Versand weltweit und Top Service. NOTAKEHL D5 Tropfen (10ml) von SANUM-Kehlbeck. SANUM-Therapie.\" \/>\n<meta name=\"robots\" content=\"noindex, follow, max-snippet:-1, max-image-preview:large, max-video-preview:-1\" \/>\n<meta property=\"og:locale\" content=\"de_DE\" \/>\n<meta property=\"og:type\" content=\"article\" \/>\n<meta property=\"og:title\" content=\"NOTAKEHL D5 Tropfen (10ml) &#187; Mehr erfahren\" \/>\n<meta property=\"og:description\" content=\"Registrierte deutsche Online-Apotheke. Wir bieten: Schneller Versand weltweit und Top Service. NOTAKEHL D5 Tropfen (10ml) von SANUM-Kehlbeck. SANUM-Therapie.\" \/>\n<meta property=\"og:url\" content=\"https:\/\/loewentestneu.metafex.io\/de\/produkt\/notakehl-d5-drops-10ml\" \/>\n<meta property=\"og:site_name\" content=\"L\u00f6wen Apotheke\" \/>\n<meta property=\"article:modified_time\" content=\"2025-02-15T08:32:59+00:00\" \/>\n<meta property=\"og:image\" content=\"https:\/\/loewentestneu.metafex.io\/wp-content\/uploads\/2025\/02\/Packung-NOTAKEHL-D5-drops-SANUM-KEHLBECK-GmbH-Co.-KG-PZN-03207115.webp\" \/>\n\t<meta property=\"og:image:width\" content=\"600\" \/>\n\t<meta property=\"og:image:height\" content=\"600\" \/>\n\t<meta property=\"og:image:type\" content=\"image\/webp\" \/>\n<meta name=\"twitter:card\" content=\"summary_large_image\" \/>\n<meta name=\"twitter:label1\" content=\"Gesch\u00e4tzte Lesezeit\" \/>\n\t<meta name=\"twitter:data1\" content=\"1\u00a0Minute\" \/>\n<script type=\"application\/ld+json\" class=\"yoast-schema-graph\">{\"@context\":\"https:\/\/schema.org\",\"@graph\":[{\"@type\":\"WebPage\",\"@id\":\"https:\/\/loewentestneu.metafex.io\/de\/produkt\/notakehl-d5-drops-10ml\",\"url\":\"https:\/\/loewentestneu.metafex.io\/de\/produkt\/notakehl-d5-drops-10ml\",\"name\":\"NOTAKEHL D5 Tropfen (10ml) &#187; Mehr erfahren\",\"isPartOf\":{\"@id\":\"https:\/\/loewentestneu.metafex.io\/de#website\"},\"primaryImageOfPage\":{\"@id\":\"https:\/\/loewentestneu.metafex.io\/de\/produkt\/notakehl-d5-drops-10ml#primaryimage\"},\"image\":{\"@id\":\"https:\/\/loewentestneu.metafex.io\/de\/produkt\/notakehl-d5-drops-10ml#primaryimage\"},\"thumbnailUrl\":\"https:\/\/loewentestneu.metafex.io\/wp-content\/uploads\/2025\/02\/Packung-NOTAKEHL-D5-drops-SANUM-KEHLBECK-GmbH-Co.-KG-PZN-03207115.webp\",\"datePublished\":\"2025-02-15T05:38:38+00:00\",\"dateModified\":\"2025-02-15T08:32:59+00:00\",\"description\":\"Registrierte deutsche Online-Apotheke. Wir bieten: Schneller Versand weltweit und Top Service. NOTAKEHL D5 Tropfen (10ml) von SANUM-Kehlbeck. SANUM-Therapie.\",\"breadcrumb\":{\"@id\":\"https:\/\/loewentestneu.metafex.io\/de\/produkt\/notakehl-d5-drops-10ml#breadcrumb\"},\"inLanguage\":\"de\",\"potentialAction\":[{\"@type\":\"ReadAction\",\"target\":[\"https:\/\/loewentestneu.metafex.io\/de\/produkt\/notakehl-d5-drops-10ml\"]}]},{\"@type\":\"ImageObject\",\"inLanguage\":\"de\",\"@id\":\"https:\/\/loewentestneu.metafex.io\/de\/produkt\/notakehl-d5-drops-10ml#primaryimage\",\"url\":\"https:\/\/loewentestneu.metafex.io\/wp-content\/uploads\/2025\/02\/Packung-NOTAKEHL-D5-drops-SANUM-KEHLBECK-GmbH-Co.-KG-PZN-03207115.webp\",\"contentUrl\":\"https:\/\/loewentestneu.metafex.io\/wp-content\/uploads\/2025\/02\/Packung-NOTAKEHL-D5-drops-SANUM-KEHLBECK-GmbH-Co.-KG-PZN-03207115.webp\",\"width\":600,\"height\":600,\"caption\":\"Eine Schachtel NOTAKEHL D5 Tropfen von SANUM- KEHLBECK, PZN 03207115\"},{\"@type\":\"BreadcrumbList\",\"@id\":\"https:\/\/loewentestneu.metafex.io\/de\/produkt\/notakehl-d5-drops-10ml#breadcrumb\",\"itemListElement\":[{\"@type\":\"ListItem\",\"position\":1,\"name\":\"Home\",\"item\":\"https:\/\/loewentestneu.metafex.io\/de\/homepage-lion-pharmacy\"},{\"@type\":\"ListItem\",\"position\":2,\"name\":\"Shop\",\"item\":\"https:\/\/loewentestneu.metafex.io\/de\/shop-2\"},{\"@type\":\"ListItem\",\"position\":3,\"name\":\"NOTAKEHL D5 Tropfen (10ml)\"}]},{\"@type\":\"WebSite\",\"@id\":\"https:\/\/loewentestneu.metafex.io\/de#website\",\"url\":\"https:\/\/loewentestneu.metafex.io\/de\",\"name\":\"Lions Pharmacy\",\"description\":\"Ihr Spezialist f\u00fcr Naturheilkunde aus Baden-Baden, Germany\",\"publisher\":{\"@id\":\"https:\/\/loewentestneu.metafex.io\/de#organization\"},\"alternateName\":\"Lion Pharmacy\",\"potentialAction\":[{\"@type\":\"SearchAction\",\"target\":{\"@type\":\"EntryPoint\",\"urlTemplate\":\"https:\/\/loewentestneu.metafex.io\/de?s={search_term_string}\"},\"query-input\":{\"@type\":\"PropertyValueSpecification\",\"valueRequired\":true,\"valueName\":\"search_term_string\"}}],\"inLanguage\":\"de\"},{\"@type\":\"Organization\",\"@id\":\"https:\/\/loewentestneu.metafex.io\/de#organization\",\"name\":\"Lions Pharmacy\",\"alternateName\":\"Lions Pharmacy24\",\"url\":\"https:\/\/loewentestneu.metafex.io\/de\",\"logo\":{\"@type\":\"ImageObject\",\"inLanguage\":\"de\",\"@id\":\"https:\/\/loewentestneu.metafex.io\/de#\/schema\/logo\/image\/\",\"url\":\"https:\/\/loewentestneu.metafex.io\/wp-content\/uploads\/2022\/12\/Logo-Lion-Pharmacy-c-o-Loewen-Apotheke-smal.jpg\",\"contentUrl\":\"https:\/\/loewentestneu.metafex.io\/wp-content\/uploads\/2022\/12\/Logo-Lion-Pharmacy-c-o-Loewen-Apotheke-smal.jpg\",\"width\":298,\"height\":99,\"caption\":\"Lions Pharmacy\"},\"image\":{\"@id\":\"https:\/\/loewentestneu.metafex.io\/de#\/schema\/logo\/image\/\"}}]}<\/script>\n<!-- \/ Yoast SEO plugin. -->","yoast_head_json":{"title":"NOTAKEHL D5 Tropfen (10ml) &#187; Mehr erfahren","description":"Registrierte deutsche Online-Apotheke. Wir bieten: Schneller Versand weltweit und Top Service. NOTAKEHL D5 Tropfen (10ml) von SANUM-Kehlbeck. SANUM-Therapie.","robots":{"index":"noindex","follow":"follow","max-snippet":"max-snippet:-1","max-image-preview":"max-image-preview:large","max-video-preview":"max-video-preview:-1"},"og_locale":"de_DE","og_type":"article","og_title":"NOTAKEHL D5 Tropfen (10ml) &#187; Mehr erfahren","og_description":"Registrierte deutsche Online-Apotheke. Wir bieten: Schneller Versand weltweit und Top Service. NOTAKEHL D5 Tropfen (10ml) von SANUM-Kehlbeck. SANUM-Therapie.","og_url":"https:\/\/loewentestneu.metafex.io\/de\/produkt\/notakehl-d5-drops-10ml","og_site_name":"L\u00f6wen Apotheke","article_modified_time":"2025-02-15T08:32:59+00:00","og_image":[{"width":600,"height":600,"url":"https:\/\/loewentestneu.metafex.io\/wp-content\/uploads\/2025\/02\/Packung-NOTAKEHL-D5-drops-SANUM-KEHLBECK-GmbH-Co.-KG-PZN-03207115.webp","type":"image\/webp"}],"twitter_card":"summary_large_image","twitter_misc":{"Gesch\u00e4tzte Lesezeit":"1\u00a0Minute"},"schema":{"@context":"https:\/\/schema.org","@graph":[{"@type":"WebPage","@id":"https:\/\/loewentestneu.metafex.io\/de\/produkt\/notakehl-d5-drops-10ml","url":"https:\/\/loewentestneu.metafex.io\/de\/produkt\/notakehl-d5-drops-10ml","name":"NOTAKEHL D5 Tropfen (10ml) &#187; Mehr erfahren","isPartOf":{"@id":"https:\/\/loewentestneu.metafex.io\/de#website"},"primaryImageOfPage":{"@id":"https:\/\/loewentestneu.metafex.io\/de\/produkt\/notakehl-d5-drops-10ml#primaryimage"},"image":{"@id":"https:\/\/loewentestneu.metafex.io\/de\/produkt\/notakehl-d5-drops-10ml#primaryimage"},"thumbnailUrl":"https:\/\/loewentestneu.metafex.io\/wp-content\/uploads\/2025\/02\/Packung-NOTAKEHL-D5-drops-SANUM-KEHLBECK-GmbH-Co.-KG-PZN-03207115.webp","datePublished":"2025-02-15T05:38:38+00:00","dateModified":"2025-02-15T08:32:59+00:00","description":"Registrierte deutsche Online-Apotheke. Wir bieten: Schneller Versand weltweit und Top Service. NOTAKEHL D5 Tropfen (10ml) von SANUM-Kehlbeck. SANUM-Therapie.","breadcrumb":{"@id":"https:\/\/loewentestneu.metafex.io\/de\/produkt\/notakehl-d5-drops-10ml#breadcrumb"},"inLanguage":"de","potentialAction":[{"@type":"ReadAction","target":["https:\/\/loewentestneu.metafex.io\/de\/produkt\/notakehl-d5-drops-10ml"]}]},{"@type":"ImageObject","inLanguage":"de","@id":"https:\/\/loewentestneu.metafex.io\/de\/produkt\/notakehl-d5-drops-10ml#primaryimage","url":"https:\/\/loewentestneu.metafex.io\/wp-content\/uploads\/2025\/02\/Packung-NOTAKEHL-D5-drops-SANUM-KEHLBECK-GmbH-Co.-KG-PZN-03207115.webp","contentUrl":"https:\/\/loewentestneu.metafex.io\/wp-content\/uploads\/2025\/02\/Packung-NOTAKEHL-D5-drops-SANUM-KEHLBECK-GmbH-Co.-KG-PZN-03207115.webp","width":600,"height":600,"caption":"Eine Schachtel NOTAKEHL D5 Tropfen von SANUM- KEHLBECK, PZN 03207115"},{"@type":"BreadcrumbList","@id":"https:\/\/loewentestneu.metafex.io\/de\/produkt\/notakehl-d5-drops-10ml#breadcrumb","itemListElement":[{"@type":"ListItem","position":1,"name":"Home","item":"https:\/\/loewentestneu.metafex.io\/de\/homepage-lion-pharmacy"},{"@type":"ListItem","position":2,"name":"Shop","item":"https:\/\/loewentestneu.metafex.io\/de\/shop-2"},{"@type":"ListItem","position":3,"name":"NOTAKEHL D5 Tropfen (10ml)"}]},{"@type":"WebSite","@id":"https:\/\/loewentestneu.metafex.io\/de#website","url":"https:\/\/loewentestneu.metafex.io\/de","name":"Lions Pharmacy","description":"Ihr Spezialist f\u00fcr Naturheilkunde aus Baden-Baden, Germany","publisher":{"@id":"https:\/\/loewentestneu.metafex.io\/de#organization"},"alternateName":"Lion Pharmacy","potentialAction":[{"@type":"SearchAction","target":{"@type":"EntryPoint","urlTemplate":"https:\/\/loewentestneu.metafex.io\/de?s={search_term_string}"},"query-input":{"@type":"PropertyValueSpecification","valueRequired":true,"valueName":"search_term_string"}}],"inLanguage":"de"},{"@type":"Organization","@id":"https:\/\/loewentestneu.metafex.io\/de#organization","name":"Lions Pharmacy","alternateName":"Lions Pharmacy24","url":"https:\/\/loewentestneu.metafex.io\/de","logo":{"@type":"ImageObject","inLanguage":"de","@id":"https:\/\/loewentestneu.metafex.io\/de#\/schema\/logo\/image\/","url":"https:\/\/loewentestneu.metafex.io\/wp-content\/uploads\/2022\/12\/Logo-Lion-Pharmacy-c-o-Loewen-Apotheke-smal.jpg","contentUrl":"https:\/\/loewentestneu.metafex.io\/wp-content\/uploads\/2022\/12\/Logo-Lion-Pharmacy-c-o-Loewen-Apotheke-smal.jpg","width":298,"height":99,"caption":"Lions Pharmacy"},"image":{"@id":"https:\/\/loewentestneu.metafex.io\/de#\/schema\/logo\/image\/"}}]}},"_links":{"self":[{"href":"https:\/\/loewentestneu.metafex.io\/de\/wp-json\/wp\/v2\/product\/9161","targetHints":{"allow":["GET"]}}],"collection":[{"href":"https:\/\/loewentestneu.metafex.io\/de\/wp-json\/wp\/v2\/product"}],"about":[{"href":"https:\/\/loewentestneu.metafex.io\/de\/wp-json\/wp\/v2\/types\/product"}],"replies":[{"embeddable":true,"href":"https:\/\/loewentestneu.metafex.io\/de\/wp-json\/wp\/v2\/comments?post=9161"}],"wp:featuredmedia":[{"embeddable":true,"href":"https:\/\/loewentestneu.metafex.io\/de\/wp-json\/wp\/v2\/media\/9166"}],"wp:attachment":[{"href":"https:\/\/loewentestneu.metafex.io\/de\/wp-json\/wp\/v2\/media?parent=9161"}],"wp:term":[{"taxonomy":"product_brand","embeddable":true,"href":"https:\/\/loewentestneu.metafex.io\/de\/wp-json\/wp\/v2\/product_brand?post=9161"},{"taxonomy":"product_cat","embeddable":true,"href":"https:\/\/loewentestneu.metafex.io\/de\/wp-json\/wp\/v2\/product_cat?post=9161"},{"taxonomy":"product_tag","embeddable":true,"href":"https:\/\/loewentestneu.metafex.io\/de\/wp-json\/wp\/v2\/product_tag?post=9161"}],"curies":[{"name":"wp","href":"https:\/\/api.w.org\/{rel}","templated":true}]}}