{"id":9173,"date":"2025-02-15T07:27:44","date_gmt":"2025-02-15T06:27:44","guid":{"rendered":"https:\/\/lions-pharmacy.com\/?post_type=product&#038;p=9173"},"modified":"2025-02-17T14:24:53","modified_gmt":"2025-02-17T13:24:53","slug":"pascorbin-infusionsset-loesung-zur-injektion-kochsalzloesung","status":"publish","type":"product","link":"https:\/\/loewentestneu.metafex.io\/de\/produkt\/pascorbin-infusionsset-loesung-zur-injektion-kochsalzloesung","title":{"rendered":"PASCORBIN Infusionsset: L\u00f6sung zur Injektion, Kochsalzl\u00f6sung, Zubeh\u00f6r (10 Einheiten)"},"content":{"rendered":"<h2>PASCORBIN Infusionsset &#8211; Vitamin C Infusion<\/h2>\n<p>Die Pascorbin Infusion, Vitimane C Infusion, ist ein komplettes Set bestehend aus aufeinander abgestimmten Einzelger\u00e4ten der Hersteller Pascoe und B.Braun. In einem praktischen Set, um die Behandlung direkt durchf\u00fchren zu k\u00f6nnen.<\/p>\n<p>10x Pascorbin 7,5g 50ml &#8211; PZN 581310<br \/>\n10x Kochsalzl\u00f6sung 0,9% 500ml &#8211; von PZN 08609255<br \/>\n10x Transofix Transferset &#8211; PZN 03033218<br \/>\n10x Intrafix Air P Infusionsset &#8211; PZN 07666297<br \/>\n10x Venofix Safety G21 Gr\u00fcn &#8211; 17935338<\/p>\n<p>Unser Pascorbin Infusionskomplettset enth\u00e4lt passendes Zubeh\u00f6r f\u00fcr 10 Pascorbin Infusionen \/ Einheiten. Sparen Sie bis zu 30% im Vergleich zu Einzelpreisen.<\/p>\n<p>Es enth\u00e4lt u.a.: PASCORBIN\u00ae L\u00f6sung zur Injektion &#8211; Ascorbins\u00e4ure-L\u00f6sung zur Injektion &#8211; Zur Anwendung bei Erwachsenen und Kindern.<\/p>\n<p>Diese einzige zugelassene Vitamin-C-Hochdosis-Infusion in Deutschland und anderen europ\u00e4ischen L\u00e4ndern. Pascorbin\u00ae gelangt direkt in die Blutbahn und liefert sofort Vitamin C. Zur Behandlung von klinischen Vitamin-C-Mangelzust\u00e4nden, die nicht durch die Ern\u00e4hrung behoben oder oral ersetzt werden k\u00f6nnen.<\/p>\n<p>Pascorbin &#8211; Aktiver Inhaltsstoff: Ascorbins\u00e4ure<\/p>\n<p>Ein schwerer Vitamin-C-Mangel kann bei\/nach der Behandlung auftreten:<\/p>\n<p>akute und chronische Infektionen<br \/>\nunausgewogene Ern\u00e4hrung<br \/>\nChronisch entz\u00fcndliche Erkrankungen, z.B. Arthritis<br \/>\nchronische M\u00fcdigkeit<br \/>\nResorptionsst\u00f6rungen im Darm<br \/>\nBetrieb<br \/>\nRaucher<br \/>\nVerminderte k\u00f6rperliche Leistungsf\u00e4higkeit<br \/>\nerh\u00f6hte Ersch\u00f6pfung und Reizbarkeit<br \/>\nVerminderte Resistenz gegen Infektionen<\/p>\n<p>Behandeln Sie sich nicht selbst mit Injektionen.<br \/>\nDie Injektionstherapie sollte von einem Fachmann in einer Praxis durchgef\u00fchrt werden.<\/p>\n<p>Das Pascoe-Portfolio umfasst rund 200 Produkte. Dazu geh\u00f6ren pflanzliche Arzneimittel, hochdosierte Vitaminpr\u00e4parate, hom\u00f6opathische Komplexmittel und Nahrungserg\u00e4nzungsmittel. Die Vielfalt der Arzneimittel ber\u00fccksichtigt die komplexen Anforderungen an Gesundheitsprodukte. Der Erfolg gibt uns auch international Recht: Unsere Produkte werden in mehr als 30 L\u00e4nder der Welt exportiert, Tendenz steigend.<\/p>\n<p>Weitere Produkte f\u00fcr die Anwendung: <a href=\"https:\/\/loewentestneu.metafex.io\/product-tag\/homeopathy\">Hom\u00f6opathie<\/a> | <a href=\"https:\/\/loewentestneu.metafex.io\/product-tag\/vitamins-supplements\">Vitamine<\/a> | <a href=\"https:\/\/loewentestneu.metafex.io\/product-tag\/virus-infection\">Infektionen <\/a> <\/p>\n<p>Erfahren Sie mehr \u00fcber den Hersteller und dieses Produkt: <a href=\"https:\/\/www.pascoe.de\/\" target=\"_blank\" rel=\"noopener\">Pascoe pharmazeutische Pr\u00e4parate GmbH<\/a> (Link zu externer Website)<\/p>\n<p>Informationen auf dieser Website werden ausschlie\u00dflich f\u00fcr informative Zwecke zur Verf\u00fcgung gestellt. Sie ersetzen keinesfalls die Untersuchung und Behandlung durch einen Arzt. Bitte beachten Sie, dass hierdurch weder Diagnosen gestellt noch Therapien eingeleitet werden k\u00f6nnen.<\/p>\n<p>Zu Risiken und Nebenwirkungen lesen Sie die Packungsbeilage und fragen Sie Ihren Arzt oder Apotheker.<\/p>\n","protected":false},"excerpt":{"rendered":"<h2>PASCORBIN Infusionsset<\/h2>\n<p>Vitamin-C-Infusion. L\u00f6sung zur Injektion, Kochsalzl\u00f6sung, Zubeh\u00f6r.<\/p>\n<p>10x Pascorbin 7,5g 50ml &#8211; PZN 581310<br \/>\n10x Kochsalzl\u00f6sung 0,9% 500ml &#8211; von PZN 08609255<br \/>\n10x Transofix Transferset &#8211; PZN 03033218<br \/>\n10x Intrafix Air P Infusionsset &#8211; PZN 07666297<br \/>\n10x Venofix Safety G21 Gr\u00fcn &#8211; 17935338<\/p>\n<p><strong>Verschreibungsart<\/strong>: verschreibungsfrei<\/p>\n<p><strong>Hersteller<\/strong>: Pascoe pharmazeutische Pr\u00e4parate GmbH<\/p>\n","protected":false},"featured_media":9176,"comment_status":"closed","ping_status":"closed","template":"","meta":[],"product_brand":[],"product_cat":[599,368,566],"product_tag":[513,381,386,429,432],"class_list":{"0":"post-9173","1":"product","2":"type-product","3":"status-publish","4":"has-post-thumbnail","6":"product_cat-pascoe-de","7":"product_cat-shop-de","8":"product_cat-vorteilsangebote","9":"product_tag-corona-immunabwehr","10":"product_tag-homoopathie","11":"product_tag-konzentration-stress","12":"product_tag-vitamine-und-nahrungserganzungsmittel","13":"product_tag-wellness-de","14":"ts_product_brand-alle","15":"ts_product_brand-pascoe-de","17":"first","18":"instock","19":"sale","20":"taxable","21":"shipping-taxable","22":"purchasable","23":"product-type-simple"},"yoast_head":"<!-- This site is optimized with the Yoast SEO plugin v26.5 - https:\/\/yoast.com\/wordpress\/plugins\/seo\/ -->\n<title>PASCORBIN Infusionsset: L\u00f6sung zur Injektion (10 Einheiten)<\/title>\n<meta name=\"description\" content=\"Zugelassene deutsche Apotheke. Schneller internationaler Versand. Erfahren Sie mehr \u00fcber Pascoe. Vitamin C Infusion, PASCORBIN Infusionsset: L\u00f6sung zur Injektion\" \/>\n<meta name=\"robots\" content=\"noindex, follow, max-snippet:-1, max-image-preview:large, max-video-preview:-1\" \/>\n<meta property=\"og:locale\" content=\"de_DE\" \/>\n<meta property=\"og:type\" content=\"article\" \/>\n<meta property=\"og:title\" content=\"PASCORBIN Infusionsset: L\u00f6sung zur Injektion (10 Einheiten)\" \/>\n<meta property=\"og:description\" content=\"Zugelassene deutsche Apotheke. Schneller internationaler Versand. Erfahren Sie mehr \u00fcber Pascoe. Vitamin C Infusion, PASCORBIN Infusionsset: L\u00f6sung zur Injektion\" \/>\n<meta property=\"og:url\" content=\"https:\/\/loewentestneu.metafex.io\/de\/produkt\/pascorbin-infusionsset-loesung-zur-injektion-kochsalzloesung\" \/>\n<meta property=\"og:site_name\" content=\"L\u00f6wen Apotheke\" \/>\n<meta property=\"article:modified_time\" content=\"2025-02-17T13:24:53+00:00\" \/>\n<meta property=\"og:image\" content=\"https:\/\/loewentestneu.metafex.io\/wp-content\/uploads\/2025\/02\/Pascorbin-Infusion-Set-Vitamine-C-infusion-Pasoe.webp\" \/>\n\t<meta property=\"og:image:width\" content=\"600\" \/>\n\t<meta property=\"og:image:height\" content=\"600\" \/>\n\t<meta property=\"og:image:type\" content=\"image\/webp\" \/>\n<meta name=\"twitter:card\" content=\"summary_large_image\" \/>\n<meta name=\"twitter:label1\" content=\"Gesch\u00e4tzte Lesezeit\" \/>\n\t<meta name=\"twitter:data1\" content=\"2\u00a0Minuten\" \/>\n<script type=\"application\/ld+json\" class=\"yoast-schema-graph\">{\"@context\":\"https:\/\/schema.org\",\"@graph\":[{\"@type\":\"WebPage\",\"@id\":\"https:\/\/loewentestneu.metafex.io\/de\/produkt\/pascorbin-infusionsset-loesung-zur-injektion-kochsalzloesung\",\"url\":\"https:\/\/loewentestneu.metafex.io\/de\/produkt\/pascorbin-infusionsset-loesung-zur-injektion-kochsalzloesung\",\"name\":\"PASCORBIN Infusionsset: L\u00f6sung zur Injektion (10 Einheiten)\",\"isPartOf\":{\"@id\":\"https:\/\/loewentestneu.metafex.io\/de#website\"},\"primaryImageOfPage\":{\"@id\":\"https:\/\/loewentestneu.metafex.io\/de\/produkt\/pascorbin-infusionsset-loesung-zur-injektion-kochsalzloesung#primaryimage\"},\"image\":{\"@id\":\"https:\/\/loewentestneu.metafex.io\/de\/produkt\/pascorbin-infusionsset-loesung-zur-injektion-kochsalzloesung#primaryimage\"},\"thumbnailUrl\":\"https:\/\/loewentestneu.metafex.io\/wp-content\/uploads\/2025\/02\/Pascorbin-Infusion-Set-Vitamine-C-infusion-Pasoe.webp\",\"datePublished\":\"2025-02-15T06:27:44+00:00\",\"dateModified\":\"2025-02-17T13:24:53+00:00\",\"description\":\"Zugelassene deutsche Apotheke. Schneller internationaler Versand. Erfahren Sie mehr \u00fcber Pascoe. Vitamin C Infusion, PASCORBIN Infusionsset: L\u00f6sung zur Injektion\",\"breadcrumb\":{\"@id\":\"https:\/\/loewentestneu.metafex.io\/de\/produkt\/pascorbin-infusionsset-loesung-zur-injektion-kochsalzloesung#breadcrumb\"},\"inLanguage\":\"de\",\"potentialAction\":[{\"@type\":\"ReadAction\",\"target\":[\"https:\/\/loewentestneu.metafex.io\/de\/produkt\/pascorbin-infusionsset-loesung-zur-injektion-kochsalzloesung\"]}]},{\"@type\":\"ImageObject\",\"inLanguage\":\"de\",\"@id\":\"https:\/\/loewentestneu.metafex.io\/de\/produkt\/pascorbin-infusionsset-loesung-zur-injektion-kochsalzloesung#primaryimage\",\"url\":\"https:\/\/loewentestneu.metafex.io\/wp-content\/uploads\/2025\/02\/Pascorbin-Infusion-Set-Vitamine-C-infusion-Pasoe.webp\",\"contentUrl\":\"https:\/\/loewentestneu.metafex.io\/wp-content\/uploads\/2025\/02\/Pascorbin-Infusion-Set-Vitamine-C-infusion-Pasoe.webp\",\"width\":600,\"height\":600,\"caption\":\"Ein Set f\u00fcr Pascorbin Infusion, Vitamin C Infusion von Pascoe und B.Braun\"},{\"@type\":\"BreadcrumbList\",\"@id\":\"https:\/\/loewentestneu.metafex.io\/de\/produkt\/pascorbin-infusionsset-loesung-zur-injektion-kochsalzloesung#breadcrumb\",\"itemListElement\":[{\"@type\":\"ListItem\",\"position\":1,\"name\":\"Home\",\"item\":\"https:\/\/loewentestneu.metafex.io\/de\/homepage-lion-pharmacy\"},{\"@type\":\"ListItem\",\"position\":2,\"name\":\"Shop\",\"item\":\"https:\/\/loewentestneu.metafex.io\/de\/shop-2\"},{\"@type\":\"ListItem\",\"position\":3,\"name\":\"PASCORBIN Infusionsset: L\u00f6sung zur Injektion, Kochsalzl\u00f6sung, Zubeh\u00f6r (10 Einheiten)\"}]},{\"@type\":\"WebSite\",\"@id\":\"https:\/\/loewentestneu.metafex.io\/de#website\",\"url\":\"https:\/\/loewentestneu.metafex.io\/de\",\"name\":\"Lions Pharmacy\",\"description\":\"Ihr Spezialist f\u00fcr Naturheilkunde aus Baden-Baden, Germany\",\"publisher\":{\"@id\":\"https:\/\/loewentestneu.metafex.io\/de#organization\"},\"alternateName\":\"Lion Pharmacy\",\"potentialAction\":[{\"@type\":\"SearchAction\",\"target\":{\"@type\":\"EntryPoint\",\"urlTemplate\":\"https:\/\/loewentestneu.metafex.io\/de?s={search_term_string}\"},\"query-input\":{\"@type\":\"PropertyValueSpecification\",\"valueRequired\":true,\"valueName\":\"search_term_string\"}}],\"inLanguage\":\"de\"},{\"@type\":\"Organization\",\"@id\":\"https:\/\/loewentestneu.metafex.io\/de#organization\",\"name\":\"Lions Pharmacy\",\"alternateName\":\"Lions Pharmacy24\",\"url\":\"https:\/\/loewentestneu.metafex.io\/de\",\"logo\":{\"@type\":\"ImageObject\",\"inLanguage\":\"de\",\"@id\":\"https:\/\/loewentestneu.metafex.io\/de#\/schema\/logo\/image\/\",\"url\":\"https:\/\/loewentestneu.metafex.io\/wp-content\/uploads\/2022\/12\/Logo-Lion-Pharmacy-c-o-Loewen-Apotheke-smal.jpg\",\"contentUrl\":\"https:\/\/loewentestneu.metafex.io\/wp-content\/uploads\/2022\/12\/Logo-Lion-Pharmacy-c-o-Loewen-Apotheke-smal.jpg\",\"width\":298,\"height\":99,\"caption\":\"Lions Pharmacy\"},\"image\":{\"@id\":\"https:\/\/loewentestneu.metafex.io\/de#\/schema\/logo\/image\/\"}}]}<\/script>\n<!-- \/ Yoast SEO plugin. -->","yoast_head_json":{"title":"PASCORBIN Infusionsset: L\u00f6sung zur Injektion (10 Einheiten)","description":"Zugelassene deutsche Apotheke. Schneller internationaler Versand. Erfahren Sie mehr \u00fcber Pascoe. Vitamin C Infusion, PASCORBIN Infusionsset: L\u00f6sung zur Injektion","robots":{"index":"noindex","follow":"follow","max-snippet":"max-snippet:-1","max-image-preview":"max-image-preview:large","max-video-preview":"max-video-preview:-1"},"og_locale":"de_DE","og_type":"article","og_title":"PASCORBIN Infusionsset: L\u00f6sung zur Injektion (10 Einheiten)","og_description":"Zugelassene deutsche Apotheke. Schneller internationaler Versand. Erfahren Sie mehr \u00fcber Pascoe. Vitamin C Infusion, PASCORBIN Infusionsset: L\u00f6sung zur Injektion","og_url":"https:\/\/loewentestneu.metafex.io\/de\/produkt\/pascorbin-infusionsset-loesung-zur-injektion-kochsalzloesung","og_site_name":"L\u00f6wen Apotheke","article_modified_time":"2025-02-17T13:24:53+00:00","og_image":[{"width":600,"height":600,"url":"https:\/\/loewentestneu.metafex.io\/wp-content\/uploads\/2025\/02\/Pascorbin-Infusion-Set-Vitamine-C-infusion-Pasoe.webp","type":"image\/webp"}],"twitter_card":"summary_large_image","twitter_misc":{"Gesch\u00e4tzte Lesezeit":"2\u00a0Minuten"},"schema":{"@context":"https:\/\/schema.org","@graph":[{"@type":"WebPage","@id":"https:\/\/loewentestneu.metafex.io\/de\/produkt\/pascorbin-infusionsset-loesung-zur-injektion-kochsalzloesung","url":"https:\/\/loewentestneu.metafex.io\/de\/produkt\/pascorbin-infusionsset-loesung-zur-injektion-kochsalzloesung","name":"PASCORBIN Infusionsset: L\u00f6sung zur Injektion (10 Einheiten)","isPartOf":{"@id":"https:\/\/loewentestneu.metafex.io\/de#website"},"primaryImageOfPage":{"@id":"https:\/\/loewentestneu.metafex.io\/de\/produkt\/pascorbin-infusionsset-loesung-zur-injektion-kochsalzloesung#primaryimage"},"image":{"@id":"https:\/\/loewentestneu.metafex.io\/de\/produkt\/pascorbin-infusionsset-loesung-zur-injektion-kochsalzloesung#primaryimage"},"thumbnailUrl":"https:\/\/loewentestneu.metafex.io\/wp-content\/uploads\/2025\/02\/Pascorbin-Infusion-Set-Vitamine-C-infusion-Pasoe.webp","datePublished":"2025-02-15T06:27:44+00:00","dateModified":"2025-02-17T13:24:53+00:00","description":"Zugelassene deutsche Apotheke. Schneller internationaler Versand. Erfahren Sie mehr \u00fcber Pascoe. Vitamin C Infusion, PASCORBIN Infusionsset: L\u00f6sung zur Injektion","breadcrumb":{"@id":"https:\/\/loewentestneu.metafex.io\/de\/produkt\/pascorbin-infusionsset-loesung-zur-injektion-kochsalzloesung#breadcrumb"},"inLanguage":"de","potentialAction":[{"@type":"ReadAction","target":["https:\/\/loewentestneu.metafex.io\/de\/produkt\/pascorbin-infusionsset-loesung-zur-injektion-kochsalzloesung"]}]},{"@type":"ImageObject","inLanguage":"de","@id":"https:\/\/loewentestneu.metafex.io\/de\/produkt\/pascorbin-infusionsset-loesung-zur-injektion-kochsalzloesung#primaryimage","url":"https:\/\/loewentestneu.metafex.io\/wp-content\/uploads\/2025\/02\/Pascorbin-Infusion-Set-Vitamine-C-infusion-Pasoe.webp","contentUrl":"https:\/\/loewentestneu.metafex.io\/wp-content\/uploads\/2025\/02\/Pascorbin-Infusion-Set-Vitamine-C-infusion-Pasoe.webp","width":600,"height":600,"caption":"Ein Set f\u00fcr Pascorbin Infusion, Vitamin C Infusion von Pascoe und B.Braun"},{"@type":"BreadcrumbList","@id":"https:\/\/loewentestneu.metafex.io\/de\/produkt\/pascorbin-infusionsset-loesung-zur-injektion-kochsalzloesung#breadcrumb","itemListElement":[{"@type":"ListItem","position":1,"name":"Home","item":"https:\/\/loewentestneu.metafex.io\/de\/homepage-lion-pharmacy"},{"@type":"ListItem","position":2,"name":"Shop","item":"https:\/\/loewentestneu.metafex.io\/de\/shop-2"},{"@type":"ListItem","position":3,"name":"PASCORBIN Infusionsset: L\u00f6sung zur Injektion, Kochsalzl\u00f6sung, Zubeh\u00f6r (10 Einheiten)"}]},{"@type":"WebSite","@id":"https:\/\/loewentestneu.metafex.io\/de#website","url":"https:\/\/loewentestneu.metafex.io\/de","name":"Lions Pharmacy","description":"Ihr Spezialist f\u00fcr Naturheilkunde aus Baden-Baden, Germany","publisher":{"@id":"https:\/\/loewentestneu.metafex.io\/de#organization"},"alternateName":"Lion Pharmacy","potentialAction":[{"@type":"SearchAction","target":{"@type":"EntryPoint","urlTemplate":"https:\/\/loewentestneu.metafex.io\/de?s={search_term_string}"},"query-input":{"@type":"PropertyValueSpecification","valueRequired":true,"valueName":"search_term_string"}}],"inLanguage":"de"},{"@type":"Organization","@id":"https:\/\/loewentestneu.metafex.io\/de#organization","name":"Lions Pharmacy","alternateName":"Lions Pharmacy24","url":"https:\/\/loewentestneu.metafex.io\/de","logo":{"@type":"ImageObject","inLanguage":"de","@id":"https:\/\/loewentestneu.metafex.io\/de#\/schema\/logo\/image\/","url":"https:\/\/loewentestneu.metafex.io\/wp-content\/uploads\/2022\/12\/Logo-Lion-Pharmacy-c-o-Loewen-Apotheke-smal.jpg","contentUrl":"https:\/\/loewentestneu.metafex.io\/wp-content\/uploads\/2022\/12\/Logo-Lion-Pharmacy-c-o-Loewen-Apotheke-smal.jpg","width":298,"height":99,"caption":"Lions Pharmacy"},"image":{"@id":"https:\/\/loewentestneu.metafex.io\/de#\/schema\/logo\/image\/"}}]}},"_links":{"self":[{"href":"https:\/\/loewentestneu.metafex.io\/de\/wp-json\/wp\/v2\/product\/9173","targetHints":{"allow":["GET"]}}],"collection":[{"href":"https:\/\/loewentestneu.metafex.io\/de\/wp-json\/wp\/v2\/product"}],"about":[{"href":"https:\/\/loewentestneu.metafex.io\/de\/wp-json\/wp\/v2\/types\/product"}],"replies":[{"embeddable":true,"href":"https:\/\/loewentestneu.metafex.io\/de\/wp-json\/wp\/v2\/comments?post=9173"}],"wp:featuredmedia":[{"embeddable":true,"href":"https:\/\/loewentestneu.metafex.io\/de\/wp-json\/wp\/v2\/media\/9176"}],"wp:attachment":[{"href":"https:\/\/loewentestneu.metafex.io\/de\/wp-json\/wp\/v2\/media?parent=9173"}],"wp:term":[{"taxonomy":"product_brand","embeddable":true,"href":"https:\/\/loewentestneu.metafex.io\/de\/wp-json\/wp\/v2\/product_brand?post=9173"},{"taxonomy":"product_cat","embeddable":true,"href":"https:\/\/loewentestneu.metafex.io\/de\/wp-json\/wp\/v2\/product_cat?post=9173"},{"taxonomy":"product_tag","embeddable":true,"href":"https:\/\/loewentestneu.metafex.io\/de\/wp-json\/wp\/v2\/product_tag?post=9173"}],"curies":[{"name":"wp","href":"https:\/\/api.w.org\/{rel}","templated":true}]}}