{"id":9326,"date":"2025-02-19T16:22:02","date_gmt":"2025-02-19T15:22:02","guid":{"rendered":"https:\/\/lions-pharmacy.com\/?post_type=product&#038;p=9326"},"modified":"2025-02-25T11:40:05","modified_gmt":"2025-02-25T10:40:05","slug":"bronheel-ad-us-vet-100-pc-13360119","status":"publish","type":"product","link":"https:\/\/loewentestneu.metafex.io\/de\/produkt\/bronheel-ad-us-vet-100-pc-13360119","title":{"rendered":"Bronheel ad us vet. (100 St\u00fcck)"},"content":{"rendered":"<h3 class=\"mb-2.5 flex-1 break-words text-xl font-medium mobile:text-2xl tablet:mb-0\" data-qa-id=\"product-title\">Bronheel ad us vet.<\/h3>\n<p>Bronheel ad us vet. lindert Symptome wie Husten und Schleimbildung. Registrierte hom\u00f6opathische Arzneimittel, also ohne Angabe einer therapeutischen Indikation. F\u00fcr Tiere.<br \/>\nHom\u00f6opathische Medizin f\u00fcr Pferde, Rinder, Schweine, Schafe, Ziegen, Hunde, Katzen<\/p>\n<p>Packungsbeilage\/Gebrauchsanweisung\/Artikeldatenblatt: \u2013 (PDF-Reader)<\/p>\n<p>Andere Produkte aus: <a href=\"https:\/\/loewentestneu.metafex.io\/product-tag\/veterinary-medicine\">Tierpflege &amp; Tiermedizinische Produkte<\/a> | <a href=\"https:\/\/loewentestneu.metafex.io\/product-tag\/vitamins-supplements\">Vitamine &amp; Nahrungserg\u00e4nzung Produkte<\/a><\/p>\n<p>Weitere Details zum Produkt finden Sie beim Hersteller: <a href=\"https:\/\/www.heel.de\/de\/produktsuche.html\" target=\"_blank\" rel=\"noopener\">Biologische <\/a><a href=\"https:\/\/www.heel.de\/de\/produktsuche.html\">Heilmittel<\/a> <a href=\"https:\/\/www.heel.de\/de\/produktsuche.html\" target=\"_blank\" rel=\"noopener\">Heel GmbH<\/a><\/p>\n<p>Informationen auf dieser Website werden ausschlie\u00dflich f\u00fcr informative Zwecke zur Verf\u00fcgung gestellt. Sie ersetzen keinesfalls die Untersuchung und Behandlung durch einen Arzt. Bitte beachten Sie, dass hierdurch weder Diagnosen gestellt noch Therapien eingeleitet werden k\u00f6nnen.<\/p>\n<p>Zu Risiken und Nebenwirkungen lesen Sie die Packungsbeilage und fragen Sie Ihren Arzt oder Apotheker.<\/p>\n<p>&nbsp;<\/p>\n<h3>Verschreibung | E-Rezept erh\u00e4ltlich?<\/h3>\n<p>Reichen Sie jetzt Ihr E-Rezept ein. Nutzen Sie unsere <a href=\"https:\/\/e-rezept-app.de\/shop-rezept\" target=\"_blank\" rel=\"noopener\">E-Rezept-App<\/a> . Und wir schenken Ihnen die Versandkosten in Deutschland!<\/p>\n","protected":false},"excerpt":{"rendered":"<h2 class=\"mb-2.5 flex-1 break-words text-xl font-medium mobile:text-2xl tablet:mb-0\" data-qa-id=\"product-title\">Bronheel ad us vet.<\/h2>\n<p>Hom\u00f6opathische Medizin f\u00fcr Pferde, Rinder, Schweine, Schafe, Ziegen, Hunde, Katzen.<\/p>\n<p>&nbsp;<\/p>\n<p><strong>PZN<\/strong>: 13360119<\/p>\n<p><strong>Darreichungsform<\/strong>: Tabletten<\/p>\n<p><strong>Packungsgr\u00f6\u00dfe<\/strong>: 100 St\u00fcck.<\/p>\n<p><strong>Verschreibungsart:<\/strong> ohne Rezept<\/p>\n<p><strong>Marke<\/strong>: &#8211;<\/p>\n<p><strong>Hersteller<\/strong>: Biologische Heel, Deutschland<\/p>\n","protected":false},"featured_media":9331,"comment_status":"closed","ping_status":"closed","template":"","meta":[],"product_brand":[],"product_cat":[364,368],"product_tag":[381,426,603],"class_list":{"0":"post-9326","1":"product","2":"type-product","3":"status-publish","4":"has-post-thumbnail","6":"product_cat-heel-de","7":"product_cat-shop-de","8":"product_tag-homoopathie","9":"product_tag-neydil-de","10":"product_tag-tiermedizin","11":"ts_product_brand-alle","12":"ts_product_brand-heel-de","14":"first","15":"instock","16":"sale","17":"taxable","18":"shipping-taxable","19":"purchasable","20":"product-type-simple"},"yoast_head":"<!-- This site is optimized with the Yoast SEO plugin v26.5 - https:\/\/yoast.com\/wordpress\/plugins\/seo\/ -->\n<title>Bronheel ad us vet. (100 St\u00fcck) &#187; Tierpflege bestellen auf L\u00f6wen Apotheke<\/title>\n<meta name=\"description\" content=\"Eine registrierte deutsche Online-Apotheke. Wir bieten: Produkte f\u00fcr die Haustierpflege, schnellen Versand weltweit und Top-Service. Absatz: Bronheel ad us vet. (100 St\u00fcck)\" \/>\n<meta name=\"robots\" content=\"noindex, follow, max-snippet:-1, max-image-preview:large, max-video-preview:-1\" \/>\n<meta property=\"og:locale\" content=\"de_DE\" \/>\n<meta property=\"og:type\" content=\"article\" \/>\n<meta property=\"og:title\" content=\"Bronheel ad us vet. (100 St\u00fcck) &#187; Tierpflege bestellen auf L\u00f6wen Apotheke\" \/>\n<meta property=\"og:description\" content=\"Eine registrierte deutsche Online-Apotheke. Wir bieten: Produkte f\u00fcr die Haustierpflege, schnellen Versand weltweit und Top-Service. Absatz: Bronheel ad us vet. (100 St\u00fcck)\" \/>\n<meta property=\"og:url\" content=\"https:\/\/loewentestneu.metafex.io\/de\/produkt\/bronheel-ad-us-vet-100-pc-13360119\" \/>\n<meta property=\"og:site_name\" content=\"L\u00f6wen Apotheke\" \/>\n<meta property=\"article:modified_time\" content=\"2025-02-25T10:40:05+00:00\" \/>\n<meta property=\"og:image\" content=\"https:\/\/loewentestneu.metafex.io\/wp-content\/uploads\/2025\/02\/Bronheel-vet-Heel-PZN-13360119-Lions-Pharmacy.webp\" \/>\n\t<meta property=\"og:image:width\" content=\"600\" \/>\n\t<meta property=\"og:image:height\" content=\"600\" \/>\n\t<meta property=\"og:image:type\" content=\"image\/webp\" \/>\n<meta name=\"twitter:card\" content=\"summary_large_image\" \/>\n<meta name=\"twitter:label1\" content=\"Gesch\u00e4tzte Lesezeit\" \/>\n\t<meta name=\"twitter:data1\" content=\"1\u00a0Minute\" \/>\n<script type=\"application\/ld+json\" class=\"yoast-schema-graph\">{\"@context\":\"https:\/\/schema.org\",\"@graph\":[{\"@type\":\"WebPage\",\"@id\":\"https:\/\/loewentestneu.metafex.io\/de\/produkt\/bronheel-ad-us-vet-100-pc-13360119\",\"url\":\"https:\/\/loewentestneu.metafex.io\/de\/produkt\/bronheel-ad-us-vet-100-pc-13360119\",\"name\":\"Bronheel ad us vet. (100 St\u00fcck) &#187; Tierpflege bestellen auf L\u00f6wen Apotheke\",\"isPartOf\":{\"@id\":\"https:\/\/loewentestneu.metafex.io\/de#website\"},\"primaryImageOfPage\":{\"@id\":\"https:\/\/loewentestneu.metafex.io\/de\/produkt\/bronheel-ad-us-vet-100-pc-13360119#primaryimage\"},\"image\":{\"@id\":\"https:\/\/loewentestneu.metafex.io\/de\/produkt\/bronheel-ad-us-vet-100-pc-13360119#primaryimage\"},\"thumbnailUrl\":\"https:\/\/loewentestneu.metafex.io\/wp-content\/uploads\/2025\/02\/Bronheel-vet-Heel-PZN-13360119-Lions-Pharmacy.webp\",\"datePublished\":\"2025-02-19T15:22:02+00:00\",\"dateModified\":\"2025-02-25T10:40:05+00:00\",\"description\":\"Eine registrierte deutsche Online-Apotheke. Wir bieten: Produkte f\u00fcr die Haustierpflege, schnellen Versand weltweit und Top-Service. Absatz: Bronheel ad us vet. (100 St\u00fcck)\",\"breadcrumb\":{\"@id\":\"https:\/\/loewentestneu.metafex.io\/de\/produkt\/bronheel-ad-us-vet-100-pc-13360119#breadcrumb\"},\"inLanguage\":\"de\",\"potentialAction\":[{\"@type\":\"ReadAction\",\"target\":[\"https:\/\/loewentestneu.metafex.io\/de\/produkt\/bronheel-ad-us-vet-100-pc-13360119\"]}]},{\"@type\":\"ImageObject\",\"inLanguage\":\"de\",\"@id\":\"https:\/\/loewentestneu.metafex.io\/de\/produkt\/bronheel-ad-us-vet-100-pc-13360119#primaryimage\",\"url\":\"https:\/\/loewentestneu.metafex.io\/wp-content\/uploads\/2025\/02\/Bronheel-vet-Heel-PZN-13360119-Lions-Pharmacy.webp\",\"contentUrl\":\"https:\/\/loewentestneu.metafex.io\/wp-content\/uploads\/2025\/02\/Bronheel-vet-Heel-PZN-13360119-Lions-Pharmacy.webp\",\"width\":600,\"height\":600,\"caption\":\"Bronheel Anzeige uns Tierarzt von Heel, PZN 13360119, pr\u00e4sentiert von Lions Pharmacy\"},{\"@type\":\"BreadcrumbList\",\"@id\":\"https:\/\/loewentestneu.metafex.io\/de\/produkt\/bronheel-ad-us-vet-100-pc-13360119#breadcrumb\",\"itemListElement\":[{\"@type\":\"ListItem\",\"position\":1,\"name\":\"Home\",\"item\":\"https:\/\/loewentestneu.metafex.io\/de\/homepage-lion-pharmacy\"},{\"@type\":\"ListItem\",\"position\":2,\"name\":\"Shop\",\"item\":\"https:\/\/loewentestneu.metafex.io\/de\/shop-2\"},{\"@type\":\"ListItem\",\"position\":3,\"name\":\"Bronheel ad us vet. (100 St\u00fcck)\"}]},{\"@type\":\"WebSite\",\"@id\":\"https:\/\/loewentestneu.metafex.io\/de#website\",\"url\":\"https:\/\/loewentestneu.metafex.io\/de\",\"name\":\"Lions Pharmacy\",\"description\":\"Ihr Spezialist f\u00fcr Naturheilkunde aus Baden-Baden, Germany\",\"publisher\":{\"@id\":\"https:\/\/loewentestneu.metafex.io\/de#organization\"},\"alternateName\":\"Lion Pharmacy\",\"potentialAction\":[{\"@type\":\"SearchAction\",\"target\":{\"@type\":\"EntryPoint\",\"urlTemplate\":\"https:\/\/loewentestneu.metafex.io\/de?s={search_term_string}\"},\"query-input\":{\"@type\":\"PropertyValueSpecification\",\"valueRequired\":true,\"valueName\":\"search_term_string\"}}],\"inLanguage\":\"de\"},{\"@type\":\"Organization\",\"@id\":\"https:\/\/loewentestneu.metafex.io\/de#organization\",\"name\":\"Lions Pharmacy\",\"alternateName\":\"Lions Pharmacy24\",\"url\":\"https:\/\/loewentestneu.metafex.io\/de\",\"logo\":{\"@type\":\"ImageObject\",\"inLanguage\":\"de\",\"@id\":\"https:\/\/loewentestneu.metafex.io\/de#\/schema\/logo\/image\/\",\"url\":\"https:\/\/loewentestneu.metafex.io\/wp-content\/uploads\/2022\/12\/Logo-Lion-Pharmacy-c-o-Loewen-Apotheke-smal.jpg\",\"contentUrl\":\"https:\/\/loewentestneu.metafex.io\/wp-content\/uploads\/2022\/12\/Logo-Lion-Pharmacy-c-o-Loewen-Apotheke-smal.jpg\",\"width\":298,\"height\":99,\"caption\":\"Lions Pharmacy\"},\"image\":{\"@id\":\"https:\/\/loewentestneu.metafex.io\/de#\/schema\/logo\/image\/\"}}]}<\/script>\n<!-- \/ Yoast SEO plugin. -->","yoast_head_json":{"title":"Bronheel ad us vet. (100 St\u00fcck) &#187; Tierpflege bestellen auf L\u00f6wen Apotheke","description":"Eine registrierte deutsche Online-Apotheke. Wir bieten: Produkte f\u00fcr die Haustierpflege, schnellen Versand weltweit und Top-Service. Absatz: Bronheel ad us vet. (100 St\u00fcck)","robots":{"index":"noindex","follow":"follow","max-snippet":"max-snippet:-1","max-image-preview":"max-image-preview:large","max-video-preview":"max-video-preview:-1"},"og_locale":"de_DE","og_type":"article","og_title":"Bronheel ad us vet. (100 St\u00fcck) &#187; Tierpflege bestellen auf L\u00f6wen Apotheke","og_description":"Eine registrierte deutsche Online-Apotheke. Wir bieten: Produkte f\u00fcr die Haustierpflege, schnellen Versand weltweit und Top-Service. Absatz: Bronheel ad us vet. (100 St\u00fcck)","og_url":"https:\/\/loewentestneu.metafex.io\/de\/produkt\/bronheel-ad-us-vet-100-pc-13360119","og_site_name":"L\u00f6wen Apotheke","article_modified_time":"2025-02-25T10:40:05+00:00","og_image":[{"width":600,"height":600,"url":"https:\/\/loewentestneu.metafex.io\/wp-content\/uploads\/2025\/02\/Bronheel-vet-Heel-PZN-13360119-Lions-Pharmacy.webp","type":"image\/webp"}],"twitter_card":"summary_large_image","twitter_misc":{"Gesch\u00e4tzte Lesezeit":"1\u00a0Minute"},"schema":{"@context":"https:\/\/schema.org","@graph":[{"@type":"WebPage","@id":"https:\/\/loewentestneu.metafex.io\/de\/produkt\/bronheel-ad-us-vet-100-pc-13360119","url":"https:\/\/loewentestneu.metafex.io\/de\/produkt\/bronheel-ad-us-vet-100-pc-13360119","name":"Bronheel ad us vet. (100 St\u00fcck) &#187; Tierpflege bestellen auf L\u00f6wen Apotheke","isPartOf":{"@id":"https:\/\/loewentestneu.metafex.io\/de#website"},"primaryImageOfPage":{"@id":"https:\/\/loewentestneu.metafex.io\/de\/produkt\/bronheel-ad-us-vet-100-pc-13360119#primaryimage"},"image":{"@id":"https:\/\/loewentestneu.metafex.io\/de\/produkt\/bronheel-ad-us-vet-100-pc-13360119#primaryimage"},"thumbnailUrl":"https:\/\/loewentestneu.metafex.io\/wp-content\/uploads\/2025\/02\/Bronheel-vet-Heel-PZN-13360119-Lions-Pharmacy.webp","datePublished":"2025-02-19T15:22:02+00:00","dateModified":"2025-02-25T10:40:05+00:00","description":"Eine registrierte deutsche Online-Apotheke. Wir bieten: Produkte f\u00fcr die Haustierpflege, schnellen Versand weltweit und Top-Service. Absatz: Bronheel ad us vet. (100 St\u00fcck)","breadcrumb":{"@id":"https:\/\/loewentestneu.metafex.io\/de\/produkt\/bronheel-ad-us-vet-100-pc-13360119#breadcrumb"},"inLanguage":"de","potentialAction":[{"@type":"ReadAction","target":["https:\/\/loewentestneu.metafex.io\/de\/produkt\/bronheel-ad-us-vet-100-pc-13360119"]}]},{"@type":"ImageObject","inLanguage":"de","@id":"https:\/\/loewentestneu.metafex.io\/de\/produkt\/bronheel-ad-us-vet-100-pc-13360119#primaryimage","url":"https:\/\/loewentestneu.metafex.io\/wp-content\/uploads\/2025\/02\/Bronheel-vet-Heel-PZN-13360119-Lions-Pharmacy.webp","contentUrl":"https:\/\/loewentestneu.metafex.io\/wp-content\/uploads\/2025\/02\/Bronheel-vet-Heel-PZN-13360119-Lions-Pharmacy.webp","width":600,"height":600,"caption":"Bronheel Anzeige uns Tierarzt von Heel, PZN 13360119, pr\u00e4sentiert von Lions Pharmacy"},{"@type":"BreadcrumbList","@id":"https:\/\/loewentestneu.metafex.io\/de\/produkt\/bronheel-ad-us-vet-100-pc-13360119#breadcrumb","itemListElement":[{"@type":"ListItem","position":1,"name":"Home","item":"https:\/\/loewentestneu.metafex.io\/de\/homepage-lion-pharmacy"},{"@type":"ListItem","position":2,"name":"Shop","item":"https:\/\/loewentestneu.metafex.io\/de\/shop-2"},{"@type":"ListItem","position":3,"name":"Bronheel ad us vet. (100 St\u00fcck)"}]},{"@type":"WebSite","@id":"https:\/\/loewentestneu.metafex.io\/de#website","url":"https:\/\/loewentestneu.metafex.io\/de","name":"Lions Pharmacy","description":"Ihr Spezialist f\u00fcr Naturheilkunde aus Baden-Baden, Germany","publisher":{"@id":"https:\/\/loewentestneu.metafex.io\/de#organization"},"alternateName":"Lion Pharmacy","potentialAction":[{"@type":"SearchAction","target":{"@type":"EntryPoint","urlTemplate":"https:\/\/loewentestneu.metafex.io\/de?s={search_term_string}"},"query-input":{"@type":"PropertyValueSpecification","valueRequired":true,"valueName":"search_term_string"}}],"inLanguage":"de"},{"@type":"Organization","@id":"https:\/\/loewentestneu.metafex.io\/de#organization","name":"Lions Pharmacy","alternateName":"Lions Pharmacy24","url":"https:\/\/loewentestneu.metafex.io\/de","logo":{"@type":"ImageObject","inLanguage":"de","@id":"https:\/\/loewentestneu.metafex.io\/de#\/schema\/logo\/image\/","url":"https:\/\/loewentestneu.metafex.io\/wp-content\/uploads\/2022\/12\/Logo-Lion-Pharmacy-c-o-Loewen-Apotheke-smal.jpg","contentUrl":"https:\/\/loewentestneu.metafex.io\/wp-content\/uploads\/2022\/12\/Logo-Lion-Pharmacy-c-o-Loewen-Apotheke-smal.jpg","width":298,"height":99,"caption":"Lions Pharmacy"},"image":{"@id":"https:\/\/loewentestneu.metafex.io\/de#\/schema\/logo\/image\/"}}]}},"_links":{"self":[{"href":"https:\/\/loewentestneu.metafex.io\/de\/wp-json\/wp\/v2\/product\/9326","targetHints":{"allow":["GET"]}}],"collection":[{"href":"https:\/\/loewentestneu.metafex.io\/de\/wp-json\/wp\/v2\/product"}],"about":[{"href":"https:\/\/loewentestneu.metafex.io\/de\/wp-json\/wp\/v2\/types\/product"}],"replies":[{"embeddable":true,"href":"https:\/\/loewentestneu.metafex.io\/de\/wp-json\/wp\/v2\/comments?post=9326"}],"wp:featuredmedia":[{"embeddable":true,"href":"https:\/\/loewentestneu.metafex.io\/de\/wp-json\/wp\/v2\/media\/9331"}],"wp:attachment":[{"href":"https:\/\/loewentestneu.metafex.io\/de\/wp-json\/wp\/v2\/media?parent=9326"}],"wp:term":[{"taxonomy":"product_brand","embeddable":true,"href":"https:\/\/loewentestneu.metafex.io\/de\/wp-json\/wp\/v2\/product_brand?post=9326"},{"taxonomy":"product_cat","embeddable":true,"href":"https:\/\/loewentestneu.metafex.io\/de\/wp-json\/wp\/v2\/product_cat?post=9326"},{"taxonomy":"product_tag","embeddable":true,"href":"https:\/\/loewentestneu.metafex.io\/de\/wp-json\/wp\/v2\/product_tag?post=9326"}],"curies":[{"name":"wp","href":"https:\/\/api.w.org\/{rel}","templated":true}]}}